{"id":5320,"date":"2024-11-13T09:47:30","date_gmt":"2024-11-13T01:47:30","guid":{"rendered":"https:\/\/www.qualitester.com\/?post_type=product&#038;p=5320"},"modified":"2024-12-05T09:41:36","modified_gmt":"2024-12-05T01:41:36","slug":"sale-tensile-and-compression-testing-machine","status":"publish","type":"product","link":"https:\/\/www.qualitester.com\/de\/produkt-2\/sale-tensile-and-compression-testing-machine\/","title":{"rendered":"TCT-01 Zugpr\u00fcfger\u00e4t"},"content":{"rendered":"<p>Der <strong>TCT-01 Zug- und Druckpr\u00fcfmaschine<\/strong> ist ein leistungsstarkes, vielseitiges Instrument, das ein breites Spektrum an Materialpr\u00fcfungsanforderungen in verschiedenen Branchen erf\u00fcllt. Es wurde mit Pr\u00e4zisionstechnik gebaut und ist ideal f\u00fcr die Durchf\u00fchrung <strong>Zug-, Druck- und Biegeversuche<\/strong>, liefert genaue und zuverl\u00e4ssige Einblicke in Materialeigenschaften wie Festigkeit, Dehnung und Spitzenkraft. Das anpassbare Design und die Funktionalit\u00e4t des TCT-01 machen es zur bevorzugten Wahl f\u00fcr Fachleute in den Bereichen Verpackung, Medizin, Pharmazie, Textilien, Elektronik und Qualit\u00e4tspr\u00fcfung.<\/p>\n<h2>Hauptanwendungen der Zug- und Druckpr\u00fcfmaschine TCT-01<\/h2>\n<p>Der TCT-01 ist f\u00fcr die strengen Anforderungen der Materialpr\u00fcfung auf beiden <strong>flexible und starre Materialien<\/strong>, einschlie\u00dflich Verbundwerkstoffen, Garn, Gewebe und nichtmetallischen Materialien. Die Pr\u00e4zisionstechnik und die flexible Konfiguration dieser Maschine bieten umfassende Testl\u00f6sungen f\u00fcr die Analyse mechanischer Eigenschaften und eignen sich daher f\u00fcr Anwendungen, die erfordern <strong>Materialzugversuche<\/strong> und Druckkraftbewertungen.<\/p>\n<h2>Wichtigste technische Merkmale der Zug- und Druckpr\u00fcfmaschine TCT-01<\/h2>\n<ul>\n<li><strong>Erweiterte digitale Steuerung und Anzeige<\/strong>: Der TCT-01 verf\u00fcgt \u00fcber eine digitale Anzeige, die kontinuierlich die angewandte Pr\u00fcfkraft anzeigt, sodass Benutzer die Pr\u00fcfgeschwindigkeit an die spezifischen Probenanforderungen anpassen k\u00f6nnen. Das automatische Steuerungssystem erm\u00f6glicht eine effiziente Datenerfassung, bietet Echtzeit\u00fcberwachung und einen nahtlosen Pr\u00fcfprozess.<\/li>\n<li><strong>Automatisches Anhalten und Halten des Spitzenwertes<\/strong>: Beim Bruch der Testprobe h\u00e4lt die Maschine automatisch an und h\u00e4lt den Spitzenwert, sodass Benutzer die Ergebnisse problemlos anzeigen und aufzeichnen k\u00f6nnen. Diese Funktion minimiert Fehler und gew\u00e4hrleistet eine pr\u00e4zise Datenerfassung, sodass Bediener das Materialverhalten unter Belastung schnell beurteilen k\u00f6nnen.<\/li>\n<li><strong>Wegbegrenzungsschutz und doppelte Testbewegungen<\/strong>: Das TCT-01 wurde mit Blick auf die Sicherheit entwickelt, verf\u00fcgt \u00fcber einen Wegbegrenzungsschutz und unterst\u00fctzt sowohl Zug- als auch Druckbewegungen, wodurch ein sicheres und vielseitiges Test-Erlebnis gew\u00e4hrleistet wird.<\/li>\n<li><strong>Hochpr\u00e4zise Komponenten<\/strong>: Ausgestattet mit einem <strong>Pr\u00e4zisions-Leitspindel<\/strong> Und <strong>digitales Geschwindigkeitsregelsystem<\/strong>, das TCT-01 stellt sicher, dass jeder Test genaue, konsistente Ergebnisse liefert, und ist somit eine \u00e4u\u00dferst zuverl\u00e4ssige Wahl f\u00fcr eine eingehende Materialanalyse.<\/li>\n<\/ul>\n<h2>Spezifikationen und F\u00e4higkeiten der Zug- und Druckpr\u00fcfmaschine TCT-01<\/h2>\n<table>\n<thead>\n<tr>\n<th>Besonderheit<\/th>\n<th>Spezifikation<\/th>\n<\/tr>\n<\/thead>\n<tbody>\n<tr>\n<td style=\"text-align: center;\"><strong>Maximale Pr\u00fcfkraft<\/strong><\/td>\n<td style=\"text-align: center;\">5000N (oder andere Konfigurationen verf\u00fcgbar)<\/td>\n<\/tr>\n<tr>\n<td style=\"text-align: center;\"><strong>Kraftgenauigkeit<\/strong><\/td>\n<td style=\"text-align: center;\">Besser als \u00b11%<\/td>\n<\/tr>\n<tr>\n<td style=\"text-align: center;\"><strong>Verschiebungsaufl\u00f6sung<\/strong><\/td>\n<td style=\"text-align: center;\">0,01 mm<\/td>\n<\/tr>\n<tr>\n<td style=\"text-align: center;\"><strong>Verschiebungsgenauigkeit<\/strong><\/td>\n<td style=\"text-align: center;\">Besser als \u00b11%<\/td>\n<\/tr>\n<tr>\n<td style=\"text-align: center;\"><strong>Zughub<\/strong><\/td>\n<td style=\"text-align: center;\">600\/1000 mm<\/td>\n<\/tr>\n<tr>\n<td style=\"text-align: center;\"><strong>Kompressionshub<\/strong><\/td>\n<td style=\"text-align: center;\">600\/1000 mm<\/td>\n<\/tr>\n<tr>\n<td style=\"text-align: center;\"><strong>Geschwindigkeitsbereich<\/strong><\/td>\n<td style=\"text-align: center;\">1 bis 500 mm\/min<\/td>\n<\/tr>\n<tr>\n<td style=\"text-align: center;\"><strong>Gesamtgenauigkeit<\/strong><\/td>\n<td style=\"text-align: center;\">Besser als Klasse 1<\/td>\n<\/tr>\n<tr>\n<td style=\"text-align: center;\"><strong>Zugklemme<\/strong><\/td>\n<td style=\"text-align: center;\">50mm breit<\/td>\n<\/tr>\n<tr>\n<td style=\"text-align: center;\"><strong>Kompressionsplatten<\/strong><\/td>\n<td style=\"text-align: center;\">\u03c6100mm<\/td>\n<\/tr>\n<tr>\n<td style=\"text-align: center;\"><strong>Leistung<\/strong><\/td>\n<td style=\"text-align: center;\">220 V, 50 Hz<\/td>\n<\/tr>\n<\/tbody>\n<\/table>\n<p>Diese Spezifikationen unterst\u00fctzen ein breites Spektrum an Testanwendungen und bieten die notwendige Anpassungsf\u00e4higkeit, um unterschiedliche Teststandards und -anforderungen zu erf\u00fcllen.<\/p>\n<h2>Grundlegendes zu Zugpr\u00fcfverfahren f\u00fcr Materialien<\/h2>\n<p>Der <strong>Materialzugversuch<\/strong> ist eine grundlegende Methode zur Bewertung der F\u00e4higkeit eines Materials, Zugkr\u00e4ften standzuhalten. Dieser Test zeigt wichtige Eigenschaften wie Zugfestigkeit, Dehnung und Bruchstellen, die f\u00fcr die Qualit\u00e4tskontrolle und Produktentwicklung von entscheidender Bedeutung sind. Der TCT-01 ist so konstruiert, dass er Industriestandards, einschlie\u00dflich ASTM-Spezifikationen, erf\u00fcllt und gew\u00e4hrleistet, dass die Ergebnisse sowohl pr\u00e4zise als auch zuverl\u00e4ssig f\u00fcr die Einhaltung gesetzlicher Vorschriften und die Materialanalyse sind.<\/p>\n<h2>Konfiguration und Zubeh\u00f6r der Zug- und Druckpr\u00fcfmaschine TCT-01<\/h2>\n<p>Der TCT-01 ist mit den folgenden Komponenten konfiguriert:<\/p>\n<ul>\n<li><strong>Hauptmaschine und Steuerkasten<\/strong>: Nahtlos integriert, um intuitive Testverfahren und -steuerungen zu erm\u00f6glichen.<\/li>\n<li><strong>Mitgelieferte Ger\u00e4te<\/strong>: Ausgestattet mit Zugklemmen (50 mm breit) und Druckplatten (\u03c6100 mm) sowie einem Werkzeugsatz und einem Kalibrierungszertifikat, um einen reibungslosen Testaufbau und einen pr\u00e4zisen Betrieb zu gew\u00e4hrleisten.<\/li>\n<\/ul>\n<h2>Vorteile der Verwendung des TCT-01 bei der Materialpr\u00fcfung<\/h2>\n<p>Die Zug- und Druckpr\u00fcfmaschine TCT-01 bietet mehrere entscheidende Vorteile:<\/p>\n<ul>\n<li><strong>Effizienz und Genauigkeit<\/strong>: Das fortschrittliche automatische Steuerungs- und Datenerfassungssystem spart Zeit und liefert pr\u00e4zise, wiederholbare Ergebnisse. Der TCT-01 ist auf optimale Effizienz ausgelegt und sorgt daf\u00fcr, dass Ihre Testprozesse reibungslos und zuverl\u00e4ssig ablaufen.<\/li>\n<li><strong>Benutzerfreundlichkeit und Sicherheitsfunktionen<\/strong>: Die benutzerfreundliche Schnittstelle und der vereinfachte Probenladevorgang, kombiniert mit einem Wegbegrenzungsschutz, machen die Bedienung dieser Maschine einfach und die Sicherheit des Benutzers steht stets im Vordergrund.<\/li>\n<li><strong>Branchen\u00fcbergreifende Vielseitigkeit<\/strong>: Ob beim Testen von Materialien f\u00fcr Verpackungen, Elektronik oder Pharmazeutika, der TCT-01 bietet die Flexibilit\u00e4t und F\u00e4higkeit, eine Vielzahl branchenspezifischer Testanforderungen zu erf\u00fcllen.<\/li>\n<\/ul>\n<h2>Warum sollten Sie sich f\u00fcr Ihre Testanforderungen f\u00fcr das TCT-01 entscheiden?<\/h2>\n<p>Wenn Sie sich f\u00fcr die Zug- und Druckpr\u00fcfmaschine TCT-01 entscheiden, entscheiden Sie sich f\u00fcr eine Maschine, die Qualit\u00e4t, Zuverl\u00e4ssigkeit und Anpassungsf\u00e4higkeit vereint. F\u00fcr Pr\u00fcfprofis bietet sie erweiterte Funktionen und Anpassungsoptionen, um spezifische Pr\u00fcfanforderungen zu erf\u00fcllen, was sie zu einer wertvollen Ressource f\u00fcr Labore und Qualit\u00e4tssicherungsteams macht.<\/p>\n<h2>H\u00e4ufig gestellte Fragen zur Zug- und Druckpr\u00fcfmaschine TCT-01<\/h2>\n<ol>\n<li><strong>Welche Arten von Materialien k\u00f6nnen mit dem TCT-01 getestet werden?<\/strong>\n<ul>\n<li>Das TCT-01 eignet sich f\u00fcr flexible und starre Werkstoffe, Verbundwerkstoffe, Garne, Gewebe und verschiedene nichtmetallische Substanzen und ist somit ideal f\u00fcr umfassende Materialpr\u00fcfungen.<\/li>\n<\/ul>\n<\/li>\n<li><strong>Wie genau ist das TCT-01 bei Materialzugfestigkeitspr\u00fcfungen?<\/strong>\n<ul>\n<li>Der TCT-01 bietet hohe Pr\u00e4zision mit einer Kraftgenauigkeit von \u00b11% und einer Weggenauigkeit von \u00b11% und gew\u00e4hrleistet so zuverl\u00e4ssige und konsistente Ergebnisse.<\/li>\n<\/ul>\n<\/li>\n<li><strong>Was sind die Hauptvorteile der digitalen Geschwindigkeitsregelung?<\/strong>\n<ul>\n<li>Das digitale Geschwindigkeitsregelungssystem bietet anpassbare Testgeschwindigkeiten, sodass der Bediener die Einstellungen f\u00fcr verschiedene Materialeigenschaften optimieren kann, was zu pr\u00e4ziser Steuerung und Datengenauigkeit f\u00fchrt.<\/li>\n<\/ul>\n<\/li>\n<li><strong>Erf\u00fcllt TCT-01 ASTM und andere internationale Teststandards?<\/strong>\n<ul>\n<li>Ja, die Zug- und Druckpr\u00fcfmaschine TCT-01 ist so konzipiert, dass sie Industriestandards wie ASTM erf\u00fcllt und zuverl\u00e4ssige und normkonforme Ergebnisse liefert.<\/li>\n<\/ul>\n<\/li>\n<li><strong>Kann das TCT-01 an spezifische Testanforderungen angepasst werden?<\/strong>\n<ul>\n<li>Auf jeden Fall. Die Zug- und Druckpr\u00fcfmaschine TCT-01 kann an spezifische Testkonfigurationen angepasst werden und Cell Instruments bietet Anpassungsdienste an, um einzigartige Testanforderungen zu erf\u00fcllen.<\/li>\n<\/ul>\n<\/li>\n<\/ol>","protected":false},"excerpt":{"rendered":"<p>Der <strong>TCT-01 Zug- und Druckpr\u00fcfmaschine<\/strong> ist ein leistungsstarkes, vielseitiges Instrument, das ein breites Spektrum an Materialpr\u00fcfungsanforderungen in verschiedenen Branchen erf\u00fcllt. Es wurde mit Pr\u00e4zisionstechnik gebaut und ist ideal f\u00fcr die Durchf\u00fchrung <strong>Zug-, Druck- und Biegeversuche<\/strong>, liefert genaue und zuverl\u00e4ssige Einblicke in Materialeigenschaften wie Festigkeit, Dehnung und Spitzenkraft. Das anpassbare Design und die Funktionalit\u00e4t des TCT-01 machen es zur bevorzugten Wahl f\u00fcr Fachleute in den Bereichen Verpackung, Medizin, Pharmazie, Textilien, Elektronik und Qualit\u00e4tspr\u00fcfung.<\/p>","protected":false},"featured_media":6161,"comment_status":"closed","ping_status":"closed","template":"","meta":{"site-sidebar-layout":"default","site-content-layout":"default","ast-global-header-display":"","ast-main-header-display":"","ast-hfb-above-header-display":"","ast-hfb-below-header-display":"","ast-hfb-mobile-header-display":"","site-post-title":"","ast-breadcrumbs-content":"","ast-featured-img":"","footer-sml-layout":"","theme-transparent-header-meta":"default","adv-header-id-meta":"","stick-header-meta":"","header-above-stick-meta":"","header-main-stick-meta":"","header-below-stick-meta":""},"product_cat":[845,953,956,955,965,954,957,958,952,959,679,95],"product_tag":[],"class_list":{"0":"post-5320","1":"product","2":"type-product","3":"status-publish","4":"has-post-thumbnail","6":"product_cat-customization","7":"product_cat-bursting-tester","8":"product_cat-cobb-tester","9":"product_cat-crush-tester","10":"product_cat-package-compression-tester","11":"product_cat-paper-tear-tester","12":"product_cat-plybond-tester","13":"product_cat-puncture-tester","14":"product_cat-rub-tester","15":"product_cat-stiffness-tester","16":"product_cat-tensile-tester","17":"product_cat-products","18":"desktop-align-left","19":"tablet-align-left","20":"mobile-align-left","22":"first","23":"instock","24":"shipping-taxable","25":"product-type-simple"},"_links":{"self":[{"href":"https:\/\/www.qualitester.com\/de\/wp-json\/wp\/v2\/product\/5320","targetHints":{"allow":["GET"]}}],"collection":[{"href":"https:\/\/www.qualitester.com\/de\/wp-json\/wp\/v2\/product"}],"about":[{"href":"https:\/\/www.qualitester.com\/de\/wp-json\/wp\/v2\/types\/product"}],"replies":[{"embeddable":true,"href":"https:\/\/www.qualitester.com\/de\/wp-json\/wp\/v2\/comments?post=5320"}],"version-history":[{"count":0,"href":"https:\/\/www.qualitester.com\/de\/wp-json\/wp\/v2\/product\/5320\/revisions"}],"wp:featuredmedia":[{"embeddable":true,"href":"https:\/\/www.qualitester.com\/de\/wp-json\/wp\/v2\/media\/6161"}],"wp:attachment":[{"href":"https:\/\/www.qualitester.com\/de\/wp-json\/wp\/v2\/media?parent=5320"}],"wp:term":[{"taxonomy":"product_cat","embeddable":true,"href":"https:\/\/www.qualitester.com\/de\/wp-json\/wp\/v2\/product_cat?post=5320"},{"taxonomy":"product_tag","embeddable":true,"href":"https:\/\/www.qualitester.com\/de\/wp-json\/wp\/v2\/product_tag?post=5320"}],"curies":[{"name":"wp","href":"https:\/\/api.w.org\/{rel}","templated":true}]}}