{"id":5309,"date":"2024-11-13T09:24:25","date_gmt":"2024-11-13T01:24:25","guid":{"rendered":"https:\/\/www.qualitester.com\/?post_type=product&#038;p=5309"},"modified":"2024-12-04T16:31:54","modified_gmt":"2024-12-04T08:31:54","slug":"sale-drop-weight-impact-tester","status":"publish","type":"product","link":"https:\/\/www.qualitester.com\/de\/produkt-2\/sale-drop-weight-impact-tester\/","title":{"rendered":"FBT-01S Fallgewichts-Schlagpr\u00fcfger\u00e4t"},"content":{"rendered":"<p>Die Schlagfestigkeit ist eine wichtige Eigenschaft f\u00fcr Materialien, die pl\u00f6tzlichen oder andauernden St\u00f6\u00dfen ausgesetzt sind. <strong>Fallgewichtsschlagpr\u00fcfger\u00e4t<\/strong> bietet eine genaue, zuverl\u00e4ssige Methode zur Beurteilung der Haltbarkeit verschiedener Materialien, einschlie\u00dflich Filmen, Folien, Papier, Kunststoffplatten und Verbundwerkstoffen mit einer Dicke unter 2 mm. Dieser Tester spielt eine entscheidende Rolle bei der Qualit\u00e4tskontrolle und Produktentwicklung in allen Branchen und stellt sicher, dass die Materialien strenge Standards hinsichtlich Leistung und Haltbarkeit erf\u00fcllen.<\/p>\n<h2>Entspricht den Normen ASTM D1709 und ISO 7765-1<\/h2>\n<p>Das Fallgewichtsschlagwerk ist f\u00fcr die Anforderungen von <strong>ASTM D1709<\/strong> Und <strong>ISO 7765-1<\/strong>\u2013 zwei der am weitesten verbreiteten Standards f\u00fcr Schlagfestigkeitstests. <strong>ASTM D1709<\/strong> Der Schwerpunkt liegt auf der Schlagfestigkeit von Kunststofffolien unter Verwendung einer Freifallpfeilmethode, wodurch sichergestellt wird, dass die Materialien Durchsto\u00dfkr\u00e4ften wirksam standhalten. <strong>ISO 7765-1<\/strong> bietet eine Standardtestmethode zur Bestimmung der Schlagfestigkeit von thermoplastischen Folien, wodurch sich dieser Tester ideal f\u00fcr regionale und internationale Tests eignet. Die Einhaltung dieser Standards garantiert, dass dieser Tester \u00e4u\u00dferst zuverl\u00e4ssige, standardisierte Ergebnisse liefert, die f\u00fcr eine breite Palette von Anwendungen geeignet sind.<\/p>\n<h2>Anwendungsbereiche des Fallgewichtsschlagwerks<\/h2>\n<p>Der Tester wird in zahlreichen Branchen eingesetzt, darunter Verpackung, Pharmazeutika, Lebensmittel und Getr\u00e4nke, Elektronik und Chemikalien f\u00fcr den t\u00e4glichen Bedarf. Er bewertet die Widerstandsf\u00e4higkeit von Materialien wie Verpackungsfolien, Kunststoffverpackungen und Schutzfolien, die bei Handhabung, Transport und Verwendung durch den Verbraucher h\u00e4ufig Sto\u00dfkr\u00e4ften ausgesetzt sind. Durch die Bewertung der Sto\u00dffestigkeit von Materialien hilft dieser Tester den Herstellern sicherzustellen, dass ihre Produkte die strukturelle Integrit\u00e4t behalten, den Inhalt sch\u00fctzen und Industriestandards entsprechen.<\/p>\n<h2>Pr\u00fcfverfahren f\u00fcr Fallgewichts-Aufprallpr\u00fcfungen<\/h2>\n<p>Der <strong>Fallgewichtsschlagpr\u00fcfger\u00e4t<\/strong> verwendet eine Stahlkugel oder einen Stahlpfeil mit festgelegter Masse und Durchmesser, der aus einer vorgegebenen H\u00f6he fallen gelassen wird, um eine kontrollierte Aufprallkraft auf das Material zu simulieren. Der Tester misst den daraus resultierenden Schaden, die Verformung und die vom Material absorbierte Energie und liefert so eine quantifizierbare Analyse seiner Aufprallfestigkeit. Zu den wichtigsten Faktoren, die die Testergebnisse beeinflussen, geh\u00f6ren:<\/p>\n<ul>\n<li><strong>Fallh\u00f6he<\/strong>: Einstellbar von 300\u00a0mm bis 600\u00a0mm (und nach Bedarf erweiterbar), simuliert unterschiedliche Aufprallbedingungen f\u00fcr benutzerdefinierte Testszenarien.<\/li>\n<li><strong>Ballgr\u00f6\u00dfe und Masse<\/strong>: Konfigurierbar basierend auf dem Teststandard und den Anwendungsanforderungen, erm\u00f6glicht eine genaue Simulation realer Auswirkungen.<\/li>\n<\/ul>\n<h2>Hauptmerkmale des Fallgewichtsschlagwerks<\/h2>\n<ul>\n<li><strong>Einstellbare Aufprallh\u00f6he<\/strong>: Passen Sie die Aufprallh\u00f6he f\u00fcr verschiedene Testszenarien an und erm\u00f6glichen Sie so genaue und flexible Aufpralltests.<\/li>\n<li><strong>Elektromagnetisches Federungssystem<\/strong>: Diese Funktion gew\u00e4hrleistet einen konsistenten Freigabemechanismus, minimiert die Variabilit\u00e4t und verbessert die Genauigkeit.<\/li>\n<li><strong>Pneumatische Probenklemmung<\/strong>: Der pneumatische Klemmmechanismus h\u00e4lt die Testprobe sicher fest und verhindert Bewegungen, die die Ergebnisse beeintr\u00e4chtigen k\u00f6nnten.<\/li>\n<li><strong>Benutzerfreundliche Bedienung<\/strong>: Der Tester ist mit Fu\u00dfschaltern ausgestattet, die eine einfache Bedienung und freih\u00e4ndige Steuerung f\u00fcr sichere, effektive Tests erm\u00f6glichen.<\/li>\n<\/ul>\n<h2>Technische Spezifikationen<\/h2>\n<table>\n<tbody>\n<tr>\n<td style=\"text-align: center;\" width=\"161\">Aufprallh\u00f6he<\/td>\n<td style=\"text-align: center;\" width=\"290\">300mm-600mm (kann verl\u00e4ngert werden)<\/td>\n<\/tr>\n<tr>\n<td style=\"text-align: center;\" width=\"161\">Kugeldurchmesser (mm)<\/td>\n<td style=\"text-align: center;\" width=\"290\">23, 25, 28,6, 38,1, 50,8 (eines vorhanden)<\/td>\n<\/tr>\n<tr>\n<td style=\"text-align: center;\" width=\"161\">Genauigkeit<\/td>\n<td style=\"text-align: center;\" width=\"290\">0,1 g (0,1 J)<\/td>\n<\/tr>\n<tr>\n<td style=\"text-align: center;\" width=\"161\">Probenklammer<\/td>\n<td style=\"text-align: center;\" width=\"290\">Pneumatische Klemme<\/td>\n<\/tr>\n<tr>\n<td style=\"text-align: center;\" width=\"161\">Gasversorgung<\/td>\n<td style=\"text-align: center;\" width=\"290\">0,6 MPa \u03a68 mm PU-Schlauch<\/td>\n<\/tr>\n<tr>\n<td style=\"text-align: center;\" width=\"161\">Probengr\u00f6\u00dfe<\/td>\n<td style=\"text-align: center;\" width=\"290\">&gt; 150 mm x 150 mm<\/td>\n<\/tr>\n<tr>\n<td style=\"text-align: center;\" width=\"161\">Stromversorgung<\/td>\n<td style=\"text-align: center;\" width=\"290\">Wechselstrom 110\u2013220\u00a0V, 50\u00a0Hz<\/td>\n<\/tr>\n<\/tbody>\n<\/table>\n<h2>Vorteile des Fallgewichtsschlagwerks<\/h2>\n<p>Die Verwendung dieses Pr\u00fcfger\u00e4ts liefert konsistente und genaue Ergebnisse, die als Grundlage f\u00fcr Qualit\u00e4tskontrollma\u00dfnahmen und Materialauswahl in der Fertigung dienen. Durch die Gew\u00e4hrleistung der Konformit\u00e4t mit ASTM D1709 und ISO 7765-1 hilft dieses Schlagpr\u00fcfger\u00e4t der Industrie, gesetzliche Standards und Kundenerwartungen hinsichtlich Haltbarkeit und Sicherheit zu erf\u00fcllen, insbesondere bei der Verpackungs- und Materialherstellung. Das Pr\u00fcfger\u00e4t ist auch eine ideale Wahl f\u00fcr Forschungs- und Entwicklungsumgebungen, in denen zuverl\u00e4ssige Daten zur Schlagfestigkeit die Entwicklung neuer Produkte leiten.<\/p>\n<h2>Konformit\u00e4t mit den Normen ASTM D1709 und ISO 7765-1<\/h2>\n<p>Das Fallgewichtspr\u00fcfger\u00e4t ist vollst\u00e4ndig konform mit <a href=\"https:\/\/www.astm.org\/standards\/d1709\" target=\"_blank\" rel=\"noopener nofollow\"><strong>ASTM D1709<\/strong><\/a> Und <a href=\"https:\/\/www.iso.org\/standard\/14629.html\" target=\"_blank\" rel=\"noopener nofollow\"><strong>ISO 7765-1<\/strong><\/a>, was bedeutet, dass es f\u00fcr standardisierte Tests zertifiziert ist und sowohl auf lokalen als auch auf internationalen M\u00e4rkten eingesetzt werden kann. Dies stellt sicher, dass sich Benutzer auf genaue und vergleichbare Ergebnisse in verschiedenen Testeinrichtungen und Produktionslinien verlassen k\u00f6nnen, was die Qualit\u00e4tskontrolle und die Einhaltung gesetzlicher Vorschriften vereinfacht.<\/p>\n<h2>H\u00e4ufig gestellte Fragen (FAQs)<\/h2>\n<ol>\n<li><strong>Welche Arten von Materialien k\u00f6nnen mit einem Fallgewichtsschlagwerk gepr\u00fcft werden?<\/strong>\n<ul>\n<li>Dieser Tester ist f\u00fcr Filme, Folien, Papier, Kunststoffplatten und andere d\u00fcnne Materialien mit einer Dicke von bis zu 2 mm geeignet.<\/li>\n<\/ul>\n<\/li>\n<li><strong>Warum sind ASTM D1709 und ISO 7765-1 f\u00fcr Aufprallpr\u00fcfungen wichtig?<\/strong>\n<ul>\n<li>Diese Normen legen einheitliche Methoden zur Pr\u00fcfung der Schlagfestigkeit fest und gew\u00e4hrleisten branchen\u00fcbergreifend zuverl\u00e4ssige und vergleichbare Ergebnisse.<\/li>\n<\/ul>\n<\/li>\n<li><strong>Welche Faktoren k\u00f6nnen die Genauigkeit des Aufpralltests beeinflussen?<\/strong>\n<ul>\n<li>Zu den Schl\u00fcsselfaktoren z\u00e4hlen Fallh\u00f6he, Kugelgr\u00f6\u00dfe und Probenklemmung. Alle Faktoren k\u00f6nnen gesteuert werden, um den spezifischen Testanforderungen gerecht zu werden.<\/li>\n<\/ul>\n<\/li>\n<li><strong>Wie verbessert das elektromagnetische Federungssystem die Testgenauigkeit?<\/strong>\n<ul>\n<li>Die elektromagnetische Federung gew\u00e4hrleistet einen pr\u00e4zisen, gleichm\u00e4\u00dfigen Fall, reduziert Abweichungen und verbessert die Ergebnisgenauigkeit.<\/li>\n<\/ul>\n<\/li>\n<li><strong>Welche Branchen profitieren am meisten vom Einsatz eines Fallgewichtsschlagwerks?<\/strong>\n<ul>\n<li>Branchen wie die Verpackungs-, Pharma-, Elektronik- sowie die Lebensmittel- und Getr\u00e4nkeproduktion profitieren von der \u00dcberpr\u00fcfung der Materialbest\u00e4ndigkeit gegen\u00fcber Aufprallkr\u00e4ften.<\/li>\n<\/ul>\n<\/li>\n<\/ol>","protected":false},"excerpt":{"rendered":"<p>Die Schlagfestigkeit ist eine wichtige Eigenschaft f\u00fcr Materialien, die pl\u00f6tzlichen oder andauernden St\u00f6\u00dfen ausgesetzt sind. <strong>Fallgewichtsschlagpr\u00fcfger\u00e4t<\/strong> bietet eine genaue, zuverl\u00e4ssige Methode zur Beurteilung der Haltbarkeit verschiedener Materialien, einschlie\u00dflich Filmen, Folien, Papier, Kunststoffplatten und Verbundwerkstoffen mit einer Dicke unter 2 mm. Dieser Tester spielt eine entscheidende Rolle bei der Qualit\u00e4tskontrolle und Produktentwicklung in allen Branchen und stellt sicher, dass die Materialien strenge Standards hinsichtlich Leistung und Haltbarkeit erf\u00fcllen.<\/p>","protected":false},"featured_media":6147,"comment_status":"closed","ping_status":"closed","template":"","meta":{"site-sidebar-layout":"default","site-content-layout":"default","ast-global-header-display":"","ast-main-header-display":"","ast-hfb-above-header-display":"","ast-hfb-below-header-display":"","ast-hfb-mobile-header-display":"","site-post-title":"","ast-breadcrumbs-content":"","ast-featured-img":"","footer-sml-layout":"","theme-transparent-header-meta":"default","adv-header-id-meta":"","stick-header-meta":"","header-above-stick-meta":"","header-main-stick-meta":"","header-below-stick-meta":""},"product_cat":[845,938,684,17,44,149,16,95],"product_tag":[],"class_list":{"0":"post-5309","1":"product","2":"type-product","3":"status-publish","4":"has-post-thumbnail","6":"product_cat-customization","7":"product_cat-textile-tester","8":"product_cat-impact-tester","9":"product_cat-package-container-testers","10":"product_cat-paper-and-board-testers","11":"product_cat-pharma-and-medical-testers","12":"product_cat-plastic-packaging-testers","13":"product_cat-products","14":"desktop-align-left","15":"tablet-align-left","16":"mobile-align-left","18":"first","19":"instock","20":"shipping-taxable","21":"product-type-simple"},"_links":{"self":[{"href":"https:\/\/www.qualitester.com\/de\/wp-json\/wp\/v2\/product\/5309","targetHints":{"allow":["GET"]}}],"collection":[{"href":"https:\/\/www.qualitester.com\/de\/wp-json\/wp\/v2\/product"}],"about":[{"href":"https:\/\/www.qualitester.com\/de\/wp-json\/wp\/v2\/types\/product"}],"replies":[{"embeddable":true,"href":"https:\/\/www.qualitester.com\/de\/wp-json\/wp\/v2\/comments?post=5309"}],"version-history":[{"count":0,"href":"https:\/\/www.qualitester.com\/de\/wp-json\/wp\/v2\/product\/5309\/revisions"}],"wp:featuredmedia":[{"embeddable":true,"href":"https:\/\/www.qualitester.com\/de\/wp-json\/wp\/v2\/media\/6147"}],"wp:attachment":[{"href":"https:\/\/www.qualitester.com\/de\/wp-json\/wp\/v2\/media?parent=5309"}],"wp:term":[{"taxonomy":"product_cat","embeddable":true,"href":"https:\/\/www.qualitester.com\/de\/wp-json\/wp\/v2\/product_cat?post=5309"},{"taxonomy":"product_tag","embeddable":true,"href":"https:\/\/www.qualitester.com\/de\/wp-json\/wp\/v2\/product_tag?post=5309"}],"curies":[{"name":"wp","href":"https:\/\/api.w.org\/{rel}","templated":true}]}}