{"id":5304,"date":"2024-11-12T17:08:48","date_gmt":"2024-11-12T09:08:48","guid":{"rendered":"https:\/\/www.qualitester.com\/?post_type=product&#038;p=5304"},"modified":"2024-12-05T11:20:36","modified_gmt":"2024-12-05T03:20:36","slug":"sale-bekk-smoothness-tester-iso-5627","status":"publish","type":"product","link":"https:\/\/www.qualitester.com\/de\/produkt-2\/sale-bekk-smoothness-tester-iso-5627\/","title":{"rendered":"ST-01 Gl\u00e4ttepr\u00fcfger\u00e4t"},"content":{"rendered":"<h2><strong>Einf\u00fchrung in das Bekk Gl\u00e4ttepr\u00fcfger\u00e4t<\/strong><\/h2>\n<p>Der Bekk Smoothness Tester ist ein hochpr\u00e4zises Ger\u00e4t, das speziell f\u00fcr die Messung der Oberfl\u00e4chengl\u00e4tte von Papier- und Kartonmaterialien nach der bekannten Bekk-Methode entwickelt wurde. Dieses hochentwickelte Instrument liefert wichtige Daten \u00fcber die Ebenheit und Gleichm\u00e4\u00dfigkeit von Papieroberfl\u00e4chen, wichtige Merkmale, die die Qualit\u00e4t in Anwendungen wie Druck, Verpackung und Produktherstellung beeinflussen. Mit dem Bekk Gl\u00e4ttungspr\u00fcfger\u00e4t von Cell Instruments kann die Industrie sicherstellen, dass ihre Materialien hohen Gl\u00e4ttungsstandards entsprechen, was die Qualit\u00e4t und Konsistenz des Endprodukts verbessert.<\/p>\n<h2><strong>Gl\u00e4tte in Papier und Karton verstehen<\/strong><\/h2>\n<p>Die Gl\u00e4tte ist ein kritischer Qualit\u00e4tsparameter, der die Ebenheit der Oberfl\u00e4che eines Papiers oder Kartons misst. Sie wird quantifiziert als die Zeit, die die Luft ben\u00f6tigt, um unter kontrollierten Druckbedingungen zwischen der Oberfl\u00e4che des Pr\u00fcfmusters und einem Ring zu str\u00f6men, und wird in Sekunden (s) gemessen. H\u00f6here Gl\u00e4ttewerte, die durch l\u00e4ngere Luftstr\u00f6mungszeiten angezeigt werden, bedeuten eine flachere Oberfl\u00e4che, was sich in der Regel in einer verbesserten Druckqualit\u00e4t, einer besseren Tintenhaftung und optisch ansprechenden Produktoberfl\u00e4chen niederschl\u00e4gt. Durch die Gew\u00e4hrleistung einer hohen Oberfl\u00e4chengl\u00e4tte k\u00f6nnen Hersteller die strengen Qualit\u00e4tsstandards im Verpackungs- und Druckbereich erf\u00fcllen.<\/p>\n<h2><strong>Grundlegendes Pr\u00fcfprinzip des Bekk-Gl\u00e4ttepr\u00fcfers<\/strong><\/h2>\n<p>Das Bekk-Gl\u00e4ttepr\u00fcfger\u00e4t arbeitet nach dem Grundprinzip der Bekk-Methode, bei der die Gl\u00e4tte der Oberfl\u00e4che durch pr\u00e4zise Luftverdr\u00e4ngung gemessen wird. W\u00e4hrend des Tests wird die Probe unter kontrolliertem Druck auf eine Glasplatte gelegt. Es wird ein Teilvakuum erzeugt, so dass sich die atmosph\u00e4rische Luft \u00fcber die Oberfl\u00e4che der Probe bewegen kann. Gemessen wird die Zeit, die ben\u00f6tigt wird, um eine bestimmte \u00c4nderung des Vakuumniveaus zu erreichen, wobei l\u00e4ngere Zeiten auf glattere Oberfl\u00e4chen hinweisen. Diese Methode liefert zuverl\u00e4ssige, wiederholbare Ergebnisse, die f\u00fcr die Qualit\u00e4tssicherung bei Papier- und Kartonanwendungen entscheidend sind.<\/p>\n<h2><strong>\u00dcbereinstimmung mit ISO 5627 - Pr\u00fcfung der Gl\u00e4tte von Papier und Karton<\/strong><\/h2>\n<p>Das Bekk Gl\u00e4ttepr\u00fcfger\u00e4t ist vollst\u00e4ndig konform mit <strong><a href=\"https:\/\/www.iso.org\/standard\/20129.html\" target=\"_blank\" rel=\"noopener nofollow\">ISO 5627<\/a>:1995<\/strong>die international anerkannte Norm zur Bestimmung der Gl\u00e4tte von Papier und Karton nach dem Bekk-Verfahren. <a href=\"https:\/\/www.qualitester.com\/de\/produkt-kategorie\/iso\/iso-5627\/\" target=\"_blank\" rel=\"noopener\">ISO 5627<\/a> umrei\u00dft strenge Pr\u00fcfbedingungen, einschlie\u00dflich bestimmter Druckunterschiede, Anpressdruck und Messdauer, die alle vom Bekk Gl\u00e4ttepr\u00fcfger\u00e4t eingehalten werden. Die Einhaltung der ISO 5627 gew\u00e4hrleistet konsistente, genaue Gl\u00e4ttungspr\u00fcfungen, die den globalen Qualit\u00e4tsma\u00dfst\u00e4ben entsprechen und es Herstellern erm\u00f6glichen, internationale Standards einzuhalten und zuverl\u00e4ssige Ergebnisse zu liefern.<\/p>\n<h2><strong>Merkmale und Vorteile des Bekk Gl\u00e4ttungspr\u00fcfers<\/strong><\/h2>\n<ul>\n<li><strong>Hohe Genauigkeit und Verl\u00e4sslichkeit<\/strong><br \/>\nDas Gl\u00e4ttungspr\u00fcfger\u00e4t von Bekk arbeitet mit einem Schrittmotor und einem hochpr\u00e4zisen Kraftsensor, der eine sanfte und gleichm\u00e4\u00dfige Druckaus\u00fcbung ohne Besch\u00e4digung der Proben gew\u00e4hrleistet. Im Gegensatz zu anderen Gl\u00e4ttungspr\u00fcfger\u00e4ten, die Gewichte oder Federmechanismen verwenden, verhindert diese Konstruktion einen Aufprall der Probe und Druckungenauigkeiten und gew\u00e4hrleistet eine hohe Pr\u00fcfgenauigkeit von 100 \u00b1 0,5 kPa.<\/li>\n<li><strong>Benutzerfreundlichkeit<\/strong><br \/>\nDie Ein-Knopf-Testfunktion macht manuelle Einstellungen \u00fcberfl\u00fcssig, so dass das Ger\u00e4t f\u00fcr Bediener aller Qualifikationsstufen benutzerfreundlich ist. Der intuitive 7-Zoll-Touchscreen zeigt Echtzeitdaten an und erm\u00f6glicht eine effiziente Navigation und Test\u00fcberwachung.<\/li>\n<li><strong>Erweiterte Luftstromerkennung und -steuerung<\/strong><br \/>\nAusgestattet mit einer pr\u00e4zisen Luftstromerkennung, erkennt das Ger\u00e4t automatisch den erforderlichen Bereich anhand der Probeneigenschaften und passt die Luftstromgeschwindigkeit entsprechend an. Diese Funktion gew\u00e4hrleistet eine optimale Bel\u00fcftungssteuerung und zuverl\u00e4ssige Ergebnisse, auch bei unterschiedlichen Probentypen.<\/li>\n<li><strong>Wartungsfreier Betrieb<\/strong><br \/>\nDas Pr\u00fcfger\u00e4t ist mit einer importierten, \u00f6lfreien Vakuumpumpe ausgestattet, die \u00fcber ihre gesamte Lebensdauer hinweg wartungsfrei funktioniert und den Pr\u00fcfprozess noch zuverl\u00e4ssiger und bequemer macht.<\/li>\n<li><strong>Eingebauter Thermodrucker<\/strong><br \/>\nEin integrierter Thermodrucker erm\u00f6glicht das schnelle Ausdrucken von Testergebnissen, wodurch Arbeitsabl\u00e4ufe und die Dokumentation von Laborunterlagen optimiert werden.<\/li>\n<\/ul>\n<h2><strong>Konformit\u00e4t mit anderen Normen<\/strong><\/h2>\n<p>Neben der ISO 5627 erf\u00fcllt das Bekk Gl\u00e4ttepr\u00fcfger\u00e4t mehrere wichtige Normen, wodurch es vielseitig einsetzbar und f\u00fcr weltweite Anwendungen geeignet ist:<\/p>\n<ul>\n<li><strong>GB\/T 456-2002<\/strong> - Spezifiziert die Bekk-Methode zur Bestimmung der Gl\u00e4tte von Papier und Karton, die auf dem chinesischen Markt weit verbreitet ist.<\/li>\n<li><strong>QB\/T1665<\/strong> - Diese nationale chinesische Norm regelt die Pr\u00fcfung der Gl\u00e4tte von Papier und Karton, wobei die Methoden eng an die Bekk-Methode angelehnt sind.<\/li>\n<li><strong>TAPPI T479<\/strong> - Die Bekk-Gl\u00e4tte-Methode nach der TAPPI-Definition, die auf dem nordamerikanischen Markt allgemein f\u00fcr die genaue Pr\u00fcfung der Gl\u00e4tte von Papiermaterialien verwendet wird.<\/li>\n<\/ul>\n<h2><strong>Anwendungen des Bekk-Gl\u00e4ttepr\u00fcfers<\/strong><\/h2>\n<p>Das Bekk Gl\u00e4ttepr\u00fcfger\u00e4t ist in verschiedenen Branchen von unsch\u00e4tzbarem Wert, in denen Materialqualit\u00e4t und Leistung von gr\u00f6\u00dfter Bedeutung sind:<\/p>\n<ul>\n<li><strong>Verpackung<\/strong> - Glatte Oberfl\u00e4chen sorgen f\u00fcr hervorragende Verpackungsergebnisse und Haltbarkeit.<\/li>\n<li><strong>Drucken<\/strong> - Hohe Gl\u00e4ttungswerte sind f\u00fcr klare, lebendige Druckergebnisse unerl\u00e4sslich.<\/li>\n<li><strong>Qualit\u00e4tspr\u00fcfungsagenturen<\/strong> - Die Konformit\u00e4tspr\u00fcfung stellt sicher, dass die Materialien den gesetzlichen und verbraucherrelevanten Normen entsprechen.<\/li>\n<li><strong>Herstellung von Papier und Pappe<\/strong> - Gl\u00e4ttungsmessungen gew\u00e4hrleisten eine gleichbleibende Produktqualit\u00e4t \u00fcber alle Fertigungsl\u00e4ufe hinweg.<\/li>\n<li><strong>Forschung und Entwicklung<\/strong> - Pr\u00fcfung neuer Materialformulierungen auf Oberfl\u00e4chenqualit\u00e4t und Funktionalit\u00e4t.<\/li>\n<\/ul>\n<h2><strong>Technische Daten des Bekk Gl\u00e4ttungspr\u00fcfers<\/strong><\/h2>\n<ul>\n<li><strong>Messbereich<\/strong>: Pr\u00e4zise Gl\u00e4ttungsmessungen bei bestimmten Druck- und Vakuumbedingungen.<\/li>\n<li><strong>Druckregelung<\/strong>: Fortschrittliche 100 \u00b1 0,5 kPa-Steuerung mit integriertem Schrittmotor und Lastsensor.<\/li>\n<li><strong>Anzeige<\/strong>: Gro\u00dfer 7-Zoll-Farb-Touchscreen f\u00fcr einfache Bedienung und Datentransparenz.<\/li>\n<li><strong>Drucker<\/strong>: Eingebauter Thermo-Mikrodrucker f\u00fcr sofortige Ergebnisausgabe.<\/li>\n<li><strong>Vakuumpumpe<\/strong>: \u00d6lfreie, wartungsfreie Vakuumpumpe f\u00fcr konstante und zuverl\u00e4ssige Pr\u00fcfleistung.<\/li>\n<\/ul>\n<h2><strong>H\u00e4ufig gestellte Fragen (FAQ)<\/strong><\/h2>\n<ol>\n<li><strong>Welche Arten von Materialien k\u00f6nnen mit dem Bekk Gl\u00e4ttungspr\u00fcfger\u00e4t getestet werden?<\/strong><br \/>\nDer Bekk Gl\u00e4ttepr\u00fcfer wurde f\u00fcr Papier- und Kartonmaterialien entwickelt und eignet sich f\u00fcr Anwendungen in den Bereichen Verpackung, Druck und Produktqualit\u00e4tspr\u00fcfung.<\/li>\n<li><strong>Wie unterscheidet sich die Bekk-Methode von anderen Methoden der Gl\u00e4ttungspr\u00fcfung?<\/strong><br \/>\nDie Bekk-Methode misst die Gl\u00e4tte auf der Grundlage der Luftdurchgangszeit unter einem bestimmten Druck und erm\u00f6glicht so eine hochempfindliche und genaue Bewertung der Gl\u00e4tte von feinen Oberfl\u00e4chen.<\/li>\n<li><strong>Was sind die wichtigsten Vorteile der Einhaltung der ISO 5627?<\/strong><br \/>\nDie Einhaltung der ISO 5627 gew\u00e4hrleistet, dass der Gl\u00e4ttetest international anerkannten Standards entspricht und zuverl\u00e4ssige und einheitliche Ergebnisse f\u00fcr die Qualit\u00e4tssicherung liefert.<\/li>\n<li><strong>Wie interpretiere ich die Testergebnisse in Bezug auf die Glattheit?<\/strong><br \/>\nL\u00e4ngere Testzeiten bedeuten eine h\u00f6here Gl\u00e4tte. Eine h\u00f6here Gl\u00e4tte korreliert im Allgemeinen mit einer besseren Druckqualit\u00e4t und Oberfl\u00e4chengleichm\u00e4\u00dfigkeit.<\/li>\n<li><strong>Welche Wartung ist f\u00fcr den Bekk Gl\u00e4ttungspr\u00fcfer erforderlich?<\/strong><br \/>\nDas Bekk Gl\u00e4ttungspr\u00fcfger\u00e4t erfordert aufgrund seiner \u00f6lfreien Vakuumpumpe, die f\u00fcr einen langfristigen, wartungsfreien Betrieb ausgelegt ist, nur minimale Wartung.<\/li>\n<\/ol>","protected":false},"excerpt":{"rendered":"<p>Introduction to the Bekk Smoothness Tester The Bekk Smoothness Tester is a high-precision device specifically designed to measure the surface smoothness of paper and board materials using the renowned Bekk Method. This sophisticated instrument provides vital data on the flatness and evenness of paper surfaces, key characteristics influencing quality in applications like printing, packaging, and &hellip;<\/p>\n<p class=\"read-more\"> <a class=\"\" href=\"https:\/\/www.qualitester.com\/de\/produkt-2\/sale-bekk-smoothness-tester-iso-5627\/\"> <span class=\"screen-reader-text\">ST-01 Gl\u00e4ttepr\u00fcfger\u00e4t<\/span> Weiterlesen \"<\/a><\/p>","protected":false},"featured_media":6199,"comment_status":"closed","ping_status":"closed","template":"","meta":{"site-sidebar-layout":"default","site-content-layout":"default","ast-global-header-display":"","ast-main-header-display":"","ast-hfb-above-header-display":"","ast-hfb-below-header-display":"","ast-hfb-mobile-header-display":"","site-post-title":"","ast-breadcrumbs-content":"","ast-featured-img":"","footer-sml-layout":"","theme-transparent-header-meta":"default","adv-header-id-meta":"","stick-header-meta":"","header-above-stick-meta":"","header-main-stick-meta":"","header-below-stick-meta":""},"product_cat":[845,1138,961,44,95],"product_tag":[],"class_list":{"0":"post-5304","1":"product","2":"type-product","3":"status-publish","4":"has-post-thumbnail","6":"product_cat-customization","7":"product_cat-iso-5627","8":"product_cat-smoothness-tester","9":"product_cat-paper-and-board-testers","10":"product_cat-products","11":"desktop-align-left","12":"tablet-align-left","13":"mobile-align-left","15":"first","16":"instock","17":"shipping-taxable","18":"product-type-simple"},"_links":{"self":[{"href":"https:\/\/www.qualitester.com\/de\/wp-json\/wp\/v2\/product\/5304","targetHints":{"allow":["GET"]}}],"collection":[{"href":"https:\/\/www.qualitester.com\/de\/wp-json\/wp\/v2\/product"}],"about":[{"href":"https:\/\/www.qualitester.com\/de\/wp-json\/wp\/v2\/types\/product"}],"replies":[{"embeddable":true,"href":"https:\/\/www.qualitester.com\/de\/wp-json\/wp\/v2\/comments?post=5304"}],"version-history":[{"count":0,"href":"https:\/\/www.qualitester.com\/de\/wp-json\/wp\/v2\/product\/5304\/revisions"}],"wp:featuredmedia":[{"embeddable":true,"href":"https:\/\/www.qualitester.com\/de\/wp-json\/wp\/v2\/media\/6199"}],"wp:attachment":[{"href":"https:\/\/www.qualitester.com\/de\/wp-json\/wp\/v2\/media?parent=5304"}],"wp:term":[{"taxonomy":"product_cat","embeddable":true,"href":"https:\/\/www.qualitester.com\/de\/wp-json\/wp\/v2\/product_cat?post=5304"},{"taxonomy":"product_tag","embeddable":true,"href":"https:\/\/www.qualitester.com\/de\/wp-json\/wp\/v2\/product_tag?post=5304"}],"curies":[{"name":"wp","href":"https:\/\/api.w.org\/{rel}","templated":true}]}}