{"id":5301,"date":"2024-11-12T16:58:37","date_gmt":"2024-11-12T08:58:37","guid":{"rendered":"https:\/\/www.qualitester.com\/?post_type=product&#038;p=5301"},"modified":"2024-12-05T11:16:30","modified_gmt":"2024-12-05T03:16:30","slug":"sale-paper-tearing-tester-manufacturer","status":"publish","type":"product","link":"https:\/\/www.qualitester.com\/de\/produkt-2\/sale-paper-tearing-tester-manufacturer\/","title":{"rendered":"SLD-02 Rei\u00dffestigkeitstester"},"content":{"rendered":"<h2><strong>Einf\u00fchrung des Papierrei\u00dftesters<\/strong><\/h2>\n<p>Der <strong>SLD-02 Papierrei\u00dftester<\/strong> von Cell Instruments ist f\u00fcr die pr\u00e4zise und zuverl\u00e4ssige Messung der Rei\u00dffestigkeit bei einer Vielzahl von Materialien konzipiert, darunter Papier, Karton, Textilien, Leder und Kunststofffolien. Ausgestattet mit fortschrittlichen Funktionen und konform mit f\u00fchrenden Industriestandards, darunter <strong>ASTM D689<\/strong>Dieser Tester ist unverzichtbar f\u00fcr Branchen, in denen Qualit\u00e4tskontrolle an erster Stelle steht, von Verpackung und Druck bis hin zu medizinischen Ger\u00e4ten und Konsumg\u00fctern. Mit diesem Werkzeug k\u00f6nnen Sie sicherstellen, dass Ihre Materialien strenge Anforderungen an die Rei\u00dffestigkeit erf\u00fcllen, und so die Haltbarkeit und Qualit\u00e4t der Produkte aufrechterhalten.<\/p>\n<h2><strong>Hauptmerkmale des SLD-02 Papierrei\u00dftesters<\/strong><\/h2>\n<ul>\n<li><strong>Breite Anwendung<\/strong>: Der Papierrei\u00dftester SLD-02 geht \u00fcber die Pr\u00fcfung von Papier und Karton hinaus und erm\u00f6glicht die Pr\u00fcfung der Rei\u00dffestigkeit von Plattenmaterialien wie Textilien, Leder, Kunststofffolien und sogar Metallfolien, wodurch er sich ideal f\u00fcr diverse Anwendungen in der Qualit\u00e4tskontrolle eignet.<\/li>\n<li><strong>Innovatives Design<\/strong>: Der auf Genauigkeit ausgelegte SLD-02 verf\u00fcgt \u00fcber einen Pendelmechanismus und ein pneumatisches Klemmsystem, um konsistente, wiederholbare Ergebnisse zu gew\u00e4hrleisten.<\/li>\n<li><strong>Technische Spezifikationen<\/strong>: Dieses Instrument verf\u00fcgt \u00fcber eine Reihe von Funktionen, die seine Zuverl\u00e4ssigkeit und Benutzerfreundlichkeit verbessern:\n<ul>\n<li><strong>Backenbreite<\/strong>: 74,8 mm, geeignet f\u00fcr Probengr\u00f6\u00dfen von 63 \u00d7 76 mm oder 63 \u00d7 50 mm.<\/li>\n<li><strong>Automatisches Zur\u00fccksetzen<\/strong>: Nach jedem Test wird das Pendel automatisch zur\u00fcckgesetzt, was den Testvorgang vereinfacht.<\/li>\n<li><strong>Benutzerfreundliches Interface<\/strong>: Der 5-Zoll-Farb-Touchscreen bietet eine einfache, intuitive Benutzeroberfl\u00e4che f\u00fcr eine reibungslose Bedienung.<\/li>\n<li><strong>Pneumatische Probenklemmung<\/strong>: Reduziert menschliche Fehler und gew\u00e4hrleistet eine konsistente Probenpositionierung.<\/li>\n<li><strong>Mehrere Pendelkapazit\u00e4ten<\/strong>: Verschiedene Kapazit\u00e4ten erm\u00f6glichen zahlreiche Testanwendungen und ber\u00fccksichtigen unterschiedliche Materialarten und -st\u00e4rken.<\/li>\n<li><strong>Luftfilter\/Regler<\/strong>: Erh\u00e4lt die Komponentenintegrit\u00e4t und verl\u00e4ngert die Lebensdauer des Testers durch Filtern von Luftverunreinigungen.<\/li>\n<\/ul>\n<\/li>\n<\/ul>\n<h2><strong>So funktioniert der Papierrei\u00dftester<\/strong><\/h2>\n<ul>\n<li><strong>Testprozess<\/strong>: Der SLD-02 Papierrei\u00dftester verf\u00fcgt \u00fcber einen pr\u00e4zisen Mechanismus, der standardisierte Rei\u00dftests erm\u00f6glicht:\n<ol>\n<li>Ein Schneidemesser schneidet am entferntesten Rand der Probe einen 43 mm breiten Schlitz.<\/li>\n<li>Sobald der Pendelmechanismus losgelassen wird, nutzt er die Schwerkraft, um den Schlitz auszudehnen und die Probe entlang der verbleibenden L\u00e4nge zu zerrei\u00dfen.<\/li>\n<li>Der Energieverlust bei diesem Vorgang wird gemessen und daraus die durchschnittliche Rei\u00dfkraft der Probe berechnet, wodurch sich ein zuverl\u00e4ssiger Rei\u00dffestigkeitswert ergibt.<\/li>\n<\/ol>\n<\/li>\n<\/ul>\n<h2><strong>Einhaltung wichtiger Normen (einschlie\u00dflich ASTM D689)<\/strong><\/h2>\n<ul>\n<li><strong>Normen\u00fcbersicht<\/strong>: Der SLD-02-Rei\u00dffestigkeitstester entspricht einer Reihe internationaler Normen und gew\u00e4hrleistet so, dass er strengen Testanforderungen gerecht wird:\n<ul>\n<li><a href=\"https:\/\/www.astm.org\/d1922-15r20.html\" target=\"_blank\" rel=\"noopener nofollow\"><strong>ASTM D1922<\/strong><\/a>: Pr\u00fcfung der Rei\u00dffestigkeit von Kunststoffen.<\/li>\n<li><a href=\"https:\/\/www.astm.org\/d1424-09r19.html\" target=\"_blank\" rel=\"noopener nofollow\"><strong>ASTM D1424<\/strong><\/a>: Norm zur Messung der Rei\u00dffestigkeit von Textilien.<\/li>\n<li><a href=\"https:\/\/www.astm.org\/d0689-17.html\" target=\"_blank\" rel=\"noopener nofollow\"><strong>ASTM D689<\/strong><\/a>: Ein spezieller Standard zur Messung der Rei\u00dffestigkeit von Papier und Pappe, unverzichtbar f\u00fcr die Qualit\u00e4tskontrolle von Verpackungen.<\/li>\n<li><strong>ISO 6383 und ISO 1974<\/strong>: Internationale Standards f\u00fcr Rei\u00dffestigkeit.<\/li>\n<li><strong>TAPPI T414<\/strong>: Pr\u00fcfnorm f\u00fcr die Rei\u00dffestigkeit von Papier, wird h\u00e4ufig in der Papierindustrie verwendet.<\/li>\n<\/ul>\n<\/li>\n<li><strong>Fokus auf ASTM D689<\/strong>: ASTM D689 ist ein wichtiger Standard f\u00fcr die Messung der Rei\u00dffestigkeit von Papier und Karton und stellt sicher, dass Produkte wie Verpackungen die Qualit\u00e4tsanforderungen erf\u00fcllen. Dieser Standard beschreibt spezifische Methoden zur Pr\u00fcfung der Rei\u00dffestigkeit und verbessert so die Genauigkeit und Zuverl\u00e4ssigkeit, insbesondere bei Qualit\u00e4tskontrollanwendungen. Durch die Einhaltung von ASTM D689 liefert der SLD-02 vertrauensw\u00fcrdige Ergebnisse und erleichtert die Einhaltung von Industrienormen.<\/li>\n<\/ul>\n<h2><strong>Technische Parameter des Papierrei\u00dftesters<\/strong><\/h2>\n<table>\n<tbody>\n<tr>\n<td style=\"text-align: center;\" width=\"167\">Testbereich (mN)<\/td>\n<td style=\"text-align: center;\" width=\"167\">10~8000,8000~16000<\/td>\n<\/tr>\n<tr>\n<td style=\"text-align: center;\" width=\"167\">Gasquelle<\/td>\n<td style=\"text-align: center;\" width=\"167\">0,6 MPa<\/td>\n<\/tr>\n<tr>\n<td style=\"text-align: center;\" width=\"167\">Zerrei\u00dfender Arm<\/td>\n<td style=\"text-align: center;\" width=\"167\">104 \u00b1 1 mm<\/td>\n<\/tr>\n<tr>\n<td style=\"text-align: center;\" width=\"167\">Anfangswinkel des Rei\u00dfens<\/td>\n<td style=\"text-align: center;\" width=\"167\">27,5 \u00b10,5\u00b0<\/td>\n<\/tr>\n<tr>\n<td style=\"text-align: center;\" width=\"167\">Genauigkeit<\/td>\n<td style=\"text-align: center;\" width=\"167\">0,01 mN<\/td>\n<\/tr>\n<tr>\n<td style=\"text-align: center;\" width=\"167\">Schneidschlitz<\/td>\n<td style=\"text-align: center;\" width=\"167\">20 mm<\/td>\n<\/tr>\n<tr>\n<td style=\"text-align: center;\" width=\"167\">Klemmfl\u00e4che<\/td>\n<td style=\"text-align: center;\" width=\"167\">\u226525 x 15 mm<\/td>\n<\/tr>\n<tr>\n<td style=\"text-align: center;\" width=\"167\">Stichprobengr\u00f6\u00dfe<\/td>\n<td style=\"text-align: center;\" width=\"167\">63 x 50 mm<\/td>\n<\/tr>\n<tr>\n<td style=\"text-align: center;\" width=\"167\">Klemmdicke<\/td>\n<td style=\"text-align: center;\" width=\"167\">2,8 \u00b1 0,3 mm<\/td>\n<\/tr>\n<tr>\n<td style=\"text-align: center;\" width=\"167\">Leistung<\/td>\n<td style=\"text-align: center;\" width=\"167\">220 V 50 Hz<\/td>\n<\/tr>\n<\/tbody>\n<\/table>\n<h2><strong>Vorteile des SLD-02 Papierrei\u00dftesters<\/strong><\/h2>\n<ul>\n<li><strong>Verbesserte Zuverl\u00e4ssigkeit<\/strong>: Das pneumatische Spannsystem minimiert Fehler durch manuelle Handhabung und f\u00fchrt zu gleichbleibend genauen Ergebnissen.<\/li>\n<li><strong>Benutzerfreundliches Design<\/strong>: Der 5-Zoll-Touchscreen vereinfacht die Bedienung und bietet eine intuitive Benutzererfahrung, die effiziente Tests unterst\u00fctzt.<\/li>\n<li><strong>Flexible Testoptionen<\/strong>: Mehrere Pendelkapazit\u00e4ten erm\u00f6glichen die Pr\u00fcfung verschiedener Materialien, von leichtem Papier bis hin zu robusten Textilien und Folien.<\/li>\n<li><strong>Haltbarkeit und Wartung<\/strong>: Ein integrierter Luftfilter und Regler verl\u00e4ngern die Lebensdauer pneumatischer Komponenten und reduzieren Ausfallzeiten und Wartungskosten.<\/li>\n<\/ul>\n<h2><strong>Anwendungen des Papierrei\u00dftesters<\/strong><\/h2>\n<p>Der SLD-02 Papierrei\u00dftester wird in verschiedenen Branchen eingesetzt, in denen die Rei\u00dffestigkeit ein entscheidender Qualit\u00e4tsfaktor ist:<\/p>\n<ul>\n<li><strong>Verpackung<\/strong>: Stellt sicher, dass Verpackungsmaterialien aus Papier und Karton f\u00fcr Transport und Handhabung robust genug sind.<\/li>\n<li><strong>Medizin und Pharma<\/strong>: Unterst\u00fctzt hohe Standards bei Verpackungsmaterialien, um die Produktintegrit\u00e4t zu gew\u00e4hrleisten.<\/li>\n<li><strong>Textilien und Kunststoffe<\/strong>: \u00dcberpr\u00fcft die Rei\u00dffestigkeit von Textilien, Leder und Kunststofffolien und gew\u00e4hrleistet so die Einhaltung von Qualit\u00e4tsstandards in allen Herstellungsprozessen.<\/li>\n<li><strong>Qualit\u00e4tspr\u00fcfungsagenturen<\/strong>: Erm\u00f6glicht genaue Rissmessungen und unterst\u00fctzt Unternehmen dabei, gesetzliche Standards hinsichtlich Materialst\u00e4rke und -zuverl\u00e4ssigkeit einzuhalten.<\/li>\n<\/ul>\n<h2><strong>H\u00e4ufig gestellte Fragen zum Papierrei\u00dftester und ASTM D689<\/strong><\/h2>\n<ol>\n<li><strong>Was ist ASTM D689 und warum ist es f\u00fcr Rei\u00dfpr\u00fcfungen wichtig?<\/strong><br \/>\n<a href=\"https:\/\/www.qualitester.com\/de\/produkt-kategorie\/astm\/astm-d689\/\">ASTM D689<\/a> ist ein Standard, der Pr\u00fcfmethoden zur Messung der Rei\u00dffestigkeit von Papier und Karton definiert. Er stellt sicher, dass die Pr\u00fcfergebnisse konsistent und zuverl\u00e4ssig sind, was f\u00fcr die Qualit\u00e4tskontrolle in Branchen, die auf rei\u00dffeste Verpackungen angewiesen sind, von entscheidender Bedeutung ist.<\/li>\n<li><strong>Wie verbessert das pneumatische Spannsystem die Pr\u00fcfgenauigkeit?<\/strong><br \/>\nDurch die pneumatische Sicherung der Proben verringert der SLD-02 die Variabilit\u00e4t der menschlichen Handhabung und bietet einen stabilen Halt, der ein Verrutschen verhindert und so konsistente, genaue Testergebnisse gew\u00e4hrleistet.<\/li>\n<li><strong>Kann der SLD-02 auch andere Materialien als Papier testen?<\/strong><br \/>\nJa, der SLD-02 ist vielseitig genug, um verschiedene Plattenmaterialien, einschlie\u00dflich Textilien, Leder und Kunststofffolien, zu pr\u00fcfen und wird einem breiten Spektrum an Qualit\u00e4tskontrollanforderungen gerecht.<\/li>\n<li><strong>Welche Bedeutung haben mehrere Pendelkapazit\u00e4ten?<\/strong><br \/>\nDank unterschiedlicher Pendelkapazit\u00e4ten kann der SLD-02 Materialien mit unterschiedlicher Rei\u00dffestigkeit handhaben und bietet Flexibilit\u00e4t beim Testen sowohl leichter als auch schwerer Materialien.<\/li>\n<li><strong>Inwiefern entspricht SLD-02 anderen Normen au\u00dfer ASTM D689?<\/strong><br \/>\nZus\u00e4tzlich zu ASTM D689 erf\u00fcllt es ASTM D1922 f\u00fcr Kunststoffe, ASTM D1424 f\u00fcr Textilien, ISO-Normen und TAPPI T414 und ist somit f\u00fcr internationale Qualit\u00e4tskontrollanwendungen geeignet.<\/li>\n<\/ol>","protected":false},"excerpt":{"rendered":"<p>Der <strong>SLD-02 Papierrei\u00dftester<\/strong> von Cell Instruments ist f\u00fcr die pr\u00e4zise und zuverl\u00e4ssige Messung der Rei\u00dffestigkeit bei einer Vielzahl von Materialien konzipiert, darunter Papier, Karton, Textilien, Leder und Kunststofffolien. Ausgestattet mit fortschrittlichen Funktionen und konform mit f\u00fchrenden Industriestandards, darunter <strong>ASTM D689<\/strong>Dieser Tester ist unverzichtbar f\u00fcr Branchen, in denen Qualit\u00e4tskontrolle an erster Stelle steht, von Verpackung und Druck bis hin zu medizinischen Ger\u00e4ten und Konsumg\u00fctern. Mit diesem Werkzeug k\u00f6nnen Sie sicherstellen, dass Ihre Materialien strenge Anforderungen an die Rei\u00dffestigkeit erf\u00fcllen, und so die Haltbarkeit und Qualit\u00e4t der Produkte aufrechterhalten.<\/p>","protected":false},"featured_media":6197,"comment_status":"closed","ping_status":"closed","template":"","meta":{"site-sidebar-layout":"default","site-content-layout":"default","ast-global-header-display":"","ast-main-header-display":"","ast-hfb-above-header-display":"","ast-hfb-below-header-display":"","ast-hfb-mobile-header-display":"","site-post-title":"","ast-breadcrumbs-content":"","ast-featured-img":"","footer-sml-layout":"","theme-transparent-header-meta":"default","adv-header-id-meta":"","stick-header-meta":"","header-above-stick-meta":"","header-main-stick-meta":"","header-below-stick-meta":""},"product_cat":[845,953,956,955,954,957,958,952,959,1154,680,44,16,119,121,137,159,165,95],"product_tag":[],"class_list":{"0":"post-5301","1":"product","2":"type-product","3":"status-publish","4":"has-post-thumbnail","6":"product_cat-customization","7":"product_cat-bursting-tester","8":"product_cat-cobb-tester","9":"product_cat-crush-tester","10":"product_cat-paper-tear-tester","11":"product_cat-plybond-tester","12":"product_cat-puncture-tester","13":"product_cat-rub-tester","14":"product_cat-stiffness-tester","15":"product_cat-tappi-t414","16":"product_cat-tear-tester","17":"product_cat-paper-and-board-testers","18":"product_cat-plastic-packaging-testers","19":"product_cat-astm-d1424","20":"product_cat-astm-d1922","21":"product_cat-astm-d689","22":"product_cat-iso-1974","23":"product_cat-iso-6383","24":"product_cat-products","25":"desktop-align-left","26":"tablet-align-left","27":"mobile-align-left","29":"first","30":"instock","31":"shipping-taxable","32":"product-type-simple"},"_links":{"self":[{"href":"https:\/\/www.qualitester.com\/de\/wp-json\/wp\/v2\/product\/5301","targetHints":{"allow":["GET"]}}],"collection":[{"href":"https:\/\/www.qualitester.com\/de\/wp-json\/wp\/v2\/product"}],"about":[{"href":"https:\/\/www.qualitester.com\/de\/wp-json\/wp\/v2\/types\/product"}],"replies":[{"embeddable":true,"href":"https:\/\/www.qualitester.com\/de\/wp-json\/wp\/v2\/comments?post=5301"}],"version-history":[{"count":0,"href":"https:\/\/www.qualitester.com\/de\/wp-json\/wp\/v2\/product\/5301\/revisions"}],"wp:featuredmedia":[{"embeddable":true,"href":"https:\/\/www.qualitester.com\/de\/wp-json\/wp\/v2\/media\/6197"}],"wp:attachment":[{"href":"https:\/\/www.qualitester.com\/de\/wp-json\/wp\/v2\/media?parent=5301"}],"wp:term":[{"taxonomy":"product_cat","embeddable":true,"href":"https:\/\/www.qualitester.com\/de\/wp-json\/wp\/v2\/product_cat?post=5301"},{"taxonomy":"product_tag","embeddable":true,"href":"https:\/\/www.qualitester.com\/de\/wp-json\/wp\/v2\/product_tag?post=5301"}],"curies":[{"name":"wp","href":"https:\/\/api.w.org\/{rel}","templated":true}]}}