{"id":5298,"date":"2024-11-12T16:52:09","date_gmt":"2024-11-12T08:52:09","guid":{"rendered":"https:\/\/www.qualitester.com\/?post_type=product&#038;p=5298"},"modified":"2024-12-05T11:12:04","modified_gmt":"2024-12-05T03:12:04","slug":"sale-short-span-compression-tester","status":"publish","type":"product","link":"https:\/\/www.qualitester.com\/de\/produkt-2\/sale-short-span-compression-tester\/","title":{"rendered":"SCT-01 Kompressionstester mit kurzer Spannweite"},"content":{"rendered":"<h2>Einf\u00fchrung in den Short Span Compression Tester<\/h2>\n<p>Der <strong>SCT-01 Kompressionstester mit kurzer Spannweite<\/strong> ist ein hochpr\u00e4zises Instrument zur Bewertung der Druckfestigkeit von Papier und Karton, das wichtige Qualit\u00e4tseinblicke f\u00fcr Materialien liefert, die bei der Herstellung von Beh\u00e4ltern und Kartons verwendet werden. Dieses Pr\u00fcfger\u00e4t eignet sich besonders f\u00fcr Papier und Karton mit einer Grammatur zwischen 100 g\/m\u00b2 und 400 g\/m\u00b2 und stellt sicher, dass nur Materialien mit den erforderlichen Festigkeitsstufen f\u00fcr die Herstellung zugelassen werden. Mit seinem robusten Design und seinen fortschrittlichen Funktionen tr\u00e4gt das SCT-01 zur Optimierung der Produkthaltbarkeit bei und ist damit ein wertvolles Werkzeug f\u00fcr die Qualit\u00e4tskontrolle in verschiedenen Branchen, darunter Verpackung, Papierherstellung und Qualit\u00e4tspr\u00fcfungsbeh\u00f6rden.<\/p>\n<h2>Wichtige Anwendungen<\/h2>\n<p>Der SCT-01 <strong>Kompressionstester mit kurzer Spannweite <\/strong>ist in vielen Branchen einsetzbar, in denen konstante Materialst\u00e4rke und Zuverl\u00e4ssigkeit gefordert sind:<\/p>\n<ul>\n<li><strong>Verpackungsindustrie:<\/strong> \u00dcberpr\u00fcfung der Materialqualit\u00e4t bei der Kisten- und Beh\u00e4lterherstellung, entscheidend f\u00fcr Transport und Lagerung.<\/li>\n<li><strong>Papier- und Kartonherstellung:<\/strong> Sicherstellen, dass die Materialien Belastungen sowohl in Maschinenrichtung als auch quer zur Maschinenrichtung standhalten, wodurch die Haltbarkeit erh\u00f6ht wird.<\/li>\n<li><strong>Qualit\u00e4tspr\u00fcfungsagenturen:<\/strong> Bereitstellung einer standardisierten Testmethode f\u00fcr Konformit\u00e4tspr\u00fcfungen gem\u00e4\u00df ISO 9895.<\/li>\n<\/ul>\n<h2>Systembeschreibung des SCT-01 Short Span Compression Testers<\/h2>\n<p>Der <strong>SCT-01 Kompressionstester mit kurzer Spannweite<\/strong> ist mit Pr\u00e4zisionsklemmen und einem robusten Klemmmechanismus ausgestattet, um genaue Pr\u00fcfungen zu gew\u00e4hrleisten:<\/p>\n<ul>\n<li><strong>Klemmen:<\/strong> Der Tester verf\u00fcgt \u00fcber zwei Klemmen mit jeweils 30 mm L\u00e4nge und festen und beweglichen Backen. Diese Backen sind mit einer Oberfl\u00e4che mit hoher Reibung versehen, um w\u00e4hrend der Tests einen festen und gleichm\u00e4\u00dfigen Halt zu gew\u00e4hrleisten.<\/li>\n<li><strong>Klemmkraft:<\/strong> Es \u00fcbt eine konstante Klemmkraft von 2300 \u00b1 500 N aus und h\u00e4lt das Pr\u00fcfst\u00fcck sicher \u00fcber seine gesamte Breite.<\/li>\n<li><strong>Kieferausrichtung:<\/strong> Die feststehenden und beweglichen Backen sind parallel, sodass bei jedem Test die Einheitlichkeit gew\u00e4hrleistet ist und genaue Messungen m\u00f6glich sind.<\/li>\n<li><strong>Pneumatische Klemmung und einstellbare Pr\u00fcfgeschwindigkeit:<\/strong> Das pneumatische Klemmsystem des Testers mit anpassbarer Kraft und einstellbarer Geschwindigkeit erm\u00f6glicht Flexibilit\u00e4t und Anpassung an verschiedene Testanforderungen und Materialtypen.<\/li>\n<\/ul>\n<h2>Pr\u00fcfprinzip der Short-Span-Compression-Pr\u00fcfung<\/h2>\n<p>Der SCT-01 <strong>Kompressionstester mit kurzer Spannweite <\/strong>basiert auf einem einfachen, aber zuverl\u00e4ssigen Testprinzip:<\/p>\n<ul>\n<li>Eine 15 mm breite Testprobe wird zwischen zwei Backen eingespannt, die zun\u00e4chst einen Abstand von 0,70 mm haben.<\/li>\n<li>Anschlie\u00dfend dr\u00fccken die Backen die Testprobe zusammen, bis sie unter der ausge\u00fcbten Kraft nachgibt.<\/li>\n<li>Die maximal ausge\u00fcbte Kraft vor dem Druckversagen wird aufgezeichnet und dieser Wert wird zur Berechnung der Druckfestigkeit des Materials verwendet.<\/li>\n<\/ul>\n<p>Diese Methode liefert zuverl\u00e4ssige, wiederholbare Ergebnisse und hilft Herstellern, die Festigkeit des Materials in realen Anwendungsumgebungen zu bestimmen.<\/p>\n<h2>\u00dcberblick \u00fcber ISO 9895 und seine Testmethoden<\/h2>\n<p>Der SCT-01 Short Span Compression Tester erf\u00fcllt die <a href=\"https:\/\/www.iso.org\/standard\/41400.html\" target=\"_blank\" rel=\"noopener nofollow\"><strong>ISO 9895<\/strong><\/a> Standard, ein weltweit anerkannter Ma\u00dfstab zur Beurteilung der Kurzspanndruckfestigkeit von Papier und Karton.<\/p>\n<ul>\n<li><strong>Einf\u00fchrung in <a href=\"https:\/\/www.qualitester.com\/de\/produkt-kategorie\/iso\/iso-9895\/\" target=\"_blank\" rel=\"noopener\">ISO 9895<\/a>:<\/strong> ISO 9895 legt Verfahren zur Bestimmung der Druckfestigkeit fest und leitet den Einrichtungs- und Testprozess an, um Konsistenz zwischen verschiedenen Laboren und Branchen zu gew\u00e4hrleisten.<\/li>\n<li><strong>Anforderungen an die Testmethode:<\/strong> ISO 9895 beschreibt die Abmessungen der Pr\u00fcfst\u00fccke, spezifische Spannkr\u00e4fte, Spanngeschwindigkeiten sowie Berechnungen f\u00fcr die Druckfestigkeit und erm\u00f6glicht so standardisierte Pr\u00fcfungen f\u00fcr genaue, vergleichbare Ergebnisse.<\/li>\n<li><strong>Bedeutung der ISO 9895-Konformit\u00e4t:<\/strong> Die Einhaltung der ISO 9895 garantiert, dass das SCT-01 zuverl\u00e4ssige und genaue Messungen der Druckfestigkeit liefert, was f\u00fcr Branchen von entscheidender Bedeutung ist, die internationale Qualit\u00e4ts- und Haltbarkeitsstandards erf\u00fcllen m\u00f6chten.<\/li>\n<\/ul>\n<h2>Vorteile des SCT-01 Short Span Compression Tester<\/h2>\n<p>Der SCT-01 <strong>Kompressionstester mit kurzer Spannweite <\/strong>bietet mehrere Vorteile, die es zur idealen Wahl f\u00fcr Druckpr\u00fcfungen mit kurzer Spannweite machen:<\/p>\n<ul>\n<li><strong>Benutzerfreundliche Bedienung:<\/strong> Ausgestattet mit einem SPS-Steuerungssystem und einer HMI f\u00fcr eine unkomplizierte Bedienung minimiert der SCT-01 Bedienfehler.<\/li>\n<li><strong>Verbesserte Sicherheitsfunktionen:<\/strong> Enth\u00e4lt einen Not-Aus-Schalter und einen \u00dcberbereichsschutz, um einen sicheren Betrieb zu gew\u00e4hrleisten.<\/li>\n<li><strong>Anzeigeoptionen f\u00fcr mehrere Einheiten:<\/strong> Zeigt Testergebnisse in mehreren Einheiten (N, kgf, lbf) an, um eine den Benutzeranforderungen entsprechende Flexibilit\u00e4t zu gew\u00e4hrleisten.<\/li>\n<li><strong>Erweitertes Datenmanagement:<\/strong> Verf\u00fcgt \u00fcber einen integrierten Nadeldrucker zum sofortigen Ausdrucken der Ergebnisse und einen optionalen RS-232-COM-Anschluss mit Software f\u00fcr effiziente Daten\u00fcbertragung und -speicherung.<\/li>\n<\/ul>\n<h2>Technische Daten des SCT-01<\/h2>\n<p>Nachfolgend finden Sie eine Zusammenfassung der wichtigsten technischen Parameter des SCT-01:<\/p>\n<table>\n<thead>\n<tr>\n<th>Parameter<\/th>\n<th>Spezifikation<\/th>\n<\/tr>\n<\/thead>\n<tbody>\n<tr>\n<td style=\"text-align: center;\">Testbereich<\/td>\n<td style=\"text-align: center;\">1 bis 500 N (0,06 bis 33,3 kN\/m)<\/td>\n<\/tr>\n<tr>\n<td style=\"text-align: center;\">Kompressionsabstand<\/td>\n<td style=\"text-align: center;\">0,3~0,7 mm<\/td>\n<\/tr>\n<tr>\n<td style=\"text-align: center;\">Klemml\u00e4nge<\/td>\n<td style=\"text-align: center;\">30 \u00b1 0,5 mm<\/td>\n<\/tr>\n<tr>\n<td style=\"text-align: center;\">Testgeschwindigkeit<\/td>\n<td style=\"text-align: center;\">3 \u00b1 0,1 mm\/min<\/td>\n<\/tr>\n<tr>\n<td style=\"text-align: center;\">Aufl\u00f6sung<\/td>\n<td style=\"text-align: center;\">0,01 N<\/td>\n<\/tr>\n<tr>\n<td style=\"text-align: center;\">Stichprobengr\u00f6\u00dfe<\/td>\n<td style=\"text-align: center;\">15 mm (Breite) x 75 mm (L\u00e4nge)<\/td>\n<\/tr>\n<tr>\n<td style=\"text-align: center;\">Gasdruckbedarf<\/td>\n<td style=\"text-align: center;\">0,5 MPa<\/td>\n<\/tr>\n<tr>\n<td style=\"text-align: center;\">Gasanschlussgr\u00f6\u00dfe<\/td>\n<td style=\"text-align: center;\">\u04246 mm<\/td>\n<\/tr>\n<tr>\n<td style=\"text-align: center;\">Strombedarf<\/td>\n<td style=\"text-align: center;\">Wechselstrom 110\u2013220\u00a0V, 50\u00a0Hz<\/td>\n<\/tr>\n<\/tbody>\n<\/table>\n<p>Diese Spezifikationen stellen sicher, dass der SCT-01 vielseitig, genau und anpassungsf\u00e4hig ist und sich somit ideal f\u00fcr den anspruchsvollen industriellen Einsatz eignet.<\/p>\n<h2>Compliance und Standards von <strong>Kompressionstester mit kurzer Spannweite<\/strong><\/h2>\n<p>Der Short Span Compression Tester SCT-01 entspricht mehreren Normen, was seine Glaubw\u00fcrdigkeit und Relevanz in professionellen Umgebungen erh\u00f6ht:<\/p>\n<ul>\n<li><strong><a href=\"https:\/\/www.iso.org\/standard\/41400.html\" target=\"_blank\" rel=\"noopener nofollow\">ISO 9895<\/a>:<\/strong> Garantiert zuverl\u00e4ssige Messungen der Druckfestigkeit im Nahbereich.<\/li>\n<li><strong>GB\/T 2679.10:<\/strong> Sorgt f\u00fcr regionale Konformit\u00e4t und stellt die Kompatibilit\u00e4t mit Industriestandards in verschiedenen M\u00e4rkten sicher.<\/li>\n<\/ul>\n<h2>H\u00e4ufig gestellte Fragen (FAQ)<\/h2>\n<ol>\n<li><strong>Welche Arten von Materialien k\u00f6nnen mit dem SCT-01 getestet werden?<\/strong>\n<ul>\n<li>Der SCT-01 eignet sich f\u00fcr Papiere und Kartons im Grammaturbereich von 100 g\/m\u00b2 bis 400 g\/m\u00b2, die \u00fcblicherweise in der Verpackungs- und Kartonproduktion verwendet werden.<\/li>\n<\/ul>\n<\/li>\n<li><strong>Wie gew\u00e4hrleistet das SCT-01 genaue Kompressionstestergebnisse?<\/strong>\n<ul>\n<li>Die parallelen und reibungsstarken Backen des SCT-01, die konstante Klemmkraft und die Einhaltung der ISO 9895-Normen gew\u00e4hrleisten hochpr\u00e4zise und wiederholbare Testergebnisse.<\/li>\n<\/ul>\n<\/li>\n<li><strong>Warum ist die Einhaltung von ISO 9895 f\u00fcr Komprimierungstests wichtig?<\/strong>\n<ul>\n<li>ISO 9895 legt weltweite Standards f\u00fcr Testmethoden fest und stellt sicher, dass die Ergebnisse zuverl\u00e4ssig und branchen\u00fcbergreifend vergleichbar sind.<\/li>\n<\/ul>\n<\/li>\n<li><strong>Wie verbessert die pneumatische Klemmung die Testgenauigkeit?<\/strong>\n<ul>\n<li>Durch die pneumatische Klemmung wird ein konstanter Druck auf die Probe ausge\u00fcbt, wodurch ein Verrutschen oder eine Besch\u00e4digung verhindert wird, die die Testergebnisse beeintr\u00e4chtigen k\u00f6nnten.<\/li>\n<\/ul>\n<\/li>\n<li><strong>Welche Vorteile bietet die Verwendung einer Mehrfachanzeige und einer Datenverwaltungssoftware?<\/strong>\n<ul>\n<li>\u00dcber die Mehrfachanzeige k\u00f6nnen Benutzer die Ergebnisse in unterschiedlichen Einheiten anzeigen, w\u00e4hrend die Datenverwaltungssoftware die Ergebnisanalyse und die langfristige Aufzeichnung erleichtert und so die Testeffizienz verbessert.<\/li>\n<\/ul>\n<\/li>\n<\/ol>","protected":false},"excerpt":{"rendered":"<p>Der <strong>SCT-01 Kompressionstester mit kurzer Spannweite<\/strong> ist ein hochpr\u00e4zises Instrument zur Bewertung der Druckfestigkeit von Papier und Karton, das wichtige Qualit\u00e4tseinblicke f\u00fcr Materialien liefert, die bei der Herstellung von Beh\u00e4ltern und Kartons verwendet werden. Dieses Pr\u00fcfger\u00e4t eignet sich besonders f\u00fcr Papier und Karton mit einer Grammatur zwischen 100 g\/m\u00b2 und 400 g\/m\u00b2 und stellt sicher, dass nur Materialien mit den erforderlichen Festigkeitsstufen f\u00fcr die Herstellung zugelassen werden. Mit seinem robusten Design und seinen fortschrittlichen Funktionen tr\u00e4gt das SCT-01 zur Optimierung der Produkthaltbarkeit bei und ist damit ein wertvolles Werkzeug f\u00fcr die Qualit\u00e4tskontrolle in verschiedenen Branchen, darunter Verpackung, Papierherstellung und Qualit\u00e4tspr\u00fcfungsbeh\u00f6rden.<\/p>","protected":false},"featured_media":6195,"comment_status":"closed","ping_status":"closed","template":"","meta":{"site-sidebar-layout":"default","site-content-layout":"default","ast-global-header-display":"","ast-main-header-display":"","ast-hfb-above-header-display":"","ast-hfb-below-header-display":"","ast-hfb-mobile-header-display":"","site-post-title":"","ast-breadcrumbs-content":"","ast-featured-img":"","footer-sml-layout":"","theme-transparent-header-meta":"default","adv-header-id-meta":"","stick-header-meta":"","header-above-stick-meta":"","header-main-stick-meta":"","header-below-stick-meta":""},"product_cat":[964,845,1088,965,44,95],"product_tag":[],"class_list":{"0":"post-5298","1":"product","2":"type-product","3":"status-publish","4":"has-post-thumbnail","6":"product_cat-box-compression-tester","7":"product_cat-customization","8":"product_cat-iso-9895","9":"product_cat-package-compression-tester","10":"product_cat-paper-and-board-testers","11":"product_cat-products","12":"desktop-align-left","13":"tablet-align-left","14":"mobile-align-left","16":"first","17":"instock","18":"shipping-taxable","19":"product-type-simple"},"_links":{"self":[{"href":"https:\/\/www.qualitester.com\/de\/wp-json\/wp\/v2\/product\/5298","targetHints":{"allow":["GET"]}}],"collection":[{"href":"https:\/\/www.qualitester.com\/de\/wp-json\/wp\/v2\/product"}],"about":[{"href":"https:\/\/www.qualitester.com\/de\/wp-json\/wp\/v2\/types\/product"}],"replies":[{"embeddable":true,"href":"https:\/\/www.qualitester.com\/de\/wp-json\/wp\/v2\/comments?post=5298"}],"version-history":[{"count":0,"href":"https:\/\/www.qualitester.com\/de\/wp-json\/wp\/v2\/product\/5298\/revisions"}],"wp:featuredmedia":[{"embeddable":true,"href":"https:\/\/www.qualitester.com\/de\/wp-json\/wp\/v2\/media\/6195"}],"wp:attachment":[{"href":"https:\/\/www.qualitester.com\/de\/wp-json\/wp\/v2\/media?parent=5298"}],"wp:term":[{"taxonomy":"product_cat","embeddable":true,"href":"https:\/\/www.qualitester.com\/de\/wp-json\/wp\/v2\/product_cat?post=5298"},{"taxonomy":"product_tag","embeddable":true,"href":"https:\/\/www.qualitester.com\/de\/wp-json\/wp\/v2\/product_tag?post=5298"}],"curies":[{"name":"wp","href":"https:\/\/api.w.org\/{rel}","templated":true}]}}