{"id":5295,"date":"2024-11-12T16:42:22","date_gmt":"2024-11-12T08:42:22","guid":{"rendered":"https:\/\/www.qualitester.com\/?post_type=product&#038;p=5295"},"modified":"2024-12-05T11:00:26","modified_gmt":"2024-12-05T03:00:26","slug":"sale-paper-softness-tester","status":"publish","type":"product","link":"https:\/\/www.qualitester.com\/de\/produkt-2\/sale-paper-softness-tester\/","title":{"rendered":"RRD-01 Papierweichheitspr\u00fcfger\u00e4t"},"content":{"rendered":"<h2>Einf\u00fchrung<\/h2>\n<p>Der Papierweichheitstester ist ein Pr\u00e4zisionsinstrument zur Messung der Weichheit von Materialien wie Tissue, Vliesstoffen und anderen weichen Verpackungsmaterialien. Dieses Ger\u00e4t spielt eine entscheidende Rolle bei der Qualit\u00e4tskontrolle, indem es genaue Daten zur Weichheit und Flexibilit\u00e4t verschiedener Materialien liefert, die in Branchen wie Verpackung, Medizinprodukte, Textilien und Konsumg\u00fctern des t\u00e4glichen Bedarfs wesentliche Faktoren sind. Ausgestattet mit fortschrittlicher Automatisierungs- und elektronischer Messtechnologie gew\u00e4hrleistet der Papierweichheitstester schnelle, zuverl\u00e4ssige und wiederholbare Ergebnisse und hilft Herstellern, Produktstandards einzuhalten und die Erwartungen der Verbraucher zu erf\u00fcllen.<\/p>\n<h2>Funktionsprinzip<\/h2>\n<p>Der Papierweichheitstester arbeitet mit einem Klingen- und Schlitzmechanismus. W\u00e4hrend des Tests wird eine Probe \u00fcber einen Schlitz auf der Testplattform gelegt, wo eine Klinge (Sonde) Kraft aus\u00fcbt, um das Material in den Schlitz zu dr\u00fccken. Diese vom Tester gemessene Kraft gibt den Weichheitsgrad der Probe an, da sie den Biegewiderstand oder die Flexibilit\u00e4t der Probe darstellt. Das Design des Testers gew\u00e4hrleistet Pr\u00e4zision durch Minimierung von Benutzereingriffen und macht ihn zu einer zuverl\u00e4ssigen Wahl f\u00fcr Labore und Produktionslinien gleicherma\u00dfen.<\/p>\n<h2>Anwendungsbereiche<\/h2>\n<p>Der Papierweichheitstester ist f\u00fcr die Bewertung der physikalischen Eigenschaften von Produkten in verschiedenen Branchen unverzichtbar:<\/p>\n<ul>\n<li><strong>Verpackungsmaterialien<\/strong>: Stellt sicher, dass Verpackungsmaterialien wie weiches Seidenpapier, d\u00fcnne Kunststofffolien und Karton die Anforderungen an Weichheit und Flexibilit\u00e4t erf\u00fcllen.<\/li>\n<li><strong>Papierprodukte<\/strong>: Ideal zum Testen von Tissue-Papier, Toilettenpapier und anderen Papierprodukten f\u00fcr Verbraucher, um optimale Weichheit sicherzustellen.<\/li>\n<li><strong>Medizin und Pharma<\/strong>: Geeignet f\u00fcr Materialien wie medizinische Papiere und Vliesstoffe, die aus Funktionalit\u00e4t und Komfort eine besondere Weichheit ben\u00f6tigen.<\/li>\n<li><strong>Textilien und Klebstoffe<\/strong>: Bewertet die Weichheit und Flexibilit\u00e4t von Textilien und Klebstoffen und stellt sicher, dass sie den Industriestandards f\u00fcr Komfort und Benutzerfreundlichkeit entsprechen.<\/li>\n<\/ul>\n<p>Diese Vielseitigkeit macht den Tester in Branchen wie Verpackung, Lebensmittel, Pharma, Textil und bei Qualit\u00e4tspr\u00fcfungsbeh\u00f6rden unverzichtbar.<\/p>\n<h2>Wichtige Standards<\/h2>\n<p>Der Papierweichheitstester ist vollst\u00e4ndig kompatibel mit den folgenden <a href=\"https:\/\/www.qualitester.com\/de\/produkt-kategorie\/astm\/\" target=\"_blank\" rel=\"noopener\">ASTM-Normen<\/a>, die standardisierte Testmethoden und zuverl\u00e4ssige Ergebnisse bieten:<\/p>\n<ul>\n<li><strong>GB\/T 8942<\/strong> Papier - Bestimmung der Weichheit<\/li>\n<li><a href=\"https:\/\/www.astm.org\/d2923-06.html\" target=\"_blank\" rel=\"noopener nofollow\"><strong>ASTM D2923<\/strong><\/a> Pr\u00fcfverfahren f\u00fcr die Steifigkeit von Polyolefinfolien und -bahnen<\/li>\n<li><strong>QB\/T 1060<\/strong> Weichheitstester<\/li>\n<li><a href=\"https:\/\/www.tappi.org\/product_pull\/09\/dec__06\/__30\/softness-of-sanitary-tissues\/\" target=\"_blank\" rel=\"noopener nofollow\"><strong>TAPPI T498<\/strong><\/a> Weichheit von Hygienet\u00fcchern<\/li>\n<li><strong><a href=\"https:\/\/www.astm.org\/d6828-02r19.html\" target=\"_blank\" rel=\"noopener nofollow\">ASTM D6828<\/a>\u221202<\/strong> (Neu genehmigt 2019) Standardpr\u00fcfverfahren f\u00fcr die Steifigkeit von Geweben im Klingen-\/Schlitzverfahren<\/li>\n<\/ul>\n<p>Die Einhaltung dieser ASTM-Normen garantiert, dass der Papierweichheitstester die internationalen Testanforderungen erf\u00fcllt und den Benutzern Vertrauen in die Qualit\u00e4t und Genauigkeit ihrer Ergebnisse bietet.<\/p>\n<h2>Vorteile des Papierweichheitstesters<\/h2>\n<ul>\n<li><strong>Automatisierte, genaue Messungen<\/strong>: Das automatisierte Design des Testers minimiert die M\u00f6glichkeit menschlicher Fehler und liefert gleichbleibend pr\u00e4zise Ergebnisse ohne manuelle Anpassungen.<\/li>\n<li><strong>Benutzerfreundliche Bedienung<\/strong>: Dank der unkomplizierten Probenplatzierung und des automatischen Testverfahrens k\u00f6nnen Bediener problemlos Tests durchf\u00fchren, ohne dass ihnen umfangreiche Schulungen erforderlich sind.<\/li>\n<li><strong>Verbesserte Zuverl\u00e4ssigkeit<\/strong>: Das elektronische Kontrollsystem sorgt f\u00fcr h\u00f6chst reproduzierbare Ergebnisse und gew\u00e4hrleistet Konsistenz bei der Bewertung der Qualit\u00e4tskontrolle.<\/li>\n<\/ul>\n<h2>Technische Spezifikationen<\/h2>\n<table>\n<tbody>\n<tr>\n<td style=\"text-align: center;\" width=\"126\">Testbereich<\/td>\n<td style=\"text-align: center;\" width=\"222\">(10 bis 1000) mN<\/td>\n<\/tr>\n<tr>\n<td style=\"text-align: center;\" width=\"126\">Testblattgr\u00f6\u00dfe<\/td>\n<td style=\"text-align: center;\" width=\"222\">R. mm, 120 mm x 2 mm L x T<\/td>\n<\/tr>\n<tr>\n<td style=\"text-align: center;\" width=\"126\">Klingenschlag<\/td>\n<td style=\"text-align: center;\" width=\"222\">8 \u00b1 0,5 mm<\/td>\n<\/tr>\n<tr>\n<td style=\"text-align: center;\" width=\"126\">Testgeschwindigkeit<\/td>\n<td style=\"text-align: center;\" width=\"222\">1,2 mm\/s<\/td>\n<\/tr>\n<tr>\n<td style=\"text-align: center;\" width=\"126\">Aufl\u00f6sung erzwingen<\/td>\n<td style=\"text-align: center;\" width=\"222\">1 mN<\/td>\n<\/tr>\n<tr>\n<td style=\"text-align: center;\" width=\"126\">Genauigkeit<\/td>\n<td style=\"text-align: center;\" width=\"222\">\u00b11%<\/td>\n<\/tr>\n<tr>\n<td style=\"text-align: center;\" width=\"126\">Schlitzbreite<\/td>\n<td style=\"text-align: center;\" width=\"222\">5 mm, 6,35 mm, 10 mm, 20 mm<\/td>\n<\/tr>\n<tr>\n<td style=\"text-align: center;\" width=\"126\">Leistung<\/td>\n<td style=\"text-align: center;\" width=\"222\">Wechselstrom 220 V, 50 Hz<\/td>\n<\/tr>\n<\/tbody>\n<\/table>\n<h2>Warum sollten Sie sich f\u00fcr unseren Papierweichheitspr\u00fcfer entscheiden?<\/h2>\n<p>Unser Papierweichheitstester zeichnet sich durch seine Langlebigkeit, Pr\u00e4zision und Einhaltung der ASTM-Standards (ASTM D2063, ASTM D3198 und ASTM D3474) aus. Dieser Tester ist ideal f\u00fcr die Qualit\u00e4tssicherung in Branchen, in denen die Weichheit des Materials im Vordergrund steht, wie Verpackung, Konsumg\u00fcter und Gesundheitswesen. Dar\u00fcber hinaus sind Anpassungsoptionen verf\u00fcgbar, um spezielle Testanforderungen zu erf\u00fcllen und sicherzustellen, dass dieses Instrument den individuellen Anforderungen jedes Benutzers entspricht.<\/p>\n<h2>H\u00e4ufig gestellte Fragen (FAQs)<\/h2>\n<p><strong>1. Worin unterscheidet sich der Papierweichheitstester von anderen Weichheitspr\u00fcfverfahren?<\/strong><br \/>\nIm Gegensatz zu manuellen Testern minimiert dieser automatisierte Tester die Benutzervoreingenommenheit und verbessert die Genauigkeit durch die elektronische Messung der zum Durchdringen der Probe erforderlichen Kraft.<\/p>\n<p><strong>2. Welche Arten von Materialien k\u00f6nnen mit diesem Instrument getestet werden?<\/strong><br \/>\nDieser Tester eignet sich f\u00fcr weiche Materialien wie Seidenpapier, Vliesstoffe, Stoffe und einige Verpackungsmaterialien und bietet Flexibilit\u00e4t bei der Anwendung.<\/p>\n<p><strong>3. Wie genau sind die Ergebnisse und sind sie wiederholbar?<\/strong><br \/>\nDas elektronische Kontrollsystem gew\u00e4hrleistet eine hohe Genauigkeit und Wiederholbarkeit, wodurch dieser Tester f\u00fcr die Qualit\u00e4tskontrolle \u00e4u\u00dferst zuverl\u00e4ssig ist.<\/p>\n<p><strong>4. Ist der Papierweichheitstester f\u00fcr nicht-technisches Personal einfach zu verwenden?<\/strong><br \/>\nJa, der automatisierte Testvorgang und die unkomplizierte Probenplatzierung machen das System benutzerfreundlich, sogar f\u00fcr Bediener mit minimaler technischer Erfahrung.<\/p>","protected":false},"excerpt":{"rendered":"<p>Der Papierweichheitstester ist ein Pr\u00e4zisionsinstrument zur Messung der Weichheit von Materialien wie Tissue, Vliesstoffen und anderen weichen Verpackungsmaterialien. Dieses Ger\u00e4t spielt eine entscheidende Rolle bei der Qualit\u00e4tskontrolle, indem es genaue Daten zur Weichheit und Flexibilit\u00e4t verschiedener Materialien liefert, die in Branchen wie Verpackung, Medizinprodukte, Textilien und Konsumg\u00fctern des t\u00e4glichen Bedarfs wesentliche Faktoren sind. Ausgestattet mit fortschrittlicher Automatisierungs- und elektronischer Messtechnologie gew\u00e4hrleistet der Papierweichheitstester schnelle, zuverl\u00e4ssige und wiederholbare Ergebnisse und hilft Herstellern, Produktstandards einzuhalten und die Erwartungen der Verbraucher zu erf\u00fcllen.<\/p>","protected":false},"featured_media":6192,"comment_status":"closed","ping_status":"closed","template":"","meta":{"site-sidebar-layout":"default","site-content-layout":"default","ast-global-header-display":"","ast-main-header-display":"","ast-hfb-above-header-display":"","ast-hfb-below-header-display":"","ast-hfb-mobile-header-display":"","site-post-title":"","ast-breadcrumbs-content":"","ast-featured-img":"","footer-sml-layout":"","theme-transparent-header-meta":"default","adv-header-id-meta":"","stick-header-meta":"","header-above-stick-meta":"","header-main-stick-meta":"","header-below-stick-meta":""},"product_cat":[845,1151,1153,953,956,955,954,957,958,952,959,1152,44,95],"product_tag":[],"class_list":{"0":"post-5295","1":"product","2":"type-product","3":"status-publish","4":"has-post-thumbnail","6":"product_cat-customization","7":"product_cat-astm-d2923","8":"product_cat-astm-d6828","9":"product_cat-bursting-tester","10":"product_cat-cobb-tester","11":"product_cat-crush-tester","12":"product_cat-paper-tear-tester","13":"product_cat-plybond-tester","14":"product_cat-puncture-tester","15":"product_cat-rub-tester","16":"product_cat-stiffness-tester","17":"product_cat-tappi-t498","18":"product_cat-paper-and-board-testers","19":"product_cat-products","20":"desktop-align-left","21":"tablet-align-left","22":"mobile-align-left","24":"first","25":"instock","26":"shipping-taxable","27":"product-type-simple"},"_links":{"self":[{"href":"https:\/\/www.qualitester.com\/de\/wp-json\/wp\/v2\/product\/5295","targetHints":{"allow":["GET"]}}],"collection":[{"href":"https:\/\/www.qualitester.com\/de\/wp-json\/wp\/v2\/product"}],"about":[{"href":"https:\/\/www.qualitester.com\/de\/wp-json\/wp\/v2\/types\/product"}],"replies":[{"embeddable":true,"href":"https:\/\/www.qualitester.com\/de\/wp-json\/wp\/v2\/comments?post=5295"}],"version-history":[{"count":0,"href":"https:\/\/www.qualitester.com\/de\/wp-json\/wp\/v2\/product\/5295\/revisions"}],"wp:featuredmedia":[{"embeddable":true,"href":"https:\/\/www.qualitester.com\/de\/wp-json\/wp\/v2\/media\/6192"}],"wp:attachment":[{"href":"https:\/\/www.qualitester.com\/de\/wp-json\/wp\/v2\/media?parent=5295"}],"wp:term":[{"taxonomy":"product_cat","embeddable":true,"href":"https:\/\/www.qualitester.com\/de\/wp-json\/wp\/v2\/product_cat?post=5295"},{"taxonomy":"product_tag","embeddable":true,"href":"https:\/\/www.qualitester.com\/de\/wp-json\/wp\/v2\/product_tag?post=5295"}],"curies":[{"name":"wp","href":"https:\/\/api.w.org\/{rel}","templated":true}]}}