{"id":5281,"date":"2024-11-08T10:06:22","date_gmt":"2024-11-08T02:06:22","guid":{"rendered":"https:\/\/www.qualitester.com\/?post_type=product&#038;p=5281"},"modified":"2024-12-05T10:26:34","modified_gmt":"2024-12-05T02:26:34","slug":"sale-paper-board-thickness-tester","status":"publish","type":"product","link":"https:\/\/www.qualitester.com\/de\/produkt-2\/sale-paper-board-thickness-tester\/","title":{"rendered":"PBT-01 Kartondickenpr\u00fcfger\u00e4t"},"content":{"rendered":"<h2><strong>Einf\u00fchrung zum Kartondickenpr\u00fcfger\u00e4t<\/strong><\/h2>\n<p>Der <strong>PBT-01 Kartondickenpr\u00fcfger\u00e4t<\/strong> ist ein modernes, hochpr\u00e4zises Instrument, das speziell f\u00fcr die Messung der Dicke einzelner Wellpappebl\u00e4tter entwickelt wurde. Dieses Ger\u00e4t spielt eine wichtige Rolle bei der Qualit\u00e4tskontrolle von Verpackungsmaterialien, da genaue Dickenmessungen f\u00fcr die Bestimmung der Haltbarkeit und Festigkeit von Wellpappe, die bei der Herstellung von Verpackungskisten und anderen Verpackungsl\u00f6sungen verwendet wird, unerl\u00e4sslich sind. Der PBT-01 ist f\u00fcr alle Arten von Wellpappe geeignet und stellt sicher, dass Verpackungsmaterialien strenge Qualit\u00e4tsstandards in Bezug auf Schutz und Zuverl\u00e4ssigkeit erf\u00fcllen.<\/p>\n<h2><strong>Bedeutung einer genauen Dickenmessung bei Verpackungen<\/strong><\/h2>\n<p>Eine genaue Dickenmessung ist in der Verpackungsindustrie von entscheidender Bedeutung, da die Konsistenz der Kartondicke die Schutzeigenschaften und die strukturelle Integrit\u00e4t des Endprodukts beeinflusst. Die <strong>PBT-01 Kartondickenpr\u00fcfger\u00e4t<\/strong> hilft Herstellern und Qualit\u00e4tskontrollfachleuten zu \u00fcberpr\u00fcfen, ob jedes Blatt die genauen Dickenanforderungen erf\u00fcllt, wodurch die Materialleistung optimiert und die Produktqualit\u00e4t w\u00e4hrend des Transports aufrechterhalten wird. Eine zuverl\u00e4ssige Dickenmessung verhindert Materialverschwendung, verst\u00e4rkt die Verpackungsstabilit\u00e4t und gew\u00e4hrleistet die Einhaltung gesetzlicher Vorschriften hinsichtlich der Verpackungsqualit\u00e4t.<\/p>\n<h2><strong>Pr\u00fcfprinzip und -methodik des Kartondickenpr\u00fcfers<\/strong><\/h2>\n<ul>\n<li><strong>Prinzip der Dickenmessung<\/strong> Der PBT-01 misst die Dicke von Wellpappe, indem er die Wellpappenprobe zwischen zwei parallele, kreisf\u00f6rmige Druckfl\u00e4chen legt und einer bestimmten statischen Last aussetzt. Dieser hochpr\u00e4zise Test wendet den erforderlichen Druck an, um die Dicke der Wellpappe mit un\u00fcbertroffener Genauigkeit zu erfassen.<\/li>\n<li><strong>Methode zur Messung der Verschiebungsdicke<\/strong> Der PBT-01 verwendet die Methode der Verschiebungsdickenmessung und verf\u00fcgt \u00fcber eine feste Fl\u00e4che (den Amboss) und eine bewegliche Fl\u00e4che, die beim Messen der Dicke einen gleichm\u00e4\u00dfigen Druck aus\u00fcbt. Die bewegliche Fl\u00e4che \u00fcbt einen konstanten Druck von 20 kPa \u00b1 0,5 kPa aus, wodurch genaue und reproduzierbare Ergebnisse gew\u00e4hrleistet werden. Das Ger\u00e4t kann Dicken von 0 bis 20 mm mit einer Aufl\u00f6sung von 0,001 mm messen und ist damit eine zuverl\u00e4ssige Wahl sowohl f\u00fcr Standard- als auch f\u00fcr spezielle Pr\u00fcfzwecke.<\/li>\n<\/ul>\n<h2><strong>Ger\u00e4teaufbau und technische Daten<\/strong><\/h2>\n<ul>\n<li><strong>Druckfl\u00e4chen und Kontaktfl\u00e4che<\/strong> Die beiden kreisf\u00f6rmigen Druckfl\u00e4chen des PBT-01 sind auf optimale Genauigkeit ausgelegt. Der Amboss ist station\u00e4r, w\u00e4hrend sich die zweite Fl\u00e4che senkrecht bewegt, um mit einer Geschwindigkeit von 2 mm\/s bis 3 mm\/s gleichm\u00e4\u00dfig Druck auszu\u00fcben. Die kreisf\u00f6rmigen Druckfl\u00e4chen haben einen Durchmesser von 35,7 mm \u00b1 0,3 mm und eine Kontaktfl\u00e4che von 1000 mm\u00b2 \u00b1 20 mm\u00b2. Diese Konfiguration gew\u00e4hrleistet eine gleichm\u00e4\u00dfige Verteilung des Pr\u00fcfdrucks und erm\u00f6glicht pr\u00e4zise Dickenmessungen.<\/li>\n<li><strong>Technische Eigenschaften<\/strong> Der PBT-01 Kartondickenpr\u00fcfer verf\u00fcgt \u00fcber wichtige technische Funktionen:<br \/>\n<table>\n<tbody>\n<tr>\n<td width=\"220\">Testbereich<\/td>\n<td width=\"110\">0\uff5e20 mm<\/td>\n<\/tr>\n<tr>\n<td width=\"220\">Aufl\u00f6sung<\/td>\n<td width=\"110\">0,001 mm<\/td>\n<\/tr>\n<tr>\n<td width=\"220\">Kontaktbereich<\/td>\n<td width=\"110\">1000\u00b120 mm\u00b2<\/td>\n<\/tr>\n<tr>\n<td width=\"220\">Kontaktdruck<\/td>\n<td width=\"110\">20 \u00b1 2 kPa<\/td>\n<\/tr>\n<tr>\n<td width=\"220\">Messen der Oberfl\u00e4chenparallelit\u00e4t<\/td>\n<td width=\"110\">\u22640,035 mm<\/td>\n<\/tr>\n<tr>\n<td width=\"220\">Anzeigefehler<\/td>\n<td width=\"110\">\u00b10,05 %<\/td>\n<\/tr>\n<\/tbody>\n<\/table>\n<\/li>\n<\/ul>\n<h2><strong>Einhaltung von Industriestandards<\/strong><\/h2>\n<p>Der PBT-01-Papierdickenpr\u00fcfer wurde gem\u00e4\u00df den Industrienormen f\u00fcr die Pr\u00fcfung von Wellpappe und Verpackungsmaterialien entwickelt und erf\u00fcllt die technischen Genauigkeitsanforderungen dieser Richtlinien. Die Einhaltung dieser Normen ist f\u00fcr zuverl\u00e4ssige und konsistente Messungen in professionellen Verpackungsanwendungen unerl\u00e4sslich und st\u00e4rkt die Rolle des Pr\u00fcfger\u00e4ts bei der Gew\u00e4hrleistung der Qualit\u00e4tskontrolle und -konformit\u00e4t in allen Branchen.<\/p>\n<h2><strong>Vorteile des PBT-01 Kartondickenpr\u00fcfger\u00e4ts<\/strong><\/h2>\n<p>Das PBT-01 bietet einzigartige Vorteile, die es im Bereich der Materialpr\u00fcfung auszeichnen:<\/p>\n<ul>\n<li><strong>Hohe Pr\u00e4zision:<\/strong> Mit einer Aufl\u00f6sung von 0,001 mm garantiert das PBT-01 hochpr\u00e4zise Messungen f\u00fcr eine zuverl\u00e4ssige Qualit\u00e4tskontrolle.<\/li>\n<li><strong>Vielseitige Anwendungen:<\/strong> Geeignet f\u00fcr alle Wellpappearten und somit vielseitig einsetzbar f\u00fcr unterschiedliche Verpackungsarten.<\/li>\n<li><strong>Benutzerfreundliches Design:<\/strong> Funktionen wie die ZERO-Reset-Funktion und einfache Leistungssteuerung erh\u00f6hen den Bedienkomfort.<\/li>\n<li><strong>Verbesserte Qualit\u00e4tskontrolle:<\/strong> Gew\u00e4hrleistet eine konsistente Dickenmessung f\u00fcr eine verbesserte Haltbarkeit der Verpackung und Materialeinsparungen.<\/li>\n<\/ul>\n<h2><strong>Branchen\u00fcbergreifende Anwendungen<\/strong><\/h2>\n<p>Der PBT-01-Dickenpr\u00fcfer f\u00fcr Karton ist in vielen Branchen einsetzbar, darunter Verpackung, Lebensmittel, Pharmazeutika und Qualit\u00e4tspr\u00fcfungsbeh\u00f6rden. Mit seinen pr\u00e4zisen und konsistenten Messungen erm\u00f6glicht das PBT-01-Dickenmessger\u00e4t Unternehmen eine strenge Qualit\u00e4tskontrolle von Verpackungsmaterialien und unterst\u00fctzt die Entwicklung langlebiger und zuverl\u00e4ssiger Verpackungsl\u00f6sungen in allen Branchen.<\/p>\n<h2><strong>H\u00e4ufig gestellte Fragen (FAQ)<\/strong><\/h2>\n<ol>\n<li><strong>Was ist Wellpappe?<\/strong>\n<ul>\n<li>Wellpappe besteht aus einem oder mehreren Bl\u00e4ttern gewellten Papiers, die auf ein flaches Blatt Karton oder zwischen mehrere Bl\u00e4tter geklebt sind. Aufgrund seiner Festigkeit und sto\u00dfd\u00e4mpfenden Eigenschaften ist es ein beliebtes Verpackungsmaterial.<\/li>\n<\/ul>\n<\/li>\n<li><strong>Was versteht man unter \u201eEinzelblattdicke bei Wellpappe\u201c?<\/strong>\n<ul>\n<li>Unter Einzelblattdicke versteht man den Abstand zwischen einer Oberfl\u00e4che eines Wellpappeblatts und der gegen\u00fcberliegenden Oberfl\u00e4che, gemessen unter einer bestimmten statischen Belastung.<\/li>\n<\/ul>\n<\/li>\n<li><strong>Wie genau ist die Dickenmessung mit dem PBT-01?<\/strong>\n<ul>\n<li>Der PBT-01 bietet hohe Pr\u00e4zision mit einer Aufl\u00f6sung von 0,001 mm und einer Genauigkeitsrate von \u00b10,05% und ist damit eine zuverl\u00e4ssige Wahl f\u00fcr konsistente und reproduzierbare Messungen.<\/li>\n<\/ul>\n<\/li>\n<li><strong>Warum ist der Anpressdruck bei der Dickenmessung wichtig?<\/strong>\n<ul>\n<li>Durch die Anwendung eines konstanten Kontaktdrucks w\u00e4hrend des Tests wird sichergestellt, dass die Messung die Dicke der Platte ohne Kompressionsabweichungen genau widerspiegelt und somit wiederholbare und zuverl\u00e4ssige Ergebnisse liefert.<\/li>\n<\/ul>\n<\/li>\n<li><strong>Welche Branchen profitieren vom Einsatz des PBT-01-Dickenpr\u00fcfger\u00e4ts?<\/strong>\n<ul>\n<li>PBT-01 ist unverzichtbar f\u00fcr die Verpackungs-, Lebensmittel- und Pharmaindustrie sowie andere Branchen, in denen Materialqualit\u00e4t und Verpackungszuverl\u00e4ssigkeit f\u00fcr den Produktschutz und die Produktsicherheit von entscheidender Bedeutung sind.<\/li>\n<\/ul>\n<\/li>\n<\/ol>","protected":false},"excerpt":{"rendered":"<p>Der <strong>PBT-01 Kartondickenpr\u00fcfger\u00e4t<\/strong> ist ein modernes, hochpr\u00e4zises Instrument, das speziell f\u00fcr die Messung der Dicke einzelner Wellpappebl\u00e4tter entwickelt wurde. Dieses Ger\u00e4t spielt eine wichtige Rolle bei der Qualit\u00e4tskontrolle von Verpackungsmaterialien, da genaue Dickenmessungen f\u00fcr die Bestimmung der Haltbarkeit und Festigkeit von Wellpappe, die bei der Herstellung von Verpackungskisten und anderen Verpackungsl\u00f6sungen verwendet wird, unerl\u00e4sslich sind. Der PBT-01 ist f\u00fcr alle Arten von Wellpappe geeignet und stellt sicher, dass Verpackungsmaterialien strenge Qualit\u00e4tsstandards in Bezug auf Schutz und Zuverl\u00e4ssigkeit erf\u00fcllen.<\/p>","protected":false},"featured_media":6184,"comment_status":"closed","ping_status":"closed","template":"","meta":{"site-sidebar-layout":"default","site-content-layout":"default","ast-global-header-display":"","ast-main-header-display":"","ast-hfb-above-header-display":"","ast-hfb-below-header-display":"","ast-hfb-mobile-header-display":"","site-post-title":"","ast-breadcrumbs-content":"","ast-featured-img":"","footer-sml-layout":"","theme-transparent-header-meta":"default","adv-header-id-meta":"","stick-header-meta":"","header-above-stick-meta":"","header-main-stick-meta":"","header-below-stick-meta":""},"product_cat":[685,845,1149,962,44,160,95],"product_tag":[],"class_list":{"0":"post-5281","1":"product","2":"type-product","3":"status-publish","4":"has-post-thumbnail","6":"product_cat-thickness-tester","7":"product_cat-customization","8":"product_cat-tappi-t437","9":"product_cat-thickness-gauges","10":"product_cat-paper-and-board-testers","11":"product_cat-iso-3034","12":"product_cat-products","13":"desktop-align-left","14":"tablet-align-left","15":"mobile-align-left","17":"first","18":"instock","19":"shipping-taxable","20":"product-type-simple"},"_links":{"self":[{"href":"https:\/\/www.qualitester.com\/de\/wp-json\/wp\/v2\/product\/5281","targetHints":{"allow":["GET"]}}],"collection":[{"href":"https:\/\/www.qualitester.com\/de\/wp-json\/wp\/v2\/product"}],"about":[{"href":"https:\/\/www.qualitester.com\/de\/wp-json\/wp\/v2\/types\/product"}],"replies":[{"embeddable":true,"href":"https:\/\/www.qualitester.com\/de\/wp-json\/wp\/v2\/comments?post=5281"}],"version-history":[{"count":0,"href":"https:\/\/www.qualitester.com\/de\/wp-json\/wp\/v2\/product\/5281\/revisions"}],"wp:featuredmedia":[{"embeddable":true,"href":"https:\/\/www.qualitester.com\/de\/wp-json\/wp\/v2\/media\/6184"}],"wp:attachment":[{"href":"https:\/\/www.qualitester.com\/de\/wp-json\/wp\/v2\/media?parent=5281"}],"wp:term":[{"taxonomy":"product_cat","embeddable":true,"href":"https:\/\/www.qualitester.com\/de\/wp-json\/wp\/v2\/product_cat?post=5281"},{"taxonomy":"product_tag","embeddable":true,"href":"https:\/\/www.qualitester.com\/de\/wp-json\/wp\/v2\/product_tag?post=5281"}],"curies":[{"name":"wp","href":"https:\/\/api.w.org\/{rel}","templated":true}]}}