{"id":5275,"date":"2024-11-08T09:59:06","date_gmt":"2024-11-08T01:59:06","guid":{"rendered":"https:\/\/www.qualitester.com\/?post_type=product&#038;p=5275"},"modified":"2024-12-05T10:22:46","modified_gmt":"2024-12-05T02:22:46","slug":"sale-mit-folding-endurance-tester","status":"publish","type":"product","link":"https:\/\/www.qualitester.com\/de\/produkt-2\/sale-mit-folding-endurance-tester\/","title":{"rendered":"NZD-01 MIT Klapp-Ausdauertester"},"content":{"rendered":"<h2>Einf\u00fchrung in den MIT Folding Endurance Tester<\/h2>\n<p>Der MIT Folding Endurance Tester, insbesondere das Modell NZD-01, ist ein zuverl\u00e4ssiges und pr\u00e4zises Instrument zur Beurteilung der Falzfestigkeit von Blattmaterialien, einschlie\u00dflich Papier, Karton und Tabakbl\u00e4ttern mit einer Dicke von bis zu 1,25 mm. Die Pr\u00fcfung der Falzbest\u00e4ndigkeit ist f\u00fcr Industrien, in denen Materialien h\u00e4ufig gebogen und gefaltet werden, unverzichtbar und somit ein wichtiges Instrument f\u00fcr die Qualit\u00e4tskontrolle in der Verpackungs- und Papierproduktion und sogar in der Textil- und Tabakherstellung. Die fortschrittlichen Funktionen des NZD-01 MIT-Faltfestigkeitspr\u00fcfers und die Einhaltung internationaler Normen machen ihn zur idealen Wahl f\u00fcr Hersteller und Forscher, die sich mit der Haltbarkeit von Materialien befassen.<\/p>\n<h2>Warum MIT-Klapp-Dauertests f\u00fcr die Qualit\u00e4tssicherung wichtig sind<\/h2>\n<p>Die Faltfestigkeit ist ein wichtiger Indikator f\u00fcr die F\u00e4higkeit eines Materials, wiederholten Biegungen standzuhalten, ohne zu rei\u00dfen oder zu schw\u00e4cheln. Der MIT Folding Endurance Tester liefert genaue Werte f\u00fcr die Faltfestigkeit, die die Haltbarkeit eines Materials widerspiegeln. Materialien mit h\u00f6heren Falzfestigkeitswerten weisen eine gr\u00f6\u00dfere Widerstandsf\u00e4higkeit gegen Falzbelastungen auf, was die Leistung und Langlebigkeit von Endprodukten erheblich beeinflussen kann. Mit dem MIT Folding Endurance Tester k\u00f6nnen Hersteller datengest\u00fctzte Entscheidungen bei der Auswahl von Materialien treffen, die sich in realen Anwendungen bew\u00e4hren.<\/p>\n<h2>\u00dcberblick \u00fcber die Norm ISO 5626: Sicherstellung der Konsistenz bei Falttests<\/h2>\n<p>Der MIT Folding Endurance Tester erf\u00fcllt die folgenden Anforderungen <a href=\"https:\/\/www.iso.org\/standard\/11700.html\" target=\"_blank\" rel=\"noopener nofollow\"><strong>ISO 5626<\/strong><\/a>, ist eine Norm, die die Methode zur Bestimmung der Faltfestigkeit von Papier und verwandten Materialien beschreibt. Diese internationale Norm gew\u00e4hrleistet branchen\u00fcbergreifend einheitliche Pr\u00fcfverfahren und legt Richtlinien f\u00fcr die Vorbereitung der Proben, die Anwendung der Falzspannung und die Messung der Falzfestigkeit fest. Unter <a href=\"https:\/\/www.qualitester.com\/de\/produkt-kategorie\/iso\/iso-5626\/\" target=\"_blank\" rel=\"noopener\">ISO 5626<\/a>, Mit dem MIT Folding Endurance Tester werden Proben doppelt gefaltet, bis sie die Sollbruchstelle erreichen, und die Ergebnisse geben Aufschluss \u00fcber die Faltfestigkeit des Materials. Da der MIT Folding Endurance Tester die ISO 5626-Normen erf\u00fcllt, hilft er Unternehmen bei der Einhaltung globaler Pr\u00fcfprotokolle und bei der Aufrechterhaltung hochwertiger Benchmarks f\u00fcr ihre Materialien.<\/p>\n<h2>Testprinzipien und Funktionsweise des MIT-Klapp-Dauerlauftests<\/h2>\n<p>Das Pr\u00fcfverfahren beginnt mit dem vorsichtigen Einspannen der Probe in die Klappbacken des Ger\u00e4ts. Die Probe wird sicher in einer Ebene gehalten, und es wird eine Zugkraft von typischerweise etwa 9,81 N aufgebracht, die die Kr\u00e4fte simuliert, die in der Realit\u00e4t auf das Material wirken. Der Faltkopf bewegt sich vor und zur\u00fcck und f\u00fchrt dabei Doppelfalten aus, bis die Probe bricht. Nach Abschluss des Tests h\u00e4lt der Z\u00e4hler automatisch an und zeichnet die Anzahl der Doppelfalten auf, die erforderlich sind, bis das Material bricht. Diese Zahl steht f\u00fcr die Bruchfestigkeit der Probe und gibt Aufschluss \u00fcber ihre Haltbarkeit unter Biegebelastung.<\/p>\n<h2>Die wichtigsten technischen Merkmale des MIT-Klapp-Dauertesters<\/h2>\n<ul>\n<li><strong>Einstellbare Falzrate:<\/strong> Der Benutzer kann die Faltgeschwindigkeit zwischen 20 und 200 Doppelfaltungen pro Minute einstellen, um verschiedene Materialien und Pr\u00fcfbedingungen zu ber\u00fccksichtigen.<\/li>\n<li><strong>Farb-Touchscreen und Mikrodrucker:<\/strong> Der Touchscreen bietet eine intuitive Benutzeroberfl\u00e4che, w\u00e4hrend der integrierte Thermodrucker sofortige Ausdrucke der Testergebnisse f\u00fcr eine einfache Protokollierung erstellt.<\/li>\n<li><strong>Eine Vielzahl von Klappk\u00f6pfen:<\/strong> Ausgestattet mit austauschbaren Faltk\u00f6pfen, wodurch das Pr\u00fcfger\u00e4t vielseitig genug ist, um eine breite Palette von Materialien mit unterschiedlichen Dicken und Eigenschaften zu verarbeiten.<\/li>\n<li><strong>Zus\u00e4tzliche Spezifikationen:<\/strong> Zu den weiteren wichtigen Parametern geh\u00f6ren ein Faltungswinkel von 135\u00b0, eine Faltungsdauer von bis zu 99.999 Faltungen und eine einstellbare Probenspannkraft von 4,91 N bis 14,72 N, die pr\u00e4zise und wiederholbare Ergebnisse gew\u00e4hrleistet.<\/li>\n<\/ul>\n<h2>Einhaltung zus\u00e4tzlicher Normen<\/h2>\n<p>Zus\u00e4tzlich zur ISO 5626 erf\u00fcllt der MIT Folding Endurance Tester die folgenden Normen:<\/p>\n<ul>\n<li><strong>TAPPI T511:<\/strong> US-Norm zur Bewertung der Faltfestigkeit von Papier- und Kartonmaterialien.<\/li>\n<li><strong>GB\/T 457:<\/strong> Eine nationale Norm in China zur Bestimmung der Faltfestigkeit von Papier.<\/li>\n<li><strong>QB\/T 1049:<\/strong> Zus\u00e4tzliche regionale Norm, die bei der Materialpr\u00fcfung f\u00fcr spezifische Qualit\u00e4tssicherungsprotokolle verwendet wird.<\/li>\n<\/ul>\n<h2>Anwendungen des MIT-Klapp-Dauertesters<\/h2>\n<ul>\n<li><strong>Verpackungs- und Papierindustrie:<\/strong> Das Pr\u00fcfger\u00e4t wird in gro\u00dfem Umfang zur Bewertung der Haltbarkeit von Materialien in Verpackungen und Papierprodukten eingesetzt, um sicherzustellen, dass sie den Industriestandards f\u00fcr die Faltfestigkeit entsprechen.<\/li>\n<li><strong>Tabak und Textilien:<\/strong> Bei d\u00fcnnen, speziellen Materialien wie Tabakbl\u00e4ttern und Textilien ist dieses Pr\u00fcfger\u00e4t f\u00fcr die Beurteilung der Haltbarkeit von entscheidender Bedeutung und stellt sicher, dass die Materialien auch bei h\u00e4ufiger Handhabung unversehrt bleiben.<\/li>\n<li><strong>Forschungs- und Entwicklungslaboratorien:<\/strong> In der Forschung und Entwicklung hilft das Pr\u00fcfger\u00e4t bei der Bewertung von Materialien unter simulierten Einsatzbedingungen und unterst\u00fctzt die Hersteller bei der Verbesserung der Produktleistung und der Auswahl der f\u00fcr ihre Anwendungen am besten geeigneten Materialien.<\/li>\n<\/ul>\n<h2>Optionale Konfigurationen und Zubeh\u00f6r<\/h2>\n<p>Der MIT Folding Endurance Tester kann mit zus\u00e4tzlichem Zubeh\u00f6r an spezifische Pr\u00fcfanforderungen angepasst werden:<\/p>\n<ul>\n<li><strong>Nicht-Standard-Backen:<\/strong> Diese anpassbaren Backen passen sich einzigartigen Materialabmessungen und -formen an.<\/li>\n<li><strong>Kalibrierungs- und Wartungswerkzeuge:<\/strong> Unverzichtbares Zubeh\u00f6r, um das Ger\u00e4t in einwandfreiem Zustand zu halten und eine gleichbleibende Genauigkeit bei den Pr\u00fcfungen zu gew\u00e4hrleisten.<\/li>\n<\/ul>\n<h2>Technische Daten des MIT-Faltausdauertesters (Modell NZD-01)<\/h2>\n<table>\n<tbody>\n<tr>\n<td width=\"349\">Messbereich<\/td>\n<td width=\"456\">\u00a01\uff5e99999 Mal<\/td>\n<\/tr>\n<tr>\n<td width=\"349\">Ausdauer beim Falten (Logarithmus)<\/td>\n<td width=\"456\">\u00a00\uff5e4.99<\/td>\n<\/tr>\n<tr>\n<td width=\"349\">Klapp-Winkel<\/td>\n<td width=\"456\">\uff08135 \u00b1 2\uff09\u00b0<\/td>\n<\/tr>\n<tr>\n<td width=\"349\">Folding Geschwindigkeit<\/td>\n<td width=\"456\">\uff08175\u00b110\uff09\u6b21\/\u5206\u949f<\/td>\n<\/tr>\n<tr>\n<td width=\"349\">Sample-Breite<\/td>\n<td width=\"456\">\uff0815 \u00b1 0,1\uff09Mm<\/td>\n<\/tr>\n<tr>\n<td width=\"349\">Spannkraft<\/td>\n<td width=\"456\">\uff084.91\uff5e14.72\uff09N<\/td>\n<\/tr>\n<tr>\n<td width=\"349\">Folding Opening Rissabstand<\/td>\n<td width=\"456\">0.25mm\/0.50mm\/0.75mm\/1.00mm\/1.25mm\uff08Choose One\uff09<\/td>\n<\/tr>\n<tr>\n<td width=\"349\">Bogenradius des Falzes<\/td>\n<td width=\"456\">\uff080,38\u00b10,02\uff09Mm<\/td>\n<\/tr>\n<tr>\n<td width=\"349\">Anzeige<\/td>\n<td width=\"456\">5\u201d Touchscreen<\/td>\n<\/tr>\n<tr>\n<td width=\"349\">Drucker<\/td>\n<td width=\"456\">Modularer integrierter Thermodrucker<\/td>\n<\/tr>\n<tr>\n<td width=\"349\">Umwelt<\/td>\n<td width=\"456\">Umgebung\uff0820 \u00b1 10\uff09\u00b0C\uff1bRh \uff1c 85\uff05<\/td>\n<\/tr>\n<tr>\n<td width=\"349\">Leistung<\/td>\n<td width=\"456\">Ac220v, 50hz<\/td>\n<\/tr>\n<\/tbody>\n<\/table>\n<h2>FAQ-Bereich<\/h2>\n<ol>\n<li><strong>Welche Materialien kann der MIT Folding Endurance Tester verarbeiten?<\/strong><br \/>\nDer Tester ist f\u00fcr d\u00fcnne Materialien wie Papier, Karton und Tabakbl\u00e4tter mit einer Dicke von bis zu 1,25 mm geeignet.<\/li>\n<li><strong>Wie misst das Instrument die Faltausdauer?<\/strong><br \/>\nDas Pr\u00fcfger\u00e4t f\u00fchrt eine doppelte Faltung durch, bis die Probe bricht, wobei die Anzahl der Faltungen als Indikator f\u00fcr die Faltungsbest\u00e4ndigkeit aufgezeichnet wird.<\/li>\n<li><strong>Welche Bedeutung hat die ISO 5626 f\u00fcr die Pr\u00fcfung?<\/strong><br \/>\nDie ISO 5626 spezifiziert die standardisierte Methode f\u00fcr die Pr\u00fcfung der Falzfestigkeit und gew\u00e4hrleistet einheitliche und vergleichbare Ergebnisse in allen Branchen.<\/li>\n<li><strong>Welche Branchen profitieren vom Einsatz dieses Testers?<\/strong><br \/>\nIn Branchen wie der Verpackungs-, Papier-, Textil- und Tabakindustrie wird dieses Ger\u00e4t zur Qualit\u00e4tskontrolle und Materialpr\u00fcfung eingesetzt.<\/li>\n<li><strong>Kann ich den Faltkopf f\u00fcr spezielle Materialien anpassen?<\/strong><br \/>\nJa, nicht genormte Klemmbacken und andere kundenspezifische Konfigurationen sind erh\u00e4ltlich, um speziellen Anforderungen an die Materialpr\u00fcfung gerecht zu werden.<\/li>\n<\/ol>","protected":false},"excerpt":{"rendered":"<p>Der MIT Folding Endurance Tester, insbesondere das Modell NZD-01, ist ein zuverl\u00e4ssiges und pr\u00e4zises Instrument zur Beurteilung der Falzfestigkeit von Blattmaterialien, einschlie\u00dflich Papier, Karton und Tabakbl\u00e4ttern mit einer Dicke von bis zu 1,25 mm. Die Pr\u00fcfung der Falzbest\u00e4ndigkeit ist f\u00fcr Industrien, in denen Materialien h\u00e4ufig gebogen und gefaltet werden, unverzichtbar und somit ein wichtiges Instrument f\u00fcr die Qualit\u00e4tskontrolle in der Verpackungs- und Papierproduktion und sogar in der Textil- und Tabakherstellung. Die fortschrittlichen Funktionen des NZD-01 MIT-Faltfestigkeitspr\u00fcfers und die Einhaltung internationaler Normen machen ihn zur idealen Wahl f\u00fcr Hersteller und Forscher, die sich mit der Haltbarkeit von Materialien befassen.<\/p>","protected":false},"featured_media":6182,"comment_status":"closed","ping_status":"closed","template":"","meta":{"site-sidebar-layout":"default","site-content-layout":"default","ast-global-header-display":"","ast-main-header-display":"","ast-hfb-above-header-display":"","ast-hfb-below-header-display":"","ast-hfb-mobile-header-display":"","site-post-title":"","ast-breadcrumbs-content":"","ast-featured-img":"","footer-sml-layout":"","theme-transparent-header-meta":"default","adv-header-id-meta":"","stick-header-meta":"","header-above-stick-meta":"","header-main-stick-meta":"","header-below-stick-meta":""},"product_cat":[953,956,955,845,1083,1084,1085,44,95],"product_tag":[],"class_list":{"0":"post-5275","1":"product","2":"type-product","3":"status-publish","4":"has-post-thumbnail","6":"product_cat-bursting-tester","7":"product_cat-cobb-tester","8":"product_cat-crush-tester","9":"product_cat-customization","10":"product_cat-iso-5626","11":"product_cat-mit-folding-endurance-tester","12":"product_cat-tappi-t511","13":"product_cat-paper-and-board-testers","14":"product_cat-products","15":"desktop-align-left","16":"tablet-align-left","17":"mobile-align-left","19":"first","20":"instock","21":"shipping-taxable","22":"product-type-simple"},"_links":{"self":[{"href":"https:\/\/www.qualitester.com\/de\/wp-json\/wp\/v2\/product\/5275","targetHints":{"allow":["GET"]}}],"collection":[{"href":"https:\/\/www.qualitester.com\/de\/wp-json\/wp\/v2\/product"}],"about":[{"href":"https:\/\/www.qualitester.com\/de\/wp-json\/wp\/v2\/types\/product"}],"replies":[{"embeddable":true,"href":"https:\/\/www.qualitester.com\/de\/wp-json\/wp\/v2\/comments?post=5275"}],"version-history":[{"count":0,"href":"https:\/\/www.qualitester.com\/de\/wp-json\/wp\/v2\/product\/5275\/revisions"}],"wp:featuredmedia":[{"embeddable":true,"href":"https:\/\/www.qualitester.com\/de\/wp-json\/wp\/v2\/media\/6182"}],"wp:attachment":[{"href":"https:\/\/www.qualitester.com\/de\/wp-json\/wp\/v2\/media?parent=5275"}],"wp:term":[{"taxonomy":"product_cat","embeddable":true,"href":"https:\/\/www.qualitester.com\/de\/wp-json\/wp\/v2\/product_cat?post=5275"},{"taxonomy":"product_tag","embeddable":true,"href":"https:\/\/www.qualitester.com\/de\/wp-json\/wp\/v2\/product_tag?post=5275"}],"curies":[{"name":"wp","href":"https:\/\/api.w.org\/{rel}","templated":true}]}}