{"id":5254,"date":"2024-11-07T09:31:49","date_gmt":"2024-11-07T01:31:49","guid":{"rendered":"https:\/\/www.qualitester.com\/?post_type=product&#038;p=5254"},"modified":"2024-12-05T10:01:46","modified_gmt":"2024-12-05T02:01:46","slug":"sale-bursting-strength-tester","status":"publish","type":"product","link":"https:\/\/www.qualitester.com\/de\/produkt-2\/sale-bursting-strength-tester\/","title":{"rendered":"Berstfestigkeitspr\u00fcfger\u00e4t"},"content":{"rendered":"<p>Der <strong>Berstfestigkeitspr\u00fcfger\u00e4t<\/strong> ist ein unverzichtbares Werkzeug zur Bewertung der strukturellen Integrit\u00e4t und Haltbarkeit von Papier- und Kartonmaterialien. Dieser Tester wurde entwickelt, um die maximale Kraft zu ermitteln, der diese Materialien standhalten k\u00f6nnen, bevor sie rei\u00dfen. Er wird h\u00e4ufig in den Bereichen Verpackung, Fertigung und Qualit\u00e4tskontrolle eingesetzt. Mit Anwendungen von leichtem Papier bis hin zu schwerem Karton ist der <strong>Berstfestigkeitspr\u00fcfger\u00e4t<\/strong> stellt sicher, dass die Materialien strenge Leistungsstandards unter Belastung erf\u00fcllen, und ist daher in Branchen unverzichtbar, in denen es auf Festigkeit und Haltbarkeit ankommt.<\/p>\n<h3>Anwendungen des Berstfestigkeitspr\u00fcfers<\/h3>\n<p>Bei der Pr\u00fcfung der Berstfestigkeit wird die F\u00e4higkeit eines Materials gemessen, dem Brechen oder Bersten bei Einwirkung \u00e4u\u00dferer Kr\u00e4fte standzuhalten. Diese Qualit\u00e4t ist entscheidend f\u00fcr <strong>Papier, Karton und Verpackungsmaterialien<\/strong>, insbesondere im Zusammenhang mit <strong>Versand und Lagerung<\/strong>. Indem Unternehmen Schwachstellen identifizieren, bevor Materialien eingesetzt werden, k\u00f6nnen sie teure Sch\u00e4den vermeiden und einen sicheren Produkttransport gew\u00e4hrleisten. F\u00fcr Hersteller bietet dieser Test Einblicke in die Materialqualit\u00e4t und hilft ihnen bei der Gestaltung der Verpackung, was zu einer verbesserten Haltbarkeit und einem geringeren Risiko von Sch\u00e4den w\u00e4hrend des Transports f\u00fchrt.<\/p>\n<h3>Hauptmerkmale des Berstfestigkeitspr\u00fcfger\u00e4ts<\/h3>\n<ul>\n<li><strong>Hydraulische Druckpr\u00fcfung:<\/strong> Der Tester \u00fcbt mittels hydraulischem Druck Kraft auf die Testprobe aus und erm\u00f6glicht so eine hochgenaue Messung der Berstfestigkeit.<\/li>\n<li><strong>Breites Testspektrum:<\/strong> Es kann ein breites Spektrum an Materialien testen, von leichtem Papier bis zu festen Faserplatten, mit Berstfestigkeiten von <strong>70 kPa bis 5500 kPa<\/strong>.<\/li>\n<li><strong>Pr\u00e4zision und Zuverl\u00e4ssigkeit:<\/strong> Ausgestattet mit modernen Drucksensoren liefert der Berstfestigkeitspr\u00fcfer zuverl\u00e4ssige, wiederholbare Ergebnisse und gew\u00e4hrleistet so eine hohe Pr\u00e4zision in der Qualit\u00e4tskontrolle.<\/li>\n<\/ul>\n<h3>Board-Bersttester: Sicherstellung der strukturellen Festigkeit von Platinen<\/h3>\n<p>Der <strong>BNP-01 Platinen-Bersttester<\/strong> ist speziell f\u00fcr die Pr\u00fcfung von Plattenmaterialien wie <strong>Well- und Vollfaserplatten<\/strong>. Geeignet f\u00fcr die Messung von Materialien mit Berstfestigkeiten im Bereich von <strong>350 kPa bis 5500 kPa<\/strong>Dieser Tester erf\u00fcllt die hohen Anforderungen der Verpackungs- und Transportbranche. Durch die Bewertung der Widerstandsf\u00e4higkeit des Materials k\u00f6nnen Hersteller garantieren, dass ihre Verpackungsmaterialien den Belastungen standhalten, die bei Handhabung und Versand auftreten. Dieser Tester entspricht den f\u00fchrenden Industriestandards, darunter:<\/p>\n<ul>\n<li><strong><a href=\"https:\/\/www.iso.org\/standard\/61488.html\" target=\"_blank\" rel=\"noopener nofollow\">ISO 2759<\/a>:<\/strong> Die international anerkannte Norm ISO 2759 zur Beurteilung der Plattenfestigkeit legt Richtlinien zur Bewertung der Berstfestigkeit von Plattenmaterialien fest und gew\u00e4hrleistet so die Einhaltung globaler Qualit\u00e4tsanforderungen.<\/li>\n<li><strong>TAPPI T810 und TAPPI T807:<\/strong> Diese Normen umfassen Bersttests f\u00fcr Faserplatten und Wellpappe und sorgen so f\u00fcr eine gleichbleibende Qualit\u00e4t \u00fcber alle Chargen hinweg und daf\u00fcr, dass die Verpackungsmaterialien sicher transportiert werden k\u00f6nnen.<\/li>\n<\/ul>\n<h3>Papierberstpr\u00fcfger\u00e4t: Optimiert f\u00fcr Leichtbaumaterialien<\/h3>\n<p>Bei Papierantr\u00e4gen ist die <strong>ZNP-01 Papierberstpr\u00fcfger\u00e4t<\/strong> ist die ideale Wahl f\u00fcr die Pr\u00fcfung von Materialien mit Berstfestigkeiten von <strong>70 kPa bis 1400 kPa<\/strong>. Dieser Tester ist f\u00fcr leichtere Materialien wie Papier und d\u00fcnne Pappe geeignet und ist bei Anwendungen von entscheidender Bedeutung, bei denen die Materialflexibilit\u00e4t von entscheidender Bedeutung ist. Der ZNP-01 entspricht Standards wie:<\/p>\n<ul>\n<li><strong><a href=\"https:\/\/www.qualitester.com\/de\/produkt-kategorie\/iso\/iso-5627\/\" target=\"_blank\" rel=\"noopener\">ISO 2758<\/a>:<\/strong> Diese Norm regelt die Pr\u00fcfung der Berstfestigkeit von Papiermaterialien und stellt sicher, dass die Ergebnisse internationalen Benchmarks entsprechen.<\/li>\n<li><strong>TAPPI T403 und ASTM D774:<\/strong> Beide Normen beschreiben Methoden zur Bewertung der Papierfestigkeit, wobei sich ASTM D774 auf leichtes, hochelastisches Papier konzentriert.<\/li>\n<\/ul>\n<p>Diese Normen stellen sicher, dass die in Verpackungs- und Druckanwendungen verwendeten Materialien die erforderliche Haltbarkeit f\u00fcr Produktsicherheit und Qualit\u00e4tssicherung aufweisen.<\/p>\n<h3>Pr\u00fcfprinzip<\/h3>\n<p>Bei der Pr\u00fcfung der Berstfestigkeit wird eine Probe \u00fcber eine runde, elastische Membran gelegt, die an den R\u00e4ndern fest eingespannt ist, sich in der Mitte jedoch ausbeulen kann. <strong>Hydraulikfl\u00fcssigkeit wird mit konstanter Geschwindigkeit gepumpt<\/strong>wird die Membran aufgeblasen, bis die Probe rei\u00dft. Der Pr\u00fcfer zeichnet den beim Zerrei\u00dfen erreichten Maximaldruck auf, der die <strong>Berstfestigkeit<\/strong>. Dieses Pr\u00fcfverfahren ist \u00e4u\u00dferst genau und erm\u00f6glicht es den Herstellern, die Festigkeit und Qualit\u00e4t verschiedener Materialien konsistent zu beurteilen.<\/p>\n<h3>Vorteile der Verwendung eines Berstfestigkeitspr\u00fcfers<\/h3>\n<ul>\n<li><strong>Qualit\u00e4tssicherung f\u00fcr Verpackungen:<\/strong> Der Tester stellt sicher, dass Verpackungsmaterialien den Belastungen bei Versand und Handhabung standhalten, wodurch das Risiko einer Besch\u00e4digung verringert wird.<\/li>\n<li><strong>Einheitliche Produktionsstandards:<\/strong> Durch regelm\u00e4\u00dfige Tests k\u00f6nnen Hersteller eine gleichbleibende Qualit\u00e4t gew\u00e4hrleisten und etwaige Probleme mit der Materialleistung umgehend beheben.<\/li>\n<li><strong>Branchen\u00fcbergreifende Anpassungsf\u00e4higkeit:<\/strong> Dieser Tester eignet sich f\u00fcr viele Bereiche, darunter <strong>Medizinprodukte, Elektronik, Textilien, Verpackungen und Lebensmittel<\/strong>, wo langlebige Materialien eine entscheidende Anforderung sind.<\/li>\n<\/ul>\n<h3>H\u00e4ufig gestellte Fragen (FAQs)<\/h3>\n<ul>\n<li><strong>Was ist der Zweck eines Berstfestigkeitstests?<\/strong><br \/>\nDieser Test beurteilt die Haltbarkeit von Papier- und Kartonmaterialien, indem die maximale Kraft bestimmt wird, der sie standhalten k\u00f6nnen, bevor sie brechen. Er ist f\u00fcr die Qualit\u00e4tskontrolle bei der Verpackungs- und Materialherstellung von entscheidender Bedeutung.<\/li>\n<li><strong>Wie misst der Berstfestigkeitspr\u00fcfer die Materialfestigkeit?<\/strong><br \/>\nDer Pr\u00fcfer \u00fcbt hydraulischen Druck auf die Probe aus, bis diese rei\u00dft. Der Maximaldruck wird als Berstfestigkeit des Materials aufgezeichnet.<\/li>\n<li><strong>Welche Arten von Materialien k\u00f6nnen getestet werden?<\/strong><br \/>\nDieser Tester kann eine breite Palette von Materialien beurteilen, darunter leichtes Papier, dicke Pappe, Wellpappe und Faserplatten.<\/li>\n<li><strong>Warum ist ISO 2759 bei der Pr\u00fcfung der Berstfestigkeit wichtig?<\/strong><br \/>\nISO 2759 ist ein globaler Standard, der gew\u00e4hrleistet, dass Materialien gleichbleibende Qualit\u00e4tsstandards erf\u00fcllen, was f\u00fcr internationale Hersteller und Lieferanten von entscheidender Bedeutung ist.<\/li>\n<li><strong>Wie h\u00e4ufig sollten Verpackungsmaterialien einem Berstfestigkeitstest unterzogen werden?<\/strong><br \/>\nUm zuverl\u00e4ssige Qualit\u00e4tsstandards aufrechtzuerhalten, sind regelm\u00e4\u00dfige Tests empfehlenswert, insbesondere wenn sich die Materialbeschaffung oder die Produktionsprozesse \u00e4ndern.<\/li>\n<\/ul>","protected":false},"excerpt":{"rendered":"<p>Der <strong>Berstfestigkeitspr\u00fcfger\u00e4t<\/strong> ist ein unverzichtbares Werkzeug zur Bewertung der strukturellen Integrit\u00e4t und Haltbarkeit von Papier- und Kartonmaterialien. Dieser Tester wurde entwickelt, um die maximale Kraft zu ermitteln, der diese Materialien standhalten k\u00f6nnen, bevor sie rei\u00dfen. Er wird h\u00e4ufig in den Bereichen Verpackung, Fertigung und Qualit\u00e4tskontrolle eingesetzt. Mit Anwendungen von leichtem Papier bis hin zu schwerem Karton ist der <strong>Berstfestigkeitspr\u00fcfger\u00e4t<\/strong> stellt sicher, dass die Materialien strenge Leistungsstandards unter Belastung erf\u00fcllen, und ist daher in Branchen unverzichtbar, in denen es auf Festigkeit und Haltbarkeit ankommt.<\/p>","protected":false},"featured_media":6172,"comment_status":"closed","ping_status":"closed","template":"","meta":{"site-sidebar-layout":"default","site-content-layout":"default","ast-global-header-display":"","ast-main-header-display":"","ast-hfb-above-header-display":"","ast-hfb-below-header-display":"","ast-hfb-mobile-header-display":"","site-post-title":"","ast-breadcrumbs-content":"","ast-featured-img":"","footer-sml-layout":"","theme-transparent-header-meta":"default","adv-header-id-meta":"","stick-header-meta":"","header-above-stick-meta":"","header-main-stick-meta":"","header-below-stick-meta":""},"product_cat":[44,1146,953,956,955,1142,1141,954,957,958,952,959,1145,1144,1143,95],"product_tag":[],"class_list":{"0":"post-5254","1":"product","2":"type-product","3":"status-publish","4":"has-post-thumbnail","6":"product_cat-paper-and-board-testers","7":"product_cat-astm-d774","8":"product_cat-bursting-tester","9":"product_cat-cobb-tester","10":"product_cat-crush-tester","11":"product_cat-iso-2758","12":"product_cat-iso-2759","13":"product_cat-paper-tear-tester","14":"product_cat-plybond-tester","15":"product_cat-puncture-tester","16":"product_cat-rub-tester","17":"product_cat-stiffness-tester","18":"product_cat-tappi-t403","19":"product_cat-tappi-t807","20":"product_cat-tappi-t810","21":"product_cat-products","22":"desktop-align-left","23":"tablet-align-left","24":"mobile-align-left","26":"first","27":"instock","28":"shipping-taxable","29":"product-type-simple"},"_links":{"self":[{"href":"https:\/\/www.qualitester.com\/de\/wp-json\/wp\/v2\/product\/5254","targetHints":{"allow":["GET"]}}],"collection":[{"href":"https:\/\/www.qualitester.com\/de\/wp-json\/wp\/v2\/product"}],"about":[{"href":"https:\/\/www.qualitester.com\/de\/wp-json\/wp\/v2\/types\/product"}],"replies":[{"embeddable":true,"href":"https:\/\/www.qualitester.com\/de\/wp-json\/wp\/v2\/comments?post=5254"}],"version-history":[{"count":0,"href":"https:\/\/www.qualitester.com\/de\/wp-json\/wp\/v2\/product\/5254\/revisions"}],"wp:featuredmedia":[{"embeddable":true,"href":"https:\/\/www.qualitester.com\/de\/wp-json\/wp\/v2\/media\/6172"}],"wp:attachment":[{"href":"https:\/\/www.qualitester.com\/de\/wp-json\/wp\/v2\/media?parent=5254"}],"wp:term":[{"taxonomy":"product_cat","embeddable":true,"href":"https:\/\/www.qualitester.com\/de\/wp-json\/wp\/v2\/product_cat?post=5254"},{"taxonomy":"product_tag","embeddable":true,"href":"https:\/\/www.qualitester.com\/de\/wp-json\/wp\/v2\/product_tag?post=5254"}],"curies":[{"name":"wp","href":"https:\/\/api.w.org\/{rel}","templated":true}]}}