{"id":5247,"date":"2024-11-06T13:22:00","date_gmt":"2024-11-06T05:22:00","guid":{"rendered":"https:\/\/www.qualitester.com\/?post_type=product&#038;p=5247"},"modified":"2024-12-05T15:33:06","modified_gmt":"2024-12-05T07:33:06","slug":"sale-tape-holding-power-tester","status":"publish","type":"product","link":"https:\/\/www.qualitester.com\/de\/produkt-2\/sale-tape-holding-power-tester\/","title":{"rendered":"LAT-01 Dauerhafter Haftf\u00e4higkeitstester"},"content":{"rendered":"<h2><strong>Einf\u00fchrung des Bandhaltekraftmessers<\/strong><\/h2>\n<p>Der <strong>Bandhaltekrafttester<\/strong> ist ein unentbehrliches Pr\u00fcfger\u00e4t zur Messung der Haftfestigkeit von Klebeb\u00e4ndern und Etiketten unter konstanten Belastungsbedingungen. Es bewertet die F\u00e4higkeit von Klebeb\u00e4ndern, dem Abrutschen zu widerstehen und ihre Verbindung aufrechtzuerhalten, wenn sie einer Belastung ausgesetzt sind. Dies macht es zu einem wichtigen Werkzeug f\u00fcr Branchen, die auf die Leistung von Klebeb\u00e4ndern angewiesen sind, wie z. B. die Verpackungs-, Medizin- und Pharmaindustrie.<\/p>\n<p>Dieses Pr\u00fcfger\u00e4t bietet ein zuverl\u00e4ssiges Mittel zur Bewertung der langfristigen Stabilit\u00e4t und Haltbarkeit von Klebeb\u00e4ndern und stellt sicher, dass sie die erforderlichen Standards f\u00fcr verschiedene Anwendungen erf\u00fcllen. Es wird verwendet, um festzustellen, wie gut Klebeb\u00e4nder auch unter schwierigen Bedingungen auf Oberfl\u00e4chen haften bleiben, und bietet wichtige Einblicke in ihre Leistung im Laufe der Zeit.<\/p>\n<h2><strong>Bandhaltekraftmesser Anwendung<\/strong><\/h2>\n<p>Der <strong>Bandhaltekrafttester<\/strong> wird h\u00e4ufig in den folgenden Branchen verwendet:<\/p>\n<ul>\n<li><strong>Verpackung:<\/strong> Gew\u00e4hrleistet, dass die in Verpackungsmaterialien verwendeten Klebeb\u00e4nder ihre Klebeeigenschaften w\u00e4hrend des Transports und der Lagerung beibehalten.<\/li>\n<li><strong>Medizin und Pharmazie:<\/strong> \u00dcberpr\u00fcft die Klebekraft von medizinischen B\u00e4ndern, Verb\u00e4nden und pharmazeutischen Verpackungsmaterialien.<\/li>\n<li><strong>Klebstoffe:<\/strong> Unverzichtbar f\u00fcr die Pr\u00fcfung der Leistung von Haftklebstoffen, die in Etiketten, Klebeb\u00e4ndern und anderen klebstoffbasierten Produkten verwendet werden.<\/li>\n<li><strong>Textilien:<\/strong> Hilft bei der Beurteilung der Haftung von Textilb\u00e4ndern und Etiketten unter Stressbedingungen.<\/li>\n<li><strong>Qualit\u00e4tspr\u00fcfungsagenturen:<\/strong> Liefert objektive Daten \u00fcber die Leistung von Klebeb\u00e4ndern und unterst\u00fctzt so die Qualit\u00e4tskontrolle f\u00fcr Hersteller und Lieferanten.<\/li>\n<\/ul>\n<p>Sie dient in erster Linie zur Pr\u00fcfung der <strong>Haltekraft<\/strong> von Haftklebeb\u00e4ndern und Etiketten, um sicherzustellen, dass sie die erforderlichen Spezifikationen f\u00fcr reale Anwendungen erf\u00fcllen.<\/p>\n<h2><strong>Pr\u00fcfprinzip<\/strong><\/h2>\n<p>Der <strong>Bandhaltekrafttester<\/strong> funktioniert nach dem Prinzip der <strong>Scherhaftung bei konstanter Belastung<\/strong>. Der Test l\u00e4uft wie folgt ab:<\/p>\n<ul>\n<li>Ein Streifen Klebeband wird unter kontrollierten Bedingungen auf eine Standard-Stahlplatte aufgebracht.<\/li>\n<li>Am freien Ende des Bandes wird eine Standardmasse befestigt, um eine konstante Last aufzubringen.<\/li>\n<li>Die Platte wird dann senkrecht positioniert und die Zeit bis zum Versagen des Klebebandes (d. h. Abrutschen oder vollst\u00e4ndige Abl\u00f6sung von der Oberfl\u00e4che) aufgezeichnet.<\/li>\n<\/ul>\n<p>Dieser Test hilft, reale Bedingungen zu simulieren, unter denen Klebeb\u00e4nder Kr\u00e4ften ausgesetzt sind, die zu einem Versagen des Klebstoffs f\u00fchren k\u00f6nnen. Die <strong>Bandhaltekrafttester<\/strong> ist in der Lage, verschiedene Arten von druckempfindlichen Klebeb\u00e4ndern zu pr\u00fcfen, einschlie\u00dflich solcher, die in industriellen, medizinischen und Verbraucheranwendungen eingesetzt werden.<\/p>\n<h2><strong>Testmethoden<\/strong><\/h2>\n<h3><strong>ASTM D3654<\/strong><\/h3>\n<p>Der <strong>ASTM D3654<\/strong> ist eine der am meisten anerkannten Methoden zur Pr\u00fcfung der Scherhaftung von Haftklebeb\u00e4ndern. Gem\u00e4\u00df ASTM D3654:<\/p>\n<ul>\n<li>Das Klebeband wird auf eine Standard-Stahlplatte aufgebracht und in einem bestimmten Winkel mit einer konstanten Masse belastet.<\/li>\n<li>Das Pr\u00fcfger\u00e4t misst die <strong>Zeit bis zum Ausfall<\/strong> oder die <strong>Schlupfh\u00f6he<\/strong> die auftritt, wenn das Band einer konstanten Scherbeanspruchung ausgesetzt ist.<\/li>\n<li>Diese Methode bewertet die F\u00e4higkeit des Klebstoffs, unter Belastung zu gleiten, und liefert ein quantitatives Ma\u00df f\u00fcr die <strong>Haltekraft<\/strong>.<\/li>\n<\/ul>\n<h3><strong>PSTC-107<\/strong><\/h3>\n<p>Der <strong>PSTC-107<\/strong> ist eine weitere wichtige Industrienorm f\u00fcr die Pr\u00fcfung der Haltekraft von Haftklebeb\u00e4ndern. Diese Norm legt fest, wie die F\u00e4higkeit von Klebeb\u00e4ndern zu messen ist, Kr\u00e4ften standzuhalten, die parallel zur Klebefl\u00e4che aufgebracht werden, was die Bedingungen bei der tats\u00e4chlichen Verwendung nachahmt.<\/p>\n<ul>\n<li>Wie ASTM D3654, <strong>PSTC-107<\/strong> bewertet die <strong>Zeit bis zum Ausfall<\/strong> oder die <strong>Schlupfh\u00f6he<\/strong> die auftritt, wenn eine bestimmte Masse aufgebracht wird.<\/li>\n<li>Es stellt sicher, dass die in verschiedenen Produkten verwendeten Klebeb\u00e4nder ihre Klebeeigenschaften unter konstanten Belastungsbedingungen \u00fcber einen l\u00e4ngeren Zeitraum beibehalten.<\/li>\n<\/ul>\n<p>Beide <strong>ASTM D3654<\/strong> Und <strong>PSTC-107<\/strong> sind wichtige Normen zur Gew\u00e4hrleistung der Leistung und Zuverl\u00e4ssigkeit von Haftklebstoffen.<\/p>\n<h2><strong>Vorteile<\/strong><\/h2>\n<ul>\n<li><strong>Pr\u00e4zise Messung<\/strong>: Mit einem mikrocontrollerbasierten Zeitmesssystem gew\u00e4hrleistet der Tape Holding Power Tester genaue und wiederholbare Ergebnisse.<\/li>\n<li><strong>Anpassbare Optionen<\/strong>: Das Pr\u00fcfger\u00e4t kann mit mehreren Pr\u00fcfstationen konfiguriert werden und ist damit ideal f\u00fcr Pr\u00fcfungen mit hohem Durchsatz in gro\u00dfen Produktionsumgebungen.<\/li>\n<li><strong>Vielseitige Temperaturregelung<\/strong>: Das Pr\u00fcfger\u00e4t kann f\u00fcr den Einsatz unter verschiedenen Temperaturbedingungen angepasst werden, um reale Umweltfaktoren zu simulieren.<\/li>\n<li><strong>Leicht zu bedienende Schnittstelle<\/strong>: Das benutzerfreundliche LCD-Display mit Time-Locking-Funktion erm\u00f6glicht eine klare und einfache \u00dcberwachung der Testergebnisse.<\/li>\n<li><strong>Zuverl\u00e4ssige Ergebnisse<\/strong>: Das Pr\u00fcfger\u00e4t liefert konsistente Daten \u00fcber die Klebekraft von Klebeb\u00e4ndern und hilft den Herstellern, die Qualit\u00e4tssicherungsanforderungen zu erf\u00fcllen.<\/li>\n<\/ul>\n<h2><strong>Normen<\/strong><\/h2>\n<p>Der <strong>Bandhaltekrafttester<\/strong> ist so konzipiert, dass es die folgenden wichtigen Industrienormen erf\u00fcllt:<\/p>\n<ul>\n<li><a href=\"https:\/\/www.astm.org\/d3654_d3654m-06r19.html\" target=\"_blank\" rel=\"noopener nofollow\"><strong>ASTM D3654<\/strong><\/a>: Standardpr\u00fcfverfahren f\u00fcr die Scherhaftung von Selbstklebeb\u00e4ndern.<\/li>\n<li><a href=\"https:\/\/pstc.org\/resources\/test-methods\/\" target=\"_blank\" rel=\"noopener nofollow\"><strong>PSTC-107<\/strong><\/a>: Standardpr\u00fcfverfahren f\u00fcr das Haftverm\u00f6gen von druckempfindlichen Klebeb\u00e4ndern unter konstanter Belastung.<\/li>\n<li><strong>JIS Z0237<\/strong>: Japanische Industrienorm f\u00fcr Klebebandpr\u00fcfungen.<\/li>\n<li><strong>GT\/T 4851<\/strong>: Chinesische Norm f\u00fcr die Pr\u00fcfung von druckempfindlichen Klebeb\u00e4ndern.<\/li>\n<\/ul>\n<p>Diese Standards stellen sicher, dass die <strong>Bandhaltekrafttester<\/strong> liefert genaue und zuverl\u00e4ssige Ergebnisse, die den weltweiten Anforderungen der Industrie entsprechen.<\/p>\n<h2><strong>Hauptparameter<\/strong><\/h2>\n<table>\n<tbody>\n<tr>\n<td style=\"text-align: center;\" width=\"105\">Modelle<\/td>\n<td style=\"text-align: center;\" width=\"50\"><strong>LAT-5<\/strong><\/td>\n<td style=\"text-align: center;\" width=\"58\"><strong>LAT-10<\/strong><\/td>\n<td style=\"text-align: center;\" width=\"58\"><strong>LAT-20<\/strong><\/td>\n<td style=\"text-align: center;\" width=\"58\"><strong>LAT-30<\/strong><\/td>\n<td style=\"text-align: center;\" width=\"65\"><strong>LAT-5TC<\/strong><\/td>\n<td style=\"text-align: center;\" width=\"73\"><strong>LAT-10TC<\/strong><\/td>\n<\/tr>\n<tr>\n<td style=\"text-align: center;\" width=\"105\">Test-Stationen<\/td>\n<td style=\"text-align: center;\" width=\"50\">5<\/td>\n<td style=\"text-align: center;\" width=\"58\">10<\/td>\n<td style=\"text-align: center;\" width=\"58\">20<\/td>\n<td style=\"text-align: center;\" width=\"58\">30<\/td>\n<td style=\"text-align: center;\" width=\"65\">5<\/td>\n<td style=\"text-align: center;\" width=\"73\">10<\/td>\n<\/tr>\n<tr>\n<td style=\"text-align: center;\" width=\"105\">Temp. Bereich<\/td>\n<td style=\"text-align: center;\" colspan=\"4\" rowspan=\"1\" width=\"224\">K.A.<\/td>\n<td style=\"text-align: center;\" colspan=\"2\" rowspan=\"1\" width=\"138\">Umgebung~80\u2103<\/td>\n<\/tr>\n<tr>\n<td style=\"text-align: center;\" width=\"105\">Testzeit<\/td>\n<td style=\"text-align: center;\" colspan=\"6\" rowspan=\"1\" width=\"362\">0~99H99M99S<\/td>\n<\/tr>\n<tr>\n<td style=\"text-align: center;\" width=\"105\">Testmasse<\/td>\n<td style=\"text-align: center;\" colspan=\"6\" rowspan=\"1\" width=\"362\">1000\u00b15g<\/td>\n<\/tr>\n<tr>\n<td style=\"text-align: center;\" width=\"105\">Panel<\/td>\n<td style=\"text-align: center;\" colspan=\"6\" rowspan=\"1\" width=\"362\">60*40*1,5 LWD<\/td>\n<\/tr>\n<tr>\n<td style=\"text-align: center;\" width=\"105\">Leistung<\/td>\n<td style=\"text-align: center;\" colspan=\"6\" rowspan=\"1\" width=\"362\">Wechselstrom 220 V, 50 Hz<\/td>\n<\/tr>\n<tr>\n<td style=\"text-align: center;\" colspan=\"7\" rowspan=\"1\" width=\"467\">Spezifikation der Rolle<\/td>\n<\/tr>\n<tr>\n<td style=\"text-align: center;\" width=\"105\">Walze<\/td>\n<td style=\"text-align: center;\" colspan=\"6\" rowspan=\"1\" width=\"362\">2000g\u00b150g<\/td>\n<\/tr>\n<tr>\n<td style=\"text-align: center;\" width=\"105\">Durchmesser<\/td>\n<td style=\"text-align: center;\" colspan=\"6\" rowspan=\"1\" width=\"362\">85\u00b12,5 mm<\/td>\n<\/tr>\n<tr>\n<td style=\"text-align: center;\" width=\"105\">Breite<\/td>\n<td style=\"text-align: center;\" colspan=\"6\" rowspan=\"1\" width=\"362\">45\u00b11,5 mm<\/td>\n<\/tr>\n<tr>\n<td style=\"text-align: center;\" width=\"105\">Gummi<\/td>\n<td style=\"text-align: center;\" colspan=\"6\" rowspan=\"1\" width=\"362\">6mm Dicke, Shore-H\u00e4rte 80\u00b15\u00b0<\/td>\n<\/tr>\n<\/tbody>\n<\/table>\n<p style=\"text-align: left;\">Der <strong>Bandhaltekrafttester<\/strong> ist ein unverzichtbares Werkzeug f\u00fcr jede Branche, die auf die Leistung von Haftklebstoffen angewiesen ist. Durch das Angebot pr\u00e4ziser Tests in \u00dcbereinstimmung mit globalen Standards wie <strong>ASTM D3654<\/strong> Und <strong>PSTC-107<\/strong>Es stellt sicher, dass Klebeb\u00e4nder und Etiketten die erforderlichen Leistungskriterien erf\u00fcllen. Ob f\u00fcr Verpackungs-, Medizin-, Pharma- oder Klebeanwendungen - dieses Pr\u00fcfger\u00e4t hilft Herstellern, die Haltbarkeit, Zuverl\u00e4ssigkeit und Qualit\u00e4t ihrer Klebeprodukte sicherzustellen.<\/p>\n<div id=\"gtx-anchor\" style=\"position: absolute; visibility: hidden; left: 294.078px; top: 69.5156px; width: 22.3906px; height: 19px;\"><\/div>\n<div class=\"jfk-bubble gtx-bubble\" style=\"visibility: visible; left: -362px; top: 99px; opacity: 1;\" role=\"alertdialog\" aria-describedby=\"bubble-2\">\n<div id=\"bubble-2\" class=\"jfk-bubble-content-id\">\n<div id=\"gtx-host\" style=\"min-width: 200px; max-width: 400px;\"><\/div>\n<\/div>\n<div class=\"jfk-bubble-closebtn-id jfk-bubble-closebtn\" tabindex=\"0\" role=\"button\" aria-label=\"Schlie\u00dfen\"><\/div>\n<div class=\"jfk-bubble-arrow-id jfk-bubble-arrow jfk-bubble-arrowup\" style=\"left: 305.078px;\">\n<div class=\"jfk-bubble-arrowimplbefore\"><\/div>\n<div class=\"jfk-bubble-arrowimplafter\"><\/div>\n<\/div>\n<\/div>","protected":false},"excerpt":{"rendered":"<p>Der <strong>Bandhaltekrafttester<\/strong> ist ein unentbehrliches Pr\u00fcfger\u00e4t zur Messung der Haftfestigkeit von Klebeb\u00e4ndern und Etiketten unter konstanten Belastungsbedingungen. Es bewertet die F\u00e4higkeit von Klebeb\u00e4ndern, dem Abrutschen zu widerstehen und ihre Verbindung aufrechtzuerhalten, wenn sie einer Belastung ausgesetzt sind. Dies macht es zu einem wichtigen Werkzeug f\u00fcr Branchen, die auf die Leistung von Klebeb\u00e4ndern angewiesen sind, wie z. B. die Verpackungs-, Medizin- und Pharmaindustrie.<\/p>","protected":false},"featured_media":6298,"comment_status":"closed","ping_status":"closed","template":"","meta":{"site-sidebar-layout":"default","site-content-layout":"default","ast-global-header-display":"","ast-main-header-display":"","ast-hfb-above-header-display":"","ast-hfb-below-header-display":"","ast-hfb-mobile-header-display":"","site-post-title":"","ast-breadcrumbs-content":"","ast-featured-img":"","footer-sml-layout":"","theme-transparent-header-meta":"default","adv-header-id-meta":"","stick-header-meta":"","header-above-stick-meta":"","header-main-stick-meta":"","header-below-stick-meta":""},"product_cat":[845,1172,949,673,130,95],"product_tag":[],"class_list":{"0":"post-5247","1":"product","2":"type-product","3":"status-publish","4":"has-post-thumbnail","6":"product_cat-customization","7":"product_cat-jis-z0237","8":"product_cat-pstc-107","9":"product_cat-adhesive-tester","10":"product_cat-astm-d3654","11":"product_cat-products","12":"desktop-align-left","13":"tablet-align-left","14":"mobile-align-left","16":"first","17":"instock","18":"shipping-taxable","19":"product-type-simple"},"_links":{"self":[{"href":"https:\/\/www.qualitester.com\/de\/wp-json\/wp\/v2\/product\/5247","targetHints":{"allow":["GET"]}}],"collection":[{"href":"https:\/\/www.qualitester.com\/de\/wp-json\/wp\/v2\/product"}],"about":[{"href":"https:\/\/www.qualitester.com\/de\/wp-json\/wp\/v2\/types\/product"}],"replies":[{"embeddable":true,"href":"https:\/\/www.qualitester.com\/de\/wp-json\/wp\/v2\/comments?post=5247"}],"version-history":[{"count":0,"href":"https:\/\/www.qualitester.com\/de\/wp-json\/wp\/v2\/product\/5247\/revisions"}],"wp:featuredmedia":[{"embeddable":true,"href":"https:\/\/www.qualitester.com\/de\/wp-json\/wp\/v2\/media\/6298"}],"wp:attachment":[{"href":"https:\/\/www.qualitester.com\/de\/wp-json\/wp\/v2\/media?parent=5247"}],"wp:term":[{"taxonomy":"product_cat","embeddable":true,"href":"https:\/\/www.qualitester.com\/de\/wp-json\/wp\/v2\/product_cat?post=5247"},{"taxonomy":"product_tag","embeddable":true,"href":"https:\/\/www.qualitester.com\/de\/wp-json\/wp\/v2\/product_tag?post=5247"}],"curies":[{"name":"wp","href":"https:\/\/api.w.org\/{rel}","templated":true}]}}