{"id":5242,"date":"2024-11-06T12:02:30","date_gmt":"2024-11-06T04:02:30","guid":{"rendered":"https:\/\/www.qualitester.com\/?post_type=product&#038;p=5242"},"modified":"2024-12-05T09:52:23","modified_gmt":"2024-12-05T01:52:23","slug":"sale-internal-bond-tester-iso-16260","status":"publish","type":"product","link":"https:\/\/www.qualitester.com\/de\/produkt-2\/sale-internal-bond-tester-iso-16260\/","title":{"rendered":"BGT-01 Interner Bondtester"},"content":{"rendered":"<h2><strong>Einf\u00fchrung Internal Bond Tester<\/strong><\/h2>\n<p>Der <strong>BGT-01 Interner Bondtester<\/strong> ist ein fortschrittliches Instrument zur Messung der Energie, die erforderlich ist, um eine Papier- oder Kartonprobe im <strong>Z-Richtung<\/strong>. Dieser Test simuliert die schnellen St\u00f6\u00dfe und Sto\u00dfbelastungen, denen Papier- und Kartonprodukte bei Prozessen wie Druck oder Verarbeitung ausgesetzt sein k\u00f6nnen. Die <strong>Interner Bondtester<\/strong> verwendet ein Pendel mit einer definierten Masse und Geschwindigkeit, um einen Bruch auszul\u00f6sen, was es zu einem idealen Werkzeug f\u00fcr die Bewertung der Widerstandsf\u00e4higkeit des Materials gegen\u00fcber inneren Spannungen macht.<\/p>\n<p>Der BGT-01 eignet sich perfekt f\u00fcr die Pr\u00fcfung einer Vielzahl von Papier- und Kartonmaterialien, einschlie\u00dflich ein- und mehrlagigem Papier, beschichteten B\u00f6gen und mit synthetischen Polymerfolien laminierten Platten. Er ist besonders geeignet f\u00fcr Materialien, die folgenden Bedingungen ausgesetzt sind <strong>Schnelle St\u00f6\u00dfe in Z-Richtung<\/strong>, wie z. B. in der Verpackungs- und Druckindustrie sowie bei anderen industriellen Anwendungen, bei denen es auf Haltbarkeit ankommt.<\/p>\n<h2><strong>Testmethoden: ISO 16260 und Normen<\/strong><\/h2>\n<h3><strong><a href=\"https:\/\/www.iso.org\/standard\/56038.html\" target=\"_blank\" rel=\"noopener nofollow\">ISO 16260<\/a>: Der internationale Standard f\u00fcr die Pr\u00fcfung interner Bindungen<\/strong><\/h3>\n<p><a href=\"https:\/\/www.qualitester.com\/de\/produkt-kategorie\/iso\/iso-16260\/\" target=\"_blank\" rel=\"noopener\"><strong>ISO 16260<\/strong><\/a> spezifiziert das Pr\u00fcfverfahren zur Messung der inneren Haftfestigkeit von Papier- und Kartonmaterialien. Diese Norm legt ein Verfahren zur Durchf\u00fchrung von Pr\u00fcfungen fest, bei denen ein Pendelschlag zur Delaminierung der Probe verwendet wird, um die Festigkeit des Materials unter schneller, \u00f6rtlich begrenzter Belastung zu bewerten. Dabei werden reale Bedingungen simuliert, bei denen Papier und Karton einer Sto\u00dfbelastung ausgesetzt sind, <strong>ISO 16260<\/strong> tr\u00e4gt dazu bei, dass die Materialien langlebig und zuverl\u00e4ssig sind.<\/p>\n<ul>\n<li><strong>Testprozess<\/strong>: Die innere Haftfestigkeit wird gemessen, indem ein Pendel mit einer festen Masse ausgel\u00f6st wird, das mit einer bestimmten Geschwindigkeit auf die Probe aufprallt und so eine Delamination in der Probe ausl\u00f6st. <strong>Z-Richtung<\/strong>.<\/li>\n<li><strong>Relevanz<\/strong>: Diese Norm ist von entscheidender Bedeutung, um sicherzustellen, dass Papier- und Kartonmaterialien in der Lage sind, den bei Produktion, Verpackung und Transport auftretenden Belastungen standzuhalten. \u00dcbereinstimmung mit <strong>ISO 16260<\/strong> ist f\u00fcr Hersteller in der Papier-, Verpackungs- und verwandten Industrie unerl\u00e4sslich, um die Leistung und Qualit\u00e4t ihrer Produkte zu gew\u00e4hrleisten.<\/li>\n<\/ul>\n<h3><strong>Zus\u00e4tzliche relevante Normen<\/strong><\/h3>\n<ul>\n<li><strong>TAPPI T569<\/strong>: Eine von der Technischen Vereinigung der Zellstoff- und Papierindustrie entwickelte Norm, die sich mit der Delaminierung von Kartonmaterialien befasst, wenn diese kontrollierten Pendelschlagkr\u00e4ften ausgesetzt werden.<\/li>\n<li><strong>GB\/T 26203<\/strong>: Eine chinesische Norm, die den internen Verbundtest f\u00fcr Papier- und Kartonmaterialien definiert und sich an internationalen Pr\u00fcfprotokollen orientiert.<\/li>\n<li><strong>QB\/T 5558<\/strong>: Eine chinesische Norm, die die Pr\u00fcfung der inneren Haftfestigkeit von Papier- und Kartonmaterialien regelt, um sicherzustellen, dass sie die erforderlichen Leistungsmerkmale f\u00fcr Verpackungen erf\u00fcllen.<\/li>\n<\/ul>\n<h2><strong>Merkmale und Vorteile des BGT-01 Internal Bond Tester<\/strong><\/h2>\n<ul>\n<li><strong>Automatische Pendelausl\u00f6sung<\/strong>: Der BGT-01 <strong>Interner Bondtester<\/strong> ist mit einem automatischen Pendelausl\u00f6semechanismus ausgestattet, der jedes Mal gleichbleibende und wiederholbare Pr\u00fcfergebnisse gew\u00e4hrleistet. Diese Funktion erh\u00f6ht die Genauigkeit und Zuverl\u00e4ssigkeit.<\/li>\n<li><strong>Hohe Aufl\u00f6sung und Pr\u00e4zision<\/strong>: Das Ger\u00e4t verf\u00fcgt \u00fcber eine Datenerfassungsaufl\u00f6sung von 0,001 lbf\/in\u00b2, die von einem hochpr\u00e4zisen 5000-Impuls-Encoder unterst\u00fctzt wird. Dies erm\u00f6glicht detaillierte Messungen der internen Haftfestigkeit, wodurch sichergestellt wird, dass selbst geringf\u00fcgige Unterschiede in der Materialleistung erkannt werden k\u00f6nnen.<\/li>\n<li><strong>Werkzeug zur Selbstkalibrierung<\/strong>: Der BGT-01 <strong>Interner Bondtester <\/strong>wird mit einem speziellen 5-stufigen Kalibrierungswerkzeugsatz (zus\u00e4tzliches Zubeh\u00f6r) geliefert, der eine einfache Kalibrierung erm\u00f6glicht, um die optimale Leistung und Genauigkeit im Laufe der Zeit zu erhalten.<\/li>\n<li><strong>Flexible Umschaltung der Einheiten<\/strong>: Der <strong>Interner Bondtester <\/strong>bietet Vielseitigkeit durch die M\u00f6glichkeit, zwischen verschiedenen Ma\u00dfeinheiten, einschlie\u00dflich J\/M\u00b2 und lbf\/in\u00b2, zu wechseln, wodurch es an unterschiedliche Branchenanforderungen angepasst werden kann.<\/li>\n<li><strong>Benutzerfreundliches Interface<\/strong>: Die 5,0-Zoll-Farb-Touchscreen-Benutzeroberfl\u00e4che ist intuitiv, zeigt Testdaten in Echtzeit an und erm\u00f6glicht eine einfache Navigation durch Testeinstellungen, Ergebnisse und Betriebsmodi.<\/li>\n<li><strong>Fortgeschrittene Software f\u00fcr die Datenverarbeitung<\/strong>: F\u00fcr die erweiterte Datenverarbeitung, Analyse und Berichterstellung ist eine optionale Computeranschlusssoftware erh\u00e4ltlich. Damit k\u00f6nnen Sie auf einfache Weise Pr\u00fcfdaten verwalten, Ergebnisse dokumentieren und weitere Analysen f\u00fcr die Qualit\u00e4tssicherung oder f\u00fcr F&amp;E-Zwecke durchf\u00fchren.<\/li>\n<li><strong>Modularer Thermodrucker<\/strong>: In den BGT-01 ist ein Thermodrucker integriert, mit dem die Benutzer die Testergebnisse sofort ausdrucken k\u00f6nnen. Diese modulare Funktion erleichtert die Aufzeichnung und Weitergabe von Testergebnissen, ohne dass ein externes Ger\u00e4t ben\u00f6tigt wird.<\/li>\n<\/ul>\n<h2><strong>Anwendungen<\/strong><\/h2>\n<ul>\n<li><strong>Verpackungsindustrie<\/strong>: Der BGT-01 wird h\u00e4ufig zur Pr\u00fcfung von Materialien wie Karton, Graukarton, Elfenbeinkarton und mit synthetischen Polymeren beschichtetem Papier eingesetzt. Diese Materialien m\u00fcssen eine hohe innere Haftfestigkeit aufweisen, um den mechanischen Belastungen bei Verpackung, Lagerung und Transport standzuhalten.<\/li>\n<li><strong>Papierherstellung<\/strong>: Das BGT-01 ist ideal f\u00fcr die Beurteilung der Qualit\u00e4t und Haltbarkeit von Papiermaterialien. Es eignet sich sowohl f\u00fcr ein- und mehrlagiges Papier als auch f\u00fcr beschichtete Bl\u00e4tter, die \u00fcblicherweise in verschiedenen Papierprodukten und Verpackungen verwendet werden.<\/li>\n<li><strong>Textilien und Verpackungen f\u00fcr medizinische Ger\u00e4te<\/strong>: Der Internal Bond Tester wird in Branchen eingesetzt, in denen Papier- und Kartonmaterialien ihre Widerstandsf\u00e4higkeit gegen schnelle St\u00f6\u00dfe nachweisen m\u00fcssen, wie z. B. bei Verpackungsmaterialien f\u00fcr medizinische Ger\u00e4te oder Textilien.<\/li>\n<li><strong>Qualit\u00e4tskontrolle und -sicherung<\/strong>: Qualit\u00e4tssicherungslaboratorien verlassen sich auf das BGT-01 f\u00fcr die konsistente Pr\u00fcfung und Bewertung der internen Haftfestigkeit, um sicherzustellen, dass die Produkte die Industrienormen und Kundenanforderungen erf\u00fcllen.<\/li>\n<\/ul>\n<h2><strong>Hauptparameter<\/strong><\/h2>\n<table>\n<tbody>\n<tr>\n<td width=\"224\">Stichprobengr\u00f6\u00dfe<\/td>\n<td width=\"227\">25,4*25,4mm (F\u00fcnf Gruppen)<\/td>\n<\/tr>\n<tr>\n<td width=\"224\">Probe Haltekraft<\/td>\n<td width=\"227\">0~400N (einstellbar)<\/td>\n<\/tr>\n<tr>\n<td width=\"224\">Druckbereich der Probe<\/td>\n<td width=\"227\">0~65kg\/cm\u00b2<\/td>\n<\/tr>\n<tr>\n<td width=\"224\">Aufschlagswinkel<\/td>\n<td width=\"227\">90\u00b0<\/td>\n<\/tr>\n<tr>\n<td width=\"224\">Aufl\u00f6sung<\/td>\n<td width=\"227\">0.001lbf\/in\u00b2<\/td>\n<\/tr>\n<tr>\n<td colspan=\"1\" rowspan=\"3\" width=\"224\">Messbereich<\/td>\n<td width=\"227\">A: 0-500J\/M\u00b2<\/td>\n<\/tr>\n<tr>\n<td width=\"227\">B: 500~1000J\/M\u00b2<\/td>\n<\/tr>\n<tr>\n<td width=\"227\">C: 1000~1500J\/M2<\/td>\n<\/tr>\n<tr>\n<td width=\"224\">Anzeigefehler<\/td>\n<td width=\"227\">A: \u00b11J\/M\u00b2 B: \u00b12J\/M\u00b2 C: \u00b15J\/M\u00b2<\/td>\n<\/tr>\n<tr>\n<td width=\"224\">Einheit<\/td>\n<td width=\"227\">lb-ft\/in\u00b2, J\/M\u00b2<\/td>\n<\/tr>\n<tr>\n<td width=\"224\">Ma\u00dfe<\/td>\n<td width=\"227\">450m\u00d7380cm\u00d7600mm<\/td>\n<\/tr>\n<tr>\n<td width=\"224\">Leistung<\/td>\n<td width=\"227\">Wechselstrom 220 V, 50 Hz<\/td>\n<\/tr>\n<tr>\n<td width=\"224\"><\/td>\n<td width=\"227\"><\/td>\n<\/tr>\n<tr>\n<td colspan=\"2\" rowspan=\"1\" width=\"451\"><strong>Spezifikation f\u00fcr Musterschneider<\/strong><\/td>\n<\/tr>\n<tr>\n<td width=\"224\">Stichprobengr\u00f6\u00dfe<\/td>\n<td width=\"227\">25,4mm*140mm<\/td>\n<\/tr>\n<tr>\n<td width=\"224\">Parallelit\u00e4t von zwei langen Seiten<\/td>\n<td width=\"227\">\u22640,015 mm<\/td>\n<\/tr>\n<tr>\n<td width=\"224\">Probendicke<\/td>\n<td width=\"227\">(0,05~1,2) mm<\/td>\n<\/tr>\n<tr>\n<td width=\"224\">Ma\u00dfe<\/td>\n<td width=\"227\">Ungef\u00e4hr 580*150*620mm<\/td>\n<\/tr>\n<tr>\n<td width=\"224\">Gewicht<\/td>\n<td width=\"227\">Etwa 15kg<\/td>\n<\/tr>\n<\/tbody>\n<\/table>\n<h2><strong>Vorteile der Verwendung des BGT-01 Internen Bondtests<\/strong><\/h2>\n<ul>\n<li><strong>Genauigkeit und Zuverl\u00e4ssigkeit<\/strong>: Mit seiner hohen Pr\u00e4zision und seinen fortschrittlichen Funktionen gew\u00e4hrleistet der BGT-01 genaue und reproduzierbare Ergebnisse und erm\u00f6glicht es den Herstellern, die strengen Industriestandards zu erf\u00fcllen.<\/li>\n<li><strong>\u00dcbereinstimmung mit ISO 16260<\/strong>: Der BGT-01 entspricht vollst\u00e4ndig den <strong>ISO 16260<\/strong>, Das macht es zu einem unverzichtbaren Werkzeug f\u00fcr alle, die internationale Pr\u00fcfstandards erf\u00fcllen m\u00fcssen.<\/li>\n<li><strong>Vielseitig und einfach zu bedienen<\/strong>: Ob f\u00fcr Forschung und Entwicklung, Qualit\u00e4tskontrolle oder Produktionstests, das BGT-01 ist vielseitig und benutzerfreundlich und kann eine Reihe von Papier- und Kartonmaterialien verarbeiten.<\/li>\n<li><strong>Verbesserte Produktqualit\u00e4t<\/strong>: Das BGT-01 stellt sicher, dass die Materialien die Anforderungen an die interne Haftfestigkeit erf\u00fcllen und tr\u00e4gt so zur Verbesserung der Qualit\u00e4t und Haltbarkeit von Papier, Karton und Verpackungsprodukten bei.<\/li>\n<\/ul>\n<h2><strong>Warum sollten Sie sich f\u00fcr den BGT-01 Internal Bond Tester entscheiden?<\/strong><\/h2>\n<ul>\n<li><strong>F\u00fcr Papier- und Verpackungshersteller<\/strong>: Der BGT-01 stellt sicher, dass die Materialien die innere Festigkeit besitzen, die sie ben\u00f6tigen, um schnellen St\u00f6\u00dfen w\u00e4hrend der Handhabung, der Verarbeitung und des Transports standzuhalten. Dies ist entscheidend f\u00fcr die Verpackung von Produkten, die unter anspruchsvollen Bedingungen funktionieren m\u00fcssen.<\/li>\n<li><strong>F\u00fcr Forschung und Entwicklung<\/strong>: F&amp;E-Teams, die in der Papierherstellung oder in der Materialwissenschaft t\u00e4tig sind, werden das BGT-01 f\u00fcr die genaue Messung der inneren Haftfestigkeit neuer Papier- und Kartonrezepturen als unverzichtbar ansehen.<\/li>\n<li><strong>F\u00fcr Qualit\u00e4tskontrolle und -sicherung<\/strong>: Mit seiner Benutzerfreundlichkeit, seinen automatisierten Funktionen und seiner hohen Pr\u00e4zision ist der BGT-01 die ideale Wahl f\u00fcr Qualit\u00e4tskontrolllabore, um eine gleichbleibende Produktqualit\u00e4t und die Einhaltung von Vorschriften zu gew\u00e4hrleisten.<\/li>\n<\/ul>\n<h2><strong>FAQ-Bereich<\/strong><\/h2>\n<ol>\n<li><strong>Welchen Zweck erf\u00fcllt der interne Bondtester?<\/strong>\n<ul>\n<li>Der Internal Bond Tester misst die Energie, die erforderlich ist, um Papier- oder Kartonproben in Z-Richtung zu delaminieren. Er simuliert Sto\u00dfbelastungen und St\u00f6\u00dfe, um die Haltbarkeit des Materials zu bewerten.<\/li>\n<\/ul>\n<\/li>\n<li><strong>Wie unterscheidet sich der BGT-01 von anderen internen Bondtestern?<\/strong>\n<ul>\n<li>Der BGT-01 bietet eine automatische Pendelausl\u00f6sung, eine hohe Aufl\u00f6sung (0,001 lbf\/in\u00b2), Selbstkalibrierung und eine Farb-Touchscreen-Schnittstelle. Diese Funktionen gew\u00e4hrleisten Pr\u00e4zision, Zuverl\u00e4ssigkeit und Benutzerfreundlichkeit.<\/li>\n<\/ul>\n<\/li>\n<li><strong>Entspricht der BGT-01 den internationalen Normen?<\/strong>\n<ul>\n<li>Ja, der BGT-01 erf\u00fcllt die folgenden Anforderungen <strong>ISO 16260<\/strong>, TAPPI T569 und andere Industrienormen, um sicherzustellen, dass es die f\u00fcr verschiedene Branchen erforderlichen Qualit\u00e4ts- und Leistungskriterien erf\u00fcllt.<\/li>\n<\/ul>\n<\/li>\n<li><strong>Kann ich das BGT-01 f\u00fcr die Pr\u00fcfung beschichteter oder laminierter Materialien verwenden?<\/strong>\n<ul>\n<li>Ja, der BGT-01 eignet sich f\u00fcr die Pr\u00fcfung einer Vielzahl von Papier- und Kartonmaterialien, einschlie\u00dflich beschichteter und laminierter Produkte wie synthetische Polymerfolien.<\/li>\n<\/ul>\n<\/li>\n<li><strong>Verf\u00fcgt das BGT-01 \u00fcber eine Software zur Datenanalyse?<\/strong>\n<ul>\n<li>Ja, das BGT-01 kann an eine optionale Computersoftware angeschlossen werden, die eine detaillierte Datenverarbeitung, Analyse und Berichterstellung erm\u00f6glicht - ideal f\u00fcr Qualit\u00e4tskontrollen oder Forschungszwecke.<\/li>\n<\/ul>\n<\/li>\n<\/ol>","protected":false},"excerpt":{"rendered":"<p>Der <strong>BGT-01 Interner Bondtester<\/strong> ist ein fortschrittliches Instrument zur Messung der Energie, die erforderlich ist, um eine Papier- oder Kartonprobe im <strong>Z-Richtung<\/strong>. Dieser Test simuliert die schnellen St\u00f6\u00dfe und Sto\u00dfbelastungen, denen Papier- und Kartonprodukte bei Prozessen wie Druck oder Verarbeitung ausgesetzt sein k\u00f6nnen. Die <strong>Interner Bondtester<\/strong> verwendet ein Pendel mit einer definierten Masse und Geschwindigkeit, um einen Bruch auszul\u00f6sen, was es zu einem idealen Werkzeug f\u00fcr die Bewertung der Widerstandsf\u00e4higkeit des Materials gegen\u00fcber inneren Spannungen macht.<\/p>","protected":false},"featured_media":6170,"comment_status":"closed","ping_status":"closed","template":"","meta":{"site-sidebar-layout":"default","site-content-layout":"default","ast-global-header-display":"","ast-main-header-display":"","ast-hfb-above-header-display":"","ast-hfb-below-header-display":"","ast-hfb-mobile-header-display":"","site-post-title":"","ast-breadcrumbs-content":"","ast-featured-img":"","footer-sml-layout":"","theme-transparent-header-meta":"default","adv-header-id-meta":"","stick-header-meta":"","header-above-stick-meta":"","header-main-stick-meta":"","header-below-stick-meta":""},"product_cat":[845,1076,1140,44,95],"product_tag":[],"class_list":{"0":"post-5242","1":"product","2":"type-product","3":"status-publish","4":"has-post-thumbnail","6":"product_cat-customization","7":"product_cat-iso-16260","8":"product_cat-tappi-t569","9":"product_cat-paper-and-board-testers","10":"product_cat-products","11":"desktop-align-left","12":"tablet-align-left","13":"mobile-align-left","15":"first","16":"instock","17":"shipping-taxable","18":"product-type-simple"},"_links":{"self":[{"href":"https:\/\/www.qualitester.com\/de\/wp-json\/wp\/v2\/product\/5242","targetHints":{"allow":["GET"]}}],"collection":[{"href":"https:\/\/www.qualitester.com\/de\/wp-json\/wp\/v2\/product"}],"about":[{"href":"https:\/\/www.qualitester.com\/de\/wp-json\/wp\/v2\/types\/product"}],"replies":[{"embeddable":true,"href":"https:\/\/www.qualitester.com\/de\/wp-json\/wp\/v2\/comments?post=5242"}],"version-history":[{"count":0,"href":"https:\/\/www.qualitester.com\/de\/wp-json\/wp\/v2\/product\/5242\/revisions"}],"wp:featuredmedia":[{"embeddable":true,"href":"https:\/\/www.qualitester.com\/de\/wp-json\/wp\/v2\/media\/6170"}],"wp:attachment":[{"href":"https:\/\/www.qualitester.com\/de\/wp-json\/wp\/v2\/media?parent=5242"}],"wp:term":[{"taxonomy":"product_cat","embeddable":true,"href":"https:\/\/www.qualitester.com\/de\/wp-json\/wp\/v2\/product_cat?post=5242"},{"taxonomy":"product_tag","embeddable":true,"href":"https:\/\/www.qualitester.com\/de\/wp-json\/wp\/v2\/product_tag?post=5242"}],"curies":[{"name":"wp","href":"https:\/\/api.w.org\/{rel}","templated":true}]}}