{"id":5213,"date":"2024-11-05T11:49:02","date_gmt":"2024-11-05T03:49:02","guid":{"rendered":"https:\/\/www.qualitester.com\/?post_type=product&#038;p=5213"},"modified":"2024-12-05T14:44:15","modified_gmt":"2024-12-05T06:44:15","slug":"sale-floor-wiper-friction-testing-instrument","status":"publish","type":"product","link":"https:\/\/www.qualitester.com\/de\/produkt-2\/sale-floor-wiper-friction-testing-instrument\/","title":{"rendered":"MopFric-01 Reibungspr\u00fcfger\u00e4t f\u00fcr Bodenwischer"},"content":{"rendered":"<h2>Einf\u00fchrung in das Reibungspr\u00fcfger\u00e4t f\u00fcr Bodenwischer<\/h2>\n<p>Der <strong>Ger\u00e4t zur Pr\u00fcfung der Reibung von Bodenwischern<\/strong> ist ein fortschrittliches Werkzeug, das die Reibungseigenschaften von Bodenwischern unter realen Bedingungen pr\u00e4zise messen kann. Reibung ist ein entscheidender Faktor f\u00fcr die Leistung von Wischern und beeinflusst die Reinigungseffizienz, Benutzerfreundlichkeit und das allgemeine Benutzererlebnis. Ein ausgewogenes Reibungsniveau sorgt daf\u00fcr, dass die Wischer reibungslos gleiten und gleichzeitig optimalen Kontakt mit der Oberfl\u00e4che haben, was die Reinigungswirkung verbessert und die Erm\u00fcdung des Benutzers verringert.<\/p>\n<p>Dieses Pr\u00fcfger\u00e4t liefert den Herstellern wichtige Daten zur Reibungsleistung der Wischer und erm\u00f6glicht ihnen so, Materialien zu optimieren, das Design zu verbessern und Produkte zu liefern, die den h\u00f6chsten Qualit\u00e4tsstandards entsprechen.<\/p>\n<h2>Bedeutung von COF-Tests f\u00fcr die Leistung von Bodenwischern<\/h2>\n<p><strong>Pr\u00fcfung des Reibungskoeffizienten (COF)<\/strong> ist ein wesentlicher Parameter zur Beurteilung der Leistung von Bodenwischern. Durch die Messung des Reibungskoeffizienten erhalten Hersteller Einblicke in die statischen und kinetischen Reibungseigenschaften verschiedener Materialien, die bei der Wischtuchproduktion verwendet werden. Diese Daten helfen bei der Optimierung des Reibungsniveaus, um sicherzustellen, dass die Wischer bei verschiedenen Anwendungen die gew\u00fcnschte Reinigungseffizienz, Haltbarkeit und den gew\u00fcnschten Komfort erreichen.<\/p>\n<h2>Normen ISO 8295 und ASTM D1894<\/h2>\n<p>Unser Bodenwischer-Reibungspr\u00fcfger\u00e4t entspricht den wichtigsten Industrienormen f\u00fcr COF-Tests, einschlie\u00dflich <strong>ISO 8295<\/strong> Und <strong>ASTM D1894<\/strong>, wodurch zuverl\u00e4ssige und wiederholbare Testergebnisse gew\u00e4hrleistet werden.<\/p>\n<ul>\n<li><strong>ISO 8295<\/strong>: Diese internationale Norm legt eine Methode zur Bestimmung des statischen und kinetischen Reibungskoeffizienten von Kunststofffolien und -bahnen fest, die f\u00fcr die Bewertung der Reibungseigenschaften von Wischern aus synthetischen Materialien von wesentlicher Bedeutung ist. Tests nach ISO 8295 bieten einen konsistenten, standardisierten Ansatz zur Messung der Reibung, der Wischer w\u00e4hrend des Gebrauchs ausgesetzt sind.<\/li>\n<li><strong>ASTM D1894<\/strong>: Dieser allgemein anerkannte Standard beschreibt die Testmethode f\u00fcr den statischen und kinetischen Reibungskoeffizienten von Kunststofffolien und -platten, anwendbar f\u00fcr Wischt\u00fccher mit Kunststoff- oder beschichteten Oberfl\u00e4chen. Durch die Einhaltung von ASTM D1894 gew\u00e4hrleistet unser Testger\u00e4t Vergleichbarkeit und Konsistenz zwischen Materialien, sodass Hersteller ihre Produkte anhand von Industriestandards bewerten und vergleichen k\u00f6nnen.<\/li>\n<\/ul>\n<h2>Pr\u00fcfprinzip und Funktionsweise des Bodenwischer-Reibungspr\u00fcfger\u00e4ts<\/h2>\n<p>Der <strong>Ger\u00e4t zur Pr\u00fcfung der Reibung von Bodenwischern<\/strong> verwendet einen kontrollierten Mechanismus, um die reale Nutzung von Wischern durch Hin- und Herbewegungen unter verschiedenen Lastbedingungen zu simulieren. Es misst die bidirektionale Reibungskraft, die von Wischern w\u00e4hrend eines einzelnen Testzyklus ausge\u00fcbt wird, und liefert umfassende Reibungsdaten f\u00fcr Vorw\u00e4rts- und R\u00fcckw\u00e4rtsbewegungen. Ausgestattet mit einer hochpr\u00e4zisen Lastzelle erfasst und zeigt dieses Instrument Reibungskraftwerte in Echtzeit an und bietet genaue und zuverl\u00e4ssige Daten, die f\u00fcr die Qualit\u00e4tskontrolle und Produktentwicklung unerl\u00e4sslich sind.<\/p>\n<ul>\n<li><strong>Beispiel-Setup<\/strong>: Das Instrument ist f\u00fcr verschiedene Probengr\u00f6\u00dfen ausgelegt und erm\u00f6glicht einstellbare Klemmwinkel (von 45\u00b0 bis 60\u00b0), um reale Einsatzbedingungen nachzubilden.<\/li>\n<li><strong>Vielseitige Testbedingungen<\/strong>: Mit einem einstellbaren Geschwindigkeitsbereich von 1 bis 60.000 mm\/min kann das Ger\u00e4t unterschiedliche Reinigungsbedingungen und Materialarten simulieren und bietet so Flexibilit\u00e4t beim Testen einer breiten Palette von Bodenwischerdesigns.<\/li>\n<\/ul>\n<h2>Wichtige technische Merkmale und Vorteile<\/h2>\n<ol>\n<li><strong>Benutzerfreundliche Bedienoberfl\u00e4che<\/strong>: Eine 7-Zoll-Touchscreen-Schnittstelle bietet intuitive Steuerung und einfache \u00dcberwachung und optimiert den Testvorgang f\u00fcr Benutzer aller Ebenen.<\/li>\n<li><strong>Fortschrittliches SPS-Industriesteuerungssystem<\/strong>: Gew\u00e4hrleistet Stabilit\u00e4t und Konsistenz w\u00e4hrend des gesamten Testvorgangs und verbessert die Genauigkeit und Zuverl\u00e4ssigkeit der Ergebnisse.<\/li>\n<li><strong>Hochpr\u00e4zise W\u00e4gezelle<\/strong>: Misst die Reibungskraft mit einer Genauigkeit von 0,5% FS und stellt sicher, dass die Testergebnisse die Produktleistung genau widerspiegeln.<\/li>\n<li><strong>Anpassbare Testparameter<\/strong>: Durch anpassbare Einstellungen k\u00f6nnen Hersteller verschiedene Parameter wie Geschwindigkeit, Last und Klemmwinkel testen, um spezifische Testanforderungen zu erf\u00fcllen.<\/li>\n<li><strong>Echtzeit-Datenanzeige<\/strong>: Zeigt Reibungskraftmessungen an, w\u00e4hrend sie auftreten, und bietet Benutzern sofortigen Einblick in die Reibungsleistung ihrer Produkte.<\/li>\n<li><strong>Portabilit\u00e4t f\u00fcr flexible Testorte<\/strong>: Das Ger\u00e4t ist mit Rollen ausgestattet, sodass es leicht bewegt werden kann und bei Bedarf Tests in verschiedenen Umgebungen durchf\u00fchren kann.<\/li>\n<\/ol>\n<h2>Technische Spezifikationen<\/h2>\n<table>\n<tbody>\n<tr>\n<td width=\"194\">Messbereich<\/td>\n<td width=\"286\">200N (andere verf\u00fcgbar)<\/td>\n<\/tr>\n<tr>\n<td width=\"194\">Pr\u00fcfgenauigkeit<\/td>\n<td width=\"286\">0,51 TP3TFS<\/td>\n<\/tr>\n<tr>\n<td width=\"194\">Geschwindigkeit einstellbar<\/td>\n<td width=\"286\">1 bis 60.000 mm\/min<\/td>\n<\/tr>\n<tr>\n<td width=\"194\">Pr\u00e4zision<\/td>\n<td width=\"286\">1 mm\/min<\/td>\n<\/tr>\n<tr>\n<td width=\"194\">Laden<\/td>\n<td width=\"286\">Maximale Belastung 10 kg<\/td>\n<\/tr>\n<tr>\n<td width=\"194\">H\u00f6he<\/td>\n<td width=\"286\">Geeignet f\u00fcr Proben von 1000\u20131500 mm<\/td>\n<\/tr>\n<tr>\n<td width=\"194\">Beispiel Klemmwinkel<\/td>\n<td width=\"286\">\u00a045\u00b0~60\u00b0<\/td>\n<\/tr>\n<tr>\n<td width=\"194\">Grundbewegungshub<\/td>\n<td width=\"286\">1000 mm<\/td>\n<\/tr>\n<tr>\n<td width=\"194\">Testmodus<\/td>\n<td width=\"286\">Pr\u00fcfung der hin- und hergehenden Reibung<\/td>\n<\/tr>\n<tr>\n<td width=\"194\">Testergebnis<\/td>\n<td width=\"286\">Bidirektionale Reibungskraft<\/td>\n<\/tr>\n<tr>\n<td width=\"194\">Leistung<\/td>\n<td width=\"286\">110 bis 220 V<\/td>\n<\/tr>\n<\/tbody>\n<\/table>\n<h2>Anwendungen des Bodenwischer-Reibungspr\u00fcfger\u00e4ts<\/h2>\n<p>Der <strong>Ger\u00e4t zur Pr\u00fcfung der Reibung von Bodenwischern<\/strong> ist ideal f\u00fcr Hersteller in den Bereichen Reinigung, Verpackung, Haushaltsprodukte und Alltagschemikalien sowie f\u00fcr Qualit\u00e4tspr\u00fcfungsagenturen. Dank seiner Vielseitigkeit kann die Leistung von Wischt\u00fcchern in verschiedenen Anwendungen bewertet werden, sodass jedes Produkt in verschiedenen Reinigungsumgebungen zuverl\u00e4ssige und effektive Ergebnisse liefert.<\/p>\n<p>Durch die Bereitstellung pr\u00e4ziser, konsistenter Reibungsdaten ist das Bodenwischer-Reibungspr\u00fcfger\u00e4t ein unsch\u00e4tzbares Werkzeug f\u00fcr Hersteller, die die Qualit\u00e4t und Leistung ihrer Produkte optimieren m\u00f6chten. Durch standardisierte COF-Tests gem\u00e4\u00df ISO 8295 und ASTM D1894 tr\u00e4gt dieses Ger\u00e4t dazu bei, sicherzustellen, dass Bodenwischer den Industriestandards entsprechen und die Erwartungen der Kunden \u00fcbertreffen, was letztendlich sowohl die Funktionalit\u00e4t als auch die Benutzerzufriedenheit verbessert.<\/p>","protected":false},"excerpt":{"rendered":"<p>Der <strong>Ger\u00e4t zur Pr\u00fcfung der Reibung von Bodenwischern<\/strong> ist ein fortschrittliches Werkzeug, das die Reibungseigenschaften von Bodenwischern unter realen Bedingungen pr\u00e4zise messen kann. Reibung ist ein entscheidender Faktor f\u00fcr die Leistung von Wischern und beeinflusst die Reinigungseffizienz, Benutzerfreundlichkeit und das allgemeine Benutzererlebnis. Ein ausgewogenes Reibungsniveau sorgt daf\u00fcr, dass die Wischer reibungslos gleiten und gleichzeitig optimalen Kontakt mit der Oberfl\u00e4che haben, was die Reinigungswirkung verbessert und die Erm\u00fcdung des Benutzers verringert.<\/p>","protected":false},"featured_media":6271,"comment_status":"closed","ping_status":"closed","template":"","meta":{"site-sidebar-layout":"default","site-content-layout":"default","ast-global-header-display":"","ast-main-header-display":"","ast-hfb-above-header-display":"","ast-hfb-below-header-display":"","ast-hfb-mobile-header-display":"","site-post-title":"","ast-breadcrumbs-content":"","ast-featured-img":"","footer-sml-layout":"","theme-transparent-header-meta":"default","adv-header-id-meta":"","stick-header-meta":"","header-above-stick-meta":"","header-main-stick-meta":"","header-below-stick-meta":""},"product_cat":[845,938,683,95],"product_tag":[],"class_list":{"0":"post-5213","1":"product","2":"type-product","3":"status-publish","4":"has-post-thumbnail","6":"product_cat-customization","7":"product_cat-textile-tester","8":"product_cat-coefficient-of-friction-tester","9":"product_cat-products","10":"desktop-align-left","11":"tablet-align-left","12":"mobile-align-left","14":"first","15":"instock","16":"shipping-taxable","17":"product-type-simple"},"_links":{"self":[{"href":"https:\/\/www.qualitester.com\/de\/wp-json\/wp\/v2\/product\/5213","targetHints":{"allow":["GET"]}}],"collection":[{"href":"https:\/\/www.qualitester.com\/de\/wp-json\/wp\/v2\/product"}],"about":[{"href":"https:\/\/www.qualitester.com\/de\/wp-json\/wp\/v2\/types\/product"}],"replies":[{"embeddable":true,"href":"https:\/\/www.qualitester.com\/de\/wp-json\/wp\/v2\/comments?post=5213"}],"version-history":[{"count":0,"href":"https:\/\/www.qualitester.com\/de\/wp-json\/wp\/v2\/product\/5213\/revisions"}],"wp:featuredmedia":[{"embeddable":true,"href":"https:\/\/www.qualitester.com\/de\/wp-json\/wp\/v2\/media\/6271"}],"wp:attachment":[{"href":"https:\/\/www.qualitester.com\/de\/wp-json\/wp\/v2\/media?parent=5213"}],"wp:term":[{"taxonomy":"product_cat","embeddable":true,"href":"https:\/\/www.qualitester.com\/de\/wp-json\/wp\/v2\/product_cat?post=5213"},{"taxonomy":"product_tag","embeddable":true,"href":"https:\/\/www.qualitester.com\/de\/wp-json\/wp\/v2\/product_tag?post=5213"}],"curies":[{"name":"wp","href":"https:\/\/api.w.org\/{rel}","templated":true}]}}