{"id":5197,"date":"2024-11-05T11:16:04","date_gmt":"2024-11-05T03:16:04","guid":{"rendered":"https:\/\/www.qualitester.com\/?post_type=product&#038;p=5197"},"modified":"2024-12-05T14:15:40","modified_gmt":"2024-12-05T06:15:40","slug":"sale-container-top-load-testing-machine-astm-d2659","status":"publish","type":"product","link":"https:\/\/www.qualitester.com\/de\/produkt-2\/sale-container-top-load-testing-machine-astm-d2659\/","title":{"rendered":"TLT-01 Top Load Tester"},"content":{"rendered":"<p><strong>Die Container-Top-Load-Testmaschine<\/strong> ist eine fortschrittliche L\u00f6sung zur Beurteilung der strukturellen Integrit\u00e4t und Druckfestigkeit verschiedener Verpackungsbeh\u00e4lter. Durch die genaue Messung der Tragf\u00e4higkeit von Beh\u00e4ltern wie Flaschen, Gl\u00e4sern, Kartons und Schachteln hilft diese Maschine Herstellern sicherzustellen, dass ihre Produkte Stapel-, Transport- und Lagerbelastungen standhalten, ohne sich zu verformen oder zusammenzubrechen. Mit dieser Maschine bietet Cell Instruments eine erstklassige L\u00f6sung f\u00fcr Branchen wie Lebensmittel, Pharmazeutika und Konsumg\u00fcter, in denen die Haltbarkeit der Verpackung f\u00fcr die Produktsicherheit und -qualit\u00e4t von gr\u00f6\u00dfter Bedeutung ist.<\/p>\n<h2><strong>Bedeutung von Top-Load-Tests bei Verpackungen<\/strong><\/h2>\n<p>Bei modernen Verpackungen ist die Gew\u00e4hrleistung der Beh\u00e4lterfestigkeit und -zuverl\u00e4ssigkeit von entscheidender Bedeutung. Top-Load-Tests stellen sicher, dass Beh\u00e4lter den Druckkr\u00e4ften standhalten, die beim Stapeln und Transportieren auftreten. So wird das Produkt im Inneren gesch\u00fctzt und teure Sch\u00e4den, R\u00fccksendungen und Ersatz vermieden. Dar\u00fcber hinaus helfen diese Tests den Herstellern bei der Optimierung des Verpackungsdesigns und der Materialnutzung, f\u00f6rdern die Kosteneffizienz und Nachhaltigkeit und wahren gleichzeitig die Qualit\u00e4t und den Ruf der Marke.<\/p>\n<h2><strong>Norm ASTM D2659<\/strong><\/h2>\n<p><strong>ASTM D2659<\/strong> ist ein wichtiger Standard zur Bewertung der Druckfestigkeit von Beh\u00e4ltern aus starrem Kunststoff. Er bietet standardisierte Methoden zur Beurteilung, wie gut diese Beh\u00e4lter Belastungen von oben nach unten standhalten, ein wesentliches Ma\u00df zur Gew\u00e4hrleistung der strukturellen Integrit\u00e4t und Leistung.<\/p>\n<ul>\n<li><strong>ASTM D2659 Testmethoden:<\/strong> Gem\u00e4\u00df den Richtlinien von ASTM D2659 wird beim Top-Load-Test eine kontrollierte Druckkraft auf die Oberseite des Beh\u00e4lters ausge\u00fcbt, die schrittweise erh\u00f6ht wird, bis eine Verformung oder ein Versagen auftritt. Diese Methode liefert wichtige Daten zur maximalen Belastungstoleranz und tr\u00e4gt dazu bei, sicherzustellen, dass Beh\u00e4lter die Sicherheits- und Leistungsstandards der Branche erf\u00fcllen.<\/li>\n<li><strong>Compliance-Vorteile:<\/strong> Die Einhaltung von ASTM D2659 erh\u00f6ht die Zuverl\u00e4ssigkeit und die Einhaltung gesetzlicher Vorschriften und gibt Herstellern und Verbrauchern Vertrauen in die Haltbarkeit der Verpackung.<\/li>\n<\/ul>\n<h2><strong>Wichtige technische Merkmale der Container-Top-Load-Testmaschine<\/strong><\/h2>\n<p>Die auf Genauigkeit, Benutzerfreundlichkeit und Anpassungsf\u00e4higkeit ausgelegte Container-Top-Load-Testmaschine ist mit erweiterten Funktionen ausgestattet, um den unterschiedlichen Testanforderungen gerecht zu werden.<\/p>\n<ul>\n<li><strong>Erweiterte Steuerung und Anzeige:<\/strong>\n<ul>\n<li>Die Maschine verf\u00fcgt \u00fcber einen 7-Zoll-HMI-Touchscreen f\u00fcr nahtlose Benutzerinteraktion und einfache Bedienung.<\/li>\n<li>Es wird \u00fcber ein SPS-Steuerungssystem betrieben, das Stabilit\u00e4t und Effizienz auf Industrieniveau bietet.<\/li>\n<\/ul>\n<\/li>\n<li><strong>Pr\u00e4zision und Flexibilit\u00e4t:<\/strong>\n<ul>\n<li>Mit einer Pr\u00e4zisions-Kugelumlaufspindel erreicht die Maschine eine genaue Kontrolle \u00fcber Geschwindigkeit und Verschiebung und liefert zuverl\u00e4ssige und wiederholbare Ergebnisse.<\/li>\n<li>Durch die einstellbare Testgeschwindigkeit k\u00f6nnen Benutzer die Testbedingungen an ihre spezifischen Materialien und Standards anpassen.<\/li>\n<li>Mehrere kompatible Formen und Gr\u00f6\u00dfen der Kompressionsplatte bieten Flexibilit\u00e4t f\u00fcr verschiedene Beh\u00e4ltertypen und -abmessungen.<\/li>\n<\/ul>\n<\/li>\n<li><strong>Sicherheits- und Komfortfunktionen:<\/strong>\n<ul>\n<li>Eingebauter \u00dcberlastschutz und automatische R\u00fccklauffunktionen sorgen f\u00fcr Betriebssicherheit und Benutzerfreundlichkeit.<\/li>\n<li>Optionaler Mikrodrucker und RS232-Datenausgabeanschluss erm\u00f6glichen eine effiziente Datenaufzeichnung und -berichterstattung mit professioneller Software f\u00fcr eine umfassende Datenanalyse.<\/li>\n<\/ul>\n<\/li>\n<\/ul>\n<h2><strong>Einzigartige Testprogramme f\u00fcr umfassende Analysen<\/strong><\/h2>\n<p>Die Container Top Load Testing Machine ist mit speziellen Testprogrammen ausgestattet, die jeweils f\u00fcr unterschiedliche Analyseanforderungen ausgelegt sind:<\/p>\n<ul>\n<li><strong>Spitzenlasttests:<\/strong> Misst die maximale Druckkraft, der ein Beh\u00e4lter standhalten kann.<\/li>\n<li><strong>Pr\u00fcfung auf feste Verformungslast:<\/strong> Bewertet die Tragf\u00e4higkeit, wenn der Beh\u00e4lter ein bestimmtes Verformungsniveau erreicht.<\/li>\n<li><strong>Feste Lasttests:<\/strong> Misst das Ausma\u00df der Beh\u00e4lterverformung unter konstanter Belastung.<\/li>\n<li><strong>Einzel- und Zyklus-Kompressionstests:<\/strong> Erm\u00f6glicht eine einzelne Kompressionsanalyse oder wiederholte Kompressionszyklen f\u00fcr umfassende Tests der strukturellen Belastbarkeit.<\/li>\n<\/ul>\n<h2><strong>Technische Spezifikationen<\/strong><\/h2>\n<table>\n<tbody>\n<tr>\n<td width=\"248\">Testbereich<\/td>\n<td width=\"374\">0-1000N (oder nach Bedarf)<\/td>\n<\/tr>\n<tr>\n<td width=\"248\">Probenh\u00f6he<\/td>\n<td width=\"374\">700 mm<\/td>\n<\/tr>\n<tr>\n<td width=\"248\">Probendurchmesser<\/td>\n<td width=\"374\">120 mm max.<\/td>\n<\/tr>\n<tr>\n<td width=\"248\">Testgeschwindigkeit<\/td>\n<td width=\"374\">1 bis 500 mm\/min<\/td>\n<\/tr>\n<tr>\n<td width=\"248\">Verschiebungsgenauigkeit<\/td>\n<td width=\"374\">0,01 mm<\/td>\n<\/tr>\n<tr>\n<td width=\"248\">Kraftgenauigkeit<\/td>\n<td width=\"374\">0,5% Vollausschlag<\/td>\n<\/tr>\n<tr>\n<td width=\"248\">Kontrolle<\/td>\n<td width=\"374\">SPS- und HMI-Bildschirm<\/td>\n<\/tr>\n<tr>\n<td width=\"248\">Datenausgabe<\/td>\n<td width=\"374\">Bildschirm, Mikrodrucker (optional), RS232 (optional)<\/td>\n<\/tr>\n<tr>\n<td width=\"248\">Leistung<\/td>\n<td width=\"374\">110~220V, 50\/60Hz<\/td>\n<\/tr>\n<\/tbody>\n<\/table>\n<h2><strong>Einhaltung zus\u00e4tzlicher Normen<\/strong><\/h2>\n<p>Zus\u00e4tzlich zu ASTM D2659 unterst\u00fctzt die Container Top Load Testing Machine Tests gem\u00e4\u00df mehreren anderen Standards, um den vielf\u00e4ltigen Anforderungen der Industrie gerecht zu werden:<\/p>\n<ul>\n<li><strong><a href=\"https:\/\/www.astm.org\/d4577-19.html\" target=\"_blank\" rel=\"noopener nofollow\">ASTM D4577<\/a>:<\/strong> Richtlinien zur Bewertung der Druckfestigkeit von Verpackungsbeh\u00e4ltern.<\/li>\n<li><strong><a href=\"https:\/\/www.astm.org\/d0642-20.html\" target=\"_blank\" rel=\"noopener nofollow\">ASTM D642<\/a>:<\/strong> Methoden zur Beurteilung der Druckfestigkeit von Verpackungsmaterialien.<\/li>\n<li><strong><a href=\"https:\/\/www.iso.org\/standard\/35617.html\" target=\"_blank\" rel=\"noopener nofollow\">ISO 8113<\/a>:<\/strong> Gibt den Topload-Druckfestigkeitstest f\u00fcr starre Beh\u00e4lter an.<\/li>\n<li><strong><a href=\"https:\/\/www.astm.org\/d4169-22.html\" target=\"_blank\" rel=\"noopener nofollow\">ASTM D4169<\/a>:<\/strong> Bietet Verfahren zum Testen der Leistung von Versandbeh\u00e4ltern und Verpackungssystemen.<\/li>\n<\/ul>\n<h2><strong>H\u00e4ufig gestellte Fragen (FAQs)<\/strong><\/h2>\n<ol>\n<li><strong>Welche Beh\u00e4lterarten k\u00f6nnen mit dieser Maschine gepr\u00fcft werden?<\/strong><br \/>\nDie Maschine kann verschiedene Beh\u00e4lter wie Flaschen, Gl\u00e4ser, Kartons und Schachteln aus Kunststoff, Glas oder anderen starren Materialien mit einem Durchmesser von bis zu 120 mm und einer H\u00f6he von bis zu 700 mm pr\u00fcfen.<\/li>\n<li><strong>Wie stellt diese Maschine die Einhaltung von ASTM D2659 sicher?<\/strong><br \/>\nDie Maschine ist so konstruiert, dass sie den Testmethoden ASTM D2659 entspricht. Sie wendet kontrollierte, inkrementelle Druckkr\u00e4fte an und zeichnet die maximale Tragf\u00e4higkeit und Verformung auf, wodurch die genaue Einhaltung der Norm gew\u00e4hrleistet wird.<\/li>\n<li><strong>K\u00f6nnen die Pr\u00fcfparameter angepasst werden?<\/strong><br \/>\nJa, die Testparameter, einschlie\u00dflich Testgeschwindigkeit und Probenh\u00f6he, k\u00f6nnen an verschiedene Beh\u00e4ltergr\u00f6\u00dfen und Testanforderungen angepasst werden.<\/li>\n<li><strong>Ist es m\u00f6glich, diese Maschine in eine Datenverwaltungssoftware zu integrieren?<\/strong><br \/>\nJa, das Ger\u00e4t verf\u00fcgt \u00fcber einen RS232-Datenanschluss f\u00fcr die nahtlose Integration mit Softwaresystemen, was die Datenaufzeichnungs- und Analysefunktionen verbessert.<\/li>\n<li><strong>Wie h\u00e4ufig sollte die Maschine kalibriert werden?<\/strong><br \/>\nUm optimale Genauigkeit und Konformit\u00e4t zu gew\u00e4hrleisten, wird eine regelm\u00e4\u00dfige Kalibrierung je nach Nutzungsh\u00e4ufigkeit empfohlen, normalerweise j\u00e4hrlich.<\/li>\n<\/ol>\n<p>Zellinstrumente <strong>Container-Oberlastpr\u00fcfmaschine<\/strong> wurde entwickelt, um Pr\u00e4zision, Zuverl\u00e4ssigkeit und Flexibilit\u00e4t zu bieten und so eine breite Palette von Testanforderungen zu erf\u00fcllen. Dank der Anpassungsoptionen l\u00e4sst es sich problemlos an individuelle Kundenanforderungen anpassen, einschlie\u00dflich spezieller Testanforderungen und Automatisierungstransformationen. Benutzer profitieren von fachkundiger Anleitung zur Einrichtung, Einhaltung von ASTM-Standards und Dateninterpretation, wodurch eine effiziente Integration in die Arbeitsabl\u00e4ufe der Qualit\u00e4tssicherung gew\u00e4hrleistet wird.<\/p>","protected":false},"excerpt":{"rendered":"<p><strong>Die Container-Top-Load-Testmaschine<\/strong> ist eine fortschrittliche L\u00f6sung zur Beurteilung der strukturellen Integrit\u00e4t und Druckfestigkeit verschiedener Verpackungsbeh\u00e4lter. Durch die genaue Messung der Tragf\u00e4higkeit von Beh\u00e4ltern wie Flaschen, Gl\u00e4sern, Kartons und Schachteln hilft diese Maschine Herstellern sicherzustellen, dass ihre Produkte Stapel-, Transport- und Lagerbelastungen standhalten, ohne sich zu verformen oder zusammenzubrechen. Mit dieser Maschine bietet Cell Instruments eine erstklassige L\u00f6sung f\u00fcr Branchen wie Lebensmittel, Pharmazeutika und Konsumg\u00fcter, in denen die Haltbarkeit der Verpackung f\u00fcr die Produktsicherheit und -qualit\u00e4t von gr\u00f6\u00dfter Bedeutung ist.<\/p>","protected":false},"featured_media":6248,"comment_status":"closed","ping_status":"closed","template":"","meta":{"site-sidebar-layout":"default","site-content-layout":"default","ast-global-header-display":"","ast-main-header-display":"","ast-hfb-above-header-display":"","ast-hfb-below-header-display":"","ast-hfb-mobile-header-display":"","site-post-title":"","ast-breadcrumbs-content":"","ast-featured-img":"","footer-sml-layout":"","theme-transparent-header-meta":"default","adv-header-id-meta":"","stick-header-meta":"","header-above-stick-meta":"","header-main-stick-meta":"","header-below-stick-meta":""},"product_cat":[845,1071,1069,1072,1068,1073,1113,95],"product_tag":[],"class_list":{"0":"post-5197","1":"product","2":"type-product","3":"status-publish","4":"has-post-thumbnail","6":"product_cat-customization","7":"product_cat-astm-d2659","8":"product_cat-astm-d4169","9":"product_cat-astm-d4577","10":"product_cat-astm-d642","11":"product_cat-iso-8113","12":"product_cat-top-load-tester","13":"product_cat-products","14":"desktop-align-left","15":"tablet-align-left","16":"mobile-align-left","18":"first","19":"instock","20":"shipping-taxable","21":"product-type-simple"},"_links":{"self":[{"href":"https:\/\/www.qualitester.com\/de\/wp-json\/wp\/v2\/product\/5197","targetHints":{"allow":["GET"]}}],"collection":[{"href":"https:\/\/www.qualitester.com\/de\/wp-json\/wp\/v2\/product"}],"about":[{"href":"https:\/\/www.qualitester.com\/de\/wp-json\/wp\/v2\/types\/product"}],"replies":[{"embeddable":true,"href":"https:\/\/www.qualitester.com\/de\/wp-json\/wp\/v2\/comments?post=5197"}],"version-history":[{"count":0,"href":"https:\/\/www.qualitester.com\/de\/wp-json\/wp\/v2\/product\/5197\/revisions"}],"wp:featuredmedia":[{"embeddable":true,"href":"https:\/\/www.qualitester.com\/de\/wp-json\/wp\/v2\/media\/6248"}],"wp:attachment":[{"href":"https:\/\/www.qualitester.com\/de\/wp-json\/wp\/v2\/media?parent=5197"}],"wp:term":[{"taxonomy":"product_cat","embeddable":true,"href":"https:\/\/www.qualitester.com\/de\/wp-json\/wp\/v2\/product_cat?post=5197"},{"taxonomy":"product_tag","embeddable":true,"href":"https:\/\/www.qualitester.com\/de\/wp-json\/wp\/v2\/product_tag?post=5197"}],"curies":[{"name":"wp","href":"https:\/\/api.w.org\/{rel}","templated":true}]}}