{"id":5187,"date":"2024-11-01T14:22:35","date_gmt":"2024-11-01T06:22:35","guid":{"rendered":"https:\/\/www.qualitester.com\/?post_type=product&#038;p=5187"},"modified":"2024-12-05T14:56:47","modified_gmt":"2024-12-05T06:56:47","slug":"sale-cheap-texture-analyser","status":"publish","type":"product","link":"https:\/\/www.qualitester.com\/de\/produkt-2\/sale-cheap-texture-analyser\/","title":{"rendered":"TEX-01 Texturanalysator"},"content":{"rendered":"<h2><strong>Einf\u00fchrung in Texturanalysatoren<\/strong><\/h2>\n<p>A <strong>Texturpr\u00fcfger\u00e4t<\/strong> ist ein fortschrittliches Instrument zur Bewertung der mechanischen Eigenschaften verschiedener Materialien, wobei der Schwerpunkt auf Textur, Konsistenz und strukturellen Merkmalen liegt. Durch die Anwendung kontrollierter Kr\u00e4fte auf eine Probe und die Aufzeichnung ihrer Verformung oder Reaktion liefert das Analyseger\u00e4t wertvolle Daten, die zum Verst\u00e4ndnis, zur Verfeinerung und zur Optimierung der Produktleistung beitragen. Texturanalysatoren sind in Branchen wie der Lebensmittel-, Pharma-, Verpackungs-, Klebstoff- und Textilindustrie von entscheidender Bedeutung, da sie die Qualit\u00e4tssicherung unterst\u00fctzen und die Produktentwicklung so steuern, dass sie den W\u00fcnschen der Verbraucher und den Anforderungen des Marktes entsprechen.<\/p>\n<h2><strong>Anwendungen der Texturanalyse<\/strong><\/h2>\n<ul>\n<li>\n<h3><strong>Lebensmittelindustrie<\/strong><\/h3>\n<ul>\n<li>Die Texturanalyse spielt bei der Qualit\u00e4tskontrolle von Lebensmitteln eine entscheidende Rolle, denn sie misst Eigenschaften wie <strong>Gelst\u00e4rke<\/strong>, <strong>H\u00e4rte<\/strong>, <strong>Knusprigkeit<\/strong>, <strong>Klebrigkeit<\/strong>, <strong>Elastizit\u00e4t<\/strong>, <strong>Bruchkraft<\/strong>, Und <strong>Biegefestigkeit<\/strong>. Diese Attribute sind Schl\u00fcsselindikatoren f\u00fcr die Qualit\u00e4t und Konsistenz eines Produkts und helfen den Herstellern sicherzustellen, dass ihre Produkte die Erwartungen der Verbraucher an Textur und Mundgef\u00fchl erf\u00fcllen.<\/li>\n<\/ul>\n<\/li>\n<li>\n<h3><strong>Medizinische und pharmazeutische Anwendungen<\/strong><\/h3>\n<ul>\n<li>Im medizinischen und pharmazeutischen Bereich sind Texturanalysatoren unerl\u00e4sslich f\u00fcr die Pr\u00fcfung <strong>Druckfestigkeit der Tabletten<\/strong>, <strong>Bruchfestigkeit der Ampulle<\/strong>, <strong>Putzhaftung<\/strong>, <strong>Nadeleinstichkraft<\/strong>, Und <strong>Softgel-H\u00e4rte<\/strong>. Diese Tests stellen sicher, dass medizinische Produkte zuverl\u00e4ssig und konsistent funktionieren, die strengen gesetzlichen Normen erf\u00fcllen und die Patientensicherheit unterst\u00fctzen.<\/li>\n<\/ul>\n<\/li>\n<li>\n<h3><strong>Klebstoffe und Verpackungen<\/strong><\/h3>\n<ul>\n<li>In der Klebstoff- und Verpackungsindustrie messen die Texturanalysatoren <strong>Klettverschluss<\/strong> Und <strong>Sch\u00e4lkraft<\/strong> zur Bestimmung der Klebekraft und der Materialbest\u00e4ndigkeit. Diese Tests tragen zur Verbesserung der Produktsicherheit und -qualit\u00e4t bei und gew\u00e4hrleisten, dass Klebstoffe und Verpackungsmaterialien unter realen Bedingungen wie vorgesehen funktionieren.<\/li>\n<\/ul>\n<\/li>\n<\/ul>\n<h2><strong>Wichtige Programme und Testmethoden<\/strong><\/h2>\n<p>Zellinstrumente <strong>TEX-01 und TEX-02 Texturanalysatoren<\/strong> unterst\u00fctzen eine umfassende Reihe von Pr\u00fcfprogrammen, die auf verschiedene Materialien und Branchen zugeschnitten sind. Zu den wichtigsten Pr\u00fcfmethoden geh\u00f6ren:<\/p>\n<ul>\n<li><strong>Gelst\u00e4rke<\/strong>: Misst die Festigkeit und St\u00e4rke von gelartigen Materialien.<\/li>\n<li><strong>Haltezeit zum Laden und Haltezeit<\/strong>: Bewertet die Reaktion eines Materials auf eine konstante Belastung im Laufe der Zeit.<\/li>\n<li><strong>Feste Verformung und einfache Kompression<\/strong>: Untersucht den Widerstand und die Reaktion des Materials auf eine einzelne, kontrollierte Kraft.<\/li>\n<li><strong>H\u00e4rte &amp; Br\u00fcchigkeit<\/strong>: Misst die H\u00e4rte und Spr\u00f6digkeit einer Probe, wichtig f\u00fcr die Lebensmittel- und Arzneimittelpr\u00fcfung.<\/li>\n<li><strong>Zyklus Kompression und statische Belastung<\/strong>: Gibt Aufschluss dar\u00fcber, wie sich ein Material unter wiederholter Belastung oder statischem Druck verh\u00e4lt.<\/li>\n<\/ul>\n<h2><strong>Modelle und Funktionen des Texture Analyzers<\/strong><\/h2>\n<ul>\n<li>\n<h3><strong>\u00dcbersicht \u00fcber die Modelle TEX-01 und TEX-02<\/strong><\/h3>\n<ul>\n<li>Die TEX-01- und TEX-02-Texturanalysatoren sind vielseitige und zuverl\u00e4ssige Ger\u00e4te, die eine Vielzahl von Proben pr\u00fcfen k\u00f6nnen, darunter Lebensmittel, Verpackungskomponenten, Klebstoffe, Tabletten und Flaschen. Diese Modelle bieten Pr\u00e4zision und Flexibilit\u00e4t und erm\u00f6glichen es den Herstellern, spezifische Pr\u00fcfanforderungen f\u00fcr verschiedene Produkte zu erf\u00fcllen.<\/li>\n<\/ul>\n<\/li>\n<li>\n<h3><strong>Hauptmerkmale und Vorteile<\/strong><\/h3>\n<ul>\n<li><strong>7-Zoll-HMI-Touchscreen<\/strong>: Dieses benutzerfreundliche Display vereinfacht die Bedienung, reduziert die Lernkurve und verbessert die Benutzerfreundlichkeit.<\/li>\n<li><strong>PLC-Steuereinheit<\/strong>: Sorgt f\u00fcr die pr\u00e4zise Durchf\u00fchrung komplexer Pr\u00fcfabl\u00e4ufe und liefert konsistente und genaue Ergebnisse.<\/li>\n<li><strong>Pr\u00e4zisions-Kugelgewindetrieb<\/strong>: Erm\u00f6glicht eine pr\u00e4zise Steuerung von Geschwindigkeit und Verschiebung und damit hochpr\u00e4zise und wiederholbare Messungen.<\/li>\n<li><strong>Einstellbare Testgeschwindigkeit<\/strong>: Bietet Vielseitigkeit bei der Pr\u00fcfung, da verschiedene Geschwindigkeiten m\u00f6glich sind, um den Anforderungen der verschiedenen Proben gerecht zu werden.<\/li>\n<li><strong>Automatische R\u00fcckholfunktion<\/strong>: Spart Zeit und M\u00fche, besonders n\u00fctzlich bei der Durchf\u00fchrung mehrerer Tests in schneller Folge.<\/li>\n<li><strong>Mikrodrucker<\/strong>: Erm\u00f6glicht eine bequeme, direkte Datenaufzeichnung zur schnellen \u00dcberpr\u00fcfung und Dokumentation.<\/li>\n<li><strong>Optionale Software zur Datenausgabe<\/strong>: Erm\u00f6glicht eine verbesserte Datenverwaltung, -analyse und -export, ideal f\u00fcr Qualit\u00e4tskontrolle und Forschungszwecke.<\/li>\n<\/ul>\n<\/li>\n<\/ul>\n<h2><strong>Vorteile der Wahl eines Texturanalysators f\u00fcr die Produktentwicklung<\/strong><\/h2>\n<ul>\n<li><strong>Konsistenz und Qualit\u00e4tskontrolle<\/strong><\/li>\n<li style=\"list-style-type: none;\">\n<ul>\n<li>Texturanalysatoren gew\u00e4hrleisten die Produktkonsistenz - ein entscheidender Aspekt f\u00fcr die Zufriedenheit der Verbraucher und die Einhaltung von Vorschriften. Diese Ger\u00e4te bieten wiederholbare und pr\u00e4zise Messungen, die den Herstellern helfen, eine einheitliche Produktqualit\u00e4t zu erreichen.<\/li>\n<\/ul>\n<\/li>\n<li>\n<h3><strong>Anpassungs- und Automatisierungsf\u00e4higkeiten<\/strong><\/h3>\n<ul>\n<li>Unsere Texturanalysatoren sind in der Lage, benutzerdefinierte Testaufbauten zu erstellen und erf\u00fcllen so die speziellen Anforderungen verschiedener Branchen. Dar\u00fcber hinaus steigern die Automatisierungsoptionen die Produktivit\u00e4t und rationalisieren den Pr\u00fcfprozess, um Zeit und Arbeit zu sparen.<\/li>\n<\/ul>\n<\/li>\n<\/ul>\n<h2><strong>Erschwingliche L\u00f6sungen: Einen g\u00fcnstigen Texturanalysator finden<\/strong><\/h2>\n<p>Ein erschwingliches Texturanalyseger\u00e4t zu finden, bedeutet nicht, Kompromisse bei der Qualit\u00e4t einzugehen. Unser Angebot an Texturanalysatoren umfasst Optionen, die ein ausgewogenes Verh\u00e4ltnis zwischen Leistung und Kosteneffizienz bieten und somit f\u00fcr Unternehmen jeder Gr\u00f6\u00dfe zug\u00e4nglich sind. Modelle wie der <strong>TEX-01<\/strong> bieten wesentliche Funktionen f\u00fcr zuverl\u00e4ssige Pr\u00fcfungen ohne hohe Kosten, so dass Qualit\u00e4tstests auch mit geringem Budget m\u00f6glich sind.<\/p>\n<h2><strong>FAQ-Bereich<\/strong><\/h2>\n<ol>\n<li><strong>Was ist der Zweck eines Texturanalysators?<\/strong><br \/>\nEin Texturanalyseger\u00e4t misst die mechanischen Eigenschaften von Materialien, um deren Beschaffenheit, Konsistenz und Struktur zu beurteilen, was f\u00fcr die Qualit\u00e4tskontrolle und Produktentwicklung von entscheidender Bedeutung ist.<\/li>\n<li><strong>Welchen Nutzen hat die Texturanalyse f\u00fcr die Lebensmittelindustrie?<\/strong><br \/>\nDie Texturanalyse tr\u00e4gt dazu bei, dass Lebensmittelprodukte die gew\u00fcnschten Texturstandards erf\u00fcllen, was die Kundenzufriedenheit erh\u00f6ht, da sie mit den Geschmacks- und Qualit\u00e4tserwartungen \u00fcbereinstimmt.<\/li>\n<li><strong>Kann ein Texturanalyseger\u00e4t die Klebkraft messen?<\/strong><br \/>\nJa, Texturanalysatoren k\u00f6nnen Klebstoffe testen, indem sie Eigenschaften wie Schlaufenhaftung und Abl\u00f6sekraft messen, um die Klebekraft und Haltbarkeit zu bewerten.<\/li>\n<li><strong>Welche Bedeutung hat die Pr\u00fcfgeschwindigkeit bei der Texturanalyse?<\/strong><br \/>\nDurch die einstellbaren Pr\u00fcfgeschwindigkeiten k\u00f6nnen die Texturanalysatoren verschiedene reale Bedingungen simulieren, so dass sie vielseitig f\u00fcr die Pr\u00fcfung verschiedener Materialien und Anwendungen eingesetzt werden k\u00f6nnen.<\/li>\n<li><strong>Gibt es kosteng\u00fcnstige Optionen f\u00fcr einen Texturanalysator?<\/strong><br \/>\nJa, erschwingliche Modelle wie das TEX-01 bieten eine zuverl\u00e4ssige Leistung f\u00fcr wichtige Texturanalysen und bieten hochwertige Pr\u00fcfm\u00f6glichkeiten zu einem budgetfreundlichen Preis.<\/li>\n<\/ol>\n<p>Texturanalysatoren sind wichtige Werkzeuge f\u00fcr die Qualit\u00e4tssicherung, Forschung und Produktentwicklung in zahlreichen Branchen. Cell Instruments\u2019 <strong>TEX-01 und TEX-02<\/strong> Modelle liefern pr\u00e4zise, zuverl\u00e4ssige und anpassbare Texturanalysen, die den Industriestandards entsprechen. Mit robusten Funktionen, flexiblen Pr\u00fcfprogrammen und kosteneffizienten Optionen erm\u00f6glichen unsere Texturanalysatoren den Herstellern, strenge Qualit\u00e4tsanforderungen zu erf\u00fcllen und die Erwartungen ihrer Kunden zu \u00fcbertreffen.<\/p>","protected":false},"excerpt":{"rendered":"<p>A <strong>Texturpr\u00fcfger\u00e4t<\/strong> ist ein fortschrittliches Instrument zur Bewertung der mechanischen Eigenschaften verschiedener Materialien, wobei der Schwerpunkt auf Textur, Konsistenz und strukturellen Merkmalen liegt. Durch die Anwendung kontrollierter Kr\u00e4fte auf eine Probe und die Aufzeichnung ihrer Verformung oder Reaktion liefert das Analyseger\u00e4t wertvolle Daten, die zum Verst\u00e4ndnis, zur Verfeinerung und zur Optimierung der Produktleistung beitragen. Texturanalysatoren sind in Branchen wie der Lebensmittel-, Pharma-, Verpackungs-, Klebstoff- und Textilindustrie von entscheidender Bedeutung, da sie die Qualit\u00e4tssicherung unterst\u00fctzen und die Produktentwicklung so steuern, dass sie den W\u00fcnschen der Verbraucher und den Anforderungen des Marktes entsprechen.<\/p>","protected":false},"featured_media":6279,"comment_status":"closed","ping_status":"closed","template":"","meta":{"site-sidebar-layout":"default","site-content-layout":"default","ast-global-header-display":"","ast-main-header-display":"","ast-hfb-above-header-display":"","ast-hfb-below-header-display":"","ast-hfb-mobile-header-display":"","site-post-title":"","ast-breadcrumbs-content":"","ast-featured-img":"","footer-sml-layout":"","theme-transparent-header-meta":"default","adv-header-id-meta":"","stick-header-meta":"","header-above-stick-meta":"","header-main-stick-meta":"","header-below-stick-meta":""},"product_cat":[928,953,956,955,845,954,957,958,952,959,95],"product_tag":[],"class_list":{"0":"post-5187","1":"product","2":"type-product","3":"status-publish","4":"has-post-thumbnail","6":"product_cat-tpa-texture-analyzer","7":"product_cat-bursting-tester","8":"product_cat-cobb-tester","9":"product_cat-crush-tester","10":"product_cat-customization","11":"product_cat-paper-tear-tester","12":"product_cat-plybond-tester","13":"product_cat-puncture-tester","14":"product_cat-rub-tester","15":"product_cat-stiffness-tester","16":"product_cat-products","17":"desktop-align-left","18":"tablet-align-left","19":"mobile-align-left","21":"first","22":"instock","23":"shipping-taxable","24":"product-type-simple"},"_links":{"self":[{"href":"https:\/\/www.qualitester.com\/de\/wp-json\/wp\/v2\/product\/5187","targetHints":{"allow":["GET"]}}],"collection":[{"href":"https:\/\/www.qualitester.com\/de\/wp-json\/wp\/v2\/product"}],"about":[{"href":"https:\/\/www.qualitester.com\/de\/wp-json\/wp\/v2\/types\/product"}],"replies":[{"embeddable":true,"href":"https:\/\/www.qualitester.com\/de\/wp-json\/wp\/v2\/comments?post=5187"}],"version-history":[{"count":0,"href":"https:\/\/www.qualitester.com\/de\/wp-json\/wp\/v2\/product\/5187\/revisions"}],"wp:featuredmedia":[{"embeddable":true,"href":"https:\/\/www.qualitester.com\/de\/wp-json\/wp\/v2\/media\/6279"}],"wp:attachment":[{"href":"https:\/\/www.qualitester.com\/de\/wp-json\/wp\/v2\/media?parent=5187"}],"wp:term":[{"taxonomy":"product_cat","embeddable":true,"href":"https:\/\/www.qualitester.com\/de\/wp-json\/wp\/v2\/product_cat?post=5187"},{"taxonomy":"product_tag","embeddable":true,"href":"https:\/\/www.qualitester.com\/de\/wp-json\/wp\/v2\/product_tag?post=5187"}],"curies":[{"name":"wp","href":"https:\/\/api.w.org\/{rel}","templated":true}]}}