{"id":5175,"date":"2024-11-01T14:02:28","date_gmt":"2024-11-01T06:02:28","guid":{"rendered":"https:\/\/www.qualitester.com\/?post_type=product&#038;p=5175"},"modified":"2024-12-05T14:48:45","modified_gmt":"2024-12-05T06:48:45","slug":"sale-smart-pen-coefficient-of-friction-tester","status":"publish","type":"product","link":"https:\/\/www.qualitester.com\/de\/produkt-2\/sale-smart-pen-coefficient-of-friction-tester\/","title":{"rendered":"TSTP-01 Stylus-Pen-Gleit- und COF-Tester"},"content":{"rendered":"<h2><strong>Einf\u00fchrung in den Smart Pen Reibungskoeffiziententester<\/strong><\/h2>\n<p>Der Smart Pen Coefficient of Friction Tester ist ein Spezialger\u00e4t, das die Leistung von Stylus-Stiften durch pr\u00e4zise Reibungs- und Haltbarkeitstests bewertet und optimiert. Dieser hochmoderne Tester ist unverzichtbar f\u00fcr Hersteller und Forschungs- und Entwicklungslabore, die sich auf die Verbesserung des Benutzererlebnisses, der Genauigkeit und der Langlebigkeit von Stylus-Produkten konzentrieren. Durch detaillierte Einblicke in Reibungseigenschaften und Verschlei\u00dffestigkeit erm\u00f6glicht der Smart Pen Coefficient of Friction Tester eine Produktverbesserung und stellt sicher, dass Stylus-Stifte den h\u00f6chsten Standards in Bezug auf Qualit\u00e4t und Haltbarkeit entsprechen.<\/p>\n<h2><strong>Hauptmerkmale des Smart Pen Reibungskoeffizientenpr\u00fcfger\u00e4ts<\/strong><\/h2>\n<ul>\n<li>\n<h3><strong>Zwei Testmodi f\u00fcr umfassende Analysen<\/strong><\/h3>\n<ul>\n<li><strong>Gleittestmodus<\/strong>: Simuliert wiederholte lineare Hin- und Herbewegungen, um die Verschlei\u00dffestigkeit von Stiften zu messen. Dies erm\u00f6glicht eine detaillierte Analyse ihrer Haltbarkeit bei l\u00e4ngerem Gebrauch. Dieser Modus ist entscheidend f\u00fcr die Beurteilung der Lebensdauer und Haltbarkeit des Stifts unter normalen Bedingungen.<\/li>\n<li><strong>Reibungskoeffizientenmodus (COF)<\/strong>: Misst pr\u00e4zise die Reibungseigenschaften der Stiftspitze bei der Interaktion mit verschiedenen Bildschirmoberfl\u00e4chen. Diese Bewertung ist wichtig, um sicherzustellen, dass der Stift das richtige Gleichgewicht zwischen Reibung und Pr\u00e4zision bietet und sanfte, kontrollierte Striche ohne \u00fcberm\u00e4\u00dfiges Abrutschen oder Widerstand erm\u00f6glicht.<\/li>\n<\/ul>\n<\/li>\n<li>\n<h3><strong>Benutzerfreundliche und hochpr\u00e4zise Bedienung<\/strong><\/h3>\n<ul>\n<li>Der Tester ist mit einer SPS-Steuerung (speicherprogrammierbare Steuerung) und einem intuitiven HMI-Bildschirm (Human Machine Interface) f\u00fcr eine optimierte Bedienung in Industriequalit\u00e4t ausgestattet. Diese Funktionen stellen sicher, dass das Ger\u00e4t auch in Laborumgebungen mit hohem Durchsatz einfach zu bedienen ist.<\/li>\n<li>Eine Hochgeschwindigkeits-Linearbewegungsf\u00fchrung und eine speziell entwickelte Stifthalterung sorgen f\u00fcr Stabilit\u00e4t und Pr\u00e4zision und liefern konsistente, zuverl\u00e4ssige Ergebnisse f\u00fcr die Qualit\u00e4tskontrolle und Produktentwicklung.<\/li>\n<\/ul>\n<\/li>\n<\/ul>\n<h2><strong>Den Reibungstest mit dem Eingabestift verstehen<\/strong><\/h2>\n<p>Bei der Herstellung von Stiften ist das Erreichen optimaler Reibungsgrade der Schl\u00fcssel zu einem zufriedenstellenden Benutzererlebnis, Genauigkeit und lang anhaltender Leistung. <strong>Reibungstest mit dem Eingabestift<\/strong> (sekund\u00e4res Schl\u00fcsselwort) durchgef\u00fchrt mit dem Smart Pen Coefficient of Friction Tester liefert wertvolle Einblicke in diese Eigenschaften. Dieser Test misst, wie die Stiftspitze mit Touchscreens interagiert, und erm\u00f6glicht es den Herstellern, Materialien und Designs f\u00fcr eine bessere Steuerung und Benutzerfreundlichkeit zu optimieren. Er stellt sicher, dass die Reibung auf einem idealen Niveau gehalten wird, sodass der Stift reibungslos \u00fcber den Bildschirm gleitet und gleichzeitig eine genaue Druckempfindlichkeit f\u00fcr eine pr\u00e4zise Steuerung bietet.<\/p>\n<h3><strong>Testmethoden f\u00fcr die Reibungspr\u00fcfung von Eingabestiften<\/strong><\/h3>\n<ul>\n<li><strong>Reibungstestaufbau<\/strong>: Der Stift wird zusammen mit einem bestimmten Gewicht am Tester befestigt und vertikal \u00fcber einem Bildschirm oder Touchpanel positioniert. Dieser Aufbau wendet eine Schwerkraft an, die das Gewicht des Stifts und des zus\u00e4tzlichen Gewichts kombiniert, um realistische Testbedingungen zu schaffen.<\/li>\n<li><strong>\u00dcbersicht \u00fcber das Verfahren<\/strong>:\n<ul>\n<li>Benutzer k\u00f6nnen bestimmte Geschwindigkeiten einstellen und Testmodi je nach Anforderungen ausw\u00e4hlen und so den Test an unterschiedliche Stiftmaterialien und Design\u00fcberlegungen anpassen.<\/li>\n<li><strong>Messung des Reibungskoeffizienten<\/strong>: Dieser Wert bietet eine quantifizierbare Metrik f\u00fcr die Bewertung und Verfeinerung von Stiftspitzenmaterialien und stellt sicher, dass sie die gew\u00fcnschten Reibungsgrade aufweisen.<\/li>\n<li><strong>Gleittest f\u00fcr Haltbarkeit<\/strong>: Nach wiederholten Zyklen misst der Gleittest den Verschlei\u00df und gibt an, wie gut die Stiftspitze l\u00e4ngerem Gebrauch standh\u00e4lt. Anhand dieser Ergebnisse k\u00f6nnen Hersteller die Langlebigkeit des Materials beurteilen und bei Bedarf Verbesserungen vornehmen.<\/li>\n<\/ul>\n<\/li>\n<\/ul>\n<h2><strong>Industriestandards und Compliance<\/strong><\/h2>\n<p>Der Smart Pen Reibungskoeffiziententester entspricht den Industriestandards, einschlie\u00dflich <strong>ASTM D1894<\/strong> Und <strong>ISO 8295<\/strong>, wodurch die Einhaltung weltweit anerkannter Richtlinien f\u00fcr Reibungstests sichergestellt wird. Die Einhaltung dieser Standards erh\u00f6ht die Glaubw\u00fcrdigkeit der Testergebnisse und macht sie f\u00fcr die internationale Qualit\u00e4tskontrolle und Produktzertifizierungen geeignet.<\/p>\n<h2><strong>Technische Daten des Reibungskoeffizientenpr\u00fcfger\u00e4ts Smart Pen<\/strong><\/h2>\n<ul>\n<li><strong>Kraftbereich<\/strong>: 5N mit 0,5%FS-Genauigkeit, ideal zum Nachbilden realer Stiftnutzungsbedingungen.<\/li>\n<li><strong>Geschwindigkeitsregelung<\/strong>: Einstellbar von 1 bis 12.000 mm\/min mit einer Genauigkeit von 0,1 mm\/min, um verschiedenen Testanforderungen gerecht zu werden.<\/li>\n<li><strong>Dr\u00fcckendes Gewicht<\/strong>: 150\u00a0g, simuliert das Gewicht, das typischerweise bei der Verwendung eines Standardstifts angewendet wird.<\/li>\n<li><strong>Strichl\u00e4nge<\/strong>: 350 mm, wodurch erweiterte Testzyklen zur Haltbarkeitsbewertung erm\u00f6glicht werden.<\/li>\n<li><strong>Stromversorgung<\/strong>: 110\u2013220\u00a0V, kompatibel mit den meisten Labor- und Industriestromstandards f\u00fcr vielseitigen Einsatz.<\/li>\n<\/ul>\n<h2><strong>Anwendungen des Smart Pen Reibungskoeffizientenpr\u00fcfers<\/strong><\/h2>\n<p>Dieser Tester ist unverzichtbar f\u00fcr <strong>F&amp;E-Labore<\/strong>, <strong>Hersteller<\/strong>, Und <strong>Qualit\u00e4tskontrollabteilungen<\/strong> in Branchen, die sich auf elektronisches Zubeh\u00f6r, Lehrmittel und kreative Ger\u00e4te konzentrieren, bei denen die Leistung des Stifts entscheidend ist. Durch die Bereitstellung zuverl\u00e4ssiger Daten zu Reibung und Haltbarkeit k\u00f6nnen Unternehmen hochwertige, benutzerfreundliche Stifte entwickeln, die auf die Kundenbed\u00fcrfnisse in Branchen wie <strong>Elektronik<\/strong>, <strong>Verbrauchertechnologie<\/strong>, <strong>Ausbildung<\/strong>, Und <strong>Unterhaltung<\/strong>.<\/p>\n<h2><strong>FAQs zum Testen des Reibungskoeffizienten mit dem Smart Pen<\/strong><\/h2>\n<ul>\n<li><strong>Was ist der Zweck des Reibungstests mit dem Eingabestift?<\/strong><br \/>\nBeim Reibungstest wird die Interaktion zwischen der Spitze eines Stifts und der Bildschirmoberfl\u00e4che bewertet. Er liefert Daten zum Widerstand oder zur Gl\u00e4tte des Stifts, was f\u00fcr Kontrolle und Pr\u00e4zision von entscheidender Bedeutung ist.<\/li>\n<li><strong>Welchen Nutzen hat der Gleitmodustest f\u00fcr die Beurteilung der Stifthaltbarkeit?<\/strong><br \/>\nDer Gleitmodus misst den Verschlei\u00df der Stiftspitze \u00fcber wiederholte Zyklen und gibt Aufschluss \u00fcber die Leistung des Stifts nach l\u00e4ngerem Gebrauch, ein entscheidender Faktor f\u00fcr die Langlebigkeit.<\/li>\n<li><strong>Was sind die Industriestandards f\u00fcr Reibungstests?<\/strong><br \/>\nASTM D1894 und ISO 8295 sind die wichtigsten Normen f\u00fcr Reibungspr\u00fcfungen im Zusammenhang mit Stift- und anderen Materialbewertungen und bieten Richtlinien f\u00fcr Testbedingungen und -genauigkeit.<\/li>\n<li><strong>Welchen Einfluss hat Reibung auf die Stiftpr\u00e4zision?<\/strong><br \/>\nAngemessene Reibungsgrade stellen sicher, dass der Stift pr\u00e4zise auf Benutzereingaben reagiert und sanfte, pr\u00e4zise Striche erm\u00f6glicht, die die Kontrolle und Zufriedenheit des Benutzers verbessern.<\/li>\n<li><strong>Welche Bildschirmtypen k\u00f6nnen mit diesem Ger\u00e4t getestet werden?<\/strong><br \/>\nMit diesem Tester k\u00f6nnen Reibungswechselwirkungen zwischen Stiftspitzen und verschiedenen Bildschirmtypen ausgewertet werden. Dadurch ist er vielseitig einsetzbar und kann auf verschiedenen Ger\u00e4ten und Materialien getestet werden.<\/li>\n<\/ul>\n<p>Der Smart Pen-Reibungskoeffiziententester ist ein leistungsstarkes Werkzeug f\u00fcr Stifthersteller, die die Produktqualit\u00e4t und die Benutzerzufriedenheit verbessern m\u00f6chten. Durch die Bereitstellung genauer Reibungs- und Verschlei\u00dfmessungen erm\u00f6glicht dieses Instrument die Entwicklung von Stiften mit idealen Reibungswerten, Haltbarkeit und Pr\u00e4zision. Mit seinen zwei Testmodi und dem hochpr\u00e4zisen Betrieb ist es die perfekte Wahl f\u00fcr Qualit\u00e4tskontrolllabore und Produktentwickler, die eine \u00fcberragende Stiftleistung erzielen m\u00f6chten.<\/p>","protected":false},"excerpt":{"rendered":"<p>Der Smart Pen Coefficient of Friction Tester ist ein Spezialger\u00e4t, das die Leistung von Stylus-Stiften durch pr\u00e4zise Reibungs- und Haltbarkeitstests bewertet und optimiert. Dieser hochmoderne Tester ist unverzichtbar f\u00fcr Hersteller und Forschungs- und Entwicklungslabore, die sich auf die Verbesserung des Benutzererlebnisses, der Genauigkeit und der Langlebigkeit von Stylus-Produkten konzentrieren. Durch detaillierte Einblicke in Reibungseigenschaften und Verschlei\u00dffestigkeit erm\u00f6glicht der Smart Pen Coefficient of Friction Tester eine Produktverbesserung und stellt sicher, dass Stylus-Stifte den h\u00f6chsten Standards in Bezug auf Qualit\u00e4t und Haltbarkeit entsprechen.<\/p>","protected":false},"featured_media":6272,"comment_status":"closed","ping_status":"closed","template":"","meta":{"site-sidebar-layout":"default","site-content-layout":"default","ast-global-header-display":"","ast-main-header-display":"","ast-hfb-above-header-display":"","ast-hfb-below-header-display":"","ast-hfb-mobile-header-display":"","site-post-title":"","ast-breadcrumbs-content":"","ast-featured-img":"","footer-sml-layout":"","theme-transparent-header-meta":"default","adv-header-id-meta":"","stick-header-meta":"","header-above-stick-meta":"","header-main-stick-meta":"","header-below-stick-meta":""},"product_cat":[937,953,956,955,954,957,958,952,959,683,95],"product_tag":[],"class_list":{"0":"post-5175","1":"product","2":"type-product","3":"status-publish","4":"has-post-thumbnail","6":"product_cat-electronic-product-tester","7":"product_cat-bursting-tester","8":"product_cat-cobb-tester","9":"product_cat-crush-tester","10":"product_cat-paper-tear-tester","11":"product_cat-plybond-tester","12":"product_cat-puncture-tester","13":"product_cat-rub-tester","14":"product_cat-stiffness-tester","15":"product_cat-coefficient-of-friction-tester","16":"product_cat-products","17":"desktop-align-left","18":"tablet-align-left","19":"mobile-align-left","21":"first","22":"instock","23":"shipping-taxable","24":"product-type-simple"},"_links":{"self":[{"href":"https:\/\/www.qualitester.com\/de\/wp-json\/wp\/v2\/product\/5175","targetHints":{"allow":["GET"]}}],"collection":[{"href":"https:\/\/www.qualitester.com\/de\/wp-json\/wp\/v2\/product"}],"about":[{"href":"https:\/\/www.qualitester.com\/de\/wp-json\/wp\/v2\/types\/product"}],"replies":[{"embeddable":true,"href":"https:\/\/www.qualitester.com\/de\/wp-json\/wp\/v2\/comments?post=5175"}],"version-history":[{"count":0,"href":"https:\/\/www.qualitester.com\/de\/wp-json\/wp\/v2\/product\/5175\/revisions"}],"wp:featuredmedia":[{"embeddable":true,"href":"https:\/\/www.qualitester.com\/de\/wp-json\/wp\/v2\/media\/6272"}],"wp:attachment":[{"href":"https:\/\/www.qualitester.com\/de\/wp-json\/wp\/v2\/media?parent=5175"}],"wp:term":[{"taxonomy":"product_cat","embeddable":true,"href":"https:\/\/www.qualitester.com\/de\/wp-json\/wp\/v2\/product_cat?post=5175"},{"taxonomy":"product_tag","embeddable":true,"href":"https:\/\/www.qualitester.com\/de\/wp-json\/wp\/v2\/product_tag?post=5175"}],"curies":[{"name":"wp","href":"https:\/\/api.w.org\/{rel}","templated":true}]}}