{"id":5167,"date":"2024-10-31T13:16:34","date_gmt":"2024-10-31T05:16:34","guid":{"rendered":"https:\/\/www.qualitester.com\/?post_type=product&#038;p=5167"},"modified":"2024-12-05T09:33:56","modified_gmt":"2024-12-05T01:33:56","slug":"sale-non-destructive-leak-testing-equipment","status":"publish","type":"product","link":"https:\/\/www.qualitester.com\/de\/produkt-2\/sale-non-destructive-leak-testing-equipment\/","title":{"rendered":"MLT-01 Mikro-Lecktester"},"content":{"rendered":"<h2>Einf\u00fchrung<\/h2>\n<p>Im heutigen wettbewerbsintensiven Markt ist die Gew\u00e4hrleistung der Integrit\u00e4t der Verpackung entscheidend f\u00fcr die Wahrung der Produktqualit\u00e4t und Verbrauchersicherheit. Zerst\u00f6rungsfreie Dichtheitspr\u00fcfger\u00e4te spielen bei der Erreichung dieses Ziels eine entscheidende Rolle. Der Mikro-Lecktester MLT-01 ist f\u00fcr die genaue und zuverl\u00e4ssige Dichtheitspr\u00fcfung von nichtpor\u00f6sen, starren oder flexiblen Verpackungen konzipiert und ist damit ein unverzichtbares Werkzeug in verschiedenen Branchen, darunter Pharmazeutika, Lebensmittelverpackungen und medizinische Ger\u00e4te.<\/p>\n<h2>ASTM F2338 verstehen<\/h2>\n<h3>Was ist <a href=\"https:\/\/www.astm.org\/f2338-09r20.html\" target=\"_blank\" rel=\"noopener nofollow\">ASTM F2338<\/a>?<\/h3>\n<p><a href=\"https:\/\/www.qualitester.com\/de\/produkt-kategorie\/astm\/astm-d2338\/\">ASTM F2338<\/a> ist ein wichtiger Standard, der die Testmethoden zur Bewertung der Integrit\u00e4t versiegelter Verpackungen durch zerst\u00f6rungsfreie Dichtheitspr\u00fcfungen beschreibt. Dieser Standard stellt sicher, dass Produkte strenge Qualit\u00e4ts- und Sicherheitskriterien erf\u00fcllen, insbesondere in regulierten Branchen. Die in ASTM F2338 definierten Methoden sind entscheidend f\u00fcr die Identifizierung potenzieller Leckagen, die die Produktintegrit\u00e4t beeintr\u00e4chtigen und zu erheblichen finanziellen Verlusten f\u00fchren k\u00f6nnen.<\/p>\n<h3>Durch ASTM F2338 definierte Testmethoden<\/h3>\n<p>Der ASTM F2338-Standard umfasst mehrere Methoden zur Lecksuche, wobei die Vakuumzerfallsmethode im Mittelpunkt steht. Bei diesem Ansatz wird ein Unterdruck auf das Testpaket ausge\u00fcbt und jeder Druckanstieg \u00fcberwacht, der auf ein Leck hinweist. Im Vergleich zu anderen Lecksuchmethoden ist die Vakuumzerfallsmethode hochempfindlich und effizient und eignet sich daher f\u00fcr verschiedene Anwendungen.<\/p>\n<h2>MLT-01 Mikro-Lecktester<\/h2>\n<h3>Systembeschreibung<\/h3>\n<p>Der Mikro-Lecktester MLT-01 verwendet ein ausgekl\u00fcgeltes Design mit einem Netzwerk aus Leitungen und Ventilen, die eine Testkammer mit einem hochaufl\u00f6senden Drucksensor und einer externen Vakuumquelle verbinden. Das System ist mit einer SPS-Steuereinheit und einem HMI-Touchscreen ausgestattet, was eine intuitive Bedienung erm\u00f6glicht. Ein externer Gasdurchflussmesser sorgt f\u00fcr optimale Systemleistung, w\u00e4hrend die speziell entwickelte Testkammer das Testpaket sicher umschlie\u00dft und bei Bedarf Werkzeuge enthalten kann, um Bewegung oder Ausdehnung einzuschr\u00e4nken.<\/p>\n<h3>Testprozess<\/h3>\n<p>Der Testvorgang mit dem MLT-01 Mikro-Lecktester besteht aus vier Hauptphasen:<\/p>\n<ol>\n<li><strong>FILL-Phase<\/strong>: Befestigen Sie die Probe in der Kammer und wenden Sie Unterdruck an, um eine kontrollierte Umgebung zu schaffen.<\/li>\n<li><strong>SETTLE-Phase<\/strong>: Sorgen Sie daf\u00fcr, dass das System jede Dehnung oder Biegung der Komponenten ausgleichen kann, die bei Unterdruck auftreten kann.<\/li>\n<li><strong>TEST Phase<\/strong>: Messen Sie w\u00e4hrend dieser Phase jeden Druckanstieg. Eine signifikante Ver\u00e4nderung deutet auf ein Leck hin.<\/li>\n<li><strong>VENT-Stufe<\/strong>: Lassen Sie den verbleibenden Unterdruck in die Atmosph\u00e4re ab und bewerten Sie die Ergebnisse. Wenn die Probe innerhalb des angegebenen Bereichs bleibt, ist sie BESTANDEN, andernfalls ist sie NICHT BESTANDEN.<\/li>\n<\/ol>\n<h3>Technische Eigenschaften<\/h3>\n<ul>\n<li><strong>Betrieb eines SPS-Systems<\/strong>: Zur Erh\u00f6hung der Zuverl\u00e4ssigkeit wird das System \u00fcber eine speicherprogrammierbare Steuerung (SPS) gesteuert.<\/li>\n<li><strong>Anpassbare Kammergr\u00f6\u00dfen<\/strong>: F\u00fcr verschiedene Paketabmessungen sind ma\u00dfgeschneiderte Gr\u00f6\u00dfen erh\u00e4ltlich.<\/li>\n<li><strong>Hohe Empfindlichkeit<\/strong>: Der MLT-01 weist eine au\u00dfergew\u00f6hnliche Empfindlichkeit auf und kann winzige Lecks im Bereich von 1\u20133 \u03bcm erkennen.<\/li>\n<li><strong>Berechnung der effektiven Leckrate<\/strong>: Der Tester berechnet die Leckrate genau und liefert wichtige Daten zur Qualit\u00e4tssicherung.<\/li>\n<li><strong>Effiziente Testmethode<\/strong>: Der MLT-01 vereinfacht den Testvorgang und bietet einen unkomplizierten Ansatz zur Lecksuche.<\/li>\n<\/ul>\n<h2>Anwendungen und Vorteile<\/h2>\n<p>Der Mikro-Lecktester MLT-01 eignet sich ideal f\u00fcr verschiedene Branchen, darunter Pharmazeutika, Lebensmittel und Getr\u00e4nke, medizinische Ger\u00e4te und Verpackungen. Seine zerst\u00f6rungsfreien Pr\u00fcffunktionen stellen sicher, dass die Produktintegrit\u00e4t w\u00e4hrend des gesamten Produktionsprozesses erhalten bleibt. Durch den Einsatz dieser fortschrittlichen Dichtheitspr\u00fcfger\u00e4te k\u00f6nnen Unternehmen kostspielige R\u00fcckrufaktionen vermeiden, die Produktsicherheit verbessern und gesetzliche Anforderungen erf\u00fcllen.<\/p>\n<p>Zerst\u00f6rungsfreie Dichtheitspr\u00fcfger\u00e4te wie der Mikro-Lecktester MLT-01 sind f\u00fcr die Aufrechterhaltung der Produktqualit\u00e4t und die Gew\u00e4hrleistung der Verbrauchersicherheit unerl\u00e4sslich. Mit seiner Ausrichtung auf die ASTM F2338-Standards und seinem innovativen Design bietet der MLT-01 Herstellern eine zuverl\u00e4ssige L\u00f6sung zur Lecksuche. Investieren Sie noch heute in den MLT-01, um Ihre Qualit\u00e4tssicherungsprozesse zu verbessern und Ihre Produkte zu sch\u00fctzen.<\/p>\n<h2>FAQ-Bereich<\/h2>\n<ol>\n<li><strong>Wie lange dauert normalerweise die Pr\u00fcfung mit dem Mikro-Lecktester MLT-01?<\/strong>\n<ul>\n<li>Die Testzeiten variieren und liegen je nach Verpackungsgr\u00f6\u00dfe und erforderlicher Leckempfindlichkeit normalerweise zwischen einigen Sekunden und einigen Minuten.<\/li>\n<\/ul>\n<\/li>\n<li><strong>Wie empfindlich ist das MLT-01 bei der Leckerkennung?<\/strong>\n<ul>\n<li>Der MLT-01 kann kleinste Lecks im Bereich von 1\u20133 \u03bcm erkennen und ist daher \u00e4u\u00dferst effektiv f\u00fcr die Qualit\u00e4tssicherung.<\/li>\n<\/ul>\n<\/li>\n<li><strong>Kann die Kammergr\u00f6\u00dfe des MLT-01 individuell angepasst werden?<\/strong>\n<ul>\n<li>Ja, der MLT-01 bietet ma\u00dfgeschneiderte Kammergr\u00f6\u00dfen, um verschiedenen Verpackungsabmessungen und Testanforderungen gerecht zu werden.<\/li>\n<\/ul>\n<\/li>\n<li><strong>Welches Netzteil wird f\u00fcr das MLT-01 ben\u00f6tigt?<\/strong>\n<ul>\n<li>Der MLT-01 wird mit einer Wechselstromversorgung von 110\u2013220 V bei 50 Hz betrieben.<\/li>\n<\/ul>\n<\/li>\n<li><strong>Wie schneidet die Vakuumzerfallsmethode im Vergleich zu anderen Dichtheitspr\u00fcfverfahren ab?<\/strong>\n<ul>\n<li>Die Vakuumzerfallsmethode ist im Allgemeinen empfindlicher und effizienter als andere Methoden und eignet sich daher ideal zum Erkennen von Lecks in nichtpor\u00f6sen Verpackungen, ohne diese zu besch\u00e4digen.<\/li>\n<\/ul>\n<\/li>\n<\/ol>","protected":false},"excerpt":{"rendered":"<p>Zerst\u00f6rungsfreie Dichtheitspr\u00fcfger\u00e4te wie der Mikro-Lecktester MLT-01 sind f\u00fcr die Aufrechterhaltung der Produktqualit\u00e4t und die Gew\u00e4hrleistung der Verbrauchersicherheit unerl\u00e4sslich. Mit seiner Ausrichtung auf die ASTM F2338-Standards und seinem innovativen Design bietet der MLT-01 Herstellern eine zuverl\u00e4ssige L\u00f6sung zur Lecksuche. Investieren Sie noch heute in den MLT-01, um Ihre Qualit\u00e4tssicherungsprozesse zu verbessern und Ihre Produkte zu sch\u00fctzen.<\/p>","protected":false},"featured_media":6153,"comment_status":"closed","ping_status":"closed","template":"","meta":{"site-sidebar-layout":"default","site-content-layout":"default","ast-global-header-display":"","ast-main-header-display":"","ast-hfb-above-header-display":"","ast-hfb-below-header-display":"","ast-hfb-mobile-header-display":"","site-post-title":"","ast-breadcrumbs-content":"","ast-featured-img":"","footer-sml-layout":"","theme-transparent-header-meta":"default","adv-header-id-meta":"","stick-header-meta":"","header-above-stick-meta":"","header-main-stick-meta":"","header-below-stick-meta":""},"product_cat":[845,953,956,955,954,957,958,952,959,144,95],"product_tag":[],"class_list":{"0":"post-5167","1":"product","2":"type-product","3":"status-publish","4":"has-post-thumbnail","6":"product_cat-customization","7":"product_cat-bursting-tester","8":"product_cat-cobb-tester","9":"product_cat-crush-tester","10":"product_cat-paper-tear-tester","11":"product_cat-plybond-tester","12":"product_cat-puncture-tester","13":"product_cat-rub-tester","14":"product_cat-stiffness-tester","15":"product_cat-astm-f2338","16":"product_cat-products","17":"desktop-align-left","18":"tablet-align-left","19":"mobile-align-left","21":"first","22":"instock","23":"shipping-taxable","24":"product-type-simple"},"_links":{"self":[{"href":"https:\/\/www.qualitester.com\/de\/wp-json\/wp\/v2\/product\/5167","targetHints":{"allow":["GET"]}}],"collection":[{"href":"https:\/\/www.qualitester.com\/de\/wp-json\/wp\/v2\/product"}],"about":[{"href":"https:\/\/www.qualitester.com\/de\/wp-json\/wp\/v2\/types\/product"}],"replies":[{"embeddable":true,"href":"https:\/\/www.qualitester.com\/de\/wp-json\/wp\/v2\/comments?post=5167"}],"version-history":[{"count":0,"href":"https:\/\/www.qualitester.com\/de\/wp-json\/wp\/v2\/product\/5167\/revisions"}],"wp:featuredmedia":[{"embeddable":true,"href":"https:\/\/www.qualitester.com\/de\/wp-json\/wp\/v2\/media\/6153"}],"wp:attachment":[{"href":"https:\/\/www.qualitester.com\/de\/wp-json\/wp\/v2\/media?parent=5167"}],"wp:term":[{"taxonomy":"product_cat","embeddable":true,"href":"https:\/\/www.qualitester.com\/de\/wp-json\/wp\/v2\/product_cat?post=5167"},{"taxonomy":"product_tag","embeddable":true,"href":"https:\/\/www.qualitester.com\/de\/wp-json\/wp\/v2\/product_tag?post=5167"}],"curies":[{"name":"wp","href":"https:\/\/api.w.org\/{rel}","templated":true}]}}