{"id":5157,"date":"2024-10-31T12:00:37","date_gmt":"2024-10-31T04:00:37","guid":{"rendered":"https:\/\/www.qualitester.com\/?post_type=product&#038;p=5157"},"modified":"2024-12-04T16:23:34","modified_gmt":"2024-12-04T08:23:34","slug":"sale-film-shrinkage-tester-iso-14616","status":"publish","type":"product","link":"https:\/\/www.qualitester.com\/de\/produkt-2\/sale-film-shrinkage-tester-iso-14616\/","title":{"rendered":"FSR-01 Folienschrumpfungspr\u00fcfger\u00e4t"},"content":{"rendered":"<h2>Einf\u00fchrung von <strong>Folienschrumpfungspr\u00fcfger\u00e4t<\/strong><\/h2>\n<p>Der <strong>Folienschrumpfungspr\u00fcfger\u00e4t<\/strong> ist ein unverzichtbares Instrument zur Messung der Schrumpfkr\u00e4fte und <a href=\"https:\/\/www.qualitester.com\/de\/produkt-2\/film-free-shrink-tester-fst-01\/\" target=\"_blank\" rel=\"noopener\">Schrumpfverh\u00e4ltnisse von w\u00e4rmeschrumpfbaren Folien<\/a>. Diese Folien werden h\u00e4ufig in verschiedenen Branchen verwendet, darunter Verpackungs-, Lebensmittel-, Medizin- und Pharmaindustrie. Diese Folien werden durch Extrusion und Recken (Warmziehen) hergestellt und bleiben in ihrem gedehnten Zustand, bis sie wieder erhitzt werden. Wenn sie den spezifischen Temperaturen ausgesetzt werden, die die anf\u00e4ngliche Spannung l\u00f6sen, ziehen sich die Folien zusammen oder \u201eschrumpfen zur\u00fcck\u201c, sodass genaue Messungen f\u00fcr die Qualit\u00e4tssicherung von entscheidender Bedeutung sind.<\/p>\n<h2>Testmethoden<\/h2>\n<h3>Testprozess<\/h3>\n<ol>\n<li><strong>Vorbereitung<\/strong>: Der Test beginnt mit einem gut isolierten Hei\u00dfluftofen, der auf eine vorgegebene Temperatur aufgeheizt wird. Zwei Proben werden separat auf daf\u00fcr vorgesehene Teststationen gelegt, um Schrumpfrate und Schrumpf-\/Kontraktionskraft zu ermitteln.<\/li>\n<li><strong>Messaufbau<\/strong>: Ein Temperaturf\u00fchler wird so positioniert, dass er den Probenbereich \u00fcberwacht und pr\u00e4zise Temperaturwerte liefert. Der Hei\u00dfluftofen senkt sich automatisch ab, um den Probenbereich abzudecken und erm\u00f6glicht so genaue Tests.<\/li>\n<li><strong>Datenerfassung<\/strong>: Bei steigender Temperatur wird die maximale Schrumpfkraft gemessen, die anzeigt, wann die Schrumpftemperatur erreicht ist. Der Prozess zeichnet den Moment auf, in dem diese Kraft um etwa 15% auf 30% abnimmt, hebt den Luftofen an und notiert die verstrichene Zeit.<\/li>\n<li><strong>Bewertung des Schrumpfungsverh\u00e4ltnisses<\/strong>: W\u00e4hrend der Testphase wird das Schrumpfverh\u00e4ltnis ausgewertet, das wichtige Erkenntnisse \u00fcber die Leistungsmerkmale der Folie bietet.<\/li>\n<\/ol>\n<h2>Technische Eigenschaften<\/h2>\n<ul>\n<li><strong>SPS-Steuerung und HMI-Touchscreen<\/strong>: Diese Funktion gew\u00e4hrleistet Stabilit\u00e4t auf Industrieniveau und bietet gleichzeitig eine benutzerfreundliche Schnittstelle f\u00fcr eine einfache Bedienung.<\/li>\n<li><strong>Gut isolierter Hei\u00dfluftofen<\/strong>: Der Luftofen ist fachm\u00e4nnisch isoliert und verf\u00fcgt \u00fcber eine automatische Absenkung und Anhebung, was die Pr\u00fcfgenauigkeit verbessert.<\/li>\n<li><strong>Ber\u00fchrungslose Messung des Schrumpfverh\u00e4ltnisses<\/strong>: Diese ber\u00fchrungslose Funktion verbessert die Genauigkeit und Zuverl\u00e4ssigkeit der Ergebnisse erheblich.<\/li>\n<li><strong>Echtzeitanzeige<\/strong>: Der Tester bietet eine Echtzeitanzeige der wichtigsten Messwerte, einschlie\u00dflich Schrumpfkraft, Kontraktionskraft und Schrumpfungsverh\u00e4ltnis, und erm\u00f6glicht so eine sofortige Analyse.<\/li>\n<li><strong>Eliminierung von St\u00f6rfaktoren<\/strong>: Durch die effektive Eliminierung irrelevanter St\u00f6rfaktoren wie Reibung und k\u00fchle Luft gew\u00e4hrleistet das System die Genauigkeit der Testergebnisse.<\/li>\n<li><strong>Stabiles Heizsystem<\/strong>: Ein stabiles und ausgewogenes Heizsystem sorgt f\u00fcr konstante Testbedingungen, die f\u00fcr zuverl\u00e4ssige Messungen unerl\u00e4sslich sind.<\/li>\n<li><strong>Einfaches Laden der Proben<\/strong>: Das Design vereinfacht das Laden der Proben, rationalisiert den Testvorgang und verk\u00fcrzt die Einrichtungszeit.<\/li>\n<li><strong>Hochaufl\u00f6sende Sensoren<\/strong>: Ausgestattet mit hochaufl\u00f6senden Kraftaufnehmern und Thermometern garantiert das System pr\u00e4zise Messungen w\u00e4hrend des gesamten Pr\u00fcfvorgangs.<\/li>\n<li><strong>Konnektivit\u00e4ts- und Softwareoptionen<\/strong>: Der Filmschrumpfungstester verf\u00fcgt \u00fcber einen RS232-Anschluss f\u00fcr die Datenkonnektivit\u00e4t und bietet optionale professionelle Software f\u00fcr erweiterte Datenanalyse- und Berichtsfunktionen.<\/li>\n<\/ul>\n<h2>Normen<\/h2>\n<p>Der Folienschrumpfungstester entspricht den wichtigsten Industrienormen, um eine zuverl\u00e4ssige Leistung zu gew\u00e4hrleisten:<\/p>\n<ul>\n<li><a href=\"https:\/\/www.iso.org\/standard\/24972.html\" target=\"_blank\" rel=\"noopener nofollow\"><strong>ISO 14616<\/strong><\/a>: Diese Norm konzentriert sich auf die Pr\u00fcfmethoden, die f\u00fcr Schrumpffolien gelten, und bietet einen Rahmen f\u00fcr genaue Messungen.<\/li>\n<li><strong>DIN 53369<\/strong>: Befasst sich mit den f\u00fcr Schrumpffolien relevanten Materialpr\u00fcfnormen und stellt die Einhaltung der Branchenpraktiken sicher.<\/li>\n<\/ul>\n<h2>Hauptparameter<\/h2>\n<table>\n<tbody>\n<tr>\n<td width=\"156\">Kraftbereich<\/td>\n<td width=\"152\">5 N (oder nach Bedarf)<\/td>\n<\/tr>\n<tr>\n<td width=\"156\">Genauigkeit<\/td>\n<td width=\"152\">\u00b10,51 TP3T<\/td>\n<\/tr>\n<tr>\n<td width=\"156\">Aufl\u00f6sung<\/td>\n<td width=\"152\">0,001N<\/td>\n<\/tr>\n<tr>\n<td width=\"156\">Hubraum<\/td>\n<td width=\"152\">0,1 ~ 95 mm<\/td>\n<\/tr>\n<tr>\n<td width=\"156\">Genauigkeit<\/td>\n<td width=\"152\">\u00b10,1 mm<\/td>\n<\/tr>\n<tr>\n<td width=\"156\">Temperaturbereich<\/td>\n<td width=\"152\">Umgebungstemperatur ~ 210\u00b0C<\/td>\n<\/tr>\n<tr>\n<td width=\"156\">Genauigkeit<\/td>\n<td width=\"152\">\u00b10,5 \u00b0C<\/td>\n<\/tr>\n<tr>\n<td width=\"156\">Anzahl der Proben<\/td>\n<td width=\"152\">2<\/td>\n<\/tr>\n<tr>\n<td width=\"156\">Stichprobengr\u00f6\u00dfe<\/td>\n<td width=\"152\">110*15 mm, L*B<\/td>\n<\/tr>\n<tr>\n<td width=\"156\">Stromversorgung<\/td>\n<td width=\"152\">220 V 50 Hz<\/td>\n<\/tr>\n<\/tbody>\n<\/table>\n<p>Der <strong>Folienschrumpfungspr\u00fcfger\u00e4t<\/strong> ist ein wichtiges Werkzeug zur Sicherstellung der Qualit\u00e4t und Zuverl\u00e4ssigkeit von Schrumpffolien in verschiedenen Anwendungen. Durch die Bereitstellung genauer Messungen von Schrumpfkr\u00e4ften und -verh\u00e4ltnissen unterst\u00fctzt es Hersteller bei der Einhaltung hoher Standards und der Optimierung ihrer Prozesse. Wenn Sie an der Verbesserung Ihrer Qualit\u00e4tskontrollma\u00dfnahmen interessiert sind, empfehlen wir Ihnen, sich n\u00e4her zu informieren oder eine Vorf\u00fchrung anzufordern, um die F\u00e4higkeiten dieses wichtigen Instruments in Aktion zu erleben.<\/p>\n<h2>Verwandtes Produkt<\/h2>\n<blockquote class=\"wp-embedded-content\" data-secret=\"95pGvecun0\"><p><a href=\"https:\/\/www.qualitester.com\/de\/produkt-2\/film-free-shrink-tester-fst-01\/\">FST-01 Folienfreier Schrumpftester<\/a><\/p><\/blockquote>\n<p><iframe class=\"wp-embedded-content\" sandbox=\"allow-scripts\" security=\"restricted\" style=\"position: absolute; visibility: hidden;\" title=\"\u300a FST-01 Film Free Shrink Tester \u300b\u2014Material Quality Tester\" src=\"https:\/\/www.qualitester.com\/product\/film-free-shrink-tester-fst-01\/embed\/#?secret=J7nnnghFFb#?secret=95pGvecun0\" data-secret=\"95pGvecun0\" width=\"500\" height=\"282\" frameborder=\"0\" marginwidth=\"0\" marginheight=\"0\" scrolling=\"no\"><\/iframe><\/p>","protected":false},"excerpt":{"rendered":"<p>Der <strong>Folienschrumpfungspr\u00fcfger\u00e4t<\/strong> ist ein wichtiges Werkzeug zur Sicherstellung der Qualit\u00e4t und Zuverl\u00e4ssigkeit von Schrumpffolien in verschiedenen Anwendungen. Durch die Bereitstellung genauer Messungen von Schrumpfkr\u00e4ften und -verh\u00e4ltnissen unterst\u00fctzt es Hersteller bei der Einhaltung hoher Standards und der Optimierung ihrer Prozesse. Wenn Sie an der Verbesserung Ihrer Qualit\u00e4tskontrollma\u00dfnahmen interessiert sind, empfehlen wir Ihnen, sich n\u00e4her damit zu befassen oder eine Vorf\u00fchrung anzufordern, um die F\u00e4higkeiten dieses wichtigen Instruments in Aktion zu erleben.<\/p>","protected":false},"featured_media":6141,"comment_status":"closed","ping_status":"closed","template":"","meta":{"site-sidebar-layout":"default","site-content-layout":"default","ast-global-header-display":"","ast-main-header-display":"","ast-hfb-above-header-display":"","ast-hfb-below-header-display":"","ast-hfb-mobile-header-display":"","site-post-title":"","ast-breadcrumbs-content":"","ast-featured-img":"","footer-sml-layout":"","theme-transparent-header-meta":"default","adv-header-id-meta":"","stick-header-meta":"","header-above-stick-meta":"","header-main-stick-meta":"","header-below-stick-meta":""},"product_cat":[953,956,955,845,1134,954,957,958,952,959,686,16,158,95],"product_tag":[],"class_list":{"0":"post-5157","1":"product","2":"type-product","3":"status-publish","4":"has-post-thumbnail","6":"product_cat-bursting-tester","7":"product_cat-cobb-tester","8":"product_cat-crush-tester","9":"product_cat-customization","10":"product_cat-din-53369","11":"product_cat-paper-tear-tester","12":"product_cat-plybond-tester","13":"product_cat-puncture-tester","14":"product_cat-rub-tester","15":"product_cat-stiffness-tester","16":"product_cat-shrink-tester","17":"product_cat-plastic-packaging-testers","18":"product_cat-iso-14616","19":"product_cat-products","20":"desktop-align-left","21":"tablet-align-left","22":"mobile-align-left","24":"first","25":"instock","26":"shipping-taxable","27":"product-type-simple"},"_links":{"self":[{"href":"https:\/\/www.qualitester.com\/de\/wp-json\/wp\/v2\/product\/5157","targetHints":{"allow":["GET"]}}],"collection":[{"href":"https:\/\/www.qualitester.com\/de\/wp-json\/wp\/v2\/product"}],"about":[{"href":"https:\/\/www.qualitester.com\/de\/wp-json\/wp\/v2\/types\/product"}],"replies":[{"embeddable":true,"href":"https:\/\/www.qualitester.com\/de\/wp-json\/wp\/v2\/comments?post=5157"}],"version-history":[{"count":0,"href":"https:\/\/www.qualitester.com\/de\/wp-json\/wp\/v2\/product\/5157\/revisions"}],"wp:featuredmedia":[{"embeddable":true,"href":"https:\/\/www.qualitester.com\/de\/wp-json\/wp\/v2\/media\/6141"}],"wp:attachment":[{"href":"https:\/\/www.qualitester.com\/de\/wp-json\/wp\/v2\/media?parent=5157"}],"wp:term":[{"taxonomy":"product_cat","embeddable":true,"href":"https:\/\/www.qualitester.com\/de\/wp-json\/wp\/v2\/product_cat?post=5157"},{"taxonomy":"product_tag","embeddable":true,"href":"https:\/\/www.qualitester.com\/de\/wp-json\/wp\/v2\/product_tag?post=5157"}],"curies":[{"name":"wp","href":"https:\/\/api.w.org\/{rel}","templated":true}]}}