{"id":5149,"date":"2024-10-31T11:42:15","date_gmt":"2024-10-31T03:42:15","guid":{"rendered":"https:\/\/www.qualitester.com\/?post_type=product&#038;p=5149"},"modified":"2024-12-04T16:20:18","modified_gmt":"2024-12-04T08:20:18","slug":"sale-film-friction-peel-tester","status":"publish","type":"product","link":"https:\/\/www.qualitester.com\/de\/produkt-2\/sale-film-friction-peel-tester\/","title":{"rendered":"FPT-01 Reibungs-\/Sch\u00e4lpr\u00fcfger\u00e4t f\u00fcr Folien"},"content":{"rendered":"<h2>Einf\u00fchrung des Filmreibungs-\/Sch\u00e4lpr\u00fcfger\u00e4ts<\/h2>\n<p>Der Film Friction\/Peel Tester ist ein fortschrittliches Instrument zur pr\u00e4zisen Messung von Reibung und Sch\u00e4lwiderstand bei einer Vielzahl von Materialien. Mit Anwendungsgebieten in Branchen wie Verpackung, Medizintechnik, Pharmazie und Textilien spielt dieses vielseitige Ger\u00e4t eine entscheidende Rolle bei der Qualit\u00e4tskontrolle, Produktentwicklung und Forschung.<\/p>\n<h2>Hauptmerkmale des Filmreibungs-\/Sch\u00e4lpr\u00fcfger\u00e4ts<\/h2>\n<h3>COF-Pr\u00fcfung<\/h3>\n<p>Dieser Tester misst pr\u00e4zise sowohl statische als auch kinetische Reibungskoeffizienten, die f\u00fcr das Verst\u00e4ndnis von Materialinteraktionen von entscheidender Bedeutung sind.<\/p>\n<h3>Sch\u00e4lpr\u00fcfung<\/h3>\n<p>Dar\u00fcber hinaus werden auch schonende Abzugskrafttests an verschiedenen Materialien durchgef\u00fchrt, darunter Trennpapiere, Klebeb\u00e4nder und Schutzfolien.<\/p>\n<h2>Technische Spezifikationen<\/h2>\n<ul>\n<li>Systemdesign: Der Tester verf\u00fcgt \u00fcber eine feste Lastmesszellenposition mit Schutzabdeckung, die einen sicheren Betrieb gew\u00e4hrleistet. Der Schlittenmechanismus erm\u00f6glicht genaues Testen, wobei die Proben sicher eingespannt und die Abziehkr\u00e4fte w\u00e4hrend der Trennung aufgezeichnet werden.<\/li>\n<li>Benutzerfreundliche Schnittstelle: Der Filmreibungs-\/Sch\u00e4ltester verf\u00fcgt \u00fcber ein SPS-gesteuertes System und wird \u00fcber einen intuitiven HMI-Touchscreen bedient, was die Navigation und Bedienung f\u00fcr Benutzer vereinfacht.<\/li>\n<\/ul>\n<h3>Hauptparameter<\/h3>\n<table>\n<tbody>\n<tr>\n<td width=\"156\">Kraftbereich<\/td>\n<td width=\"152\">5 N (oder nach Bedarf)<\/td>\n<\/tr>\n<tr>\n<td width=\"156\">Genauigkeit<\/td>\n<td width=\"152\">\u00b10,51 TP3T<\/td>\n<\/tr>\n<tr>\n<td width=\"156\">Aufl\u00f6sung<\/td>\n<td width=\"152\">0,001N<\/td>\n<\/tr>\n<tr>\n<td width=\"156\">Hubraum<\/td>\n<td width=\"152\">0,1 ~ 95 mm<\/td>\n<\/tr>\n<tr>\n<td width=\"156\">Genauigkeit<\/td>\n<td width=\"152\">\u00b10,1 mm<\/td>\n<\/tr>\n<tr>\n<td width=\"156\">Temperaturbereich<\/td>\n<td width=\"152\">Umgebungstemperatur ~ 210\u00b0C<\/td>\n<\/tr>\n<tr>\n<td width=\"156\">Genauigkeit<\/td>\n<td width=\"152\">\u00b10,5 \u00b0C<\/td>\n<\/tr>\n<tr>\n<td width=\"156\">Anzahl der Proben<\/td>\n<td width=\"152\">2<\/td>\n<\/tr>\n<tr>\n<td width=\"156\">Stichprobengr\u00f6\u00dfe<\/td>\n<td width=\"152\">110*15 mm, L*B<\/td>\n<\/tr>\n<tr>\n<td width=\"156\">Stromversorgung<\/td>\n<td width=\"152\">220 V 50 Hz<\/td>\n<\/tr>\n<\/tbody>\n<\/table>\n<h2>Einhaltung von Industriestandards<\/h2>\n<ul>\n<li><a href=\"https:\/\/www.astm.org\/d1894-14.html\" target=\"_blank\" rel=\"noopener nofollow\"><strong>ASTM D1894<\/strong><\/a>: Reibungskoeffizient f\u00fcr Kunststoffe<\/li>\n<li><strong>ASTM D3330<\/strong>: Sch\u00e4lhaftung f\u00fcr druckempfindliches Klebeband (180\u00b0)<\/li>\n<li><strong>ISO 8295<\/strong>: Reibungskoeffizient f\u00fcr Kunststoffe, Sicherstellung der Materialqualit\u00e4t bei der Fertigung.<\/li>\n<li><strong>TAPPI T816<\/strong>: Reibungskoeffizient f\u00fcr Wellpappe und Karton.<\/li>\n<li><strong>TAPPI T549<\/strong>: Reibungskoeffizient f\u00fcr unbeschichtetes Schreib- und Druckpapier.<\/li>\n<\/ul>\n<h2>Anwendungen des Filmreibungs-\/Sch\u00e4lpr\u00fcfger\u00e4ts<\/h2>\n<p>Der Filmreibungs-\/Sch\u00e4lpr\u00fcfer wird in verschiedenen Bereichen eingesetzt, darunter:<\/p>\n<ol>\n<li><strong>Verpackung<\/strong>: Sicherstellen, dass Verpackungsmaterialien die Leistungsstandards erf\u00fcllen.<\/li>\n<li><strong>Klebstoff<\/strong>: Pr\u00fcfung von Klebstoffen und Barrierematerialien auf Zuverl\u00e4ssigkeit.<\/li>\n<li><strong>Lebensmittelindustrie<\/strong>: Bewertung der Siegelfestigkeit und Materialinteraktion hinsichtlich Sicherheit und Qualit\u00e4t.<\/li>\n<li><strong>Textilien<\/strong> <strong>und Verbraucher<\/strong> <strong>Waren<\/strong>: Bewertung der Materialeigenschaften zur Verbesserung der Haltbarkeit und Funktionalit\u00e4t des Produkts.<\/li>\n<\/ol>\n<h2>Vorteile des Filmreibungs-\/Sch\u00e4lpr\u00fcfger\u00e4ts<\/h2>\n<ul>\n<li><strong>Verbesserte Produktleistung<\/strong>: Durch die genaue Messung von Reibung und Abzugsfestigkeit k\u00f6nnen Hersteller die Qualit\u00e4t und Haltbarkeit ihrer Produkte verbessern.<\/li>\n<li><strong>Echtzeit-Datenanalyse<\/strong>: Das System liefert sofortige Ergebnisse, einschlie\u00dflich grafischer Darstellungen der Daten zur einfachen Interpretation.<\/li>\n<li><strong>Erweiterte Funktionen<\/strong>: Zu den zus\u00e4tzlichen Funktionen geh\u00f6ren integrierter Druck und optionale Software f\u00fcr umfassendes Datenmanagement.<\/li>\n<\/ul>\n<p>Der <strong><a href=\"https:\/\/www.qualitester.com\/de\/produkt-2\/coefficient-of-friction-tester-cof-01\/\" target=\"_blank\" rel=\"noopener\">Filmreibung<\/a>\/Sch\u00e4lpr\u00fcfger\u00e4t<\/strong> ist ein unverzichtbares Werkzeug f\u00fcr jedes Unternehmen, das Wert auf Materialqualit\u00e4t und die Einhaltung von Industrienormen legt. Durch pr\u00e4zise Messungen und die Einhaltung anerkannter Testprotokolle unterst\u00fctzt dieser Tester Hersteller dabei, eine optimale Produktleistung zu erzielen. Entdecken Sie noch heute die M\u00f6glichkeiten des Film Friction\/Peel Tester, um sicherzustellen, dass Ihre Materialien den h\u00f6chsten Qualit\u00e4tsstandards entsprechen.<\/p>\n<h2>Verwandte Produkte<\/h2>\n<blockquote class=\"wp-embedded-content\" data-secret=\"hdCaSFydsl\"><p><a href=\"https:\/\/www.qualitester.com\/de\/produkt-2\/coefficient-of-friction-tester-cof-01\/\">COF-01 Reibungskoeffizientenpr\u00fcfger\u00e4t<\/a><\/p><\/blockquote>\n<p><iframe class=\"wp-embedded-content\" sandbox=\"allow-scripts\" security=\"restricted\" style=\"position: absolute; visibility: hidden;\" title=\"\u300a COF-01 Coefficient of Friction Tester \u300b\u2014Material Quality Tester\" src=\"https:\/\/www.qualitester.com\/product\/coefficient-of-friction-tester-cof-01\/embed\/#?secret=KfrAZiIKcT#?secret=hdCaSFydsl\" data-secret=\"hdCaSFydsl\" width=\"500\" height=\"282\" frameborder=\"0\" marginwidth=\"0\" marginheight=\"0\" scrolling=\"no\"><\/iframe><\/p>","protected":false},"excerpt":{"rendered":"<p>Der Film Friction\/Peel Tester ist ein fortschrittliches Instrument zur pr\u00e4zisen Messung von Reibung und Sch\u00e4lwiderstand bei einer Vielzahl von Materialien. Mit Anwendungsgebieten in Branchen wie Verpackung, Medizintechnik, Pharmazie und Textilien spielt dieses vielseitige Ger\u00e4t eine entscheidende Rolle bei der Qualit\u00e4tskontrolle, Produktentwicklung und Forschung.<\/p>","protected":false},"featured_media":6139,"comment_status":"closed","ping_status":"closed","template":"","meta":{"site-sidebar-layout":"default","site-content-layout":"default","ast-global-header-display":"","ast-main-header-display":"","ast-hfb-above-header-display":"","ast-hfb-below-header-display":"","ast-hfb-mobile-header-display":"","site-post-title":"","ast-breadcrumbs-content":"","ast-featured-img":"","footer-sml-layout":"","theme-transparent-header-meta":"default","adv-header-id-meta":"","stick-header-meta":"","header-above-stick-meta":"","header-main-stick-meta":"","header-below-stick-meta":""},"product_cat":[945,953,956,955,845,954,957,958,952,959,1063,1062,683,681,106,126,132,170,171,95],"product_tag":[],"class_list":{"0":"post-5149","1":"product","2":"type-product","3":"status-publish","4":"has-post-thumbnail","6":"product_cat-180-peeling-tester","7":"product_cat-bursting-tester","8":"product_cat-cobb-tester","9":"product_cat-crush-tester","10":"product_cat-customization","11":"product_cat-paper-tear-tester","12":"product_cat-plybond-tester","13":"product_cat-puncture-tester","14":"product_cat-rub-tester","15":"product_cat-stiffness-tester","16":"product_cat-tappi-t549","17":"product_cat-tappi-t816","18":"product_cat-coefficient-of-friction-tester","19":"product_cat-peel-tester","20":"product_cat-astm-d1894","21":"product_cat-astm-d3330","22":"product_cat-astm-d4917","23":"product_cat-iso-8295","24":"product_cat-iso-8510-2","25":"product_cat-products","26":"desktop-align-left","27":"tablet-align-left","28":"mobile-align-left","30":"first","31":"instock","32":"shipping-taxable","33":"product-type-simple"},"_links":{"self":[{"href":"https:\/\/www.qualitester.com\/de\/wp-json\/wp\/v2\/product\/5149","targetHints":{"allow":["GET"]}}],"collection":[{"href":"https:\/\/www.qualitester.com\/de\/wp-json\/wp\/v2\/product"}],"about":[{"href":"https:\/\/www.qualitester.com\/de\/wp-json\/wp\/v2\/types\/product"}],"replies":[{"embeddable":true,"href":"https:\/\/www.qualitester.com\/de\/wp-json\/wp\/v2\/comments?post=5149"}],"version-history":[{"count":0,"href":"https:\/\/www.qualitester.com\/de\/wp-json\/wp\/v2\/product\/5149\/revisions"}],"wp:featuredmedia":[{"embeddable":true,"href":"https:\/\/www.qualitester.com\/de\/wp-json\/wp\/v2\/media\/6139"}],"wp:attachment":[{"href":"https:\/\/www.qualitester.com\/de\/wp-json\/wp\/v2\/media?parent=5149"}],"wp:term":[{"taxonomy":"product_cat","embeddable":true,"href":"https:\/\/www.qualitester.com\/de\/wp-json\/wp\/v2\/product_cat?post=5149"},{"taxonomy":"product_tag","embeddable":true,"href":"https:\/\/www.qualitester.com\/de\/wp-json\/wp\/v2\/product_tag?post=5149"}],"curies":[{"name":"wp","href":"https:\/\/api.w.org\/{rel}","templated":true}]}}