{"id":5133,"date":"2024-10-30T17:09:27","date_gmt":"2024-10-30T09:09:27","guid":{"rendered":"https:\/\/www.qualitester.com\/?post_type=product&#038;p=5133"},"modified":"2024-12-06T09:53:47","modified_gmt":"2024-12-06T01:53:47","slug":"sale-medical-device-packaging-testing-machine","status":"publish","type":"product","link":"https:\/\/www.qualitester.com\/de\/produkt-2\/sale-medical-device-packaging-testing-machine\/","title":{"rendered":"MPT-01 Testger\u00e4t f\u00fcr medizinische Verpackungen"},"content":{"rendered":"<h2><strong>Einf\u00fchrung<\/strong><\/h2>\n<p>Der <strong>Pr\u00fcfmaschine f\u00fcr die Verpackung medizinischer Ger\u00e4te<\/strong> ist ein unverzichtbares Werkzeug in der Medizin- und Pharmaindustrie, das zur Beurteilung der mechanischen Eigenschaften von Verpackungsmaterialien f\u00fcr medizinische Ger\u00e4te und pharmazeutische Produkte entwickelt wurde. Diese Maschine spielt eine entscheidende Rolle bei der Gew\u00e4hrleistung der Integrit\u00e4t und Sicherheit der Verpackung und hilft Herstellern, strenge gesetzliche Normen einzuhalten.<\/p>\n<h2><strong>Anwendungen<\/strong><\/h2>\n<p>Diese vielseitige Maschine kann eine breite Palette von Materialien testen, die h\u00e4ufig in medizinischen Verpackungen verwendet werden, darunter Polymere, Beutel, Ampullen, Gummistopfen, Spritzen und Nadeln. Durch die Bewertung dieser Materialien tr\u00e4gt die Pr\u00fcfmaschine f\u00fcr Verpackungen medizinischer Ger\u00e4te dazu bei, sicherzustellen, dass die Verpackung verschiedenen Bedingungen w\u00e4hrend des Transports und der Lagerung standh\u00e4lt.<\/p>\n<h2><strong>Testmethoden<\/strong><\/h2>\n<p>Die Verpackungspr\u00fcfmaschine f\u00fcr medizinische Ger\u00e4te f\u00fchrt mehrere wichtige Tests durch, um die Qualit\u00e4t der Verpackungsmaterialien sicherzustellen:<\/p>\n<ul>\n<li><strong>Zugversuche:<\/strong> Messen Sie die Kraft, die erforderlich ist, um Materialien auseinander zu ziehen.<\/li>\n<li><strong>Kompressionstests:<\/strong> Beurteilen Sie die F\u00e4higkeit der Verpackung, \u00e4u\u00dferem Druck standzuhalten.<\/li>\n<li><strong>Rei\u00dftests:<\/strong> Bewerten Sie die Rei\u00dffestigkeit von Materialien.<\/li>\n<li><strong>\u00d6ffnungskrafttests:<\/strong> Bestimmen Sie die Kraft, die zum \u00d6ffnen einer versiegelten Verpackung erforderlich ist.<\/li>\n<li><strong>Penetrationstests:<\/strong> Testen Sie die Unversehrtheit von Gummistopfen und Dichtungen.<\/li>\n<li><strong>Bruchfestigkeitstests:<\/strong> Beurteilen Sie die maximale Belastung, die ein Material aushalten kann, bevor es versagt.<\/li>\n<li><strong>Zugtests:<\/strong> Messen Sie die St\u00e4rke von Verbindungen in Verpackungskomponenten.<\/li>\n<\/ul>\n<h2><strong>Vielseitigkeit<\/strong><\/h2>\n<p>Diese Maschine unterst\u00fctzt verschiedene Tests, die f\u00fcr die Qualit\u00e4tssicherung bei medizinischen Verpackungen unerl\u00e4sslich sind. Zu den wichtigsten Tests geh\u00f6ren:<\/p>\n<ul>\n<li><strong>Penetrationstest von Gummistopfen<\/strong> in Antibiotika-Flaschen und Injektionsnadeln: Stellt sicher, dass die Stopfen beim Durchstechen ihre Integrit\u00e4t behalten.<\/li>\n<li><strong>Bruchfestigkeitspr\u00fcfung<\/strong> von Ampullenflaschen: Pr\u00fcft die Bruchfestigkeit der Flaschen.<\/li>\n<li><strong>Dichtheitspr\u00fcfung<\/strong> von Kunststoffverpackungen unter \u00e4u\u00dferem Druck: \u00dcberpr\u00fcft die Dichtigkeit der Verpackung.<\/li>\n<li><strong>Verbindungskrafttest<\/strong> zwischen Injektionsnadeln und Nadelverbindungen\/-kappen: Bewertet die Zuverl\u00e4ssigkeit dieser Verbindungen.<\/li>\n<li><strong>Flaschensteifigkeitstest:<\/strong> Misst die Steifigkeit von Flaschen, um Verformungen vorzubeugen.<\/li>\n<li><strong>Flaschendeckel-Durchsto\u00dftest<\/strong> mit animiertem Finger: Bewertet die Durchsto\u00dffestigkeit von Lidern.<\/li>\n<li><strong>Gleitwiderstandspr\u00fcfung<\/strong> von Kolben: Testet die Leistung beweglicher Komponenten in medizinischen Ger\u00e4ten.<\/li>\n<\/ul>\n<h2><strong>Technische Eigenschaften<\/strong><\/h2>\n<p>Die Pr\u00fcfmaschine f\u00fcr die Verpackung medizinischer Ger\u00e4te ist mit fortschrittlichen technischen Funktionen zur Verbesserung ihrer Leistung ausgestattet:<\/p>\n<ul>\n<li><strong>Speicherprogrammierbare Steuerung (SPS):<\/strong> Bietet stabile und zuverl\u00e4ssige Steuerung.<\/li>\n<li><strong>Touchscreen der Mensch-Maschine-Schnittstelle (HMI):<\/strong> Sorgt f\u00fcr eine benutzerfreundliche Bedienung.<\/li>\n<li><strong>Pr\u00e4zisions-Kugelumlaufspindelmechanismus:<\/strong> Garantiert eine pr\u00e4zise und konstante Geschwindigkeits- und Hubraumregelung.<\/li>\n<li><strong>Anpassbare Programme:<\/strong> Entwickelt, um spezifische Testanforderungen zu erf\u00fcllen.<\/li>\n<li><strong>Einstellbare Testgeschwindigkeit:<\/strong> Erm\u00f6glicht Flexibilit\u00e4t bei den Testbedingungen.<\/li>\n<li><strong>Mehrere Vorrichtungen:<\/strong> Erh\u00e4ltlich f\u00fcr werkstoffspezifische Zug- und Druckpr\u00fcfungen.<\/li>\n<li><strong>Sicherheitsmerkmale:<\/strong> Inklusive Endlagenschutz und automatischer R\u00fcckstellung f\u00fcr sicheren Betrieb.<\/li>\n<\/ul>\n<h2><strong>Hauptparameter<\/strong><\/h2>\n<table>\n<tbody>\n<tr>\n<td style=\"text-align: center;\" width=\"175\">Testbereich<\/td>\n<td style=\"text-align: center;\" width=\"277\">500N (oder nach Bedarf)<\/td>\n<\/tr>\n<tr>\n<td style=\"text-align: center;\" width=\"175\">Schlaganfall<\/td>\n<td style=\"text-align: center;\" width=\"277\">200mm (ohne Klemme)<\/td>\n<\/tr>\n<tr>\n<td style=\"text-align: center;\" width=\"175\">Testgeschwindigkeit<\/td>\n<td style=\"text-align: center;\" width=\"277\">1 bis 500 mm\/min<\/td>\n<\/tr>\n<tr>\n<td style=\"text-align: center;\" width=\"175\">Verschiebungsgenauigkeit<\/td>\n<td style=\"text-align: center;\" width=\"277\">0,01 mm<\/td>\n<\/tr>\n<tr>\n<td style=\"text-align: center;\" width=\"175\">Genauigkeit<\/td>\n<td style=\"text-align: center;\" width=\"277\">0,5% FS<\/td>\n<\/tr>\n<tr>\n<td style=\"text-align: center;\" width=\"175\">Kontrolle<\/td>\n<td style=\"text-align: center;\" width=\"277\">SPS und Mensch-Maschine-Schnittstelle<\/td>\n<\/tr>\n<tr>\n<td style=\"text-align: center;\" width=\"175\">Ausgabe<\/td>\n<td style=\"text-align: center;\" width=\"277\">Bildschirm, Mikrodrucker, RS232 (optional)<\/td>\n<\/tr>\n<tr>\n<td style=\"text-align: center;\" width=\"175\">Leistung<\/td>\n<td style=\"text-align: center;\" width=\"277\">110 bis 220 V<\/td>\n<\/tr>\n<\/tbody>\n<\/table>","protected":false},"excerpt":{"rendered":"<p>Der <strong>Pr\u00fcfmaschine f\u00fcr die Verpackung medizinischer Ger\u00e4te<\/strong> ist ein unverzichtbares Werkzeug in der Medizin- und Pharmaindustrie, das zur Beurteilung der mechanischen Eigenschaften von Verpackungsmaterialien f\u00fcr medizinische Ger\u00e4te und pharmazeutische Produkte entwickelt wurde. Diese Maschine spielt eine entscheidende Rolle bei der Gew\u00e4hrleistung der Integrit\u00e4t und Sicherheit der Verpackung und hilft Herstellern, strenge gesetzliche Normen einzuhalten.<\/p>","protected":false},"featured_media":6319,"comment_status":"closed","ping_status":"closed","template":"","meta":{"site-sidebar-layout":"default","site-content-layout":"default","ast-global-header-display":"","ast-main-header-display":"","ast-hfb-above-header-display":"","ast-hfb-below-header-display":"","ast-hfb-mobile-header-display":"","site-post-title":"","ast-breadcrumbs-content":"","ast-featured-img":"","footer-sml-layout":"","theme-transparent-header-meta":"default","adv-header-id-meta":"","stick-header-meta":"","header-above-stick-meta":"","header-main-stick-meta":"","header-below-stick-meta":""},"product_cat":[95,933,845,679,149],"product_tag":[],"class_list":{"0":"post-5133","1":"product","2":"type-product","3":"status-publish","4":"has-post-thumbnail","6":"product_cat-products","7":"product_cat-ampoule-breaking-tester","8":"product_cat-customization","9":"product_cat-tensile-tester","10":"product_cat-pharma-and-medical-testers","11":"desktop-align-left","12":"tablet-align-left","13":"mobile-align-left","15":"first","16":"instock","17":"shipping-taxable","18":"product-type-simple"},"_links":{"self":[{"href":"https:\/\/www.qualitester.com\/de\/wp-json\/wp\/v2\/product\/5133","targetHints":{"allow":["GET"]}}],"collection":[{"href":"https:\/\/www.qualitester.com\/de\/wp-json\/wp\/v2\/product"}],"about":[{"href":"https:\/\/www.qualitester.com\/de\/wp-json\/wp\/v2\/types\/product"}],"replies":[{"embeddable":true,"href":"https:\/\/www.qualitester.com\/de\/wp-json\/wp\/v2\/comments?post=5133"}],"version-history":[{"count":0,"href":"https:\/\/www.qualitester.com\/de\/wp-json\/wp\/v2\/product\/5133\/revisions"}],"wp:featuredmedia":[{"embeddable":true,"href":"https:\/\/www.qualitester.com\/de\/wp-json\/wp\/v2\/media\/6319"}],"wp:attachment":[{"href":"https:\/\/www.qualitester.com\/de\/wp-json\/wp\/v2\/media?parent=5133"}],"wp:term":[{"taxonomy":"product_cat","embeddable":true,"href":"https:\/\/www.qualitester.com\/de\/wp-json\/wp\/v2\/product_cat?post=5133"},{"taxonomy":"product_tag","embeddable":true,"href":"https:\/\/www.qualitester.com\/de\/wp-json\/wp\/v2\/product_tag?post=5133"}],"curies":[{"name":"wp","href":"https:\/\/api.w.org\/{rel}","templated":true}]}}