{"id":5132,"date":"2024-10-30T17:07:18","date_gmt":"2024-10-30T09:07:18","guid":{"rendered":"https:\/\/www.qualitester.com\/?post_type=product&#038;p=5132"},"modified":"2024-12-05T11:37:45","modified_gmt":"2024-12-05T03:37:45","slug":"sale-glass-grains-sampler-for-hydrolytic-resistance","status":"publish","type":"product","link":"https:\/\/www.qualitester.com\/de\/produkt-2\/sale-glass-grains-sampler-for-hydrolytic-resistance\/","title":{"rendered":"GHR-01A Glaskornprobenehmer"},"content":{"rendered":"<h2><strong>Einf\u00fchrung in den Glaskornprobenehmer GHR-01A f\u00fcr hydrolytische Best\u00e4ndigkeit<\/strong><\/h2>\n<p>Der <strong>GHR-01A Glaskornprobenehmer f\u00fcr hydrolytische Best\u00e4ndigkeit<\/strong>\u00a0ist ein modernes Instrument zur Beurteilung der chemischen Stabilit\u00e4t von Glasmaterialien gegen\u00fcber Wasser. Dieser entscheidende Qualit\u00e4tskontrolltest ist in der Pharmaindustrie von entscheidender Bedeutung, da er bestimmt, wie Verpackungsmaterialien wie Glasflaschen und Ampullen mit den darin enthaltenen Medikamenten interagieren, was sich direkt auf die Stabilit\u00e4t und Sicherheit dieser Produkte auswirkt.<\/p>\n<h3><strong>Grundlegendes zur Pr\u00fcfung der hydrolytischen Best\u00e4ndigkeit<\/strong><\/h3>\n<p>Bei der Pr\u00fcfung der hydrolytischen Best\u00e4ndigkeit wird die Tendenz von Glasmaterialien bewertet, sich bei Kontakt mit Wasser zu zersetzen. Bei dieser Zersetzung k\u00f6nnen Ionen freigesetzt werden, die die Wirksamkeit von Arzneimitteln beeintr\u00e4chtigen k\u00f6nnen. Um die Integrit\u00e4t von Arzneimitteln zu wahren und Nebenwirkungen zu vermeiden, ist es wichtig, dass Glasverpackungen eine hohe hydrolytische Best\u00e4ndigkeit aufweisen.<\/p>\n<h3><strong>Normen f\u00fcr die Pr\u00fcfung der hydrolytischen Best\u00e4ndigkeit<\/strong><\/h3>\n<ul>\n<li><strong><a href=\"https:\/\/www.iso.org\/standard\/77843.html\" target=\"_blank\" rel=\"noopener nofollow\">ISO 719<\/a>: Glas \u2013 Hydrolytische Best\u00e4ndigkeit von Glask\u00f6rnern bei 98\u2103<\/strong><br \/>\nDiese Norm beschreibt die Pr\u00fcfmethode und Klassifizierung zur Beurteilung der hydrolytischen Best\u00e4ndigkeit von Glask\u00f6rnern bei einer Temperatur von 98 \u00b0C. Sie enth\u00e4lt Richtlinien zur Vorbereitung von Proben und zur Beurteilung ihrer Wasserbest\u00e4ndigkeit, die entscheidend daf\u00fcr ist, dass Glasverpackungen unter typischen Lagerbedingungen ihre Integrit\u00e4t behalten.<\/li>\n<li><strong><a href=\"https:\/\/www.iso.org\/standard\/77844.html\" target=\"_blank\" rel=\"noopener nofollow\">ISO 720<\/a>: Glas \u2013 Hydrolytische Best\u00e4ndigkeit von Glask\u00f6rnern bei 121\u2103<\/strong><br \/>\n\u00c4hnlich <a href=\"https:\/\/www.qualitester.com\/de\/produkt-kategorie\/iso\/iso-719\/\" target=\"_blank\" rel=\"noopener\">ISO 719<\/a>Dieser Standard konzentriert sich auf das Testen von Glask\u00f6rnern bei einer erh\u00f6hten Temperatur von 121 \u00b0C. Er bietet eine strenge Methode zur Bewertung der Leistung von Glasmaterialien unter extremeren Bedingungen, was insbesondere f\u00fcr Sterilisationsprozesse relevant ist.<\/li>\n<\/ul>\n<h3><strong>Testmethodik<\/strong><\/h3>\n<p>Beim Testverfahren wird die Glasprobe in einen M\u00f6rser gegeben, wo ein automatischer St\u00f6\u00dfel herabsinkt und das Glas in Fragmente zerkleinert. Anschlie\u00dfend l\u00e4sst das Ger\u00e4t eine Reihe von Sieben vibrieren und trennt so die geeigneten Proben vom Glasgranulatabfall. Dieser automatisierte Ansatz stellt sicher, dass die Proben genau und effizient vorbereitet werden und den Standards von ISO 719 und ISO 720 entsprechen.<\/p>\n<h2><strong>Funktionen und Vorteile des GHR-01A-Testers<\/strong><\/h2>\n<ol>\n<li><strong>Intelligente Automatisierung<\/strong>: Das GHR-01A vereint Zerkleinerung und Vibrationssiebung in einer Einheit, erm\u00f6glicht eine nahtlose Probenvorbereitung und gew\u00e4hrleistet normgerechte Probengr\u00f6\u00dfen.<\/li>\n<li><strong>Benutzerfreundliches Interface<\/strong>: Die HMI-Bildschirmfunktionen erm\u00f6glichen eine unkomplizierte Mensch-Maschine-Interaktion und erleichtern den Bedienern die Verwaltung des Testvorgangs.<\/li>\n<li><strong>Sicherheitsfunktionen<\/strong>: Die reduzierte manuelle Handhabung erh\u00f6ht die Sicherheit des Personals, w\u00e4hrend integrierte Sicherheitsvorrichtungen vor Glasspritzern sch\u00fctzen und so die Integrit\u00e4t des Tests gew\u00e4hrleisten.<\/li>\n<li><strong>Umweltfreundliches Design<\/strong>: Das Ger\u00e4t verf\u00fcgt \u00fcber eine spezielle Glasabfallsammlung, um die Umweltbelastung zu minimieren.<\/li>\n<li><strong>Pr\u00e4zisionspr\u00fcfung<\/strong>: Automatisches Sieben verbessert die Genauigkeit und erm\u00f6glicht zuverl\u00e4ssige Ergebnisse.<\/li>\n<li><strong>Endschalterfunktion<\/strong>: Zus\u00e4tzliche Sicherheitsma\u00dfnahmen beugen Betriebsgefahren vor.<\/li>\n<li><strong>Optimiertes Design<\/strong>: Die vertikale Anordnung reduziert die Schwerkrafteffekte auf gr\u00f6\u00dfere Proben und gew\u00e4hrleistet konsistente Testergebnisse.<\/li>\n<\/ol>\n<h3><strong>Hauptparameter<\/strong><\/h3>\n<table>\n<tbody>\n<tr>\n<td style=\"text-align: center;\" width=\"202\">M\u00f6rser\/St\u00f6\u00dfel-Abmessungen<\/td>\n<td style=\"text-align: center;\" width=\"151\">\u03a650\/\u03a648 mm<\/td>\n<\/tr>\n<tr>\n<td style=\"text-align: center;\" width=\"202\">Sieb A \u00d6ffnung<\/td>\n<td style=\"text-align: center;\" width=\"151\">425 \u03bcm<\/td>\n<\/tr>\n<tr>\n<td style=\"text-align: center;\" width=\"202\">Sieb B \u00d6ffnung<\/td>\n<td style=\"text-align: center;\" width=\"151\">300 \u03bcm<\/td>\n<\/tr>\n<tr>\n<td style=\"text-align: center;\" width=\"202\">Sieb O \u00d6ffnung<\/td>\n<td style=\"text-align: center;\" width=\"151\">600 \u03bcm \u03bcm<\/td>\n<\/tr>\n<tr>\n<td style=\"text-align: center;\" width=\"202\">Siebsch\u00fctteldauer<\/td>\n<td style=\"text-align: center;\" width=\"151\">5 Minuten<\/td>\n<\/tr>\n<tr>\n<td style=\"text-align: center;\" width=\"202\">Gasdruck<\/td>\n<td style=\"text-align: center;\" width=\"151\">0,5 MPa<\/td>\n<\/tr>\n<tr>\n<td style=\"text-align: center;\" width=\"202\">Gasanschlussgr\u00f6\u00dfe<\/td>\n<td style=\"text-align: center;\" width=\"151\">\u04246 mm<\/td>\n<\/tr>\n<tr>\n<td style=\"text-align: center;\" width=\"202\">Leistung<\/td>\n<td style=\"text-align: center;\" width=\"151\">Wechselstrom 110\u2013220\u00a0V, 50\u00a0Hz<\/td>\n<\/tr>\n<\/tbody>\n<\/table>\n<h2><strong>Anwendungen des GHR-01A-Testers<\/strong><\/h2>\n<p>Das GHR-01A ist f\u00fcr eine Vielzahl von Anwendungen unverzichtbar, insbesondere in der Pharma- und Medizinprodukteindustrie. Es eignet sich ideal f\u00fcr die Vorbereitung von hydrolytischen Best\u00e4ndigkeitsproben von Glasgranulaten, die in verschiedenen medizinischen Glasprodukten verwendet werden, darunter Infusionsflaschen, Injektionsflaschen, Ampullen und Flaschen f\u00fcr orale Fl\u00fcssigkeiten.<\/p>\n<p>Zusammenfassend l\u00e4sst sich sagen, <strong>GHR-01A Hydrolyse-Resistenztester f\u00fcr Glask\u00f6rner<\/strong> ist eine ausgereifte L\u00f6sung zur Gew\u00e4hrleistung der Qualit\u00e4t und Sicherheit von medizinischen Glasverpackungen. Durch die Einhaltung der ISO-Normen liefert dieses Instrument zuverl\u00e4ssige Ergebnisse, die f\u00fcr die Aufrechterhaltung der Integrit\u00e4t pharmazeutischer Produkte von entscheidender Bedeutung sind. W\u00e4hlen Sie das GHR-01A f\u00fcr Ihre Testanforderungen, um h\u00f6chste Standards der Qualit\u00e4tskontrolle sicherzustellen.<\/p>\n<h2><strong>FAQs<\/strong><\/h2>\n<ol>\n<li><strong>Was ist hydrolytische Best\u00e4ndigkeit?<\/strong> Unter hydrolytischer Best\u00e4ndigkeit versteht man die F\u00e4higkeit von Glasmaterialien, dem Abbau bei Kontakt mit Wasser zu widerstehen, was f\u00fcr die Aufrechterhaltung der pharmazeutischen Stabilit\u00e4t von entscheidender Bedeutung ist.<\/li>\n<li><strong>Wie funktioniert der GHR-01A-Tester?<\/strong> Der Tester zerkleinert Glasproben automatisch und l\u00e4sst Siebe vibrieren, um konforme K\u00f6rnchen vom Abfall zu trennen und so den Testvorgang zu rationalisieren.<\/li>\n<li><strong>Welche Normen erf\u00fcllt das GHR-01A?<\/strong> Das GHR-01A entspricht den Normen ISO 719 und ISO 720 f\u00fcr die Pr\u00fcfung der hydrolytischen Best\u00e4ndigkeit von Glask\u00f6rnern.<\/li>\n<li><strong>Welche Arten von Produkten k\u00f6nnen getestet werden?<\/strong> Das GHR-01A eignet sich zum Pr\u00fcfen von Glas, das in Infusionsflaschen, Injektionsflaschen, Ampullen und Beh\u00e4ltern f\u00fcr orale Fl\u00fcssigkeiten verwendet wird.<\/li>\n<li><strong>Ist das Testverfahren sicher?<\/strong> Ja, das GHR-01A ist mit mehreren Sicherheitsfunktionen zum Schutz des Personals und zur Wahrung der Testintegrit\u00e4t ausgestattet.<\/li>\n<\/ol>","protected":false},"excerpt":{"rendered":"<p>Der <strong>GHR-01A Glaskornprobenehmer f\u00fcr hydrolytische Best\u00e4ndigkeit<\/strong>\u00a0ist ein modernes Instrument zur Beurteilung der chemischen Stabilit\u00e4t von Glasmaterialien gegen\u00fcber Wasser. Dieser entscheidende Qualit\u00e4tskontrolltest ist in der Pharmaindustrie von entscheidender Bedeutung, da er bestimmt, wie Verpackungsmaterialien wie Glasflaschen und Ampullen mit den darin enthaltenen Medikamenten interagieren, was sich direkt auf die Stabilit\u00e4t und Sicherheit dieser Produkte auswirkt.<\/p>","protected":false},"featured_media":6209,"comment_status":"closed","ping_status":"closed","template":"","meta":{"site-sidebar-layout":"default","site-content-layout":"default","ast-global-header-display":"","ast-main-header-display":"","ast-hfb-above-header-display":"","ast-hfb-below-header-display":"","ast-hfb-mobile-header-display":"","site-post-title":"","ast-breadcrumbs-content":"","ast-featured-img":"","footer-sml-layout":"","theme-transparent-header-meta":"default","adv-header-id-meta":"","stick-header-meta":"","header-above-stick-meta":"","header-main-stick-meta":"","header-below-stick-meta":""},"product_cat":[845,149,167,168,95],"product_tag":[],"class_list":{"0":"post-5132","1":"product","2":"type-product","3":"status-publish","4":"has-post-thumbnail","6":"product_cat-customization","7":"product_cat-pharma-and-medical-testers","8":"product_cat-iso-719","9":"product_cat-iso-720","10":"product_cat-products","11":"desktop-align-left","12":"tablet-align-left","13":"mobile-align-left","15":"first","16":"instock","17":"shipping-taxable","18":"product-type-simple"},"_links":{"self":[{"href":"https:\/\/www.qualitester.com\/de\/wp-json\/wp\/v2\/product\/5132","targetHints":{"allow":["GET"]}}],"collection":[{"href":"https:\/\/www.qualitester.com\/de\/wp-json\/wp\/v2\/product"}],"about":[{"href":"https:\/\/www.qualitester.com\/de\/wp-json\/wp\/v2\/types\/product"}],"replies":[{"embeddable":true,"href":"https:\/\/www.qualitester.com\/de\/wp-json\/wp\/v2\/comments?post=5132"}],"version-history":[{"count":0,"href":"https:\/\/www.qualitester.com\/de\/wp-json\/wp\/v2\/product\/5132\/revisions"}],"wp:featuredmedia":[{"embeddable":true,"href":"https:\/\/www.qualitester.com\/de\/wp-json\/wp\/v2\/media\/6209"}],"wp:attachment":[{"href":"https:\/\/www.qualitester.com\/de\/wp-json\/wp\/v2\/media?parent=5132"}],"wp:term":[{"taxonomy":"product_cat","embeddable":true,"href":"https:\/\/www.qualitester.com\/de\/wp-json\/wp\/v2\/product_cat?post=5132"},{"taxonomy":"product_tag","embeddable":true,"href":"https:\/\/www.qualitester.com\/de\/wp-json\/wp\/v2\/product_tag?post=5132"}],"curies":[{"name":"wp","href":"https:\/\/api.w.org\/{rel}","templated":true}]}}