{"id":5127,"date":"2024-10-29T17:00:41","date_gmt":"2024-10-29T09:00:41","guid":{"rendered":"https:\/\/www.qualitester.com\/?post_type=product&#038;p=5127"},"modified":"2024-12-05T11:54:55","modified_gmt":"2024-12-05T03:54:55","slug":"sale-hardness-test-apparatus-for-tablet","status":"publish","type":"product","link":"https:\/\/www.qualitester.com\/de\/produkt-2\/sale-hardness-test-apparatus-for-tablet\/","title":{"rendered":"MPT-02 Tablettenkompressionstester"},"content":{"rendered":"<p><strong>Das H\u00e4rtepr\u00fcfger\u00e4t f\u00fcr Tabletten<\/strong> ist ein fortschrittliches Instrument, das f\u00fcr die pr\u00e4zise und zuverl\u00e4ssige Pr\u00fcfung der Tablettenh\u00e4rte entwickelt wurde, ein wesentlicher Prozess in der Pharmaindustrie. Durch die Bewertung der Druckfestigkeit von Tabletten stellt dieses Ger\u00e4t sicher, dass die Tabletten w\u00e4hrend der Herstellung, Lagerung und Verwendung ihre physikalische Integrit\u00e4t behalten, wodurch letztendlich die Wirksamkeit des Arzneimittels und die Patientensicherheit gew\u00e4hrleistet werden. Pharmahersteller verlassen sich auf die Pr\u00fcfung der Tablettenh\u00e4rte nicht nur, um strenge gesetzliche Standards einzuhalten, sondern auch, um die Produktqualit\u00e4t und Wettbewerbsf\u00e4higkeit auf dem Markt zu verbessern.<\/p>\n<h2>Bedeutung des Tablettenh\u00e4rtetests in der pharmazeutischen Produktion<\/h2>\n<p><strong>H\u00e4rtepr\u00fcfung von Tabletten<\/strong> spielt eine entscheidende Rolle bei der Gew\u00e4hrleistung der Gesamtqualit\u00e4t und Sicherheit pharmazeutischer Tabletten. Die Pr\u00fcfung der Tablettenh\u00e4rte hilft dabei:<\/p>\n<ul>\n<li><strong>Sicherstellen der Tablet-Qualit\u00e4t<\/strong>: Tabletten mit geringer H\u00e4rte k\u00f6nnen w\u00e4hrend des Transports oder der Handhabung brechen, w\u00e4hrend eine \u00fcberm\u00e4\u00dfige H\u00e4rte den Zerfall der Tablette behindern kann, was sich negativ auf die Wirkstofffreisetzung und Bioverf\u00fcgbarkeit auswirkt. Ein optimaler H\u00e4rtebereich stellt sicher, dass Tabletten der Handhabung standhalten, ohne die therapeutische Wirksamkeit zu beeintr\u00e4chtigen.<\/li>\n<li><strong>Produktionsprozesse optimieren<\/strong>: Regelm\u00e4\u00dfige H\u00e4rtepr\u00fcfungen helfen dabei, Inkonsistenzen in der Produktion zu erkennen, wie z. B. eine falsche Kompressionskraft oder Probleme mit der Formulierung. So k\u00f6nnen die Hersteller ihre Prozesse umgehend anpassen und die Einheitlichkeit der Tabletten verbessern.<\/li>\n<li><strong>Leitfaden Produktdesign<\/strong>: H\u00e4rtedaten helfen bei der Entwicklung neuer Rezepturen, die bestimmte Anforderungen an H\u00e4rte und Zerfall erf\u00fcllen, was f\u00fcr die Entwicklung wirksamer, sicherer und benutzerfreundlicher Tabletten von entscheidender Bedeutung ist.<\/li>\n<\/ul>\n<h2>Grunds\u00e4tze der Tablettenh\u00e4rtepr\u00fcfung<\/h2>\n<p><strong>H\u00e4rtepr\u00fcfung von Tabletten<\/strong> Dabei wird die Tablette auf die Messplattform des H\u00e4rtepr\u00fcfger\u00e4ts gelegt, wo durch einen oberen Stempel eine kontrollierte Kraft ausge\u00fcbt wird. Das Pr\u00fcfger\u00e4t misst entweder die Verformung der Tablette oder die Kraft, die zum Brechen erforderlich ist, und gibt so Aufschluss \u00fcber ihre H\u00e4rte. Zu den wichtigsten Messmethoden geh\u00f6ren:<\/p>\n<ul>\n<li><strong>Eindringtiefenmethode<\/strong>: Mit dieser Methode wird die H\u00e4rte gemessen, indem die Tiefe einer unter einem festgelegten Druck geformten Vertiefung aufgezeichnet wird. Flachere Vertiefungen deuten auf eine h\u00e4rtere Tablette hin, sodass diese Methode f\u00fcr Konsistenzpr\u00fcfungen effektiv ist.<\/li>\n<li><strong>Druckfestigkeitsmethode<\/strong>: Mit diesem Verfahren wird die Kraft gemessen, die zum Zerdr\u00fccken der Tablette erforderlich ist. Eine h\u00f6here Kraft bedeutet eine h\u00e4rtere Tablette und liefert wichtige Daten f\u00fcr die Qualit\u00e4tskontrolle und Konformit\u00e4t.<\/li>\n<\/ul>\n<h2>Hauptmerkmale des H\u00e4rtepr\u00fcfger\u00e4ts<\/h2>\n<p>Das <strong>H\u00e4rtepr\u00fcfger\u00e4t<\/strong> ist mit fortschrittlichen Funktionen ausgestattet, um Pr\u00e4zision, Haltbarkeit und Benutzerfreundlichkeit in pharmazeutischen Umgebungen zu gew\u00e4hrleisten:<\/p>\n<ul>\n<li><strong>Benutzerfreundliches Interface<\/strong>: Ausgestattet mit einem 7-Zoll-HMI-Touchscreen f\u00fcr intuitive Bedienung und einfache Navigation.<\/li>\n<li><strong>Stabilit\u00e4t auf Industrieniveau<\/strong>: Ausgestattet mit einer leistungsstarken SPS-Steuereinheit f\u00fcr zuverl\u00e4ssige und konsistente Testergebnisse.<\/li>\n<li><strong>Hochpr\u00e4zise Komponenten<\/strong>:\n<ul>\n<li><strong>W\u00e4gezelle<\/strong>: Bietet genaue Kraftmessungen, die f\u00fcr die Einhaltung gesetzlicher Vorschriften und die Qualit\u00e4tssicherung von entscheidender Bedeutung sind.<\/li>\n<li><strong>Kugelumlaufspindelsystem<\/strong>: Erm\u00f6glicht eine pr\u00e4zise Kraftanwendung und minimiert so die Variabilit\u00e4t der Testergebnisse.<\/li>\n<\/ul>\n<\/li>\n<li><strong>Einstellbare Testgeschwindigkeit<\/strong>: Erm\u00f6glicht den Bedienern, die Testgeschwindigkeiten basierend auf spezifischen Testanforderungen zu \u00e4ndern, was die Vielseitigkeit in verschiedenen Test-Szenarien verbessert.<\/li>\n<li><strong>Echtzeit-Datenanzeige<\/strong>: Zeigt Kraftdaten w\u00e4hrend des Tests in Echtzeit an und bietet sofortiges Feedback und Tracking f\u00fcr eine effiziente Qualit\u00e4tskontrolle.<\/li>\n<li><strong>Einfache Kalibrierung<\/strong>: Ein vereinfachter Kalibrierungsprozess spart Zeit und gew\u00e4hrleistet Genauigkeit gem\u00e4\u00df Industriestandards.<\/li>\n<li><strong>Vielseitige Testfunktionen<\/strong>: Wird mit mehreren Vorrichtungen f\u00fcr unterschiedliche Testkonfigurationen geliefert, sodass das Ger\u00e4t an unterschiedliche Tablettengr\u00f6\u00dfen und -zusammensetzungen angepasst werden kann.<\/li>\n<li><strong>Zus\u00e4tzliche Funktionen<\/strong>:\n<ul>\n<li>Inklusive Lagebegrenzer und automatischer R\u00fccklauffunktion f\u00fcr effiziente Handhabung.<\/li>\n<li>Optionale Mikrodruckerausgabe und Softwareintegration f\u00fcr Datenverwaltung und R\u00fcckverfolgbarkeit.<\/li>\n<\/ul>\n<\/li>\n<\/ul>\n<h2>Hauptparameter des Tablettenh\u00e4rtepr\u00fcfers<\/h2>\n<p>Dieses Ger\u00e4t ist so konstruiert, dass es den hohen Anforderungen pharmazeutischer Tests gerecht wird. Zu den wichtigsten Spezifikationen geh\u00f6ren:<\/p>\n<ul>\n<li><strong>Lastbereich<\/strong>: Gro\u00dfe Auswahl f\u00fcr verschiedene Tablettenh\u00e4rtegrade.<\/li>\n<li><strong>Genauigkeit und Aufl\u00f6sung<\/strong>: Hohe Pr\u00e4zision f\u00fcr konsistente und reproduzierbare Ergebnisse.<\/li>\n<li><strong>Testgeschwindigkeitsbereich<\/strong>: Einstellbare Testgeschwindigkeiten zur Erf\u00fcllung spezifischer Testanforderungen.<\/li>\n<li><strong>Ma\u00dfe<\/strong>: Kompaktes Design, geeignet f\u00fcr Labor- oder Produktionsumgebungen.<\/li>\n<\/ul>\n<h2>Anwendungen des Tablettenh\u00e4rtepr\u00fcfger\u00e4ts in der Industrie<\/h2>\n<p>Der <strong>H\u00e4rtepr\u00fcfger\u00e4t f\u00fcr Tabletten<\/strong> findet breite Anwendung in der pharmazeutischen Produktion und Forschung:<\/p>\n<ul>\n<li><strong>Pharmazeutische Produktion<\/strong>: Gew\u00e4hrleistet die Qualit\u00e4t, Einheitlichkeit und Einhaltung gesetzlicher Vorschriften der Tablette w\u00e4hrend der Massenproduktion.<\/li>\n<li><strong>Forschung &amp; Entwicklung<\/strong>: Bietet wichtige Daten f\u00fcr die Entwicklung und Verfeinerung von Arzneimittelformulierungen und unterst\u00fctzt die Herstellung wirksamer und sicherer Medikamente.<\/li>\n<li><strong>Qualit\u00e4tskontrolle<\/strong>: Regelm\u00e4\u00dfige H\u00e4rtepr\u00fcfungen in Produktionslinien und Qualit\u00e4tspr\u00fcfungen gew\u00e4hrleisten die Konsistenz und Zuverl\u00e4ssigkeit pharmazeutischer Produkte und erf\u00fcllen sowohl gesetzliche Standards als auch die Bed\u00fcrfnisse der Patienten.<\/li>\n<\/ul>\n<h2>Vorteile der Verwendung des H\u00e4rtepr\u00fcfger\u00e4ts zur Qualit\u00e4tskontrolle von Tabletten<\/h2>\n<p>Mit erweiterten Funktionen und flexibler Funktionalit\u00e4t ist dies <strong>H\u00e4rtepr\u00fcfger\u00e4t f\u00fcr Tabletten<\/strong> bietet Herstellern zahlreiche Vorteile:<\/p>\n<ul>\n<li><strong>Verbesserte Produktkonsistenz<\/strong>: Erm\u00f6glicht eine zuverl\u00e4ssige Qualit\u00e4tskontrolle und verbessert die Gesamtqualit\u00e4t pharmazeutischer Tabletten.<\/li>\n<li><strong>Optimiertes Datenmanagement<\/strong>: Echtzeitergebnisse und optionale Datenausgabe erm\u00f6glichen eine einfache Nachverfolgung und verbessern so die Effizienz und R\u00fcckverfolgbarkeit.<\/li>\n<li><strong>Einhaltung gesetzlicher Vorschriften<\/strong>: Vereinfacht die Einhaltung strenger Qualit\u00e4tsstandards und stellt sicher, dass die Tablets die erforderlichen Spezifikationen f\u00fcr die Markteinf\u00fchrung erf\u00fcllen.<\/li>\n<\/ul>","protected":false},"excerpt":{"rendered":"<p><strong>Das H\u00e4rtepr\u00fcfger\u00e4t f\u00fcr Tabletten<\/strong> ist ein fortschrittliches Instrument, das f\u00fcr die pr\u00e4zise und zuverl\u00e4ssige Pr\u00fcfung der Tablettenh\u00e4rte entwickelt wurde, ein wesentlicher Prozess in der Pharmaindustrie. Durch die Bewertung der Druckfestigkeit von Tabletten stellt dieses Ger\u00e4t sicher, dass die Tabletten w\u00e4hrend der Herstellung, Lagerung und Verwendung ihre physikalische Integrit\u00e4t behalten, wodurch letztendlich die Wirksamkeit des Arzneimittels und die Patientensicherheit gew\u00e4hrleistet werden. Pharmahersteller verlassen sich auf die Pr\u00fcfung der Tablettenh\u00e4rte nicht nur, um strenge gesetzliche Standards einzuhalten, sondern auch, um die Produktqualit\u00e4t und Wettbewerbsf\u00e4higkeit auf dem Markt zu verbessern.<\/p>","protected":false},"featured_media":6217,"comment_status":"closed","ping_status":"closed","template":"","meta":{"site-sidebar-layout":"default","site-content-layout":"default","ast-global-header-display":"","ast-main-header-display":"","ast-hfb-above-header-display":"","ast-hfb-below-header-display":"","ast-hfb-mobile-header-display":"","site-post-title":"","ast-breadcrumbs-content":"","ast-featured-img":"","footer-sml-layout":"","theme-transparent-header-meta":"default","adv-header-id-meta":"","stick-header-meta":"","header-above-stick-meta":"","header-main-stick-meta":"","header-below-stick-meta":""},"product_cat":[1054,845,149,95],"product_tag":[],"class_list":{"0":"post-5127","1":"product","2":"type-product","3":"status-publish","4":"has-post-thumbnail","6":"product_cat-hardness-tester","7":"product_cat-customization","8":"product_cat-pharma-and-medical-testers","9":"product_cat-products","10":"desktop-align-left","11":"tablet-align-left","12":"mobile-align-left","14":"first","15":"instock","16":"shipping-taxable","17":"product-type-simple"},"_links":{"self":[{"href":"https:\/\/www.qualitester.com\/de\/wp-json\/wp\/v2\/product\/5127","targetHints":{"allow":["GET"]}}],"collection":[{"href":"https:\/\/www.qualitester.com\/de\/wp-json\/wp\/v2\/product"}],"about":[{"href":"https:\/\/www.qualitester.com\/de\/wp-json\/wp\/v2\/types\/product"}],"replies":[{"embeddable":true,"href":"https:\/\/www.qualitester.com\/de\/wp-json\/wp\/v2\/comments?post=5127"}],"version-history":[{"count":0,"href":"https:\/\/www.qualitester.com\/de\/wp-json\/wp\/v2\/product\/5127\/revisions"}],"wp:featuredmedia":[{"embeddable":true,"href":"https:\/\/www.qualitester.com\/de\/wp-json\/wp\/v2\/media\/6217"}],"wp:attachment":[{"href":"https:\/\/www.qualitester.com\/de\/wp-json\/wp\/v2\/media?parent=5127"}],"wp:term":[{"taxonomy":"product_cat","embeddable":true,"href":"https:\/\/www.qualitester.com\/de\/wp-json\/wp\/v2\/product_cat?post=5127"},{"taxonomy":"product_tag","embeddable":true,"href":"https:\/\/www.qualitester.com\/de\/wp-json\/wp\/v2\/product_tag?post=5127"}],"curies":[{"name":"wp","href":"https:\/\/api.w.org\/{rel}","templated":true}]}}