{"id":5110,"date":"2024-10-29T16:23:12","date_gmt":"2024-10-29T08:23:12","guid":{"rendered":"https:\/\/www.qualitester.com\/?post_type=product&#038;p=5110"},"modified":"2024-12-05T11:31:23","modified_gmt":"2024-12-05T03:31:23","slug":"sale-soft-gel-capsule-hardness-tester","status":"publish","type":"product","link":"https:\/\/www.qualitester.com\/de\/produkt-2\/sale-soft-gel-capsule-hardness-tester\/","title":{"rendered":"CHT-01 H\u00e4rtepr\u00fcfger\u00e4t f\u00fcr Weichgelkapseln"},"content":{"rendered":"<h2><strong>Einf\u00fchrung in den Weichgelkapsel-H\u00e4rtetester<\/strong><\/h2>\n<p>In der pharmazeutischen und nutrazeutischen Industrie ist die Qualit\u00e4tskontrolle von gr\u00f6\u00dfter Bedeutung. Es ist von entscheidender Bedeutung, dass Weichgelkapseln ihre strukturelle Integrit\u00e4t w\u00e4hrend des Verpackungs-, Lagerungs- und Vertriebsprozesses beibehalten. Die <strong>H\u00e4rtepr\u00fcfger\u00e4t f\u00fcr Weichgelkapseln<\/strong>insbesondere die <strong>CHT-01 Kapsel- und Weichkapselh\u00e4rtetester<\/strong>ist ein hochpr\u00e4zises Instrument zur Messung der Festigkeit, Elastizit\u00e4t und Gesamtst\u00e4rke von Kapseln. Durch die Bewertung von Schl\u00fcsselfaktoren wie H\u00e4rte, Verformung und Siegelfestigkeit hilft dieses Pr\u00fcfger\u00e4t den Herstellern, die Sicherheit, Wirksamkeit und Qualit\u00e4t ihrer Produkte zu gew\u00e4hrleisten.<\/p>\n<h2><strong>Warum sollte man die H\u00e4rte und Festigkeit von Weichgelkapseln testen?<\/strong><\/h2>\n<p>Weichgelkapseln werden h\u00e4ufig zur Abgabe von Vitaminen, Mineralien und Medikamenten in einer stabilen und sch\u00fctzenden Gelatineh\u00fclle verwendet. Bei diesen Kapseln ist die Aufrechterhaltung eines idealen H\u00e4rtegrads von entscheidender Bedeutung - nicht nur, um die darin enthaltenen Wirkstoffe zu sch\u00fctzen, sondern auch, um eine kontrollierte Freisetzung des Inhalts bei der Einnahme zu gew\u00e4hrleisten. Die H\u00e4rtepr\u00fcfung gibt Aufschluss dar\u00fcber, wie sich die Kapsel unter verschiedenen Bedingungen verh\u00e4lt, von der Verpackung \u00fcber den Transport bis hin zur Erfahrung des Verbrauchers. Die Website <strong>H\u00e4rtepr\u00fcfger\u00e4t f\u00fcr Weichgelkapseln<\/strong> ist wichtig, um Schwachstellen in Kapselw\u00e4nden oder Dichtungen zu erkennen und Probleme zu vermeiden, bevor sie auf den Markt gelangen.<\/p>\n<h2><strong>Hauptmerkmale des Weichgelkapsel-H\u00e4rtetesters<\/strong><\/h2>\n<ul>\n<li><strong>Hochpr\u00e4zise Pr\u00fcfm\u00f6glichkeiten<\/strong><br \/>\nAusgestattet mit fortschrittlicher Technologie wie einer SPS-Steuerungseinheit, einer Pr\u00e4zisionskugelumlaufspindel und einem Schrittmotor liefert dieses Pr\u00fcfger\u00e4t zuverl\u00e4ssige und genaue Ergebnisse, die strenge Qualit\u00e4tsstandards unterst\u00fctzen.<\/li>\n<li><strong>Vielseitige Testprogramme<\/strong><br \/>\nMehrere Standardprogramme anbieten -<strong>Kraft<\/strong> (Aufbringen einer bestimmten Kraft und Messen der Entfernung), <strong>H\u00f6chststand<\/strong> (Messung der maximalen Kraft f\u00fcr den Kapselriss), und <strong>Entfernung<\/strong> (Messung der Kraft in einem festen Abstand) - das Weichgelkapsel-H\u00e4rtepr\u00fcfger\u00e4t erm\u00f6glicht umfassende Tests, um alle Facetten der Kapselintegrit\u00e4t zu verstehen.<\/li>\n<li><strong>Benutzerfreundliche Schnittstelle und Steuerung<\/strong><br \/>\n\u00dcber einen 7-Zoll-HMI-Touchscreen k\u00f6nnen Benutzer m\u00fchelos Einstellungen konfigurieren, Pr\u00fcfprogramme verwalten und Ergebnisse visualisieren. Dieses intuitive Design verbessert den Arbeitsablauf und erleichtert schnelle Anpassungen an die Pr\u00fcfanforderungen.<\/li>\n<li><strong>Verbesserte Effizienz- und Sicherheitsmerkmale<\/strong><br \/>\nEin Drehtisch, eine automatische Statik f\u00fcr die Datenerfassung und ein \u00dcberlastungsschutz erh\u00f6hen die Effizienz und Sicherheit. Diese Funktionen rationalisieren die Pr\u00fcfung und sch\u00fctzen das Ger\u00e4t vor \u00dcberbeanspruchung, wodurch seine Lebensdauer und Zuverl\u00e4ssigkeit maximiert wird.<\/li>\n<\/ul>\n<h2><strong>Detaillierte Testmethoden f\u00fcr die H\u00e4rte und Festigkeit von Weichgelkapseln<\/strong><\/h2>\n<ul>\n<li><strong>Kompressionstest<\/strong><br \/>\nBeim Kompressionstest \u00fcbt ein Zylinder mit einem Durchmesser von 10 mm oder einer Fl\u00e4che von 10 mm\u00b2 Druck auf die Kapsel aus, bis sie sich verformt oder rei\u00dft. Dies simuliert die physikalischen Belastungen, denen die Kapsel unter realen Bedingungen, wie z. B. beim Verpacken und Transportieren, ausgesetzt sein kann. Durch die Druckpr\u00fcfung gewinnen die Hersteller Erkenntnisse \u00fcber die Haltbarkeit und die Widerstandsf\u00e4higkeit der Kapsel.<\/li>\n<li><strong>Pr\u00fcfung der Festigkeit und Siegelst\u00e4rke<\/strong><br \/>\nBei der Festigkeitspr\u00fcfung wird ermittelt, wie stark sich eine Kapsel unter einer bestimmten Druckbelastung verformt, was Aufschluss \u00fcber ihre Elastizit\u00e4t und Widerstandsf\u00e4higkeit gibt. Dar\u00fcber hinaus wird bei der Pr\u00fcfung der Siegelfestigkeit die Kraft gemessen, die erforderlich ist, um das Siegel der Kapsel zu brechen. So wird sichergestellt, dass die Kapsel nicht vorzeitig rei\u00dft und ihren Inhalt nur unter den vorgesehenen Bedingungen freigibt.<\/li>\n<\/ul>\n<h2><strong>Technische Daten und Parameter<\/strong><\/h2>\n<table>\n<tbody>\n<tr>\n<td width=\"184\">Testbereich<\/td>\n<td width=\"289\">0~200N (oder nach Bedarf)<\/td>\n<\/tr>\n<tr>\n<td width=\"184\">Schlaganfall<\/td>\n<td width=\"289\">200mm (ohne Klemme)<\/td>\n<\/tr>\n<tr>\n<td width=\"184\">Geschwindigkeit<\/td>\n<td width=\"289\">1~300mm\/min (oder nach Bedarf)<\/td>\n<\/tr>\n<tr>\n<td width=\"184\">Verschiebungsgenauigkeit<\/td>\n<td width=\"289\">0,01 mm<\/td>\n<\/tr>\n<tr>\n<td width=\"184\">Genauigkeit<\/td>\n<td width=\"289\">0,5% FS<\/td>\n<\/tr>\n<tr>\n<td width=\"184\">Ausgabe<\/td>\n<td width=\"289\">Bildschirm, Mikrodrucker, RS232 (optional)<\/td>\n<\/tr>\n<tr>\n<td width=\"184\">Leistung<\/td>\n<td width=\"289\">110~220V 50\/60Hz<\/td>\n<\/tr>\n<\/tbody>\n<\/table>\n<h2><strong>Vorteile des Weichgelkapsel-H\u00e4rtetesters<\/strong><\/h2>\n<ul>\n<li><strong>Umfassende Qualit\u00e4tssicherungspr\u00fcfungen<\/strong><br \/>\nDank der Multitest-Funktionen dieses Pr\u00fcfger\u00e4ts k\u00f6nnen Hersteller die Haltbarkeit, Gleichm\u00e4\u00dfigkeit und strukturelle Festigkeit von Kapseln beurteilen. Dies f\u00fchrt zu einer verbesserten Produktqualit\u00e4t und Kundenzufriedenheit.<\/li>\n<li><strong>Anpassbare Spannvorrichtungsoptionen f\u00fcr vielseitige Pr\u00fcfungen<\/strong><br \/>\nDank verschiedener Vorrichtungen kann der Tester unterschiedliche Kapselgr\u00f6\u00dfen und -formen aufnehmen und ist somit vielseitig f\u00fcr eine breite Palette von Weichgelanwendungen einsetzbar.<\/li>\n<li><strong>Gebaut f\u00fcr dauerhafte Best\u00e4ndigkeit<\/strong><br \/>\nDas mit robusten Komponenten und fortschrittlichen Mechanismen ausgestattete Pr\u00fcfger\u00e4t ist auf eine lange Lebensdauer ausgelegt und maximiert so die Investitionsrendite bei gleichzeitiger Reduzierung von Ausfallzeiten und Wartungsaufwand.<\/li>\n<\/ul>\n<h2><strong>Anwendungen des Weichgelkapsel-H\u00e4rtetesters<\/strong><\/h2>\n<p>Dieses Ger\u00e4t ist in der pharmazeutischen und nutrazeutischen Produktion unverzichtbar, wo Weichgelkapseln mit Vitaminen, Mineralien und anderen fl\u00fcssigen Medikamenten eine strenge Qualit\u00e4tskontrolle erfordern. Das H\u00e4rtepr\u00fcfger\u00e4t f\u00fcr Weichgelkapseln spielt eine entscheidende Rolle bei der Qualit\u00e4tssicherung in der Herstellung, Verpackung und Handhabung und stellt sicher, dass die Kapseln ihre Integrit\u00e4t und Wirksamkeit behalten, bis sie den Verbraucher erreichen.<\/p>\n<hr \/>\n<h2><strong>FAQ-Bereich<\/strong><\/h2>\n<ul>\n<li><strong>Q1<\/strong>: <em>Welche Arten von Kapseln k\u00f6nnen mit diesem Ger\u00e4t gepr\u00fcft werden?<\/em><br \/>\n<strong>A<\/strong>: Der Weichgelkapsel-H\u00e4rtetester ist ideal f\u00fcr die Pr\u00fcfung von Weichgelkapseln, die in Pharmazeutika und Nahrungserg\u00e4nzungsmitteln verwendet werden, einschlie\u00dflich solcher, die Vitamine und fl\u00fcssige Medikamente enthalten.<\/li>\n<li><strong>Q2<\/strong>: <em>Welche Bedeutung hat der Festigkeitstest?<\/em><br \/>\n<strong>A<\/strong>: Die Festigkeitspr\u00fcfung bewertet die Festigkeit und Flexibilit\u00e4t der Kapselwand und tr\u00e4gt dazu bei, dass die Kapseln bei normaler Handhabung, Lagerung oder Verpackung nicht rei\u00dfen.<\/li>\n<li><strong>Q3<\/strong>: <em>Kann dieses Pr\u00fcfger\u00e4t die Elastizit\u00e4t messen?<\/em><br \/>\n<strong>A<\/strong>: Ja, es quantifiziert die Elastizit\u00e4t der Kapseln durch Messung der Wandverformung unter einer bestimmten Druckbelastung und gew\u00e4hrleistet, dass die Kapseln flexibel und dennoch haltbar sind.<\/li>\n<li><strong>Q4<\/strong>: <em>L\u00e4sst sich das CHT-01 f\u00fcr bestimmte Kapseltypen anpassen?<\/em><br \/>\n<strong>A<\/strong>: Ja, das Pr\u00fcfger\u00e4t kann mit verschiedenen Halterungen und Vorrichtungen an unterschiedliche Kapselformen und -gr\u00f6\u00dfen angepasst werden, so dass es f\u00fcr verschiedene Pr\u00fcfanforderungen geeignet ist.<\/li>\n<li><strong>Q5<\/strong>: <em>Welche Ausgabem\u00f6glichkeiten gibt es f\u00fcr die Datenaufzeichnung?<\/em><br \/>\n<strong>A<\/strong>: Das Pr\u00fcfger\u00e4t zeigt die Daten auf dem Bildschirm an, erm\u00f6glicht Ausdrucke \u00fcber einen Mikrodrucker und bietet optional eine RS232-Verbindung f\u00fcr den digitalen Datenexport.<\/li>\n<\/ul>","protected":false},"excerpt":{"rendered":"<p>In der pharmazeutischen und nutrazeutischen Industrie ist die Qualit\u00e4tskontrolle von gr\u00f6\u00dfter Bedeutung. Es ist von entscheidender Bedeutung, dass Weichgelkapseln ihre strukturelle Integrit\u00e4t w\u00e4hrend des Verpackungs-, Lagerungs- und Vertriebsprozesses beibehalten. Die <strong>H\u00e4rtepr\u00fcfger\u00e4t f\u00fcr Weichgelkapseln<\/strong>insbesondere die <strong>CHT-01 Kapsel- und Weichkapselh\u00e4rtetester<\/strong>ist ein hochpr\u00e4zises Instrument zur Messung der Festigkeit, Elastizit\u00e4t und Gesamtst\u00e4rke von Kapseln. Durch die Bewertung von Schl\u00fcsselfaktoren wie H\u00e4rte, Verformung und Siegelfestigkeit hilft dieses Pr\u00fcfger\u00e4t den Herstellern, die Sicherheit, Wirksamkeit und Qualit\u00e4t ihrer Produkte zu gew\u00e4hrleisten.<\/p>","protected":false},"featured_media":6205,"comment_status":"closed","ping_status":"closed","template":"","meta":{"site-sidebar-layout":"default","site-content-layout":"default","ast-global-header-display":"","ast-main-header-display":"","ast-hfb-above-header-display":"","ast-hfb-below-header-display":"","ast-hfb-mobile-header-display":"","site-post-title":"","ast-breadcrumbs-content":"","ast-featured-img":"","footer-sml-layout":"","theme-transparent-header-meta":"default","adv-header-id-meta":"","stick-header-meta":"","header-above-stick-meta":"","header-main-stick-meta":"","header-below-stick-meta":""},"product_cat":[845,953,956,955,1054,954,957,958,952,959,149,95],"product_tag":[],"class_list":{"0":"post-5110","1":"product","2":"type-product","3":"status-publish","4":"has-post-thumbnail","6":"product_cat-customization","7":"product_cat-bursting-tester","8":"product_cat-cobb-tester","9":"product_cat-crush-tester","10":"product_cat-hardness-tester","11":"product_cat-paper-tear-tester","12":"product_cat-plybond-tester","13":"product_cat-puncture-tester","14":"product_cat-rub-tester","15":"product_cat-stiffness-tester","16":"product_cat-pharma-and-medical-testers","17":"product_cat-products","18":"desktop-align-left","19":"tablet-align-left","20":"mobile-align-left","22":"first","23":"instock","24":"shipping-taxable","25":"product-type-simple"},"_links":{"self":[{"href":"https:\/\/www.qualitester.com\/de\/wp-json\/wp\/v2\/product\/5110","targetHints":{"allow":["GET"]}}],"collection":[{"href":"https:\/\/www.qualitester.com\/de\/wp-json\/wp\/v2\/product"}],"about":[{"href":"https:\/\/www.qualitester.com\/de\/wp-json\/wp\/v2\/types\/product"}],"replies":[{"embeddable":true,"href":"https:\/\/www.qualitester.com\/de\/wp-json\/wp\/v2\/comments?post=5110"}],"version-history":[{"count":0,"href":"https:\/\/www.qualitester.com\/de\/wp-json\/wp\/v2\/product\/5110\/revisions"}],"wp:featuredmedia":[{"embeddable":true,"href":"https:\/\/www.qualitester.com\/de\/wp-json\/wp\/v2\/media\/6205"}],"wp:attachment":[{"href":"https:\/\/www.qualitester.com\/de\/wp-json\/wp\/v2\/media?parent=5110"}],"wp:term":[{"taxonomy":"product_cat","embeddable":true,"href":"https:\/\/www.qualitester.com\/de\/wp-json\/wp\/v2\/product_cat?post=5110"},{"taxonomy":"product_tag","embeddable":true,"href":"https:\/\/www.qualitester.com\/de\/wp-json\/wp\/v2\/product_tag?post=5110"}],"curies":[{"name":"wp","href":"https:\/\/api.w.org\/{rel}","templated":true}]}}