{"id":4401,"date":"2024-07-23T11:40:39","date_gmt":"2024-07-23T03:40:39","guid":{"rendered":"https:\/\/www.qualitester.com\/?post_type=product&#038;p=4401"},"modified":"2024-12-27T14:18:45","modified_gmt":"2024-12-27T06:18:45","slug":"best-balloon-burst-tester-for-sale","status":"publish","type":"product","link":"https:\/\/www.qualitester.com\/de\/produkt-2\/best-balloon-burst-tester-for-sale\/","title":{"rendered":"LSST-01 Dichtheitspr\u00fcfger\u00e4t"},"content":{"rendered":"<p>Der <strong>Ballonplatztester<\/strong> ist vielseitig und findet Anwendung in verschiedenen Branchen, Verpackungsmaterialien, einschlie\u00dflich Kunststofffolien und -laminaten, Verpackungen f\u00fcr medizinische Ger\u00e4te, pharmazeutische Verpackungen, Verpackungen f\u00fcr Lebensmittel und Getr\u00e4nke, Verpackungen f\u00fcr Konsumg\u00fcter<\/p>\n<h2>Vollst\u00e4ndige Einf\u00fchrung in den Ballonplatztester<\/h2>\n<p>Der <strong>Ballonplatztester<\/strong> ist f\u00fcr eine pr\u00e4zise und zuverl\u00e4ssige <em><span style=\"text-decoration: underline;\">Berstpr\u00fcfung f\u00fcr eine breite Palette von Verpackungsmaterialien<\/span><\/em>s. Es handelt sich um eine SPS-gesteuerte Einheit, die Stabilit\u00e4t auf Industrieniveau bietet, erg\u00e4nzt durch einen benutzerfreundlichen HMI-Touchscreen f\u00fcr eine einfache Bedienung. Der Tester ist mit automatischen Testergebnisstatistiken und -speichern ausgestattet, was die Effizienz und das Datenmanagement verbessert.<\/p>\n<p><a href=\"https:\/\/www.qualitester.com\/de\/produkt-kategorie\/test-items\/bursting-tester\/\"><img fetchpriority=\"high\" decoding=\"async\" class=\"wp-image-4402 size-full aligncenter\" src=\"https:\/\/www.qualitester.com\/wp-content\/uploads\/2024\/07\/astm-f1440-Balloon-Burst-Tester-astm-f2054.jpg\" alt=\"astm f1440 Ballonplatztester astm f2054\" width=\"600\" height=\"600\" srcset=\"https:\/\/www.qualitester.com\/wp-content\/uploads\/2024\/07\/astm-f1440-Balloon-Burst-Tester-astm-f2054.jpg 600w, https:\/\/www.qualitester.com\/wp-content\/uploads\/2024\/07\/astm-f1440-Balloon-Burst-Tester-astm-f2054-300x300.jpg 300w, https:\/\/www.qualitester.com\/wp-content\/uploads\/2024\/07\/astm-f1440-Balloon-Burst-Tester-astm-f2054-150x150.jpg 150w, https:\/\/www.qualitester.com\/wp-content\/uploads\/2024\/07\/astm-f1440-Balloon-Burst-Tester-astm-f2054-100x100.jpg 100w\" sizes=\"(max-width: 600px) 100vw, 600px\" \/><\/a><\/p>\n<h2>Technische Spezifikationen<\/h2>\n<ul>\n<li><strong>SPS-gesteuerte Einheit<\/strong>: Gew\u00e4hrleistet Stabilit\u00e4t auf Industrieniveau und pr\u00e4zise Steuerung.<\/li>\n<li><strong>Benutzerfreundlicher HMI-Touchscreen<\/strong>: Vereinfacht die Bedienung und verk\u00fcrzt die Schulungszeit.<\/li>\n<li><strong>Automatische Testergebnisstatistik und Speicherung<\/strong>: Erm\u00f6glicht effizientes Datenmanagement und -analyse.<\/li>\n<li><strong>Kompatibilit\u00e4t mit verschiedenen Vorrichtungen<\/strong>: Erm\u00f6glicht das Testen verschiedener Verpackungsformen, einschlie\u00dflich Dreiseitensiegelverpackungen, geschlossener Verpackungen, Doy-Packungen, Tuben, versiegelter Schalen und Becher.<\/li>\n<li><strong>Drei Testmodi<\/strong>: Bersten, Kriechen und Kriechen bis zum Versagen, um unterschiedlichen Testanforderungen gerecht zu werden.<\/li>\n<li><strong>Personalisierte Empfindlichkeits- und Schwellenwerteinstellungen<\/strong>: Erm\u00f6glicht die Anpassung an spezifische Testanforderungen.<\/li>\n<li><strong>Druckbereich bis zu 600 KPa<\/strong>: Anpassbar, um einzigartige Testspezifikationen zu erf\u00fcllen.<\/li>\n<li><strong>Anpassbare Programmierung<\/strong>: Bietet Flexibilit\u00e4t zur Anpassung an spezifische Testprotokolle.<\/li>\n<\/ul>\n<h2>Testmethoden<\/h2>\n<h3>Prinzip der Verpackungs-Berstpr\u00fcfung<\/h3>\n<p><em><span style=\"text-decoration: underline;\">Bei der Ballonplatztestmethode wird eine Verpackung aufgeblasen, bis sie platzt. Dabei werden der Druck und das Volumen gemessen, bei denen es zum Platzen kommt.<\/span> <\/em>Dieser Test ist von entscheidender Bedeutung f\u00fcr die Bewertung der Berstfestigkeit von Verpackungsmaterialien und stellt sicher, dass sie dem inneren Druck w\u00e4hrend der Handhabung und Lagerung standhalten.<\/p>\n<div class=\"ast-oembed-container\" style=\"height: 100%;\"><iframe title=\"Pr\u00fcfger\u00e4t f\u00fcr die Siegelfestigkeit von Doy- und Ausgie\u00dferpackungen. Qualit\u00e4tspr\u00fcfung f\u00fcr Doy-Verpackungen.\" width=\"500\" height=\"281\" src=\"https:\/\/www.youtube.com\/embed\/abNWfwlLaVQ?feature=oembed\" frameborder=\"0\" allow=\"accelerometer; autoplay; clipboard-write; encrypted-media; gyroscope; picture-in-picture; web-share\" referrerpolicy=\"strict-origin-when-cross-origin\" allowfullscreen><\/iframe><\/div>\n<h3>Standardpr\u00fcfverfahren<\/h3>\n<ol>\n<li><strong>Probenvorbereitung und -konditionierung<\/strong>: Proben werden gem\u00e4\u00df angegebenen Standards vorbereitet und vor dem Test an die entsprechende Umgebung angepasst.<\/li>\n<li><strong>Testaufbau und Parameterkonfiguration<\/strong>: Der Ballonplatztester wird mit den entsprechenden Vorrichtungen ausgestattet und die Testparameter werden basierend auf dem Probentyp und den Testanforderungen konfiguriert.<\/li>\n<li><strong>Durchf\u00fchrung der Pr\u00fcfung und Messprotokollierung<\/strong>: Die Verpackung wird aufgeblasen, bis sie platzt. Der Pr\u00fcfer zeichnet dabei den Berstdruck und das Berstvolumen auf.<\/li>\n<li><strong>Ergebnisse interpretieren<\/strong>: Berstdruck und Volumen werden analysiert, um die Festigkeit und Leistung des Materials zu beurteilen und so die Qualit\u00e4tskontrolle und den Materialvergleich zu erleichtern.<\/li>\n<\/ol>\n<h2>Berstpr\u00fcfung von Verpackungen nach ASTM-Standard<\/h2>\n<h3><a href=\"https:\/\/www.qualitester.com\/de\/produkt-kategorie\/astm\/astm-f1140\/\">ASTM F1140<\/a><\/h3>\n<p style=\"padding-left: 40px;\">-Standardpr\u00fcfverfahren f\u00fcr die Widerstandsf\u00e4higkeit nicht gesicherter Verpackungen gegen internes Druckversagen<\/p>\n<ul>\n<li><strong>\u00dcberblick \u00fcber <a href=\"https:\/\/www.astm.org\/f1140_f1140m-13r20e01.html\" target=\"_blank\" rel=\"noopener nofollow\">ASTM F1140<\/a><\/strong>: Diese Norm beschreibt die Methoden zum Testen der Widerstandsf\u00e4higkeit nicht gesicherter Verpackungen gegen internes Druckversagen.<\/li>\n<li><strong>Detailliertes Testverfahren gem\u00e4\u00df ASTM F1140<\/strong>: Dabei wird die Verpackung aufgeblasen, bis sie platzt, und der Berstdruck und das Berstvolumen werden aufgezeichnet.<\/li>\n<li><strong>Bedeutung der Einhaltung von ASTM F1140<\/strong>: Gew\u00e4hrleistet die Integrit\u00e4t und Zuverl\u00e4ssigkeit der Verpackung, die f\u00fcr die Produktsicherheit und -leistung von entscheidender Bedeutung ist.<\/li>\n<\/ul>\n<h4><a href=\"https:\/\/www.qualitester.com\/de\/produkt-kategorie\/astm\/astm-f2054\/\">ASTM F2054<\/a><\/h4>\n<p style=\"padding-left: 40px;\">-Standardpr\u00fcfverfahren f\u00fcr die Berstpr\u00fcfung von Dichtungen flexibler Verpackungen mittels innerer Luftdruckbeaufschlagung in R\u00fcckhalteplatten<\/p>\n<ul>\n<li><strong>\u00dcberblick \u00fcber <a href=\"https:\/\/www.astm.org\/f2054_f2054m-13r20.html\" target=\"_blank\" rel=\"noopener nofollow\">ASTM F2054<\/a><\/strong>: Diese Norm legt das Verfahren zur Berstpr\u00fcfung von Dichtungen flexibler Verpackungen mittels innerer Luftdruckbeaufschlagung innerhalb der Halteplatten fest.<\/li>\n<li><strong>Detailliertes Testverfahren gem\u00e4\u00df ASTM F2054<\/strong>: Dabei wird die Verpackung zwischen Halteplatten gelegt, aufgeblasen und der Berstdruck sowie das Berstvolumen aufgezeichnet.<\/li>\n<li><strong>Bedeutung von ASTM F2054<\/strong>: Unverzichtbar f\u00fcr die Beurteilung der Siegelfestigkeit und Gew\u00e4hrleistung der Verpackungsintegrit\u00e4t, insbesondere bei flexiblen Verpackungen.<\/li>\n<\/ul>\n<h2>Vorteile der Verwendung unseres Ballonplatztesters<\/h2>\n<p><strong>1. Pr\u00e4zision und Zuverl\u00e4ssigkeit<\/strong><\/p>\n<ul>\n<li><strong>Hohe Messgenauigkeit<\/strong>: Gew\u00e4hrleistet pr\u00e4zise und zuverl\u00e4ssige Daten zur Berstfestigkeit.<\/li>\n<li><strong>Konsistente und wiederholbare Ergebnisse<\/strong>: Bietet Vertrauen in Testergebnisse und Materialleistungsbewertung.<\/li>\n<\/ul>\n<p><strong>2. Vielseitigkeit<\/strong><\/p>\n<ul>\n<li><em><span style=\"text-decoration: underline;\"><strong>Geeignet f\u00fcr eine Vielzahl von Materialien und Verpackungsarten<\/strong>: Erf\u00fcllt die verschiedenen Testanforderungen verschiedener Branchen.<\/span><\/em><\/li>\n<li><em><span style=\"text-decoration: underline;\"><strong>Anpassbare Testparameter f\u00fcr unterschiedliche Testanforderungen<\/strong>: Bietet Flexibilit\u00e4t beim Testen unterschiedlicher Materialien und Pakete.<\/span><\/em><\/li>\n<\/ul>\n<p><strong>3. Benutzerfreundlichkeit<\/strong><\/p>\n<ul>\n<li><strong>Intuitive Softwareoberfl\u00e4che<\/strong>: Vereinfacht die Bedienung und verk\u00fcrzt die Lernkurve.<\/li>\n<li><strong>Minimaler Schulungsaufwand f\u00fcr Bediener<\/strong>: Verbessert Benutzerfreundlichkeit und Effizienz.<\/li>\n<\/ul>\n<p><strong>4. Einhaltung<\/strong><\/p>\n<ul>\n<li><strong>Erf\u00fcllt die Standards ASTM F1140 und ASTM F2054<\/strong>: Stellt die Einhaltung von Industriestandards und Vorschriften sicher.<\/li>\n<li><strong>Gew\u00e4hrleistet die Einhaltung von Branchenvorschriften und Qualit\u00e4tsstandards<\/strong>: Garantiert die Zuverl\u00e4ssigkeit und Integrit\u00e4t der Testergebnisse.<\/li>\n<\/ul>\n<h3>FAQs<\/h3>\n<h4>Was ist der Zweck eines Ballonplatztests?<\/h4>\n<p>Mit dem Ballonplatztest wird die Berstfestigkeit von Verpackungen bestimmt und sichergestellt, dass diese dem Innendruck w\u00e4hrend der Handhabung, Lagerung und des Transports standhalten.<\/p>\n<h4>Wie misst der Ballonplatztester die Berstfestigkeit?<\/h4>\n<p>Der Tester bl\u00e4st die Verpackung auf, bis sie platzt, und zeichnet den Berstdruck und das Berstvolumen auf, um die Festigkeit und Leistung des Materials zu bewerten.<\/p>\n<h4>Welche Arten von Materialien k\u00f6nnen mit dem Ballonplatztester getestet werden?<\/h4>\n<p>Der Tester kann ein breites Spektrum an Materialien bewerten, darunter Kunststofffolien, Laminate, Verpackungen f\u00fcr medizinische Ger\u00e4te, Verpackungen f\u00fcr Arzneimittel, Verpackungen f\u00fcr Lebensmittel und Getr\u00e4nke sowie Verpackungen f\u00fcr Konsumg\u00fcter.<!--more--><\/p>\n<h2>Verwandte Produkte<\/h2>\n<figure id=\"attachment_4059\" aria-describedby=\"caption-attachment-4059\" style=\"width: 300px\" class=\"wp-caption alignleft\"><a href=\"https:\/\/www.qualitester.com\/de\/produkt-2\/lt-01-leak-tester\/\"><img decoding=\"async\" class=\"wp-image-4059 size-medium\" src=\"https:\/\/www.qualitester.com\/wp-content\/uploads\/2023\/07\/LT-01-Leak-Tester-2-300x300.jpg\" alt=\"ASTM D3078 Dichtheitspr\u00fcfger\u00e4t\" width=\"300\" height=\"300\" srcset=\"https:\/\/www.qualitester.com\/wp-content\/uploads\/2023\/07\/LT-01-Leak-Tester-2-300x300.jpg 300w, https:\/\/www.qualitester.com\/wp-content\/uploads\/2023\/07\/LT-01-Leak-Tester-2-150x150.jpg 150w, https:\/\/www.qualitester.com\/wp-content\/uploads\/2023\/07\/LT-01-Leak-Tester-2-600x600.jpg 600w, https:\/\/www.qualitester.com\/wp-content\/uploads\/2023\/07\/LT-01-Leak-Tester-2-100x100.jpg 100w, https:\/\/www.qualitester.com\/wp-content\/uploads\/2023\/07\/LT-01-Leak-Tester-2.jpg 750w\" sizes=\"(max-width: 300px) 100vw, 300px\" \/><\/a><figcaption id=\"caption-attachment-4059\" class=\"wp-caption-text\"><strong><a href=\"https:\/\/www.qualitester.com\/de\/produkt-2\/lt-01-leak-tester\/\" target=\"_blank\" rel=\"noopener\">LT-01 Dichtheitspr\u00fcfger\u00e4t<\/a><\/strong><\/figcaption><\/figure>\n<figure id=\"attachment_3905\" aria-describedby=\"caption-attachment-3905\" style=\"width: 300px\" class=\"wp-caption alignleft\"><a href=\"https:\/\/www.qualitester.com\/de\/produkt-2\/leak-tester-lt-02\/\"><img decoding=\"async\" class=\"wp-image-3905 size-medium\" src=\"https:\/\/www.qualitester.com\/wp-content\/uploads\/2023\/04\/LT-02-Leak-Tester-01-300x300.jpg\" alt=\"ASTM D3078 Dichtheitspr\u00fcfger\u00e4t\" width=\"300\" height=\"300\" srcset=\"https:\/\/www.qualitester.com\/wp-content\/uploads\/2023\/04\/LT-02-Leak-Tester-01-300x300.jpg 300w, https:\/\/www.qualitester.com\/wp-content\/uploads\/2023\/04\/LT-02-Leak-Tester-01-150x150.jpg 150w, https:\/\/www.qualitester.com\/wp-content\/uploads\/2023\/04\/LT-02-Leak-Tester-01-600x600.jpg 600w, https:\/\/www.qualitester.com\/wp-content\/uploads\/2023\/04\/LT-02-Leak-Tester-01-100x100.jpg 100w, https:\/\/www.qualitester.com\/wp-content\/uploads\/2023\/04\/LT-02-Leak-Tester-01.jpg 750w\" sizes=\"(max-width: 300px) 100vw, 300px\" \/><\/a><figcaption id=\"caption-attachment-3905\" class=\"wp-caption-text\"><strong><a href=\"https:\/\/www.qualitester.com\/de\/produkt-2\/leak-tester-lt-02\/\" target=\"_blank\" rel=\"noopener\">LT-02 Dichtheitspr\u00fcfger\u00e4t<\/a><\/strong><\/figcaption><\/figure>\n<figure id=\"attachment_3694\" aria-describedby=\"caption-attachment-3694\" style=\"width: 300px\" class=\"wp-caption alignleft\"><a href=\"https:\/\/www.qualitester.com\/de\/produkt-2\/lt-03-seal-strength-testing-machine\/\"><img loading=\"lazy\" decoding=\"async\" class=\"wp-image-3694 size-medium\" src=\"https:\/\/www.qualitester.com\/wp-content\/uploads\/2023\/04\/LT-03-Leak-Tester-04-300x300.jpg\" alt=\"ASTM D3078 Dichtheitspr\u00fcfger\u00e4t\" width=\"300\" height=\"300\" srcset=\"https:\/\/www.qualitester.com\/wp-content\/uploads\/2023\/04\/LT-03-Leak-Tester-04-300x300.jpg 300w, https:\/\/www.qualitester.com\/wp-content\/uploads\/2023\/04\/LT-03-Leak-Tester-04-150x150.jpg 150w, https:\/\/www.qualitester.com\/wp-content\/uploads\/2023\/04\/LT-03-Leak-Tester-04-600x600.jpg 600w, https:\/\/www.qualitester.com\/wp-content\/uploads\/2023\/04\/LT-03-Leak-Tester-04-100x100.jpg 100w, https:\/\/www.qualitester.com\/wp-content\/uploads\/2023\/04\/LT-03-Leak-Tester-04.jpg 750w\" sizes=\"(max-width: 300px) 100vw, 300px\" \/><\/a><figcaption id=\"caption-attachment-3694\" class=\"wp-caption-text\"><strong><a href=\"https:\/\/www.qualitester.com\/de\/produkt-2\/lt-03-seal-strength-testing-machine\/\" target=\"_blank\" rel=\"noopener\">LT-03 Dichtheitspr\u00fcfger\u00e4t<\/a><\/strong><\/figcaption><\/figure>","protected":false},"excerpt":{"rendered":"<p><strong>Ballonplatztester<\/strong> ist ein wichtiges Instrument bei Material- und Verpackungspr\u00fcfungen, das zur Messung der Berstfestigkeit verschiedener Verpackungsmaterialien entwickelt wurde. Dieses fortschrittliche Ger\u00e4t ist von entscheidender Bedeutung, um die Haltbarkeit und Zuverl\u00e4ssigkeit von Verpackungen sicherzustellen, insbesondere in Branchen wie Pharmazeutika, Lebensmittel und Getr\u00e4nke, medizinische Ger\u00e4te und Konsumg\u00fcter. Der Ballonbersttester zeichnet sich durch seine Pr\u00e4zision, Vielseitigkeit und Konformit\u00e4t mit Industriestandards aus und ist somit ein unverzichtbares Werkzeug f\u00fcr die Qualit\u00e4tssicherung.<\/p>","protected":false},"featured_media":6136,"comment_status":"closed","ping_status":"closed","template":"","meta":{"site-sidebar-layout":"default","site-content-layout":"default","ast-global-header-display":"","ast-main-header-display":"","ast-hfb-above-header-display":"","ast-hfb-below-header-display":"","ast-hfb-mobile-header-display":"","site-post-title":"","ast-breadcrumbs-content":"","ast-featured-img":"","footer-sml-layout":"","theme-transparent-header-meta":"default","adv-header-id-meta":"","stick-header-meta":"","header-above-stick-meta":"","header-main-stick-meta":"","header-below-stick-meta":""},"product_cat":[845,953,676,675,17,149,16,108,109,95],"product_tag":[994],"class_list":{"0":"post-4401","1":"product","2":"type-product","3":"status-publish","4":"has-post-thumbnail","6":"product_cat-customization","7":"product_cat-bursting-tester","8":"product_cat-seal-strength-tester","9":"product_cat-leak-tester","10":"product_cat-package-container-testers","11":"product_cat-pharma-and-medical-testers","12":"product_cat-plastic-packaging-testers","13":"product_cat-astm-f1140","14":"product_cat-astm-f2054","15":"product_cat-products","16":"product_tag-leak-and-seal-strength-tester","17":"desktop-align-left","18":"tablet-align-left","19":"mobile-align-left","21":"first","22":"instock","23":"shipping-taxable","24":"product-type-simple"},"_links":{"self":[{"href":"https:\/\/www.qualitester.com\/de\/wp-json\/wp\/v2\/product\/4401","targetHints":{"allow":["GET"]}}],"collection":[{"href":"https:\/\/www.qualitester.com\/de\/wp-json\/wp\/v2\/product"}],"about":[{"href":"https:\/\/www.qualitester.com\/de\/wp-json\/wp\/v2\/types\/product"}],"replies":[{"embeddable":true,"href":"https:\/\/www.qualitester.com\/de\/wp-json\/wp\/v2\/comments?post=4401"}],"version-history":[{"count":0,"href":"https:\/\/www.qualitester.com\/de\/wp-json\/wp\/v2\/product\/4401\/revisions"}],"wp:featuredmedia":[{"embeddable":true,"href":"https:\/\/www.qualitester.com\/de\/wp-json\/wp\/v2\/media\/6136"}],"wp:attachment":[{"href":"https:\/\/www.qualitester.com\/de\/wp-json\/wp\/v2\/media?parent=4401"}],"wp:term":[{"taxonomy":"product_cat","embeddable":true,"href":"https:\/\/www.qualitester.com\/de\/wp-json\/wp\/v2\/product_cat?post=4401"},{"taxonomy":"product_tag","embeddable":true,"href":"https:\/\/www.qualitester.com\/de\/wp-json\/wp\/v2\/product_tag?post=4401"}],"curies":[{"name":"wp","href":"https:\/\/api.w.org\/{rel}","templated":true}]}}