{"id":4162,"date":"2024-04-15T16:39:45","date_gmt":"2024-04-15T08:39:45","guid":{"rendered":"https:\/\/www.qualitester.com\/?post_type=product&#038;p=4162"},"modified":"2024-12-05T13:03:46","modified_gmt":"2024-12-05T05:03:46","slug":"medical-needle-puncture-tester","status":"publish","type":"product","link":"https:\/\/www.qualitester.com\/de\/produkt-2\/medical-needle-puncture-tester\/","title":{"rendered":"NPT-01 Nadelstichpr\u00fcfger\u00e4t"},"content":{"rendered":"<h2>Einf\u00fchrung des medizinischen Nadelstichpr\u00fcfger\u00e4ts NPT-01<\/h2>\n<p>Im Bereich der Pr\u00fcfung medizinischer Ger\u00e4te sind Pr\u00e4zision und Zuverl\u00e4ssigkeit sehr wichtig. Cell Instruments, ein fortschrittlicher Hersteller von Materialpr\u00fcfger\u00e4ten, pr\u00e4sentiert eine L\u00f6sung f\u00fcr die medizinische Sicherheit \u2013 die <strong>Medizinischer Nadelstichtester<\/strong>. Dieses hochmoderne Ger\u00e4t ist auf die strengen Anforderungen der Medizinbranche zugeschnitten und gew\u00e4hrleistet die Integrit\u00e4t und Sicherheit medizinischer Nadeln w\u00e4hrend des Gebrauchs. Dadurch wird die Patientenversorgung verbessert und das Vertrauen in medizinische Verfahren gest\u00e4rkt.<\/p>\n<h2>Warum sollten Sie sich f\u00fcr den medizinischen Nadelstichtester NPT-01 entscheiden?<\/h2>\n<p>Der medizinische Nadelstichtester ist ein unverzichtbares Werkzeug f\u00fcr Hersteller medizinischer Ger\u00e4te, Qualit\u00e4tspr\u00fcfungsagenturen und Gesundheitseinrichtungen gleicherma\u00dfen. Hier sind die Vorteile des medizinischen Nadelstichtesters:<\/p>\n<p><img fetchpriority=\"high\" decoding=\"async\" class=\"wp-image-4166 size-woocommerce_single aligncenter\" src=\"https:\/\/www.qualitester.com\/wp-content\/uploads\/2024\/04\/usp-381-needle-puncture-tester-600x600.jpg\" alt=\"Nadeldurchstichpr\u00fcfger\u00e4t USP 381\" width=\"600\" height=\"600\" srcset=\"https:\/\/www.qualitester.com\/wp-content\/uploads\/2024\/04\/usp-381-needle-puncture-tester-600x600.jpg 600w, https:\/\/www.qualitester.com\/wp-content\/uploads\/2024\/04\/usp-381-needle-puncture-tester-300x300.jpg 300w, https:\/\/www.qualitester.com\/wp-content\/uploads\/2024\/04\/usp-381-needle-puncture-tester-150x150.jpg 150w, https:\/\/www.qualitester.com\/wp-content\/uploads\/2024\/04\/usp-381-needle-puncture-tester-100x100.jpg 100w, https:\/\/www.qualitester.com\/wp-content\/uploads\/2024\/04\/usp-381-needle-puncture-tester.jpg 750w\" sizes=\"(max-width: 600px) 100vw, 600px\" \/><\/p>\n<h3>1. Qualit\u00e4tskontrolle<\/h3>\n<p>Einhaltung strenger Vorschriften im Bereich medizinischer Ger\u00e4te, um die Zuverl\u00e4ssigkeit und Sicherheit medizinischer Nadeln zu gew\u00e4hrleisten. Mit dem Medical Needle Puncture Tester k\u00f6nnen Unternehmen Industriestandards einhalten und erstklassige Qualit\u00e4t aufrechterhalten.<\/p>\n<h3>2. Genaue Untersuchung<\/h3>\n<p>Pr\u00e4zision ist in der medizinischen Diagnose und Therapie von gr\u00f6\u00dfter Bedeutung. Mit diesem modernen Testger\u00e4t k\u00f6nnen medizinische Nadeln sorgf\u00e4ltig untersucht werden, um eine optimale Funktionalit\u00e4t sicherzustellen und die Wahrscheinlichkeit von Pannen bei medizinischen Eingriffen zu verringern.<\/p>\n<h2>Hauptfunktionen<\/h2>\n<p><img decoding=\"async\" class=\"wp-image-4165 size-woocommerce_single aligncenter\" src=\"https:\/\/www.qualitester.com\/wp-content\/uploads\/2024\/04\/medical-needle-puncture-tester-600x600.jpg\" alt=\"medizinischer Nadelstichtester\" width=\"600\" height=\"600\" srcset=\"https:\/\/www.qualitester.com\/wp-content\/uploads\/2024\/04\/medical-needle-puncture-tester-600x600.jpg 600w, https:\/\/www.qualitester.com\/wp-content\/uploads\/2024\/04\/medical-needle-puncture-tester-300x300.jpg 300w, https:\/\/www.qualitester.com\/wp-content\/uploads\/2024\/04\/medical-needle-puncture-tester-150x150.jpg 150w, https:\/\/www.qualitester.com\/wp-content\/uploads\/2024\/04\/medical-needle-puncture-tester-100x100.jpg 100w, https:\/\/www.qualitester.com\/wp-content\/uploads\/2024\/04\/medical-needle-puncture-tester.jpg 750w\" sizes=\"(max-width: 600px) 100vw, 600px\" \/><\/p>\n<h3>1. Anwendung des Nadelstichfestigkeitstesters<\/h3>\n<p>Dieser Tester ist speziell f\u00fcr die Bewertung der Durchsto\u00dffestigkeit von <strong>medizinische Nadeln<\/strong>, einschlie\u00dflich, aber nicht beschr\u00e4nkt auf <strong>Injektionsnadeln<\/strong>, ich<strong>Injektionsnadeln<\/strong>, <strong>Akupunkturnadeln<\/strong>, Und <strong>Biopsienadeln<\/strong>. Seine Vielseitigkeit erm\u00f6glicht umfassende Tests mit verschiedenen Nadeltypen und -gr\u00f6\u00dfen und gew\u00e4hrleistet so eine sorgf\u00e4ltige Bewertung der Produktleistung.<\/p>\n<h3>2. Welche Vorteile k\u00f6nnen erzielt werden?<\/h3>\n<p>Durch die Verwendung des Medical Needle Puncture Tester k\u00f6nnen Benutzer mehrere bemerkenswerte Vorteile erzielen:<\/p>\n<ul>\n<li>Verbesserte Sicherheit: Da die Patientensicherheit an erster Stelle steht, hilft dieses Tool dabei, Probleme oder M\u00e4ngel an medizinischen Nadeln zu erkennen. Dadurch wird die Wahrscheinlichkeit verringert, dass Nadeln bei medizinischen Eingriffen abbrechen oder nicht richtig funktionieren.<\/li>\n<li>Einhaltung von Vorschriften: In einem Bereich, der immer st\u00e4rker reguliert wird, ist es entscheidend, strenge Standards einzuhalten. Dieser Tester erleichtert die Einhaltung von Regeln und Standards, beugt m\u00f6glichen rechtlichen Problemen vor und sorgt f\u00fcr die Zuverl\u00e4ssigkeit des Produkts.<\/li>\n<li>Kosteneinsparungen: Das fr\u00fchzeitige Erkennen von Nadelproblemen durch gr\u00fcndliche Tests spart Unternehmen Geld. Es verringert das Risiko von Produktr\u00fcckrufen, Klagen und Rufsch\u00e4digungen.<\/li>\n<\/ul>\n<h2>So verwenden Sie den medizinischen Nadelstichtester NPT-01<\/h2>\n<h3>1. Betriebsablauf<\/h3>\n<p>Die Ingenieure haben \u00fcber die SPS-Steuereinheit eine einfach zu bedienende Mensch-Computer-Interaktionsschnittstelle implementiert. Daher ist die Bedienung des medizinischen Nadelstichtesters sehr einfach:<\/p>\n<ol>\n<li>Befestigen Sie die medizinischen Nadelproben und Punktionsproben in der daf\u00fcr vorgesehenen Vorrichtung.<\/li>\n<li>Passen Sie die Testparameter, einschlie\u00dflich Einstichkraft und -geschwindigkeit, an die spezifischen Testanforderungen an.<\/li>\n<li>Starten Sie den Testvorgang, damit das Ger\u00e4t die Nadelstichfestigkeit beurteilen kann.<\/li>\n<li>Werten Sie die Testergebnisse aus, um die Leistung der Nadel zu bestimmen und etwaige Abweichungen von den erwarteten Standards zu ermitteln.<\/li>\n<\/ol>\n<h3>2. Videoreferenz zum medizinischen Nadelstichtester NPT-01<\/h3>\n<div class=\"ast-oembed-container\" style=\"height: 100%;\"><iframe title=\"Medizinischer Spritzennadelpunktionstest | Anpassung des Testger\u00e4ts\" width=\"500\" height=\"281\" src=\"https:\/\/www.youtube.com\/embed\/6D2saICCxCA?feature=oembed\" frameborder=\"0\" allow=\"accelerometer; autoplay; clipboard-write; encrypted-media; gyroscope; picture-in-picture; web-share\" referrerpolicy=\"strict-origin-when-cross-origin\" allowfullscreen><\/iframe><\/div>\n<h2>H\u00e4ufige Anwendungen<\/h2>\n<p>Die Vielseitigkeit des Medical Needle Puncture Tester macht ihn f\u00fcr verschiedene Anwendungen in der medizinischen Industrie unverzichtbar:<\/p>\n<ul>\n<li>Qualit\u00e4tskontrolle in der Fertigung: Hersteller medizinischer Ger\u00e4te verlassen sich auf diesen Tester, um gr\u00fcndliche Qualit\u00e4tsbewertungen medizinischer Nadeln durchzuf\u00fchren und so die Einhaltung gesetzlicher Standards und die Aufrechterhaltung der Produktqualit\u00e4t sicherzustellen.<\/li>\n<li>Forschung und Entwicklung: Im Streben nach Innovationen nutzen Forscher den Tester, um neuartige Nadeldesigns und Materialien zu bewerten und so die Wirksamkeit und Sicherheit medizinischer Ger\u00e4te zu verbessern.<\/li>\n<\/ul>\n<p><img decoding=\"async\" class=\"wp-image-4164 size-woocommerce_single aligncenter\" src=\"https:\/\/www.qualitester.com\/wp-content\/uploads\/2024\/04\/NPT-01-needle-puncture-tester-600x600.jpg\" alt=\"NPT-01 Nadelstichpr\u00fcfger\u00e4t\" width=\"600\" height=\"600\" srcset=\"https:\/\/www.qualitester.com\/wp-content\/uploads\/2024\/04\/NPT-01-needle-puncture-tester-600x600.jpg 600w, https:\/\/www.qualitester.com\/wp-content\/uploads\/2024\/04\/NPT-01-needle-puncture-tester-300x300.jpg 300w, https:\/\/www.qualitester.com\/wp-content\/uploads\/2024\/04\/NPT-01-needle-puncture-tester-150x150.jpg 150w, https:\/\/www.qualitester.com\/wp-content\/uploads\/2024\/04\/NPT-01-needle-puncture-tester-100x100.jpg 100w, https:\/\/www.qualitester.com\/wp-content\/uploads\/2024\/04\/NPT-01-needle-puncture-tester.jpg 750w\" sizes=\"(max-width: 600px) 100vw, 600px\" \/><\/p>\n<h2>Hauptparameter<\/h2>\n<table style=\"height: 262px;\" width=\"429\">\n<tbody>\n<tr>\n<td width=\"181\">Testbereich<\/td>\n<td width=\"284\">0~200N (oder nach Bedarf)<\/td>\n<\/tr>\n<tr>\n<td>Schlaganfall<\/td>\n<td>200mm (ohne Klemme)<\/td>\n<\/tr>\n<tr>\n<td>Geschwindigkeit<\/td>\n<td>1\u2013500\u00a0mm\/min (oder nach Bedarf)<\/td>\n<\/tr>\n<tr>\n<td>Verschiebungsgenauigkeit<\/td>\n<td>0,01 mm<\/td>\n<\/tr>\n<tr>\n<td>Genauigkeit<\/td>\n<td>0,5% FS<\/td>\n<\/tr>\n<tr>\n<td>Ausgabe<\/td>\n<td>Bildschirm, Mikrodrucker, RS232 (optional)<\/td>\n<\/tr>\n<tr>\n<td>Leistung<\/td>\n<td>110~220V 50\/60Hz<\/td>\n<\/tr>\n<\/tbody>\n<\/table>\n<h2>Herstellungsprozess<\/h2>\n<p>&nbsp;<\/p>\n<h2>Pre-Sales-Unterst\u00fctzung<\/h2>\n<p>&nbsp;<\/p>\n<h2>Kundendienst<\/h2>\n<p>&nbsp;<\/p>\n<p><img loading=\"lazy\" decoding=\"async\" class=\"wp-image-4163 size-woocommerce_single aligncenter\" src=\"https:\/\/www.qualitester.com\/wp-content\/uploads\/2024\/04\/needle-puncture-resistance-test-600x600.jpg\" alt=\"Nadelstichfestigkeitstest\" width=\"600\" height=\"600\" srcset=\"https:\/\/www.qualitester.com\/wp-content\/uploads\/2024\/04\/needle-puncture-resistance-test-600x600.jpg 600w, https:\/\/www.qualitester.com\/wp-content\/uploads\/2024\/04\/needle-puncture-resistance-test-300x300.jpg 300w, https:\/\/www.qualitester.com\/wp-content\/uploads\/2024\/04\/needle-puncture-resistance-test-150x150.jpg 150w, https:\/\/www.qualitester.com\/wp-content\/uploads\/2024\/04\/needle-puncture-resistance-test-100x100.jpg 100w, https:\/\/www.qualitester.com\/wp-content\/uploads\/2024\/04\/needle-puncture-resistance-test.jpg 750w\" sizes=\"(max-width: 600px) 100vw, 600px\" \/><\/p>\n<h2>Hauptnorm<\/h2>\n<p><a href=\"https:\/\/www.uspnf.com\/sites\/default\/files\/usp_pdf\/EN\/USPNF\/revisions\/381_elastomeric_closure_for_injections_rb_notice.pdf\" target=\"_blank\" rel=\"noopener nofollow\">USP 381<\/a><\/p>\n<p><a href=\"https:\/\/www.iso.org\/standard\/68560.html\" target=\"_blank\" rel=\"noopener nofollow\">ISO 8871-5<\/a><\/p>\n<h2>Empfohlener Artikel<\/h2>\n<p><span style=\"text-decoration: underline;\"><span style=\"color: #99ccff; text-decoration: underline;\"><a style=\"color: #99ccff; text-decoration: underline;\" title=\"Nadelstichfestigkeitspr\u00fcfung\" href=\"https:\/\/www.qualitester.com\/de\/3-reasons-to-test-needle-puncture-resistance\/\" target=\"_blank\" rel=\"noopener\">3 Gr\u00fcnde, die Nadelstichfestigkeit zu testen<\/a><\/span><\/span><\/p>\n<p><span style=\"text-decoration: underline;\"><span style=\"color: #99ccff; text-decoration: underline;\"><a class=\"row-title\" style=\"color: #99ccff; text-decoration: underline;\" href=\"https:\/\/www.qualitester.com\/de\/what-is-penetrability-testing-iso-8871-5\/\" target=\"_blank\" rel=\"noopener\" aria-label=\"\u201eWas ist Penetrationstest?\u201c | ISO 8871-5\">Was ist ein Penetrationstest? |<\/a><\/span><\/span><\/p>\n<p><span style=\"text-decoration: underline;\"><span style=\"color: #99ccff; text-decoration: underline;\"><a class=\"row-title\" style=\"color: #99ccff; text-decoration: underline;\" href=\"https:\/\/www.qualitester.com\/de\/penetrability-tester-for-vial-stopper-iso-8871-5\/\" target=\"_blank\" rel=\"noopener\" aria-label=\"\u201ePenetrabilit\u00e4tstester f\u00fcr Fl\u00e4schchenstopfen | ISO 8871-5\u201c (Anleitung)\">Penetrabilit\u00e4tspr\u00fcfger\u00e4t f\u00fcr Fl\u00e4schchenstopfen |<\/a><\/span><\/span><\/p>\n<p><span style=\"text-decoration: underline;\"><span style=\"color: #99ccff; text-decoration: underline;\"><a class=\"row-title\" style=\"color: #99ccff; text-decoration: underline;\" href=\"https:\/\/www.qualitester.com\/de\/needle-penetrability-tester-for-vial-stopper\/\" aria-label=\"\u201eNadelpenetrationspr\u00fcfger\u00e4t f\u00fcr Fl\u00e4schchenstopfen | ISO 8871-5\u201c (Anleitung)\">Nadelpenetrationspr\u00fcfger\u00e4t f\u00fcr Fl\u00e4schchenstopfen | ISO 8871-5<\/a><\/span><\/span><\/p>\n<p><span style=\"text-decoration: underline;\"><span style=\"color: #99ccff; text-decoration: underline;\"><a class=\"row-title\" style=\"color: #99ccff; text-decoration: underline;\" href=\"https:\/\/www.qualitester.com\/de\/needle-penetration-test-equipment\/\" target=\"_blank\" rel=\"noopener\" aria-label=\"\u201eBestes Nadelpenetrationspr\u00fcfger\u00e4t nach ISO 8771-5\u201c (PDF)\">Bestes Nadelpenetrationstestger\u00e4t nach ISO 8771-5<\/a><\/span><\/span><\/p>\n<p><span style=\"text-decoration: underline;\"><span style=\"color: #99ccff; text-decoration: underline;\"><a class=\"row-title\" style=\"color: #99ccff; text-decoration: underline;\" href=\"https:\/\/www.qualitester.com\/de\/penetration-force-tester-to-meet-iso-8871-5\/\" target=\"_blank\" rel=\"noopener\" aria-label=\"\u201eSo verwenden Sie einen Penetrationskraftpr\u00fcfer, um ISO 8871-5 zu erf\u00fcllen\u201c (Anleitung)\">So verwenden Sie den Penetrationskraftpr\u00fcfer zur Einhaltung der ISO 8871-5<\/a><\/span><\/span><\/p>\n<p><span style=\"text-decoration: underline;\"><span style=\"color: #99ccff; text-decoration: underline;\"><a class=\"row-title\" style=\"color: #99ccff; text-decoration: underline;\" href=\"https:\/\/www.qualitester.com\/de\/needle-penetration-test-for-vial-stopper\/\" aria-label=\"\u201eNadelpenetrationstest zur Qualit\u00e4tssicherung von Fl\u00e4schchenstopfen nach ISO 8871-5\u201c (PDF)\">Nadelpenetrationstest zur Qualit\u00e4tssicherung von Fl\u00e4schchenstopfen ISO 8871-5<\/a><\/span><\/span><\/p>\n<p><span style=\"text-decoration: underline;\"><span style=\"color: #99ccff; text-decoration: underline;\"><a class=\"row-title\" style=\"color: #99ccff; text-decoration: underline;\" href=\"https:\/\/www.qualitester.com\/de\/rubber-stoppers-needle-penetration-test-method\/\" aria-label=\"\u201eMethode zum Nadelpenetrationstest f\u00fcr Gummistopfen\u201c (Anleitung)\">Nadelpenetrationstestverfahren f\u00fcr Gummistopfen<\/a><\/span><\/span><\/p>\n<div id=\"gtx-anchor\" style=\"position: absolute; visibility: hidden; left: 20px; top: 5443.94px; width: 80.4062px; height: 64.7031px;\"><\/div>\n<div class=\"jfk-bubble gtx-bubble\" style=\"visibility: visible; left: 45px; top: 5276px; opacity: 1;\" role=\"alertdialog\" aria-describedby=\"bubble-7\">\n<div id=\"bubble-7\" class=\"jfk-bubble-content-id\">\n<div id=\"gtx-host\" style=\"min-width: 200px; max-width: 400px;\"><\/div>\n<\/div>\n<div class=\"jfk-bubble-closebtn-id jfk-bubble-closebtn\" tabindex=\"0\" role=\"button\" aria-label=\"Schlie\u00dfen\"><\/div>\n<div class=\"jfk-bubble-arrow-id jfk-bubble-arrow jfk-bubble-arrowdown\" style=\"left: 60px;\">\n<div class=\"jfk-bubble-arrowimplbefore\"><\/div>\n<div class=\"jfk-bubble-arrowimplafter\"><\/div>\n<\/div>\n<\/div>","protected":false},"excerpt":{"rendered":"<p>Der Nadelstichtester dient zur Bewertung der Stichfestigkeit verschiedener Arten medizinischer Nadeln, einschlie\u00dflich Hypodermienadeln, Injektionsnadeln usw.<\/p>","protected":false},"featured_media":6226,"comment_status":"closed","ping_status":"closed","template":"","meta":{"site-sidebar-layout":"default","site-content-layout":"default","ast-global-header-display":"","ast-main-header-display":"","ast-hfb-above-header-display":"","ast-hfb-below-header-display":"","ast-hfb-mobile-header-display":"","site-post-title":"","ast-breadcrumbs-content":"","ast-featured-img":"","footer-sml-layout":"","theme-transparent-header-meta":"default","adv-header-id-meta":"","stick-header-meta":"","header-above-stick-meta":"","header-main-stick-meta":"","header-below-stick-meta":""},"product_cat":[958,845,1038,1158,672,149,100,95],"product_tag":[1036,1028,1031,1033],"class_list":{"0":"post-4162","1":"product","2":"type-product","3":"status-publish","4":"has-post-thumbnail","6":"product_cat-puncture-tester","7":"product_cat-customization","8":"product_cat-iso-8871-5","9":"product_cat-usp-381","10":"product_cat-applied-materials","11":"product_cat-pharma-and-medical-testers","12":"product_cat-iso","13":"product_cat-products","14":"product_tag-iso-8871-5","15":"product_tag-needle-puncture-testesr","16":"product_tag-penetrability-tester","17":"product_tag-usp-381","18":"desktop-align-left","19":"tablet-align-left","20":"mobile-align-left","22":"first","23":"instock","24":"featured","25":"shipping-taxable","26":"product-type-simple"},"_links":{"self":[{"href":"https:\/\/www.qualitester.com\/de\/wp-json\/wp\/v2\/product\/4162","targetHints":{"allow":["GET"]}}],"collection":[{"href":"https:\/\/www.qualitester.com\/de\/wp-json\/wp\/v2\/product"}],"about":[{"href":"https:\/\/www.qualitester.com\/de\/wp-json\/wp\/v2\/types\/product"}],"replies":[{"embeddable":true,"href":"https:\/\/www.qualitester.com\/de\/wp-json\/wp\/v2\/comments?post=4162"}],"version-history":[{"count":0,"href":"https:\/\/www.qualitester.com\/de\/wp-json\/wp\/v2\/product\/4162\/revisions"}],"wp:featuredmedia":[{"embeddable":true,"href":"https:\/\/www.qualitester.com\/de\/wp-json\/wp\/v2\/media\/6226"}],"wp:attachment":[{"href":"https:\/\/www.qualitester.com\/de\/wp-json\/wp\/v2\/media?parent=4162"}],"wp:term":[{"taxonomy":"product_cat","embeddable":true,"href":"https:\/\/www.qualitester.com\/de\/wp-json\/wp\/v2\/product_cat?post=4162"},{"taxonomy":"product_tag","embeddable":true,"href":"https:\/\/www.qualitester.com\/de\/wp-json\/wp\/v2\/product_tag?post=4162"}],"curies":[{"name":"wp","href":"https:\/\/api.w.org\/{rel}","templated":true}]}}