{"id":3282,"date":"2023-08-14T08:33:30","date_gmt":"2023-08-14T00:33:30","guid":{"rendered":"https:\/\/www.qualitester.com\/?post_type=product&#038;p=3282"},"modified":"2024-11-27T16:59:18","modified_gmt":"2024-11-27T08:59:18","slug":"heat-seal-data-testing-3-5-point","status":"publish","type":"product","link":"https:\/\/www.qualitester.com\/de\/produkt-2\/heat-seal-data-testing-3-5-point\/","title":{"rendered":"GHS-02 Gradienten-Hei\u00dfsiegeltester"},"content":{"rendered":"<h2><strong>Einf\u00fchrung in Hei\u00dfsiegelpr\u00fcfmaschinen<\/strong><\/h2>\n<p>A <strong>Hei\u00dfsiegelpr\u00fcfmaschine<\/strong> ist ein wichtiges Ger\u00e4t, das in der Verpackungsindustrie verwendet wird, um die Hei\u00dfsiegeleigenschaften verschiedener Materialien zu bewerten. Diese Materialien k\u00f6nnen Folien, Laminate und andere flexible Barrierekomponenten umfassen. Die St\u00e4rke und Integrit\u00e4t des Hei\u00dfsiegels sind entscheidend, um sicherzustellen, dass die Verpackung einen zuverl\u00e4ssigen Schutz f\u00fcr Produkte wie Lebensmittel, Arzneimittel, Elektronik und mehr bietet. Ungenaue oder schwache Siegel k\u00f6nnen die Qualit\u00e4t, Sicherheit und Haltbarkeit des Produkts beeintr\u00e4chtigen, weshalb der Hei\u00dfsiegeltester eine entscheidende Rolle bei der Qualit\u00e4tssicherung spielt.<\/p>\n<p>Die Maschine simuliert die Bedingungen, unter denen w\u00e4hrend des Verpackungsprozesses Hei\u00dfsiegelungen gebildet werden. Durch die Anwendung einer kontrollierten Kombination aus Hitze, Druck und Zeit k\u00f6nnen Hersteller die optimalen Bedingungen f\u00fcr starke, haltbare Siegelungen ermitteln. Dieser Prozess hilft bei der Feinabstimmung der Siegelparameter und stellt sicher, dass die Verpackung konsistent und zuverl\u00e4ssig ist.<\/p>\n<h2><strong>ASTM F2029-16 verstehen (2021): Standardverfahren zur Herstellung von Hei\u00dfsiegeln im Labor<\/strong><\/h2>\n<p><strong><a href=\"https:\/\/www.astm.org\/f2029-16r21.html\" target=\"_blank\" rel=\"noopener nofollow\">ASTM F2029<\/a>-16 (2021)<\/strong>mit dem Titel <em>Standardverfahren zur Herstellung von Hei\u00dfsiegelungen im Labor zur Bestimmung der Hei\u00dfsiegelf\u00e4higkeit von flexiblen Barrierematerialien, gemessen anhand der Siegelfestigkeit<\/em>ist ein grundlegender Standard f\u00fcr Hei\u00dfsiegeltests. Dieser Standard definiert die Laborverfahren zum Erstellen von Hei\u00dfsiegeln und zur Bewertung ihrer Festigkeit. Er stellt sicher, dass der Hei\u00dfsiegeltest unter pr\u00e4zisen, kontrollierten Bedingungen durchgef\u00fchrt wird, um genaue, wiederholbare Ergebnisse zu erzielen.<\/p>\n<p>Der <strong>Testmethoden<\/strong> skizziert in <a href=\"https:\/\/www.qualitester.com\/de\/produkt-kategorie\/astm\/astm-f2029\/\" target=\"_blank\" rel=\"noopener\">ASTM F2029<\/a> Der Schwerpunkt liegt auf der Bestimmung der Hei\u00dfsiegelf\u00e4higkeit von Materialien durch Anwendung spezifischer Temperaturen, Dr\u00fccke und Verweilzeiten. Die Norm hilft Herstellern, die Siegeleigenschaften flexibler Barrierematerialien zu verstehen, einschlie\u00dflich ihrer Leistung unter verschiedenen Siegelbedingungen. Dies ist wichtig, um die Integrit\u00e4t des Materials und seine F\u00e4higkeit sicherzustellen, den Inhalt vor \u00e4u\u00dferen Einfl\u00fcssen wie Feuchtigkeit, Luft und Verunreinigungen zu sch\u00fctzen.<\/p>\n<h2><strong>Gradient Heat Sealer: Fortschrittliche Technologie f\u00fcr Pr\u00e4zisionstests<\/strong><\/h2>\n<p>A <strong>Gradienten-Hei\u00dfsiegelger\u00e4t<\/strong> ist eine moderne Hei\u00dfsiegelpr\u00fcfmaschine, die die M\u00f6glichkeit bietet, einen kontrollierten Temperaturgradienten \u00fcber den Siegelbereich zu erzeugen. Diese Funktion unterscheidet sie von herk\u00f6mmlichen Hei\u00dfsiegelger\u00e4ten, die normalerweise bei einer einzigen Temperatur arbeiten. Der Begriff \u201eGradient\u201c bezieht sich auf die F\u00e4higkeit der Maschine, reale Siegelbedingungen zu simulieren, bei denen Temperaturschwankungen \u00fcber die Siegelfl\u00e4che hinweg auftreten k\u00f6nnen.<\/p>\n<p>Der <strong>Gradienten-Hei\u00dfsiegelger\u00e4t<\/strong> erm\u00f6glicht es Herstellern, mehrere Tests bei unterschiedlichen Temperaturen gleichzeitig durchzuf\u00fchren, was die Wartezeiten zwischen den Tests erheblich verk\u00fcrzt. Dies <strong>Mehrplatzf\u00e4higkeit<\/strong> macht die Maschine hocheffizient, insbesondere beim Testen von Materialien mit unterschiedlichen Hei\u00dfsiegelanforderungen. Durch gleichzeitiges Testen bei unterschiedlichen Temperaturen k\u00f6nnen Hersteller schnell die besten Siegelbedingungen f\u00fcr verschiedene Materialien ermitteln und so die Gesamtproduktivit\u00e4t verbessern.<\/p>\n<h4><strong>Hauptvorteile<\/strong>:<\/h4>\n<ul>\n<li><strong>Erh\u00f6hte Effizienz<\/strong>: Gleichzeitige Tests bei unterschiedlichen Temperaturen reduzieren die Gesamttestzeit.<\/li>\n<li><strong>Verbesserte Pr\u00e4zision<\/strong>: Die Gradientenfunktion gew\u00e4hrleistet eine genauere Darstellung realer Versiegelungsbedingungen und bietet einen besseren Einblick in das Materialverhalten unter verschiedenen Versiegelungsbedingungen.<\/li>\n<li><strong>Anpassbare Einstellungen<\/strong>: Die Maschine kann an verschiedene Materialarten, Temperaturen und Dr\u00fccke angepasst werden, sodass sie f\u00fcr verschiedene Branchen und Testzwecke vielseitig einsetzbar ist.<\/li>\n<\/ul>\n<h2><strong>Technische Merkmale der Hei\u00dfsiegelpr\u00fcfmaschine (GHS-02 Gradient Heat Seal Tester)<\/strong><\/h2>\n<p>Der <strong>GHS-02 Gradienten-Hei\u00dfsiegeltester<\/strong> ist mit mehreren hochmodernen Funktionen ausgestattet, die genaue, zuverl\u00e4ssige und effiziente Tests gew\u00e4hrleisten:<\/p>\n<ul>\n<li><strong>SPS-Steuerung und HMI-Touchscreen<\/strong>: Die fortschrittliche <strong>SPS-Steuereinheit<\/strong> Und <strong>HMI-Touchscreen<\/strong> Die Schnittstelle erm\u00f6glicht eine einfache Anpassung der Einstellungen und eine Echtzeit\u00fcberwachung und gew\u00e4hrleistet eine pr\u00e4zise Kontrolle von Temperatur, Druck und Versiegelungszeit.<\/li>\n<li><strong>Doppelte Heizbacken<\/strong>: Sowohl die oberen als auch die unteren Siegelbacken werden unabh\u00e4ngig voneinander beheizt, wodurch W\u00e4rmeverluste vermieden und eine konstante Temperatur w\u00e4hrend des gesamten Siegelvorgangs gew\u00e4hrleistet wird.<\/li>\n<li><strong>PID-Temperaturregler<\/strong>: Der <strong>PID-Temperaturregler<\/strong> bietet eine optimale W\u00e4rmesteuerung und stellt sicher, dass die Temperatur w\u00e4hrend des Tests stabil und genau bleibt.<\/li>\n<li><strong>N\u00e4herungs- und Drucksensoren<\/strong>: Diese Sensoren gew\u00e4hrleisten eine genaue Kontrolle des Siegeldrucks und der Verweilzeit und tragen so zum Erreichen gleichm\u00e4\u00dfiger Siegelungen bei.<\/li>\n<li><strong>Gef\u00fchrte Schwei\u00dfschiene<\/strong>: A <strong>dreiseitig gef\u00fchrte Schwei\u00dfschiene<\/strong> sorgt f\u00fcr einen konstanten Siegeldruck, der f\u00fcr gleichm\u00e4\u00dfige und starke Siegelungen entscheidend ist.<\/li>\n<li><strong>Benutzersicherheitsfunktionen<\/strong>: Das GHS-02 ist auf den Schutz des Anwenders ausgelegt und verf\u00fcgt \u00fcber eine <strong>Verbr\u00fchschutz-Frontabdeckung<\/strong>, A <strong>manueller Fu\u00dfschalter<\/strong>und andere Sicherheitsfunktionen, um die Sicherheit der Bediener w\u00e4hrend der Pr\u00fcfung zu gew\u00e4hrleisten.<\/li>\n<li><strong>Anpassungsoptionen<\/strong>: Die Maschine bietet anpassbare <strong>Abmessungen der Siegelbacken<\/strong>, <strong>Dichtfl\u00e4chenmuster<\/strong>und mehr, um verschiedenen Testanforderungen gerecht zu werden.<\/li>\n<li><strong>Anpassung der Gradiententemperatur<\/strong>: Die Maschine kann so konfiguriert werden, dass sie unterschiedliche <strong>Gradiententemperaturen<\/strong>, was eine gr\u00f6\u00dfere Testflexibilit\u00e4t erm\u00f6glicht.<\/li>\n<li><strong>RS232-Anschluss f\u00fcr Datenkonnektivit\u00e4t<\/strong>: Der <strong>RS232-Anschluss<\/strong> und optionale professionelle Software erm\u00f6glichen eine nahtlose Daten\u00fcbertragung und erleichtern so die Analyse und Speicherung der Testergebnisse.<\/li>\n<\/ul>\n<h2><strong>Testprozess und Workflow<\/strong><\/h2>\n<p>Der Testvorgang mit dem <strong>Hei\u00dfsiegelpr\u00fcfmaschine<\/strong> ist unkompliziert und dennoch pr\u00e4zise:<\/p>\n<ol>\n<li><strong>Platzieren Sie die Probe<\/strong>: Eine Probe des zu pr\u00fcfenden Materials wird zwischen zwei parallele, beheizte Siegelbacken mit ebenen Oberfl\u00e4chen gelegt.<\/li>\n<li><strong>Einstellungen anpassen<\/strong>: Der Benutzer stellt die gew\u00fcnschte Temperatur, den Druck und die Siegelzeit basierend auf dem Material und den beabsichtigten Siegelbedingungen ein.<\/li>\n<li><strong>Versiegeln Sie die Probe<\/strong>: Sobald die erforderliche Temperatur erreicht ist, wird die obere Siegelbacke, angetrieben von einer Gasflasche, abgesenkt, um f\u00fcr die angegebene Zeit einen bestimmten Druck auf die Probe auszu\u00fcben.<\/li>\n<li><strong>R\u00fcckgabe und Auswertung<\/strong>: Nach Ablauf der voreingestellten Versiegelungszeit kehrt die obere Backe in ihre Ausgangsposition zur\u00fcck und die Probe wird zur Auswertung entnommen.<\/li>\n<\/ol>\n<h2><strong>Hauptparameter der Hei\u00dfsiegelpr\u00fcfmaschine<\/strong><\/h2>\n<p>Der <strong>GHS-02 Gradienten-Hei\u00dfsiegeltester<\/strong> wird mit einer Reihe pr\u00e4ziser Parameter geliefert, um genaue Ergebnisse zu gew\u00e4hrleisten:<\/p>\n<table>\n<tbody>\n<tr>\n<td style=\"text-align: center;\" width=\"123\">Siegeltemperatur<\/td>\n<td style=\"text-align: center;\" width=\"196\">Umgebungstemperatur ~250\u2103<\/td>\n<\/tr>\n<tr>\n<td style=\"text-align: center;\" width=\"123\">Temperaturgradient<\/td>\n<td style=\"text-align: center;\" width=\"196\">\u226420\u2103<\/td>\n<\/tr>\n<tr>\n<td style=\"text-align: center;\" width=\"123\">Abweichung<\/td>\n<td style=\"text-align: center;\" width=\"196\">\u00b10,2\u2103<\/td>\n<\/tr>\n<tr>\n<td style=\"text-align: center;\" width=\"123\">Versiegelungszeit<\/td>\n<td style=\"text-align: center;\" width=\"196\">0,1 Sek. bis 9999 Sek.<\/td>\n<\/tr>\n<tr>\n<td style=\"text-align: center;\" width=\"123\">Siegeldruck<\/td>\n<td style=\"text-align: center;\" width=\"196\">0,15 bis 0,7 MPa<\/td>\n<\/tr>\n<tr>\n<td style=\"text-align: center;\" width=\"123\">Siegelbacken (mm)<\/td>\n<td style=\"text-align: center;\" width=\"196\">U:40*10 5 STK\/L:330 1 STK<\/td>\n<\/tr>\n<tr>\n<td style=\"text-align: center;\" width=\"123\">Gaszufuhr<\/td>\n<td style=\"text-align: center;\" width=\"196\">0,7 MPa mit \u04246 mm Rohr<\/td>\n<\/tr>\n<tr>\n<td style=\"text-align: center;\" width=\"123\">Leistung<\/td>\n<td style=\"text-align: center;\" width=\"196\">Wechselstrom 220 V, 50 Hz<\/td>\n<\/tr>\n<\/tbody>\n<\/table>\n<h2><strong>Einhaltung von Standards und Zertifizierungen<\/strong><\/h2>\n<p>Der <strong>Hei\u00dfsiegelpr\u00fcfmaschine<\/strong> ist vollst\u00e4ndig kompatibel mit <strong>ASTM F2029-16 (2021)<\/strong>, wodurch sichergestellt wird, dass die Maschine die erforderlichen Industriestandards f\u00fcr Hei\u00dfsiegeltests erf\u00fcllt. Diese Zertifizierung garantiert, dass die Maschine zuverl\u00e4ssige, genaue Ergebnisse liefert, die den am weitesten verbreiteten Hei\u00dfsiegelstandards entsprechen. Hersteller k\u00f6nnen darauf vertrauen, dass der Gradient Heat Seal Tester GHS-02 genaue Messungen liefert, die dazu beitragen, die Qualit\u00e4t und Zuverl\u00e4ssigkeit ihrer Verpackungen sicherzustellen.<\/p>\n<h2><strong>Warum Sie sich f\u00fcr den Gradienten-Hei\u00dfsiegeltester GHS-02 entscheiden sollten<\/strong><\/h2>\n<ul>\n<li><strong>Effizienz<\/strong>: Testen Sie mehrere Proben gleichzeitig bei unterschiedlichen Temperaturen. Dadurch wird die Gesamttestzeit verk\u00fcrzt und die Produktivit\u00e4t erh\u00f6ht.<\/li>\n<li><strong>Pr\u00e4zision<\/strong>: Erzielen Sie hochpr\u00e4zise Testergebnisse mit anpassbaren Parametern und erweiterter Temperaturregelung.<\/li>\n<li><strong>Zuverl\u00e4ssigkeit<\/strong>: Einhaltung von <strong>ASTM F2029<\/strong> stellt sicher, dass Ihre Tests den Industriestandards hinsichtlich St\u00e4rke und Integrit\u00e4t der Hei\u00dfversiegelung entsprechen.<\/li>\n<li><strong>Anpassung<\/strong>: Passen Sie die Einstellungen und Funktionen der Maschine an Ihre individuellen Testanforderungen an, von den Abmessungen der Siegelbacken bis zum Siegeldruck.<\/li>\n<\/ul>\n<p>Der <strong>Hei\u00dfsiegelpr\u00fcfmaschine<\/strong> ist ein unverzichtbares Werkzeug f\u00fcr Hersteller in der Verpackungsindustrie, das sicherstellt, dass ihre Produkte mit optimaler Festigkeit und Integrit\u00e4t versiegelt sind. Egal, ob Sie Lebensmittel, Arzneimittel oder Elektronik verpacken, der Gradient Heat Seal Tester GHS-02 bietet die Pr\u00e4zision und Effizienz, die Sie ben\u00f6tigen, um Versiegelungen h\u00f6chster Qualit\u00e4t zu gew\u00e4hrleisten. Mit seiner fortschrittlichen Technologie ist die Einhaltung von <strong>ASTM F2029<\/strong>und anpassbaren Einstellungen ist diese Maschine die ideale Wahl f\u00fcr Unternehmen, die ihre Qualit\u00e4tskontrollprozesse bei Verpackungen verbessern m\u00f6chten.<\/p>","protected":false},"excerpt":{"rendered":"<p>A <strong>Hei\u00dfsiegelpr\u00fcfmaschine<\/strong> ist ein wichtiges Ger\u00e4t, das in der Verpackungsindustrie verwendet wird, um die Hei\u00dfsiegeleigenschaften verschiedener Materialien zu bewerten. Diese Materialien k\u00f6nnen Folien, Laminate und andere flexible Barrierekomponenten umfassen. Die St\u00e4rke und Integrit\u00e4t des Hei\u00dfsiegels sind entscheidend, um sicherzustellen, dass die Verpackung einen zuverl\u00e4ssigen Schutz f\u00fcr Produkte wie Lebensmittel, Arzneimittel, Elektronik und mehr bietet.<\/p>","protected":false},"featured_media":5917,"comment_status":"closed","ping_status":"closed","template":"","meta":{"site-sidebar-layout":"default","site-content-layout":"default","ast-global-header-display":"","ast-main-header-display":"","ast-hfb-above-header-display":"","ast-hfb-below-header-display":"","ast-hfb-mobile-header-display":"","site-post-title":"","ast-breadcrumbs-content":"","ast-featured-img":"","footer-sml-layout":"","theme-transparent-header-meta":"default","adv-header-id-meta":"","stick-header-meta":"","header-above-stick-meta":"","header-main-stick-meta":"","header-below-stick-meta":""},"product_cat":[845,677,149,16,142,95],"product_tag":[64,922,504,506,505,909],"class_list":{"0":"post-3282","1":"product","2":"type-product","3":"status-publish","4":"has-post-thumbnail","6":"product_cat-customization","7":"product_cat-heat-seal-tester","8":"product_cat-pharma-and-medical-testers","9":"product_cat-plastic-packaging-testers","10":"product_cat-astm-f2029","11":"product_cat-products","12":"product_tag-astm-f2029","13":"product_tag-gradient-heat-seal-tester","14":"product_tag-heat-sealing-pressure","15":"product_tag-heat-sealing-temperature","16":"product_tag-heat-sealing-time","17":"product_tag-packaging-heat-seal-data","18":"desktop-align-left","19":"tablet-align-left","20":"mobile-align-left","22":"first","23":"instock","24":"shipping-taxable","25":"product-type-simple"},"_links":{"self":[{"href":"https:\/\/www.qualitester.com\/de\/wp-json\/wp\/v2\/product\/3282","targetHints":{"allow":["GET"]}}],"collection":[{"href":"https:\/\/www.qualitester.com\/de\/wp-json\/wp\/v2\/product"}],"about":[{"href":"https:\/\/www.qualitester.com\/de\/wp-json\/wp\/v2\/types\/product"}],"replies":[{"embeddable":true,"href":"https:\/\/www.qualitester.com\/de\/wp-json\/wp\/v2\/comments?post=3282"}],"version-history":[{"count":0,"href":"https:\/\/www.qualitester.com\/de\/wp-json\/wp\/v2\/product\/3282\/revisions"}],"wp:featuredmedia":[{"embeddable":true,"href":"https:\/\/www.qualitester.com\/de\/wp-json\/wp\/v2\/media\/5917"}],"wp:attachment":[{"href":"https:\/\/www.qualitester.com\/de\/wp-json\/wp\/v2\/media?parent=3282"}],"wp:term":[{"taxonomy":"product_cat","embeddable":true,"href":"https:\/\/www.qualitester.com\/de\/wp-json\/wp\/v2\/product_cat?post=3282"},{"taxonomy":"product_tag","embeddable":true,"href":"https:\/\/www.qualitester.com\/de\/wp-json\/wp\/v2\/product_tag?post=3282"}],"curies":[{"name":"wp","href":"https:\/\/api.w.org\/{rel}","templated":true}]}}