{"id":3281,"date":"2023-08-14T08:28:02","date_gmt":"2023-08-14T00:28:02","guid":{"rendered":"https:\/\/www.qualitester.com\/?post_type=product&#038;p=3281"},"modified":"2024-12-05T09:19:19","modified_gmt":"2024-12-05T01:19:19","slug":"heat-seal-material-film-hot-tack-property-test","status":"publish","type":"product","link":"https:\/\/www.qualitester.com\/de\/produkt-2\/heat-seal-material-film-hot-tack-property-test\/","title":{"rendered":"HTT-01 Hot Tack Tester"},"content":{"rendered":"<h2><strong>Einf\u00fchrung in den Hot Tack Test<\/strong><\/h2>\n<p>Der <strong>Hei\u00dfklebetest<\/strong> ist eine kritische Bewertungsmethode, die die Festigkeit von Hei\u00dfsiegelungen unmittelbar nach dem Versiegeln und vor dem Abk\u00fchlen der Versiegelung misst. Dieser Test ist in Branchen unerl\u00e4sslich, in denen eine schnelle und zuverl\u00e4ssige Versiegelung erforderlich ist, insbesondere in <strong>vertikales Formen, F\u00fcllen und Versiegeln (VFFS)<\/strong> Prozesse. Ein starker Hot Tack sorgt daf\u00fcr, dass die Versiegelung intakt bleibt, wenn die Verpackung mit Produkten gef\u00fcllt wird. So wird ein Versch\u00fctten verhindert und die Produktintegrit\u00e4t gewahrt.<\/p>\n<p>Hot-Tack-Tests werden h\u00e4ufig in Branchen wie der Lebensmittelverpackung, der Pharmazie, der Klebstoffindustrie und der Elektronik eingesetzt, in denen die Verpackungsleistung direkte Auswirkungen auf die Produktsicherheit und -qualit\u00e4t hat.<\/p>\n<h2><strong>\u00dcbersicht \u00fcber Hei\u00dfsiegelpr\u00fcfungen<\/strong><\/h2>\n<p><strong>Hei\u00dfsiegelpr\u00fcfung<\/strong> beurteilt die allgemeine Festigkeit, Haltbarkeit und Flexibilit\u00e4t thermoplastischer Materialien nach dem Versiegeln. Es stellt sicher, dass die Versiegelungen den Handhabungs-, Lagerungs- und Transportbedingungen standhalten. Zu den wichtigsten Faktoren, die die Leistung der Hei\u00dfversiegelung beeinflussen, geh\u00f6ren:<\/p>\n<ul>\n<li><strong>Siegeltemperatur<\/strong><\/li>\n<li><strong>Druck<\/strong><\/li>\n<li><strong>Verweilzeit<\/strong><\/li>\n<li><strong>Abk\u00fchlzeit<\/strong><\/li>\n<\/ul>\n<p>Die genaue Kontrolle dieser Parameter ist f\u00fcr die Erzielung gleichbleibender und zuverl\u00e4ssiger Versiegelungen von entscheidender Bedeutung, weshalb die Pr\u00fcfung der Hei\u00dfsiegelung ein Eckpfeiler der Qualit\u00e4tssicherung bei flexiblen Verpackungen ist.<\/p>\n<h2><strong><a href=\"https:\/\/www.astm.org\/f1921_f1921m-12r18.html\" rel=\"nofollow noopener\" target=\"_blank\">ASTM F1921<\/a> Und <a href=\"https:\/\/www.astm.org\/f2029-16r21.html\" rel=\"nofollow noopener\" target=\"_blank\">ASTM F2029<\/a> Normen<\/strong><\/h2>\n<ul>\n<li><a href=\"https:\/\/www.qualitester.com\/de\/produkt-kategorie\/astm\/astm-f1921\/\"><strong>ASTM F1921<\/strong><\/a>:<br \/>\nDiese Norm beschreibt Pr\u00fcfverfahren zur Bestimmung <strong>Hei\u00dfsiegelfestigkeit<\/strong> (Hot Tack) von thermoplastischen Materialien. Es enth\u00e4lt Richtlinien zu Siegelbedingungen, Testverfahren und zur Messung der zum Trennen von Siegeln erforderlichen Kraft.<\/li>\n<li><a href=\"https:\/\/www.qualitester.com\/de\/produkt-kategorie\/astm\/astm-f2029\/\"><strong>ASTM F2029<\/strong><\/a>:<br \/>\nDiese Norm beschreibt <strong>Verfahren zur Herstellung von Hei\u00dfsiegeln<\/strong> und ihre Festigkeit zu bewerten. Es stellt sicher, dass hei\u00dfsiegelbare Materialien die Leistungskriterien erf\u00fcllen, indem Parameter f\u00fcr das Versiegeln und Testen festgelegt werden.<\/li>\n<\/ul>\n<p>Beide Standards sind von entscheidender Bedeutung, um die Qualit\u00e4tskontrolle aufrechtzuerhalten und die Einhaltung der Branchenvorschriften sicherzustellen.<\/p>\n<h2><strong>HTT-01 Hot Tack- und Zugpr\u00fcfger\u00e4t<\/strong><\/h2>\n<p>Der <strong>HTT-01 Hot Tack- und Zugpr\u00fcfger\u00e4t<\/strong> ist ein vielseitiges Instrument zur Bewertung von <strong>Hei\u00dfkleber<\/strong> und insgesamt <strong>Siegelfestigkeit<\/strong> von thermoplastischen Materialien. Es liefert zuverl\u00e4ssige Daten zur Qualit\u00e4tssicherung bei Verpackungsanwendungen und unterst\u00fctzt Hersteller bei der Optimierung ihrer Versiegelungsprozesse.<\/p>\n<p><strong>Hauptanwendungen:<\/strong><\/p>\n<ul>\n<li>Hot-Tack-Test f\u00fcr VFFS-Verpackungen.<\/li>\n<li>Bewertung der Hei\u00dfsiegelfestigkeit f\u00fcr flexible Bahnen.<\/li>\n<li>Zug- und Abzugskraftpr\u00fcfung von thermoplastischen Materialien.<\/li>\n<\/ul>\n<h2><strong>Pr\u00fcfprinzip und -ablauf<\/strong><\/h2>\n<p>Beim Hot-Tack-Test wird ein Probenstreifen unter kontrollierten Bedingungen zwischen zwei beheizten Backen versiegelt:<\/p>\n<ol>\n<li><strong>Siegelparameter<\/strong>: Temperatur, Haltezeit, Druck und Abk\u00fchlzeit werden entsprechend den Materialspezifikationen eingestellt.<\/li>\n<li><strong>Trenntest<\/strong>: Nach dem Versiegeln wird die Probe mit einer bestimmten Geschwindigkeit getrennt und die zum Aufbrechen der Versiegelung erforderliche Kraft gemessen.<\/li>\n<\/ol>\n<p>Die resultierende Kraft gibt den <strong>Hei\u00dfklebefestigkeit<\/strong>, was f\u00fcr die Gew\u00e4hrleistung der Verpackungsleistung in realen Anwendungen von entscheidender Bedeutung ist.<\/p>\n<h2><strong>Wichtige technische Merkmale des HTT-01<\/strong><\/h2>\n<ul>\n<li><strong>Erweiterte Steuerung und Schnittstelle<\/strong>:<br \/>\nDas HTT-01 verf\u00fcgt \u00fcber eine <strong>SPS-gesteuertes System<\/strong> mit einem <strong>HMI-Touchscreen<\/strong> Schnittstelle, die Stabilit\u00e4t auf Industrieniveau und benutzerfreundliche Bedienung gew\u00e4hrleistet.<\/li>\n<li><strong>Vielseitige Testfunktionen<\/strong>:<br \/>\nEs unterst\u00fctzt <strong>Hot Tack-, Zug- und Sch\u00e4lpr\u00fcfungen<\/strong>, was es zu einer multifunktionalen L\u00f6sung f\u00fcr verschiedene Anwendungen macht.<\/li>\n<li><strong>Temperaturpr\u00e4zision<\/strong>:<br \/>\nDer Tester verwendet ein <strong>Delta PID-Temperaturregler<\/strong> Und <strong>PT100-Sensor<\/strong> f\u00fcr eine genaue Temperaturregelung und damit wiederholbare Ergebnisse.<\/li>\n<li><strong>Einstellbare Parameter<\/strong>:<br \/>\nBenutzer k\u00f6nnen Siegeltemperatur, Druck und Verweilzeit individuell anpassen, mit Testgeschwindigkeiten von <strong>1 bis 2000 mm\/min<\/strong>.<\/li>\n<li><strong>Sicherheit und Datenmanagement<\/strong>:<br \/>\nDas HTT-01 verf\u00fcgt \u00fcber Sicherheitsfunktionen wie <strong>automatische Nullstellung<\/strong>, <strong>\u00dcberlastschutz<\/strong>, Und <strong>\u00dcberhubschutz<\/strong>Die Datenverwaltung erfolgt \u00fcber ein <strong>RS 232-Anschluss<\/strong> und optionaler professioneller Software.<\/li>\n<\/ul>\n<h2><strong>Wichtigste technische Daten<\/strong><\/h2>\n<table>\n<tbody>\n<tr>\n<td width=\"123\">Siegeltemperatur<\/td>\n<td width=\"251\">Umgebungstemperatur ~250\u2103<\/td>\n<\/tr>\n<tr>\n<td width=\"123\">Temperaturgenauigkeit<\/td>\n<td width=\"251\">\u00b10,2\u2103<\/td>\n<\/tr>\n<tr>\n<td width=\"123\">Verweilzeit<\/td>\n<td width=\"251\">0,1\u20139999 s (Hei\u00dfsiegel)<\/td>\n<\/tr>\n<tr>\n<td width=\"123\">Verweilzeit<\/td>\n<td width=\"251\">0,1 bis 9999 s (Hei\u00dfklebemasse)<\/td>\n<\/tr>\n<tr>\n<td width=\"123\">Siegeldruck<\/td>\n<td width=\"251\">0,15 MPa bis 0,7 MPa<\/td>\n<\/tr>\n<tr>\n<td width=\"123\">Siegelbacken<\/td>\n<td width=\"251\">50 mm x 10 mm, Teflon-beschichtet<\/td>\n<\/tr>\n<tr>\n<td width=\"123\">Backenheizung<\/td>\n<td width=\"251\">Doppelte Heizung<\/td>\n<\/tr>\n<tr>\n<td width=\"123\">W\u00e4gezelle<\/td>\n<td width=\"251\">200 N (optional: 30 N, 50 N, 100 N usw.)<\/td>\n<\/tr>\n<tr>\n<td width=\"123\">Genauigkeit<\/td>\n<td width=\"251\">0,5 FS<\/td>\n<\/tr>\n<tr>\n<td width=\"123\">Aufl\u00f6sung<\/td>\n<td width=\"251\">0,01N<\/td>\n<\/tr>\n<tr>\n<td width=\"123\">Leistung<\/td>\n<td width=\"251\">220 V, 50 Hz<\/td>\n<\/tr>\n<\/tbody>\n<\/table>\n<h2><strong>Bedeutung von Hot Tack- und Heat Seal-Tests<\/strong><\/h2>\n<ul>\n<li><strong>Gew\u00e4hrleistung von Qualit\u00e4t und Sicherheit<\/strong>:<br \/>\nHei\u00dfklebe- und Hei\u00dfsiegeltests spielen eine wichtige Rolle bei der Aufrechterhaltung der Qualit\u00e4t und Sicherheit verpackter Waren. Durch die Bewertung der Siegelfestigkeit in verschiedenen Phasen k\u00f6nnen Hersteller Produktverluste und -fehler verhindern.<\/li>\n<li><strong>Branchenkonformit\u00e4t<\/strong>:<br \/>\nEinhaltung von <strong>ASTM F1921<\/strong> Und <strong>ASTM F2029<\/strong> stellt sicher, dass die Produkte den Industriestandards und Kundenerwartungen entsprechen.<\/li>\n<li><strong>Prozesse optimieren<\/strong>:<br \/>\nDie aus Hot-Tack- und Hei\u00dfsiegeltests gesammelten Daten tragen dazu bei, Verpackungsprozesse zu optimieren, die Effizienz zu verbessern und Abfall zu reduzieren.<\/li>\n<\/ul>\n<p>Der <strong>HTT-01 Hot Tack- und Zugpr\u00fcfger\u00e4t<\/strong> ist ein wesentliches Werkzeug zur Gew\u00e4hrleistung der Integrit\u00e4t und Zuverl\u00e4ssigkeit von Hei\u00dfsiegeln in flexiblen Verpackungen. Durch die Einhaltung <strong>ASTM F1921<\/strong> Und <strong>ASTM F2029<\/strong> Dieser Tester unterst\u00fctzt Hersteller dabei, eine gleichbleibende Qualit\u00e4t zu erreichen und die Anforderungen der Branche zu erf\u00fcllen. Seine erweiterten Funktionen, pr\u00e4zisen Bedienelemente und Vielseitigkeit machen ihn zu einem wertvollen Hilfsmittel bei der Qualit\u00e4tssicherung von Verpackungen.<\/p>\n<h2><strong>FAQs<\/strong><\/h2>\n<ol>\n<li><strong>Was ist ein Hot-Tack-Test und warum ist er wichtig?<\/strong><br \/>\nDer Hot-Tack-Test misst die Festigkeit einer Hei\u00dfversiegelung unmittelbar nach dem Versiegeln, was f\u00fcr die Aufrechterhaltung der Verpackungsintegrit\u00e4t bei Hochgeschwindigkeitsprozessen von entscheidender Bedeutung ist.<\/li>\n<li><strong>Worin unterscheidet sich der Hei\u00dfsiegeltest vom Hot-Tack-Test?<\/strong><br \/>\nBeim Hei\u00dfsiegeltest wird die Gesamtfestigkeit der Versiegelung nach dem Abk\u00fchlen beurteilt, w\u00e4hrend beim Hot-Tack-Test die Festigkeit der Versiegelung vor dem Abk\u00fchlen ermittelt wird.<\/li>\n<li><strong>Welche Branchen nutzen Hot-Tack- und Hei\u00dfsiegeltests?<\/strong><br \/>\nBranchen wie die Lebensmittelverpackungs-, Pharma-, Klebstoff- und Elektronikindustrie verlassen sich auf diese Tests, um die Produktsicherheit und -qualit\u00e4t zu gew\u00e4hrleisten.<\/li>\n<li><strong>Was sind ASTM F1921 und ASTM F2029?<\/strong><br \/>\nASTM F1921 enth\u00e4lt Methoden zur Bewertung der Hei\u00dfklebefestigkeit, w\u00e4hrend ASTM F2029 Vorgehensweisen zur Herstellung und Bewertung von Hei\u00dfsiegelungen beschreibt.<\/li>\n<li><strong>Was sind die Hauptmerkmale des HTT-01 Hot Tack Testers?<\/strong><br \/>\nDer HTT-01 bietet erweiterte Steuerung, vielseitige Testfunktionen, pr\u00e4zise Temperaturkontrolle und robuste Sicherheitsfunktionen und ist daher ideal f\u00fcr umfassende Hei\u00dfsiegeltests.<\/li>\n<\/ol>","protected":false},"excerpt":{"rendered":"<p>Der <strong>Hei\u00dfklebetest<\/strong> ist eine kritische Bewertungsmethode, die die Festigkeit von Hei\u00dfsiegelungen unmittelbar nach dem Versiegeln und vor dem Abk\u00fchlen der Versiegelung misst. Dieser Test ist in Branchen unerl\u00e4sslich, in denen eine schnelle und zuverl\u00e4ssige Versiegelung erforderlich ist, insbesondere in <strong>vertikales Formen, F\u00fcllen und Versiegeln (VFFS)<\/strong> Prozesse. Ein starker Hot Tack sorgt daf\u00fcr, dass die Versiegelung intakt bleibt, wenn die Verpackung mit Produkten gef\u00fcllt wird. So wird ein Versch\u00fctten verhindert und die Produktintegrit\u00e4t gewahrt.<\/p>","protected":false},"featured_media":5966,"comment_status":"closed","ping_status":"closed","template":"","meta":{"site-sidebar-layout":"default","site-content-layout":"default","ast-global-header-display":"","ast-main-header-display":"","ast-hfb-above-header-display":"","ast-hfb-below-header-display":"","ast-hfb-mobile-header-display":"","site-post-title":"disabled","ast-breadcrumbs-content":"","ast-featured-img":"disabled","footer-sml-layout":"","theme-transparent-header-meta":"default","adv-header-id-meta":"","stick-header-meta":"","header-above-stick-meta":"","header-main-stick-meta":"","header-below-stick-meta":""},"product_cat":[953,956,955,845,954,957,958,952,959,677,678,149,16,141,142,95],"product_tag":[],"class_list":{"0":"post-3281","1":"product","2":"type-product","3":"status-publish","4":"has-post-thumbnail","6":"product_cat-bursting-tester","7":"product_cat-cobb-tester","8":"product_cat-crush-tester","9":"product_cat-customization","10":"product_cat-paper-tear-tester","11":"product_cat-plybond-tester","12":"product_cat-puncture-tester","13":"product_cat-rub-tester","14":"product_cat-stiffness-tester","15":"product_cat-heat-seal-tester","16":"product_cat-hot-tack-tester","17":"product_cat-pharma-and-medical-testers","18":"product_cat-plastic-packaging-testers","19":"product_cat-astm-f1921","20":"product_cat-astm-f2029","21":"product_cat-products","22":"desktop-align-left","23":"tablet-align-left","24":"mobile-align-left","26":"first","27":"instock","28":"shipping-taxable","29":"product-type-simple"},"_links":{"self":[{"href":"https:\/\/www.qualitester.com\/de\/wp-json\/wp\/v2\/product\/3281","targetHints":{"allow":["GET"]}}],"collection":[{"href":"https:\/\/www.qualitester.com\/de\/wp-json\/wp\/v2\/product"}],"about":[{"href":"https:\/\/www.qualitester.com\/de\/wp-json\/wp\/v2\/types\/product"}],"replies":[{"embeddable":true,"href":"https:\/\/www.qualitester.com\/de\/wp-json\/wp\/v2\/comments?post=3281"}],"version-history":[{"count":0,"href":"https:\/\/www.qualitester.com\/de\/wp-json\/wp\/v2\/product\/3281\/revisions"}],"wp:featuredmedia":[{"embeddable":true,"href":"https:\/\/www.qualitester.com\/de\/wp-json\/wp\/v2\/media\/5966"}],"wp:attachment":[{"href":"https:\/\/www.qualitester.com\/de\/wp-json\/wp\/v2\/media?parent=3281"}],"wp:term":[{"taxonomy":"product_cat","embeddable":true,"href":"https:\/\/www.qualitester.com\/de\/wp-json\/wp\/v2\/product_cat?post=3281"},{"taxonomy":"product_tag","embeddable":true,"href":"https:\/\/www.qualitester.com\/de\/wp-json\/wp\/v2\/product_tag?post=3281"}],"curies":[{"name":"wp","href":"https:\/\/api.w.org\/{rel}","templated":true}]}}