{"id":3223,"date":"2023-08-07T08:52:04","date_gmt":"2023-08-07T00:52:04","guid":{"rendered":"https:\/\/www.qualitester.com\/?post_type=product&#038;p=3223"},"modified":"2024-12-04T16:01:26","modified_gmt":"2024-12-04T08:01:26","slug":"how-to-test-the-force-about-ampoule-breaking","status":"publish","type":"product","link":"https:\/\/www.qualitester.com\/de\/produkt-2\/how-to-test-the-force-about-ampoule-breaking\/","title":{"rendered":"BST-01 Ampullenbruchtester"},"content":{"rendered":"<h2><strong>Einf\u00fchrung in das Ampullenbruchkraftmessger\u00e4t<\/strong><\/h2>\n<p>Der <strong>Ampullenbruchkraft-Pr\u00fcfger\u00e4t<\/strong> ist ein wichtiges Instrument in der pharmazeutischen und medizinischen Verpackungsindustrie, mit dem die Kraft gemessen werden kann, die erforderlich ist, um den Hals einer Ampulle zu brechen. Ampullen sind hermetisch verschlossene Beh\u00e4lter, in denen empfindliche pharmazeutische Substanzen aufbewahrt werden. Die Bruchfestigkeit des Halses spielt eine entscheidende Rolle bei der Gew\u00e4hrleistung der Sicherheit und Unversehrtheit des darin enthaltenen Produkts. Ein pr\u00e4zises und zuverl\u00e4ssiges Pr\u00fcfger\u00e4t ist unerl\u00e4sslich, um sicherzustellen, dass Ampullen die erforderlichen Standards f\u00fcr eine sichere Verwendung und Handhabung erf\u00fcllen.<\/p>\n<h2><strong>Die ISO 9187 verstehen: Standard f\u00fcr Ampullenbruchkrafttests<\/strong><\/h2>\n<p><a href=\"https:\/\/www.iso.org\/standard\/55920.html\" target=\"_blank\" rel=\"noopener nofollow\">ISO 9187<\/a> ist die internationale Norm, die das Verfahren zur Pr\u00fcfung der Bruchkraft von Ampullen festlegt. Sie enth\u00e4lt detaillierte Richtlinien f\u00fcr die Durchf\u00fchrung des Pr\u00fcfverfahrens, die erforderliche Ausr\u00fcstung und die zu messenden Parameter, um einheitliche und genaue Ergebnisse zu gew\u00e4hrleisten. Wenn Hersteller die ISO 9187 befolgen, k\u00f6nnen sie sicher sein, dass ihre Ampullen den Sicherheitsanforderungen entsprechen und das Risiko eines Bruchs w\u00e4hrend der Lagerung und Handhabung verringern.<\/p>\n<h3><strong>Pr\u00fcfverfahren nach <a href=\"https:\/\/www.qualitester.com\/de\/produkt-kategorie\/iso\/iso-9187\/\" target=\"_blank\" rel=\"noopener\">ISO 9187<\/a><\/strong><\/h3>\n<p>Bei der Pr\u00fcfung wird eine Ampulle auf eine Halterung gesetzt und mit Hilfe der Pr\u00fcfmaschine eine nach unten gerichtete Kraft auf den Hals ausge\u00fcbt. Die <strong>BST-01 Ampullen-Bruchkrafttester<\/strong> verwendet eine hochpr\u00e4zise Kraftmessdose, um die Kraft zu messen, die erforderlich ist, um den Ampullenhals zu brechen. Der Test stellt sicher, dass die Ampullen nicht nur sicher zu handhaben sind, sondern auch die erforderlichen Standards f\u00fcr pharmazeutische Anwendungen erf\u00fcllen.<\/p>\n<h2><strong>Testverfahren des Ampullenbruchkrafttests<\/strong><\/h2>\n<ul>\n<li><strong>Schritt 1<\/strong>: Setzen Sie die Ampulle auf die daf\u00fcr vorgesehene Halterung, die f\u00fcr verschiedene Ampullengr\u00f6\u00dfen (1ml, 2ml, 5ml, 10ml, 20ml) vorgesehen ist.<\/li>\n<li><strong>Schritt 2<\/strong>: Starten Sie den Test, bei dem sich der Presskopf mit einer konstanten Geschwindigkeit von 10 mm\/min (einstellbar von 1-500 mm\/min) nach unten bewegt.<\/li>\n<li><strong>Schritt 3<\/strong>: Die hochpr\u00e4zise Kraftmesszelle erfasst die Kraft, die zum Brechen des Ampullenhalses erforderlich ist.<\/li>\n<li><strong>Schritt 4<\/strong>: Die Bruchkraft wird aufgezeichnet, und die Ergebnisse werden auf dem HMI-Touchscreen angezeigt oder \u00fcber den integrierten Mikrodrucker ausgedruckt.<\/li>\n<\/ul>\n<p>Dieses Verfahren gew\u00e4hrleistet, dass die Bruchkraft der Ampullen gem\u00e4\u00df den Industriestandards genau gemessen wird.<\/p>\n<h2><strong>Technische Merkmale des BST-01 Ampullen-Bruchfestigkeitstests<\/strong><\/h2>\n<p>Der <strong>BST-01 Ampullen-Bruchfestigkeitspr\u00fcfger\u00e4t<\/strong> ist mit einer Reihe von fortschrittlichen Funktionen ausgestattet, die seine Genauigkeit und Vielseitigkeit verbessern:<\/p>\n<ul>\n<li><strong>Hochpr\u00e4zise W\u00e4gezelle<\/strong>: Gew\u00e4hrleistet zuverl\u00e4ssige und pr\u00e4zise Kraftmessungen mit einer Aufl\u00f6sung von 0,1 N.<\/li>\n<li><strong>Mehrere Beleuchtungsoptionen<\/strong>: Testvorrichtungen f\u00fcr 1ml, 2ml, 5ml, 10ml und 20ml Ampullen erm\u00f6glichen die Anpassung des Testers an verschiedene Ampullengr\u00f6\u00dfen.<\/li>\n<li><strong>Einstellbare Testgeschwindigkeit<\/strong>: Die Pr\u00fcfgeschwindigkeit ist zwischen 1 und 500 mm\/min einstellbar, um unterschiedlichen Pr\u00fcfanforderungen gerecht zu werden.<\/li>\n<li><strong>SPS-Steuerung und HMI-Touchscreen<\/strong>: F\u00fcr eine einfache Bedienung und Automatisierung des Pr\u00fcfprozesses.<\/li>\n<li><strong>Schrittmotor mit Pr\u00e4zisions-Kugelumlaufspindel<\/strong>: Erm\u00f6glicht eine genaue Geschwindigkeitssteuerung f\u00fcr pr\u00e4zise Pr\u00fcfungen.<\/li>\n<li><strong>Sicherheitsfunktionen<\/strong>: Enth\u00e4lt eine Schutzabdeckung, um das Herausspringen von Proben zu verhindern, ein Auffangr\u00f6hrchen f\u00fcr zerbrochene Ampullenproben und eine automatische R\u00fccklauffunktion.<\/li>\n<li><strong>Optionale Konnektivit\u00e4t<\/strong>: RS 232-Konnektivit\u00e4t f\u00fcr die Integration mit professioneller Software und Systemen.<\/li>\n<\/ul>\n<h2><strong>Andere relevante Normen und deren Einhaltung<\/strong><\/h2>\n<p>Zus\u00e4tzlich zu <strong>ISO 9187<\/strong>, Die <strong>BST-01 Ampullen-Bruchkrafttester<\/strong> erf\u00fcllt mehrere andere Industrienormen, darunter:<\/p>\n<ul>\n<li><strong>GB 2637<\/strong>: Eine nationale chinesische Norm f\u00fcr Ampullentests.<\/li>\n<li><strong>YBB00332002<\/strong>: Eine chinesische Norm f\u00fcr Ampullen, die in pharmazeutischen Verpackungen verwendet werden.<\/li>\n<\/ul>\n<p>Diese Normen gew\u00e4hrleisten die Vielseitigkeit des Ger\u00e4ts und die Einhaltung der weltweiten Pr\u00fcfanforderungen.<\/p>\n<h2><strong>Hauptparameter des Ampullenbruchkraftmessers<\/strong><\/h2>\n<table>\n<tbody>\n<tr>\n<td style=\"text-align: center;\" width=\"87\">Testbereich<\/td>\n<td style=\"text-align: center;\" width=\"188\">0~200N (oder nach Bedarf)<\/td>\n<\/tr>\n<tr>\n<td style=\"text-align: center;\" width=\"87\">Geschwindigkeit<\/td>\n<td style=\"text-align: center;\" width=\"188\">1 bis 500 mm\/min<\/td>\n<\/tr>\n<tr>\n<td style=\"text-align: center;\" width=\"87\">Aufl\u00f6sung<\/td>\n<td style=\"text-align: center;\" width=\"188\">0.1N<\/td>\n<\/tr>\n<tr>\n<td style=\"text-align: center;\" width=\"87\">Genauigkeit<\/td>\n<td style=\"text-align: center;\" width=\"188\">0,5% FS<\/td>\n<\/tr>\n<tr>\n<td style=\"text-align: center;\" width=\"87\">Leistung<\/td>\n<td style=\"text-align: center;\" width=\"188\">110~220V 50\/60Hz<\/td>\n<\/tr>\n<\/tbody>\n<\/table>\n<p>Der <strong>BST-01 Ampullen-Bruchkrafttester<\/strong> ist ein zuverl\u00e4ssiges, vielseitiges und hochpr\u00e4zises Ger\u00e4t, das die strengen Pr\u00fcfanforderungen der pharmazeutischen und medizinischen Verpackungsindustrie erf\u00fcllt. Durch die Einhaltung von internationalen Standards wie <strong>ISO 9187<\/strong>, Mit dem BST-01 wird sichergestellt, dass die Ampullen sicher in der Anwendung sind und die erforderlichen Bruchkraftanforderungen erf\u00fcllen. Mit seinen fortschrittlichen Funktionen, seiner Flexibilit\u00e4t beim Testen verschiedener Ampullengr\u00f6\u00dfen und seiner Benutzerfreundlichkeit ist der BST-01 ein unverzichtbares Werkzeug f\u00fcr Hersteller und Qualit\u00e4tskontrolllabore.<\/p>\n<h4><strong>FAQ-Bereich<\/strong><\/h4>\n<ol>\n<li><strong>Wozu dient ein Ampullenbruchkraftmessger\u00e4t?<\/strong><br \/>\nDas Pr\u00fcfger\u00e4t misst die Kraft, die erforderlich ist, um den Hals einer Ampulle zu brechen, und gew\u00e4hrleistet so ihre Festigkeit und Sicherheit bei der Handhabung und Verwendung.<\/li>\n<li><strong>Wie verh\u00e4lt sich die ISO 9187 zur Ampullenpr\u00fcfung?<\/strong><br \/>\nDie ISO 9187 beschreibt die Methode und die Richtlinien f\u00fcr die Pr\u00fcfung der Bruchkraft von Ampullen und gew\u00e4hrleistet so die Konsistenz und Zuverl\u00e4ssigkeit des Pr\u00fcfverfahrens.<\/li>\n<li><strong>Was sind die wichtigsten technischen Merkmale des BST-01 Ampullen-Bruchkraft-Testers?<\/strong><br \/>\nDas Pr\u00fcfger\u00e4t verf\u00fcgt \u00fcber eine hochpr\u00e4zise Kraftmesszelle, mehrere Spannvorrichtungsgr\u00f6\u00dfen, einstellbare Pr\u00fcfgeschwindigkeiten, SPS-Steuerung und Sicherheitsmerkmale wie Schutzabdeckungen und Auffangr\u00f6hrchen.<\/li>\n<li><strong>K\u00f6nnen mit dem BST-01 neben Ampullen auch andere Materialien gepr\u00fcft werden?<\/strong><br \/>\nJa, das BST-01 ist vielseitig einsetzbar und kann auch andere medizinische Verpackungsmaterialien wie Spritzen, Kappen und Stopfen pr\u00fcfen.<\/li>\n<li><strong>Wie hoch ist die Genauigkeit des BST-01 Ampullenbruchkraftmessers?<\/strong><br \/>\nDas Pr\u00fcfger\u00e4t bietet eine Genauigkeit von 0,5% full scale (F.S.) und liefert pr\u00e4zise und zuverl\u00e4ssige Pr\u00fcfergebnisse.<\/li>\n<\/ol>","protected":false},"excerpt":{"rendered":"<p>Der <strong>Ampullenbruchkraft-Pr\u00fcfger\u00e4t<\/strong> ist ein wichtiges Instrument in der pharmazeutischen und medizinischen Verpackungsindustrie, mit dem die Kraft gemessen werden kann, die erforderlich ist, um den Hals einer Ampulle zu brechen. Ampullen sind hermetisch verschlossene Beh\u00e4lter, in denen empfindliche pharmazeutische Substanzen aufbewahrt werden. Die Bruchfestigkeit des Halses spielt eine entscheidende Rolle bei der Gew\u00e4hrleistung der Sicherheit und Unversehrtheit des darin enthaltenen Produkts. Ein pr\u00e4zises und zuverl\u00e4ssiges Pr\u00fcfger\u00e4t ist unerl\u00e4sslich, um sicherzustellen, dass Ampullen die erforderlichen Standards f\u00fcr eine sichere Verwendung und Handhabung erf\u00fcllen.<\/p>","protected":false},"featured_media":6120,"comment_status":"closed","ping_status":"closed","template":"","meta":{"site-sidebar-layout":"default","site-content-layout":"default","ast-global-header-display":"","ast-main-header-display":"","ast-hfb-above-header-display":"","ast-hfb-below-header-display":"","ast-hfb-mobile-header-display":"","site-post-title":"","ast-breadcrumbs-content":"","ast-featured-img":"","footer-sml-layout":"","theme-transparent-header-meta":"default","adv-header-id-meta":"","stick-header-meta":"","header-above-stick-meta":"","header-main-stick-meta":"","header-below-stick-meta":""},"product_cat":[933,845,149,173,95],"product_tag":[],"class_list":{"0":"post-3223","1":"product","2":"type-product","3":"status-publish","4":"has-post-thumbnail","6":"product_cat-ampoule-breaking-tester","7":"product_cat-customization","8":"product_cat-pharma-and-medical-testers","9":"product_cat-iso-9187","10":"product_cat-products","11":"desktop-align-left","12":"tablet-align-left","13":"mobile-align-left","15":"first","16":"instock","17":"shipping-taxable","18":"product-type-simple"},"_links":{"self":[{"href":"https:\/\/www.qualitester.com\/de\/wp-json\/wp\/v2\/product\/3223","targetHints":{"allow":["GET"]}}],"collection":[{"href":"https:\/\/www.qualitester.com\/de\/wp-json\/wp\/v2\/product"}],"about":[{"href":"https:\/\/www.qualitester.com\/de\/wp-json\/wp\/v2\/types\/product"}],"replies":[{"embeddable":true,"href":"https:\/\/www.qualitester.com\/de\/wp-json\/wp\/v2\/comments?post=3223"}],"version-history":[{"count":0,"href":"https:\/\/www.qualitester.com\/de\/wp-json\/wp\/v2\/product\/3223\/revisions"}],"wp:featuredmedia":[{"embeddable":true,"href":"https:\/\/www.qualitester.com\/de\/wp-json\/wp\/v2\/media\/6120"}],"wp:attachment":[{"href":"https:\/\/www.qualitester.com\/de\/wp-json\/wp\/v2\/media?parent=3223"}],"wp:term":[{"taxonomy":"product_cat","embeddable":true,"href":"https:\/\/www.qualitester.com\/de\/wp-json\/wp\/v2\/product_cat?post=3223"},{"taxonomy":"product_tag","embeddable":true,"href":"https:\/\/www.qualitester.com\/de\/wp-json\/wp\/v2\/product_tag?post=3223"}],"curies":[{"name":"wp","href":"https:\/\/api.w.org\/{rel}","templated":true}]}}