{"id":3218,"date":"2023-08-07T08:23:57","date_gmt":"2023-08-07T00:23:57","guid":{"rendered":"https:\/\/www.qualitester.com\/?post_type=product&#038;p=3218"},"modified":"2024-12-04T15:55:52","modified_gmt":"2024-12-04T07:55:52","slug":"hast-01-hot-air-thermal-shrinkage-tester","status":"publish","type":"product","link":"https:\/\/www.qualitester.com\/de\/produkt-2\/hast-01-hot-air-thermal-shrinkage-tester\/","title":{"rendered":"HAST-01 Hei\u00dfluft-Schrumpfpr\u00fcfger\u00e4t"},"content":{"rendered":"<h2><strong>Einf\u00fchrung in den thermischen Schrumpfungstester<\/strong><\/h2>\n<p>Der <strong>Thermischer Schrumpfungstester<\/strong> (z.B, <strong>HAST-01 Hei\u00dfluft-Schrumpfpr\u00fcfger\u00e4t<\/strong>) dient zur Messung der thermischen Schrumpfkraft und -rate von Garnen und Kordeln unter kontrollierten W\u00e4rmebedingungen. Es wird haupts\u00e4chlich zum Testen von Garnen und Kordeln aus Materialien wie Nylon, Polyester und anderen Polymeren verwendet, die h\u00e4ufig in Branchen wie der Textil-, Automobil-, Verpackungs- und industriellen Fertigung verwendet werden.<\/p>\n<p>Mit diesem hochpr\u00e4zisen Testger\u00e4t k\u00f6nnen Hersteller das Schrumpfverhalten von Garnen und Kordeln unter realen Bedingungen beurteilen. Damit ist es f\u00fcr die Gew\u00e4hrleistung von Qualit\u00e4t und Haltbarkeit in zahlreichen Anwendungen unverzichtbar.<\/p>\n<h3><strong><a href=\"https:\/\/www.astm.org\/d5591-22.html\" target=\"_blank\" rel=\"noopener nofollow\">ASTM D5591<\/a> Schrumpfkrafttest<\/strong><\/h3>\n<p>Der <a href=\"https:\/\/www.qualitester.com\/de\/produkt-kategorie\/astm\/astm-d5591\/\" target=\"_blank\" rel=\"noopener\"><strong>ASTM D5591<\/strong><\/a> Die Norm beschreibt die Methode zur Messung der Schrumpfkraft von Garnen und Kordeln. Bei diesem Test wird ein Ende eines Garns oder Kordels fixiert und am anderen Ende eine Vorspannmasse angebracht. Nach dem Entfernen der Masse wird die Probe trockener Hitze bei kontrollierter Temperatur ausgesetzt und die Schrumpfkraft gemessen.<\/p>\n<ul>\n<li><strong>Zweck<\/strong>: Zur Bestimmung der Schrumpfkraft bei Hitzeeinwirkung von Garnen und Kordeln, um die Einhaltung von Leistungsnormen sicherzustellen.<\/li>\n<li><strong>Testparameter<\/strong>:\n<ul>\n<li>Temperaturbereich: Umgebungstemperatur bis 250 \u00b0C<\/li>\n<li>Schrumpfkraftaufl\u00f6sung: 0,01N<\/li>\n<li>Schrumpfkraftbereich: 0\u201350 N (anpassbar)<\/li>\n<\/ul>\n<\/li>\n<li><strong>Sekund\u00e4res Schl\u00fcsselwort<\/strong>: Thermische Schrumpfkraft des Garns.<\/li>\n<\/ul>\n<h3><strong><a href=\"https:\/\/www.astm.org\/d4974-04r16.html\" target=\"_blank\" rel=\"noopener nofollow\">ASTM D4974<\/a> Schrumpfungsratentest<\/strong><\/h3>\n<p>Der <a href=\"https:\/\/www.qualitester.com\/de\/produkt-kategorie\/astm\/astm-d4974\/\" target=\"_blank\" rel=\"noopener\"><strong>ASTM D4974<\/strong><\/a> Mit dieser Testmethode wird die Schrumpfrate von Garnen und Kordeln gemessen. Eine Probe wird f\u00fcr eine festgelegte Dauer unter einer bestimmten Spannung trockener Hitze ausgesetzt und der Schrumpfprozentsatz wird aufgezeichnet, w\u00e4hrend die Probe unter Spannung bleibt und Hitze ausgesetzt ist.<\/p>\n<ul>\n<li><strong>Zweck<\/strong>: Um die Schrumpfungsrate von Materialien unter kontrollierten Bedingungen zu messen, wird sichergestellt, dass die Materialien bestimmte Haltbarkeits- und Leistungskriterien erf\u00fcllen.<\/li>\n<li><strong>Testparameter<\/strong>:\n<ul>\n<li>Temperaturgenauigkeit: \u00b10,1\u00b0C<\/li>\n<li>Schrumpfaufl\u00f6sung: 0,01% (100% entspricht 250mm L\u00e4nge)<\/li>\n<\/ul>\n<\/li>\n<li><strong>Sekund\u00e4res Schl\u00fcsselwort<\/strong>: Thermische Schrumpfkraft des Garns.<\/li>\n<\/ul>\n<h3><strong>Thermischer Schrumpfungspr\u00fcfer: Wichtige Merkmale und Vorteile<\/strong><\/h3>\n<h3><strong>Technische Eigenschaften<\/strong><\/h3>\n<ul>\n<li><strong>Haltbarkeit<\/strong>: Hergestellt aus hochwertigen Metallmaterialien, die auch in industriellen Umgebungen eine lang anhaltende Leistung gew\u00e4hrleisten.<\/li>\n<li><strong>Benutzerfreundlichkeit<\/strong>: Verf\u00fcgt \u00fcber eine gro\u00dfe, benutzerfreundliche Touchscreen-Oberfl\u00e4che, die die Bedienung und Datenerfassung vereinfacht.<\/li>\n<li><strong>Portabilit\u00e4t<\/strong>: Das kompakte, integrierte Design erm\u00f6glicht einen einfachen Transport und Aufbau und ist daher ideal f\u00fcr den Einsatz an verschiedenen Testorten.<\/li>\n<li><strong>Thermodrucker<\/strong>: Enth\u00e4lt einen integrierten Mikro-Thermodrucker zum Ausdrucken der Testergebnisse zur einfachen Dokumentation.<\/li>\n<li><strong>Optionale PC-Integration<\/strong>: Ausgestattet mit einem RS232-Anschluss und kompatibel mit professioneller PC-Software f\u00fcr erweiterte Datenanalyse und Berichterstattung.<\/li>\n<\/ul>\n<h3><strong>Anpassungsoptionen<\/strong><\/h3>\n<ul>\n<li><strong>Vorspanngewichte<\/strong>: Der Tester wird mit verschiedenen Gewichtskombinationen (z. B. 200 g, 150 g, 100 g) geliefert, um unterschiedlichen Probengr\u00f6\u00dfen und Testanforderungen gerecht zu werden.<\/li>\n<li><strong>Kundenspezifischer Schrumpfkraftbereich<\/strong>: Der Schrumpfkraftbereich ist von 0 bis 50 N anpassbar und bietet Flexibilit\u00e4t f\u00fcr verschiedene Anwendungen.<\/li>\n<\/ul>\n<h2><strong>Mit dem Thermoschrumpfpr\u00fcfger\u00e4t getestete Probentypen<\/strong><\/h2>\n<p>Der <strong>Thermischer Schrumpfungstester<\/strong> ist vielseitig und kann eine Vielzahl von Materialien testen, die h\u00e4ufig in Textilien und industriellen Anwendungen verwendet werden:<\/p>\n<ul>\n<li><strong>Polyester- und Nylonschn\u00fcre<\/strong>: Weit verbreitet in der Automobil- und Industrieindustrie.<\/li>\n<li><strong>Aramid- und Para-Aramid-Kordeln<\/strong>: Ideal f\u00fcr Hochleistungsanwendungen, die extreme Haltbarkeit erfordern.<\/li>\n<li><strong>Polyester-Industriefilament<\/strong>: Geeignet f\u00fcr Fertigungs- und Verpackungsanwendungen.<\/li>\n<li><strong>Reifencord und Spezialmaterialien<\/strong>: Perfekt zum Testen der Schrumpfeigenschaften von Reifencord und anderen Spezialgarnen.<\/li>\n<\/ul>\n<h2><strong>Vorteile der Verwendung von thermischen Schrumpfungspr\u00fcfger\u00e4ten in der Qualit\u00e4tskontrolle<\/strong><\/h2>\n<ul>\n<li><strong>Kontinuierliche Qualit\u00e4tskontrolle<\/strong>: Stellt sicher, dass Materialien ihre Leistungsmerkmale auch bei Hitze beibehalten, was f\u00fcr die Qualit\u00e4tssicherung und Produktlebensdauer von entscheidender Bedeutung ist.<\/li>\n<li><strong>Einhaltung von Industriestandards<\/strong>: Erf\u00fcllt die strengen Anforderungen von <strong>ASTM D5591<\/strong> Und <strong>ASTM D4974<\/strong>und liefert zuverl\u00e4ssige und wiederholbare Ergebnisse.<\/li>\n<li><strong>Verbesserte Produkthaltbarkeit<\/strong>: Hilft bei der Identifizierung von Materialien, die bei Hitze \u00fcberm\u00e4\u00dfig schrumpfen, und erm\u00f6glicht es Herstellern, die Haltbarkeit und Funktionalit\u00e4t ihrer Produkte zu verbessern.<\/li>\n<li><strong>Unterst\u00fctzung f\u00fcr Forschung und Entwicklung<\/strong>: Ideal f\u00fcr F&amp;E-Labore, die sich auf die Entwicklung neuer Materialien oder die Verbesserung bestehender Formulierungen konzentrieren.<\/li>\n<\/ul>\n<p>&nbsp;<\/p>\n<h2><strong>H\u00e4ufig gestellte Fragen (FAQs)<\/strong><\/h2>\n<ol>\n<li><strong>Welche Materialien k\u00f6nnen mit dem Thermal Shrinkage Tester gepr\u00fcft werden?<\/strong>\n<ul>\n<li>Der Tester ist ideal f\u00fcr Garne und Kordeln aus Nylon, Polyester, Aramid und anderen synthetischen Fasern, die h\u00e4ufig in Industrietextilien und Verpackungen verwendet werden.<\/li>\n<\/ul>\n<\/li>\n<li><strong>Wie wird die Schrumpfungsrate berechnet?<\/strong>\n<ul>\n<li>Die Schrumpfungsrate wird durch Messen der L\u00e4ngen\u00e4nderung der Probe bei Hitzeeinwirkung berechnet und die Ergebnisse als Prozentsatz der urspr\u00fcnglichen L\u00e4nge angezeigt.<\/li>\n<\/ul>\n<\/li>\n<li><strong>Was ist der maximale Temperaturbereich des W\u00e4rmeschrumpfpr\u00fcfger\u00e4ts?<\/strong>\n<ul>\n<li>Der Tester verf\u00fcgt \u00fcber einen Temperaturbereich von Umgebungstemperatur bis 250\u00a0\u00b0C und kann somit einer gro\u00dfen Bandbreite von Testanforderungen gerecht werden.<\/li>\n<\/ul>\n<\/li>\n<li><strong>K\u00f6nnen die Testergebnisse ausgedruckt werden?<\/strong>\n<ul>\n<li>Ja, der Tester ist mit einem Thermo-Mikrodrucker ausgestattet, um die Ergebnisse zu dokumentieren und auszudrucken, damit sie aufgezeichnet und sp\u00e4ter analysiert werden k\u00f6nnen.<\/li>\n<\/ul>\n<\/li>\n<li><strong>Ist der W\u00e4rmeschrumpfungspr\u00fcfer anpassbar?<\/strong>\n<ul>\n<li>Ja, der Tester kann mit verschiedenen Vorspanngewichten und Schrumpfkraftbereichen (0 \u2013 50 N) individuell angepasst werden, um spezifische Testanforderungen zu erf\u00fcllen.<\/li>\n<\/ul>\n<\/li>\n<\/ol>\n<p>Der <strong>Thermischer Schrumpfungstester<\/strong> von Cell Instruments ist ein fachm\u00e4nnisch entwickeltes Pr\u00e4zisionsinstrument, das speziell f\u00fcr die Pr\u00fcfung der Schrumpfkraft und -rate von Garnen und Schn\u00fcren entwickelt wurde. Es bietet beispiellose Genauigkeit und Zuverl\u00e4ssigkeit und ist damit ein unverzichtbares Werkzeug f\u00fcr Hersteller in verschiedenen Branchen, darunter Textil, Automobil und Verpackung. Mit anpassbaren Funktionen und der Einhaltung internationaler Teststandards stellt dieses Instrument sicher, dass Hersteller strenge Qualit\u00e4tsanforderungen erf\u00fcllen und Produkte von h\u00f6chster Qualit\u00e4t liefern k\u00f6nnen.<\/p>","protected":false},"excerpt":{"rendered":"<p>Der <strong>Thermischer Schrumpfungstester<\/strong> (z.B, <strong>HAST-01 Hei\u00dfluft-Schrumpfpr\u00fcfger\u00e4t<\/strong>) dient zur Messung der thermischen Schrumpfkraft und -rate von Garnen und Kordeln unter kontrollierten W\u00e4rmebedingungen. Es wird haupts\u00e4chlich zum Testen von Garnen und Kordeln aus Materialien wie Nylon, Polyester und anderen Polymeren verwendet, die h\u00e4ufig in Branchen wie der Textil-, Automobil-, Verpackungs- und industriellen Fertigung verwendet werden.<\/p>","protected":false},"featured_media":6118,"comment_status":"closed","ping_status":"closed","template":"","meta":{"site-sidebar-layout":"default","site-content-layout":"default","ast-global-header-display":"","ast-main-header-display":"","ast-hfb-above-header-display":"","ast-hfb-below-header-display":"","ast-hfb-mobile-header-display":"","site-post-title":"","ast-breadcrumbs-content":"","ast-featured-img":"","footer-sml-layout":"","theme-transparent-header-meta":"default","adv-header-id-meta":"","stick-header-meta":"","header-above-stick-meta":"","header-main-stick-meta":"","header-below-stick-meta":""},"product_cat":[953,956,955,845,954,957,958,952,959,938,939,134,136,95],"product_tag":[],"class_list":{"0":"post-3218","1":"product","2":"type-product","3":"status-publish","4":"has-post-thumbnail","6":"product_cat-bursting-tester","7":"product_cat-cobb-tester","8":"product_cat-crush-tester","9":"product_cat-customization","10":"product_cat-paper-tear-tester","11":"product_cat-plybond-tester","12":"product_cat-puncture-tester","13":"product_cat-rub-tester","14":"product_cat-stiffness-tester","15":"product_cat-textile-tester","16":"product_cat-yarn-shrinkage","17":"product_cat-astm-d4974","18":"product_cat-astm-d5591","19":"product_cat-products","20":"desktop-align-left","21":"tablet-align-left","22":"mobile-align-left","24":"first","25":"instock","26":"shipping-taxable","27":"product-type-simple"},"_links":{"self":[{"href":"https:\/\/www.qualitester.com\/de\/wp-json\/wp\/v2\/product\/3218","targetHints":{"allow":["GET"]}}],"collection":[{"href":"https:\/\/www.qualitester.com\/de\/wp-json\/wp\/v2\/product"}],"about":[{"href":"https:\/\/www.qualitester.com\/de\/wp-json\/wp\/v2\/types\/product"}],"replies":[{"embeddable":true,"href":"https:\/\/www.qualitester.com\/de\/wp-json\/wp\/v2\/comments?post=3218"}],"version-history":[{"count":0,"href":"https:\/\/www.qualitester.com\/de\/wp-json\/wp\/v2\/product\/3218\/revisions"}],"wp:featuredmedia":[{"embeddable":true,"href":"https:\/\/www.qualitester.com\/de\/wp-json\/wp\/v2\/media\/6118"}],"wp:attachment":[{"href":"https:\/\/www.qualitester.com\/de\/wp-json\/wp\/v2\/media?parent=3218"}],"wp:term":[{"taxonomy":"product_cat","embeddable":true,"href":"https:\/\/www.qualitester.com\/de\/wp-json\/wp\/v2\/product_cat?post=3218"},{"taxonomy":"product_tag","embeddable":true,"href":"https:\/\/www.qualitester.com\/de\/wp-json\/wp\/v2\/product_tag?post=3218"}],"curies":[{"name":"wp","href":"https:\/\/api.w.org\/{rel}","templated":true}]}}