{"id":2743,"date":"2023-07-17T15:11:03","date_gmt":"2023-07-17T07:11:03","guid":{"rendered":"https:\/\/www.qualitester.com\/?post_type=product&#038;p=2743"},"modified":"2025-06-12T13:59:32","modified_gmt":"2025-06-12T05:59:32","slug":"fdt-01-polypropylene-film-drop-dart-tester","status":"publish","type":"product","link":"https:\/\/www.qualitester.com\/de\/produkt-2\/fdt-01-polypropylene-film-drop-dart-tester\/","title":{"rendered":"FDT-01 Fallpfeil-Aufprallpr\u00fcfger\u00e4t"},"content":{"rendered":"<p>Der\u00a0<strong>Fallender Pfeilschlagpr\u00fcfer <\/strong>ist ein wichtiges Instrument zur Bewertung der Schlagfestigkeit von Kunststofffolien, -platten, Verbundfolien, Folien und Papier mit einer Dicke von weniger als 1 mm. Dieser Test ist wichtig, um die Widerstandsf\u00e4higkeit eines Materials gegen\u00fcber \u00e4u\u00dferen Kr\u00e4ften zu beurteilen, da er die Leistung und Haltbarkeit des Produkts bei Handhabung, Transport und Lagerung direkt beeinflusst. Durch die Simulation realer Bedingungen liefert der Tester wertvolle Daten, die bei der Materialauswahl, dem Produktdesign und der Qualit\u00e4tskontrolle hilfreich sind.<\/p>\n<h2><strong>Was ist der Drop Dart Impact Test?<\/strong><\/h2>\n<p>Die Pfeilschlagpr\u00fcfung ist eine weithin anerkannte Methode zur Bestimmung der Schlagfestigkeit von Materialien. Dabei wird ein gewichteter Pfeil aus einer bestimmten H\u00f6he auf das zu pr\u00fcfende Material fallen gelassen, um die Energie zu messen, die erforderlich ist, um einen Bruch zu verursachen. Die Ergebnisse helfen den Herstellern bei der Bewertung der Materialz\u00e4higkeit, um sicherzustellen, dass die Produkte den Belastungen bei der Handhabung standhalten und in ihren Anwendungen unversehrt bleiben.<\/p>\n<div class=\"ast-oembed-container\" style=\"height: 100%;\"><iframe title=\"Fallpfeilpr\u00fcfger\u00e4t f\u00fcr Kunststofffolien und -platten Methode A und Methode B ASTM D1709 ISO 7765-1\" width=\"500\" height=\"281\" src=\"https:\/\/www.youtube.com\/embed\/a3_9M0x3w7U?feature=oembed\" frameborder=\"0\" allow=\"accelerometer; autoplay; clipboard-write; encrypted-media; gyroscope; picture-in-picture; web-share\" referrerpolicy=\"strict-origin-when-cross-origin\" allowfullscreen><\/iframe><\/div>\n<h2><strong>Einhaltung von Standards<\/strong><\/h2>\n<p>Der Drop Dart Impact Tester entspricht mehreren internationalen Standards und gew\u00e4hrleistet zuverl\u00e4ssige und genaue Ergebnisse:<\/p>\n<ul>\n<li><span style=\"color: #00ccff;\"><a style=\"color: #00ccff;\" href=\"https:\/\/www.qualitester.com\/de\/standards\/astm-d1709\/\" target=\"_blank\" rel=\"noopener\"><strong><span style=\"color: #75c22c;\">ASTM <\/span><span style=\"color: #75c22c;\">D1709<\/span><\/strong><\/a><\/span>: Diese Norm beschreibt das Verfahren zur Bestimmung der <strong>Schlagfestigkeit von Kunststofffolien<\/strong> mit einem frei fallenden Pfeil.<\/li>\n<li><a href=\"https:\/\/www.qualitester.com\/de\/standards\/iso\/iso-7765-1\/\" target=\"_blank\" rel=\"noopener\"><strong><span style=\"color: #75c22c;\">ISO 7765-1<\/span><\/strong><\/a>: Internationale Norm f\u00fcr<strong> Schlagpr\u00fcfung von Kunststofffolien<\/strong>.<\/li>\n<li><strong>JIS K7124-1<\/strong>: Japanischer Industriestandard zur Bewertung der <strong>Wirkungsgrad von Filmen<\/strong>.<\/li>\n<li><strong>GB\/T 9639.1<\/strong>: Chinesischer nationaler Standard zur Angleichung an globale Praktiken f\u00fcr <strong>Schlagz\u00e4higkeit des Materials<\/strong>.<\/li>\n<\/ul>\n<h2><strong>Hauptmerkmale des Drop Dart Impact Testers<\/strong><\/h2>\n<ol>\n<li><strong>SPS-Steuerung und Touchscreen-Bedienung<\/strong><\/li>\n<li><strong>Duale Testmethoden<\/strong>\n<ul>\n<li><strong>Methode A<\/strong>: Geeignet f\u00fcr einen Dartdurchmesser von 38 \u00b1 1 mm und eine Fallh\u00f6he von 660 mm.<\/li>\n<li><strong>Methode B<\/strong>\u00a0(optional): Ausgelegt f\u00fcr einen Pfeildurchmesser von 50 \u00b1 1 mm und eine Fallh\u00f6he von 1500 mm.<\/li>\n<\/ul>\n<\/li>\n<li><strong>Sichere und bequeme Bedienung: <\/strong>Ausgestattet mit einer Pr\u00fcftaste und einem Fu\u00dfschalter.<\/li>\n<li><strong>Automatisierte Berechnungen: <\/strong>Das integrierte Programm berechnet automatisch die Ergebnisse in Gramm und Joule.<\/li>\n<li><strong>Beobachtungslicht und pneumatische Klemmung: <\/strong>Das Beobachtungslicht hilft bei der Proben\u00fcberwachung w\u00e4hrend der Tests, w\u00e4hrend die pneumatische Klemme f\u00fcr einen sicheren Halt der Probe sorgt.<\/li>\n<li><strong>Datenausgabe: <\/strong>Das Pr\u00fcfger\u00e4t enth\u00e4lt einen Punktmatrix-Mikrodrucker f\u00fcr die direkte Datenausgabe.<\/li>\n<li><strong>Software-Integration: <\/strong>Die optionale professionelle Software erweitert die M\u00f6glichkeiten der Datenverwaltung und Berichterstellung.<\/li>\n<\/ol>\n<h2><strong>Technische Spezifikationen<\/strong><\/h2>\n<table style=\"height: 433px;\" width=\"799\">\n<tbody>\n<tr>\n<td width=\"162\">\n<p style=\"text-align: center;\">Testmethode Methode<\/p>\n<\/td>\n<td width=\"274\">\n<p style=\"text-align: center;\">A oder Methode B (optional)<\/p>\n<\/td>\n<\/tr>\n<tr>\n<td width=\"162\">\n<p style=\"text-align: center;\">Testbereich<\/p>\n<\/td>\n<td style=\"text-align: center;\" width=\"274\">Methode A: 50~2000g\/<br \/>\nMethode B: 300~2000g<\/td>\n<\/tr>\n<tr>\n<td width=\"162\">\n<p style=\"text-align: center;\">Dartdurchmesser<\/p>\n<\/td>\n<td style=\"text-align: center;\" width=\"274\">Methode A: 38 \u00b1 1 mm<br \/>\nMethode B: 50 \u00b1 1 mm<\/td>\n<\/tr>\n<tr>\n<td style=\"text-align: center;\" width=\"162\">Aufprallh\u00f6he<\/td>\n<td width=\"274\">\n<p style=\"text-align: center;\">660 mm\/1500 mm<\/p>\n<\/td>\n<\/tr>\n<tr>\n<td width=\"162\">\n<p style=\"text-align: center;\">Genauigkeit<\/p>\n<\/td>\n<td style=\"text-align: center;\" width=\"274\">0,1 g (0,1 J)<\/td>\n<\/tr>\n<tr>\n<td style=\"text-align: center;\" width=\"162\">Klemme<\/td>\n<td width=\"274\">\n<p style=\"text-align: center;\">Pneumatische Klemme<\/p>\n<\/td>\n<\/tr>\n<tr>\n<td width=\"162\">\n<p style=\"text-align: center;\">Gasversorgung<\/p>\n<\/td>\n<td style=\"text-align: center;\" width=\"274\">0,6 MPa \u03a68 mm PU-Schlauch<\/td>\n<\/tr>\n<tr>\n<td style=\"text-align: center;\" width=\"162\">Probengr\u00f6\u00dfe<\/td>\n<td width=\"274\">\n<p style=\"text-align: center;\">&gt; 150 mm x 150 mm<\/p>\n<\/td>\n<\/tr>\n<tr>\n<td width=\"162\">\n<p style=\"text-align: center;\">Stromversorgung<\/p>\n<\/td>\n<td style=\"text-align: center;\" width=\"274\">Wechselstrom 110\u2013220\u00a0V, 50\u00a0Hz<\/td>\n<\/tr>\n<tr>\n<td style=\"text-align: center;\" width=\"162\">Dimension<\/td>\n<td width=\"274\">\n<p style=\"text-align: center;\">Methode A: 500*450*1200 mm (LBH)<br \/>\nMethode B: 500*450*2200 mm (LBH)<\/p>\n<\/td>\n<\/tr>\n<\/tbody>\n<\/table>\n<h2><strong>Falling Dart Impact Testing Machine Anwendungen<\/strong><\/h2>\n<p>Der Drop Dart Impact Tester ist ideal f\u00fcr:<\/p>\n<ul>\n<li><strong>Kunststofffolien und -platten<\/strong>\u00a0Wird in Verpackungen und zum Produktschutz verwendet.<\/li>\n<li><strong>Verbundfolien<\/strong>\u00a0erfordert eine Bewertung der Schlagfestigkeit.<\/li>\n<li><strong>Papiermaterialien<\/strong>\u00a0Handhabungsbelastungen ausgesetzt.<\/li>\n<\/ul>\n<h2><strong>Vorteile des Dart Drop Impact Testers<\/strong><\/h2>\n<ul>\n<li><strong>Verbesserte Qualit\u00e4tskontrolle<\/strong>: Stellt vor der Verwendung sicher, dass die Materialien die Haltbarkeitsstandards erf\u00fcllen.<\/li>\n<li><strong>Verbessertes Produktdesign<\/strong>: Bietet Einblicke in die Materialleistung und unterst\u00fctzt bei der optimalen Konstruktion.<\/li>\n<li><strong>Kosteneffizienz<\/strong>: Reduziert Materialabfall durch fr\u00fchzeitiges Erkennen von Schwachstellen.<\/li>\n<\/ul>\n<h2><strong>H\u00e4ufig gestellte Fragen zum Drop Dart Impact Tester<\/strong><\/h2>\n<ol>\n<li><strong>Warum ist der Drop-Dart-Aufpralltest wichtig?<\/strong><br \/>\nEs bestimmt die Z\u00e4higkeit von Materialien durch die Simulation realer Aufprallbedingungen und tr\u00e4gt so zur Gew\u00e4hrleistung der Produktzuverl\u00e4ssigkeit bei.<\/li>\n<li><strong>Welche Branchen profitieren vom Einsatz dieses Testers?<\/strong><br \/>\nBranchen wie die Verpackungs-, Lebensmittel-, Medizin- und Pharmaindustrie profitieren von der Bewertung der Schlagfestigkeit von Materialien.<\/li>\n<li><strong>Welche Bedeutung hat ASTM D1709?<\/strong><br \/>\n<a href=\"https:\/\/www.astm.org\/d1709-22.html\" target=\"_blank\" rel=\"nofollow noopener\">ASTM D1709<\/a> bietet standardisierte Verfahren f\u00fcr die Durchf\u00fchrung von Aufpralltests mit Wurfpfeilen und gew\u00e4hrleistet so die Konsistenz und Zuverl\u00e4ssigkeit der Ergebnisse.<\/li>\n<li><strong>Wie funktioniert das pneumatische Spannsystem?<\/strong><br \/>\nDas pneumatische System h\u00e4lt die Probe sicher an ihrem Platz, verhindert Bewegungen w\u00e4hrend des Tests und gew\u00e4hrleistet genaue Ergebnisse.<\/li>\n<li><strong>K\u00f6nnen Ergebnisse f\u00fcr weitere Analysen exportiert werden?<\/strong><br \/>\nJa, der Tester verf\u00fcgt \u00fcber einen integrierten Drucker f\u00fcr sofortige Ergebnisse und optionale Software f\u00fcr eine detaillierte Datenverwaltung.<\/li>\n<\/ol>","protected":false},"excerpt":{"rendered":"<p>Der <strong>Aufpralltester f\u00fcr frei fallende Pfeile<\/strong> wird verwendet, um die Schlagfestigkeit von Kunststofffolien, Verpackungsmaterialien und anderen d\u00fcnnen Materialien zu messen. Bei der Pr\u00fcfung wird die Energie ermittelt, die erforderlich ist, um einen Bruch zu verursachen, indem ein beschwerter Pfeil aus einer bestimmten H\u00f6he auf das Material fallen gelassen wird. Sie folgt Normen wie <strong>ASTM D1709<\/strong> Und <strong>ISO 7765-1<\/strong>.<\/p>","protected":false},"featured_media":5961,"comment_status":"closed","ping_status":"closed","template":"","meta":{"site-sidebar-layout":"default","site-content-layout":"default","ast-global-header-display":"","ast-main-header-display":"","ast-hfb-above-header-display":"","ast-hfb-below-header-display":"","ast-hfb-mobile-header-display":"","site-post-title":"disabled","ast-breadcrumbs-content":"","ast-featured-img":"disabled","footer-sml-layout":"","theme-transparent-header-meta":"default","adv-header-id-meta":"","stick-header-meta":"","header-above-stick-meta":"","header-main-stick-meta":"","header-below-stick-meta":""},"product_cat":[845,684,44,149,16,111,169,95],"product_tag":[],"class_list":{"0":"post-2743","1":"product","2":"type-product","3":"status-publish","4":"has-post-thumbnail","6":"product_cat-customization","7":"product_cat-impact-tester","8":"product_cat-paper-and-board-testers","9":"product_cat-pharma-and-medical-testers","10":"product_cat-plastic-packaging-testers","11":"product_cat-astm-d1709","12":"product_cat-iso-7765-1","13":"product_cat-products","14":"desktop-align-left","15":"tablet-align-left","16":"mobile-align-left","18":"first","19":"instock","20":"shipping-taxable","21":"product-type-simple"},"_links":{"self":[{"href":"https:\/\/www.qualitester.com\/de\/wp-json\/wp\/v2\/product\/2743","targetHints":{"allow":["GET"]}}],"collection":[{"href":"https:\/\/www.qualitester.com\/de\/wp-json\/wp\/v2\/product"}],"about":[{"href":"https:\/\/www.qualitester.com\/de\/wp-json\/wp\/v2\/types\/product"}],"replies":[{"embeddable":true,"href":"https:\/\/www.qualitester.com\/de\/wp-json\/wp\/v2\/comments?post=2743"}],"version-history":[{"count":0,"href":"https:\/\/www.qualitester.com\/de\/wp-json\/wp\/v2\/product\/2743\/revisions"}],"wp:featuredmedia":[{"embeddable":true,"href":"https:\/\/www.qualitester.com\/de\/wp-json\/wp\/v2\/media\/5961"}],"wp:attachment":[{"href":"https:\/\/www.qualitester.com\/de\/wp-json\/wp\/v2\/media?parent=2743"}],"wp:term":[{"taxonomy":"product_cat","embeddable":true,"href":"https:\/\/www.qualitester.com\/de\/wp-json\/wp\/v2\/product_cat?post=2743"},{"taxonomy":"product_tag","embeddable":true,"href":"https:\/\/www.qualitester.com\/de\/wp-json\/wp\/v2\/product_tag?post=2743"}],"curies":[{"name":"wp","href":"https:\/\/api.w.org\/{rel}","templated":true}]}}