{"id":2695,"date":"2023-07-04T14:24:00","date_gmt":"2023-07-04T06:24:00","guid":{"rendered":"https:\/\/www.qualitester.com\/?post_type=product&#038;p=2695"},"modified":"2024-12-04T15:49:44","modified_gmt":"2024-12-04T07:49:44","slug":"wtt-plastic-bottle-wall-thickness-gauge","status":"publish","type":"product","link":"https:\/\/www.qualitester.com\/de\/produkt-2\/wtt-plastic-bottle-wall-thickness-gauge\/","title":{"rendered":"WTT Wanddickenmessger\u00e4t"},"content":{"rendered":"<h2><strong>Einf\u00fchrung zum Flaschenwanddickenmessger\u00e4t<\/strong><\/h2>\n<p>Der <strong>Flaschenwanddickenmessger\u00e4t<\/strong> ist ein hochpr\u00e4zises Instrument zum Messen der Wandst\u00e4rke einer Vielzahl von Flaschen und Beh\u00e4ltern. Eine genaue Messung der Wandst\u00e4rke ist entscheidend f\u00fcr die Gew\u00e4hrleistung der Festigkeit, Haltbarkeit und Integrit\u00e4t von Verpackungsmaterialien. Ob f\u00fcr PET-, Glas-, Aluminium- oder Plastikflaschen \u2013 dieses Werkzeug hilft Herstellern, Industriestandards einzuhalten und die Produktqualit\u00e4t zu verbessern, und ist daher unverzichtbar f\u00fcr Anwendungen in den Bereichen Verpackung, Pharmazeutika, Lebensmittel und Getr\u00e4nke, medizinische Ger\u00e4te und mehr.<\/p>\n<h2><strong>Pr\u00fcfverfahren zur Flaschenwanddickenmessung<\/strong><\/h2>\n<p>Der <strong>Flaschenwanddickenmessger\u00e4t<\/strong> unterst\u00fctzt verschiedene erweiterte Testmethoden f\u00fcr unterschiedliche Materialtypen und Anforderungen an die Messgenauigkeit:<\/p>\n<ul>\n<li><strong>Wanddickenpr\u00fcfger\u00e4t mit Kontaktmethode<\/strong>: Bei dieser Methode wird die Wandst\u00e4rke mithilfe einer Sonde direkt mit der Oberfl\u00e4che der Flasche gemessen. Es handelt sich um eine schnelle, genaue und weit verbreitete Technik, die sich f\u00fcr eine Vielzahl von Beh\u00e4ltertypen eignet.<\/li>\n<li><strong>Ultraschall-Dickenmessung<\/strong>: Bei dieser zerst\u00f6rungsfreien Methode werden hochfrequente Schallwellen verwendet, um die Zeit zu messen, die Schallwellen brauchen, um nach dem Durchdringen des Flaschenmaterials zur\u00fcckzuprallen. Sie liefert hochpr\u00e4zise Ergebnisse und wird h\u00e4ufig in Qualit\u00e4tskontrollprozessen eingesetzt.<\/li>\n<li><strong>R\u00f6ntgen- oder Gammastrahlenbildgebung<\/strong>: Diese fortschrittlichen Techniken erm\u00f6glichen eine nichtinvasive Messung der Flaschenwanddicke. Die R\u00f6ntgen- oder Gammastrahlenbildgebung ist ideal f\u00fcr Forschungs- und kritische Qualit\u00e4tskontrollanwendungen, bei denen Pr\u00e4zision von entscheidender Bedeutung ist.<\/li>\n<li><strong>Wirbelstrompr\u00fcfung<\/strong>: Bei der Wirbelstrompr\u00fcfung werden mittels elektromagnetischer Induktion Ver\u00e4nderungen der elektrischen Leitf\u00e4higkeit im Flaschenmaterial erkannt und so die Wandst\u00e4rke ber\u00fchrungslos gemessen.<\/li>\n<li><strong>Optisches Profiling<\/strong>: Bei dieser Methode werden Laser oder strukturiertes Licht verwendet, um detaillierte 3D-Oberfl\u00e4chendaten zu erfassen. Dadurch ist eine hochgenaue Messung der Wandst\u00e4rke an mehreren Punkten der Flaschenoberfl\u00e4che m\u00f6glich.<\/li>\n<li><strong>Mikroskopie<\/strong>: Bei einigen Anwendungen kann mithilfe der Mikroskopie ein Querschnitt der Flasche untersucht werden, wodurch eine detaillierte und genaue Messung der Wandst\u00e4rke in sehr feinem Ma\u00dfstab m\u00f6glich wird.<\/li>\n<\/ul>\n<h2><strong>Wanddickenmessger\u00e4t der WTT-Serie<\/strong><\/h2>\n<p>Der <strong>Wanddickenmessger\u00e4t der WTT-Serie<\/strong> ist ein vielseitiges, hochpr\u00e4zises Instrument, das speziell zum Messen der Wanddicke verschiedener Verpackungsbeh\u00e4lter entwickelt wurde, darunter PET-Getr\u00e4nkeflaschen, Dosen, Glasflaschen, Infusionsflaschen und mehr. Mit erweiterten Messfunktionen gew\u00e4hrleistet die WTT-Serie konsistente, zuverl\u00e4ssige Ergebnisse f\u00fcr eine breite Palette von Anwendungen.<\/p>\n<p><strong>Hauptmerkmale<\/strong>:<\/p>\n<ul>\n<li><strong>Digitalanzeige<\/strong>: Bietet hochpr\u00e4zise Messungen in Echtzeit, die sofort abgelesen werden k\u00f6nnen.<\/li>\n<li><strong>Duale Messfunktion<\/strong>: Kann sowohl die Wand- als auch die Bodendicke messen und erm\u00f6glicht so eine umfassende Pr\u00fcfung von Verpackungsbeh\u00e4ltern.<\/li>\n<li><strong>Daten\u00fcbertragungsfunktionen<\/strong>: Enth\u00e4lt ein optionales Datenkabel f\u00fcr die einfache \u00dcbertragung der Messdaten an MS Excel zur weiteren Analyse und Berichterstattung.<\/li>\n<li><strong>Haltbarkeit<\/strong>: Konstruiert, um starker Beanspruchung in anspruchsvollen Fertigungsumgebungen standzuhalten und so Langlebigkeit und Zuverl\u00e4ssigkeit zu gew\u00e4hrleisten.<\/li>\n<li><strong>Benutzerfreundlichkeit<\/strong>: Eine einfache Benutzeroberfl\u00e4che und benutzerfreundliche Bedienelemente erleichtern dem Bediener die Durchf\u00fchrung schneller und genauer Messungen.<\/li>\n<\/ul>\n<h2><strong>Warum Sie sich f\u00fcr das Flaschenwanddickenmessger\u00e4t entscheiden sollten<\/strong><\/h2>\n<ul>\n<li><strong>Pr\u00e4zision und Genauigkeit<\/strong>: Liefert hochpr\u00e4zise und wiederholbare Messungen, gew\u00e4hrleistet die Einhaltung internationaler Standards und garantiert die Qualit\u00e4t der verpackten Produkte.<\/li>\n<li><strong>Vielseitigkeit<\/strong>: Geeignet f\u00fcr zahlreiche Flaschentypen, darunter PET, Glas, Aluminium und Kunststoff, und somit anpassbar an verschiedene Branchen und Anwendungen.<\/li>\n<li><strong>Kosteng\u00fcnstig und effizient<\/strong>: Indem sie sicherstellen, dass bei der Produktion nur Flaschen mit der richtigen Wandst\u00e4rke verwendet werden, k\u00f6nnen Hersteller Abfall reduzieren und die Effizienz verbessern, wodurch sie Zeit und Geld sparen.<\/li>\n<li><strong>Benutzerfreundlich<\/strong>: Auf Benutzerfreundlichkeit ausgelegt, mit einer intuitiven Benutzeroberfl\u00e4che und schneller Einrichtung, sodass die Bediener nach minimaler Schulung mit dem Testen beginnen k\u00f6nnen.<\/li>\n<\/ul>\n<p>Der <strong>Flaschenwanddickenmessger\u00e4t<\/strong> ist ein unverzichtbares Werkzeug f\u00fcr Hersteller in der Verpackungs-, Lebensmittel-, Getr\u00e4nke-, Pharma- und Medizinbranche. Mit seinen pr\u00e4zisen Messfunktionen und mehreren Testmethoden stellt es sicher, dass Flaschen die erforderlichen Qualit\u00e4ts- und Sicherheitsstandards erf\u00fcllen. Egal, ob Sie PET-, Glas- oder Aluminiumflaschen testen, dieses zuverl\u00e4ssige Instrument liefert die Erkenntnisse, die Sie f\u00fcr die Qualit\u00e4tssicherung und kontinuierliche Verbesserung Ihres Produktionsprozesses ben\u00f6tigen.<\/p>","protected":false},"excerpt":{"rendered":"<p>Der <strong>Flaschenwanddickenmessger\u00e4t<\/strong> ist ein hochpr\u00e4zises Instrument zum Messen der Wandst\u00e4rke einer Vielzahl von Flaschen und Beh\u00e4ltern. Eine genaue Messung der Wandst\u00e4rke ist entscheidend f\u00fcr die Gew\u00e4hrleistung der Festigkeit, Haltbarkeit und Integrit\u00e4t von Verpackungsmaterialien. Ob f\u00fcr PET-, Glas-, Aluminium- oder Plastikflaschen \u2013 dieses Werkzeug hilft Herstellern, Industriestandards einzuhalten und die Produktqualit\u00e4t zu verbessern, und ist daher unverzichtbar f\u00fcr Anwendungen in den Bereichen Verpackung, Pharmazeutika, Lebensmittel und Getr\u00e4nke, medizinische Ger\u00e4te und mehr.<\/p>","protected":false},"featured_media":6115,"comment_status":"closed","ping_status":"closed","template":"","meta":{"site-sidebar-layout":"default","site-content-layout":"default","ast-global-header-display":"","ast-main-header-display":"","ast-hfb-above-header-display":"","ast-hfb-below-header-display":"","ast-hfb-mobile-header-display":"","site-post-title":"disabled","ast-breadcrumbs-content":"","ast-featured-img":"disabled","footer-sml-layout":"","theme-transparent-header-meta":"default","adv-header-id-meta":"","stick-header-meta":"","header-above-stick-meta":"","header-main-stick-meta":"","header-below-stick-meta":""},"product_cat":[845,17,149,16,95],"product_tag":[],"class_list":{"0":"post-2695","1":"product","2":"type-product","3":"status-publish","4":"has-post-thumbnail","6":"product_cat-customization","7":"product_cat-package-container-testers","8":"product_cat-pharma-and-medical-testers","9":"product_cat-plastic-packaging-testers","10":"product_cat-products","11":"desktop-align-left","12":"tablet-align-left","13":"mobile-align-left","15":"first","16":"instock","17":"shipping-taxable","18":"product-type-simple"},"_links":{"self":[{"href":"https:\/\/www.qualitester.com\/de\/wp-json\/wp\/v2\/product\/2695","targetHints":{"allow":["GET"]}}],"collection":[{"href":"https:\/\/www.qualitester.com\/de\/wp-json\/wp\/v2\/product"}],"about":[{"href":"https:\/\/www.qualitester.com\/de\/wp-json\/wp\/v2\/types\/product"}],"replies":[{"embeddable":true,"href":"https:\/\/www.qualitester.com\/de\/wp-json\/wp\/v2\/comments?post=2695"}],"version-history":[{"count":0,"href":"https:\/\/www.qualitester.com\/de\/wp-json\/wp\/v2\/product\/2695\/revisions"}],"wp:featuredmedia":[{"embeddable":true,"href":"https:\/\/www.qualitester.com\/de\/wp-json\/wp\/v2\/media\/6115"}],"wp:attachment":[{"href":"https:\/\/www.qualitester.com\/de\/wp-json\/wp\/v2\/media?parent=2695"}],"wp:term":[{"taxonomy":"product_cat","embeddable":true,"href":"https:\/\/www.qualitester.com\/de\/wp-json\/wp\/v2\/product_cat?post=2695"},{"taxonomy":"product_tag","embeddable":true,"href":"https:\/\/www.qualitester.com\/de\/wp-json\/wp\/v2\/product_tag?post=2695"}],"curies":[{"name":"wp","href":"https:\/\/api.w.org\/{rel}","templated":true}]}}