{"id":2636,"date":"2023-06-29T09:53:14","date_gmt":"2023-06-29T01:53:14","guid":{"rendered":"https:\/\/www.qualitester.com\/?post_type=product&#038;p=2636"},"modified":"2024-12-05T09:38:10","modified_gmt":"2024-12-05T01:38:10","slug":"sld-01-elimendorf-tear-resistance-testing-machine","status":"publish","type":"product","link":"https:\/\/www.qualitester.com\/de\/produkt-2\/sld-01-elimendorf-tear-resistance-testing-machine\/","title":{"rendered":"SLD-01 Rei\u00dffestigkeitspr\u00fcfger\u00e4t"},"content":{"rendered":"<h2>Einf\u00fchrung in die Rei\u00dffestigkeitspr\u00fcfung<\/h2>\n<p>Die Rei\u00dffestigkeit, auch Rei\u00dffestigkeit genannt, ist eine wichtige mechanische Eigenschaft, die angibt, wie gut ein Material Rei\u00dfkr\u00e4ften standhalten kann. Diese Eigenschaft ist in Branchen von entscheidender Bedeutung, in denen die Haltbarkeit des Materials von entscheidender Bedeutung ist, wie z. B. Verpackung, Textilien, Verpackung von medizinischen Ger\u00e4ten und mehr. Die <strong>Rei\u00dfpr\u00fcfmaschine<\/strong> ist ein wichtiges Instrument f\u00fcr Hersteller, um die Rei\u00dffestigkeit einer Vielzahl von Materialien zu beurteilen. Dieser Test liefert wertvolle Daten, um sicherzustellen, dass Produkte die Leistungsstandards erf\u00fcllen und den bei Handhabung, Transport und Verwendung auftretenden Kr\u00e4ften standhalten.<\/p>\n<p>Der <strong>SLD-01 Rei\u00dffestigkeitspr\u00fcfger\u00e4t<\/strong> wurde entwickelt, um die Rei\u00dffestigkeit von Materialien wie Papier, Kunststofffolien, Textilien und anderen flexiblen Materialien genau und zuverl\u00e4ssig zu messen. Es ist ein unverzichtbares Instrument f\u00fcr die Qualit\u00e4tskontrolle und Materialauswahl in zahlreichen Branchen.<\/p>\n<h2>Was ist ein Rei\u00dffestigkeitstest?<\/h2>\n<h3>Rei\u00dffestigkeit verstehen<\/h3>\n<p>Der <strong>Rei\u00dffestigkeitstest<\/strong> misst die Kraft, die erforderlich ist, um einen Riss durch ein Material zu projizieren. Dieser Test hilft dabei, die F\u00e4higkeit des Materials zu bestimmen, Rei\u00dfkr\u00e4ften standzuhalten, und liefert wertvolle Erkenntnisse \u00fcber seine Haltbarkeit und Leistung. Die Rei\u00dffestigkeit ist besonders wichtig f\u00fcr Verpackungsmaterialien, Textilien und medizinische Verpackungen, bei denen Materialversagen die Integrit\u00e4t oder Sicherheit des Produkts beeintr\u00e4chtigen k\u00f6nnte.<\/p>\n<p>Bei diesem Test wird ein Probenmaterial einer kontrollierten Kraft ausgesetzt, um einen Riss auszubreiten, und die zur Ausbreitung dieses Risses erforderliche Energie wird zur Bestimmung der Rei\u00dffestigkeit verwendet. Die <strong>Rei\u00dfpr\u00fcfmaschine<\/strong> ist darauf ausgelegt, diese Kraft hochpr\u00e4zise zu messen und so sicherzustellen, dass Hersteller die Rei\u00dffestigkeit des Materials zuverl\u00e4ssig beurteilen k\u00f6nnen.<\/p>\n<h2>Wichtige Normen f\u00fcr Rei\u00dfpr\u00fcfmaschinen<\/h2>\n<p>Der <strong>Rei\u00dfpr\u00fcfmaschine<\/strong> ist so konzipiert, dass es mehrere international anerkannte Standards erf\u00fcllt und so Konsistenz und Zuverl\u00e4ssigkeit der Testergebnisse gew\u00e4hrleistet. Im Folgenden sind einige der wichtigsten Standards f\u00fcr Rei\u00dffestigkeitstests aufgef\u00fchrt:<\/p>\n<h3>ASTM D1922 \u2013 Standardpr\u00fcfverfahren f\u00fcr den Propagating Knife Test<\/h3>\n<p><a href=\"https:\/\/www.qualitester.com\/de\/produkt-kategorie\/astm\/astm-d1922\/\" target=\"_blank\" rel=\"noopener\"><strong>ASTM D1922<\/strong><\/a> ist einer der am h\u00e4ufigsten verwendeten Standards zur Messung der Rei\u00dffestigkeit von Papier und Kunststofffolien. Dieser Standard beschreibt eine Testmethode, bei der ein Pendel verwendet wird, um einen Riss im Material zu erzeugen und fortzupflanzen.<\/p>\n<ul>\n<li><strong>Testmethode:<\/strong> Die Probe wird aufgeschlitzt und das Pendel losgelassen, um den Riss auszubreiten. Die zur Rissausbreitung erforderliche Energie wird gemessen und zur Bestimmung der Rei\u00dffestigkeit verwendet.<\/li>\n<li><strong>Materieller Fokus:<\/strong> Wird haupts\u00e4chlich f\u00fcr Papier und Kunststofffolien verwendet.<\/li>\n<li><strong>Relevanz:<\/strong> Wird h\u00e4ufig in der Verpackungsindustrie und anderen Branchen verwendet, um die Rei\u00dffestigkeit von Materialien zu bewerten.<\/li>\n<\/ul>\n<h3>ASTM D1424 \u2013 Standardpr\u00fcfverfahren f\u00fcr die Rei\u00dffestigkeit von Papier und Pappe<\/h3>\n<p><a href=\"https:\/\/www.qualitester.com\/de\/produkt-kategorie\/astm\/astm-d1424\/\" target=\"_blank\" rel=\"noopener\"><strong>ASTM D1424<\/strong><\/a> ist ein Standard, der die Rei\u00dffestigkeit von Kartonmaterialien misst. Dieser Test wird in der Verpackungsindustrie h\u00e4ufig verwendet, um die Festigkeit von Kartons und anderen Papierprodukten zu bewerten.<\/p>\n<ul>\n<li><strong>Testmethode:<\/strong> Mit dem Pendelrei\u00dfversuch wird die Kraft gemessen, die n\u00f6tig ist, um einen Riss im Material hervorzurufen.<\/li>\n<li><strong>Materieller Fokus:<\/strong> Papier- und Kartonmaterialien.<\/li>\n<li><strong>Relevanz:<\/strong> Entscheidend f\u00fcr die Pr\u00fcfung von Verpackungsmaterialien, insbesondere bei der Herstellung von Kartonagen.<\/li>\n<\/ul>\n<h3>ASTM D689 \u2013 Standardhandbuch f\u00fcr Rei\u00dfpr\u00fcfverfahren f\u00fcr Papier und Pappe<\/h3>\n<p><a href=\"https:\/\/www.qualitester.com\/de\/produkt-kategorie\/astm\/astm-d689\/\" target=\"_blank\" rel=\"noopener\"><strong>ASTM D689<\/strong><\/a> bietet eine Anleitung zur Auswahl von Rei\u00dfpr\u00fcfmethoden f\u00fcr Papier- und Kartonmaterialien. Diese Norm ist besonders n\u00fctzlich, wenn verschiedene Rei\u00dfpr\u00fcfmethoden verf\u00fcgbar sind, und hilft Benutzern, je nach Materialtyp und Anwendung den am besten geeigneten Test auszuw\u00e4hlen.<\/p>\n<ul>\n<li><strong>Testmethode:<\/strong> Bietet Hinweise zur Auswahl der am besten geeigneten Rei\u00dftestmethode.<\/li>\n<li><strong>Materieller Fokus:<\/strong> Papier- und Kartonmaterialien.<\/li>\n<li><strong>Relevanz:<\/strong> Hilft sicherzustellen, dass Hersteller die richtige Testmethode f\u00fcr ihre Materialien ausw\u00e4hlen.<\/li>\n<\/ul>\n<h3>ISO 6383 \u2013 Kunststofffolien und -bahnen: Bestimmung der Rei\u00dffestigkeit<\/h3>\n<p><a href=\"https:\/\/www.qualitester.com\/de\/produkt-kategorie\/iso\/iso-6383\/\" target=\"_blank\" rel=\"noopener\"><strong>ISO 6383<\/strong><\/a> legt eine Methode zur Messung der Rei\u00dffestigkeit von Kunststofffolien und -bahnen fest. Diese Norm ist entscheidend f\u00fcr die Beurteilung der Haltbarkeit von Kunststoffverpackungsmaterialien, die Belastungen bei Handhabung und Verwendung standhalten m\u00fcssen.<\/p>\n<ul>\n<li><strong>Testmethode:<\/strong> Bei diesem Test wird die Rei\u00dffestigkeit von Kunststofffolien mit einem Pendelpr\u00fcfger\u00e4t gemessen.<\/li>\n<li><strong>Materieller Fokus:<\/strong> Folien und Planen aus Kunststoff.<\/li>\n<li><strong>Relevanz:<\/strong> Unverzichtbar zum Testen der Rei\u00dffestigkeit von Kunststoffverpackungen.<\/li>\n<\/ul>\n<h3>ISO 1974 \u2013 Kunststoffe: Folien und Bahnenware \u2013 Bestimmung der Weiterrei\u00dffestigkeit mit dem Pendelverfahren<\/h3>\n<p><a href=\"https:\/\/www.qualitester.com\/de\/produkt-kategorie\/iso\/iso-1974\/\" target=\"_blank\" rel=\"noopener\"><strong>ISO 1974<\/strong><\/a> bietet eine standardisierte Methode zur Messung der Rei\u00dffestigkeit von Kunststofffolien und -platten, \u00e4hnlich den ASTM-Standards, jedoch mit globalem Fokus. Mit diesem Test wird sichergestellt, dass Kunststofffolien die internationalen Qualit\u00e4tsstandards f\u00fcr Rei\u00dffestigkeit erf\u00fcllen.<\/p>\n<ul>\n<li><strong>Testmethode:<\/strong> Mithilfe eines Pendelrei\u00dftests l\u00e4sst sich die Energie messen, die zum Weiterrei\u00dfen eines Risses in der Kunststofffolie erforderlich ist.<\/li>\n<li><strong>Materieller Fokus:<\/strong> Wird haupts\u00e4chlich f\u00fcr Kunststofffolien und -platten verwendet.<\/li>\n<li><strong>Relevanz:<\/strong> Wichtig f\u00fcr Hersteller von Kunststoffverpackungen und Folienprodukten.<\/li>\n<\/ul>\n<h2>Testverfahren f\u00fcr Rei\u00dffestigkeitspr\u00fcfmaschine (SLD-01-Rei\u00dffestigkeitspr\u00fcfger\u00e4t)<\/h2>\n<h3>So funktioniert der SLD-01 Tr\u00e4nentester<\/h3>\n<p>Der <strong>SLD-01 Rei\u00dffestigkeitspr\u00fcfger\u00e4t<\/strong> ermittelt mit einem pr\u00e4zisen Pendelmechanismus die Rei\u00dffestigkeit von Materialien. So funktioniert das Verfahren:<\/p>\n<ol>\n<li><strong>Probenvorbereitung:<\/strong> In das Material wird ein Schlitz gemacht, normalerweise 43 mm vom Rand entfernt.<\/li>\n<li><strong>Pendelfreigabe:<\/strong> Das Pendel wird aus einer festen H\u00f6he losgelassen und treibt den Riss durch das Material.<\/li>\n<li><strong>Messung:<\/strong> Der Energieverlust des Pendels wird gemessen und zur Berechnung der durchschnittlichen Kraft verwendet, die zum Weiterrei\u00dfen des Risses erforderlich ist. Dadurch l\u00e4sst sich die Rei\u00dffestigkeit des Materials genau messen.<\/li>\n<\/ol>\n<p>Dieser Vorgang ist vollst\u00e4ndig automatisiert und wird durch ein SPS-System gesteuert, wodurch die Konsistenz und Genauigkeit jedes Tests gew\u00e4hrleistet wird.<\/p>\n<h2>Technische Merkmale des SLD-01 Rei\u00dfpr\u00fcfger\u00e4ts<\/h2>\n<ul>\n<li><strong>SPS-Steuerung und HMI-Touchscreen:<\/strong> Der Tester ist mit einer speicherprogrammierbaren Steuerung (SPS) in Industriequalit\u00e4t und einem Mensch-Maschine-Schnittstellen-Touchscreen (HMI) f\u00fcr pr\u00e4zise Steuerung und einfache Bedienung ausgestattet.<\/li>\n<li><strong>Breiter Testbereich:<\/strong> Geeignet f\u00fcr verschiedene Materialien, von d\u00fcnnen Folien bis zu dicker Pappe, mit anpassbaren Einstellungen f\u00fcr unterschiedliche Materialien.<\/li>\n<li><strong>Pneumatische Probenklemmung:<\/strong> Gew\u00e4hrleistet ein sicheres und gleichm\u00e4\u00dfiges Greifen der Probe f\u00fcr zuverl\u00e4ssige Testergebnisse.<\/li>\n<li><strong>Automatische Datenerfassung:<\/strong> Sammelt automatisch Testdaten und speichert die Ergebnisse zur Analyse.<\/li>\n<li><strong>Mikrodrucker:<\/strong> Enth\u00e4lt einen integrierten Mikrodrucker zum sofortigen Ausdrucken der Testergebnisse.<\/li>\n<li><strong>RS-232-Anschluss und optionale Software:<\/strong> Erm\u00f6glicht Datenexport und erweiterte Analyse mit optionaler Software f\u00fcr umfassende Berichte.<\/li>\n<\/ul>\n<h2>Anwendungsgebiete der Rei\u00dfpr\u00fcfmaschine<\/h2>\n<ul>\n<li><strong>Verpackungsindustrie:<\/strong> Stellt sicher, dass Verpackungsmaterialien wie Papier, Kunststofffolien und Karton den Haltbarkeitsstandards entsprechen.<\/li>\n<li><strong>Verpackung von Medizinprodukten:<\/strong> Bewertet die Rei\u00dffestigkeit von Verpackungsmaterialien f\u00fcr medizinische Anwendungen, um Schutz und Sicherheit zu gew\u00e4hrleisten.<\/li>\n<li><strong>Textilien:<\/strong> Testet Stoffe auf Rei\u00dffestigkeit, um sicherzustellen, dass sie f\u00fcr Kleidungsst\u00fccke, Polster und andere Anwendungen geeignet sind.<\/li>\n<li><strong>Speisen und Getr\u00e4nke:<\/strong> Validiert die Rei\u00dffestigkeit von Verpackungsmaterialien, die Lebensmittel und Getr\u00e4nke vor Verunreinigung und Besch\u00e4digung sch\u00fctzen.<\/li>\n<\/ul>\n<p>Der <strong>Rei\u00dfpr\u00fcfmaschine<\/strong> ist ein unverzichtbares Werkzeug f\u00fcr Branchen, in denen die Haltbarkeit von Materialien eine Rolle spielt. Egal, ob Sie Papier, Kunststofffolien oder Textilien testen, das <strong>SLD-01 Rei\u00dffestigkeitspr\u00fcfger\u00e4t<\/strong> bietet genaue und wiederholbare Ergebnisse, die sicherstellen, dass die Materialien die erforderlichen Qualit\u00e4tsstandards erf\u00fcllen. In \u00dcbereinstimmung mit Industriestandards wie <a href=\"https:\/\/www.astm.org\/d1922-15r20.html\" target=\"_blank\" rel=\"noopener nofollow\"><strong>ASTM D1922<\/strong><\/a>, <a href=\"https:\/\/www.astm.org\/d1424-21.html\" target=\"_blank\" rel=\"noopener nofollow\"><strong>ASTM D1424<\/strong><\/a>, <a href=\"https:\/\/www.astm.org\/d0689-17.html\" target=\"_blank\" rel=\"noopener nofollow\"><strong>ASTM D689<\/strong><\/a>, <strong>ISO 6383<\/strong>, Und <strong>ISO 1974<\/strong>Dieser Tester ist ideal f\u00fcr Hersteller, die zuverl\u00e4ssige Daten zur Rei\u00dffestigkeit ihrer Produkte ben\u00f6tigen. Stellen Sie mit dem SLD-01-Rei\u00dftester sicher, dass Ihre Materialien den Leistungsstandards entsprechen, und liefern Sie qualitativ hochwertige Produkte.<\/p>\n<h2>H\u00e4ufig gestellte Fragen<\/h2>\n<p><strong>1. Welche Materialien k\u00f6nnen mit der Rei\u00dfpr\u00fcfmaschine gepr\u00fcft werden?<\/strong><br \/>\nMit der Rei\u00dfpr\u00fcfmaschine k\u00f6nnen Materialien wie Papier, Karton, Kunststofffolien, Textilien und andere flexible Materialien gepr\u00fcft werden.<\/p>\n<p><strong>2. Wie funktioniert der Rei\u00dffestigkeitstest?<\/strong><br \/>\nBei der Rei\u00dffestigkeitspr\u00fcfung wird ein kleiner Schlitz in das Material geschnitten und mithilfe eines Pendelmechanismus der Riss weitergef\u00fchrt. Die vom Pendel verlorene Energie wird gemessen und daraus die Rei\u00dffestigkeit berechnet.<\/p>\n<p><strong>3. Was ist ASTM D1922 und warum ist es wichtig?<\/strong><br \/>\nASTM D1922 ist eine Standardpr\u00fcfmethode zur Messung der Rei\u00dffestigkeit von Papier und Kunststofffolien. Sie stellt sicher, dass Verpackungsmaterialien die erforderlichen Haltbarkeitsstandards f\u00fcr den Einsatz in der Praxis erf\u00fcllen.<\/p>\n<p><strong>4. Wie unterscheidet sich der SLD-01 Tr\u00e4nentester von anderen Tr\u00e4nentestern?<\/strong><br \/>\nDer SLD-01-Rei\u00dftester verf\u00fcgt \u00fcber ein SPS-Steuerungssystem, einen gro\u00dfen Testbereich, eine pneumatische Probenklemmung und eine automatische Datenerfassung, was ihn im Vergleich zu anderen Modellen effizienter und pr\u00e4ziser macht.<\/p>\n<p><strong>5. Kann die Rei\u00dfpr\u00fcfmaschine f\u00fcr medizinische Verpackungsmaterialien verwendet werden?<\/strong><br \/>\nJa, die Rei\u00dfpr\u00fcfmaschine eignet sich ideal zum Pr\u00fcfen von medizinischen Verpackungsmaterialien, um sicherzustellen, dass sie die f\u00fcr medizinische Produkte erforderlichen Haltbarkeits- und Sicherheitsstandards erf\u00fcllen.<\/p>","protected":false},"excerpt":{"rendered":"<p>Die Rei\u00dffestigkeit, auch Rei\u00dffestigkeit genannt, ist eine wichtige mechanische Eigenschaft, die angibt, wie gut ein Material Rei\u00dfkr\u00e4ften standhalten kann. Diese Eigenschaft ist in Branchen von entscheidender Bedeutung, in denen die Haltbarkeit des Materials von entscheidender Bedeutung ist, wie z. B. Verpackung, Textilien, Verpackung von medizinischen Ger\u00e4ten und mehr. Die <strong>Rei\u00dfpr\u00fcfmaschine<\/strong> ist ein wichtiges Instrument f\u00fcr Hersteller, um die Rei\u00dffestigkeit einer Vielzahl von Materialien zu beurteilen. Dieser Test liefert wertvolle Daten, um sicherzustellen, dass Produkte die Leistungsstandards erf\u00fcllen und den bei Handhabung, Transport und Verwendung auftretenden Kr\u00e4ften standhalten.<\/p>","protected":false},"featured_media":5998,"comment_status":"closed","ping_status":"closed","template":"","meta":{"site-sidebar-layout":"default","site-content-layout":"default","ast-global-header-display":"","ast-main-header-display":"","ast-hfb-above-header-display":"","ast-hfb-below-header-display":"","ast-hfb-mobile-header-display":"","site-post-title":"disabled","ast-breadcrumbs-content":"","ast-featured-img":"disabled","footer-sml-layout":"","theme-transparent-header-meta":"default","adv-header-id-meta":"","stick-header-meta":"","header-above-stick-meta":"","header-main-stick-meta":"","header-below-stick-meta":""},"product_cat":[845,680,44,149,16,119,121,137,159,165,95],"product_tag":[],"class_list":{"0":"post-2636","1":"product","2":"type-product","3":"status-publish","4":"has-post-thumbnail","6":"product_cat-customization","7":"product_cat-tear-tester","8":"product_cat-paper-and-board-testers","9":"product_cat-pharma-and-medical-testers","10":"product_cat-plastic-packaging-testers","11":"product_cat-astm-d1424","12":"product_cat-astm-d1922","13":"product_cat-astm-d689","14":"product_cat-iso-1974","15":"product_cat-iso-6383","16":"product_cat-products","17":"desktop-align-left","18":"tablet-align-left","19":"mobile-align-left","21":"first","22":"instock","23":"featured","24":"shipping-taxable","25":"product-type-simple"},"_links":{"self":[{"href":"https:\/\/www.qualitester.com\/de\/wp-json\/wp\/v2\/product\/2636","targetHints":{"allow":["GET"]}}],"collection":[{"href":"https:\/\/www.qualitester.com\/de\/wp-json\/wp\/v2\/product"}],"about":[{"href":"https:\/\/www.qualitester.com\/de\/wp-json\/wp\/v2\/types\/product"}],"replies":[{"embeddable":true,"href":"https:\/\/www.qualitester.com\/de\/wp-json\/wp\/v2\/comments?post=2636"}],"version-history":[{"count":0,"href":"https:\/\/www.qualitester.com\/de\/wp-json\/wp\/v2\/product\/2636\/revisions"}],"wp:featuredmedia":[{"embeddable":true,"href":"https:\/\/www.qualitester.com\/de\/wp-json\/wp\/v2\/media\/5998"}],"wp:attachment":[{"href":"https:\/\/www.qualitester.com\/de\/wp-json\/wp\/v2\/media?parent=2636"}],"wp:term":[{"taxonomy":"product_cat","embeddable":true,"href":"https:\/\/www.qualitester.com\/de\/wp-json\/wp\/v2\/product_cat?post=2636"},{"taxonomy":"product_tag","embeddable":true,"href":"https:\/\/www.qualitester.com\/de\/wp-json\/wp\/v2\/product_tag?post=2636"}],"curies":[{"name":"wp","href":"https:\/\/api.w.org\/{rel}","templated":true}]}}