{"id":2454,"date":"2023-06-14T08:35:29","date_gmt":"2023-06-14T00:35:29","guid":{"rendered":"https:\/\/www.qualitester.com\/?post_type=product&#038;p=2454"},"modified":"2024-11-28T10:12:04","modified_gmt":"2024-11-28T02:12:04","slug":"fbt-01-impact-testing-machine-falling-ball-impact-cardboard","status":"publish","type":"product","link":"https:\/\/www.qualitester.com\/de\/produkt-2\/fbt-01-impact-testing-machine-falling-ball-impact-cardboard\/","title":{"rendered":"FBT-01 Kugelfallpr\u00fcfger\u00e4t"},"content":{"rendered":"<h2>Einf\u00fchrung in den Aufpralltest f\u00fcr fallende B\u00e4lle<\/h2>\n<p>Der <strong>Kugelfallversuch<\/strong> ist eine wichtige Methode zur Bewertung der F\u00e4higkeit eines Materials, pl\u00f6tzlichen St\u00f6\u00dfen oder Sto\u00dfbelastungen standzuhalten. Diese Pr\u00fcfung simuliert reale Bedingungen, unter denen Materialien \u00e4u\u00dferen Kr\u00e4ften ausgesetzt sind, und hilft Herstellern, die Haltbarkeit und Qualit\u00e4t ihrer Produkte sicherzustellen. Die Sto\u00dffestigkeit ist wichtig, um Bruch, Rissbildung oder Verformung von Materialien zu verhindern, die in verschiedenen Branchen eingesetzt werden, z. B. bei Verpackungen, medizinischen Ger\u00e4ten und Elektronik.<\/p>\n<h2>\u00dcbersicht \u00fcber das FBT-01 Falling Ball Impact Tester<\/h2>\n<p>Der <strong>FBT-01 Kugelfallpr\u00fcfger\u00e4t<\/strong> ist ein hochpr\u00e4zises und vielseitiges Instrument zur Messung der Schlagfestigkeit von d\u00fcnnen Materialien wie Filmen, Platten, Verbundwerkstoffen, Folien und Papier. Durch den kontrollierten Fall einer Stahlkugel aus einer bestimmten H\u00f6he werden Aufprallkr\u00e4fte simuliert, die wichtige Erkenntnisse \u00fcber die Leistung des Materials unter Belastung liefern.<\/p>\n<h3>Wichtigste Vorteile:<\/h3>\n<ul>\n<li>Genaue, wiederholbare Ergebnisse f\u00fcr die Qualit\u00e4tskontrolle<\/li>\n<li>Benutzerfreundliche Bedienung \u00fcber einen HMI-Touchscreen<\/li>\n<\/ul>\n<h2>Testmethoden f\u00fcr den Fallkugelaufpralltest<\/h2>\n<p>Bei dieser Pr\u00fcfung wird eine Stahlkugel mit bekannter Masse und bekanntem Durchmesser aus einer bestimmten H\u00f6he auf den Probek\u00f6rper geschleudert. Die daraus resultierende Besch\u00e4digung oder Verformung wird beobachtet und analysiert, um die Schlagfestigkeit des Materials zu beurteilen.<\/p>\n<h3>Schl\u00fcsselfaktoren, die die Testergebnisse beeinflussen:<\/h3>\n<ul>\n<li><strong>Fallh\u00f6he:<\/strong> Die einstellbare H\u00f6he erm\u00f6glicht die Simulation verschiedener Aufprallszenarien und damit eine umfassendere Analyse der Materialleistung.<\/li>\n<li><strong>Gr\u00f6\u00dfe und Masse der Kugeln:<\/strong> Die Gr\u00f6\u00dfe und das Gewicht der Stahlkugel k\u00f6nnen auf der Grundlage spezifischer Testanforderungen ausgew\u00e4hlt werden, um die Relevanz f\u00fcr reale Anwendungen zu gew\u00e4hrleisten.<\/li>\n<\/ul>\n<h2>Eigenschaften des Drop Ball Impact Testers<\/h2>\n<p>Der <strong>Fallkugelschlagwerk<\/strong> ist mit fortschrittlichen Funktionen ausgestattet, die die Genauigkeit und Benutzerfreundlichkeit verbessern:<\/p>\n<ul>\n<li><strong>Pr\u00e4zisionssteuerung:<\/strong> SPS-basiertes System mit einem hochaufl\u00f6senden HMI-Touchscreen f\u00fcr intuitive Bedienung.<\/li>\n<li><strong>Einstellbare Aufprallh\u00f6he:<\/strong> Der Bereich reicht von 300 mm bis 600 mm, mit Erweiterungsm\u00f6glichkeiten je nach Kundenwunsch.<\/li>\n<li><strong>Elektromagnetische Federung:<\/strong> Gew\u00e4hrleistet die automatische und gleichm\u00e4\u00dfige Freigabe der Stahlkugel f\u00fcr zuverl\u00e4ssige Pr\u00fcfbedingungen.<\/li>\n<li><strong>Pneumatisches Klemmen:<\/strong> H\u00e4lt die Proben sicher an Ort und Stelle und verringert die Variabilit\u00e4t der Ergebnisse.<\/li>\n<li><strong>Multi-Unit-Anzeige:<\/strong> Die Ergebnisse k\u00f6nnen in verschiedenen Einheiten angezeigt werden, was eine flexible Datenauswertung erm\u00f6glicht.<\/li>\n<li><strong>Optionale professionelle Software:<\/strong> F\u00fcr erweiterte Datenanalyse und Berichterstattung.<\/li>\n<\/ul>\n<h3>Technische Daten:<\/h3>\n<table>\n<tbody>\n<tr>\n<td style=\"text-align: center;\" width=\"147\">Aufprallh\u00f6he<\/td>\n<td style=\"text-align: center;\" width=\"277\">300mm-600mm (kann verl\u00e4ngert werden)<\/td>\n<\/tr>\n<tr>\n<td style=\"text-align: center;\" width=\"147\">Kugeldurchmesser (mm)<\/td>\n<td style=\"text-align: center;\" width=\"277\">23, 25, 28,6, 38,1, 50,8 (eines vorhanden)<\/td>\n<\/tr>\n<tr>\n<td style=\"text-align: center;\" width=\"147\">Genauigkeit<\/td>\n<td style=\"text-align: center;\" width=\"277\">0,1 g (0,1 J)<\/td>\n<\/tr>\n<tr>\n<td style=\"text-align: center;\" width=\"147\">Probenklammer<\/td>\n<td style=\"text-align: center;\" width=\"277\">Pneumatische Klemme<\/td>\n<\/tr>\n<tr>\n<td style=\"text-align: center;\" width=\"147\">Gasversorgung<\/td>\n<td style=\"text-align: center;\" width=\"277\">0,6 MPa \u03a68 mm PU-Rohr<\/td>\n<\/tr>\n<tr>\n<td style=\"text-align: center;\" width=\"147\">Probengr\u00f6\u00dfe<\/td>\n<td style=\"text-align: center;\" width=\"277\">&gt; 150 mm x 150 mm<\/td>\n<\/tr>\n<tr>\n<td style=\"text-align: center;\" width=\"147\">Stromversorgung<\/td>\n<td style=\"text-align: center;\" width=\"277\">Wechselstrom 110\u2013220\u00a0V, 50\u00a0Hz<\/td>\n<\/tr>\n<\/tbody>\n<\/table>\n<h2>Anwendungen und Relevanz f\u00fcr die Industrie<\/h2>\n<p>Der FBT-01 ist ein unverzichtbares Werkzeug f\u00fcr verschiedene Industriezweige, um Produktsicherheit und -leistung zu gew\u00e4hrleisten:<\/p>\n<ul>\n<li><strong>Verpackung:<\/strong> Bewertung der Haltbarkeit von Filmen, Folien und Platten, die in Verpackungen verwendet werden.<\/li>\n<li><strong>Medizinische Ger\u00e4te:<\/strong> Sicherstellung der Schlagfestigkeit von Materialien, die in medizinischen Verpackungen und Komponenten verwendet werden.<\/li>\n<li><strong>Elektronik und Automotive:<\/strong> Pr\u00fcfung von Bauteilen auf ihre Robustheit gegen\u00fcber St\u00f6\u00dfen w\u00e4hrend des Gebrauchs oder Transports.<\/li>\n<li><strong>Qualit\u00e4tskontrolle und Inspektion:<\/strong> Bereitstellung von standardisierten Methoden f\u00fcr die Pr\u00fcfung und Einhaltung der Vorschriften.<\/li>\n<\/ul>\n<h2>Einhaltung von Standards<\/h2>\n<p>Der FBT-01 hilft bei der Erf\u00fcllung verschiedener Industriestandards f\u00fcr Aufpralltests und stellt sicher, dass die Produkte die strengen Qualit\u00e4tsanforderungen erf\u00fcllen. Diese Konformit\u00e4t ist entscheidend f\u00fcr Hersteller, die Zertifizierungen und Zulassungen in wettbewerbsintensiven M\u00e4rkten anstreben.<\/p>\n<h2>Warum das Falling Ball Impact Tester FBT-01?<\/h2>\n<p>Der FBT-01 zeichnet sich durch seine Pr\u00e4zision, Vielseitigkeit und sein benutzerfreundliches Design aus. Seine F\u00e4higkeit, eine breite Palette von Materialien zu testen und fortschrittliche Datenanalyse zu bieten, macht es zu einem unverzichtbaren Werkzeug f\u00fcr die Qualit\u00e4tskontrolle in Branchen, in denen die Haltbarkeit von Materialien entscheidend ist.<\/p>\n<h3>Einzigartige Verkaufsargumente:<\/h3>\n<ul>\n<li>Hochpr\u00e4zise Sto\u00dfmessungen<\/li>\n<li>Anpassbare Testparameter f\u00fcr spezifische Anforderungen<\/li>\n<li>Erweiterte Softwareoptionen f\u00fcr detaillierte Berichte<\/li>\n<li>Langlebige Konstruktion und zuverl\u00e4ssige Leistung<\/li>\n<\/ul>\n<h2>FAQs<\/h2>\n<ol>\n<li><strong>Welche Arten von Materialien kann der FBT-01 testen?<\/strong><br \/>\nDas Pr\u00fcfger\u00e4t kann d\u00fcnne Materialien wie Filme, Platten, Verbundstoffe, Folien und Papier mit einer Dicke von weniger als 2 mm pr\u00fcfen.<\/li>\n<li><strong>Wie wird die Fallh\u00f6he eingestellt?<\/strong><br \/>\nDie Fallh\u00f6he ist \u00fcber den HMI-Touchscreen einstellbar und kann so an die jeweiligen Testanforderungen angepasst werden.<\/li>\n<li><strong>Warum ist die Ballgr\u00f6\u00dfe im Test wichtig?<\/strong><br \/>\nVerschiedene Kugelgr\u00f6\u00dfen und -gewichte simulieren unterschiedliche Aufprallkr\u00e4fte und erm\u00f6glichen so ein umfassenderes Verst\u00e4ndnis der Materialleistung.<\/li>\n<li><strong>Kann ich das FBT-01 f\u00fcr erweiterte Datenanalysen verwenden?<\/strong><br \/>\nJa, das FBT-01 kann mit professioneller Software f\u00fcr eingehende Analysen und Berichte ausgestattet werden.<\/li>\n<li><strong>Wie verbessert das pneumatische Spannsystem die Genauigkeit?<\/strong><br \/>\nDie pneumatische Klemme h\u00e4lt die Probe sicher fest, minimiert die Bewegung w\u00e4hrend des Aufpralls und gew\u00e4hrleistet konsistente, genaue Ergebnisse.<\/li>\n<\/ol>\n<h2>Verwandtes Produkt<\/h2>\n<p>FDT-01 <a href=\"https:\/\/www.qualitester.com\/de\/produkt-2\/fdt-01-polypropylene-film-drop-dart-tester\/\" target=\"_blank\" rel=\"noopener\">Fallender Pfeilschlagpr\u00fcfer<\/a><\/p>","protected":false},"excerpt":{"rendered":"<p>Der <strong>Kugelfallversuch<\/strong> ist eine wichtige Methode zur Bewertung der F\u00e4higkeit eines Materials, pl\u00f6tzlichen St\u00f6\u00dfen oder Sto\u00dfbelastungen standzuhalten. Diese Pr\u00fcfung simuliert reale Bedingungen, unter denen Materialien \u00e4u\u00dferen Kr\u00e4ften ausgesetzt sind, und hilft Herstellern, die Haltbarkeit und Qualit\u00e4t ihrer Produkte sicherzustellen. Die Sto\u00dffestigkeit ist wichtig, um Bruch, Rissbildung oder Verformung von Materialien zu verhindern, die in verschiedenen Branchen eingesetzt werden, z. B. bei Verpackungen, medizinischen Ger\u00e4ten und Elektronik.<\/p>","protected":false},"featured_media":5940,"comment_status":"closed","ping_status":"closed","template":"","meta":{"site-sidebar-layout":"default","site-content-layout":"default","ast-global-header-display":"","ast-main-header-display":"","ast-hfb-above-header-display":"","ast-hfb-below-header-display":"","ast-hfb-mobile-header-display":"","site-post-title":"disabled","ast-breadcrumbs-content":"","ast-featured-img":"","footer-sml-layout":"","theme-transparent-header-meta":"default","adv-header-id-meta":"","stick-header-meta":"","header-above-stick-meta":"","header-main-stick-meta":"","header-below-stick-meta":""},"product_cat":[44,149,16,111,169,95],"product_tag":[],"class_list":{"0":"post-2454","1":"product","2":"type-product","3":"status-publish","4":"has-post-thumbnail","6":"product_cat-paper-and-board-testers","7":"product_cat-pharma-and-medical-testers","8":"product_cat-plastic-packaging-testers","9":"product_cat-astm-d1709","10":"product_cat-iso-7765-1","11":"product_cat-products","12":"desktop-align-left","13":"tablet-align-left","14":"mobile-align-left","16":"first","17":"instock","18":"shipping-taxable","19":"product-type-simple"},"_links":{"self":[{"href":"https:\/\/www.qualitester.com\/de\/wp-json\/wp\/v2\/product\/2454","targetHints":{"allow":["GET"]}}],"collection":[{"href":"https:\/\/www.qualitester.com\/de\/wp-json\/wp\/v2\/product"}],"about":[{"href":"https:\/\/www.qualitester.com\/de\/wp-json\/wp\/v2\/types\/product"}],"replies":[{"embeddable":true,"href":"https:\/\/www.qualitester.com\/de\/wp-json\/wp\/v2\/comments?post=2454"}],"version-history":[{"count":0,"href":"https:\/\/www.qualitester.com\/de\/wp-json\/wp\/v2\/product\/2454\/revisions"}],"wp:featuredmedia":[{"embeddable":true,"href":"https:\/\/www.qualitester.com\/de\/wp-json\/wp\/v2\/media\/5940"}],"wp:attachment":[{"href":"https:\/\/www.qualitester.com\/de\/wp-json\/wp\/v2\/media?parent=2454"}],"wp:term":[{"taxonomy":"product_cat","embeddable":true,"href":"https:\/\/www.qualitester.com\/de\/wp-json\/wp\/v2\/product_cat?post=2454"},{"taxonomy":"product_tag","embeddable":true,"href":"https:\/\/www.qualitester.com\/de\/wp-json\/wp\/v2\/product_tag?post=2454"}],"curies":[{"name":"wp","href":"https:\/\/api.w.org\/{rel}","templated":true}]}}