{"id":2401,"date":"2023-06-12T10:45:15","date_gmt":"2023-06-12T02:45:15","guid":{"rendered":"https:\/\/www.qualitester.com\/?post_type=product&#038;p=2401"},"modified":"2024-12-02T16:37:19","modified_gmt":"2024-12-02T08:37:19","slug":"lt-03-seal-strength-testing-machine","status":"publish","type":"product","link":"https:\/\/www.qualitester.com\/de\/produkt-2\/lt-03-seal-strength-testing-machine\/","title":{"rendered":"LT-03 Dichtheitspr\u00fcfger\u00e4t"},"content":{"rendered":"<h2><strong>Einf\u00fchrung<\/strong><\/h2>\n<p>In der Verpackungsindustrie ist die Aufrechterhaltung der Integrit\u00e4t von Siegeln entscheidend f\u00fcr die Gew\u00e4hrleistung von Produktsicherheit und -qualit\u00e4t. Ger\u00e4te zur Pr\u00fcfung der Siegelfestigkeit dienen dazu, die F\u00e4higkeit des Siegels zu bewerten, Umweltbedingungen standzuhalten und Lecks und Verunreinigungen zu verhindern. Diese Pr\u00fcfung ist f\u00fcr Branchen wie Lebensmittelverpackung, Pharmazeutika, medizinische Ger\u00e4te, Kosmetik und viele andere von entscheidender Bedeutung, in denen die Verpackungsleistung direkte Auswirkungen auf die Produktqualit\u00e4t und Verbrauchersicherheit hat.<\/p>\n<p>Zellinstrumente <strong>Pr\u00fcfger\u00e4t f\u00fcr Siegelfestigkeit<\/strong> bietet eine pr\u00e4zise, zuverl\u00e4ssige Methode zur Beurteilung der Siegelintegrit\u00e4t und gew\u00e4hrleistet, dass verpackte Produkte sicher und gesch\u00fctzt bleiben und den Industriestandards entsprechen.<\/p>\n<h2><strong>Was ist ein Ger\u00e4t zur Pr\u00fcfung der Siegelfestigkeit?<\/strong><\/h2>\n<p>Ger\u00e4te zur Pr\u00fcfung der Siegelfestigkeit werden verwendet, um die Festigkeit und Zuverl\u00e4ssigkeit von Siegeln in Verpackungsmaterialien zu beurteilen. Die Ger\u00e4te pr\u00fcfen, ob die Siegel verschiedener Verpackungsarten (Kunststoff, Papier, Aluminium usw.) stark genug sind, um Lecks zu verhindern, die das Produkt beeintr\u00e4chtigen k\u00f6nnten. Dieser Test wird h\u00e4ufig f\u00fcr Verpackungsmaterialien in den Bereichen Lebensmittel, Arzneimittel, medizinische Ger\u00e4te und Konsumg\u00fcter verwendet.<\/p>\n<p>Durch den Einsatz modernster Testtechnologie tr\u00e4gt der Siegelfestigkeitstester dazu bei, schwache oder fehlerhafte Siegel zu identifizieren, bevor sie den Verbraucher erreichen. So wird eine hohe Produktqualit\u00e4t und die Einhaltung von Sicherheitsstandards sichergestellt.<\/p>\n<h2><strong>\u00dcbersicht \u00fcber ASTM D3078: Pr\u00fcfnormen f\u00fcr Siegelintegrit\u00e4t<\/strong><\/h2>\n<h3><strong>Was ist ASTM D3078?<\/strong><\/h3>\n<p><a href=\"https:\/\/www.qualitester.com\/de\/produkt-kategorie\/astm\/astm-d3078\/\" target=\"_blank\" rel=\"noopener\"><strong>ASTM D3078<\/strong><\/a> ist eine von ASTM International entwickelte Standardtestmethode zum Erkennen von Lecks in versiegelten Verpackungen. Bei dieser Methode wird ein Vakuum an die Verpackung angelegt und auf das Vorhandensein von Blasen \u00fcberwacht, die auf Lecks hinweisen, wodurch die Integrit\u00e4t der Versiegelung sichergestellt wird. Der Test ist besonders wichtig f\u00fcr die Lebensmittel- und Pharmaindustrie, wo die Verpackung ihre Integrit\u00e4t bewahren muss, um Verunreinigungen oder Verderb zu verhindern.<\/p>\n<h3><strong>Pr\u00fcfverfahren nach ASTM D3078<\/strong><\/h3>\n<p>Der <a href=\"https:\/\/www.astm.org\/d3078-02r21e01.html\" target=\"_blank\" rel=\"noopener nofollow\">ASTM D3078<\/a> Der Standard beschreibt einen Prozess, bei dem die Verpackung in eine mit Wasser gef\u00fcllte Kammer gelegt wird. Die Kammer wird versiegelt und die Luft wird abgesaugt, bis das voreingestellte Vakuumniveau erreicht ist. Wenn ein Leck vorhanden ist, zwingt der Luftdruckunterschied die eingeschlossene Luft zum Entweichen, wodurch an der Leckstelle sichtbare Blasen entstehen. Mit dieser Methode lassen sich selbst kleinste Lecks effektiv und zuverl\u00e4ssig erkennen.<\/p>\n<h2><strong>Wichtige Testmethoden und Parameter<\/strong><\/h2>\n<h3><strong>Testprozess<\/strong><\/h3>\n<p>Der Pr\u00fcfvorgang f\u00fcr die Siegelfestigkeit folgt einem einfachen Ablauf, der in ASTM D3078 beschrieben ist:<\/p>\n<ol>\n<li><strong>Probenvorbereitung:<\/strong> Das Probenpaket wird in eine transparente, mit Wasser gef\u00fcllte Kammer gelegt.<\/li>\n<li><strong>Vakuumanwendung:<\/strong> Die Steuereinheit saugt Luft ab, bis ein voreingestelltes Vakuumniveau erreicht ist.<\/li>\n<li><strong>Lecksuche:<\/strong> Wenn die Versiegelung besch\u00e4digt ist, bilden sich an der undichten Stelle Blasen, die auf einen Defekt der Verpackung hinweisen.<\/li>\n<\/ol>\n<h3><strong>Wichtigste Testparameter<\/strong><\/h3>\n<table>\n<tbody>\n<tr>\n<td style=\"text-align: center;\" width=\"122\">Testbereich<\/td>\n<td style=\"text-align: center;\" width=\"229\">0 bis -90 KPa<\/td>\n<\/tr>\n<tr>\n<td style=\"text-align: center;\" width=\"122\">Kammer<\/td>\n<td style=\"text-align: center;\" width=\"229\">Acryl-Zylinderform<\/td>\n<\/tr>\n<tr>\n<td style=\"text-align: center;\" width=\"122\">Testraum<\/td>\n<td style=\"text-align: center;\" width=\"229\">\u03a6270*H210mm (Innen nutzbar)<\/td>\n<\/tr>\n<tr>\n<td style=\"text-align: center;\" width=\"122\">Druckluft<\/td>\n<td style=\"text-align: center;\" width=\"229\">0,7 MPa (vom Benutzer vorbereitet)<\/td>\n<\/tr>\n<tr>\n<td style=\"text-align: center;\" width=\"122\">Leistung<\/td>\n<td style=\"text-align: center;\" width=\"229\">110~220V 50\/60Hz<\/td>\n<\/tr>\n<\/tbody>\n<\/table>\n<p>Diese Parameter erm\u00f6glichen dem Benutzer das Testen unterschiedlicher Verpackungsmaterialien und -gr\u00f6\u00dfen und gew\u00e4hrleisten so Flexibilit\u00e4t in unterschiedlichen Produktions- und Testumgebungen.<\/p>\n<h2><strong>Technische Merkmale der Pr\u00fcfger\u00e4te f\u00fcr Siegelfestigkeit<\/strong><\/h2>\n<h3><strong>SPS-gesteuerter Betrieb<\/strong><\/h3>\n<p>Die Steuerung der Ger\u00e4te erfolgt \u00fcber eine SPS (speicherprogrammierbare Steuerung), die stabile, wiederholbare und qualitativ hochwertige Testergebnisse gew\u00e4hrleistet. Die Benutzeroberfl\u00e4che ist mit einem HMI-Touchscreen (Human-Machine Interface) ausgestattet, der eine intuitive Steuerung und einfache Bedienung erm\u00f6glicht.<\/p>\n<h3><strong>Effizientes Vakuumsystem<\/strong><\/h3>\n<p>Die Pr\u00fcfeinheit verwendet eine <strong>Venturirohr<\/strong> um ein Vakuum von bis zu -90 KPa zu erzeugen, was es zu einem energieeffizienten System macht. Dieses Vakuumniveau reicht aus, um Lecks zu identifizieren, selbst wenn sie sehr klein sind, und gew\u00e4hrleistet eine qualitativ hochwertige Pr\u00fcfung ohne zus\u00e4tzliche Ausr\u00fcstung.<\/p>\n<h3><strong>Visuelle Lecksuche<\/strong><\/h3>\n<p>Der Test verwendet eine visuelle Beobachtungsmethode zur Leckerkennung. Wenn ein Leck vorhanden ist, bildet aus der Verpackung entweichende Luft sichtbare Blasen in der mit Wasser gef\u00fcllten Kammer, was eine schnelle Identifizierung erm\u00f6glicht. Das Ger\u00e4t liefert kumulative Ergebnisse, sodass mehrere Tests und ihre Wirksamkeit im Laufe der Zeit leicht beurteilt werden k\u00f6nnen.<\/p>\n<h3><strong>Parameterspeicherfunktion<\/strong><\/h3>\n<p>Um die Testeffizienz zu optimieren, <strong>Siegelfestigkeitspr\u00fcfger\u00e4t<\/strong> enth\u00e4lt eine Parameterspeicherfunktion f\u00fcr bis zu 5 verschiedene Testaufbauten. Damit k\u00f6nnen Benutzer bestimmte Parameter wie Vakuumniveaus und Testzeiten speichern, was den Wechsel zwischen verschiedenen Probentypen und Testbedingungen erleichtert.<\/p>\n<h3><strong>Anpassbare Kammer und optionale Funktionen<\/strong><\/h3>\n<p>Die Pr\u00fcfkammer besteht aus hochwertigem transparentem Acryl und erm\u00f6glicht eine klare Beobachtung des Pr\u00fcfvorgangs. F\u00fcr die Pr\u00fcfung einer Vielzahl von Verpackungsformaten sind benutzerdefinierte Kammergr\u00f6\u00dfen und -formen erh\u00e4ltlich. Das Ger\u00e4t bietet au\u00dferdem optionale Funktionen wie:<\/p>\n<ul>\n<li><strong>Mikrodrucker<\/strong> zur Probenidentifizierung und Dokumentation der Testergebnisse.<\/li>\n<li><strong>Sprachanpassung<\/strong> f\u00fcr internationale M\u00e4rkte, um sicherzustellen, dass der Tester f\u00fcr Benutzer in verschiedenen Regionen zug\u00e4nglich ist.<\/li>\n<li><strong>Integration einer Vakuumpumpe<\/strong> um h\u00f6here Vakuumniveaus f\u00fcr anspruchsvollere Testszenarien zu erm\u00f6glichen.<\/li>\n<\/ul>\n<h2><strong>Vorteile von Ger\u00e4ten zur Pr\u00fcfung der Siegelfestigkeit<\/strong><\/h2>\n<h3><strong>Qualit\u00e4tssicherung<\/strong><\/h3>\n<p>Die Pr\u00fcfung der Siegelfestigkeit ist entscheidend, um sicherzustellen, dass die Verpackung Umweltbelastungen standh\u00e4lt und den Inhalt vor Besch\u00e4digung, Verunreinigung oder Verderb sch\u00fctzt. Diese Pr\u00fcfung ist f\u00fcr die Lebensmittel-, Medizin- und Pharmaindustrie von entscheidender Bedeutung, da hier die Sicherheit und Integrit\u00e4t des Produkts von gr\u00f6\u00dfter Bedeutung sind.<\/p>\n<h3><strong>Anpassung<\/strong><\/h3>\n<p>Die Ausr\u00fcstung kann verschiedene Verpackungsarten verarbeiten, von kleinen Beuteln bis hin zu gro\u00dfen Beh\u00e4ltern, und bietet Flexibilit\u00e4t f\u00fcr eine Vielzahl von Branchen. Durch die M\u00f6glichkeit, Testparameter f\u00fcr verschiedene Materialien zu speichern, ist die Ausr\u00fcstung an mehrere Testszenarien anpassbar.<\/p>\n<h3><strong>Kosteng\u00fcnstig und effizient<\/strong><\/h3>\n<p>Mit seiner benutzerfreundlichen Oberfl\u00e4che, automatisierten Funktionen und anpassbaren Einstellungen ist das <strong>Pr\u00fcfger\u00e4t f\u00fcr Siegelfestigkeit<\/strong> erm\u00f6glicht Unternehmen, Tests effizient durchzuf\u00fchren, ohne Kompromisse bei der Genauigkeit einzugehen. Die M\u00f6glichkeit, Testaufbauten zu speichern und kumulative Ergebnisse zu generieren, optimiert den Arbeitsablauf und reduziert Testzeit und -kosten.<\/p>\n<h2><strong>Relevante Standards: ASTM D3078 und dar\u00fcber hinaus<\/strong><\/h2>\n<h3><strong>ASTM D3078<\/strong><\/h3>\n<p>Diese Standardmethode wird h\u00e4ufig in Branchen eingesetzt, in denen die Integrit\u00e4t der Verpackungssiegel von entscheidender Bedeutung ist. Sie stellt sicher, dass die Verpackung die erforderlichen Leistungsstandards erf\u00fcllt, um Lecks zu verhindern und den Inhalt vor \u00e4u\u00dferer Verunreinigung zu sch\u00fctzen.<\/p>\n<h3><strong>ASTM D4991<\/strong><\/h3>\n<p>ASTM D4991 ist ein weiterer verwandter Standard, der sich auf die Dichtheitspr\u00fcfung versiegelter Verpackungen mit einer anderen Methode (Farbpenetration oder Druckabfall) konzentriert. Dieser Standard wird auch zusammen mit ASTM D3078 f\u00fcr umfassende Dichtheitspr\u00fcfungen von Verpackungen verwendet.<\/p>\n<h2><strong>Warum sollten Sie sich f\u00fcr die Pr\u00fcfger\u00e4te zur Siegelfestigkeit von Cell Instruments entscheiden?<\/strong><\/h2>\n<p>Cell Instruments ist ein vertrauensw\u00fcrdiger Name in der Materialpr\u00fcfbranche. Mit jahrelanger Erfahrung in der Pr\u00fcfung von Verpackungsmaterialien und kundenspezifischen Pr\u00fcfl\u00f6sungen bieten wir hochpr\u00e4zise Ger\u00e4te, die den hohen Anforderungen verschiedener Branchen gerecht werden. Unsere <strong>Pr\u00fcfger\u00e4t f\u00fcr Siegelfestigkeit<\/strong> wurde entwickelt, um zuverl\u00e4ssige, genaue und effiziente Ergebnisse zu liefern und Unternehmen dabei zu helfen, die Unversehrtheit ihrer Verpackungen zu gew\u00e4hrleisten.<\/p>\n<p>Mit der Flexibilit\u00e4t, unterschiedliche Verpackungsmaterialien zu testen und der F\u00e4higkeit, mehrere Testaufbauten zu speichern, sind unsere Ger\u00e4te darauf ausgelegt, Ihren Testprozess zu optimieren und Ihre Qualit\u00e4tskontrolle zu verbessern.<\/p>\n<p>Die Gew\u00e4hrleistung der Integrit\u00e4t der Verpackungssiegel ist f\u00fcr die Aufrechterhaltung der Produktsicherheit, -qualit\u00e4t und Einhaltung von Industriestandards von entscheidender Bedeutung. <strong>Pr\u00fcfger\u00e4t f\u00fcr Siegelfestigkeit<\/strong> bietet eine effiziente, zuverl\u00e4ssige und anpassbare L\u00f6sung f\u00fcr Unternehmen, die eine hochpr\u00e4zise Lecksuche ben\u00f6tigen. Egal, ob Sie Lebensmittelverpackungen, Dichtungen f\u00fcr medizinische Ger\u00e4te oder pharmazeutische Beh\u00e4lter testen, unsere Ger\u00e4te bieten die Genauigkeit und Konsistenz, die Sie ben\u00f6tigen, um sicherzustellen, dass Ihre Produkte in h\u00f6chster Qualit\u00e4t auf den Markt kommen.<\/p>\n<h2>FAQ-Bereich<\/h2>\n<ol>\n<li><strong>Was ist der ASTM D3078-Standard f\u00fcr Dichtungsintegrit\u00e4tspr\u00fcfungen?<\/strong>\n<ul>\n<li>ASTM D3078 ist eine Standardtestmethode zum Erkennen von Lecks in versiegelten Verpackungen mittels Vakuumanwendung. Sie stellt sicher, dass die Verpackung ihre Integrit\u00e4t beh\u00e4lt, indem sie schwache Siegel identifiziert, die zu Verunreinigungen oder Verderb f\u00fchren k\u00f6nnten.<\/li>\n<\/ul>\n<\/li>\n<li><strong>Wie funktioniert ein Ger\u00e4t zur Pr\u00fcfung der Siegelfestigkeit?<\/strong>\n<ul>\n<li>Das Ger\u00e4t legt die Probe in eine mit Wasser gef\u00fcllte Kammer, wendet ein Vakuum an und erkennt Lecks, indem es die Bildung von Blasen in der Kammer beobachtet, wenn die Versiegelung besch\u00e4digt ist.<\/li>\n<\/ul>\n<\/li>\n<li><strong>Welche Branchen nutzen Siegelfestigkeitspr\u00fcfungen?<\/strong>\n<ul>\n<li>Die Pr\u00fcfung der Siegelfestigkeit ist in Branchen wie der Lebensmittelverpackung, der Pharmazie, der Medizintechnik, der Kosmetika und der Konsumg\u00fcterindustrie von entscheidender Bedeutung, in denen die Siegelintegrit\u00e4t f\u00fcr die Produktsicherheit von entscheidender Bedeutung ist.<\/li>\n<\/ul>\n<\/li>\n<li><strong>Kann ich mit diesem Ger\u00e4t unterschiedliche Verpackungsmaterialien pr\u00fcfen?<\/strong>\n<ul>\n<li>Ja, das Ger\u00e4t ist vielseitig und kann eine Vielzahl von Verpackungsmaterialien, einschlie\u00dflich Kunststoff, Papier und Aluminium, mit anpassbaren Kammergr\u00f6\u00dfen und Vakuumniveaus testen.<\/li>\n<\/ul>\n<\/li>\n<li><strong>Welche Hauptvorteile bietet die Verwendung der Siegelfestigkeitspr\u00fcfger\u00e4te von Cell Instruments?<\/strong>\n<ul>\n<li>Zu den wichtigsten Vorteilen z\u00e4hlen hohe Genauigkeit, anpassbare Funktionen, einfache Bedienung mit einer intuitiven HMI-Schnittstelle und die M\u00f6glichkeit, Testparameter f\u00fcr verschiedene Verpackungsarten zu speichern.<\/li>\n<\/ul>\n<\/li>\n<\/ol>","protected":false},"excerpt":{"rendered":"<p>In der Verpackungsindustrie ist die Aufrechterhaltung der Integrit\u00e4t von Siegeln entscheidend f\u00fcr die Gew\u00e4hrleistung von Produktsicherheit und -qualit\u00e4t. Ger\u00e4te zur Pr\u00fcfung der Siegelfestigkeit dienen dazu, die F\u00e4higkeit des Siegels zu bewerten, Umweltbedingungen standzuhalten und Lecks und Verunreinigungen zu verhindern. Diese Pr\u00fcfung ist f\u00fcr Branchen wie Lebensmittelverpackung, Pharmazeutika, medizinische Ger\u00e4te, Kosmetik und viele andere von entscheidender Bedeutung, in denen die Verpackungsleistung direkte Auswirkungen auf die Produktqualit\u00e4t und Verbrauchersicherheit hat.<\/p>","protected":false},"featured_media":5988,"comment_status":"closed","ping_status":"closed","template":"","meta":{"site-sidebar-layout":"default","site-content-layout":"default","ast-global-header-display":"","ast-main-header-display":"","ast-hfb-above-header-display":"","ast-hfb-below-header-display":"","ast-hfb-mobile-header-display":"","site-post-title":"disabled","ast-breadcrumbs-content":"","ast-featured-img":"disabled","footer-sml-layout":"","theme-transparent-header-meta":"default","adv-header-id-meta":"","stick-header-meta":"","header-above-stick-meta":"","header-main-stick-meta":"","header-below-stick-meta":""},"product_cat":[845,675,17,149,16,105,135,95],"product_tag":[],"class_list":{"0":"post-2401","1":"product","2":"type-product","3":"status-publish","4":"has-post-thumbnail","6":"product_cat-customization","7":"product_cat-leak-tester","8":"product_cat-package-container-testers","9":"product_cat-pharma-and-medical-testers","10":"product_cat-plastic-packaging-testers","11":"product_cat-astm-d3078","12":"product_cat-astm-d4991","13":"product_cat-products","14":"desktop-align-left","15":"tablet-align-left","16":"mobile-align-left","18":"first","19":"instock","20":"shipping-taxable","21":"product-type-simple"},"_links":{"self":[{"href":"https:\/\/www.qualitester.com\/de\/wp-json\/wp\/v2\/product\/2401","targetHints":{"allow":["GET"]}}],"collection":[{"href":"https:\/\/www.qualitester.com\/de\/wp-json\/wp\/v2\/product"}],"about":[{"href":"https:\/\/www.qualitester.com\/de\/wp-json\/wp\/v2\/types\/product"}],"replies":[{"embeddable":true,"href":"https:\/\/www.qualitester.com\/de\/wp-json\/wp\/v2\/comments?post=2401"}],"version-history":[{"count":0,"href":"https:\/\/www.qualitester.com\/de\/wp-json\/wp\/v2\/product\/2401\/revisions"}],"wp:featuredmedia":[{"embeddable":true,"href":"https:\/\/www.qualitester.com\/de\/wp-json\/wp\/v2\/media\/5988"}],"wp:attachment":[{"href":"https:\/\/www.qualitester.com\/de\/wp-json\/wp\/v2\/media?parent=2401"}],"wp:term":[{"taxonomy":"product_cat","embeddable":true,"href":"https:\/\/www.qualitester.com\/de\/wp-json\/wp\/v2\/product_cat?post=2401"},{"taxonomy":"product_tag","embeddable":true,"href":"https:\/\/www.qualitester.com\/de\/wp-json\/wp\/v2\/product_tag?post=2401"}],"curies":[{"name":"wp","href":"https:\/\/api.w.org\/{rel}","templated":true}]}}