{"id":2371,"date":"2023-06-02T13:53:04","date_gmt":"2023-06-02T05:53:04","guid":{"rendered":"https:\/\/www.qualitester.com\/?post_type=product&#038;p=2371"},"modified":"2024-11-27T16:45:32","modified_gmt":"2024-11-27T08:45:32","slug":"hst-01-flexible-packaging-material-heat-sealing-data-testing-machine","status":"publish","type":"product","link":"https:\/\/www.qualitester.com\/de\/produkt-2\/hst-01-flexible-packaging-material-heat-sealing-data-testing-machine\/","title":{"rendered":"HST-02 Hei\u00dfsiegeltester"},"content":{"rendered":"<h2><strong>Einf\u00fchrung in den Hei\u00dfsiegeltester f\u00fcr Verpackungen<\/strong><\/h2>\n<p>Der <strong>Hei\u00dfsiegeltester f\u00fcr Verpackungen<\/strong> ist ein unverzichtbares Werkzeug zum Testen der Hei\u00dfsiegelf\u00e4higkeit verschiedener Verpackungsmaterialien wie flexibler Folien, Laminate, Polymere und Verbundstoffe. Dieses Laborinstrument ist so konzipiert, dass es den tats\u00e4chlichen Siegelprozess simuliert und es Herstellern erm\u00f6glicht, die Festigkeit, Zuverl\u00e4ssigkeit und Funktionalit\u00e4t ihrer Verpackungssiegel sicherzustellen. Eine effektive Hei\u00dfsiegelung ist entscheidend f\u00fcr die Gew\u00e4hrleistung der Integrit\u00e4t von Verpackungen f\u00fcr Lebensmittel, medizinische, pharmazeutische und Konsumg\u00fcter, bei denen Verpackungsfehler zu einer Beeintr\u00e4chtigung der Produktsicherheit, Haltbarkeit und Gebrauchstauglichkeit f\u00fchren k\u00f6nnen.<\/p>\n<p>Der Hei\u00dfsiegeltester stellt die wichtigsten Parameter des Hei\u00dfsiegelns nach, n\u00e4mlich Zeit, Temperatur und Druck, um reale Verpackungsbedingungen zu simulieren. So k\u00f6nnen Hersteller \u00fcberpr\u00fcfen, ob ihre Materialien die erforderliche Siegelfestigkeit erreichen, um ein luftdichtes, manipulationssicheres und dauerhaftes Siegel zu gew\u00e4hrleisten.<\/p>\n<h2><strong><a href=\"https:\/\/www.astm.org\/f2029-16r21.html\" target=\"_blank\" rel=\"noopener nofollow\">ASTM F2029<\/a>: Standard f\u00fcr Hei\u00dfsiegelf\u00e4higkeitstests<\/strong><\/h2>\n<p><strong><a href=\"https:\/\/www.qualitester.com\/de\/produkt-kategorie\/astm\/astm-f2029\/\" target=\"_blank\" rel=\"noopener\">ASTM F2029<\/a>-16(2021)<\/strong> \u2013 <strong>Standardverfahren zur Herstellung von Hei\u00dfsiegelungen im Labor zur Bestimmung der Hei\u00dfsiegelf\u00e4higkeit von flexiblen Barrierematerialien, gemessen anhand der Siegelfestigkeit<\/strong> \u2013 ist der wichtigste Industriestandard zum Testen der Hei\u00dfsiegelf\u00e4higkeit von flexiblen Verpackungsmaterialien. Dieser Standard beschreibt die Verfahren und Bedingungen, unter denen Hei\u00dfsiegelungen im Labor durchgef\u00fchrt werden sollten, um die Festigkeit und Haltbarkeit der Siegelungen zu bewerten. Durch die Einhaltung dieses Standards k\u00f6nnen Hersteller sicherstellen, dass ihre Produkte die erforderlichen Verpackungsspezifikationen erf\u00fcllen.<\/p>\n<p><strong>Wichtige Aspekte von ASTM F2029<\/strong>:<\/p>\n<ul>\n<li><strong>Messung der Siegelfestigkeit<\/strong>: ASTM F2029 konzentriert sich auf die Bestimmung der Festigkeit von Hei\u00dfsiegeln, die f\u00fcr den Schutz und die Haltbarkeit des Produkts von entscheidender Bedeutung ist. Es hilft bei der Beurteilung, ob die Verpackung Belastungen w\u00e4hrend Transport, Lagerung und Handhabung standh\u00e4lt.<\/li>\n<li><strong>Testmethodik<\/strong>: Die Norm legt den kontrollierten Einsatz von Zeit, Temperatur und Druck w\u00e4hrend des Siegelprozesses fest, um die Verpackungsbedingungen genau zu simulieren.<\/li>\n<li><strong>Umfang<\/strong>: Diese Norm gilt f\u00fcr zahlreiche Branchen, darunter die Lebensmittel-, Pharma- und Medizinprodukteindustrie, in denen die Verpackung f\u00fcr die Produktsicherheit von entscheidender Bedeutung ist.<\/li>\n<\/ul>\n<h2><strong>Technische Merkmale des HST-02 Hei\u00dfsiegeltesters<\/strong><\/h2>\n<p>Der <strong>HST-02 Hei\u00dfsiegeltester<\/strong> wurde mit h\u00f6chster Pr\u00e4zision konstruiert, um hochleistungsf\u00e4hige Versiegelungsfunktionen zu bieten. Dieses kompakte und zuverl\u00e4ssige Ger\u00e4t ist darauf ausgelegt, den Hei\u00dfsiegelprozess pr\u00e4zise zu simulieren, was es zu einem wertvollen Werkzeug f\u00fcr Qualit\u00e4tssicherungsteams macht.<\/p>\n<ol>\n<li><strong>Aluminium-Siegelbacken<\/strong>:<br \/>\nDie oberen und unteren Siegelbacken sind aus Aluminium gefertigt, um den W\u00e4rmeverlust zu minimieren und eine gleichm\u00e4\u00dfige Temperatur w\u00e4hrend des Siegelvorgangs zu gew\u00e4hrleisten. Dies tr\u00e4gt zu einem konsistenten und effektiven Siegelvorgang bei.<\/li>\n<li><strong>PID-Temperaturregler<\/strong>:<br \/>\nAusgestattet mit einem Proportional-Integral-Derivative-Temperaturregler (PID) gew\u00e4hrleistet der HST-02 eine genaue und stabile Temperaturregelung und damit eine pr\u00e4zise Kontrolle des Versiegelungsprozesses.<\/li>\n<li><strong>Synchronisierter Timer und Kieferbewegung<\/strong>:<br \/>\nDer Tester verf\u00fcgt \u00fcber eine pr\u00e4zise Synchronisierung zwischen Timer und Backenbewegung. Dadurch wird sichergestellt, dass der Siegeldruck und die Siegelzeit korrekt auf die Probe angewendet werden, was zu genauen und wiederholbaren Testbedingungen f\u00fchrt.<\/li>\n<li><strong>Druckregelung<\/strong>:<br \/>\nEine dreifach gef\u00fchrte Siegelschiene sorgt f\u00fcr einen konstanten Siegeldruck und erm\u00f6glicht so eine gleichm\u00e4\u00dfige Anwendung bei einer Vielzahl von Materialien. Dadurch wird sichergestellt, dass die Integrit\u00e4t der Versiegelung unter realistischen Bedingungen getestet wird.<\/li>\n<li><strong>Sicherheitsfunktionen<\/strong>:<br \/>\nBeim HST-02 steht die Sicherheit des Benutzers im Vordergrund. Die Frontabdeckung ist verbr\u00fchsicher und verhindert Verbrennungen. F\u00fcr eine sichere und einfache Bedienung stehen manuelle oder Fu\u00dfschalter-Ausl\u00f6seoptionen zur Verf\u00fcgung.<\/li>\n<\/ol>\n<h2><strong>Testprozess und Methodik<\/strong><\/h2>\n<p>Der Hei\u00dfsiegelvorgang mit dem <strong>HST-02 Hei\u00dfsiegeltester<\/strong> folgt einer einfachen Abfolge von Schritten und reproduziert sorgf\u00e4ltig die f\u00fcr wirksame Verpackungsversiegelungen erforderlichen Bedingungen:<\/p>\n<ol>\n<li><strong>Probenplatzierung<\/strong>:<br \/>\nPlatzieren Sie die Testprobe (normalerweise eine Folie oder ein Verbundmaterial) zwischen zwei parallele Siegelbacken.<\/li>\n<li><strong>Temperatur- und Druckeinstellungen<\/strong>:<br \/>\nStellen Sie die gew\u00fcnschte Versiegelungstemperatur, -zeit und den -druck basierend auf den Materialangaben und den in ASTM F2029 festgelegten Bedingungen ein.<\/li>\n<li><strong>Versiegelungsprozess<\/strong>:<br \/>\nSobald das System ein Gleichgewicht erreicht hat, wird die obere Siegelbacke, gesteuert durch eine Gasflasche, nach unten gedr\u00fcckt, um f\u00fcr die voreingestellte Zeit Druck auf das Material auszu\u00fcben.<\/li>\n<li><strong>Ende des Tests<\/strong>:<br \/>\nNach Ablauf der voreingestellten Siegelzeit kehrt die obere Siegelbacke in ihre Ausgangsposition zur\u00fcck und die Siegelfestigkeit wird mittels verschiedener Testmethoden bewertet.<\/li>\n<\/ol>\n<h2><strong>Bewertung der Hei\u00dfsiegelfestigkeit<\/strong><\/h2>\n<p>Sobald der Hei\u00dfsiegelvorgang abgeschlossen ist, wird die Siegelfestigkeit beurteilt, um sicherzustellen, dass das Siegel intakt und haltbar ist. Zu den Bewertungsmethoden k\u00f6nnen geh\u00f6ren:<\/p>\n<ul>\n<li><strong>Dichtungsdurchgangstests<\/strong>:<br \/>\nDiese Tests, wie beispielsweise ein Luftdichtheitstest, ein Farbeindringtest und eine Sichtpr\u00fcfung, stellen sicher, dass die Versiegelung durchgehend ist und keine Schwachstellen aufweist.<\/li>\n<li><strong>Mikrobielle Tests und Barrieretests<\/strong>:<br \/>\nZu den zus\u00e4tzlichen Tests kann die Bewertung der Widerstandsf\u00e4higkeit des Materials gegen das Eindringen von Mikroorganismen geh\u00f6ren, um sicherzustellen, dass die Versiegelung dem darin enthaltenen Produkt ausreichenden Schutz bietet.<\/li>\n<\/ul>\n<p>Der <strong>HST-02 Hei\u00dfsiegeltester<\/strong> bietet detaillierte Daten, mit deren Hilfe Hersteller beurteilen k\u00f6nnen, ob ihre Verpackungsmaterialien den Industriestandards hinsichtlich Verpackungsintegrit\u00e4t und -leistung entsprechen.<\/p>\n<h2><strong>Hauptparameter des HST-02 Hei\u00dfsiegeltesters<\/strong><\/h2>\n<table>\n<tbody>\n<tr>\n<td style=\"text-align: center;\" width=\"123\">Siegeltemperatur<\/td>\n<td style=\"text-align: center;\" width=\"126\">Umgebungstemperatur ~300\u2103<\/td>\n<\/tr>\n<tr>\n<td style=\"text-align: center;\" width=\"123\">Abweichung<\/td>\n<td style=\"text-align: center;\" width=\"126\">\u00b10,2\u2103<\/td>\n<\/tr>\n<tr>\n<td style=\"text-align: center;\" width=\"123\">Versiegelungszeit<\/td>\n<td style=\"text-align: center;\" width=\"126\">0,1 Sek. bis 9999 Sek.<\/td>\n<\/tr>\n<tr>\n<td style=\"text-align: center;\" width=\"123\">Siegeldruck<\/td>\n<td style=\"text-align: center;\" width=\"126\">0,15 bis 0,7 MPa<\/td>\n<\/tr>\n<tr>\n<td style=\"text-align: center;\" width=\"123\">Siegelbacken<\/td>\n<td style=\"text-align: center;\" width=\"126\">330*10 mm L*B<\/td>\n<\/tr>\n<tr>\n<td style=\"text-align: center;\" width=\"123\">Gasdruck<\/td>\n<td style=\"text-align: center;\" width=\"126\">0,7 MPa<\/td>\n<\/tr>\n<tr>\n<td style=\"text-align: center;\" width=\"123\">Anschlussgr\u00f6\u00dfe<\/td>\n<td style=\"text-align: center;\" width=\"126\">\u04246 mm PU-Schlauch<\/td>\n<\/tr>\n<tr>\n<td style=\"text-align: center;\" width=\"123\">Leistung<\/td>\n<td style=\"text-align: center;\" width=\"126\">Wechselstrom 220 V, 50 Hz<\/td>\n<\/tr>\n<\/tbody>\n<\/table>\n<p>Diese Parameter erm\u00f6glichen die Pr\u00fcfung einer gro\u00dfen Bandbreite an Materialien unter kontrollierten Bedingungen und gew\u00e4hrleisten konsistente Ergebnisse f\u00fcr verschiedene Verpackungsanwendungen.<\/p>\n<h4><strong>Vorteile der Verwendung des HST-02 Hei\u00dfsiegeltesters<\/strong><\/h4>\n<ul>\n<li><strong>Pr\u00e4zision und Wiederholbarkeit<\/strong>: Der HST-02 ist darauf ausgelegt, durch pr\u00e4zise Kontrolle der kritischen Versiegelungsparameter genaue und reproduzierbare Testergebnisse zu liefern.<\/li>\n<li><strong>Vielseitigkeit<\/strong>: Der Tester eignet sich f\u00fcr den Einsatz mit einer Vielzahl von Materialien und Verpackungsarten, von einfachen Kunststofffolien bis hin zu komplexen Verbundmaterialien.<\/li>\n<li><strong>Einhaltung von Industriestandards<\/strong>: Vollst\u00e4ndig konform mit ASTM F2029, wodurch sichergestellt wird, dass die Testergebnisse den branchenweit anerkannten Benchmarks f\u00fcr die Siegelfestigkeit entsprechen.<\/li>\n<li><strong>Kosteng\u00fcnstige Qualit\u00e4tskontrolle<\/strong>: Hilft Herstellern, Schwachstellen in Verpackungssiegeln vor der Massenproduktion zu erkennen und so kostspielige Verpackungsfehler und Produktverluste zu verhindern.<\/li>\n<\/ul>\n<p>Der <strong>HST-02 Hei\u00dfsiegeltester f\u00fcr Verpackungen<\/strong> ist ein wichtiges Werkzeug zur Sicherstellung der Qualit\u00e4t und Zuverl\u00e4ssigkeit hei\u00dfversiegelter Verpackungsmaterialien. Durch die Nachbildung realer Versiegelungsbedingungen erm\u00f6glicht das HST-02 Herstellern, die Hei\u00dfsiegelf\u00e4higkeit von Materialien gr\u00fcndlich zu testen und sicherzustellen, dass ihre Produkte die erforderlichen Standards hinsichtlich Festigkeit und Integrit\u00e4t erf\u00fcllen. Ganz gleich, ob Sie in der Lebensmittel-, Pharma- oder Medizinproduktebranche t\u00e4tig sind, das HST-02 hilft Ihnen, das h\u00f6chste Niveau an Verpackungsqualit\u00e4t und -leistung zu erreichen.<\/p>\n<p>Dieses Instrument ist eine unverzichtbare Investition f\u00fcr Unternehmen, die ihre Qualit\u00e4tskontrolle aufrechterhalten, Verpackungsfehler minimieren und die allgemeine Sicherheit und Haltbarkeit ihrer Produkte verbessern m\u00f6chten.<\/p>","protected":false},"excerpt":{"rendered":"<p>Der <strong>Hei\u00dfsiegeltester f\u00fcr Verpackungen<\/strong> ist ein unverzichtbares Werkzeug zum Testen der Hei\u00dfsiegelf\u00e4higkeit verschiedener Verpackungsmaterialien wie flexibler Folien, Laminate, Polymere und Verbundstoffe. Dieses Laborinstrument ist so konzipiert, dass es den tats\u00e4chlichen Siegelprozess simuliert und es Herstellern erm\u00f6glicht, die Festigkeit, Zuverl\u00e4ssigkeit und Funktionalit\u00e4t ihrer Verpackungssiegel sicherzustellen. Eine effektive Hei\u00dfsiegelung ist entscheidend f\u00fcr die Gew\u00e4hrleistung der Integrit\u00e4t von Verpackungen f\u00fcr Lebensmittel, medizinische, pharmazeutische und Konsumg\u00fcter, bei denen Verpackungsfehler zu einer Beeintr\u00e4chtigung der Produktsicherheit, Haltbarkeit und Gebrauchstauglichkeit f\u00fchren k\u00f6nnen.<\/p>","protected":false},"featured_media":5905,"comment_status":"closed","ping_status":"closed","template":"","meta":{"site-sidebar-layout":"default","site-content-layout":"default","ast-global-header-display":"","ast-main-header-display":"","ast-hfb-above-header-display":"","ast-hfb-below-header-display":"","ast-hfb-mobile-header-display":"","site-post-title":"disabled","ast-breadcrumbs-content":"","ast-featured-img":"","footer-sml-layout":"","theme-transparent-header-meta":"default","adv-header-id-meta":"","stick-header-meta":"","header-above-stick-meta":"","header-main-stick-meta":"","header-below-stick-meta":""},"product_cat":[845,677,149,16,142,95],"product_tag":[],"class_list":{"0":"post-2371","1":"product","2":"type-product","3":"status-publish","4":"has-post-thumbnail","6":"product_cat-customization","7":"product_cat-heat-seal-tester","8":"product_cat-pharma-and-medical-testers","9":"product_cat-plastic-packaging-testers","10":"product_cat-astm-f2029","11":"product_cat-products","12":"desktop-align-left","13":"tablet-align-left","14":"mobile-align-left","16":"first","17":"instock","18":"featured","19":"shipping-taxable","20":"product-type-simple"},"_links":{"self":[{"href":"https:\/\/www.qualitester.com\/de\/wp-json\/wp\/v2\/product\/2371","targetHints":{"allow":["GET"]}}],"collection":[{"href":"https:\/\/www.qualitester.com\/de\/wp-json\/wp\/v2\/product"}],"about":[{"href":"https:\/\/www.qualitester.com\/de\/wp-json\/wp\/v2\/types\/product"}],"replies":[{"embeddable":true,"href":"https:\/\/www.qualitester.com\/de\/wp-json\/wp\/v2\/comments?post=2371"}],"version-history":[{"count":0,"href":"https:\/\/www.qualitester.com\/de\/wp-json\/wp\/v2\/product\/2371\/revisions"}],"wp:featuredmedia":[{"embeddable":true,"href":"https:\/\/www.qualitester.com\/de\/wp-json\/wp\/v2\/media\/5905"}],"wp:attachment":[{"href":"https:\/\/www.qualitester.com\/de\/wp-json\/wp\/v2\/media?parent=2371"}],"wp:term":[{"taxonomy":"product_cat","embeddable":true,"href":"https:\/\/www.qualitester.com\/de\/wp-json\/wp\/v2\/product_cat?post=2371"},{"taxonomy":"product_tag","embeddable":true,"href":"https:\/\/www.qualitester.com\/de\/wp-json\/wp\/v2\/product_tag?post=2371"}],"curies":[{"name":"wp","href":"https:\/\/api.w.org\/{rel}","templated":true}]}}