{"id":2268,"date":"2023-05-18T10:57:00","date_gmt":"2023-05-18T02:57:00","guid":{"rendered":"https:\/\/www.qualitester.com\/?post_type=product&#038;p=2268"},"modified":"2025-04-08T16:16:55","modified_gmt":"2025-04-08T08:16:55","slug":"lt-01-leak-tester","status":"publish","type":"product","link":"https:\/\/www.qualitester.com\/de\/produkt-2\/lt-01-leak-tester\/","title":{"rendered":"LT-01 Dichtheitspr\u00fcfger\u00e4t"},"content":{"rendered":"<h2 data-start=\"1173\" data-end=\"1228\"><strong data-start=\"1173\" data-end=\"1228\">Das Vakuum-Dichtheitspr\u00fcfger\u00e4t f\u00fcr Verpackungen verstehen\u00a0<\/strong><\/h2>\n<p class=\"\" data-start=\"1230\" data-end=\"1607\">Der <strong data-start=\"1234\" data-end=\"1271\">Vakuum-Dichtheitspr\u00fcfger\u00e4t f\u00fcr Verpackungen <\/strong>wurde entwickelt, um undichte Stellen in versiegelten flexiblen Verpackungen aufzusp\u00fcren, indem das Entweichen von Luft oder Gas beobachtet wird, wenn ein Vakuum angelegt wird. Diese Technik st\u00fctzt sich auf <strong data-start=\"1410\" data-end=\"1435\">Differenzdruck<\/strong>, Der Druck im Inneren der Verpackung steht im Gegensatz zur Vakuumumgebung in der Kammer. Ist ein Leck vorhanden, entweicht Luft oder Produktdampf als sichtbarer Blasenstrom.<\/p>\n<p class=\"\" data-start=\"1609\" data-end=\"1973\">Zellinstrumente <strong data-start=\"1627\" data-end=\"1648\">LT-01 Dichtheitspr\u00fcfger\u00e4t<\/strong> bietet eine zuverl\u00e4ssige und wirtschaftliche Methode zur Durchf\u00fchrung dieses Verfahrens. Es verwendet eine <strong data-start=\"1728\" data-end=\"1744\">Venturirohr<\/strong> zur Erzeugung eines Vakuums von bis zu -90 kPa, was stabile und einstellbare Vakuumbedingungen erm\u00f6glicht, ohne dass eine elektrische Energiequelle ben\u00f6tigt wird. Es bietet auch eine <strong data-start=\"1897\" data-end=\"1929\">anpassbare Acrylkammer<\/strong> zur Anpassung an unterschiedliche Verpackungsgr\u00f6\u00dfen und -formen.<\/p>\n<div class=\"ast-oembed-container\" style=\"height: 100%;\"><iframe title=\"Cell INSTRUMENTS Vakuum-Dichtheitspr\u00fcfger\u00e4t mit drei Modellen\" width=\"500\" height=\"281\" src=\"https:\/\/www.youtube.com\/embed\/UcL0JjOEm04?feature=oembed\" frameborder=\"0\" allow=\"accelerometer; autoplay; clipboard-write; encrypted-media; gyroscope; picture-in-picture; web-share\" referrerpolicy=\"strict-origin-when-cross-origin\" allowfullscreen><\/iframe><\/div>\n<hr class=\"\" data-start=\"1975\" data-end=\"1978\" \/>\n<h2 data-start=\"1980\" data-end=\"2027\"><strong data-start=\"1980\" data-end=\"2027\">ASTM-Vakuum-Dichtheitspr\u00fcfung und Konformit\u00e4t<\/strong><\/h2>\n<p class=\"\" data-start=\"2029\" data-end=\"2304\">Um konsistente und genaue Ergebnisse zu gew\u00e4hrleisten, sollte das Vakuumdichtheitspr\u00fcfger\u00e4t die folgenden Anforderungen erf\u00fcllen <strong data-start=\"2118\" data-end=\"2143\">ASTM-Vakuum-Lecktest<\/strong> Methode, die in <a href=\"https:\/\/www.qualitester.com\/de\/standards\/astm-d3078\/\" target=\"_blank\" rel=\"noopener\"><strong data-start=\"2163\" data-end=\"2177\">ASTM D3078<\/strong><\/a>. Diese internationale Norm legt fest, wie die Lecksuche durch <strong data-start=\"2253\" data-end=\"2280\">Blasenemissionspr\u00fcfung<\/strong> f\u00fcr flexible Verpackungen.<\/p>\n<p class=\"\" data-start=\"2306\" data-end=\"2364\">Entsprechend <strong data-start=\"2319\" data-end=\"2333\">ASTM D3078<\/strong>, So funktioniert der Prozess:<\/p>\n<ul data-start=\"2366\" data-end=\"2855\">\n<li class=\"\" data-start=\"2366\" data-end=\"2442\">\n<p class=\"\" data-start=\"2368\" data-end=\"2442\">Das Paket wird in einem Wasserbeh\u00e4lter untergetaucht <strong data-start=\"2411\" data-end=\"2441\">transparente Vakuumkammer<\/strong>.<\/p>\n<\/li>\n<li class=\"\" data-start=\"2443\" data-end=\"2547\">\n<p class=\"\" data-start=\"2445\" data-end=\"2547\">Es wird ein Vakuum angelegt, das in der Regel mit einer Rate von 1 Zoll Hg\/Sek. ansteigt, bis das Zielniveau erreicht ist.<\/p>\n<\/li>\n<li class=\"\" data-start=\"2548\" data-end=\"2630\">\n<p class=\"\" data-start=\"2550\" data-end=\"2630\">Wenn der Druck abnimmt, <strong data-start=\"2573\" data-end=\"2629\">jedes Leck zeigt sich als kontinuierlicher Strom von Blasen<\/strong>.<\/p>\n<\/li>\n<li class=\"\" data-start=\"2631\" data-end=\"2755\">\n<p class=\"\" data-start=\"2633\" data-end=\"2755\">Das Vakuum wird f\u00fcr eine bestimmte Zeit (in der Regel 30 Sekunden) gehalten, danach wird die Verpackung auf das Eindringen von Testfl\u00fcssigkeit untersucht.<\/p>\n<\/li>\n<li class=\"\" data-start=\"2756\" data-end=\"2855\">\n<p class=\"\" data-start=\"2758\" data-end=\"2855\">Packst\u00fccke, die Blasen werfen oder Anzeichen einer inneren Fl\u00fcssigkeitsverschmutzung aufweisen, gelten als fehlerhaft.<\/p>\n<\/li>\n<\/ul>\n<p class=\"\" data-start=\"2857\" data-end=\"3010\">Mit dieser Methode lassen sich Nadell\u00f6cher, schwache Siegel oder unsachgem\u00e4\u00dfe Verschl\u00fcsse erkennen, durch die Luft, Feuchtigkeit oder Verunreinigungen in die Verpackung eindringen k\u00f6nnten.<\/p>\n<hr class=\"\" data-start=\"3012\" data-end=\"3015\" \/>\n<h2 data-start=\"3017\" data-end=\"3061\"><strong data-start=\"3017\" data-end=\"3061\">Hauptmerkmale des LT-01 Vakuum-Leck-Testers<\/strong><\/h2>\n<p class=\"\" data-start=\"3063\" data-end=\"3232\">Der <strong data-start=\"3067\" data-end=\"3088\">LT-01 Dichtheitspr\u00fcfger\u00e4t<\/strong> von Cell Instruments wurde entwickelt, um die Lecksuche zu vereinfachen und gleichzeitig eine <strong data-start=\"3166\" data-end=\"3194\">Pr\u00e4zision und Langlebigkeit<\/strong>. Im Folgenden sind einige der wichtigsten Merkmale aufgef\u00fchrt:<\/p>\n<ul data-start=\"3234\" data-end=\"3668\">\n<li class=\"\" data-start=\"3234\" data-end=\"3310\">\n<p class=\"\" data-start=\"3236\" data-end=\"3310\"><strong data-start=\"3236\" data-end=\"3252\">Manuelles Modell<\/strong>: Entwickelt f\u00fcr einfache und kosteng\u00fcnstige Pr\u00fcfverfahren.<\/p>\n<\/li>\n<li class=\"\" data-start=\"3311\" data-end=\"3374\">\n<p class=\"\" data-start=\"3313\" data-end=\"3374\"><strong data-start=\"3313\" data-end=\"3329\">Vakuumbereich<\/strong>: 0 bis -90 kPa, einstellbar \u00fcber Luftregler.<\/p>\n<\/li>\n<li class=\"\" data-start=\"3375\" data-end=\"3470\">\n<p class=\"\" data-start=\"3377\" data-end=\"3470\"><strong data-start=\"3377\" data-end=\"3410\">Venturi-basierte Vakuumerzeugung<\/strong>: Durch den Einsatz von Druckluft wird kein Strom mehr ben\u00f6tigt.<\/p>\n<\/li>\n<li class=\"\" data-start=\"3471\" data-end=\"3553\">\n<p class=\"\" data-start=\"3473\" data-end=\"3553\"><strong data-start=\"3473\" data-end=\"3503\">Starke transparente Kammer<\/strong>: Einfache visuelle \u00dcberwachung und langlebige Konstruktion.<\/p>\n<\/li>\n<li class=\"\" data-start=\"3554\" data-end=\"3668\">\n<p class=\"\" data-start=\"3556\" data-end=\"3668\"><strong data-start=\"3556\" data-end=\"3580\">Kundenspezifische Kammergr\u00f6\u00dfen<\/strong>: Erh\u00e4ltlich in zylindrischer oder quaderf\u00f6rmiger Form, um eine breite Palette von Verpackungstypen aufzunehmen.<\/p>\n<\/li>\n<\/ul>\n<p class=\"\" data-start=\"3670\" data-end=\"3829\">Dar\u00fcber hinaus kann der LT-01 mit einem zus\u00e4tzlichen Modul aufger\u00fcstet werden. <strong data-start=\"3713\" data-end=\"3728\">Vakuumpumpe<\/strong> um strengere Pr\u00fcfverfahren zu erf\u00fcllen wie <strong data-start=\"3770\" data-end=\"3784\">ASTM D4991<\/strong>, und baut damit seine Pr\u00fcfm\u00f6glichkeiten weiter aus.<\/p>\n<hr class=\"\" data-start=\"4580\" data-end=\"4583\" \/>\n<h2 data-start=\"4585\" data-end=\"4637\"><strong data-start=\"4585\" data-end=\"4637\">Anwendungen von Vakuum-Dichtheitspr\u00fcfger\u00e4ten f\u00fcr <\/strong><strong data-start=\"1173\" data-end=\"1228\">Beh\u00e4lter<\/strong><\/h2>\n<p class=\"\" data-start=\"4639\" data-end=\"4730\">Der <strong data-start=\"4643\" data-end=\"4679\">Vakuum-Dichtheitspr\u00fcfger\u00e4t f\u00fcr C<\/strong><strong data-start=\"1173\" data-end=\"1228\">ontainer <\/strong>ist in verschiedenen Branchen weit verbreitet, wie z. B.:<\/p>\n<ul data-start=\"4732\" data-end=\"5065\">\n<li class=\"\" data-start=\"4732\" data-end=\"4823\">\n<p class=\"\" data-start=\"4734\" data-end=\"4823\"><strong data-start=\"4734\" data-end=\"4753\">Nahrungsmittel und Getr\u00e4nke<\/strong>: Zur \u00dcberpr\u00fcfung der Unversehrtheit der Siegel in Beuteln, Beuteln und flexiblen Folien.<\/p>\n<\/li>\n<li class=\"\" data-start=\"4824\" data-end=\"4902\">\n<p class=\"\" data-start=\"4826\" data-end=\"4902\"><strong data-start=\"4826\" data-end=\"4845\">Pharmazeutika<\/strong>: Um sicherzustellen, dass sterile Barrieresysteme nicht beeintr\u00e4chtigt werden.<\/p>\n<\/li>\n<li class=\"\" data-start=\"4903\" data-end=\"4983\">\n<p class=\"\" data-start=\"4905\" data-end=\"4983\"><strong data-start=\"4905\" data-end=\"4924\">Medizinische Ger\u00e4te<\/strong>: Zum Aufsp\u00fcren von undichten Stellen in Sterilverpackungen und Komponentenverpackungen.<\/p>\n<\/li>\n<li class=\"\" data-start=\"4984\" data-end=\"5065\">\n<p class=\"\" data-start=\"4986\" data-end=\"5065\"><strong data-start=\"4986\" data-end=\"5013\">Elektronik und Chemikalien<\/strong>: Zur Erhaltung der Feuchtigkeits- und Dampfsperreigenschaften.<\/p>\n<\/li>\n<\/ul>\n<p class=\"\" data-start=\"5067\" data-end=\"5190\">Eine zuverl\u00e4ssige Lecksuche ist unerl\u00e4sslich f\u00fcr <strong data-start=\"5108\" data-end=\"5154\">Verhinderung von Produktr\u00fcckrufen, Reduzierung von Abfall<\/strong>, und die Verbesserung der <strong data-start=\"5170\" data-end=\"5189\">Verbrauchersicherheit<\/strong>.<\/p>\n<hr class=\"\" data-start=\"3831\" data-end=\"3834\" \/>\n<h2 data-start=\"3836\" data-end=\"3896\"><strong data-start=\"3836\" data-end=\"3896\">Warum ein Vakuum-Leckage-Tester von Cell Instruments w\u00e4hlen?<\/strong><\/h2>\n<p class=\"\" data-start=\"3898\" data-end=\"4002\">Die Auswahl einer <strong data-start=\"3909\" data-end=\"3934\">Vakuum-Dichtheitspr\u00fcfger\u00e4t<\/strong> von Cell Instruments bietet Vorteile, die \u00fcber die Einhaltung von Standards hinausgehen:<\/p>\n<ul data-start=\"4004\" data-end=\"4429\">\n<li class=\"\" data-start=\"4004\" data-end=\"4093\">\n<p class=\"\" data-start=\"4006\" data-end=\"4093\"><strong data-start=\"4006\" data-end=\"4032\">Anpassbare L\u00f6sungen<\/strong>: Ma\u00dfgeschneiderte Kammern und Aufbauten f\u00fcr verschiedene Verpackungsformate.<\/p>\n<\/li>\n<li class=\"\" data-start=\"4094\" data-end=\"4204\">\n<p class=\"\" data-start=\"4096\" data-end=\"4204\"><strong data-start=\"4096\" data-end=\"4130\">Unterst\u00fctzung f\u00fcr mehrere Standards<\/strong>: Zus\u00e4tzlich zu den <a href=\"https:\/\/www.astm.org\/d3078-02r21e01.html\" target=\"_blank\" rel=\"noopener nofollow\">ASTM D3078<\/a>, k\u00f6nnen die Ger\u00e4te angepasst werden f\u00fcr <a href=\"https:\/\/www.astm.org\/d4991-07r15.html\" target=\"_blank\" rel=\"noopener nofollow\">ASTM D4991<\/a> und mehr.<\/p>\n<\/li>\n<li class=\"\" data-start=\"4205\" data-end=\"4330\">\n<p class=\"\" data-start=\"4207\" data-end=\"4330\"><strong data-start=\"4207\" data-end=\"4229\">Fachwissen \u00fcber die Industrie<\/strong>: Nachgewiesene Erfahrung in <strong data-start=\"4252\" data-end=\"4329\">Pr\u00fcfung von Medizin-, Lebensmittel-, Pharma-, Klebstoff- und Elektronikverpackungen<\/strong>.<\/p>\n<\/li>\n<li class=\"\" data-start=\"4331\" data-end=\"4429\">\n<p class=\"\" data-start=\"4333\" data-end=\"4429\"><strong data-start=\"4333\" data-end=\"4360\">Keine Elektrizit\u00e4t erforderlich<\/strong>: Umweltbewusst und sicher in verschiedenen Produktionsumgebungen.<\/p>\n<\/li>\n<\/ul>\n<p class=\"\" data-start=\"4431\" data-end=\"4578\">Diese Vorteile machen den LT-01 zu einer ausgezeichneten Wahl f\u00fcr Unternehmen, die ihre <strong data-start=\"4514\" data-end=\"4543\">Qualit\u00e4tssicherung des Pakets<\/strong> und treffen <strong data-start=\"4553\" data-end=\"4577\">regulatorische Standards<\/strong>.<\/p>","protected":false},"excerpt":{"rendered":"<p class=\"\" data-start=\"473\" data-end=\"983\">Die Gew\u00e4hrleistung der Unversehrtheit von Verpackungen ist entscheidend f\u00fcr die Produktsicherheit, die Verl\u00e4ngerung der Haltbarkeitsdauer und die Einhaltung internationaler Normen. Eines der wirksamsten und am weitesten verbreiteten Instrumente f\u00fcr diesen Zweck ist die <strong data-start=\"694\" data-end=\"730\">Vakuum-Dichtheitspr\u00fcfger\u00e4t f\u00fcr Verpackungen<\/strong>. Dieses Pr\u00fcfger\u00e4t wird in Branchen wie der Lebensmittel-, Medizin-, Pharma- und Elektronikindustrie sowie in der Qualit\u00e4tskontrolle eingesetzt. Es bewertet die Siegelst\u00e4rke und die Dichtheit flexibler Verpackungen, um m\u00f6gliche Lecks zu erkennen, die die Produktqualit\u00e4t beeintr\u00e4chtigen k\u00f6nnten.<\/p>\n<p class=\"\" data-start=\"985\" data-end=\"1166\">Wir wollen untersuchen, wie dieses Instrument funktioniert und welche Bedeutung es f\u00fcr globale Standards wie <strong data-start=\"1068\" data-end=\"1082\">ASTM D3078<\/strong>, und warum das Modell LT-01 von Cell Instruments eine ideale L\u00f6sung f\u00fcr Ihre Pr\u00fcfanforderungen ist.<\/p>","protected":false},"featured_media":5980,"comment_status":"closed","ping_status":"closed","template":"","meta":{"site-sidebar-layout":"default","site-content-layout":"default","ast-global-header-display":"","ast-main-header-display":"","ast-hfb-above-header-display":"","ast-hfb-below-header-display":"","ast-hfb-mobile-header-display":"","site-post-title":"disabled","ast-breadcrumbs-content":"","ast-featured-img":"disabled","footer-sml-layout":"","theme-transparent-header-meta":"default","adv-header-id-meta":"","stick-header-meta":"","header-above-stick-meta":"","header-main-stick-meta":"","header-below-stick-meta":""},"product_cat":[845,675,17,149,16,105,135,95],"product_tag":[],"class_list":{"0":"post-2268","1":"product","2":"type-product","3":"status-publish","4":"has-post-thumbnail","6":"product_cat-customization","7":"product_cat-leak-tester","8":"product_cat-package-container-testers","9":"product_cat-pharma-and-medical-testers","10":"product_cat-plastic-packaging-testers","11":"product_cat-astm-d3078","12":"product_cat-astm-d4991","13":"product_cat-products","14":"desktop-align-left","15":"tablet-align-left","16":"mobile-align-left","18":"first","19":"instock","20":"shipping-taxable","21":"product-type-simple"},"_links":{"self":[{"href":"https:\/\/www.qualitester.com\/de\/wp-json\/wp\/v2\/product\/2268","targetHints":{"allow":["GET"]}}],"collection":[{"href":"https:\/\/www.qualitester.com\/de\/wp-json\/wp\/v2\/product"}],"about":[{"href":"https:\/\/www.qualitester.com\/de\/wp-json\/wp\/v2\/types\/product"}],"replies":[{"embeddable":true,"href":"https:\/\/www.qualitester.com\/de\/wp-json\/wp\/v2\/comments?post=2268"}],"version-history":[{"count":0,"href":"https:\/\/www.qualitester.com\/de\/wp-json\/wp\/v2\/product\/2268\/revisions"}],"wp:featuredmedia":[{"embeddable":true,"href":"https:\/\/www.qualitester.com\/de\/wp-json\/wp\/v2\/media\/5980"}],"wp:attachment":[{"href":"https:\/\/www.qualitester.com\/de\/wp-json\/wp\/v2\/media?parent=2268"}],"wp:term":[{"taxonomy":"product_cat","embeddable":true,"href":"https:\/\/www.qualitester.com\/de\/wp-json\/wp\/v2\/product_cat?post=2268"},{"taxonomy":"product_tag","embeddable":true,"href":"https:\/\/www.qualitester.com\/de\/wp-json\/wp\/v2\/product_tag?post=2268"}],"curies":[{"name":"wp","href":"https:\/\/api.w.org\/{rel}","templated":true}]}}