{"id":1789,"date":"2023-04-26T15:37:45","date_gmt":"2023-04-26T07:37:45","guid":{"rendered":"https:\/\/www.qualitester.com\/?post_type=product&#038;p=1789"},"modified":"2024-12-04T11:20:32","modified_gmt":"2024-12-04T03:20:32","slug":"drawing-volume-tester-rdvt-01","status":"publish","type":"product","link":"https:\/\/www.qualitester.com\/de\/produkt-2\/drawing-volume-tester-rdvt-01\/","title":{"rendered":"RDVT-01 Zeichnungsvolumentester"},"content":{"rendered":"<h2><strong>Einf\u00fchrung in den Vacutainer-Blutentnahmevolumentester<\/strong><\/h2>\n<p>Der <strong>Vacutainer-Blutabnahmevolumentester<\/strong> ist ein fortschrittliches Testger\u00e4t, das die in ein Vacutainer-R\u00f6hrchen entnommene Blutmenge misst. In der medizinischen Diagnostik ist eine genaue Blutentnahme entscheidend f\u00fcr zuverl\u00e4ssige Testergebnisse. Das Vacutainer-R\u00f6hrchen ist ein spezieller Beh\u00e4lter, der normalerweise aus Glas oder Kunststoff besteht und einen vakuumversiegelten Gummistopfen verwendet, um eine bestimmte Fl\u00fcssigkeitsmenge in das R\u00f6hrchen zu ziehen. Dieser pr\u00e4zise Blutentnahmeprozess ist in Laboren, Krankenh\u00e4usern und bei klinischen Studien unerl\u00e4sslich, um die Genauigkeit diagnostischer Tests sicherzustellen.<\/p>\n<p>Der Vacutainer-Blutentnahmevolumentester spielt eine entscheidende Rolle bei der Best\u00e4tigung, dass jedes Vacutainer-R\u00f6hrchen das richtige Blutvolumen aufnimmt, und unterst\u00fctzt so die Integrit\u00e4t und Zuverl\u00e4ssigkeit medizinischer Tests.<\/p>\n<h2><strong>\u00dcbersicht \u00fcber Vacutainer-R\u00f6hrchen<\/strong><\/h2>\n<p>A <strong>Vacutainer-R\u00f6hrchen<\/strong> ist ein speziell entwickelter Beh\u00e4lter zum Sammeln von Blut- oder anderen Fl\u00fcssigkeitsproben. Er verf\u00fcgt \u00fcber:<\/p>\n<ul>\n<li><strong>Materialien<\/strong>: Aus Glas oder Kunststoff mit einem Gummistopfen, der einen luftdichten Verschluss bildet.<\/li>\n<li><strong>Vakuumfunktion<\/strong>: Das Vakuum im R\u00f6hrchen hilft, Blut in den Beh\u00e4lter zu ziehen, wenn die Nadel den Gummistopfen durchsticht.<\/li>\n<li><strong>Zusatzstoffe<\/strong>: Verschiedenfarbige Stopfen weisen auf bestimmte Zus\u00e4tze im Inneren des R\u00f6hrchens hin, die das Blut f\u00fcr verschiedene Labortests konservieren oder stabilisieren.<\/li>\n<li><strong>Sicherheit und Kennzeichnung<\/strong>: Die R\u00f6hrchen verf\u00fcgen h\u00e4ufig \u00fcber Sicherheitsfunktionen zur Vermeidung von Verunreinigungen und anpassbare Beschriftungsoptionen gew\u00e4hrleisten eine effiziente Verfolgung und Identifizierung der Proben.<\/li>\n<\/ul>\n<h2><strong>Testmethodik<\/strong><\/h2>\n<p>Der Testvorgang zum Messen des Blutentnahmevolumens in einem Vacutainer-R\u00f6hrchen ist unkompliziert und umfasst die folgenden Schritte:<\/p>\n<ol>\n<li><strong>Einsetzen des Vacutainer-R\u00f6hrchens<\/strong>:\n<ul>\n<li>F\u00fchren Sie das vorevakuierte Vacutainer-R\u00f6hrchen in die Einstichstelle des Testsystems ein. Der Innendruck des Systems wird an den Druck im R\u00f6hrchen angepasst, um eine genaue Volumenmessung zu gew\u00e4hrleisten.<\/li>\n<\/ul>\n<\/li>\n<li><strong>Anpassen des Drucks je nach H\u00f6he<\/strong>:\n<ul>\n<li>Der interne Systemdruck wird basierend auf der H\u00f6he des Testgebiets angepasst (da sich der Luftdruck mit der H\u00f6he \u00e4ndert). Diese Anpassung gew\u00e4hrleistet eine gleichbleibende Leistung bei unterschiedlichen Umgebungsbedingungen.<\/li>\n<\/ul>\n<\/li>\n<li><strong>Messung der entnommenen Blutmenge<\/strong>:\n<ul>\n<li>Das Vakuum saugt Blut in das R\u00f6hrchen und das Gewicht des R\u00f6hrchens wird vor und nach dem Test gemessen. Anhand der Gewichtsdifferenz l\u00e4sst sich das genaue Blutvolumen berechnen, das in das Vacutainer-R\u00f6hrchen gesaugt wird.<\/li>\n<\/ul>\n<\/li>\n<\/ol>\n<h2><strong>Technische Eigenschaften<\/strong><\/h2>\n<ul>\n<li><strong>SPS-Steuerung und HMI-Touchscreen<\/strong>:<br \/>\nDie Steuerung des Vacutainer Blutentnahmevolumentesters erfolgt \u00fcber ein <strong>Speicherprogrammierbare Steuerung (SPS)<\/strong>, wodurch eine stabile Leistung auf Industrieniveau gew\u00e4hrleistet wird. <strong>Mensch-Maschine-Schnittstelle (HMI)-Touchscreen<\/strong> erm\u00f6glicht eine einfache Bedienung und intuitive Steuerung und ist somit benutzerfreundlich und effizient f\u00fcr den Bediener.<\/li>\n<li><strong>Konstante Druckregelung<\/strong>:<br \/>\nDer Tester h\u00e4lt w\u00e4hrend des Tests einen konstanten Druck im System aufrecht und passt sich automatisch an Schwankungen des Fl\u00fcssigkeitsstands an. Dadurch wird sichergestellt, dass jede Blutentnahme mit hoher Pr\u00e4zision gemessen wird und die Ergebnisse nicht schwanken.<\/li>\n<li><strong>Eingebettete Vakuumpumpe<\/strong>:<br \/>\nDas System ist mit einer integrierten Vakuumpumpe ausgestattet, die im Vergleich zur Verwendung externer Pumpen Platz spart und die Betriebskosten senkt. Das eingebettete Design sorgt f\u00fcr optimale Platzeffizienz bei gleichbleibend hoher Leistung.<\/li>\n<\/ul>\n<h2><strong>Hauptparameter und Spezifikationen<\/strong><\/h2>\n<ul>\n<li><strong>Vakuumgrad<\/strong>: 0~-40 KPa (entspricht einer H\u00f6he von 3600 Metern)\n<ul>\n<li>Dieser Bereich stellt sicher, dass das System reale Bedingungen vom Meeresspiegel bis in gro\u00dfe H\u00f6hen simulieren kann und unabh\u00e4ngig vom Standort genaue Blutvolumenmessungen erm\u00f6glicht.<\/li>\n<\/ul>\n<\/li>\n<li><strong>Kontrollsystem<\/strong>:\n<ul>\n<li>SPS und <strong>Mensch-Maschine-Schnittstelle (HMI)<\/strong> zur reibungslosen und pr\u00e4zisen Steuerung aller Testparameter.<\/li>\n<\/ul>\n<\/li>\n<li><strong>Leistungsbedarf<\/strong>:\n<ul>\n<li>220\u00a0V, 50\/60\u00a0Hz f\u00fcr weltweite Kompatibilit\u00e4t mit standardm\u00e4\u00dfigen industriellen Stromversorgungssystemen.<\/li>\n<\/ul>\n<\/li>\n<\/ul>\n<h2><strong>Industriestandards und Compliance<\/strong><\/h2>\n<p>Der Vacutainer-Blutvolumentester erf\u00fcllt mehrere Industriestandards f\u00fcr Genauigkeit und Zuverl\u00e4ssigkeit und stellt sicher, dass er den strengen Anforderungen von Gesundheits-, Pharma- und Diagnoselaboren gerecht wird. Durch die Einhaltung etablierter Standards stellt dieser Tester sicher, dass Blutvolumenmessungen konsistent, zuverl\u00e4ssig und reproduzierbar sind.<\/p>\n<h2><strong>Interpretation der Testergebnisse<\/strong><\/h2>\n<p>Der <a href=\"https:\/\/www.qualitester.com\/de\/produkt-kategorie\/test-items\/vacutainer-drawing-volume-tester\/\" target=\"_blank\" rel=\"noopener\">Vacutainer-Blutabnahmevolumentester<\/a> liefert genaue Ergebnisse, indem es den Gewichtsunterschied vor und nach dem Test berechnet. Diese Gewichts\u00e4nderung entspricht der genauen entnommenen Blutmenge und stellt sicher, dass die richtige Probenmenge f\u00fcr die Laboruntersuchung entnommen wird. Das System schlie\u00dft die M\u00f6glichkeit menschlicher Fehler bei der Volumenmessung aus und gew\u00e4hrleistet Konsistenz und qualitativ hochwertige Ergebnisse bei allen Tests.<\/p>\n<h2><strong>Wichtige Vorteile des Vacutainer-Blutentnahmevolumentesters<\/strong><\/h2>\n<ul>\n<li><strong>Genauigkeit und Konsistenz<\/strong>:<br \/>\nGew\u00e4hrleistet pr\u00e4zise und zuverl\u00e4ssige Blutvolumenmessungen, die f\u00fcr diagnostische Tests und Probenanalysen von entscheidender Bedeutung sind.<\/li>\n<li><strong>Verbesserte Effizienz<\/strong>:<br \/>\nOptimiert den Blutentnahmeprozess, reduziert den f\u00fcr die Tests erforderlichen Zeit- und Arbeitsaufwand und verbessert gleichzeitig den Durchsatz in Umgebungen mit hohen Anforderungen.<\/li>\n<li><strong>Verbesserte Sicherheit<\/strong>:<br \/>\nVerhindert das Risiko einer \u00dcber- oder Unterf\u00fcllung der R\u00f6hrchen, wodurch die Testergebnisse und die Patientensicherheit beeintr\u00e4chtigt werden k\u00f6nnten.<\/li>\n<li><strong>Kosteneffizienz<\/strong>:<br \/>\nDie integrierte Vakuumpumpe und das automatisierte Steuerungssystem senken die Betriebskosten und erh\u00f6hen gleichzeitig die Testgenauigkeit und -effizienz.<\/li>\n<\/ul>\n<h2><strong>FAQs<\/strong><\/h2>\n<ol>\n<li><strong>Was ist der Zweck des Vacutainer-Blutentnahmevolumentesters?<\/strong>\n<ul>\n<li>Es misst genau das in ein Vacutainer-R\u00f6hrchen entnommene Blutvolumen und gew\u00e4hrleistet so eine pr\u00e4zise Blutentnahme f\u00fcr Diagnose- und Labortests.<\/li>\n<\/ul>\n<\/li>\n<li><strong>Wie funktioniert der Vacutainer-Blutentnahmevolumentester?<\/strong>\n<ul>\n<li>Das System saugt mithilfe eines Vakuums Blut in das Vacutainer-R\u00f6hrchen und anhand des Gewichtsunterschieds vor und nach dem Test wird die gesammelte Blutmenge bestimmt.<\/li>\n<\/ul>\n<\/li>\n<li><strong>Kann der Vacutainer-Blutentnahmevolumentester in verschiedenen Umgebungen verwendet werden?<\/strong>\n<ul>\n<li>Ja, der Tester passt den Druck je nach H\u00f6he an und gew\u00e4hrleistet so eine gleichbleibende Leistung und Genauigkeit an verschiedenen geografischen Standorten.<\/li>\n<\/ul>\n<\/li>\n<li><strong>Ist der Vacutainer-Blutentnahmevolumentester einfach zu bedienen?<\/strong>\n<ul>\n<li>Ja, die Steuerung des Testers erfolgt \u00fcber eine <strong>SPS<\/strong> Und <strong>HMI-Touchscreen<\/strong>, wodurch die Bedienung intuitiv und einfach ist.<\/li>\n<\/ul>\n<\/li>\n<li><strong>Welche Branchen profitieren vom Einsatz des Vacutainer-Blutentnahmevolumentesters?<\/strong>\n<ul>\n<li>Es wird haupts\u00e4chlich im Gesundheitswesen, in klinischen Laboren und der Pharmaindustrie eingesetzt, wo eine genaue Blutentnahme f\u00fcr diagnostische Tests von entscheidender Bedeutung ist.<\/li>\n<\/ul>\n<\/li>\n<\/ol>\n<p>Der <strong>Vacutainer-Blutabnahmevolumentester<\/strong> ist ein unverzichtbares Werkzeug zur Gew\u00e4hrleistung einer pr\u00e4zisen Blutentnahme in der medizinischen Diagnostik, bei Labortests und in pharmazeutischen Anwendungen. Mit seiner benutzerfreundlichen Oberfl\u00e4che, seiner gleichbleibenden Leistung und seiner hohen Pr\u00e4zision bietet es sowohl Gesundheitsdienstleistern als auch Forschern erhebliche Vorteile. Dieses Ger\u00e4t garantiert, dass jede Blutprobe in der richtigen Menge entnommen wird, was zur Genauigkeit und Zuverl\u00e4ssigkeit der Diagnoseergebnisse beitr\u00e4gt.<\/p>","protected":false},"excerpt":{"rendered":"<p>Der <strong>Vacutainer-Blutabnahmevolumentester<\/strong> ist ein fortschrittliches Testger\u00e4t, das die in ein Vacutainer-R\u00f6hrchen entnommene Blutmenge misst. In der medizinischen Diagnostik ist eine genaue Blutentnahme entscheidend f\u00fcr zuverl\u00e4ssige Testergebnisse. Das Vacutainer-R\u00f6hrchen ist ein spezieller Beh\u00e4lter, der normalerweise aus Glas oder Kunststoff besteht und einen vakuumversiegelten Gummistopfen verwendet, um eine bestimmte Fl\u00fcssigkeitsmenge in das R\u00f6hrchen zu ziehen. Dieser pr\u00e4zise Blutentnahmeprozess ist in Laboren, Krankenh\u00e4usern und bei klinischen Studien unerl\u00e4sslich, um die Genauigkeit diagnostischer Tests sicherzustellen.<\/p>","protected":false},"featured_media":6023,"comment_status":"closed","ping_status":"closed","template":"","meta":{"site-sidebar-layout":"default","site-content-layout":"default","ast-global-header-display":"","ast-main-header-display":"","ast-hfb-above-header-display":"","ast-hfb-below-header-display":"","ast-hfb-mobile-header-display":"","site-post-title":"disabled","ast-breadcrumbs-content":"","ast-featured-img":"disabled","footer-sml-layout":"","theme-transparent-header-meta":"default","adv-header-id-meta":"","stick-header-meta":"","header-above-stick-meta":"","header-main-stick-meta":"","header-below-stick-meta":""},"product_cat":[845,936,674,149,95],"product_tag":[],"class_list":{"0":"post-1789","1":"product","2":"type-product","3":"status-publish","4":"has-post-thumbnail","6":"product_cat-customization","7":"product_cat-vacutainer-drawing-volume-tester","8":"product_cat-test-items","9":"product_cat-pharma-and-medical-testers","10":"product_cat-products","11":"desktop-align-left","12":"tablet-align-left","13":"mobile-align-left","15":"first","16":"instock","17":"shipping-taxable","18":"product-type-simple"},"_links":{"self":[{"href":"https:\/\/www.qualitester.com\/de\/wp-json\/wp\/v2\/product\/1789","targetHints":{"allow":["GET"]}}],"collection":[{"href":"https:\/\/www.qualitester.com\/de\/wp-json\/wp\/v2\/product"}],"about":[{"href":"https:\/\/www.qualitester.com\/de\/wp-json\/wp\/v2\/types\/product"}],"replies":[{"embeddable":true,"href":"https:\/\/www.qualitester.com\/de\/wp-json\/wp\/v2\/comments?post=1789"}],"version-history":[{"count":0,"href":"https:\/\/www.qualitester.com\/de\/wp-json\/wp\/v2\/product\/1789\/revisions"}],"wp:featuredmedia":[{"embeddable":true,"href":"https:\/\/www.qualitester.com\/de\/wp-json\/wp\/v2\/media\/6023"}],"wp:attachment":[{"href":"https:\/\/www.qualitester.com\/de\/wp-json\/wp\/v2\/media?parent=1789"}],"wp:term":[{"taxonomy":"product_cat","embeddable":true,"href":"https:\/\/www.qualitester.com\/de\/wp-json\/wp\/v2\/product_cat?post=1789"},{"taxonomy":"product_tag","embeddable":true,"href":"https:\/\/www.qualitester.com\/de\/wp-json\/wp\/v2\/product_tag?post=1789"}],"curies":[{"name":"wp","href":"https:\/\/api.w.org\/{rel}","templated":true}]}}