{"id":1752,"date":"2023-04-26T14:42:13","date_gmt":"2023-04-26T06:42:13","guid":{"rendered":"https:\/\/www.qualitester.com\/?post_type=product&#038;p=1752"},"modified":"2024-12-04T11:12:27","modified_gmt":"2024-12-04T03:12:27","slug":"motorized-cap-torque-tester-mct-01","status":"publish","type":"product","link":"https:\/\/www.qualitester.com\/de\/produkt-2\/motorized-cap-torque-tester-mct-01\/","title":{"rendered":"MCT-01 Motorisierter Kappendrehmomenttester"},"content":{"rendered":"<h2>Einf\u00fchrung<\/h2>\n<p>Der <strong>Automatischer Kappendrehmomenttester (MCT-01)<\/strong> ist ein hochpr\u00e4zises und effizientes Instrument zum Messen der \u00d6ffnungs- und Schlie\u00dfkr\u00e4fte von Verschl\u00fcssen auf verschiedenen Beh\u00e4ltertypen. Diese Pr\u00fcfung ist bei Verpackungsanwendungen in Branchen wie Pharmazeutika, Lebensmitteln und Getr\u00e4nken, medizinischen Ger\u00e4ten und Konsumg\u00fctern von entscheidender Bedeutung. Richtige Drehmomentmessungen stellen sicher, dass Verschl\u00fcsse f\u00fcr den Transport sicher verschlossen sind und sich dennoch leicht vom Verbraucher \u00f6ffnen lassen, was sowohl Sicherheit als auch Komfort bietet. Mit seiner fortschrittlichen Technologie bietet der MCT-01 zuverl\u00e4ssige und genaue Drehmomentmessungen, die f\u00fcr die Qualit\u00e4tskontrolle und die Einhaltung von Industriestandards unerl\u00e4sslich sind.<\/p>\n<h2>Anwendungsbereiche<\/h2>\n<p>Der <strong>Automatischer Kappendrehmomenttester<\/strong> wird in zahlreichen Bereichen eingesetzt, unter anderem:<\/p>\n<ul>\n<li><strong>Verpackungsindustrie<\/strong>: Stellt sicher, dass Beh\u00e4lter wie PET-Flaschen, Ausgie\u00dferbeutel, Medikamentenflaschen und flexible Tubenverpackungen die notwendigen Anforderungen an Versiegelungs- und \u00d6ffnungskraft erf\u00fcllen.<\/li>\n<li><strong>Pharmazeutische und medizinische Ger\u00e4te<\/strong>: Stellt sicher, dass Arzneimittelbeh\u00e4lter wirksam versiegelt sind, wodurch das Risiko einer Verunreinigung oder Manipulation verringert wird.<\/li>\n<li><strong>Nahrungsmittel und Getr\u00e4nke<\/strong>: \u00dcberpr\u00fcft das Drehmoment von Flaschenverschl\u00fcssen, um ein einfaches \u00d6ffnen unter Wahrung der Produktintegrit\u00e4t sicherzustellen.<\/li>\n<li><strong>Konsumg\u00fcter<\/strong>: Hilft beim Testen der Verschlussfunktionalit\u00e4t verschiedener Verbraucherverpackungen und stellt das richtige Gleichgewicht zwischen Versiegelungsst\u00e4rke und Benutzerfreundlichkeit sicher.<\/li>\n<li><strong>Kundenspezifische Testl\u00f6sungen<\/strong>: Cell Instruments ist au\u00dferdem auf die Bereitstellung kundenspezifischer Testvoraussetzungen spezialisiert, um den individuellen Anforderungen verschiedener Branchen gerecht zu werden.<\/li>\n<\/ul>\n<h2>Testprozess<\/h2>\n<p>Der Testprozess mit dem <strong>Automatischer Kappendrehmomenttester<\/strong> (MCT-01) ist zur einfachen Handhabung vollautomatisch:<\/p>\n<ul>\n<li><strong>Probenbeladung<\/strong>: Flasche und Verschluss werden in den Tester gelegt. Sowohl die pneumatische Flaschenklemme als auch die pneumatische Verschlussklemme rasten automatisch ein, um die Probe zu sichern.<\/li>\n<li><strong>Testbeginn<\/strong>: Durch Dr\u00fccken der <strong>PR\u00dcFEN<\/strong> Knopf, die untere Klammer leitet eine Rotation ein und \u00f6ffnet oder schlie\u00dft die Flasche, je nach den Testanforderungen.<\/li>\n<li><strong>Drehmomentmessung<\/strong>: W\u00e4hrend der Drehung wird die Drehmomentkraft pr\u00e4zise gemessen und in Echtzeit aufgezeichnet. Das System speichert automatisch die Spitzendrehmomentwerte sowohl f\u00fcr die \u00d6ffnungs- als auch f\u00fcr die Verriegelungskraft.<\/li>\n<li><strong>Datenanalyse<\/strong>: Die gemessenen Drehmomentdaten werden in mehreren Einheiten angezeigt, darunter Kgf.cm, N.cm, daN.cm, Inch.lbs und Nm, was eine umfassende Analyse und Qualit\u00e4tskontrolle erm\u00f6glicht.<\/li>\n<\/ul>\n<h2>Technische Eigenschaften<\/h2>\n<ul>\n<li><strong>SPS-gesteuerte Einheit<\/strong>: Um Stabilit\u00e4t auf Industrieniveau zu gew\u00e4hrleisten, arbeitet der Tester mit einer SPS-gesteuerten Einheit und einer intuitiven HMI-Touchscreen-Schnittstelle.<\/li>\n<li><strong>Doppelte pneumatische Klemmung<\/strong>: Die oberen und unteren pneumatischen Klemmen gew\u00e4hrleisten eine sichere Pr\u00fcfung, ohne die Flasche oder den Verschluss zu besch\u00e4digen.<\/li>\n<li><strong>Automatische Rotations- und Drehmomentmessung<\/strong>: Simuliert reale Produktionsbedingungen durch automatische Rotation und macht das System somit ideal f\u00fcr die Qualit\u00e4tssicherung.<\/li>\n<li><strong>Messung mehrerer Einheiten<\/strong>: Zeigt das Drehmoment in Kgf.cm, N.cm, daN.cm, Inch.lbs und Nm f\u00fcr eine flexible Analyse an.<\/li>\n<li><strong>\u00dcberlastschutz und automatische Nullstellung<\/strong>: Das System verf\u00fcgt \u00fcber einen \u00dcberlastungsschutz, um zuverl\u00e4ssige, konsistente Messungen zu gew\u00e4hrleisten, und eine automatische Nullungsfunktion f\u00fcr genaue Messwerte.<\/li>\n<li><strong>RS232-Anschluss und Software<\/strong>: Optional mit RS232-Anschluss und professioneller Computersoftware f\u00fcr detailliertes Reporting und Datenmanagement erh\u00e4ltlich.<\/li>\n<li><strong>Mikrodrucker<\/strong>: Bietet sofortige Ausdrucke zur schnellen Referenz w\u00e4hrend der Produktion und Pr\u00fcfung.<\/li>\n<\/ul>\n<h2>Wichtige Standards<\/h2>\n<p>Der <strong>Automatischer Kappendrehmomenttester (MCT-01)<\/strong> entspricht Industrienormen und gew\u00e4hrleistet, dass es strenge Anforderungen an die Qualit\u00e4tssicherung erf\u00fcllt:<\/p>\n<ul>\n<li><strong><a href=\"https:\/\/www.astm.org\/d2063_d2063m-10r18.html\" target=\"_blank\" rel=\"noopener nofollow\">ASTM D2063<\/a>: Standardpr\u00fcfverfahren f\u00fcr das Drehmoment (die Kraft) von Verschlusssystemen f\u00fcr aseptisch verpackte Beh\u00e4lter<\/strong><br \/>\n<a href=\"https:\/\/www.qualitester.com\/de\/produkt-kategorie\/astm\/astm-d2063\/\" target=\"_blank\" rel=\"noopener\">ASTM D2063<\/a> beschreibt die Methode zur Bestimmung des Drehmoments, das zum \u00d6ffnen und Schlie\u00dfen aseptischer Verschlusssysteme erforderlich ist, was insbesondere bei der Verpackung von Arzneimitteln und Lebensmitteln von entscheidender Bedeutung ist. Diese Norm stellt sicher, dass das Drehmoment ausreicht, um eine luftdichte Abdichtung zu gew\u00e4hrleisten und gleichzeitig ein einfaches \u00d6ffnen durch den Verbraucher zu erm\u00f6glichen.<\/li>\n<li><strong><a href=\"https:\/\/www.astm.org\/d3198-97r02.html\" target=\"_blank\" rel=\"noopener nofollow\">ASTM D3198<\/a>: Standardpr\u00fcfverfahren zur Messung des Drehmoments (der Kraft) von Verschlusssystemen f\u00fcr Flaschen und Beh\u00e4lter<\/strong><br \/>\n<a href=\"https:\/\/www.qualitester.com\/de\/produkt-kategorie\/astm\/astm-d3198\/\" target=\"_blank\" rel=\"noopener\">ASTM D3198<\/a> bietet Richtlinien zum Testen der Drehmomentkraft von Verschl\u00fcssen und Verschlusssystemen an Beh\u00e4ltern wie Flaschen und Gl\u00e4sern. Der Schwerpunkt liegt darauf, sicherzustellen, dass Verschl\u00fcsse w\u00e4hrend der Herstellung ordnungsgem\u00e4\u00df versiegelt werden und vom Verbraucher sicher ge\u00f6ffnet werden k\u00f6nnen.<\/li>\n<li><strong><a href=\"https:\/\/www.astm.org\/d3474-90r18.html\" target=\"_blank\" rel=\"noopener nofollow\">ASTM D3474<\/a>: Standardpr\u00fcfverfahren zur Bestimmung des Drehmoments (der Kraft) von Verschl\u00fcssen an Beh\u00e4ltern<\/strong><br \/>\n<a href=\"https:\/\/www.qualitester.com\/de\/produkt-kategorie\/astm\/astm-d3474\/\">ASTM D3474<\/a> definiert eine Methode zum Testen des Verschlussdrehmoments an verschiedenen Beh\u00e4ltern und stellt sicher, dass die Verschl\u00fcsse w\u00e4hrend der Produktion mit dem richtigen Drehmoment angebracht werden. Diese Norm tr\u00e4gt dazu bei, eine gleichbleibende Produktleistung und Verpackungssicherheit aufrechtzuerhalten.<\/li>\n<li><strong>Andere relevante Standards<\/strong>:<br \/>\nDar\u00fcber hinaus erf\u00fcllt der MCT-01 weitere Normen, wie zum Beispiel <strong>GB\/T17876<\/strong>, <strong>BB\/T0025<\/strong>, Und <strong>BB\/T0034<\/strong>, die Richtlinien f\u00fcr Verpackungs- und Verschlusstests in verschiedenen M\u00e4rkten und Regionen bereitstellen.<\/li>\n<\/ul>\n<h2>Vorteile der Verwendung von <strong>Automatischer Kappendrehmomenttester<\/strong><\/h2>\n<ul>\n<li><strong>Pr\u00e4zision und Zuverl\u00e4ssigkeit<\/strong>: Der MCT-01 liefert hochpr\u00e4zise und wiederholbare Drehmomentmessungen, die f\u00fcr die ordnungsgem\u00e4\u00dfe Versiegelung von Beh\u00e4ltern und die Benutzerfreundlichkeit f\u00fcr den Verbraucher von entscheidender Bedeutung sind.<\/li>\n<li><strong>Benutzerfreundlichkeit<\/strong>: Dank der intuitiven Touchscreen-Oberfl\u00e4che und den vollautomatischen Testfunktionen ist das System einfach zu bedienen und somit ideal f\u00fcr neue und erfahrene Bediener gleicherma\u00dfen.<\/li>\n<li><strong>Verbesserte Qualit\u00e4tskontrolle<\/strong>: Hilft Herstellern, strenge Industriestandards einzuhalten, indem die Kappendrehkr\u00e4fte genau bewertet, die Produktqualit\u00e4t verbessert und die Verbrauchersicherheit gew\u00e4hrleistet werden.<\/li>\n<li><strong>Einhaltung von Industriestandards<\/strong>: Der Tester erf\u00fcllt die Anforderungen von ASTM D2063, ASTM D3198 und ASTM D3474 und gibt Ihnen die Gewissheit, dass die Produkte den weltweiten Vorschriften zur Qualit\u00e4tssicherung entsprechen.<\/li>\n<\/ul>","protected":false},"excerpt":{"rendered":"<p>Der <strong>Automatischer Kappendrehmomenttester (MCT-01)<\/strong> ist ein hochpr\u00e4zises und effizientes Instrument zum Messen der \u00d6ffnungs- und Schlie\u00dfkr\u00e4fte von Verschl\u00fcssen auf verschiedenen Beh\u00e4ltertypen. Diese Pr\u00fcfung ist bei Verpackungsanwendungen in Branchen wie Pharmazeutika, Lebensmitteln und Getr\u00e4nken, medizinischen Ger\u00e4ten und Konsumg\u00fctern von entscheidender Bedeutung. Richtige Drehmomentmessungen stellen sicher, dass Verschl\u00fcsse f\u00fcr den Transport sicher verschlossen sind und sich dennoch leicht vom Verbraucher \u00f6ffnen lassen, was sowohl Sicherheit als auch Komfort bietet. Mit seiner fortschrittlichen Technologie bietet der MCT-01 zuverl\u00e4ssige und genaue Drehmomentmessungen, die f\u00fcr die Qualit\u00e4tskontrolle und die Einhaltung von Industriestandards unerl\u00e4sslich sind.<\/p>","protected":false},"featured_media":6020,"comment_status":"closed","ping_status":"closed","template":"","meta":{"site-sidebar-layout":"default","site-content-layout":"default","ast-global-header-display":"","ast-main-header-display":"","ast-hfb-above-header-display":"","ast-hfb-below-header-display":"","ast-hfb-mobile-header-display":"","site-post-title":"disabled","ast-breadcrumbs-content":"","ast-featured-img":"disabled","footer-sml-layout":"","theme-transparent-header-meta":"default","adv-header-id-meta":"","stick-header-meta":"","header-above-stick-meta":"","header-main-stick-meta":"","header-below-stick-meta":""},"product_cat":[845,687,17,124,125,128,95],"product_tag":[],"class_list":{"0":"post-1752","1":"product","2":"type-product","3":"status-publish","4":"has-post-thumbnail","6":"product_cat-customization","7":"product_cat-torque-tester","8":"product_cat-package-container-testers","9":"product_cat-astm-d2063","10":"product_cat-astm-d3198","11":"product_cat-astm-d3474","12":"product_cat-products","13":"desktop-align-left","14":"tablet-align-left","15":"mobile-align-left","17":"first","18":"instock","19":"shipping-taxable","20":"product-type-simple"},"_links":{"self":[{"href":"https:\/\/www.qualitester.com\/de\/wp-json\/wp\/v2\/product\/1752","targetHints":{"allow":["GET"]}}],"collection":[{"href":"https:\/\/www.qualitester.com\/de\/wp-json\/wp\/v2\/product"}],"about":[{"href":"https:\/\/www.qualitester.com\/de\/wp-json\/wp\/v2\/types\/product"}],"replies":[{"embeddable":true,"href":"https:\/\/www.qualitester.com\/de\/wp-json\/wp\/v2\/comments?post=1752"}],"version-history":[{"count":0,"href":"https:\/\/www.qualitester.com\/de\/wp-json\/wp\/v2\/product\/1752\/revisions"}],"wp:featuredmedia":[{"embeddable":true,"href":"https:\/\/www.qualitester.com\/de\/wp-json\/wp\/v2\/media\/6020"}],"wp:attachment":[{"href":"https:\/\/www.qualitester.com\/de\/wp-json\/wp\/v2\/media?parent=1752"}],"wp:term":[{"taxonomy":"product_cat","embeddable":true,"href":"https:\/\/www.qualitester.com\/de\/wp-json\/wp\/v2\/product_cat?post=1752"},{"taxonomy":"product_tag","embeddable":true,"href":"https:\/\/www.qualitester.com\/de\/wp-json\/wp\/v2\/product_tag?post=1752"}],"curies":[{"name":"wp","href":"https:\/\/api.w.org\/{rel}","templated":true}]}}