{"id":1728,"date":"2023-04-26T13:58:32","date_gmt":"2023-04-26T05:58:32","guid":{"rendered":"https:\/\/www.qualitester.com\/?post_type=product&#038;p=1728"},"modified":"2024-12-02T16:27:43","modified_gmt":"2024-12-02T08:27:43","slug":"leak-tester-lt-02","status":"publish","type":"product","link":"https:\/\/www.qualitester.com\/de\/produkt-2\/leak-tester-lt-02\/","title":{"rendered":"LT-02 Dichtheitspr\u00fcfger\u00e4t"},"content":{"rendered":"<h2><strong>Einf\u00fchrung in den Package Leak Tester<\/strong><\/h2>\n<p>Die Gew\u00e4hrleistung der Integrit\u00e4t von Verpackungssiegeln ist entscheidend, um Produkte vor Verunreinigung, Verderb und Verschlechterung zu sch\u00fctzen. Ein zuverl\u00e4ssiger Verpackungsdichtheitstester wie der <strong>LT-02 Dichtheitspr\u00fcfger\u00e4t<\/strong> spielt in vielen Branchen von der Lebensmittelverpackung bis zur Pharmaindustrie eine wichtige Rolle und liefert wichtige Einblicke in die Verpackungsqualit\u00e4t. Dieses fortschrittliche Dichtheitspr\u00fcfger\u00e4t hilft Herstellern, Verpackungsm\u00e4ngel fr\u00fchzeitig zu erkennen und zu beheben und stellt sicher, dass die Produkte sicher und frisch bleiben und den Industriestandards entsprechen.<\/p>\n<p>A <strong>Paketdichtheitspr\u00fcfger\u00e4t<\/strong> \u00dcberpr\u00fcft, ob die Versiegelung einer Verpackung luftdicht ist, und verhindert Lecks, die den Inhalt beeintr\u00e4chtigen k\u00f6nnten. Dies ist besonders wichtig in Bereichen, in denen die Versiegelungsintegrit\u00e4t f\u00fcr die Aufrechterhaltung der Produktqualit\u00e4t und -sicherheit von entscheidender Bedeutung ist.<\/p>\n<h2><strong>ASTM D3078: Standard f\u00fcr Dichtheitspr\u00fcfungen<\/strong><\/h2>\n<h3><strong>Einf\u00fchrung in ASTM D3078<\/strong><\/h3>\n<p>Der <a href=\"https:\/\/www.astm.org\/d3078-02r21e01.html\" target=\"_blank\" rel=\"noopener nofollow\"><strong>ASTM D3078<\/strong><\/a> ist ein weithin anerkannter Standard, der Methoden zur Erkennung von groben Lecks in flexiblen Verpackungen beschreibt, die Gase enthalten. Dieser Standard ist besonders n\u00fctzlich zum Testen von flexiblen Verpackungsmaterialien, die in Lebensmittel-, Pharma- und Medizinprodukten verwendet werden, wo die Gew\u00e4hrleistung der Integrit\u00e4t der Versiegelung f\u00fcr die Produktsicherheit von gr\u00f6\u00dfter Bedeutung ist.<\/p>\n<h3><strong>Testmethodik gem\u00e4\u00df ASTM D3078<\/strong><\/h3>\n<p>Entsprechend <a href=\"https:\/\/www.qualitester.com\/de\/produkt-kategorie\/astm\/astm-d3078\/\" target=\"_blank\" rel=\"noopener\"><strong>ASTM D3078<\/strong><\/a>wird der Dichtheitstest einer Verpackung durchgef\u00fchrt, indem die zu pr\u00fcfende Probe in eine mit Wasser gef\u00fcllte Kammer getaucht wird. Die Kammer wird dann versiegelt und ein Vakuum angelegt, um Druckunterschiede zu erzeugen. Wenn die Verpackung ein Leck aufweist, entweicht Luft durch die \u00d6ffnung, wodurch sich im Wasser Blasen bilden. Mit dieser Methode lassen sich Lecks leicht visuell erkennen, selbst solche, die zu klein sind, um mit anderen Mitteln erkannt zu werden.<\/p>\n<p>Mit dieser Norm wird eine wirksame \u00dcberpr\u00fcfung von Verpackungsmaterialien auf Undichtigkeiten sichergestellt. Hersteller k\u00f6nnen so zuverl\u00e4ssig den Produktschutz und die Einhaltung von Sicherheitsvorschriften gew\u00e4hrleisten.<\/p>\n<h2><strong>So funktioniert der Paket-Lecktester<\/strong><\/h2>\n<h3><strong>Testaufbau und -durchf\u00fchrung<\/strong><\/h3>\n<p>Zur Durchf\u00fchrung einer Dichtheitspr\u00fcfung mit dem <strong>LT-02 Dichtheitspr\u00fcfger\u00e4t<\/strong>wird die Testprobe in eine transparente Acrylkammer gelegt, die mit Wasser gef\u00fcllt ist. Die Kammer wird versiegelt und die Steuereinheit beginnt, die Luft abzusaugen, bis der erforderliche Vakuumdruck erreicht ist. Die Verpackung wird dann auf Lecks gepr\u00fcft. Diese werden durch das Auftreten von Blasen angezeigt, wenn Luft aus kleinen \u00d6ffnungen in der Versiegelung entweicht.<\/p>\n<h3><strong>Technische Merkmale des Dichtheitspr\u00fcfger\u00e4ts LT-02<\/strong><\/h3>\n<ul>\n<li><strong>Hochvakuumf\u00e4higkeit<\/strong>: Der LT-02 erreicht einen Vakuumdruck von bis zu <strong>-90 kPa<\/strong> \u00fcber ein Venturirohr. Damit ist es in der Lage, selbst kleinste Lecks in den unterschiedlichsten Verpackungsmaterialien zu erkennen.<\/li>\n<li><strong>Einstellbare Testzeit<\/strong>: Die Testzeit kann an die spezifischen Anforderungen der zu testenden Verpackung angepasst werden. Diese Funktion stellt sicher, dass sowohl kleine als auch gro\u00dfe Verpackungen effektiv getestet werden k\u00f6nnen.<\/li>\n<li><strong>SMC Vakuum-Druckschalter<\/strong>: Der LT-02 verwendet einen hochwertigen Vakuumdruckschalter von SMC, der w\u00e4hrend des Tests eine pr\u00e4zise und zuverl\u00e4ssige Kontrolle des Vakuumniveaus gew\u00e4hrleistet.<\/li>\n<li><strong>Anpassbare Testkammer<\/strong>: Die Kammer besteht aus langlebigem, transparentem Acryl und kann in Gr\u00f6\u00dfe und Form individuell an unterschiedliche Verpackungsformate angepasst werden, darunter zylindrische und quaderf\u00f6rmige Formen.<\/li>\n<li><strong>Optional h\u00f6here Vakuumniveaus<\/strong>: Der LT-02 ist kompatibel mit einer Vakuumpumpe f\u00fcr h\u00f6here Vakuumniveaus, gem\u00e4\u00df <strong>ASTM D4991<\/strong>, f\u00fcr strengere Testanforderungen.<\/li>\n<\/ul>\n<h2><strong>Anwendungsbereiche der Dichtheitspr\u00fcfung von Verpackungen<\/strong><\/h2>\n<h3><strong>Industrielle Anwendungen<\/strong><\/h3>\n<ul>\n<li><strong>Lebensmittelindustrie<\/strong>: Der LT-02 ist von entscheidender Bedeutung, um die Integrit\u00e4t von Verpackungen in der Lebensmittelindustrie zu gew\u00e4hrleisten und eine Verunreinigung, den Verderb oder die Verschlechterung verderblicher Waren zu verhindern.<\/li>\n<li><strong>Arzneimittel und Medizinprodukte<\/strong>: Bei Produkten, die eine sterile Verpackung erfordern, wie etwa Medikamente oder medizinische Ger\u00e4te, sorgt der LT-02 daf\u00fcr, dass die Verpackungssiegel dicht sind und so vor Verunreinigungen gesch\u00fctzt sind.<\/li>\n<li><strong>Verpackungshersteller<\/strong>: Der LT-02 wird auch h\u00e4ufig von Verpackungsherstellern verwendet, um die Leistung ihrer Produkte zu testen und zu \u00fcberpr\u00fcfen, bevor sie an Kunden freigegeben werden.<\/li>\n<\/ul>\n<h3><strong>Nachhaltige Verpackungspr\u00fcfungen<\/strong><\/h3>\n<p>Angesichts der wachsenden Nachfrage nach nachhaltigen und umweltfreundlichen Verpackungsl\u00f6sungen kann der LT-02 dabei helfen, alternative Materialien auf Auslaufsicherheit zu pr\u00fcfen und sicherzustellen, dass diese neuen Verpackungsarten dieselben Sicherheits- und Schutzstandards erf\u00fcllen wie herk\u00f6mmliche Verpackungsmaterialien.<\/p>\n<h2><strong>Vorteile der Verwendung eines Paketdichtheitstesters<\/strong><\/h2>\n<ul>\n<li><strong>Genauigkeit und Zuverl\u00e4ssigkeit<\/strong>: Der LT-02 liefert pr\u00e4zise und zuverl\u00e4ssige Ergebnisse und stellt sicher, dass etwaige Defekte in den Verpackungssiegeln fr\u00fchzeitig im Produktionsprozess erkannt und behoben werden.<\/li>\n<li><strong>Kosteneffizienz<\/strong>: Durch das Erkennen von Verpackungsfehlern, bevor die Produkte auf den Markt kommen, k\u00f6nnen Hersteller kostspielige Produktr\u00fcckrufe, Kundenunzufriedenheit und besch\u00e4digte Waren vermeiden.<\/li>\n<li><strong>Einhaltung von Industriestandards<\/strong>: Der LT-02 erf\u00fcllt <strong>ASTM D3078<\/strong> und andere relevante Pr\u00fcfnormen f\u00fcr Verpackungen, damit Hersteller die gesetzlichen Anforderungen hinsichtlich Produktsicherheit und Verpackungsqualit\u00e4t einhalten k\u00f6nnen.<\/li>\n<\/ul>\n<h2><strong>Technische Daten des Dichtheitspr\u00fcfger\u00e4ts LT-02<\/strong><\/h2>\n<table>\n<tbody>\n<tr>\n<td style=\"text-align: center;\" width=\"129\">Testbereich<\/td>\n<td style=\"text-align: center;\" width=\"229\">0 bis -90 KPa<\/td>\n<\/tr>\n<tr>\n<td style=\"text-align: center;\" width=\"129\">Kammer<\/td>\n<td width=\"229\">Acryl-Zylinderform<\/td>\n<\/tr>\n<tr>\n<td style=\"text-align: center;\" width=\"129\">Testraum<\/td>\n<td style=\"text-align: center;\" width=\"229\">\u03a6270*H210mm (Innen nutzbar)<\/td>\n<\/tr>\n<tr>\n<td style=\"text-align: center;\" width=\"129\">Druckluft<\/td>\n<td style=\"text-align: center;\" width=\"229\">0,7 MPa (vom Benutzer vorbereitet)<\/td>\n<\/tr>\n<tr>\n<td style=\"text-align: center;\" width=\"129\">Leistung<\/td>\n<td style=\"text-align: center;\" width=\"229\">110 V oder 220 V 50\/60 Hz<\/td>\n<\/tr>\n<\/tbody>\n<\/table>\n<h2><strong>H\u00e4ufig gestellte Fragen (FAQ)<\/strong><\/h2>\n<ul>\n<li><strong>Was ist ASTM D3078 und welche Beziehung besteht zwischen der Pr\u00fcfung auf Verpackungsdichtheit und der Verwendung?<\/strong><br \/>\n<strong>ASTM D3078<\/strong> ist eine Standardtestmethode zum Erkennen von groben Lecks in flexiblen Verpackungen durch Blasenbildung in einer Wasserkammer. Sie wird h\u00e4ufig bei der Verpackung von Lebensmitteln, Arzneimitteln und medizinischen Ger\u00e4ten verwendet.<\/li>\n<li><strong>Wie erkennt der Lecktester LT-02 Lecks?<\/strong><br \/>\nDer LT-02 verwendet eine mit Wasser gef\u00fcllte Vakuumkammer. Wenn Luft aus undichten Stellen in der Verpackung entweicht, bilden sich Blasen, sodass undichte Stellen optisch leicht zu erkennen sind.<\/li>\n<li><strong>Welche Branchen profitieren vom Einsatz eines Verpackungsdichtheitspr\u00fcfers?<\/strong><br \/>\nBranchen wie Lebensmittelverpackung, Pharmazie, Medizinprodukte und Verpackungshersteller profitieren vom Einsatz von Verpackungsdichtheitspr\u00fcfger\u00e4ten, um die Produktqualit\u00e4t und -konformit\u00e4t sicherzustellen.<\/li>\n<li><strong>Kann der LT-02 f\u00fcr unterschiedliche Paketgr\u00f6\u00dfen verwendet werden?<\/strong><br \/>\nJa, der LT-02 verf\u00fcgt \u00fcber anpassbare Kammergr\u00f6\u00dfen, um einer breiten Palette von Verpackungsformaten gerecht zu werden, von kleinen Lebensmittelbeh\u00e4ltern bis hin zu gr\u00f6\u00dferen medizinischen Verpackungen.<\/li>\n<li><strong>Wie richte ich den Lecktester LT-02 f\u00fcr den Gebrauch ein?<\/strong><br \/>\nDie Einrichtung des LT-02 ist unkompliziert. Legen Sie das Paket einfach in die Kammer, versiegeln Sie es und passen Sie die Vakuum- und Testzeiteinstellungen nach Bedarf an. Das Ger\u00e4t f\u00fchrt dann den Test durch und gibt eine visuelle R\u00fcckmeldung, wenn ein Leck erkannt wird.<\/li>\n<\/ul>\n<p>Der <strong>LT-02 Verpackungsdichtheitspr\u00fcfger\u00e4t<\/strong> von Cell Instruments ist ein unverzichtbares Werkzeug zur Sicherstellung der Integrit\u00e4t von Verpackungssiegeln in zahlreichen Branchen. Ob Sie in der Lebensmittelverpackung, in der Pharmaindustrie oder in der Verpackungsherstellung t\u00e4tig sind, der LT-02 bietet pr\u00e4zise, zuverl\u00e4ssige und effiziente Dichtheitspr\u00fcfungen in \u00dcbereinstimmung mit <strong>ASTM D3078<\/strong> und andere relevante Normen. Mit seinen anpassbaren Funktionen, Hochvakuumf\u00e4higkeiten und benutzerfreundlichen Bedienung tr\u00e4gt der LT-02 dazu bei, die Produktqualit\u00e4t zu sichern, die Produktionskosten zu senken und die Einhaltung gesetzlicher Anforderungen sicherzustellen.<\/p>\n<p>W\u00e4hlen Sie das Symbol <strong>LT-02 Verpackungsdichtheitspr\u00fcfger\u00e4t<\/strong> f\u00fcr Ihre Dichtheitspr\u00fcfungsanforderungen und stellen Sie sicher, dass Ihre Verpackung Ihren Produkten den gr\u00f6\u00dftm\u00f6glichen Schutz bietet.<\/p>","protected":false},"excerpt":{"rendered":"<p>Die Gew\u00e4hrleistung der Integrit\u00e4t von Verpackungssiegeln ist entscheidend, um Produkte vor Verunreinigung, Verderb und Verschlechterung zu sch\u00fctzen. Ein zuverl\u00e4ssiger Verpackungsdichtheitstester wie der <strong>LT-02 Dichtheitspr\u00fcfger\u00e4t<\/strong> spielt in vielen Branchen von der Lebensmittelverpackung bis zur Pharmaindustrie eine wichtige Rolle und liefert wichtige Einblicke in die Verpackungsqualit\u00e4t. Dieses fortschrittliche Dichtheitspr\u00fcfger\u00e4t hilft Herstellern, Verpackungsm\u00e4ngel fr\u00fchzeitig zu erkennen und zu beheben und stellt sicher, dass die Produkte sicher und frisch bleiben und den Industriestandards entsprechen.<\/p>","protected":false},"featured_media":5984,"comment_status":"closed","ping_status":"closed","template":"","meta":{"site-sidebar-layout":"default","site-content-layout":"default","ast-global-header-display":"","ast-main-header-display":"","ast-hfb-above-header-display":"","ast-hfb-below-header-display":"","ast-hfb-mobile-header-display":"","site-post-title":"disabled","ast-breadcrumbs-content":"","ast-featured-img":"disabled","footer-sml-layout":"","theme-transparent-header-meta":"default","adv-header-id-meta":"","stick-header-meta":"","header-above-stick-meta":"","header-main-stick-meta":"","header-below-stick-meta":""},"product_cat":[845,674,675,17,149,16,105,135,95],"product_tag":[],"class_list":{"0":"post-1728","1":"product","2":"type-product","3":"status-publish","4":"has-post-thumbnail","6":"product_cat-customization","7":"product_cat-test-items","8":"product_cat-leak-tester","9":"product_cat-package-container-testers","10":"product_cat-pharma-and-medical-testers","11":"product_cat-plastic-packaging-testers","12":"product_cat-astm-d3078","13":"product_cat-astm-d4991","14":"product_cat-products","15":"desktop-align-left","16":"tablet-align-left","17":"mobile-align-left","19":"first","20":"instock","21":"shipping-taxable","22":"product-type-simple"},"_links":{"self":[{"href":"https:\/\/www.qualitester.com\/de\/wp-json\/wp\/v2\/product\/1728","targetHints":{"allow":["GET"]}}],"collection":[{"href":"https:\/\/www.qualitester.com\/de\/wp-json\/wp\/v2\/product"}],"about":[{"href":"https:\/\/www.qualitester.com\/de\/wp-json\/wp\/v2\/types\/product"}],"replies":[{"embeddable":true,"href":"https:\/\/www.qualitester.com\/de\/wp-json\/wp\/v2\/comments?post=1728"}],"version-history":[{"count":0,"href":"https:\/\/www.qualitester.com\/de\/wp-json\/wp\/v2\/product\/1728\/revisions"}],"wp:featuredmedia":[{"embeddable":true,"href":"https:\/\/www.qualitester.com\/de\/wp-json\/wp\/v2\/media\/5984"}],"wp:attachment":[{"href":"https:\/\/www.qualitester.com\/de\/wp-json\/wp\/v2\/media?parent=1728"}],"wp:term":[{"taxonomy":"product_cat","embeddable":true,"href":"https:\/\/www.qualitester.com\/de\/wp-json\/wp\/v2\/product_cat?post=1728"},{"taxonomy":"product_tag","embeddable":true,"href":"https:\/\/www.qualitester.com\/de\/wp-json\/wp\/v2\/product_tag?post=1728"}],"curies":[{"name":"wp","href":"https:\/\/api.w.org\/{rel}","templated":true}]}}