{"id":1694,"date":"2023-04-25T16:20:00","date_gmt":"2023-04-25T08:20:00","guid":{"rendered":"https:\/\/www.qualitester.com\/?post_type=product&#038;p=1694"},"modified":"2024-12-02T15:38:46","modified_gmt":"2024-12-02T07:38:46","slug":"hot-tack-tester-htt-02","status":"publish","type":"product","link":"https:\/\/www.qualitester.com\/de\/produkt-2\/hot-tack-tester-htt-02\/","title":{"rendered":"HTT-02 Hot Tack Tester"},"content":{"rendered":"<p>Der HTT-02 Hot Tack Tester ist ein Spezialger\u00e4t zur Messung der Hei\u00dfklebefestigkeit von hei\u00dfgesiegelten Materialien. Es bewertet die F\u00e4higkeit von Hei\u00dfsiegeln, Kr\u00e4ften zu widerstehen, die versuchen, sie zu trennen, w\u00e4hrend sie sich noch im hei\u00dfen Zustand befinden. Diese Eigenschaft ist besonders wichtig bei Verpackungsanwendungen, bei denen hei\u00dfgesiegelte Beutel oder T\u00fcten ihre Integrit\u00e4t unter Belastung unmittelbar nach dem Versiegeln beibehalten m\u00fcssen. Das Pr\u00fcfger\u00e4t ist konform mit <a href=\"https:\/\/www.qualitester.com\/de\/produkt-kategorie\/astm\/astm-f1921\/\" target=\"_blank\" rel=\"noopener\"><strong>ASTM F1921<\/strong><\/a>, und gew\u00e4hrleisten so konsistente und zuverl\u00e4ssige Ergebnisse.<\/p>\n<h2><strong>Anwendungen des HTT-02 Hot Tack Testers<\/strong><\/h2>\n<p>Die Pr\u00fcfung der Hei\u00dfklebrigkeit ist von entscheidender Bedeutung in Branchen, die Hei\u00dfsiegel f\u00fcr Verpackungen verwenden, wie z. B:<\/p>\n<ul>\n<li><strong>Lebensmittelverpackungen:<\/strong> F\u00fcr Anwendungen wie Snackbeutel, Gefrierbeutel und Kaffeebeutel, bei denen die Siegel hohen Kr\u00e4ften w\u00e4hrend des Verpackungsvorgangs standhalten m\u00fcssen.<\/li>\n<li><strong>Pharmazeutische Verpackungen:<\/strong> Gew\u00e4hrleistet die Unversehrtheit von hei\u00dfgesiegelten Beuteln, die f\u00fcr medizinische Ger\u00e4te, Blisterverpackungen und sterile Verpackungen verwendet werden.<\/li>\n<li><strong>Industrie- und Konsumg\u00fcterverpackungen:<\/strong> Pr\u00fcfung von Verpackungsmaterialien wie Klebstoffen, Chemikalien und Schwerlasts\u00e4cken.<\/li>\n<li><strong>Textilien und Elektronik:<\/strong> \u00dcberpr\u00fcft die Zuverl\u00e4ssigkeit von Verpackungen f\u00fcr empfindliche Komponenten und Produkte.<\/li>\n<\/ul>\n<p>Der <strong>HTT-02 Hot Tack Tester<\/strong> ist perfekt f\u00fcr die Gew\u00e4hrleistung der Leistung von hei\u00dfgesiegelten Verpackungen in <strong>vertikales Formen, F\u00fcllen und Versiegeln (VFFS)<\/strong> Prozesse, bei denen die Dichtungen mechanischen Belastungen standhalten m\u00fcssen, bevor sie vollst\u00e4ndig abk\u00fchlen.<\/p>\n<h2><strong>Bedeutung der Hei\u00dfklebeeigenschaft bei Verpackungen<\/strong><\/h2>\n<p>Die Hei\u00dfklebrigkeit ist ein entscheidender Faktor, der daf\u00fcr sorgt, dass Hei\u00dfsiegelungen auch unter Einwirkung \u00e4u\u00dferer Kr\u00e4fte unmittelbar nach dem Versiegeln intakt bleiben. Bei vertikalen Form-Fill-Seal-Verpackungssystemen gibt es oft keine K\u00fchlzeit zwischen dem Siegelvorgang und dem Einlegen der Produkte. Die <strong>Hei\u00dfklebefestigkeit<\/strong> einer Verpackung bestimmt, ob sie das Gewicht und den Druck des Inhalts aushalten kann, ohne zu rei\u00dfen oder sich vorzeitig zu \u00f6ffnen. Dies ist besonders wichtig, wenn schwere oder mit Fl\u00fcssigkeit gef\u00fcllte Produkte verpackt werden, da die Verpackung w\u00e4hrend der Verarbeitung und des Versands Verformungen standhalten muss.<\/p>\n<h2><strong>\u00dcberblick \u00fcber die ASTM F1921<\/strong><\/h2>\n<p><a href=\"https:\/\/www.astm.org\/f1921_f1921m-12r18.html\" target=\"_blank\" rel=\"noopener nofollow\"><strong>ASTM F1921<\/strong><\/a> ist die Standardpr\u00fcfmethode zur Messung der Hei\u00dfklebefestigkeit von thermoplastischen Materialien. Mit dieser Pr\u00fcfung wird die F\u00e4higkeit von Hei\u00dfsiegeln bewertet, einer Trennung zu widerstehen, wenn sie unmittelbar nach dem Siegeln mechanischen Kr\u00e4ften ausgesetzt werden. Die Norm legt zwei Pr\u00fcfverfahren fest:<\/p>\n<ul>\n<li><strong>Methode A:<\/strong> Die Messung der Hei\u00dfklebekraft erfolgt unmittelbar nach der Bildung der Hei\u00dfsiegelung.<\/li>\n<li><strong>Methode B:<\/strong> Misst die Siegelst\u00e4rke, nachdem die Probe unter kontrollierten Bedingungen abgek\u00fchlt ist.<\/li>\n<\/ul>\n<p>Beide Methoden liefern wichtige Daten f\u00fcr die Bewertung der Zuverl\u00e4ssigkeit und Leistung von Hei\u00dfsiegeln in einer Vielzahl von Verpackungsmaterialien.<\/p>\n<h2><strong>Hei\u00dfklebe-Testverfahren<\/strong><\/h2>\n<p>Bei der Hei\u00dfklebepr\u00fcfung wird ein Probenstreifen zwischen zwei beheizten Klemmbacken eingeschlossen, Druck ausge\u00fcbt und die Probe einer kontrollierten Umgebung ausgesetzt. Das Verfahren umfasst:<\/p>\n<ol>\n<li><strong>Probenvorbereitung:<\/strong> Die Probe wird gem\u00e4\u00df den Spezifikationen der ASTM F1921 vorbereitet und konditioniert.<\/li>\n<li><strong>Testdurchf\u00fchrung:<\/strong> Die Probe wird zwischen zwei beheizten Klemmbacken bei einer bestimmten Temperatur und einem bestimmten Druck versiegelt. Die Verweilzeit (Kontaktzeit) ist einstellbar und reicht von 0,1 bis 9999 Sekunden sowohl f\u00fcr Hei\u00dfsiegel- als auch f\u00fcr Hei\u00dfklebetests.<\/li>\n<li><strong>Messung:<\/strong> Die Hei\u00dfklebekraft, d. h. die St\u00e4rke der Versiegelung im noch hei\u00dfen Zustand, wird w\u00e4hrend des Tests gemessen. Der Test kann mit unterschiedlichen Temperaturen, Dr\u00fccken und Verweilzeiten wiederholt werden, um die optimalen Versiegelungsbedingungen zu ermitteln.<\/li>\n<\/ol>\n<h2><strong>Wichtige Testparameter:<\/strong><\/h2>\n<table>\n<tbody>\n<tr>\n<td style=\"text-align: center;\" width=\"123\">Siegeltemperatur<\/td>\n<td style=\"text-align: center;\" width=\"251\">Umgebungstemperatur ~250\u2103<\/td>\n<\/tr>\n<tr>\n<td style=\"text-align: center;\" width=\"123\">Temperaturgenauigkeit<\/td>\n<td style=\"text-align: center;\" width=\"251\">\u00b10,2\u2103<\/td>\n<\/tr>\n<tr>\n<td style=\"text-align: center;\" width=\"123\">Verweilzeit<\/td>\n<td style=\"text-align: center;\" width=\"251\">0,1\u20139999 s (Hei\u00dfsiegel)<\/td>\n<\/tr>\n<tr>\n<td style=\"text-align: center;\" width=\"123\">Verweilzeit<\/td>\n<td style=\"text-align: center;\" width=\"251\">0,1 bis 9999 s (Hei\u00dfklebemasse)<\/td>\n<\/tr>\n<tr>\n<td style=\"text-align: center;\" width=\"123\">Siegeldruck<\/td>\n<td style=\"text-align: center;\" width=\"251\">0,15 MPa bis 0,7 MPa<\/td>\n<\/tr>\n<tr>\n<td style=\"text-align: center;\" width=\"123\">Siegelbacken<\/td>\n<td style=\"text-align: center;\" width=\"251\">50 mm x 10 mm, Teflon-beschichtet<\/td>\n<\/tr>\n<tr>\n<td style=\"text-align: center;\" width=\"123\">Backenheizung<\/td>\n<td style=\"text-align: center;\" width=\"251\">Doppelte Heizung<\/td>\n<\/tr>\n<tr>\n<td style=\"text-align: center;\" width=\"123\">W\u00e4gezelle<\/td>\n<td style=\"text-align: center;\" width=\"251\">200 N (optional: 30 N, 50 N, 100 N usw.)<\/td>\n<\/tr>\n<tr>\n<td style=\"text-align: center;\" width=\"123\">Genauigkeit<\/td>\n<td style=\"text-align: center;\" width=\"251\">0,5 FS<\/td>\n<\/tr>\n<tr>\n<td style=\"text-align: center;\" width=\"123\">Aufl\u00f6sung<\/td>\n<td style=\"text-align: center;\" width=\"251\">0,01N<\/td>\n<\/tr>\n<tr>\n<td style=\"text-align: center;\" width=\"123\">Leistung<\/td>\n<td style=\"text-align: center;\" width=\"251\">220 V, 50 Hz<\/td>\n<\/tr>\n<\/tbody>\n<\/table>\n<h2><strong>Technische Merkmale des HTT-02 Hot Tack Testers<\/strong><\/h2>\n<ul>\n<li><strong>PLC-gesteuert:<\/strong> Bietet Stabilit\u00e4t und Pr\u00e4zision beim Testen auf industriellem Niveau.<\/li>\n<li><strong>Benutzerfreundliches HMI:<\/strong> Die 7-Zoll-Touchscreen-Oberfl\u00e4che erm\u00f6glicht eine einfache Bedienung und Einstellung.<\/li>\n<li><strong>\u00dcbereinstimmung mit ASTM F1921:<\/strong> Unterst\u00fctzt sowohl <strong>Methode A<\/strong> Und <strong>Methode B<\/strong> Hot-Tack-Tests, die sicherstellen, dass Ihre Tests den Industriestandards entsprechen.<\/li>\n<li><strong>Erweiterte Temperaturregelung:<\/strong> Die P.I.D.-Steuerung (Proportional-Integral-Derivativ) gew\u00e4hrleistet ein pr\u00e4zises Temperaturmanagement f\u00fcr zuverl\u00e4ssige und wiederholbare Ergebnisse.<\/li>\n<li><strong>Langlebige Konstruktion:<\/strong> Die aluminiumgekapselten Siegelbacken sind auf lange Haltbarkeit und Leistung ausgelegt.<\/li>\n<li><strong>Sicherheitsmerkmale:<\/strong> Automatischer Nullabgleich, \u00dcberlastschutz und \u00dcberfahrschutz gew\u00e4hrleisten einen sicheren Betrieb.<\/li>\n<li><strong>Datenverwaltung:<\/strong> Der RS232-Anschluss und die optionale Software erm\u00f6glichen eine erweiterte Datenerfassung und -analyse.<\/li>\n<\/ul>\n<h2><strong>Vorteile der Verwendung des HTT-02 Hot Tack Testers<\/strong><\/h2>\n<ul>\n<li><strong>Optimierte Verpackungsleistung:<\/strong> Stellt sicher, dass Hei\u00dfsiegel unmittelbar nach dem Versiegeln mechanischen Belastungen standhalten, wodurch Produktausf\u00e4lle reduziert werden.<\/li>\n<li><strong>Erf\u00fcllt ASTM F1921:<\/strong> Liefert zuverl\u00e4ssige Ergebnisse, die vollst\u00e4ndig mit der Norm ASTM F1921 \u00fcbereinstimmen, und gew\u00e4hrleistet so konsistente Tests f\u00fcr verschiedene Anwendungen.<\/li>\n<li><strong>Vielseitigkeit:<\/strong> Ideal f\u00fcr eine breite Palette von Materialien und Verpackungsarten, von Lebensmitteln und Pharmazeutika bis hin zu Industrie- und Konsumg\u00fctern.<\/li>\n<li><strong>Verbesserte Qualit\u00e4tskontrolle:<\/strong> Hilft Herstellern, schwache Siegel zu erkennen und Verpackungsprozesse zu optimieren, um den Produktschutz zu verbessern und Abfall zu reduzieren.<\/li>\n<\/ul>\n<h2><strong>Anpassungs- und Automatisierungsdienste<\/strong><\/h2>\n<p>Wir bei Cell Instruments wissen, dass jede Testumgebung einzigartig ist. Wir bieten ma\u00dfgeschneiderte L\u00f6sungen f\u00fcr spezifische Pr\u00fcfanforderungen, und unsere Automatisierungsf\u00e4higkeiten tragen dazu bei, die Testeffizienz f\u00fcr hochvolumige Produktionslinien zu verbessern. Ganz gleich, ob Sie einzigartige W\u00e4gezellenkonfigurationen oder eine fortschrittliche Automatisierungsintegration ben\u00f6tigen, wir bieten Ihnen ma\u00dfgeschneiderte L\u00f6sungen, die Ihre genauen Spezifikationen erf\u00fcllen.<\/p>\n<p>Der HTT-02 Hot Tack Tester ist ein wichtiges Instrument, um sicherzustellen, dass hei\u00dfgesiegelte Verpackungen unter realen Bedingungen zuverl\u00e4ssig funktionieren. Ob f\u00fcr Lebensmittel, Pharmazeutika oder Industrieverpackungen, dieses Pr\u00fcfger\u00e4t bietet eine pr\u00e4zise Kontrolle \u00fcber den Pr\u00fcfprozess und ist damit ein unsch\u00e4tzbarer Vorteil f\u00fcr die Qualit\u00e4tssicherung und Produktintegrit\u00e4t.<\/p>\n<h3><strong>FAQ-Bereich<\/strong><\/h3>\n<ol>\n<li><strong>Wof\u00fcr wird ein Hot-Tack-Tester verwendet?<\/strong><br \/>\nEin Hot-Tack-Tester misst die Festigkeit von Hei\u00dfsiegeln unmittelbar nach dem Versiegeln, um sicherzustellen, dass sie den Beanspruchungen im Verpackungsprozess standhalten.<\/li>\n<li><strong>Warum ist Hei\u00dfkleben bei Verpackungen wichtig?<\/strong><br \/>\nDie Hei\u00dfklebrigkeit sorgt daf\u00fcr, dass Hei\u00dfsiegel w\u00e4hrend des Verpackungsvorgangs intakt bleiben, insbesondere bei vertikalen Form-F\u00fcll- und Versiegelungsprozessen mit schwerem Inhalt.<\/li>\n<li><strong>Was ist ASTM F1921, und warum ist sie wichtig?<\/strong><br \/>\nASTM F1921 ist eine Norm, die Methoden zur Messung der Hei\u00dfklebefestigkeit von thermoplastischen Materialien beschreibt, die f\u00fcr die Aufrechterhaltung der Dichtungsintegrit\u00e4t entscheidend ist.<\/li>\n<li><strong>Welche Materialien k\u00f6nnen mit dem HTT-02 Hot Tack Tester getestet werden?<\/strong><br \/>\nEs eignet sich f\u00fcr die Pr\u00fcfung verschiedener thermoplastischer Folien, Laminate und hei\u00dfsiegelf\u00e4higer Verpackungsmaterialien.<\/li>\n<li><strong>Kann der HTT-02 Hot Tack Tester individuell angepasst werden?<\/strong><br \/>\nJa, es bietet anpassbare Kraftmessdosen, Pr\u00fcfgeschwindigkeiten und Automatisierungsfunktionen, um spezifische Pr\u00fcfanforderungen zu erf\u00fcllen.<\/li>\n<\/ol>","protected":false},"excerpt":{"rendered":"<p>Der HTT-02 Hot Tack Tester ist ein Spezialger\u00e4t zur Messung der Hei\u00dfklebefestigkeit von hei\u00dfgesiegelten Materialien. Es bewertet die F\u00e4higkeit von Hei\u00dfsiegeln, Kr\u00e4ften zu widerstehen, die versuchen, sie zu trennen, w\u00e4hrend sie sich noch im hei\u00dfen Zustand befinden. Diese Eigenschaft ist besonders wichtig bei Verpackungsanwendungen, bei denen hei\u00dfgesiegelte Beutel oder T\u00fcten ihre Integrit\u00e4t unter Belastung unmittelbar nach dem Versiegeln beibehalten m\u00fcssen. Das Pr\u00fcfger\u00e4t ist konform mit <strong>ASTM F1921<\/strong>, und gew\u00e4hrleisten so konsistente und zuverl\u00e4ssige Ergebnisse.<\/p>","protected":false},"featured_media":5971,"comment_status":"closed","ping_status":"closed","template":"","meta":{"site-sidebar-layout":"default","site-content-layout":"default","ast-global-header-display":"","ast-main-header-display":"","ast-hfb-above-header-display":"","ast-hfb-below-header-display":"","ast-hfb-mobile-header-display":"","site-post-title":"disabled","ast-breadcrumbs-content":"","ast-featured-img":"disabled","footer-sml-layout":"","theme-transparent-header-meta":"default","adv-header-id-meta":"","stick-header-meta":"","header-above-stick-meta":"","header-main-stick-meta":"","header-below-stick-meta":""},"product_cat":[845,678,16,141,95],"product_tag":[],"class_list":{"0":"post-1694","1":"product","2":"type-product","3":"status-publish","4":"has-post-thumbnail","6":"product_cat-customization","7":"product_cat-hot-tack-tester","8":"product_cat-plastic-packaging-testers","9":"product_cat-astm-f1921","10":"product_cat-products","11":"desktop-align-left","12":"tablet-align-left","13":"mobile-align-left","15":"first","16":"instock","17":"shipping-taxable","18":"product-type-simple"},"_links":{"self":[{"href":"https:\/\/www.qualitester.com\/de\/wp-json\/wp\/v2\/product\/1694","targetHints":{"allow":["GET"]}}],"collection":[{"href":"https:\/\/www.qualitester.com\/de\/wp-json\/wp\/v2\/product"}],"about":[{"href":"https:\/\/www.qualitester.com\/de\/wp-json\/wp\/v2\/types\/product"}],"replies":[{"embeddable":true,"href":"https:\/\/www.qualitester.com\/de\/wp-json\/wp\/v2\/comments?post=1694"}],"version-history":[{"count":0,"href":"https:\/\/www.qualitester.com\/de\/wp-json\/wp\/v2\/product\/1694\/revisions"}],"wp:featuredmedia":[{"embeddable":true,"href":"https:\/\/www.qualitester.com\/de\/wp-json\/wp\/v2\/media\/5971"}],"wp:attachment":[{"href":"https:\/\/www.qualitester.com\/de\/wp-json\/wp\/v2\/media?parent=1694"}],"wp:term":[{"taxonomy":"product_cat","embeddable":true,"href":"https:\/\/www.qualitester.com\/de\/wp-json\/wp\/v2\/product_cat?post=1694"},{"taxonomy":"product_tag","embeddable":true,"href":"https:\/\/www.qualitester.com\/de\/wp-json\/wp\/v2\/product_tag?post=1694"}],"curies":[{"name":"wp","href":"https:\/\/api.w.org\/{rel}","templated":true}]}}