{"id":1668,"date":"2023-04-25T15:00:29","date_gmt":"2023-04-25T07:00:29","guid":{"rendered":"https:\/\/www.qualitester.com\/?post_type=product&#038;p=1668"},"modified":"2024-11-27T16:53:03","modified_gmt":"2024-11-27T08:53:03","slug":"gradient-heat-seal-tester-ghs-01","status":"publish","type":"product","link":"https:\/\/www.qualitester.com\/de\/produkt-2\/gradient-heat-seal-tester-ghs-01\/","title":{"rendered":"GHS-01 Gradienten-Hei\u00dfsiegeltester"},"content":{"rendered":"<h2>Einf\u00fchrung<\/h2>\n<p>In der Verpackungsindustrie ist es f\u00fcr die Unversehrtheit und Sicherheit des verpackten Produkts von entscheidender Bedeutung, dass Materialien wie Folien, Laminate und flexible Barrieren starke, dauerhafte Siegel bilden. Ganz gleich, ob Sie Lebensmittel, Pharmazeutika, medizinische Ger\u00e4te oder Elektronik verpacken, <strong>Hei\u00dfsiegelfestigkeit<\/strong> spielt eine Schl\u00fcsselrolle beim Schutz Ihrer Produkte vor Verunreinigung, Auslaufen und Verderben.<\/p>\n<p>Der <strong>Siegelnahtfestigkeitspr\u00fcfer<\/strong> ist ein Pr\u00e4zisionsinstrument zur Bewertung der Hei\u00dfsiegeleigenschaften von Verpackungsmaterialien, um sicherzustellen, dass die Siegelungen stark, zuverl\u00e4ssig und gleichm\u00e4\u00dfig sind. Dieses Pr\u00fcfger\u00e4t simuliert den realen Hei\u00dfsiegelprozess und passt Temperatur, Druck und Siegelzeit an, um die idealen Bedingungen f\u00fcr perfekte Siegel zu ermitteln.<\/p>\n<p>Der <strong>Gradient Heat Seal Test<\/strong> ist eine fortschrittliche Methode, die die Testeffizienz erh\u00f6ht, indem sie einen kontrollierten Temperaturgradienten \u00fcber den Versiegelungsbereich anlegt und so mehrere Tests bei unterschiedlichen Temperatureinstellungen gleichzeitig erm\u00f6glicht.<\/p>\n<h2>Hauptmerkmale des Schmelzsiegelfestigkeitspr\u00fcfers<\/h2>\n<h3>Kontrollierte Pr\u00fcfbedingungen f\u00fcr Pr\u00e4zisionsdichtungen<\/h3>\n<p>Der <strong>Siegelnahtfestigkeitspr\u00fcfer<\/strong> wurde im Hinblick auf Flexibilit\u00e4t und Genauigkeit entwickelt. Seine anpassbaren Einstellungen f\u00fcr <strong>Temperatur<\/strong>, <strong>Druck<\/strong>, Und <strong>Siegelzeit<\/strong> erm\u00f6glichen es, verschiedene Versiegelungsbedingungen im Verpackungsprozess zu simulieren. Diese Einstellungen erm\u00f6glichen es den Herstellern, ihre Materialien zu testen und zu optimieren, um die zuverl\u00e4ssigsten und robustesten Dichtungen unter realen Produktionsbedingungen zu erzielen.<\/p>\n<h3>Temperaturgradient f\u00fcr optimale Pr\u00fcfungen<\/h3>\n<p>Eines der herausragenden Merkmale dieses Ger\u00e4ts ist die <strong>Gradient Heat Seal Test<\/strong> Funktionalit\u00e4t, die eine kontrollierte <strong>Temperaturgef\u00e4lle<\/strong> \u00fcber den gesamten Versiegelungsbereich. Dadurch k\u00f6nnen mehrere Versiegelungsbedingungen gleichzeitig getestet werden, was die Effizienz der Tests erh\u00f6ht und die Ausfallzeiten zwischen den Tests verringert. Durch die gleichzeitige Pr\u00fcfung bei verschiedenen Temperaturen k\u00f6nnen Hersteller die besten Bedingungen f\u00fcr die Versiegelung verschiedener Materialien effektiver ermitteln und die Verpackungsqualit\u00e4t insgesamt verbessern.<\/p>\n<p>Im Wesentlichen ist die <strong>Gradient Heat Seal Test<\/strong> macht die <strong>Siegelnahtfestigkeitspr\u00fcfer<\/strong> a <strong>Multi-Station<\/strong> Pr\u00fcfger\u00e4t, das mehrere Pr\u00fcfungen bei unterschiedlichen Temperaturen gleichzeitig durchf\u00fchren kann, was Zeit spart und die Effizienz des Pr\u00fcfverfahrens erh\u00f6ht.<\/p>\n<h2>ASTM F2029: Die Norm f\u00fcr die Pr\u00fcfung der Hei\u00dfsiegelfestigkeit<\/h2>\n<h3>\u00dcberblick \u00fcber die ASTM F2029-16(2021)<\/h3>\n<p><strong><a href=\"https:\/\/www.astm.org\/f2029-16r21.html\" target=\"_blank\" rel=\"noopener nofollow\">ASTM F2029<\/a>-16(2021)<\/strong> ist die <strong>Standardverfahren zur Herstellung von Laborw\u00e4rmeversiegelungen<\/strong> zur Bestimmung der <strong>Hei\u00dfsiegelf\u00e4higkeit von flexiblen Barrierematerialien<\/strong>. Diese Norm dient zur Bewertung der Festigkeit von Hei\u00dfsiegeln auf verschiedenen Verpackungsmaterialien unter Laborbedingungen.<\/p>\n<p>Der <a href=\"https:\/\/www.qualitester.com\/de\/produkt-kategorie\/astm\/astm-f2029\/\" target=\"_blank\" rel=\"noopener\"><strong>ASTM F2029<\/strong><\/a> Norm enth\u00e4lt die Verfahren und Anforderungen f\u00fcr die Herstellung zuverl\u00e4ssiger Hei\u00dfsiegel und die Messung ihrer Festigkeit, die f\u00fcr die Beurteilung der Unversehrtheit und Qualit\u00e4t von Verpackungsmaterialien unerl\u00e4sslich ist. Die Einhaltung dieser Norm gew\u00e4hrleistet, dass die Hersteller Verpackungen herstellen, die die erforderliche Haltbarkeit und Siegelleistung f\u00fcr die Produktsicherheit erf\u00fcllen.<\/p>\n<h3>Pr\u00fcfverfahren nach ASTM F2029<\/h3>\n<p>Der <strong>Siegelnahtfestigkeitspr\u00fcfer<\/strong> folgt den in der ASTM F2029 beschriebenen Verfahren zur Herstellung von Hei\u00dfsiegeln im Labor und zur Messung ihrer Festigkeit. So funktioniert der Prozess:<\/p>\n<ol>\n<li><strong>Probenvorbereitung<\/strong>: Eine Probe des Verpackungsmaterials wird zwischen zwei parallele beheizte Siegelbacken gelegt.<\/li>\n<li><strong>Versiegelungsprozess<\/strong>: Das Pr\u00fcfger\u00e4t wendet Hitze, Druck und Zeiteinstellungen an, um die realen Versiegelungsbedingungen zu simulieren. Die obere Klemmbacke bewegt sich nach unten und \u00fcbt Druck auf das Material aus, w\u00e4hrend gleichzeitig W\u00e4rme angewendet wird.<\/li>\n<li><strong>Testzeit<\/strong>: Die Versiegelungszeit ist von 0,1 Sekunden bis zu mehreren Stunden einstellbar, so dass die Pr\u00fcfung in unterschiedlichen Zeitabst\u00e4nden erfolgen kann.<\/li>\n<li><strong>Bewertung des Siegels<\/strong>: Nach Ablauf der Versiegelungszeit werden die Backen angehoben, und die Pr\u00fcfung ist abgeschlossen. Die Versiegelung wird dann mit Methoden wie Luftlecktests, Farbstoffpenetration, Sichtpr\u00fcfung oder Eindringen von Mikroorganismen auf ihre Festigkeit untersucht.<\/li>\n<\/ol>\n<p>Dieses Verfahren ahmt die Bedingungen nach, unter denen Hei\u00dfsiegel w\u00e4hrend des Verpackungsprozesses entstehen, und hilft den Herstellern festzustellen, ob ihre Verpackungsmaterialien den erforderlichen Belastungen in realen Umgebungen standhalten.<\/p>\n<h2>Technische Merkmale des Pr\u00fcfger\u00e4ts f\u00fcr die Hei\u00dfsiegelfestigkeit (GHS-01 Gradient Heat Seal Tester)<\/h2>\n<ul>\n<li><strong>Dichtungsbacken und Heizmechanismus<\/strong>: Die Ober- und Unterkiefer sind aus hochwertigem Aluminium gefertigt und verf\u00fcgen \u00fcber unabh\u00e4ngige Heizsysteme, die W\u00e4rmeverluste verhindern und eine gleichm\u00e4\u00dfige Temperaturverteilung w\u00e4hrend der Pr\u00fcfung gew\u00e4hrleisten.<\/li>\n<li><strong>PID-Temperaturregler<\/strong>: Die fortgeschrittene <strong>PID (Proportional-Integral-Derivativ)<\/strong> Temperaturregler sorgt f\u00fcr eine pr\u00e4zise Temperaturregelung, die eine gleichm\u00e4\u00dfige und zuverl\u00e4ssige Beheizung w\u00e4hrend des gesamten Testprozesses erm\u00f6glicht.<\/li>\n<li><strong>Timer und N\u00e4herungssensor<\/strong>: Die Kombination aus einem pr\u00e4zisen Timer und einem N\u00e4herungssensor synchronisiert den Beginn des Versiegelungsvorgangs mit der Bewegung der Backen und stellt sicher, dass der Test zum richtigen Zeitpunkt beginnt und genau die erforderliche Zeit l\u00e4uft.<\/li>\n<li><strong>Siegeldruck und Backenanpassung<\/strong>: Das Pr\u00fcfger\u00e4t \u00fcbt einen gleichm\u00e4\u00dfigen Dichtungsdruck zwischen <strong>0,15-0,7 MPa<\/strong> und bietet anpassbare Siegelbacken (Abmessungen, Formen und Muster), um unterschiedlichen Pr\u00fcfanforderungen und Verpackungsmaterialien gerecht zu werden.<\/li>\n<li><strong>Sicherheitsfunktionen<\/strong>: Die Sicherheit des Benutzers steht im Vordergrund, mit Merkmalen wie einem Verbr\u00fchungsschutz auf der Vorderseite und Hand-\/Fu\u00dfschaltern zum Schutz des Bedieners w\u00e4hrend der Pr\u00fcfung.<\/li>\n<\/ul>\n<h2>Hauptparameter<\/h2>\n<table>\n<tbody>\n<tr>\n<td style=\"text-align: center;\" width=\"127\">Siegeltemperatur<\/td>\n<td style=\"text-align: center;\" width=\"196\">Umgebungstemperatur ~250\u2103<\/td>\n<\/tr>\n<tr>\n<td style=\"text-align: center;\" width=\"127\">Temperaturgradient<\/td>\n<td style=\"text-align: center;\" width=\"196\">\u226420\u2103<\/td>\n<\/tr>\n<tr>\n<td style=\"text-align: center;\" width=\"127\">Abweichung<\/td>\n<td style=\"text-align: center;\" width=\"196\">\u00b10,2\u2103<\/td>\n<\/tr>\n<tr>\n<td style=\"text-align: center;\" width=\"127\">Versiegelungszeit<\/td>\n<td style=\"text-align: center;\" width=\"196\">0,1 Sek. bis 9999 Sek.<\/td>\n<\/tr>\n<tr>\n<td style=\"text-align: center;\" width=\"127\">Siegeldruck<\/td>\n<td style=\"text-align: center;\" width=\"196\">0,15 bis 0,7 MPa<\/td>\n<\/tr>\n<tr>\n<td style=\"text-align: center;\" width=\"127\">Siegelbacken (mm)<\/td>\n<td style=\"text-align: center;\" width=\"196\">U:40*10 5 STK\/L:330 1 STK<\/td>\n<\/tr>\n<tr>\n<td style=\"text-align: center;\" width=\"127\">Gaszufuhr<\/td>\n<td style=\"text-align: center;\" width=\"196\">0,7 MPa mit \u04246 mm Rohr<\/td>\n<\/tr>\n<tr>\n<td style=\"text-align: center;\" width=\"127\">Leistung<\/td>\n<td style=\"text-align: center;\" width=\"196\">Wechselstrom 220 V, 50 Hz<\/td>\n<\/tr>\n<\/tbody>\n<\/table>\n<h2>Testprozess<\/h2>\n<ol>\n<li><strong>Probenplatzierung<\/strong>: Legen Sie das Probenmaterial zwischen die beiden parallelen Heizbacken.<\/li>\n<li><strong>Heizung und Versiegelung<\/strong>: Stellen Sie Temperatur, Druck und Zeit ein und lassen Sie dann die Heizbacken Druck und W\u00e4rme auf die Probe aus\u00fcben.<\/li>\n<li><strong>Fertigstellung und Bewertung<\/strong>: Nach der voreingestellten Versiegelungszeit \u00f6ffnen sich die Backen, und die Festigkeit der Versiegelung wird mit verschiedenen Methoden bewertet, z. B. mit einem Luftlecktest oder einer Sichtpr\u00fcfung.<\/li>\n<\/ol>\n<h2>Anwendungen und Branchen<\/h2>\n<p>Der <strong>Siegelnahtfestigkeitspr\u00fcfer<\/strong> ist f\u00fcr die Qualit\u00e4tssicherung in verschiedenen Branchen unerl\u00e4sslich:<\/p>\n<ul>\n<li><strong>Verpackungsindustrie<\/strong>: Gew\u00e4hrleistet die Unversehrtheit von Verpackungsmaterialien f\u00fcr Lebensmittel, Getr\u00e4nke und Konsumg\u00fcter.<\/li>\n<li><strong>Pharmazeutika<\/strong>: \u00dcberpr\u00fcft, ob die Siegel auf den Arzneimittelverpackungen den gesetzlichen Normen entsprechen und die Sterilit\u00e4t des Produkts erhalten bleibt.<\/li>\n<li><strong>Medizinische Ger\u00e4te<\/strong>: Pr\u00fcft Verpackungsmaterialien auf ihre Festigkeit und ihren Schutz f\u00fcr empfindliche medizinische Ger\u00e4te.<\/li>\n<li><strong>Elektronik und andere Industrien<\/strong>: Bewertet Verpackungsmaterialien f\u00fcr die Elektronikindustrie und verschiedene andere Branchen, die starke, zuverl\u00e4ssige Dichtungen ben\u00f6tigen.<\/li>\n<\/ul>\n<p>Der <strong>Siegelnahtfestigkeitspr\u00fcfer<\/strong> ist ein unverzichtbares Werkzeug f\u00fcr Hersteller, die die Qualit\u00e4t, Sicherheit und Haltbarkeit ihrer Verpackungsmaterialien sicherstellen wollen. Ganz gleich, ob Sie Lebensmittel, Pharmazeutika oder medizinische Ger\u00e4te versiegeln, dieses Pr\u00fcfger\u00e4t liefert pr\u00e4zise, zuverl\u00e4ssige Ergebnisse f\u00fcr eine optimale Verpackungsleistung. Ausgestattet mit <strong>Gradient Heat Seal Test<\/strong> Funktionalit\u00e4t und konform mit <strong>ASTM F2029<\/strong>, Es ist die perfekte L\u00f6sung, um jedes Mal hervorragende Hei\u00dfsiegelungen zu erzielen.<\/p>\n<h2>FAQ-Abschnitt: H\u00e4ufig gestellte Fragen zu Pr\u00fcfger\u00e4ten f\u00fcr die Hei\u00dfsiegelfestigkeit<\/h2>\n<ol>\n<li><strong>Welche Materialien k\u00f6nnen mit dem Heat Seal Strength Tester gepr\u00fcft werden?<\/strong>\n<ul>\n<li>Das Pr\u00fcfger\u00e4t ist ideal f\u00fcr die Pr\u00fcfung einer Vielzahl von Verpackungsmaterialien, einschlie\u00dflich Folien, Laminaten und flexiblen Barrierematerialien.<\/li>\n<\/ul>\n<\/li>\n<li><strong>Welche Rolle spielt der Gradient Heat Seal Test?<\/strong>\n<ul>\n<li>Der <strong>Gradient Heat Seal Test<\/strong> erm\u00f6glicht die gleichzeitige Pr\u00fcfung bei verschiedenen Temperatureinstellungen, was die Effizienz durch Verk\u00fcrzung der Pr\u00fcfzeit und Verbesserung der Dichtungsleistung erh\u00f6ht.<\/li>\n<\/ul>\n<\/li>\n<li><strong>Welche Branchen k\u00f6nnen von der Hei\u00dfsiegelpr\u00fcfung profitieren?<\/strong>\n<ul>\n<li>Branchen wie Lebensmittelverpackungen, Pharmazeutika, medizinische Ger\u00e4te, Elektronik und Konsumg\u00fcter profitieren alle vom Einsatz des Heat Seal Strength Testers.<\/li>\n<\/ul>\n<\/li>\n<li><strong>Wie gew\u00e4hrleistet der Heat Seal Strength Tester Genauigkeit?<\/strong>\n<ul>\n<li>Mit Funktionen wie der pr\u00e4zisen Temperaturregelung, dem einstellbaren Siegeldruck und den anpassbaren Testeinstellungen gew\u00e4hrleistet das Pr\u00fcfger\u00e4t jedes Mal zuverl\u00e4ssige und wiederholbare Ergebnisse.<\/li>\n<\/ul>\n<\/li>\n<li><strong>Entspricht der Heat Seal Strength Tester den ASTM-Normen?<\/strong>\n<ul>\n<li>Ja, das Testger\u00e4t erf\u00fcllt <strong>ASTM F2029<\/strong>, Sie gew\u00e4hrleisten die Einhaltung der Industriestandards f\u00fcr die Pr\u00fcfung der Hei\u00dfsiegelfestigkeit und der Materialbest\u00e4ndigkeit.<\/li>\n<\/ul>\n<\/li>\n<\/ol>","protected":false},"excerpt":{"rendered":"<p>In der Verpackungsindustrie ist es f\u00fcr die Unversehrtheit und Sicherheit des verpackten Produkts von entscheidender Bedeutung, dass Materialien wie Folien, Laminate und flexible Barrieren starke, dauerhafte Siegel bilden. Ganz gleich, ob Sie Lebensmittel, Pharmazeutika, medizinische Ger\u00e4te oder Elektronik verpacken, <strong>Hei\u00dfsiegelfestigkeit<\/strong> spielt eine Schl\u00fcsselrolle beim Schutz Ihrer Produkte vor Verunreinigung, Auslaufen und Verderben.<\/p>","protected":false},"featured_media":5911,"comment_status":"closed","ping_status":"closed","template":"","meta":{"site-sidebar-layout":"default","site-content-layout":"default","ast-global-header-display":"","ast-main-header-display":"","ast-hfb-above-header-display":"","ast-hfb-below-header-display":"","ast-hfb-mobile-header-display":"","site-post-title":"disabled","ast-breadcrumbs-content":"","ast-featured-img":"disabled","footer-sml-layout":"","theme-transparent-header-meta":"default","adv-header-id-meta":"","stick-header-meta":"","header-above-stick-meta":"","header-main-stick-meta":"","header-below-stick-meta":""},"product_cat":[845,677,149,16,142,95],"product_tag":[65,31,55],"class_list":{"0":"post-1668","1":"product","2":"type-product","3":"status-publish","4":"has-post-thumbnail","6":"product_cat-customization","7":"product_cat-heat-seal-tester","8":"product_cat-pharma-and-medical-testers","9":"product_cat-plastic-packaging-testers","10":"product_cat-astm-f2029","11":"product_cat-products","12":"product_tag-heat-seal","13":"product_tag-heat-sealing","14":"product_tag-heat-seals","15":"desktop-align-left","16":"tablet-align-left","17":"mobile-align-left","19":"first","20":"instock","21":"shipping-taxable","22":"product-type-simple"},"_links":{"self":[{"href":"https:\/\/www.qualitester.com\/de\/wp-json\/wp\/v2\/product\/1668","targetHints":{"allow":["GET"]}}],"collection":[{"href":"https:\/\/www.qualitester.com\/de\/wp-json\/wp\/v2\/product"}],"about":[{"href":"https:\/\/www.qualitester.com\/de\/wp-json\/wp\/v2\/types\/product"}],"replies":[{"embeddable":true,"href":"https:\/\/www.qualitester.com\/de\/wp-json\/wp\/v2\/comments?post=1668"}],"version-history":[{"count":0,"href":"https:\/\/www.qualitester.com\/de\/wp-json\/wp\/v2\/product\/1668\/revisions"}],"wp:featuredmedia":[{"embeddable":true,"href":"https:\/\/www.qualitester.com\/de\/wp-json\/wp\/v2\/media\/5911"}],"wp:attachment":[{"href":"https:\/\/www.qualitester.com\/de\/wp-json\/wp\/v2\/media?parent=1668"}],"wp:term":[{"taxonomy":"product_cat","embeddable":true,"href":"https:\/\/www.qualitester.com\/de\/wp-json\/wp\/v2\/product_cat?post=1668"},{"taxonomy":"product_tag","embeddable":true,"href":"https:\/\/www.qualitester.com\/de\/wp-json\/wp\/v2\/product_tag?post=1668"}],"curies":[{"name":"wp","href":"https:\/\/api.w.org\/{rel}","templated":true}]}}