{"id":1484,"date":"2023-04-20T14:00:05","date_gmt":"2023-04-20T06:00:05","guid":{"rendered":"https:\/\/www.qualitester.com\/?post_type=product&#038;p=1484"},"modified":"2024-12-03T13:53:39","modified_gmt":"2024-12-03T05:53:39","slug":"inclined-coefficient-of-friction-tester-cof-03","status":"publish","type":"product","link":"https:\/\/www.qualitester.com\/de\/produkt-2\/inclined-coefficient-of-friction-tester-cof-03\/","title":{"rendered":"COF-03 Pr\u00fcfger\u00e4t f\u00fcr den geneigten Reibungskoeffizienten"},"content":{"rendered":"<h2><strong>Einf\u00fchrung in den Neigungskoeffizientenpr\u00fcfer<\/strong><\/h2>\n<p>Der <strong>Pr\u00fcfger\u00e4t f\u00fcr geneigten Reibungskoeffizienten<\/strong> ist ein fortschrittliches Instrument zur Messung des statischen Reibungskoeffizienten (COF) einer Vielzahl von Materialien. Mithilfe einer variablen schiefen Ebene und eines Gleitblocks bestimmt dieser Tester den Winkel, bei dem eine Testoberfl\u00e4che beginnt, gegen eine andere zu gleiten, wenn die Neigung allm\u00e4hlich erh\u00f6ht wird. Das Ger\u00e4t eignet sich ideal zum Testen verschiedener Materialien, darunter Kunststofffolien, Gummi, Papier, Platten, Gewebe, Beschichtungen, Bremsbel\u00e4ge, Textilien und mehr.<\/p>\n<p>Dieser vielseitige Tester ist unverzichtbar f\u00fcr Branchen wie die Verpackungs-, Automobil-, Textil-, Pharma- und Lebensmittelverpackungsindustrie, in denen eine genaue Reibungsmessung entscheidend f\u00fcr die Gew\u00e4hrleistung von Qualit\u00e4t, Sicherheit und optimaler Leistung ist. Egal, ob Sie die Reibung von Filmen, Platten oder Industriekomponenten messen m\u00fcssen, dieses Ger\u00e4t liefert zuverl\u00e4ssige Ergebnisse und hilft Benutzern, Materialhandhabung, Verpackungsdesign und Produktfunktionalit\u00e4t zu verbessern.<\/p>\n<h2><strong>Funktionsprinzip<\/strong><\/h2>\n<p>Der <strong>Geneigt <a href=\"https:\/\/www.qualitester.com\/de\/produkt-2\/coefficient-of-friction-tester-cof-01\/\" target=\"_blank\" rel=\"noopener\">Reibungskoeffizientenpr\u00fcfger\u00e4t<\/a><\/strong> misst den statischen Reibungskoeffizienten, indem der Winkel bestimmt wird, bei dem ein Material auf einer anderen geneigten Oberfl\u00e4che zu rutschen beginnt. Wenn die Neigung allm\u00e4hlich mit einer konstanten Geschwindigkeit erh\u00f6ht wird, beginnt die Oberfl\u00e4che des getesteten Materials zu rutschen. Der Winkel, bei dem dies geschieht, wird gemessen, und der statische Reibungskoeffizient entspricht numerisch dem Tangens dieses Winkels.<\/p>\n<p>Diese Methode liefert genaue Reibungswerte, die f\u00fcr das Verst\u00e4ndnis des Verhaltens von Materialien in realen Anwendungen, wie z. B. bei der Materialhandhabung, Verpackung und Montage, von entscheidender Bedeutung sind. Die <strong>Gleitwinkelpr\u00fcfger\u00e4t<\/strong> Die Funktion dieses Instruments gew\u00e4hrleistet, dass f\u00fcr eine gro\u00dfe Vielfalt an Materialien genaue COF-Werte erzielt werden.<\/p>\n<h2><strong>\u00dcbersicht relevanter Pr\u00fcfnormen<\/strong><\/h2>\n<ul>\n<li><a href=\"https:\/\/www.astm.org\/d0202-17.html\" target=\"_blank\" rel=\"noopener nofollow\"><strong>ASTM D202<\/strong><\/a>: Diese Norm bietet Richtlinien f\u00fcr die Messung des statischen Reibungskoeffizienten von Materialien, insbesondere von Folien und Verpackungsmaterialien. Sie stellt sicher, dass der Tester die erforderliche Genauigkeit f\u00fcr eine Reihe von Materialien erreicht, und hilft Herstellern bei der Bewertung, wie leicht Materialien aneinander gleiten, ein Schl\u00fcsselfaktor bei Verpackungsdesign und Materialauswahl.<\/li>\n<li><a href=\"https:\/\/www.astm.org\/d4918-97r07.html\" target=\"_blank\" rel=\"noopener nofollow\"><strong>ASTM D4918<\/strong><\/a>: ASTM D4918 wurde speziell f\u00fcr die Pr\u00fcfung von Papier und Karton entwickelt und beschreibt die Verfahren zur Bestimmung des statischen Reibungskoeffizienten zwischen Papiermaterialien. Diese Norm ist wichtig f\u00fcr Branchen wie die Verpackungs- und Papierproduktion, da sie sicherstellt, dass Materialien die richtigen Reibungseigenschaften f\u00fcr eine reibungslose Handhabung und Verpackungsanwendungen aufweisen.<\/li>\n<li><strong>TAPPI T815<\/strong>: Dieser in der Papier- und Zellstoffindustrie weithin anerkannte Standard legt die Methode zur Bestimmung des Reibungskoeffizienten von Papier, Karton und verwandten Materialien fest. Er hilft Herstellern sicherzustellen, dass papierbasierte Produkte konsistente Reibungseigenschaften aufweisen, die f\u00fcr den erfolgreichen Betrieb von Verpackungsmaschinen und die Qualit\u00e4t des Endprodukts von entscheidender Bedeutung sind.<\/li>\n<\/ul>\n<p>Diese Standards stellen sicher, dass die <strong>Pr\u00fcfger\u00e4t f\u00fcr geneigten Reibungskoeffizienten<\/strong> erf\u00fcllt die notwendigen Kriterien f\u00fcr genaue und zuverl\u00e4ssige Ergebnisse und entspricht den Branchenvorschriften und globalen Best Practices.<\/p>\n<h2><strong>Hauptmerkmale des Pr\u00fcfger\u00e4ts f\u00fcr den geneigten Reibungskoeffizienten<\/strong><\/h2>\n<ul>\n<li><strong>SPS-Steuerung und HMI-Touchscreen-Bedienung<\/strong>: Der Tester verf\u00fcgt \u00fcber eine intuitive Mensch-Maschine-Schnittstelle (HMI) und eine speicherprogrammierbare Steuerung (SPS), die die Steuerung und \u00dcberwachung des Tests erleichtert. Der Touchscreen erm\u00f6glicht eine einfache Navigation und Bedienung und verbessert so die Effizienz und das Benutzererlebnis.<\/li>\n<li><strong>Echtzeitanzeige der Testergebnisse<\/strong>: Dieses Ger\u00e4t zeigt Echtzeitdaten auf dem Bildschirm an, einschlie\u00dflich der maximalen, minimalen, durchschnittlichen und Standardabweichung (SD) der Testergebnisse. So k\u00f6nnen Sie die Konsistenz und Genauigkeit Ihrer Tests w\u00e4hrend der Durchf\u00fchrung verfolgen.<\/li>\n<li><strong>Einhaltung internationaler Standards<\/strong>: Der <strong>Pr\u00fcfger\u00e4t f\u00fcr geneigten Reibungskoeffizienten<\/strong> entspricht mehreren internationalen Standards, darunter ASTM D202, ASTM D4918 und TAPPI T815, und gew\u00e4hrleistet so die Genauigkeit und Zuverl\u00e4ssigkeit Ihrer Testergebnisse.<\/li>\n<li><strong>Messung des Winkel- und statischen Reibungskoeffizienten<\/strong>: Zus\u00e4tzlich zur Messung des Neigungswinkels, bei dem ein Gleiten auftritt, berechnet dieser Tester auch den statischen Reibungskoeffizienten und bietet so einen umfassenden \u00dcberblick \u00fcber die Materialleistung.<\/li>\n<li><strong>Mikroschrift zur einfachen Dokumentation von Testergebnissen<\/strong>: Der Tester kann Testergebnisse in gedruckter Form generieren, sodass Benutzer Ergebnisse einfach dokumentieren und weitergeben k\u00f6nnen. Diese Funktion ist besonders n\u00fctzlich f\u00fcr die Qualit\u00e4tskontrolle, Berichterstattung und Konformit\u00e4tspr\u00fcfung.<\/li>\n<li><strong>Optionale RS232 und professionelle Software<\/strong>: F\u00fcr Benutzer, die erweiterte Datenanalysen ben\u00f6tigen, bietet der Tester RS232-Konnektivit\u00e4t und optionale professionelle Software, die eine nahtlose Integration mit anderen Systemen erm\u00f6glicht und robustere Datenverwaltungs- und Berichterstellungsfunktionen bietet.<\/li>\n<\/ul>\n<h2><strong>Technische Spezifikationen<\/strong><\/h2>\n<table>\n<tbody>\n<tr>\n<td style=\"text-align: center;\" width=\"104\">Winkelbereich<\/td>\n<td style=\"text-align: center;\" width=\"328\">0\u00b0 ~ 60\u00b0<\/td>\n<\/tr>\n<tr>\n<td style=\"text-align: center;\" width=\"104\">Genauigkeit<\/td>\n<td style=\"text-align: center;\" width=\"328\">0,01\u00b0<\/td>\n<\/tr>\n<tr>\n<td style=\"text-align: center;\" width=\"104\">Schlaganfall<\/td>\n<td style=\"text-align: center;\" width=\"328\">0,1\u00b0\/s \uff5e 10,0\u00b0\/s<\/td>\n<\/tr>\n<tr>\n<td style=\"text-align: center;\" width=\"104\">Schlitten<\/td>\n<td style=\"text-align: center;\" width=\"328\">200 g, 235 g oder 1300 g (w\u00e4hlen Sie eine oder mehrere aus)<\/td>\n<\/tr>\n<\/tbody>\n<\/table>\n<h2><strong>Anwendungen des geneigten Reibungskoeffizientenpr\u00fcfers<\/strong><\/h2>\n<p>Der <strong>Pr\u00fcfger\u00e4t f\u00fcr geneigten Reibungskoeffizienten<\/strong> wird in vielen Branchen eingesetzt, um Materialien auf Reibungseigenschaften zu testen. Hier sind einige wichtige Anwendungen:<\/p>\n<ul>\n<li><strong>Verpackung<\/strong>: Bewerten Sie die Reibungseigenschaften von Folien, Papier, Karton und anderen Verpackungsmaterialien, um einen reibungslosen Betrieb in Verpackungslinien zu gew\u00e4hrleisten.<\/li>\n<li><strong>Automobilindustrie<\/strong>: Bewerten Sie Bremsbel\u00e4ge und andere Komponenten hinsichtlich Leistung, Haltbarkeit und Sicherheit.<\/li>\n<li><strong>Textilien<\/strong>: Testen Sie Stoffe, Gewebe und Beschichtungen auf ihre Reibungseigenschaften, die f\u00fcr die Handhabung und Verarbeitung von Stoffen wichtig sind.<\/li>\n<li><strong>Medizinische Ger\u00e4te<\/strong>: Stellen Sie sicher, dass medizinische Verpackungsmaterialien die erforderlichen COF-Anforderungen erf\u00fcllen, um Probleme w\u00e4hrend der Verpackung und Verteilung zu vermeiden.<\/li>\n<li><strong>Pharmazeutika<\/strong>: Messen Sie die Reibungseigenschaften von Verpackungsmaterialien f\u00fcr Arzneimittel, um eine ordnungsgem\u00e4\u00dfe Handhabung und Lagerung sicherzustellen.<\/li>\n<\/ul>","protected":false},"excerpt":{"rendered":"<p>Der <strong>Pr\u00fcfger\u00e4t f\u00fcr geneigten Reibungskoeffizienten<\/strong> ist ein fortschrittliches Instrument zur Messung des statischen Reibungskoeffizienten (COF) einer Vielzahl von Materialien. Mithilfe einer variablen schiefen Ebene und eines Gleitblocks bestimmt dieser Tester den Winkel, bei dem eine Testoberfl\u00e4che beginnt, gegen eine andere zu gleiten, wenn die Neigung allm\u00e4hlich erh\u00f6ht wird. Das Ger\u00e4t eignet sich ideal zum Testen verschiedener Materialien, darunter Kunststofffolien, Gummi, Papier, Platten, Gewebe, Beschichtungen, Bremsbel\u00e4ge, Textilien und mehr.<\/p>","protected":false},"featured_media":5990,"comment_status":"closed","ping_status":"closed","template":"","meta":{"site-sidebar-layout":"default","site-content-layout":"default","ast-global-header-display":"","ast-main-header-display":"","ast-hfb-above-header-display":"","ast-hfb-below-header-display":"","ast-hfb-mobile-header-display":"","site-post-title":"","ast-breadcrumbs-content":"","ast-featured-img":"","footer-sml-layout":"","theme-transparent-header-meta":"default","adv-header-id-meta":"","stick-header-meta":"","header-above-stick-meta":"","header-main-stick-meta":"","header-below-stick-meta":""},"product_cat":[845,1130,938,683,44,16,123,133,95],"product_tag":[],"class_list":{"0":"post-1484","1":"product","2":"type-product","3":"status-publish","4":"has-post-thumbnail","6":"product_cat-customization","7":"product_cat-tappi-t815","8":"product_cat-textile-tester","9":"product_cat-coefficient-of-friction-tester","10":"product_cat-paper-and-board-testers","11":"product_cat-plastic-packaging-testers","12":"product_cat-astm-d202","13":"product_cat-astm-d4918","14":"product_cat-products","15":"desktop-align-left","16":"tablet-align-left","17":"mobile-align-left","19":"first","20":"instock","21":"shipping-taxable","22":"product-type-simple"},"_links":{"self":[{"href":"https:\/\/www.qualitester.com\/de\/wp-json\/wp\/v2\/product\/1484","targetHints":{"allow":["GET"]}}],"collection":[{"href":"https:\/\/www.qualitester.com\/de\/wp-json\/wp\/v2\/product"}],"about":[{"href":"https:\/\/www.qualitester.com\/de\/wp-json\/wp\/v2\/types\/product"}],"replies":[{"embeddable":true,"href":"https:\/\/www.qualitester.com\/de\/wp-json\/wp\/v2\/comments?post=1484"}],"version-history":[{"count":0,"href":"https:\/\/www.qualitester.com\/de\/wp-json\/wp\/v2\/product\/1484\/revisions"}],"wp:featuredmedia":[{"embeddable":true,"href":"https:\/\/www.qualitester.com\/de\/wp-json\/wp\/v2\/media\/5990"}],"wp:attachment":[{"href":"https:\/\/www.qualitester.com\/de\/wp-json\/wp\/v2\/media?parent=1484"}],"wp:term":[{"taxonomy":"product_cat","embeddable":true,"href":"https:\/\/www.qualitester.com\/de\/wp-json\/wp\/v2\/product_cat?post=1484"},{"taxonomy":"product_tag","embeddable":true,"href":"https:\/\/www.qualitester.com\/de\/wp-json\/wp\/v2\/product_tag?post=1484"}],"curies":[{"name":"wp","href":"https:\/\/api.w.org\/{rel}","templated":true}]}}