{"id":1464,"date":"2023-04-20T13:07:29","date_gmt":"2023-04-20T05:07:29","guid":{"rendered":"https:\/\/www.qualitester.com\/?post_type=product&#038;p=1464"},"modified":"2024-12-04T16:27:00","modified_gmt":"2024-12-04T08:27:00","slug":"coefficient-of-friction-tester-cof-01","status":"publish","type":"product","link":"https:\/\/www.qualitester.com\/de\/produkt-2\/coefficient-of-friction-tester-cof-01\/","title":{"rendered":"COF-01 Reibungskoeffizientenpr\u00fcfger\u00e4t"},"content":{"rendered":"<h2><strong>Einf\u00fchrung in den Reibungskoeffizientenpr\u00fcfer<\/strong><\/h2>\n<p>Der <strong>Reibungskoeffizientenpr\u00fcfger\u00e4t<\/strong> ist ein Pr\u00e4zisionsinstrument zur Messung des statischen und kinetischen Reibungskoeffizienten zwischen zwei Oberfl\u00e4chen. Diese Messungen sind f\u00fcr die Bewertung der \u201eGl\u00e4tte\u201c oder Widerstandsf\u00e4higkeit von Materialien unerl\u00e4sslich, insbesondere in Branchen, in denen Verpackung, Produktionseffizienz und Materialvertr\u00e4glichkeit von entscheidender Bedeutung sind. Durch die genaue Bestimmung des Reibungskoeffizienten k\u00f6nnen Hersteller Prozesse optimieren, die Produktqualit\u00e4t verbessern und einen reibungslosen Betrieb w\u00e4hrend Produktion, Lagerung und Transport sicherstellen.<\/p>\n<h2><strong>Bedeutung der Reibungskoeffizientenpr\u00fcfung<\/strong><\/h2>\n<p>Der Reibungskoeffizient spielt eine entscheidende Rolle im Materialverhalten und beeinflusst, wie Produkte w\u00e4hrend der Produktion und Verwendung interagieren. Ein niedrigerer Koeffizient bedeutet eine bessere Gleitleistung, w\u00e4hrend ein h\u00f6herer Koeffizient auf potenzielle Probleme wie Feststecken oder Verklemmen hinweisen kann. Faktoren wie Zusatzstoffe, Beschichtungen, Behandlungen und Umgebungsbedingungen k\u00f6nnen diese Reibungseigenschaften beeinflussen. Genaue Tests helfen Herstellern:<\/p>\n<ul>\n<li>Verbessern Sie die Handhabung und Verarbeitung von Materialien.<\/li>\n<li>Verhindern Sie Materialfehler durch \u00fcberm\u00e4\u00dfige Reibung.<\/li>\n<li>Optimieren Sie die Geschwindigkeit Ihrer Produktionslinie und reduzieren Sie Ausfallzeiten.<\/li>\n<\/ul>\n<h2><strong>Normen\u00fcbersicht<\/strong><\/h2>\n<p>Um Einheitlichkeit und Zuverl\u00e4ssigkeit zu gew\u00e4hrleisten, <strong>Reibungskoeffizientenpr\u00fcfger\u00e4t<\/strong> entspricht international anerkannten Standards, einschlie\u00dflich <a href=\"https:\/\/www.qualitester.com\/de\/produkt-kategorie\/astm\/astm-d1894\/\" target=\"_blank\" rel=\"noopener\"><strong>ASTM D1894<\/strong><\/a> Und <a href=\"https:\/\/www.qualitester.com\/de\/produkt-kategorie\/iso\/iso-8295\/\" target=\"_blank\" rel=\"noopener\"><strong>ISO 8295<\/strong><\/a>.<\/p>\n<h3><a href=\"https:\/\/www.astm.org\/d1894-14.html\" target=\"_blank\" rel=\"noopener nofollow\"><strong>ASTM D1894<\/strong><\/a><\/h3>\n<ul>\n<li><strong>\u00dcberblick<\/strong>: Diese Norm legt das Verfahren zur Bestimmung des statischen und kinetischen Reibungskoeffizienten von Kunststofffolien und -bahnen fest.<\/li>\n<li><strong>Testmethode<\/strong>: Mit der Schlitten-Ebene-Methode wird der Gleitwiderstand des Materials unter kontrollierten Bedingungen gemessen.<\/li>\n<li><strong>Relevanz<\/strong>: ASTM D1894 wird in der Verpackungsindustrie h\u00e4ufig eingesetzt, um Materialvertr\u00e4glichkeit und Leistung auf Maschinen zu beurteilen.<\/li>\n<\/ul>\n<h3><a href=\"https:\/\/www.iso.org\/standard\/20760.html\" target=\"_blank\" rel=\"noopener nofollow\"><strong>ISO 8295<\/strong><\/a><\/h3>\n<ul>\n<li><strong>\u00dcberblick<\/strong>: ISO 8295 bietet Richtlinien zur Bewertung des Reibungskoeffizienten von Kunststofffolien und -platten.<\/li>\n<li><strong>Testmethode<\/strong>: \u00c4hnlich wie ASTM D1894 wird hier ein Schlitten verwendet, um den Gleitwiderstand unter standardisierten Bedingungen zu messen.<\/li>\n<li><strong>Relevanz<\/strong>: Dieser Standard gew\u00e4hrleistet die weltweite Konformit\u00e4t f\u00fcr Hersteller, die auf internationalen M\u00e4rkten t\u00e4tig sind.<\/li>\n<\/ul>\n<h3><strong>Vergleich von ASTM D1894 und ISO 8295<\/strong><\/h3>\n<p>Obwohl beide Standards auf \u00e4hnlichen Testprinzipien basieren, unterscheiden sie sich in bestimmten Parametern wie Testgeschwindigkeit und spezifischen Anforderungen. Die Einhaltung beider Standards gew\u00e4hrleistet Kompatibilit\u00e4t auf unterschiedlichen M\u00e4rkten.<\/p>\n<h2><strong>Anwendungen des Reibungskoeffizientenpr\u00fcfers<\/strong><\/h2>\n<p>Der <strong>Reibungskoeffizientenpr\u00fcfger\u00e4t<\/strong> ist vielseitig und auf eine Vielzahl von Materialien anwendbar, darunter:<\/p>\n<ul>\n<li><strong>Verpackungsfolien<\/strong>: Beurteilung der \u201eGl\u00e4tte\u201c f\u00fcr einen effizienten Maschinenbetrieb.<\/li>\n<li><strong>Papier und Textilien<\/strong>: Bewertung des Reibungswiderstands f\u00fcr eine gleichbleibende Produktleistung.<\/li>\n<li><strong>Gummi und Beschichtungen<\/strong>: Messen der Haltbarkeit und Gebrauchstauglichkeit unter unterschiedlichen Bedingungen.<\/li>\n<li><strong>Bremsbel\u00e4ge und Reifen<\/strong>: Gew\u00e4hrleistung der Sicherheit durch genaue Reibungsbewertung.<\/li>\n<\/ul>\n<h2><strong>Funktionsprinzip und Formel<\/strong><\/h2>\n<p>Der Tester verwendet die Schlitten-und-Ebene-Methode, bei der ein beschwerter Schlitten \u00fcber eine flache Oberfl\u00e4che gezogen wird und die erforderliche Kraft gemessen wird. Der Reibungskoeffizient wird mit der folgenden Formel berechnet:<\/p>\n<p><strong><span class=\"base\"><span class=\"mord mathnormal\">\u03bc<\/span><span class=\"mrel\">=<\/span><\/span><span class=\"base\"><span class=\"mord\"><span class=\"mfrac\"><span class=\"vlist-t vlist-t2\"><span class=\"vlist-r\"><span class=\"vlist\"><span class=\"mord mathnormal\">N\/<\/span><span class=\"mord mathnormal\">F<\/span><\/span><span class=\"vlist-s\">\u200b<\/span><\/span><\/span><\/span><\/span><\/span><\/strong><\/p>\n<h3>Wo:<\/h3>\n<ul>\n<li><strong><span class=\"katex\"><span class=\"katex-mathml\">\u03bc<\/span><\/span><\/strong>: Reibungskoeffizient<\/li>\n<li><strong><span class=\"katex\"><span class=\"katex-mathml\">F<\/span><\/span><\/strong>: Reibungskraft<\/li>\n<li><strong><span class=\"katex\"><span class=\"katex-mathml\">N<\/span><\/span><\/strong>: Normalkraft<\/li>\n<\/ul>\n<p><strong>Statischer Reibungskoeffizient (\u03bcs)<\/strong>: Misst die Kraft, die zum Einleiten einer Bewegung erforderlich ist.<br \/>\n<strong>Kinetischer COF (<span class=\"katex\"><span class=\"katex-mathml\">\u03bcd<\/span><\/span>)<\/strong>: Misst die Kraft, die erforderlich ist, um die Bewegung aufrechtzuerhalten.<\/p>\n<h2><strong>Merkmale des Reibungskoeffizientenpr\u00fcfger\u00e4ts COF-01<\/strong><\/h2>\n<p>Der <strong>COF-01 Reibungskoeffizientenpr\u00fcfger\u00e4t<\/strong> ist auf pr\u00e4zise, zuverl\u00e4ssige Ergebnisse bei benutzerfreundlicher Bedienung ausgelegt:<\/p>\n<ol>\n<li><strong>Fortschrittliches Steuerungssystem<\/strong>: SPS-basierte Steuerung mit HMI-Touchscreen-Schnittstelle.<\/li>\n<li><strong>Hochpr\u00e4zise Mechanik<\/strong>: Angetrieben durch einen Schrittmotor und eine Kugelumlaufspindel.<\/li>\n<li><strong>Echtzeitanalysen<\/strong>: Zeigt Testkurven an und zeichnet Ergebnisse automatisch auf.<\/li>\n<li><strong>Einhaltung von Standards<\/strong>: Entspricht vollst\u00e4ndig ASTM D1894, ISO 8295, TAPPI T816 und GB 10006.<\/li>\n<li><strong>Anpassbare Optionen<\/strong>: W\u00e4gezellenkapazit\u00e4t, Schlittengewicht und Software k\u00f6nnen an spezifische Anforderungen angepasst werden.<\/li>\n<li><strong>Robustes Design<\/strong>: Robuster Aluminium-Testhobel sorgt f\u00fcr Langlebigkeit.<\/li>\n<\/ol>\n<h2><strong>Technische Parameter<\/strong><\/h2>\n<table style=\"height: 405px;\" width=\"604\">\n<thead>\n<tr>\n<th><strong>Parameter<\/strong><\/th>\n<th><strong>Spezifikation<\/strong><\/th>\n<\/tr>\n<\/thead>\n<tbody>\n<tr>\n<td style=\"text-align: center;\">W\u00e4gezelle<\/td>\n<td style=\"text-align: center;\">5 N (anpassbar)<\/td>\n<\/tr>\n<tr>\n<td style=\"text-align: center;\">Genauigkeit<\/td>\n<td style=\"text-align: center;\">\u00b10,5% FS<\/td>\n<\/tr>\n<tr>\n<td style=\"text-align: center;\">Schlitten<\/td>\n<td style=\"text-align: center;\">200\u00b11g (oder nach Bedarf)<\/td>\n<\/tr>\n<tr>\n<td style=\"text-align: center;\">Schlittengr\u00f6\u00dfe<\/td>\n<td style=\"text-align: center;\">63,5 mm \u00d7 63,5 mm<\/td>\n<\/tr>\n<tr>\n<td style=\"text-align: center;\">Testgeschwindigkeit<\/td>\n<td style=\"text-align: center;\">100 mm\/min (ISO), 150 mm\/min (ASTM)<\/td>\n<\/tr>\n<tr>\n<td style=\"text-align: center;\">Ma\u00dfe<\/td>\n<td style=\"text-align: center;\">540 mm (L) \u00d7 380 mm (B) \u00d7 240 mm (H)<\/td>\n<\/tr>\n<tr>\n<td style=\"text-align: center;\">Gewicht<\/td>\n<td style=\"text-align: center;\">NW 21 kg<\/td>\n<\/tr>\n<tr>\n<td style=\"text-align: center;\">Leistung<\/td>\n<td style=\"text-align: center;\">110\u2013220 V, 50\/60 Hz<\/td>\n<\/tr>\n<\/tbody>\n<\/table>\n<h2><strong>Vorteile des COF-01 Testers<\/strong><\/h2>\n<ul>\n<li>Verbessert die Materialqualit\u00e4t durch Bereitstellung genauer Reibungsdaten.<\/li>\n<li>Steigert die Produktionseffizienz durch Optimierung der Materialvertr\u00e4glichkeit.<\/li>\n<li>Erf\u00fcllt internationale Teststandards f\u00fcr weltweite Marktakzeptanz.<\/li>\n<\/ul>\n<h2><strong>Warum Cell Instruments w\u00e4hlen?<\/strong><\/h2>\n<p>Cell Instruments ist ein vertrauensw\u00fcrdiger Name in der Materialpr\u00fcfung und bietet innovative L\u00f6sungen, die auf die Bed\u00fcrfnisse der Branche zugeschnitten sind. Mit unserer Expertise in Anpassung und Automatisierung stellen wir sicher, dass jedes Produkt den h\u00f6chsten Standards in Bezug auf Pr\u00e4zision und Benutzerfreundlichkeit entspricht.<\/p>\n<h2><strong>FAQs<\/strong><\/h2>\n<ol>\n<li><strong>Was ist der Hauptzweck eines Reibungskoeffizientenpr\u00fcfger\u00e4ts?<\/strong>\n<ul>\n<li>Es misst die statischen und kinetischen Reibungskoeffizienten, um Materialvertr\u00e4glichkeit und Leistung sicherzustellen.<\/li>\n<\/ul>\n<\/li>\n<li><strong>Welche Branchen profitieren vom Einsatz des COF-01-Testers?<\/strong>\n<ul>\n<li>Branchen wie Verpackung, Textil, Beschichtungen, Klebstoffe und Automobil.<\/li>\n<\/ul>\n<\/li>\n<li><strong>Was ist der Unterschied zwischen statischem und kinetischem COF?<\/strong>\n<ul>\n<li>Der statische Reibungskoeffizient misst die Kraft zum Starten einer Bewegung, w\u00e4hrend der kinetische Reibungskoeffizient die Kraft zum Aufrechterhalten der Bewegung misst.<\/li>\n<\/ul>\n<\/li>\n<li><strong>Welche Normen erf\u00fcllt das COF-01?<\/strong>\n<ul>\n<li>ASTM D1894, ISO 8295, TAPPI T816 und GB 10006.<\/li>\n<\/ul>\n<\/li>\n<li><strong>Kann der COF-01-Tester angepasst werden?<\/strong>\n<ul>\n<li>Ja, Optionen wie Schlittengewicht, Softwareintegration und Anzeigesprache sind anpassbar.<\/li>\n<\/ul>\n<\/li>\n<\/ol>\n<h2>Verwandtes Produkt<\/h2>\n<p>&nbsp;<\/p>\n<blockquote class=\"wp-embedded-content\" data-secret=\"vzpdHvwUo6\"><p><a href=\"https:\/\/www.qualitester.com\/de\/produkt-2\/inclined-coefficient-of-friction-tester-cof-03\/\">COF-03 Pr\u00fcfger\u00e4t f\u00fcr den geneigten Reibungskoeffizienten<\/a><\/p><\/blockquote>\n<p><iframe class=\"wp-embedded-content\" sandbox=\"allow-scripts\" security=\"restricted\" style=\"position: absolute; visibility: hidden;\" title=\"\u300a COF-03 Inclined Coefficient of Friction Tester \u300b\u2014Material Quality Tester\" src=\"https:\/\/www.qualitester.com\/product\/inclined-coefficient-of-friction-tester-cof-03\/embed\/#?secret=iREm9kW5bX#?secret=vzpdHvwUo6\" data-secret=\"vzpdHvwUo6\" width=\"500\" height=\"282\" frameborder=\"0\" marginwidth=\"0\" marginheight=\"0\" scrolling=\"no\"><\/iframe><\/p>\n<blockquote class=\"wp-embedded-content\" data-secret=\"Cdow4RlaQp\"><p><a href=\"https:\/\/www.qualitester.com\/de\/produkt-2\/sale-film-friction-peel-tester\/\">FPT-01 Reibungs-\/Sch\u00e4lpr\u00fcfger\u00e4t f\u00fcr Folien<\/a><\/p><\/blockquote>\n<p><iframe class=\"wp-embedded-content\" sandbox=\"allow-scripts\" security=\"restricted\" style=\"position: absolute; visibility: hidden;\" title=\"\u300a FPT-01 Film Friction\/Peel Tester \u300b\u2014Material Quality Tester\" src=\"https:\/\/www.qualitester.com\/product\/sale-film-friction-peel-tester\/embed\/#?secret=Hw1oI6Nct5#?secret=Cdow4RlaQp\" data-secret=\"Cdow4RlaQp\" width=\"500\" height=\"282\" frameborder=\"0\" marginwidth=\"0\" marginheight=\"0\" scrolling=\"no\"><\/iframe><\/p>\n<blockquote class=\"wp-embedded-content\" data-secret=\"2jVvGEozrn\"><p><a href=\"https:\/\/www.qualitester.com\/de\/produkt-2\/cof-s1-mop-push-force-tester\/\">COF-S1 Mopp-Schubkraftpr\u00fcfger\u00e4t<\/a><\/p><\/blockquote>\n<p><iframe class=\"wp-embedded-content\" sandbox=\"allow-scripts\" security=\"restricted\" style=\"position: absolute; visibility: hidden;\" title=\"\u300a COF-S1 Mop Push Force Tester \u300b\u2014Material Quality Tester\" src=\"https:\/\/www.qualitester.com\/product\/cof-s1-mop-push-force-tester\/embed\/#?secret=B9Tn02gS9q#?secret=2jVvGEozrn\" data-secret=\"2jVvGEozrn\" width=\"500\" height=\"282\" frameborder=\"0\" marginwidth=\"0\" marginheight=\"0\" scrolling=\"no\"><\/iframe><\/p>\n<blockquote class=\"wp-embedded-content\" data-secret=\"DdI6KzAUQy\"><p><a href=\"https:\/\/www.qualitester.com\/de\/produkt-2\/sale-smart-pen-coefficient-of-friction-tester\/\">TSTP-01 Smart Pen Reibungskoeffiziententester<\/a><\/p><\/blockquote>\n<p><iframe class=\"wp-embedded-content\" sandbox=\"allow-scripts\" security=\"restricted\" style=\"position: absolute; visibility: hidden;\" title=\"\u300a TSTP-01 Smart Pen Coefficient of Friction Tester \u300b\u2014Material Quality Tester\" src=\"https:\/\/www.qualitester.com\/product\/sale-smart-pen-coefficient-of-friction-tester\/embed\/#?secret=4DUzcPrfLZ#?secret=DdI6KzAUQy\" data-secret=\"DdI6KzAUQy\" width=\"500\" height=\"282\" frameborder=\"0\" marginwidth=\"0\" marginheight=\"0\" scrolling=\"no\"><\/iframe><\/p>\n<blockquote class=\"wp-embedded-content\" data-secret=\"RPLf6zL5u2\"><p><a href=\"https:\/\/www.qualitester.com\/de\/produkt-2\/sale-floor-wiper-friction-testing-instrument\/\">MopFric-01 Reibungspr\u00fcfger\u00e4t f\u00fcr Bodenwischer<\/a><\/p><\/blockquote>\n<p><iframe class=\"wp-embedded-content\" sandbox=\"allow-scripts\" security=\"restricted\" style=\"position: absolute; visibility: hidden;\" title=\"\u300a MopFric-01 Floor Wiper Friction Testing Instrument \u300b\u2014Material Quality Tester\" src=\"https:\/\/www.qualitester.com\/product\/sale-floor-wiper-friction-testing-instrument\/embed\/#?secret=KOywcm9GZM#?secret=RPLf6zL5u2\" data-secret=\"RPLf6zL5u2\" width=\"500\" height=\"282\" frameborder=\"0\" marginwidth=\"0\" marginheight=\"0\" scrolling=\"no\"><\/iframe><\/p>\n<p>&nbsp;<\/p>","protected":false},"excerpt":{"rendered":"<p>Der <strong>Reibungskoeffizientenpr\u00fcfger\u00e4t<\/strong> ist ein Pr\u00e4zisionsinstrument zur Messung des statischen und kinetischen Reibungskoeffizienten zwischen zwei Oberfl\u00e4chen. Diese Messungen sind f\u00fcr die Bewertung der \u201eGleitf\u00e4higkeit\u201c oder Widerstandsf\u00e4higkeit von Materialien unerl\u00e4sslich, insbesondere in Branchen, in denen Verpackung, Produktionseffizienz und Materialvertr\u00e4glichkeit von entscheidender Bedeutung sind.<\/p>","protected":false},"featured_media":6145,"comment_status":"closed","ping_status":"closed","template":"","meta":{"site-sidebar-layout":"default","site-content-layout":"default","ast-global-header-display":"","ast-main-header-display":"","ast-hfb-above-header-display":"","ast-hfb-below-header-display":"","ast-hfb-mobile-header-display":"","site-post-title":"","ast-breadcrumbs-content":"","ast-featured-img":"","footer-sml-layout":"","theme-transparent-header-meta":"default","adv-header-id-meta":"","stick-header-meta":"","header-above-stick-meta":"","header-main-stick-meta":"","header-below-stick-meta":""},"product_cat":[845,1129,1062,938,683,44,16,106,170,95],"product_tag":[],"class_list":{"0":"post-1464","1":"product","2":"type-product","3":"status-publish","4":"has-post-thumbnail","6":"product_cat-customization","7":"product_cat-gb-10006","8":"product_cat-tappi-t816","9":"product_cat-textile-tester","10":"product_cat-coefficient-of-friction-tester","11":"product_cat-paper-and-board-testers","12":"product_cat-plastic-packaging-testers","13":"product_cat-astm-d1894","14":"product_cat-iso-8295","15":"product_cat-products","16":"desktop-align-left","17":"tablet-align-left","18":"mobile-align-left","20":"first","21":"instock","22":"shipping-taxable","23":"product-type-simple"},"_links":{"self":[{"href":"https:\/\/www.qualitester.com\/de\/wp-json\/wp\/v2\/product\/1464","targetHints":{"allow":["GET"]}}],"collection":[{"href":"https:\/\/www.qualitester.com\/de\/wp-json\/wp\/v2\/product"}],"about":[{"href":"https:\/\/www.qualitester.com\/de\/wp-json\/wp\/v2\/types\/product"}],"replies":[{"embeddable":true,"href":"https:\/\/www.qualitester.com\/de\/wp-json\/wp\/v2\/comments?post=1464"}],"version-history":[{"count":0,"href":"https:\/\/www.qualitester.com\/de\/wp-json\/wp\/v2\/product\/1464\/revisions"}],"wp:featuredmedia":[{"embeddable":true,"href":"https:\/\/www.qualitester.com\/de\/wp-json\/wp\/v2\/media\/6145"}],"wp:attachment":[{"href":"https:\/\/www.qualitester.com\/de\/wp-json\/wp\/v2\/media?parent=1464"}],"wp:term":[{"taxonomy":"product_cat","embeddable":true,"href":"https:\/\/www.qualitester.com\/de\/wp-json\/wp\/v2\/product_cat?post=1464"},{"taxonomy":"product_tag","embeddable":true,"href":"https:\/\/www.qualitester.com\/de\/wp-json\/wp\/v2\/product_tag?post=1464"}],"curies":[{"name":"wp","href":"https:\/\/api.w.org\/{rel}","templated":true}]}}