{"id":1463,"date":"2023-04-20T13:07:14","date_gmt":"2023-04-20T05:07:14","guid":{"rendered":"https:\/\/www.qualitester.com\/?post_type=product&#038;p=1463"},"modified":"2024-12-04T10:45:38","modified_gmt":"2024-12-04T02:45:38","slug":"carbon-dioxide-volume-tester-clrt-01","status":"publish","type":"product","link":"https:\/\/www.qualitester.com\/de\/produkt-2\/carbon-dioxide-volume-tester-clrt-01\/","title":{"rendered":"CLRT-01 Kohlendioxid-Volumentester"},"content":{"rendered":"<p>Der <strong>Automatischer Gasvolumentester<\/strong> ist ein hochmodernes Ger\u00e4t, das f\u00fcr die pr\u00e4zise Messung des Gasvolumens in versiegelten Beh\u00e4ltern entwickelt wurde. Es ist unverzichtbar f\u00fcr Branchen wie die Lebensmittel- und Getr\u00e4nkeindustrie, die pharmazeutische Industrie und die Medizintechnik, wo genaue Messungen des Gasvolumens die Produktqualit\u00e4t, Sicherheit und Konsistenz gew\u00e4hrleisten. Dieses Ger\u00e4t automatisiert den traditionell manuellen Prozess und liefert schnelle und zuverl\u00e4ssige Ergebnisse, w\u00e4hrend es gleichzeitig Industriestandards einh\u00e4lt wie <strong>ASTM F1115<\/strong>.<\/p>\n<h2><strong>Die ASTM F1115 und ihre Rolle bei der Gasvolumenpr\u00fcfung verstehen<\/strong><\/h2>\n<h3><strong>Was ist <a href=\"https:\/\/www.astm.org\/f1115-16.html\" target=\"_blank\" rel=\"noopener nofollow\">ASTM F1115<\/a>?<\/strong><\/h3>\n<p>ASTM F1115 ist eine Standardtestmethode zur Messung des Gasvolumens in versiegelten Beh\u00e4ltern. Sie findet breite Anwendung in Branchen, die auf kontrollierte Gasvolumina angewiesen sind, z. B. bei kohlens\u00e4urehaltigen Getr\u00e4nken, pharmazeutischen Verpackungen und der Versiegelung von medizinischen Ger\u00e4ten. Die Norm stellt sicher, dass die Hersteller bestimmte Anforderungen an die Konsistenz und Genauigkeit des Gasvolumens erf\u00fcllen, die sowohl f\u00fcr die Produktintegrit\u00e4t als auch f\u00fcr die Verbrauchersicherheit entscheidend sind.<\/p>\n<h3><strong>Testmethoden in ASTM F1115<\/strong><\/h3>\n<p>Der <a href=\"https:\/\/www.qualitester.com\/de\/produkt-kategorie\/astm\/astm-f1115\/\" target=\"_blank\" rel=\"noopener\">ASTM F1115<\/a> Pr\u00fcfverfahren umfasst das Verschlie\u00dfen eines Beh\u00e4lters, die Messung des Innendrucks und die Ber\u00fccksichtigung von Temperaturschwankungen, um das Gasvolumen genau zu berechnen. Der Prozess wird kontrolliert und erfordert hochpr\u00e4zise Instrumente, um Wiederholbarkeit und Genauigkeit zu gew\u00e4hrleisten. Die Website <strong>Automatischer Gasvolumentester<\/strong> integriert fortschrittliche Sensoren zur pr\u00e4zisen Messung von Druck und Temperatur und gew\u00e4hrleistet die Einhaltung der Norm ASTM F1115.<\/p>\n<h3><strong>Die wichtigsten Anforderungen der ASTM F1115<\/strong><\/h3>\n<ul>\n<li><strong>Pr\u00e4zisionsmessung:<\/strong> Pr\u00e4zise Sensoren sind sowohl f\u00fcr Druck- als auch f\u00fcr Temperaturmessungen unerl\u00e4sslich, um die Einhaltung der ASTM F1115 zu gew\u00e4hrleisten.<\/li>\n<li><strong>Konsistentes Gasvolumen:<\/strong> Die Norm erfordert eine sorgf\u00e4ltige Kontrolle der Pr\u00fcfbedingungen, wie Temperatur, Druck und Unversehrtheit der Probe, um die Konsistenz der Pr\u00fcfergebnisse zu gew\u00e4hrleisten.<\/li>\n<li><strong>Sicherheit und Verl\u00e4sslichkeit:<\/strong> Die ASTM F1115-Methode wurde entwickelt, um die Sicherheit von verpackten G\u00fctern zu gew\u00e4hrleisten und \u00dcberdruck oder Leckagen zu verhindern.<\/li>\n<\/ul>\n<h3><strong>Warum ASTM F1115 wichtig ist<\/strong><\/h3>\n<p>\u00dcbereinstimmung mit <strong>ASTM F1115<\/strong> stellt sicher, dass die Produkte den gesetzlichen Vorschriften und den Qualit\u00e4tskontrollstandards entsprechen. Die Hersteller k\u00f6nnen sich auf die Ergebnisse der Gasvolumenpr\u00fcfung verlassen, um eine gleichbleibende Produktqualit\u00e4t zu gew\u00e4hrleisten, Fehler zu reduzieren und die Sicherheit ihrer Produkte auf dem Markt zu garantieren.<\/p>\n<h2><strong>Technische Merkmale des automatischen Gasvolumentesters<\/strong><\/h2>\n<ul>\n<li><strong>Automatisierter Prozess:<\/strong> Das Pr\u00fcfger\u00e4t automatisiert den gesamten Prozess der Gasvolumenmessung: Anstechen des Beh\u00e4lters, Druckentlastung, Sch\u00fctteln der Probe und Aufzeichnung der Ergebnisse. Dies reduziert den Bedarf an manuellen Eingriffen und erh\u00f6ht die Testeffizienz.<\/li>\n<li><strong>Hochpr\u00e4zise Sensoren:<\/strong> Ausgestattet mit fortschrittlichen Temperatur- und Drucksensoren, stellt das Pr\u00fcfger\u00e4t sicher, dass die Messungen den hohen Anforderungen der ASTM F1115 gen\u00fcgen.<\/li>\n<li><strong>Benutzerfreundliches Interface:<\/strong> Das Ger\u00e4t verf\u00fcgt \u00fcber eine industrietaugliche SPS-Steuerung mit einer Touchscreen-Oberfl\u00e4che, die die Bedienung und \u00dcberwachung der Ergebnisse erleichtert.<\/li>\n<li><strong>Anpassbare Einstellungen:<\/strong> Parameter wie Sch\u00fcttelgeschwindigkeit, Einstechgeschwindigkeit und Pr\u00fcfdauer k\u00f6nnen an die jeweiligen Pr\u00fcfanforderungen angepasst werden und bieten somit Flexibilit\u00e4t f\u00fcr verschiedene Anwendungen.<\/li>\n<li><strong>Optionale Merkmale:<\/strong> Das Pr\u00fcfger\u00e4t kann mit einem Mikrodrucker zur Dokumentation der Pr\u00fcfergebnisse ausgestattet oder \u00fcber einen RS 232-Anschluss mit einer externen Software zur Datenanalyse verbunden werden.<\/li>\n<\/ul>\n<h2><strong>Anwendungen und Anwendungsf\u00e4lle<\/strong><\/h2>\n<p>Der <strong>Automatischer Gasvolumentester<\/strong> ist ideal f\u00fcr Industriezweige, die eine genaue Messung des Gasvolumens ben\u00f6tigen, z. B:<\/p>\n<ul>\n<li><strong>Getr\u00e4nkeindustrie:<\/strong> Wird zur Messung des Karbonisierungsgrads in Flaschen und Dosen verwendet, um eine gleichm\u00e4\u00dfige Sprudelung zu gew\u00e4hrleisten.<\/li>\n<li><strong>Pharmazeutika und Medizinprodukte:<\/strong> \u00dcberpr\u00fcft die Unversehrtheit von versiegelten Beh\u00e4ltern und Verpackungen, um die Konsistenz des Gasvolumens in Arzneimittelverabreichungssystemen sicherzustellen.<\/li>\n<li><strong>Verpackungsindustrie:<\/strong> Sorgt f\u00fcr das richtige Gasvolumen in verschiedenen Verpackungsarten, einschlie\u00dflich Lebensmitteln, Getr\u00e4nken und medizinischen Ger\u00e4ten.<\/li>\n<\/ul>\n<h2><strong>Warum sollte man sich f\u00fcr den automatischen Gasvolumentester entscheiden?<\/strong><\/h2>\n<ul>\n<li><strong>\u00dcbereinstimmung mit ASTM F1115:<\/strong> Das Pr\u00fcfger\u00e4t ist vollst\u00e4ndig konform mit ASTM F1115 und liefert genaue, zuverl\u00e4ssige Ergebnisse, die den Industriestandards entsprechen.<\/li>\n<li><strong>Pr\u00e4zision und Konsistenz:<\/strong> Es liefert wiederholbare, genaue Messungen mit hochpr\u00e4zisen Sensoren und gew\u00e4hrleistet so die Konsistenz der Produktionsprozesse.<\/li>\n<li><strong>Gesteigerte Effizienz:<\/strong> Der automatisierte Prozess spart Zeit und reduziert die manuelle Arbeit, was schnellere Tests und schnellere Entscheidungen in Produktionsumgebungen erm\u00f6glicht.<\/li>\n<\/ul>\n<h2><strong>Hauptparameter<\/strong><\/h2>\n<table>\n<tbody>\n<tr>\n<td style=\"text-align: center;\" width=\"114\">Testbereich<\/td>\n<td style=\"text-align: center;\" width=\"205\">0~1MPa<\/td>\n<\/tr>\n<tr>\n<td style=\"text-align: center;\" width=\"114\">Aufl\u00f6sung<\/td>\n<td style=\"text-align: center;\" width=\"205\">0,01KPa<\/td>\n<\/tr>\n<tr>\n<td style=\"text-align: center;\" width=\"114\">Sch\u00fcttelgeschwindigkeit<\/td>\n<td style=\"text-align: center;\" width=\"205\">Einstellbar<\/td>\n<\/tr>\n<tr>\n<td style=\"text-align: center;\" width=\"114\">Durchdringende Geschwindigkeit<\/td>\n<td style=\"text-align: center;\" width=\"205\">5mm\/s (andere verf\u00fcgbar)<\/td>\n<\/tr>\n<tr>\n<td style=\"text-align: center;\" width=\"114\">Probenh\u00f6he<\/td>\n<td style=\"text-align: center;\" width=\"205\">\u2264 350mm (andere verf\u00fcgbar)<\/td>\n<\/tr>\n<tr>\n<td style=\"text-align: center;\" width=\"114\">Temperaturbereich<\/td>\n<td style=\"text-align: center;\" width=\"205\">0 ~ 30 \u2103<\/td>\n<\/tr>\n<tr>\n<td style=\"text-align: center;\" width=\"114\">Sch\u00fcttelzeit<\/td>\n<td style=\"text-align: center;\" width=\"205\">40s (andere verf\u00fcgbar)<\/td>\n<\/tr>\n<tr>\n<td style=\"text-align: center;\" width=\"114\">Aufl\u00f6sung<\/td>\n<td style=\"text-align: center;\" width=\"205\">0.1 \u2103<\/td>\n<\/tr>\n<\/tbody>\n<\/table>\n<h2><strong>FAQs<\/strong><\/h2>\n<ol>\n<li><strong>Welche Branchen profitieren von der Verwendung des automatischen Gasvolumentesters?<\/strong>\n<ul>\n<li>Das Pr\u00fcfger\u00e4t ist ideal f\u00fcr die Getr\u00e4nke-, Pharma-, Verpackungs- und Medizinprodukteindustrie, wo pr\u00e4zise Gasvolumenmessungen unerl\u00e4sslich sind.<\/li>\n<\/ul>\n<\/li>\n<li><strong>Wie gew\u00e4hrleistet das automatische Gasvolumenmessger\u00e4t genaue Messungen?<\/strong>\n<ul>\n<li>Es verwendet hochpr\u00e4zise Druck- und Temperatursensoren, die eine genaue und wiederholbare Messung gem\u00e4\u00df der Norm ASTM F1115 gew\u00e4hrleisten.<\/li>\n<\/ul>\n<\/li>\n<li><strong>Kann der automatische Gasvolumentester f\u00fcr spezielle Pr\u00fcfanforderungen angepasst werden?<\/strong>\n<ul>\n<li>Ja, das Pr\u00fcfger\u00e4t bietet anpassbare Einstellungen f\u00fcr die Sch\u00fcttelgeschwindigkeit, die Einstechgeschwindigkeit und die Pr\u00fcfdauer, was Flexibilit\u00e4t f\u00fcr verschiedene Pr\u00fcfprotokolle erm\u00f6glicht.<\/li>\n<\/ul>\n<\/li>\n<li><strong>Entspricht das automatische Gasvolumenmessger\u00e4t den Industrienormen?<\/strong>\n<ul>\n<li>Ja, es erf\u00fcllt die ASTM F1115 und andere relevante Normen und gew\u00e4hrleistet damit gleichbleibend hochwertige Ergebnisse.<\/li>\n<\/ul>\n<\/li>\n<li><strong>Wie k\u00f6nnen die Testergebnisse dokumentiert werden?<\/strong>\n<ul>\n<li>Die Ergebnisse k\u00f6nnen mit dem optionalen Mikrodrucker ausgedruckt oder \u00fcber eine RS 232-Schnittstelle zur weiteren Analyse mit externer Software exportiert werden.<\/li>\n<\/ul>\n<\/li>\n<\/ol>","protected":false},"excerpt":{"rendered":"<p>Der <strong>Automatischer Gasvolumentester<\/strong> ist ein hochmodernes Ger\u00e4t, das f\u00fcr die pr\u00e4zise Messung des Gasvolumens in versiegelten Beh\u00e4ltern entwickelt wurde. Es ist unverzichtbar f\u00fcr Branchen wie die Lebensmittel- und Getr\u00e4nkeindustrie, die pharmazeutische Industrie und die Medizintechnik, wo genaue Messungen des Gasvolumens die Produktqualit\u00e4t, Sicherheit und Konsistenz gew\u00e4hrleisten. Dieses Ger\u00e4t automatisiert den traditionell manuellen Prozess und liefert schnelle und zuverl\u00e4ssige Ergebnisse, w\u00e4hrend es gleichzeitig Industriestandards einh\u00e4lt wie <strong>ASTM F1115<\/strong>.<\/p>","protected":false},"featured_media":6014,"comment_status":"closed","ping_status":"closed","template":"","meta":{"site-sidebar-layout":"default","site-content-layout":"default","ast-global-header-display":"","ast-main-header-display":"","ast-hfb-above-header-display":"","ast-hfb-below-header-display":"","ast-hfb-mobile-header-display":"","site-post-title":"","ast-breadcrumbs-content":"","ast-featured-img":"","footer-sml-layout":"","theme-transparent-header-meta":"default","adv-header-id-meta":"","stick-header-meta":"","header-above-stick-meta":"","header-main-stick-meta":"","header-below-stick-meta":""},"product_cat":[932,845,17,140,95],"product_tag":[],"class_list":{"0":"post-1463","1":"product","2":"type-product","3":"status-publish","4":"has-post-thumbnail","6":"product_cat-co2-volume-tester","7":"product_cat-customization","8":"product_cat-package-container-testers","9":"product_cat-astm-f1115","10":"product_cat-products","11":"desktop-align-left","12":"tablet-align-left","13":"mobile-align-left","15":"first","16":"instock","17":"shipping-taxable","18":"product-type-simple"},"_links":{"self":[{"href":"https:\/\/www.qualitester.com\/de\/wp-json\/wp\/v2\/product\/1463","targetHints":{"allow":["GET"]}}],"collection":[{"href":"https:\/\/www.qualitester.com\/de\/wp-json\/wp\/v2\/product"}],"about":[{"href":"https:\/\/www.qualitester.com\/de\/wp-json\/wp\/v2\/types\/product"}],"replies":[{"embeddable":true,"href":"https:\/\/www.qualitester.com\/de\/wp-json\/wp\/v2\/comments?post=1463"}],"version-history":[{"count":0,"href":"https:\/\/www.qualitester.com\/de\/wp-json\/wp\/v2\/product\/1463\/revisions"}],"wp:featuredmedia":[{"embeddable":true,"href":"https:\/\/www.qualitester.com\/de\/wp-json\/wp\/v2\/media\/6014"}],"wp:attachment":[{"href":"https:\/\/www.qualitester.com\/de\/wp-json\/wp\/v2\/media?parent=1463"}],"wp:term":[{"taxonomy":"product_cat","embeddable":true,"href":"https:\/\/www.qualitester.com\/de\/wp-json\/wp\/v2\/product_cat?post=1463"},{"taxonomy":"product_tag","embeddable":true,"href":"https:\/\/www.qualitester.com\/de\/wp-json\/wp\/v2\/product_tag?post=1463"}],"curies":[{"name":"wp","href":"https:\/\/api.w.org\/{rel}","templated":true}]}}