{"id":7645,"date":"2025-12-17T16:42:59","date_gmt":"2025-12-17T08:42:59","guid":{"rendered":"https:\/\/www.qualitester.com\/?page_id=7645"},"modified":"2025-12-17T16:57:52","modified_gmt":"2025-12-17T08:57:52","slug":"tear-tensile-strength-of-fabric-astm-d2261","status":"publish","type":"page","link":"https:\/\/www.qualitester.com\/de\/applications\/tear-tensile-strength-of-fabric-astm-d2261\/","title":{"rendered":"Rei\u00dffestigkeit des Gewebes"},"content":{"rendered":"<h1 style=\"text-align: center;\">Rei\u00dffestigkeit von Geweben - ASTM D2261<\/h1>\n<p>&nbsp;<\/p>\n<p>Die Rei\u00dffestigkeit von Stoffen ist eine wichtige Eigenschaft zur Bewertung der Haltbarkeit und Leistung von Textilien, die in verschiedenen Branchen verwendet werden, von Sicherheitsausr\u00fcstung bis hin zu Alltagskleidung. Die ASTM D2261 ist die Standardpr\u00fcfmethode zur Messung der Rei\u00dffestigkeit von Textilien mit Hilfe des Zungenverfahrens, mit dem sichergestellt wird, dass die Materialien die erforderlichen Anforderungen an die Haltbarkeit erf\u00fcllen. In diesem Artikel werden die Einzelheiten der Zungenrei\u00dffestigkeitspr\u00fcfung erl\u00e4utert, warum sie wichtig ist und wie die ASTM D2261 das Messverfahren standardisiert.<\/p>\n<hr \/>\n<h2>ASTM D2261: Standard zur Messung der Rei\u00dffestigkeit von Geweben<\/h2>\n<p data-start=\"938\" data-end=\"1098\"><span style=\"font-size: 16px;\">ASTM D2261 ist eine weithin anerkannte Norm, die ein Pr\u00fcfverfahren zur Bestimmung der Rei\u00dffestigkeit von Stoffen enth\u00e4lt. Dabei wird eine Stoffprobe in eine bestimmte Form geschnitten und einer Zugpr\u00fcfmaschine ausgesetzt, die die Kraft misst, die erforderlich ist, um einen Riss zu erzeugen. Dieses Verfahren ist f\u00fcr Stoffhersteller und Qualit\u00e4tskontrollteams unerl\u00e4sslich, um die Festigkeit und Zuverl\u00e4ssigkeit ihrer Materialien zu \u00fcberpr\u00fcfen.<\/span><\/p>\n<hr \/>\n<h2 data-start=\"1335\" data-end=\"1933\">Was ist die Zungenrei\u00dffestigkeit?<\/h2>\n<p data-start=\"1993\" data-end=\"2048\">Die Zungenrei\u00dffestigkeit bezieht sich auf die Kraft, die erforderlich ist, um den Riss in einem Gewebe fortzusetzen, nachdem ein erster Schnitt erfolgt ist. Bei der Pr\u00fcfung nach ASTM D2261 wird die Gewebeprobe so geschnitten, dass sie die Form von zwei Schenkeln annimmt, und die Kraft gemessen, die aufgebracht wird, um den Riss im Gewebe fortzusetzen. Die Kraft wird als Einzelspitzenkraft oder als Durchschnitt der f\u00fcnf h\u00f6chsten Spitzenkr\u00e4fte w\u00e4hrend des Rei\u00dfvorgangs gemessen.<\/p>\n<p data-start=\"1993\" data-end=\"2048\">Mit dieser Methode k\u00f6nnen die Hersteller feststellen, wie gut sich ein Gewebe unter Belastung verh\u00e4lt und wie viel Kraft es aushalten kann, bevor es rei\u00dft, was f\u00fcr Gewebe in sicherheitskritischen Anwendungen entscheidend ist.<\/p>\n<hr \/>\n<h2 data-start=\"2465\" data-end=\"2606\">Rei\u00dffestigkeit von Stoffen: Die Bedeutung der ASTM D2261<\/h2>\n<p data-start=\"2235\" data-end=\"2323\">Die Messung der Rei\u00dffestigkeit von Stoffen ist aus verschiedenen Gr\u00fcnden wichtig:<\/p>\n<ul data-start=\"2324\" data-end=\"2920\">\n<li data-start=\"2324\" data-end=\"2566\">\n<p data-start=\"2326\" data-end=\"2566\">Strapazierf\u00e4higkeit: Gewebe m\u00fcssen in der Lage sein, den Belastungen und Spannungen w\u00e4hrend des vorgesehenen Einsatzes standzuhalten. Ob in Sicherheitsausr\u00fcstungen, Outdoor-Kleidung oder industriellen Anwendungen - die Rei\u00dffestigkeit von Stoffen stellt sicher, dass die Materialien nicht vorzeitig versagen.<\/p>\n<\/li>\n<li data-start=\"2567\" data-end=\"2735\">\n<p data-start=\"2569\" data-end=\"2735\">Qualit\u00e4tskontrolle: Die ASTM D2261 hilft Herstellern, eine gleichbleibende Produktqualit\u00e4t zu gew\u00e4hrleisten, indem sie eine objektive, standardisierte Methode zur Messung der Gewebefestigkeit bereitstellt.<\/p>\n<\/li>\n<li data-start=\"2736\" data-end=\"2920\">\n<p data-start=\"2738\" data-end=\"2920\">Materialauswahl: Durch die Bewertung der Rei\u00dffestigkeit k\u00f6nnen Hersteller die geeigneten Stoffe f\u00fcr bestimmte Anwendungen ausw\u00e4hlen und sicherstellen, dass ihre Produkte die Leistungserwartungen erf\u00fcllen.<\/p>\n<\/li>\n<\/ul>\n<hr \/>\n<h2 data-start=\"3395\" data-end=\"3530\">Das Pr\u00fcfverfahren ASTM D2261<\/h2>\n<p data-start=\"2959\" data-end=\"3065\">Die Pr\u00fcfmethode ASTM D2261 umfasst eine Reihe von Schritten zur genauen Bestimmung der Zungenrei\u00dffestigkeit:<\/p>\n<ol data-start=\"3067\" data-end=\"4151\">\n<li data-start=\"3067\" data-end=\"3372\">\n<p data-start=\"3070\" data-end=\"3372\">Vorbereitung des Musters: Eine rechteckige Stoffprobe wird in der Mitte einer kurzen Kante geschnitten, um eine zweischenkelige Form zu erhalten, die oft als \u201chosenf\u00f6rmige\u201d Probe bezeichnet wird. Diese Probe wird dann in die Zugpr\u00fcfmaschine eingelegt, wobei ein Schenkel in die obere und der andere in die untere Klemmbacke eingespannt wird.<\/p>\n<\/li>\n<li data-start=\"3374\" data-end=\"3612\">\n<p data-start=\"3377\" data-end=\"3612\">Kraftanwendung: Die Pr\u00fcfmaschine vergr\u00f6\u00dfert kontinuierlich den Abstand zwischen den Klemmbacken und \u00fcbt eine Kraft aus, um den Riss \u00fcber das Gewebe weiterzuleiten. W\u00e4hrend dieses Vorgangs wird die Kraft durch das Datenerfassungssystem der Maschine aufgezeichnet.<\/p>\n<\/li>\n<li data-start=\"3614\" data-end=\"3870\">\n<p data-start=\"3617\" data-end=\"3870\">Datenerfassung: Die Kraft, bei der der Riss weitergeht, wird gemessen und entweder als Einzelspitzenkraft oder als Durchschnitt der f\u00fcnf h\u00f6chsten Spitzenkr\u00e4fte w\u00e4hrend des Tests aufgezeichnet. Diese Daten werden zur Bewertung der Rei\u00dffestigkeit des Gewebes verwendet.<\/p>\n<\/li>\n<li data-start=\"3872\" data-end=\"4151\">\n<p data-start=\"3875\" data-end=\"4151\">Testbedingungen: Die Pr\u00fcfungen werden in der Regel in einer kontrollierten Umgebung (21 \u00b0C und 65% Luftfeuchtigkeit) durchgef\u00fchrt, wobei je nach Verwendungszweck des Gewebes die M\u00f6glichkeit besteht, nass oder trocken zu pr\u00fcfen. Bei der Nasspr\u00fcfung muss die Probe innerhalb von 2 Minuten nach Entnahme aus dem Wasserbad gepr\u00fcft werden.<\/p>\n<\/li>\n<\/ol>\n<hr \/>\n<h2 data-start=\"3943\" data-end=\"4079\">Warum ist die Rei\u00dffestigkeit wichtig?<\/h2>\n<p data-start=\"4197\" data-end=\"4274\">Die Pr\u00fcfung der Rei\u00dffestigkeit von Stoffen ist aus mehreren Gr\u00fcnden wichtig:<\/p>\n<ol data-start=\"4275\" data-end=\"4897\">\n<li data-start=\"4275\" data-end=\"4520\">\n<p data-start=\"4278\" data-end=\"4520\">Gew\u00e4hrleistung der Langlebigkeit: Textilien m\u00fcssen so strapazierf\u00e4hig sein, dass sie den Belastungen bei normalem Gebrauch standhalten. Mit dieser Pr\u00fcfung wird sichergestellt, dass das Gewebe unter Spannung nicht leicht rei\u00dft, was f\u00fcr Artikel wie Sicherheitsausr\u00fcstung und Industrietextilien wichtig ist.<\/p>\n<\/li>\n<li data-start=\"4521\" data-end=\"4698\">\n<p data-start=\"4524\" data-end=\"4698\">Aufrechterhaltung von Qualit\u00e4tsstandards: Die Hersteller verwenden diesen Test, um sicherzustellen, dass ihre Stoffe die geforderten Haltbarkeitsstandards erf\u00fcllen, und gew\u00e4hrleisten so die Einheitlichkeit der Produktionschargen.<\/p>\n<\/li>\n<li data-start=\"4699\" data-end=\"4897\">\n<p data-start=\"4702\" data-end=\"4897\">Einhaltung gesetzlicher Vorschriften: F\u00fcr Branchen, die strenge Qualit\u00e4tsstandards verlangen, wie z. B. die Automobilindustrie oder das Gesundheitswesen, ist die Gew\u00e4hrleistung der Rei\u00dffestigkeit des Gewebes entscheidend f\u00fcr die Einhaltung von Sicherheitsvorschriften.<\/p>\n<\/li>\n<\/ol>\n<hr \/>\n<h2>Cell Instrumente: Ihr Partner f\u00fcr die Pr\u00fcfung der Rei\u00dffestigkeit<\/h2>\n<p data-start=\"90\" data-end=\"421\">Cell Instruments bietet eine Reihe von Zugpr\u00fcfmaschinen an, die die Anforderungen der ASTM D2261 erf\u00fcllen. Unsere Maschinen sind mit fortschrittlichen Datenerfassungssystemen ausgestattet, die genaue und zuverl\u00e4ssige Messungen der Rei\u00dffestigkeit von Stoffen gew\u00e4hrleisten. Ganz gleich, ob Sie gewebte, gewirkte oder behandelte Stoffe pr\u00fcfen, unsere Zugpr\u00fcfmaschinen bieten die Pr\u00e4zision und Flexibilit\u00e4t, die Sie f\u00fcr eine effektive Qualit\u00e4tskontrolle ben\u00f6tigen.<\/p>\n<figure id=\"attachment_7647\" aria-describedby=\"caption-attachment-7647\" style=\"width: 300px\" class=\"wp-caption aligncenter\"><a href=\"https:\/\/www.qualitester.com\/de\/produkt-2\/sale-paper-vertical-tensile-tester\/\" target=\"_blank\" rel=\"noopener\"><img fetchpriority=\"high\" decoding=\"async\" class=\"size-medium wp-image-7647\" src=\"https:\/\/www.qualitester.com\/wp-content\/uploads\/2025\/12\/Tear-Tensile-Strength-of-Fabric-ASTM-D2261-300x300.webp\" alt=\"Rei\u00dffestigkeit von Geweben - ASTM D2261\" width=\"300\" height=\"300\" srcset=\"https:\/\/www.qualitester.com\/wp-content\/uploads\/2025\/12\/Tear-Tensile-Strength-of-Fabric-ASTM-D2261-300x300.webp 300w, https:\/\/www.qualitester.com\/wp-content\/uploads\/2025\/12\/Tear-Tensile-Strength-of-Fabric-ASTM-D2261-150x150.webp 150w, https:\/\/www.qualitester.com\/wp-content\/uploads\/2025\/12\/Tear-Tensile-Strength-of-Fabric-ASTM-D2261-12x12.webp 12w, https:\/\/www.qualitester.com\/wp-content\/uploads\/2025\/12\/Tear-Tensile-Strength-of-Fabric-ASTM-D2261-100x100.webp 100w, https:\/\/www.qualitester.com\/wp-content\/uploads\/2025\/12\/Tear-Tensile-Strength-of-Fabric-ASTM-D2261.webp 600w\" sizes=\"(max-width: 300px) 100vw, 300px\" \/><\/a><figcaption id=\"caption-attachment-7647\" class=\"wp-caption-text\">Rei\u00dffestigkeit von Geweben - ASTM D2261<\/figcaption><\/figure>\n<h2 data-start=\"5406\" data-end=\"5419\">Abschluss<\/h2>\n<p data-start=\"5421\" data-end=\"5868\">ASTM D2261 ist eine wichtige Norm f\u00fcr die Bewertung der Rei\u00dffestigkeit von Textilien. Dieser Test hilft Herstellern sicherzustellen, dass ihre Textilien haltbar und f\u00fcr die vorgesehenen Anwendungen geeignet sind. Mit der richtigen Ausr\u00fcstung, wie z. B. den Zugpr\u00fcfmaschinen von Cell Instruments, k\u00f6nnen Sie pr\u00e4zise und effiziente Pr\u00fcfungen der Rei\u00dffestigkeit von Textilien durchf\u00fchren und so hohe Qualit\u00e4tsstandards in Ihren Textilproduktionsprozessen aufrechterhalten.<!--more--><\/p>\n<h3 data-start=\"91\" data-end=\"122\">H\u00e4ufig gestellte Fragen<\/h3>\n<h4 data-start=\"91\" data-end=\"122\"><strong data-start=\"95\" data-end=\"122\">F1: Was ist ASTM D2261?<\/strong><\/h4>\n<p data-start=\"124\" data-end=\"520\"><strong data-start=\"124\" data-end=\"130\">A1<\/strong>: <strong data-start=\"132\" data-end=\"146\">ASTM D2261<\/strong> ist das Standardpr\u00fcfverfahren zur Messung der <strong data-start=\"193\" data-end=\"228\">Rei\u00dffestigkeit des Gewebes<\/strong> unter Verwendung der <strong data-start=\"239\" data-end=\"262\">Zunge (einfacher Riss)<\/strong> Verfahren. Es umfasst die Verwendung eines <strong data-start=\"294\" data-end=\"330\">Zugpr\u00fcfmaschine vom Typ CRE<\/strong> um eine kontrollierte Kraft auf eine Gewebeprobe auszu\u00fcben und die Kraft zu messen, die erforderlich ist, um den Riss fortzusetzen. Diese Methode ist f\u00fcr die Bewertung der Haltbarkeit und Leistung von Stoffen unter Belastung von entscheidender Bedeutung.<\/p>\n<hr data-start=\"522\" data-end=\"525\" \/>\n<h4 data-start=\"527\" data-end=\"586\"><strong data-start=\"531\" data-end=\"586\">F2: Was bedeutet der Begriff \u201cZungenrei\u00dffestigkeit\u201d?<\/strong><\/h4>\n<p data-start=\"588\" data-end=\"940\"><strong data-start=\"588\" data-end=\"594\">A2<\/strong>: <strong data-start=\"596\" data-end=\"620\">Rei\u00dffestigkeit der Zunge<\/strong> bezieht sich auf die Kraft, die erforderlich ist, um einen Riss in einem Gewebe fortzusetzen, nachdem ein erster Schnitt erfolgt ist. Das Gewebe wird in eine zweischenkelige Form geschnitten, und es wird Kraft aufgewendet, um den Riss fortzusetzen. Die Kraft, mit der sich der Riss fortsetzt, wird gemessen und aufgezeichnet, was eine Bewertung der Rei\u00dffestigkeit des Gewebes unter Belastung erm\u00f6glicht.<\/p>\n<hr data-start=\"942\" data-end=\"945\" \/>\n<h4 data-start=\"947\" data-end=\"1020\"><strong data-start=\"951\" data-end=\"1020\">F3: Warum ist die Pr\u00fcfung der Rei\u00dffestigkeit von Stoffen wichtig?<\/strong><\/h4>\n<p data-start=\"1022\" data-end=\"1457\"><strong data-start=\"1022\" data-end=\"1028\">A3<\/strong>: Pr\u00fcfung der <strong data-start=\"1042\" data-end=\"1077\">Rei\u00dffestigkeit des Gewebes<\/strong> ist entscheidend f\u00fcr die Beurteilung, wie gut ein Stoff Kr\u00e4ften standh\u00e4lt, die zum Rei\u00dfen f\u00fchren k\u00f6nnten. Sie ist besonders wichtig f\u00fcr Materialien, die f\u00fcr Sicherheitsausr\u00fcstungen, Polsterm\u00f6bel und Industrietextilien verwendet werden. Mit dieser Pr\u00fcfung wird sichergestellt, dass die Gewebe die erforderlichen Haltbarkeitsstandards erf\u00fcllen, was den Herstellern hilft, die richtigen Materialien f\u00fcr bestimmte Anwendungen auszuw\u00e4hlen und die Zuverl\u00e4ssigkeit und Sicherheit der Produkte zu gew\u00e4hrleisten.<\/p>\n<hr data-start=\"1459\" data-end=\"1462\" \/>\n<h4 data-start=\"1464\" data-end=\"1522\"><strong data-start=\"1468\" data-end=\"1522\">F4: Welche Ger\u00e4te werden f\u00fcr die Pr\u00fcfung nach ASTM D2261 verwendet?<\/strong><\/h4>\n<p data-start=\"1524\" data-end=\"1919\"><strong data-start=\"1524\" data-end=\"1530\">A4<\/strong>: Das Pr\u00fcfverfahren <strong data-start=\"1548\" data-end=\"1562\">ASTM D2261<\/strong> erfordert eine <strong data-start=\"1574\" data-end=\"1610\">Zugpr\u00fcfmaschine vom Typ CRE<\/strong>. Diese Maschine \u00fcbt eine konstante Dehnungsgeschwindigkeit auf die Gewebeprobe aus und erm\u00f6glicht so eine pr\u00e4zise Messung der Kraft, die f\u00fcr die Ausbreitung eines Risses erforderlich ist. Datenerfassungssysteme wie z. B. <strong data-start=\"1794\" data-end=\"1825\">autographische Kartenschreiber<\/strong> oder <strong data-start=\"1829\" data-end=\"1861\">mikroprozessorgesteuerte Systeme<\/strong> werden verwendet, um die Kraft w\u00e4hrend des Tests aufzuzeichnen und zu analysieren.<\/p>\n<hr data-start=\"1921\" data-end=\"1924\" \/>\n<h4 data-start=\"1926\" data-end=\"1999\"><strong data-start=\"1930\" data-end=\"1999\">F5: Welche Vorteile hat die Verwendung der ASTM D2261 f\u00fcr die Pr\u00fcfung von Geweben?<\/strong><\/h4>\n<p data-start=\"2001\" data-end=\"2458\"><strong data-start=\"2001\" data-end=\"2007\">A5<\/strong>: <strong data-start=\"2009\" data-end=\"2023\">ASTM D2261<\/strong> bietet eine standardisierte, zuverl\u00e4ssige Methode zur Pr\u00fcfung der <strong data-start=\"2081\" data-end=\"2116\">Rei\u00dffestigkeit des Gewebes<\/strong>. Es stellt sicher, dass die Hersteller von Textilien die Haltbarkeit ihrer Produkte unter kontrollierten Bedingungen bewerten k\u00f6nnen, was zur Aufrechterhaltung einer gleichbleibenden Qualit\u00e4t und zur Einhaltung der Industrienormen beitr\u00e4gt. Der Test ist besonders wertvoll f\u00fcr die Bewertung der Leistung von Stoffen, die in sicherheitskritischen Anwendungen eingesetzt werden, um sicherzustellen, dass sie den Belastungen in der Praxis standhalten k\u00f6nnen.<\/p>\n<hr data-start=\"2460\" data-end=\"2463\" \/>\n<h4 data-start=\"2465\" data-end=\"2540\"><strong data-start=\"2469\" data-end=\"2540\">F6: Wie unterst\u00fctzt Cell Instruments die Pr\u00fcfung der Rei\u00dffestigkeit von Geweben?<\/strong><\/h4>\n<p data-start=\"2542\" data-end=\"2962\"><strong data-start=\"2542\" data-end=\"2548\">A6<\/strong>: <strong data-start=\"2550\" data-end=\"2570\">Zellinstrumente<\/strong> bietet erweiterte <strong data-start=\"2587\" data-end=\"2615\">Zugpr\u00fcfmaschinen<\/strong> entwickelt, um den Anforderungen von <strong data-start=\"2653\" data-end=\"2667\">ASTM D2261<\/strong>. Unser <strong data-start=\"2673\" data-end=\"2702\">Pr\u00fcfmaschinen vom Typ CRE<\/strong> bieten pr\u00e4zise und zuverl\u00e4ssige Messungen von <strong data-start=\"2748\" data-end=\"2772\">Zungenrei\u00dffestigkeit<\/strong> Und <strong data-start=\"2777\" data-end=\"2801\">Rei\u00dffestigkeit des Gewebes<\/strong>. Mit unserer Ausr\u00fcstung k\u00f6nnen Hersteller sicherstellen, dass ihre Textilien die erforderlichen Leistungsstandards f\u00fcr Haltbarkeit, Qualit\u00e4tskontrolle und Einhaltung von Vorschriften erf\u00fcllen.<\/p>","protected":false},"excerpt":{"rendered":"<p>Tear Tensile Strength of Fabric-ASTM D2261 &nbsp; The tear tensile strength of fabric is a critical property for evaluating the durability and performance of textiles used in various industries, from safety gear to everyday clothing. ASTM D2261 provides the standard test method for measuring fabric tear strength using the tongue procedure, which helps ensure that &hellip;<\/p>\n<p class=\"read-more\"> <a class=\"\" href=\"https:\/\/www.qualitester.com\/de\/applications\/tear-tensile-strength-of-fabric-astm-d2261\/\"> <span class=\"screen-reader-text\">Rei\u00dffestigkeit des Gewebes<\/span> Weiterlesen \"<\/a><\/p>","protected":false},"author":7,"featured_media":0,"parent":6794,"menu_order":0,"comment_status":"closed","ping_status":"closed","template":"","meta":{"site-sidebar-layout":"default","site-content-layout":"default","ast-global-header-display":"","ast-main-header-display":"","ast-hfb-above-header-display":"","ast-hfb-below-header-display":"","ast-hfb-mobile-header-display":"","site-post-title":"disabled","ast-breadcrumbs-content":"","ast-featured-img":"","footer-sml-layout":"","theme-transparent-header-meta":"default","adv-header-id-meta":"","stick-header-meta":"","header-above-stick-meta":"","header-main-stick-meta":"","header-below-stick-meta":"","footnotes":""},"class_list":["post-7645","page","type-page","status-publish","hentry"],"_links":{"self":[{"href":"https:\/\/www.qualitester.com\/de\/wp-json\/wp\/v2\/pages\/7645","targetHints":{"allow":["GET"]}}],"collection":[{"href":"https:\/\/www.qualitester.com\/de\/wp-json\/wp\/v2\/pages"}],"about":[{"href":"https:\/\/www.qualitester.com\/de\/wp-json\/wp\/v2\/types\/page"}],"author":[{"embeddable":true,"href":"https:\/\/www.qualitester.com\/de\/wp-json\/wp\/v2\/users\/7"}],"replies":[{"embeddable":true,"href":"https:\/\/www.qualitester.com\/de\/wp-json\/wp\/v2\/comments?post=7645"}],"version-history":[{"count":0,"href":"https:\/\/www.qualitester.com\/de\/wp-json\/wp\/v2\/pages\/7645\/revisions"}],"up":[{"embeddable":true,"href":"https:\/\/www.qualitester.com\/de\/wp-json\/wp\/v2\/pages\/6794"}],"wp:attachment":[{"href":"https:\/\/www.qualitester.com\/de\/wp-json\/wp\/v2\/media?parent=7645"}],"curies":[{"name":"wp","href":"https:\/\/api.w.org\/{rel}","templated":true}]}}