{"id":7619,"date":"2025-12-17T13:33:28","date_gmt":"2025-12-17T05:33:28","guid":{"rendered":"https:\/\/www.qualitester.com\/?page_id=7619"},"modified":"2025-12-17T16:16:41","modified_gmt":"2025-12-17T08:16:41","slug":"astm-d5587-method-for-tearing-strength-of-fabric-testing","status":"publish","type":"page","link":"https:\/\/www.qualitester.com\/de\/applications\/astm-d5587-method-for-tearing-strength-of-fabric-testing\/","title":{"rendered":"ASTM D5587 Pr\u00fcfung der Rei\u00dffestigkeit von Geweben"},"content":{"rendered":"<h1 style=\"text-align: center;\">Pr\u00fcfung der Rei\u00dffestigkeit von Geweben<br \/>\n<small>ASTM D5587<\/small><\/h1>\n<h1 style=\"text-align: center;\"><img fetchpriority=\"high\" decoding=\"async\" class=\"wp-image-7631 alignleft\" src=\"https:\/\/www.qualitester.com\/wp-content\/uploads\/2025\/12\/ASTM-D5587-Tearing-Strength-of-Fabric-Testing-300x227.webp\" alt=\"ASTM D5587 Pr\u00fcfung der Rei\u00dffestigkeit von Geweben\" width=\"333\" height=\"252\" srcset=\"https:\/\/www.qualitester.com\/wp-content\/uploads\/2025\/12\/ASTM-D5587-Tearing-Strength-of-Fabric-Testing-300x227.webp 300w, https:\/\/www.qualitester.com\/wp-content\/uploads\/2025\/12\/ASTM-D5587-Tearing-Strength-of-Fabric-Testing-16x12.webp 16w, https:\/\/www.qualitester.com\/wp-content\/uploads\/2025\/12\/ASTM-D5587-Tearing-Strength-of-Fabric-Testing.webp 528w\" sizes=\"(max-width: 333px) 100vw, 333px\" \/><\/h1>\n<p>&nbsp;<\/p>\n<p>Die Rei\u00dffestigkeit von Textilien ist eine wichtige mechanische Eigenschaft, die angibt, wie gut Textilien der Ausbreitung eines vorhandenen Risses unter Belastung widerstehen. Die ASTM D5587, weithin bekannt als Trapez-Rei\u00dffestigkeitspr\u00fcfung, bietet eine standardisierte und wiederholbare Methode zur Bewertung dieser Leistung. Wenn Qualit\u00e4tsfachleute die Grunds\u00e4tze, Verfahren und Anwendungen dieser Methode verstehen, k\u00f6nnen sie eine gleichbleibende Leistung der Textilien und zuverl\u00e4ssige Abnahmepr\u00fcfungen in allen Branchen gew\u00e4hrleisten.<\/p>\n<hr \/>\n<h2>Die Rei\u00dffestigkeit von Stoffen verstehen<\/h2>\n<p data-start=\"948\" data-end=\"1331\">Die Rei\u00dffestigkeit eines Gewebes beschreibt die Kraft, die erforderlich ist, um <strong data-start=\"1007\" data-end=\"1053\">einen einmal begonnenen Riss fortsetzen<\/strong>, und nicht die Kraft, die n\u00f6tig ist, um ein solches zu starten. In der Praxis versagen Gewebe oft durch kleine Schnitte, Kerben oder Defekte, die bei der Herstellung oder Handhabung entstanden sind. Die Messung der Rei\u00dffestigkeit von Stoffen bietet daher wertvolle Einblicke in die Haltbarkeit, Sicherheit und Nutzungsdauer.<\/p>\n<p data-start=\"1333\" data-end=\"1659\">Die ASTM D5587 konzentriert sich auf das Rissausbreitungsverhalten unter kontrollierter Zugbelastung. Bei dieser Methode wird die Zugspannung entlang eines definierten Pfades aufgebracht, so dass sich der Riss gleichm\u00e4\u00dfig \u00fcber die Probenbreite ausbreitet. Dieser Ansatz macht die Pr\u00fcfung besonders n\u00fctzlich f\u00fcr den Vergleich <strong data-start=\"1592\" data-end=\"1658\">unterschiedliche Stoffkonstruktionen, Ausr\u00fcstungen oder Stoffrichtungen<\/strong>.<\/p>\n<hr \/>\n<h2 data-start=\"1335\" data-end=\"1933\">ASTM D5587 Trapezf\u00f6rmige Rei\u00dffestigkeitspr\u00fcfung und CRE Trapezf\u00f6rmige Rei\u00dffestigkeitsprinzipien<\/h2>\n<p data-start=\"1750\" data-end=\"2043\">Der <strong data-start=\"1754\" data-end=\"1799\">ASTM D5587 <a href=\"https:\/\/www.qualitester.com\/de\/produkt-2\/tst-01-universal-testing-machine\/\">Pr\u00fcfung der trapezf\u00f6rmigen Rei\u00dffestigkeit<\/a><\/strong> st\u00fctzt sich auf einen Ansatz der Zugpr\u00fcfung mit konstanter Dehnungsrate (CRE), der oft als <strong data-start=\"1892\" data-end=\"1916\">Trapezf\u00f6rmiger Riss der CRE<\/strong> Pr\u00fcfung. Eine CRE-Maschine sorgt f\u00fcr eine einheitliche Verl\u00e4ngerungsrate, was die Konsistenz der Daten und die Vergleichbarkeit zwischen den Laboren verbessert.<\/p>\n<p data-start=\"2045\" data-end=\"2351\">Diese Methode eignet sich f\u00fcr eine breite Palette von Textilien, einschlie\u00dflich Geweben, Gewirken, beschichteten oder harzbehandelten Stoffen, gerauten Materialien, geschichteten Strukturen, Polstoffen und technischen Textilien wie Airbagstoffen. Die Proben k\u00f6nnen je nach den Anforderungen der Anwendung im trockenen oder nassen Zustand gepr\u00fcft werden.<\/p>\n<p data-start=\"2353\" data-end=\"2608\">Wichtig ist, dass der Test davon ausgeht, dass der Riss vorgeschnitten ist. Daher ist die Rei\u00dffestigkeit von Gewebe, die nach ASTM D5587 gemessen wird <strong data-start=\"2472\" data-end=\"2479\">nicht<\/strong> Es handelt sich dabei nicht um die Kraft, die den Riss einleitet, sondern um den Widerstand gegen die Ausbreitung des Risses, was vielen Endverwendungsszenarien entspricht.<\/p>\n<hr \/>\n<h2 data-start=\"2615\" data-end=\"2664\">\u00dcbersicht \u00fcber das Pr\u00fcfverfahren auf der Grundlage der ASTM D5587<\/h2>\n<p data-start=\"2665\" data-end=\"2757\">Um den Labors die korrekte Anwendung der Methode zu erleichtern, lassen sich die wichtigsten Schritte wie folgt zusammenfassen:<\/p>\n<ol data-start=\"2759\" data-end=\"3745\">\n<li data-start=\"2759\" data-end=\"2930\">\n<p data-start=\"2762\" data-end=\"2930\"><strong data-start=\"2762\" data-end=\"2787\">Konditionierung der Probe<\/strong><br data-start=\"2787\" data-end=\"2790\" \/>Konditionierung der Proben in einer Standardtextilpr\u00fcfatmosph\u00e4re, typischerweise <strong data-start=\"2865\" data-end=\"2901\">21 \u00b0C und 65 % relative Luftfeuchtigkeit<\/strong>, sofern nicht anders angegeben.<\/p>\n<\/li>\n<li data-start=\"2932\" data-end=\"3095\">\n<p data-start=\"2935\" data-end=\"3095\"><strong data-start=\"2935\" data-end=\"2959\">Probenvorbereitung<\/strong><br data-start=\"2959\" data-end=\"2962\" \/>Markieren Sie ein gleichschenkliges Trapez auf einer rechteckigen Stoffprobe. F\u00fchren Sie in der Mitte der kurzen Basis einen Schlitz ein, um den Riss einzuleiten.<\/p>\n<\/li>\n<li data-start=\"3097\" data-end=\"3289\">\n<p data-start=\"3100\" data-end=\"3289\"><strong data-start=\"3100\" data-end=\"3126\">Einspannen und Ausrichten<\/strong><br data-start=\"3126\" data-end=\"3129\" \/>Befestigen Sie die nicht parallelen Seiten des Trapezes in den Klemmen eines CRE-Zugpr\u00fcfger\u00e4ts. Die korrekte Ausrichtung gew\u00e4hrleistet, dass sich der Riss gleichm\u00e4\u00dfig \u00fcber die Probe ausbreitet.<\/p>\n<\/li>\n<li data-start=\"3291\" data-end=\"3500\">\n<p data-start=\"3294\" data-end=\"3500\"><strong data-start=\"3294\" data-end=\"3328\">Rissfortpflanzung und Aufzeichnung<\/strong><br data-start=\"3328\" data-end=\"3331\" \/>Beginnen Sie den Test mit einer kontrollierten Verl\u00e4ngerungsrate. W\u00e4hrend sich die Traverse bewegt, schreitet der Riss voran und die Kraft schwankt. Das System zeichnet diese Kraftwerte kontinuierlich auf.<\/p>\n<\/li>\n<li data-start=\"3502\" data-end=\"3745\">\n<p data-start=\"3505\" data-end=\"3745\"><strong data-start=\"3505\" data-end=\"3535\">Vervollst\u00e4ndigung und Vervielf\u00e4ltigung<\/strong><br data-start=\"3535\" data-end=\"3538\" \/>Brechen Sie den Test ab, wenn der Riss die angegebene L\u00e4nge erreicht oder sich die Probe vollst\u00e4ndig l\u00f6st. Wiederholen Sie das Verfahren f\u00fcr mehrere Proben in jeder Hauptgeweberichtung, um die statistische Zuverl\u00e4ssigkeit zu gew\u00e4hrleisten.<\/p>\n<\/li>\n<\/ol>\n<p data-start=\"3747\" data-end=\"3897\">W\u00e4hrend des gesamten Verfahrens spielen eine konstante Geschwindigkeitskontrolle und eine genaue Kraftmessung eine entscheidende Rolle f\u00fcr zuverl\u00e4ssige Ergebnisse bei der Rei\u00dffestigkeit des Gewebes.<\/p>\n<hr \/>\n<h2 data-start=\"5352\" data-end=\"5415\">Ausr\u00fcstungs\u00fcberlegungen und die Rolle von CRE-Zugpr\u00fcfger\u00e4ten<\/h2>\n<p style=\"text-align: left;\">Genaue Ergebnisse der trapezf\u00f6rmigen Rei\u00dffestigkeitspr\u00fcfung h\u00e4ngen stark von der Leistung des Zugpr\u00fcfsystems ab. Ein stabiles CRE-Zugpr\u00fcfger\u00e4t gew\u00e4hrleistet eine gleichm\u00e4\u00dfige Ausdehnung, eine pr\u00e4zise Steuerung der Auslenkung und eine zuverl\u00e4ssige Kraftmessung w\u00e4hrend des gesamten Rei\u00dfvorgangs.<\/p>\n<p style=\"text-align: left;\" data-start=\"5678\" data-end=\"6204\">Der <strong data-start=\"5682\" data-end=\"5726\"><a href=\"https:\/\/www.celtec.cn\" rel=\"nofollow noopener\" target=\"_blank\">Zellinstrumente<\/a> <a href=\"https:\/\/www.qualitester.com\/de\/produkt-2\/tst-01-tensile-tester\/\">Zugfestigkeitspr\u00fcfger\u00e4t (TST-01)<\/a><\/strong> unterst\u00fctzt die ASTM D5587-Pr\u00fcfung durch kontrollierte Dehnungsraten, klare Kraft-Weg-Visualisierung und anpassungsf\u00e4hige Einspannl\u00f6sungen f\u00fcr Textilproben. Dank seiner Flexibilit\u00e4t k\u00f6nnen Labore nicht nur Rei\u00dffestigkeitspr\u00fcfungen an Textilien durchf\u00fchren, sondern auch eine breite Palette von Zug- und Sch\u00e4lpr\u00fcfungen an Textilien, Verpackungsmaterialien und medizinischen Komponenten. Diese Vielseitigkeit eignet sich gut f\u00fcr Labore, die einen langfristigen Nutzen und standardisierte Pr\u00fcfm\u00f6glichkeiten suchen.<\/p>\n<figure id=\"attachment_7632\" aria-describedby=\"caption-attachment-7632\" style=\"width: 239px\" class=\"wp-caption aligncenter\"><a href=\"https:\/\/www.qualitester.com\/de\/produkt-2\/tst-01-tensile-tester\/\"><img decoding=\"async\" class=\"wp-image-7632 size-medium\" src=\"https:\/\/www.qualitester.com\/wp-content\/uploads\/2025\/12\/Tensile-Tester-TST-01-239x300.webp\" alt=\"ASTM D5587 Pr\u00fcfung der Rei\u00dffestigkeit von Geweben\" width=\"239\" height=\"300\" srcset=\"https:\/\/www.qualitester.com\/wp-content\/uploads\/2025\/12\/Tensile-Tester-TST-01-239x300.webp 239w, https:\/\/www.qualitester.com\/wp-content\/uploads\/2025\/12\/Tensile-Tester-TST-01-10x12.webp 10w, https:\/\/www.qualitester.com\/wp-content\/uploads\/2025\/12\/Tensile-Tester-TST-01.webp 318w\" sizes=\"(max-width: 239px) 100vw, 239px\" \/><\/a><figcaption id=\"caption-attachment-7632\" class=\"wp-caption-text\">Zugpr\u00fcfger\u00e4t TST-01<\/figcaption><\/figure>\n<hr \/>\n<h2 data-start=\"5284\" data-end=\"5304\">Abschlie\u00dfende \u00dcberlegungen<\/h2>\n<p>Die ASTM D5587 bietet einen robusten Rahmen f\u00fcr die Bewertung der Rei\u00dffestigkeit von Geweben mit Hilfe des Trapez-Rei\u00dffestigkeitstests. Durch die Einhaltung standardisierter Verfahren, die Auswahl geeigneter CRE-Pr\u00fcfger\u00e4te und das Verst\u00e4ndnis der Bedeutung des Weiterrei\u00dfverhaltens k\u00f6nnen Labore aussagekr\u00e4ftige Daten generieren, die die Qualit\u00e4tssicherung und Produktentwicklung unterst\u00fctzen. F\u00fcr Textilfachleute st\u00e4rkt die Beherrschung dieser Methode sowohl die technische Kompetenz als auch die Glaubw\u00fcrdigkeit auf dem Markt.<\/p>\n<hr \/>\n<h2>H\u00e4ufig gestellte Fragen<\/h2>\n<p data-start=\"39\" data-end=\"393\"><strong data-start=\"39\" data-end=\"109\">1. Was ist der Hauptzweck der trapezf\u00f6rmigen Rei\u00dffestigkeitspr\u00fcfung?<\/strong><br data-start=\"109\" data-end=\"112\" \/>Die trapezf\u00f6rmige Rei\u00dffestigkeitspr\u00fcfung misst die <strong data-start=\"160\" data-end=\"223\">Rei\u00dffestigkeit des Gewebes, nachdem ein Riss bereits begonnen hat<\/strong>. Sie bewertet, wie gut ein Gewebe der Ausbreitung von Rissen unter Zugbelastung widersteht, was den realen Einsatzbedingungen, bei denen bereits kleine Schnitte oder Defekte vorhanden sein k\u00f6nnen, sehr nahe kommt.<\/p>\n<p data-start=\"395\" data-end=\"755\"><strong data-start=\"395\" data-end=\"460\">2. Warum erfordert die ASTM D5587 eine CRE-Zugpr\u00fcfmaschine?<\/strong><br data-start=\"460\" data-end=\"463\" \/>ASTM D5587 spezifiziert eine <strong data-start=\"486\" data-end=\"546\">Zugpr\u00fcfmaschine mit konstanter Dehnungsrate (CRE)<\/strong> weil es eine stabile, gleichm\u00e4\u00dfige Traversenbewegung und eine genaue Kraftmessung erm\u00f6glicht. Diese Konsistenz verbessert die Wiederholbarkeit und Vergleichbarkeit der Ergebnisse von Trapezrei\u00dfpr\u00fcfungen zwischen verschiedenen Labors.<\/p>\n<p data-start=\"757\" data-end=\"1137\"><strong data-start=\"757\" data-end=\"818\">3. Welche Arten von Stoffen k\u00f6nnen nach ASTM D5587 gepr\u00fcft werden?<\/strong><br data-start=\"818\" data-end=\"821\" \/>Die Norm gilt f\u00fcr eine breite Palette von Textilien, darunter <strong data-start=\"881\" data-end=\"999\">Gewebe, Gewirke, Noppen- und Florgewebe, Lagenware und beschichtete oder harzbehandelte Materialien<\/strong>. Es k\u00f6nnen sowohl unbehandelte als auch veredelte Gewebe bewertet werden, wodurch sich die Methode f\u00fcr viele industrielle und technische Textilanwendungen eignet.<\/p>\n<p data-start=\"1139\" data-end=\"1470\"><strong data-start=\"1139\" data-end=\"1208\">4. Wie sollten die Ergebnisse der trapezf\u00f6rmigen Rei\u00dffestigkeitspr\u00fcfung angegeben werden?<\/strong><br data-start=\"1208\" data-end=\"1211\" \/>Nach ASTM D5587 k\u00f6nnen die Ergebnisse entweder als die <strong data-start=\"1266\" data-end=\"1295\">Einzelausrei\u00dfkraft<\/strong> oder die <strong data-start=\"1303\" data-end=\"1346\">Durchschnitt der f\u00fcnf h\u00f6chsten Spitzenkr\u00e4fte<\/strong> w\u00e4hrend der Pr\u00fcfung beobachtet. Die gew\u00e4hlte Berichterstattungsmethode sollte im Voraus vereinbart und zum Vergleich einheitlich verwendet werden.<\/p>\n<p data-start=\"1472\" data-end=\"1862\" data-is-last-node=\"\" data-is-only-node=\"\"><strong data-start=\"1472\" data-end=\"1542\">5. Welche Faktoren haben den gr\u00f6\u00dften Einfluss auf die Rei\u00dffestigkeit des Gewebes?<\/strong><br data-start=\"1542\" data-end=\"1545\" \/>Die wichtigsten Faktoren sind <strong data-start=\"1565\" data-end=\"1672\">Gewebestruktur, Garnart und -dichte, Ausr\u00fcstungsbehandlungen, Probenvorbereitung und Pr\u00fcfanordnung<\/strong>. Eine ordnungsgem\u00e4\u00dfe Konditionierung, eine genaue Probenmarkierung und die Verwendung eines zuverl\u00e4ssigen CRE-Zugpr\u00fcfger\u00e4ts - wie das TST-01 von Cell Instruments - tragen dazu bei, verl\u00e4ssliche Daten zur trapezf\u00f6rmigen Rei\u00dffestigkeit zu erhalten.<\/p>","protected":false},"excerpt":{"rendered":"<p>Tearing Strength of Fabric Testing ASTM D5587 &nbsp; Tearing strength of fabric is a critical mechanical property that reflects how textiles resist the propagation of an existing tear under load. ASTM D5587, widely known as the trapezoidal tear strength test, provides a standardized and repeatable method to evaluate this performance. By understanding the principles, procedures, &hellip;<\/p>\n<p class=\"read-more\"> <a class=\"\" href=\"https:\/\/www.qualitester.com\/de\/applications\/astm-d5587-method-for-tearing-strength-of-fabric-testing\/\"> <span class=\"screen-reader-text\">ASTM D5587 Pr\u00fcfung der Rei\u00dffestigkeit von Geweben<\/span> Weiterlesen \"<\/a><\/p>","protected":false},"author":8,"featured_media":0,"parent":6794,"menu_order":0,"comment_status":"closed","ping_status":"closed","template":"","meta":{"site-sidebar-layout":"default","site-content-layout":"default","ast-global-header-display":"","ast-main-header-display":"","ast-hfb-above-header-display":"","ast-hfb-below-header-display":"","ast-hfb-mobile-header-display":"","site-post-title":"","ast-breadcrumbs-content":"","ast-featured-img":"","footer-sml-layout":"","theme-transparent-header-meta":"default","adv-header-id-meta":"","stick-header-meta":"","header-above-stick-meta":"","header-main-stick-meta":"","header-below-stick-meta":"","footnotes":""},"class_list":["post-7619","page","type-page","status-publish","hentry"],"_links":{"self":[{"href":"https:\/\/www.qualitester.com\/de\/wp-json\/wp\/v2\/pages\/7619","targetHints":{"allow":["GET"]}}],"collection":[{"href":"https:\/\/www.qualitester.com\/de\/wp-json\/wp\/v2\/pages"}],"about":[{"href":"https:\/\/www.qualitester.com\/de\/wp-json\/wp\/v2\/types\/page"}],"author":[{"embeddable":true,"href":"https:\/\/www.qualitester.com\/de\/wp-json\/wp\/v2\/users\/8"}],"replies":[{"embeddable":true,"href":"https:\/\/www.qualitester.com\/de\/wp-json\/wp\/v2\/comments?post=7619"}],"version-history":[{"count":0,"href":"https:\/\/www.qualitester.com\/de\/wp-json\/wp\/v2\/pages\/7619\/revisions"}],"up":[{"embeddable":true,"href":"https:\/\/www.qualitester.com\/de\/wp-json\/wp\/v2\/pages\/6794"}],"wp:attachment":[{"href":"https:\/\/www.qualitester.com\/de\/wp-json\/wp\/v2\/media?parent=7619"}],"curies":[{"name":"wp","href":"https:\/\/api.w.org\/{rel}","templated":true}]}}