{"id":7502,"date":"2025-09-30T10:34:02","date_gmt":"2025-09-30T02:34:02","guid":{"rendered":"https:\/\/www.qualitester.com\/?page_id=7502"},"modified":"2025-09-30T10:34:02","modified_gmt":"2025-09-30T02:34:02","slug":"vacuum-leak-test-for-bottles","status":"publish","type":"page","link":"https:\/\/www.qualitester.com\/de\/applications\/vacuum-leak-test-for-bottles\/","title":{"rendered":"Vakuum-Dichtheitspr\u00fcfung f\u00fcr Flaschen"},"content":{"rendered":"<h1 style=\"text-align: center;\" data-start=\"412\" data-end=\"860\">Vakuum-Dichtheitspr\u00fcfung f\u00fcr Flaschen<br \/>\n<small>ASTM D3078 &amp; ASTM D4991 &amp; ASTM D5094 &amp; ASTM D6653 &amp; ASTM F2338<\/small><\/h1>\n<p data-start=\"637\" data-end=\"1201\">Der <strong data-start=\"641\" data-end=\"673\">Vakuum-Dichtheitspr\u00fcfung f\u00fcr Flaschen<\/strong> ist eine der wichtigsten Methoden der Qualit\u00e4tskontrolle in der modernen Produktion. Flaschen und Beh\u00e4lter spielen eine entscheidende Rolle beim Schutz von Produkten w\u00e4hrend der Lagerung, des Transports und der Verwendung. Wenn eine Flasche ihren Verschluss oder ihre Struktur nicht beibeh\u00e4lt, kann dies zu Produktverunreinigungen, finanziellen Verlusten und einem gesch\u00e4digten Markenimage f\u00fchren. Dies gilt insbesondere f\u00fcr Branchen wie <strong data-start=\"1053\" data-end=\"1124\">Lebensmittel und Getr\u00e4nke, Pharmazeutika, Alltagschemikalien und Gesundheitswesen<\/strong>, in denen die Verpackung in direktem Zusammenhang mit der Produktsicherheit und der Gesundheit der Verbraucher steht.<\/p>\n<p data-start=\"1203\" data-end=\"1513\">Eine Vakuum-Dichtheitspr\u00fcfung bietet Herstellern eine zuverl\u00e4ssige M\u00f6glichkeit, um sicherzustellen, dass Flaschen und Kunststoffbeh\u00e4lter frei von Undichtigkeiten, Rissen oder Verschlussfehlern sind, bevor sie auf den Markt kommen. Durch die Erkennung selbst kleinster M\u00e4ngel tr\u00e4gt diese Pr\u00fcfmethode dazu bei, sowohl die Produktqualit\u00e4t als auch das Vertrauen der Kunden zu sichern.<\/p>\n<hr data-start=\"862\" data-end=\"865\" \/>\n<h2 data-start=\"867\" data-end=\"912\">Warum die Vakuumdichtheitspr\u00fcfung f\u00fcr Flaschen wichtig ist<\/h2>\n<p data-start=\"914\" data-end=\"1161\">Flaschen aus Kunststoff, Glas oder Verbundwerkstoffen k\u00f6nnen Mikrorisse, Verschlussfehler oder Defekte aufweisen, die mit dem blo\u00dfen Auge nicht sichtbar sind. A <strong data-start=\"1068\" data-end=\"1088\">Vakuum-Lecktest<\/strong> tr\u00e4gt dazu bei, solche Schwachstellen fr\u00fchzeitig zu erkennen und so potenziellen Gefahren vorzubeugen:<\/p>\n<ul>\n<li data-start=\"1165\" data-end=\"1199\">Verlust von Kohlens\u00e4ure in Getr\u00e4nken<\/li>\n<li data-start=\"1202\" data-end=\"1236\">Verunreinigung von Arzneimitteln<\/li>\n<li data-start=\"1239\" data-end=\"1271\">Austritt von gef\u00e4hrlichen Chemikalien<\/li>\n<li data-start=\"1274\" data-end=\"1311\">Verk\u00fcrzte Haltbarkeitsdauer von Lebensmitteln<\/li>\n<\/ul>\n<p data-start=\"1313\" data-end=\"1457\">Durch die Integration dieser Pr\u00fcfung in die Qualit\u00e4tssicherung k\u00f6nnen die Hersteller die Einhaltung internationaler Normen gew\u00e4hrleisten und sich einen Wettbewerbsvorteil verschaffen.<\/p>\n<hr data-start=\"1459\" data-end=\"1462\" \/>\n<h2 data-start=\"1464\" data-end=\"1495\">Vakuum-Lecktest-Verfahren<\/h2>\n<p data-start=\"1497\" data-end=\"1772\">Der <strong data-start=\"1501\" data-end=\"1531\">Verfahren zur Vakuum-Dichtheitspr\u00fcfung<\/strong> wird in der Regel eine Flasche oder ein Beh\u00e4lter in eine abgedichtete Kammer gestellt. Es wird ein Vakuum angelegt, und der Beh\u00e4lter wird je nach gew\u00e4hlter Methode auf Druck\u00e4nderungen, Blasenbildung oder Vakuumabfall \u00fcberwacht. Zu den \u00fcblichen Schritten geh\u00f6ren:<\/p>\n<ol>\n<li data-start=\"1777\" data-end=\"1847\">Vorbereiten des Beh\u00e4lters (je nach Bedarf leer oder gef\u00fcllt).<\/li>\n<li data-start=\"1851\" data-end=\"1899\">Versiegeln des Beh\u00e4lters in der Pr\u00fcfkammer.<\/li>\n<li data-start=\"1903\" data-end=\"1975\">Schrittweises Anlegen eines Vakuums, um Lager- oder Transportbedingungen zu simulieren.<\/li>\n<li data-start=\"1979\" data-end=\"2046\">Beobachtung von Leckage-Indikatoren wie Druck\u00e4nderungen oder Blasen.<\/li>\n<li data-start=\"2050\" data-end=\"2111\">Aufzeichnung von Testdaten zur Analyse und Qualit\u00e4tsdokumentation.<\/li>\n<\/ol>\n<p data-start=\"2113\" data-end=\"2213\">Dieses Verfahren stellt sicher, dass selbst kleinste Lecks entdeckt werden, bevor die Produkte auf den Markt kommen.<\/p>\n<hr data-start=\"2215\" data-end=\"2218\" \/>\n<h2 data-start=\"2220\" data-end=\"2262\">Wichtige Normen f\u00fcr die Dichtheitspr\u00fcfung von Flaschen<\/h2>\n<p data-start=\"2264\" data-end=\"2387\">Mehrere ASTM-Normen enthalten detaillierte Methoden f\u00fcr <strong data-start=\"2322\" data-end=\"2361\">Dichtheitspr\u00fcfung f\u00fcr Kunststoffbeh\u00e4lter<\/strong> und andere Flaschentypen:<\/p>\n<ul>\n<li data-start=\"2391\" data-end=\"2510\"><a href=\"https:\/\/www.qualitester.com\/de\/standards\/astm-d3078\/\"><strong data-start=\"2391\" data-end=\"2405\">ASTM D3078<\/strong><\/a> \u2013 <em data-start=\"2408\" data-end=\"2430\">Blasenemissionstest<\/em> zum Aufsp\u00fcren von undichten Stellen in flexiblen Verpackungen durch Eintauchen in Wasser unter Vakuum.<\/li>\n<li data-start=\"2513\" data-end=\"2631\"><strong data-start=\"2513\" data-end=\"2527\">ASTM D4991<\/strong> \u2013 <em data-start=\"2530\" data-end=\"2566\">Vakuumverfahren f\u00fcr starre Beh\u00e4lter<\/em>, wird h\u00e4ufig f\u00fcr leere Flaschen verwendet, um die strukturelle Integrit\u00e4t zu beurteilen.<\/li>\n<li data-start=\"2634\" data-end=\"2740\"><strong data-start=\"2634\" data-end=\"2648\">ASTM D5094<\/strong> \u2013 <em data-start=\"2651\" data-end=\"2672\">Brutto-Leckage-Tests<\/em> f\u00fcr Gewinde- oder Laschenverschl\u00fcsse, um die Dichtigkeit des Verschlusses zu beurteilen.<\/li>\n<li data-start=\"2743\" data-end=\"2866\"><strong data-start=\"2743\" data-end=\"2757\">ASTM D6653<\/strong> \u2013 <em data-start=\"2760\" data-end=\"2786\">Simulation von H\u00f6henunterschieden<\/em> Verwendung von Vakuum zur Nachbildung von Umgebungen mit reduziertem Druck w\u00e4hrend des Lufttransports.<\/li>\n<li data-start=\"2869\" data-end=\"2988\"><a href=\"https:\/\/www.qualitester.com\/de\/standards\/astm-f2338\/\"><strong data-start=\"2869\" data-end=\"2883\">ASTM F2338<\/strong><\/a> \u2013 <em data-start=\"2886\" data-end=\"2907\">Vakuum-Zerfallsmethode<\/em>, eine zerst\u00f6rungsfreie Technik mit hoher Empfindlichkeit f\u00fcr die Erkennung von Mikrolecks.<\/li>\n<\/ul>\n<p data-start=\"2990\" data-end=\"3113\">Jede Norm ist so konzipiert, dass sie reale Bedingungen nachbildet, so dass die Pr\u00fcfergebnisse sowohl zuverl\u00e4ssig als auch von der Industrie akzeptiert sind.<\/p>\n<hr data-start=\"3115\" data-end=\"3118\" \/>\n<h2 data-start=\"3120\" data-end=\"3155\">Branchen\u00fcbergreifende Anwendungen<\/h2>\n<ul>\n<li data-start=\"3159\" data-end=\"3269\"><strong data-start=\"3159\" data-end=\"3178\">Nahrungsmittel und Getr\u00e4nke<\/strong>: Sorgt daf\u00fcr, dass die Kohlens\u00e4ure in den Getr\u00e4nkeflaschen erhalten bleibt und verhindert das Auslaufen bei der Verteilung.<\/li>\n<li data-start=\"3272\" data-end=\"3367\"><strong data-start=\"3272\" data-end=\"3291\">Pharmazeutika<\/strong>: Sch\u00fctzt Arzneimittel vor Verunreinigungen und best\u00e4tigt die Sterilit\u00e4t der Verpackung.<\/li>\n<li data-start=\"3370\" data-end=\"3472\"><strong data-start=\"3370\" data-end=\"3400\">Chemikalien und Produkte des t\u00e4glichen Bedarfs<\/strong>: Verhindert Gefahren durch das Auslaufen von Reinigungsmitteln, L\u00f6sungsmitteln oder \u00d6len.<\/li>\n<li data-start=\"3475\" data-end=\"3583\"><strong data-start=\"3475\" data-end=\"3506\">Qualit\u00e4tspr\u00fcfungsagenturen<\/strong>: Liefert standardisierte Validierungsberichte in \u00dcbereinstimmung mit den ASTM-Methoden.<\/li>\n<\/ul>\n<hr data-start=\"3585\" data-end=\"3588\" \/>\n<h2 data-start=\"3590\" data-end=\"3632\">Die Wahl des richtigen Flaschendichtheitspr\u00fcfers<\/h2>\n<p data-start=\"3634\" data-end=\"3927\">Die Auswahl der geeigneten <a href=\"https:\/\/www.qualitester.com\/de\/produkt-2\/lt-03-seal-strength-testing-machine\/\"><strong data-start=\"3660\" data-end=\"3682\">Flaschen-Dichtheitspr\u00fcfer<\/strong><\/a> h\u00e4ngt von der Art des Beh\u00e4lters, der erforderlichen Empfindlichkeit und den geltenden Normen ab. Zum Beispiel kann die zerst\u00f6rungsfreie Pr\u00fcfung mit <strong data-start=\"3807\" data-end=\"3821\">ASTM F2338<\/strong> ideal f\u00fcr pharmazeutische Flaschen sein kann, w\u00e4hrend <strong data-start=\"3869\" data-end=\"3883\">ASTM D4991<\/strong> ist f\u00fcr starre Kunststoffbeh\u00e4lter geeignet.<\/p>\n<p><a href=\"https:\/\/www.qualitester.com\/de\/produkt-kategorie\/test-items\/leak-tester\/\"><img fetchpriority=\"high\" decoding=\"async\" class=\"aligncenter wp-image-7503 size-full\" src=\"https:\/\/www.qualitester.com\/wp-content\/uploads\/2025\/09\/vacuum-leak-test-for-bottles.jpg\" alt=\"Vakuum-Dichtheitspr\u00fcfung f\u00fcr Flaschen\" width=\"600\" height=\"400\" srcset=\"https:\/\/www.qualitester.com\/wp-content\/uploads\/2025\/09\/vacuum-leak-test-for-bottles.jpg 600w, https:\/\/www.qualitester.com\/wp-content\/uploads\/2025\/09\/vacuum-leak-test-for-bottles-300x200.jpg 300w, https:\/\/www.qualitester.com\/wp-content\/uploads\/2025\/09\/vacuum-leak-test-for-bottles-18x12.jpg 18w\" sizes=\"(max-width: 600px) 100vw, 600px\" \/><\/a><\/p>\n<p data-start=\"3929\" data-end=\"4193\"><strong data-start=\"3929\" data-end=\"3949\">Zellinstrumente<\/strong> bietet fortschrittliche Dichtheitspr\u00fcfger\u00e4te an, die diesen Anforderungen gerecht werden. Ihre Ger\u00e4te gew\u00e4hrleisten eine pr\u00e4zise Vakuumkontrolle, eine zuverl\u00e4ssige Datenausgabe und die Einhaltung internationaler Normen, was sie zu einer zuverl\u00e4ssigen Wahl f\u00fcr Labore und Produktionslinien macht.<\/p>\n<hr data-start=\"4195\" data-end=\"4198\" \/>\n<h2 data-start=\"4200\" data-end=\"4238\">Vorteile der Vakuumdichtheitspr\u00fcfung<\/h2>\n<ul>\n<li data-start=\"4242\" data-end=\"4317\"><strong data-start=\"4242\" data-end=\"4262\">Hohe Empfindlichkeit<\/strong>: Erkennt sogar Mikrolecks, die mit dem blo\u00dfen Auge nicht zu erkennen sind.<\/li>\n<li data-start=\"4320\" data-end=\"4388\"><strong data-start=\"4320\" data-end=\"4345\">Standardisierter Ansatz<\/strong>: Gew\u00e4hrleistet die Einhaltung der ASTM-Protokolle.<\/li>\n<li data-start=\"4391\" data-end=\"4471\"><strong data-start=\"4391\" data-end=\"4418\">Nicht-destruktive Optionen<\/strong>: Erm\u00f6glicht Tests, ohne wertvolle Produkte zu verschwenden.<\/li>\n<li data-start=\"4474\" data-end=\"4550\"><strong data-start=\"4474\" data-end=\"4489\">Vielseitigkeit<\/strong>: Geeignet f\u00fcr eine breite Palette von Flaschen und Verschlusssystemen.<\/li>\n<\/ul>\n<hr data-start=\"4552\" data-end=\"4555\" \/>\n<p data-start=\"4574\" data-end=\"4953\">Umsetzung einer <strong data-start=\"4589\" data-end=\"4621\">Vakuum-Dichtheitspr\u00fcfung f\u00fcr Flaschen<\/strong> ist ein wesentlicher Schritt zur Sicherung der Produktqualit\u00e4t und zur Gew\u00e4hrleistung der Einhaltung globaler Normen wie <strong data-start=\"4726\" data-end=\"4792\"><a href=\"https:\/\/www.astm.org\/d3078-02r21e01.html\" target=\"_blank\" rel=\"noopener nofollow\">ASTM D3078<\/a>, ASTM D4991, ASTM D5094, ASTM D6653 und ASTM F2338<\/strong>. Durch den Einsatz von zuverl\u00e4ssigen Dichtheitspr\u00fcfger\u00e4ten wie denen von <strong data-start=\"4847\" data-end=\"4867\">Zellinstrumente<\/strong>, k\u00f6nnen die Hersteller Risiken verringern, die Effizienz verbessern und das Vertrauen der Verbraucher st\u00e4rken.<\/p>","protected":false},"excerpt":{"rendered":"<p>Vacuum Leak Test for Bottles ASTM D3078 &amp; ASTM D4991 &amp; ASTM D5094 &amp; ASTM D6653 &amp; ASTM F2338 The vacuum leak test for bottles is one of the most important quality control methods in modern manufacturing. Bottles and containers play a critical role in protecting products during storage, shipping, and use. If a bottle &hellip;<\/p>\n<p class=\"read-more\"> <a class=\"\" href=\"https:\/\/www.qualitester.com\/de\/applications\/vacuum-leak-test-for-bottles\/\"> <span class=\"screen-reader-text\">Vakuum-Dichtheitspr\u00fcfung f\u00fcr Flaschen<\/span> Weiterlesen \"<\/a><\/p>","protected":false},"author":4,"featured_media":0,"parent":6794,"menu_order":0,"comment_status":"closed","ping_status":"closed","template":"","meta":{"site-sidebar-layout":"default","site-content-layout":"default","ast-global-header-display":"","ast-main-header-display":"","ast-hfb-above-header-display":"","ast-hfb-below-header-display":"","ast-hfb-mobile-header-display":"","site-post-title":"disabled","ast-breadcrumbs-content":"","ast-featured-img":"disabled","footer-sml-layout":"","theme-transparent-header-meta":"default","adv-header-id-meta":"","stick-header-meta":"","header-above-stick-meta":"","header-main-stick-meta":"","header-below-stick-meta":"","footnotes":""},"class_list":["post-7502","page","type-page","status-publish","hentry"],"_links":{"self":[{"href":"https:\/\/www.qualitester.com\/de\/wp-json\/wp\/v2\/pages\/7502","targetHints":{"allow":["GET"]}}],"collection":[{"href":"https:\/\/www.qualitester.com\/de\/wp-json\/wp\/v2\/pages"}],"about":[{"href":"https:\/\/www.qualitester.com\/de\/wp-json\/wp\/v2\/types\/page"}],"author":[{"embeddable":true,"href":"https:\/\/www.qualitester.com\/de\/wp-json\/wp\/v2\/users\/4"}],"replies":[{"embeddable":true,"href":"https:\/\/www.qualitester.com\/de\/wp-json\/wp\/v2\/comments?post=7502"}],"version-history":[{"count":0,"href":"https:\/\/www.qualitester.com\/de\/wp-json\/wp\/v2\/pages\/7502\/revisions"}],"up":[{"embeddable":true,"href":"https:\/\/www.qualitester.com\/de\/wp-json\/wp\/v2\/pages\/6794"}],"wp:attachment":[{"href":"https:\/\/www.qualitester.com\/de\/wp-json\/wp\/v2\/media?parent=7502"}],"curies":[{"name":"wp","href":"https:\/\/api.w.org\/{rel}","templated":true}]}}