{"id":7471,"date":"2025-09-17T10:39:11","date_gmt":"2025-09-17T02:39:11","guid":{"rendered":"https:\/\/www.qualitester.com\/?page_id=7471"},"modified":"2025-09-17T10:50:09","modified_gmt":"2025-09-17T02:50:09","slug":"astm-f2338","status":"publish","type":"page","link":"https:\/\/www.qualitester.com\/de\/standards\/astm-f2338\/","title":{"rendered":"ASTM F2338"},"content":{"rendered":"<h1 style=\"text-align: center;\" data-start=\"245\" data-end=\"755\">ASTM F2338<br \/>\n<small>Vakuum-Zerfallsmethode<\/small><\/h1>\n<p data-start=\"245\" data-end=\"755\">Die Unversehrtheit von Verpackungen ist in Branchen wie der Pharma-, Medizintechnik- und Lebensmittelindustrie von entscheidender Bedeutung. Selbst das kleinste Leck kann die Sterilit\u00e4t beeintr\u00e4chtigen, die Haltbarkeit verk\u00fcrzen oder zu Produktausf\u00e4llen f\u00fchren. <a href=\"https:\/\/www.qualitester.com\/de\/standards\/astm-f2338\/\"><strong data-start=\"439\" data-end=\"453\">ASTM F2338<\/strong><\/a> ist der weltweit anerkannte Standard, der eine zerst\u00f6rungsfreie Methode zur Erkennung von Undichtigkeiten in verschiedenen Verpackungssystemen bietet.<\/p>\n<hr data-start=\"757\" data-end=\"760\" \/>\n<h2 data-start=\"762\" data-end=\"786\">Was ist ASTM F2338?<\/h2>\n<p data-start=\"788\" data-end=\"1077\">ASTM F2338, formell mit dem Titel <em data-start=\"816\" data-end=\"911\">Standard-Pr\u00fcfverfahren f\u00fcr die zerst\u00f6rungsfreie Erkennung von Undichtigkeiten in Verpackungen durch Vakuumabbauverfahren<\/em>, definiert einen pr\u00e4zisen, empfindlichen Ansatz f\u00fcr die Lecksuche. Bei dieser Methode wird ein kontrolliertes Vakuum um eine Verpackung angelegt und Druck\u00e4nderungen in einer Pr\u00fcfkammer \u00fcberwacht.<\/p>\n<p data-start=\"1079\" data-end=\"1233\">Bei einer undichten Stelle entweichen Gase aus der Verpackung in die Kammer, was zu einer messbaren <strong data-start=\"1166\" data-end=\"1182\">Unterdruckabfall<\/strong>. Diese Technik ist weit verbreitet, weil sie einfach ist:<\/p>\n<ul>\n<li data-start=\"1237\" data-end=\"1315\"><strong data-start=\"1237\" data-end=\"1255\">Zerst\u00f6rungsfrei<\/strong> - Pakete bleiben f\u00fcr die weitere Verwendung oder Verteilung unversehrt.<\/li>\n<li data-start=\"1318\" data-end=\"1397\"><strong data-start=\"1318\" data-end=\"1338\">Hochsensibel<\/strong> - die f\u00fcr das blo\u00dfe Auge unsichtbare Lecks aufsp\u00fcren k\u00f6nnen.<\/li>\n<li data-start=\"1400\" data-end=\"1488\"><strong data-start=\"1400\" data-end=\"1436\">Anwendbar auf viele Verpackungsarten<\/strong> - flexible, starre, por\u00f6se und nicht por\u00f6se Ausf\u00fchrungen.<\/li>\n<li data-start=\"1491\" data-end=\"1575\"><strong data-start=\"1491\" data-end=\"1504\">Effiziente<\/strong> - sowohl f\u00fcr Laborstudien als auch f\u00fcr Probenahmen in der Produktion geeignet.<\/li>\n<\/ul>\n<p data-start=\"1577\" data-end=\"1775\">ASTM F2338 ist besonders wichtig f\u00fcr <strong data-start=\"1616\" data-end=\"1719\">pharmazeutische Blisterverpackungen, sterile medizinische Ger\u00e4te, versiegelte Lebensmittelschalen und Elektronikverpackungen<\/strong> wo die Verhinderung von Leckagen f\u00fcr die Produktsicherheit entscheidend ist.<\/p>\n<hr data-start=\"1777\" data-end=\"1780\" \/>\n<h2 data-start=\"1782\" data-end=\"1824\">Zum Verst\u00e4ndnis der Vakuumzerfallsmethode<\/h2>\n<p data-start=\"1826\" data-end=\"1904\">Der <strong data-start=\"1830\" data-end=\"1853\">Vakuum-Abklingmethode<\/strong> ist der Kern der ASTM F2338. Der Prozess umfasst:<\/p>\n<ol>\n<li data-start=\"1909\" data-end=\"1956\">Einlegen der Verpackung in eine versiegelte Pr\u00fcfkammer.<\/li>\n<li data-start=\"1960\" data-end=\"2020\">Anlegen eines Vakuums bis zum Erreichen eines bestimmten Druckniveaus.<\/li>\n<li data-start=\"2024\" data-end=\"2071\">Isolierung der Kammer von der Vakuumquelle.<\/li>\n<li data-start=\"2075\" data-end=\"2140\">\u00dcberwachung der Druckstabilit\u00e4t mit einem hochpr\u00e4zisen Messwertgeber.<\/li>\n<\/ol>\n<p data-start=\"2142\" data-end=\"2253\">Ein Druckanstieg zeigt an, dass Luft oder Dampf durch ein Leck entweicht. Die Empfindlichkeit des Tests h\u00e4ngt ab von:<\/p>\n<ul>\n<li data-start=\"2257\" data-end=\"2287\">Konstruktion und Dichtheit der Kammer<\/li>\n<li data-start=\"2290\" data-end=\"2320\">Genauigkeit der Druckmessumformer<\/li>\n<li data-start=\"2323\" data-end=\"2374\">Pr\u00fcfparameter wie Vakuumh\u00f6he und -dauer<\/li>\n<li data-start=\"2377\" data-end=\"2445\">Verpackungsmerkmale (starr vs. flexibel, por\u00f6s vs. nicht por\u00f6s)<\/li>\n<\/ul>\n<p data-start=\"2447\" data-end=\"2566\">Dadurch ist die Methode branchen\u00fcbergreifend einsetzbar, da die Parameter auf spezifische Produkt-Verpackungssysteme zugeschnitten werden k\u00f6nnen.<\/p>\n<hr data-start=\"2568\" data-end=\"2571\" \/>\n<h2 data-start=\"2573\" data-end=\"2623\">Anwendungen von Verpackungsvakuumzerfallstestern<\/h2>\n<p><a href=\"https:\/\/www.qualitester.com\/de\/produkt-2\/sale-non-destructive-leak-testing-equipment\/\"><img fetchpriority=\"high\" decoding=\"async\" class=\"alignleft wp-image-7474 size-medium\" src=\"https:\/\/www.qualitester.com\/wp-content\/uploads\/2025\/09\/ASTM-F2338-Vacuum-Decay-Method-Packaging-Vacuum-Decay-Tester-300x300.webp\" alt=\"ASTM F2338 Vakuumzerfallsmethode - Verpackungsvakuumzerfallstester\" width=\"300\" height=\"300\" srcset=\"https:\/\/www.qualitester.com\/wp-content\/uploads\/2025\/09\/ASTM-F2338-Vacuum-Decay-Method-Packaging-Vacuum-Decay-Tester-300x300.webp 300w, https:\/\/www.qualitester.com\/wp-content\/uploads\/2025\/09\/ASTM-F2338-Vacuum-Decay-Method-Packaging-Vacuum-Decay-Tester-150x150.webp 150w, https:\/\/www.qualitester.com\/wp-content\/uploads\/2025\/09\/ASTM-F2338-Vacuum-Decay-Method-Packaging-Vacuum-Decay-Tester-12x12.webp 12w, https:\/\/www.qualitester.com\/wp-content\/uploads\/2025\/09\/ASTM-F2338-Vacuum-Decay-Method-Packaging-Vacuum-Decay-Tester-100x100.webp 100w, https:\/\/www.qualitester.com\/wp-content\/uploads\/2025\/09\/ASTM-F2338-Vacuum-Decay-Method-Packaging-Vacuum-Decay-Tester.webp 600w\" sizes=\"(max-width: 300px) 100vw, 300px\" \/><\/a><\/p>\n<p data-start=\"2625\" data-end=\"2739\">Mit einem <a href=\"https:\/\/www.qualitester.com\/de\/produkt-2\/sale-non-destructive-leak-testing-equipment\/\"><strong data-start=\"2633\" data-end=\"2666\">Verpackungs-Vakuum-Zerfallstester<\/strong><\/a> bietet Vertrauen in die Produktintegrit\u00e4t. Zu den \u00fcblichen Anwendungen geh\u00f6ren:<\/p>\n<ul>\n<li data-start=\"2743\" data-end=\"2854\"><strong data-start=\"2743\" data-end=\"2783\">Medizinische und pharmazeutische Verpackungen<\/strong> - Sicherstellung der Sterilit\u00e4t von Spritzen, Fl\u00e4schchen, Blisterverpackungen und Infusionsbeuteln.<\/li>\n<li data-start=\"2857\" data-end=\"2975\"><strong data-start=\"2857\" data-end=\"2878\">Lebensmittel und Getr\u00e4nke<\/strong> - Erhaltung der Frische und Verhinderung mikrobieller Kontamination in Schalen, Beuteln und Flaschen.<\/li>\n<li data-start=\"2978\" data-end=\"3098\"><strong data-start=\"2978\" data-end=\"3021\">Elektronik und chemische Produkte des t\u00e4glichen Bedarfs<\/strong> - Verhinderung des Eindringens von Feuchtigkeit oder Gasen, die empfindliche Produkte beeintr\u00e4chtigen k\u00f6nnten.<\/li>\n<\/ul>\n<p data-start=\"3100\" data-end=\"3245\">Da die Methode zerst\u00f6rungsfrei ist, k\u00f6nnen die Hersteller <strong data-start=\"3164\" data-end=\"3188\">100% Inline-Pr\u00fcfung<\/strong> oder statistische Chargenpr\u00fcfung ohne Produktverschwendung.<\/p>\n<hr data-start=\"3247\" data-end=\"3250\" \/>\n<h2 data-start=\"3252\" data-end=\"3295\">Warum sollten Sie sich f\u00fcr das Cell Instruments MLT-01 entscheiden?<\/h2>\n<p data-start=\"3297\" data-end=\"3461\">F\u00fcr Unternehmen, die eine zuverl\u00e4ssige Lecksuche gem\u00e4\u00df ASTM F2338 w\u00fcnschen, ist das <strong data-start=\"3365\" data-end=\"3410\">Cell Instruments MLT-01 Mikro-Dichtheitspr\u00fcfger\u00e4t<\/strong> ist eine fortschrittliche L\u00f6sung. Die wichtigsten Vorteile sind:<\/p>\n<ul>\n<li data-start=\"3465\" data-end=\"3531\"><strong data-start=\"3465\" data-end=\"3485\">Hohe Empfindlichkeit<\/strong> mit einem Nachweisverm\u00f6gen von bis zu 1-3 \u03bcm.<\/li>\n<li data-start=\"3534\" data-end=\"3601\"><strong data-start=\"3534\" data-end=\"3560\">Flexible Kammergr\u00f6\u00dfen<\/strong> die auf unterschiedliche Verpackungsformen zugeschnitten sind.<\/li>\n<li data-start=\"3604\" data-end=\"3667\"><strong data-start=\"3604\" data-end=\"3629\">PLC- und HMI-Schnittstelle<\/strong> f\u00fcr eine pr\u00e4zise, benutzerfreundliche Steuerung.<\/li>\n<li data-start=\"3670\" data-end=\"3744\"><strong data-start=\"3670\" data-end=\"3697\">Effizienter Pr\u00fcfzyklus<\/strong> mit F\u00fcll-, Absetz- und Messschritten.<\/li>\n<li data-start=\"3747\" data-end=\"3812\"><strong data-start=\"3747\" data-end=\"3782\">Berechnung der effektiven Leckrate<\/strong> f\u00fcr eine genaue Datenanalyse.<\/li>\n<\/ul>\n<p data-start=\"3814\" data-end=\"3965\">Durch die Integration des MLT-01 in die Qualit\u00e4tskontrollprozesse k\u00f6nnen Hersteller das Risiko, dass mangelhafte Verpackungen auf den Markt gelangen, erheblich reduzieren.<\/p>\n<hr data-start=\"3967\" data-end=\"3970\" \/>\n<h2 data-start=\"3972\" data-end=\"4024\">Bedeutung der ASTM F2338 f\u00fcr die Qualit\u00e4tssicherung<\/h2>\n<p data-start=\"4026\" data-end=\"4148\">Die Einhaltung der ASTM F2338 gew\u00e4hrleistet, dass die Verpackungen strenge Sicherheits- und Regulierungsanforderungen erf\u00fcllen. Seine Vorteile umfassen:<\/p>\n<ul>\n<li data-start=\"4152\" data-end=\"4226\"><strong data-start=\"4152\" data-end=\"4177\">Regulatorische Akzeptanz<\/strong> - das Vertrauen der FDA, der EMA und der weltweiten Beh\u00f6rden.<\/li>\n<li data-start=\"4229\" data-end=\"4307\"><strong data-start=\"4229\" data-end=\"4257\">Verbesserte Verbrauchersicherheit<\/strong> - Vermeidung von Kontaminationen und Produktr\u00fcckrufen.<\/li>\n<li data-start=\"4310\" data-end=\"4393\"><strong data-start=\"4310\" data-end=\"4326\">Kosteneinsparungen<\/strong> - Verringerung des Abfalls und Vermeidung von R\u00fccksendungen aufgrund von Verpackungsm\u00e4ngeln.<\/li>\n<li data-start=\"4396\" data-end=\"4494\"><strong data-start=\"4396\" data-end=\"4420\">Prozessoptimierung<\/strong> - die Aufschluss \u00fcber die Dichtungsleistung und die Materialeignung geben.<\/li>\n<\/ul>\n<p data-start=\"4496\" data-end=\"4675\">Kurz gesagt, die \u00dcbernahme der ASTM F2338 und die Verwendung von fortschrittlichen Werkzeugen wie dem MLT-01 erm\u00f6glicht es Unternehmen, ihre <strong data-start=\"4604\" data-end=\"4634\">Qualit\u00e4tssicherungsprogramme<\/strong> unter Einhaltung internationaler Normen.<\/p>\n<hr data-start=\"4677\" data-end=\"4680\" \/>\n<p data-start=\"4699\" data-end=\"5144\"><a href=\"https:\/\/www.astm.org\/f2338-09r20.html\" target=\"_blank\" rel=\"noopener nofollow\"><strong data-start=\"4699\" data-end=\"4713\">ASTM F2338<\/strong><\/a> setzt den Ma\u00dfstab f\u00fcr die zerst\u00f6rungsfreie Dichtheitspr\u00fcfung von Verpackungen durch das <strong data-start=\"4785\" data-end=\"4808\">Vakuum-Abklingmethode<\/strong>. Mit ihrer Pr\u00e4zision und Anpassungsf\u00e4higkeit sch\u00fctzt sie Produkte in Branchen, in denen Sicherheit und Zuverl\u00e4ssigkeit nicht gef\u00e4hrdet werden d\u00fcrfen. Durch den Einsatz eines <strong data-start=\"4949\" data-end=\"4982\">Verpackungs-Vakuum-Zerfallstester<\/strong> wie zum Beispiel die <strong data-start=\"4995\" data-end=\"5022\">Zelle Instrumente MLT-01<\/strong>, erhalten Unternehmen ein leistungsf\u00e4higes Werkzeug, um Mikrolecks zu erkennen, Prozesse zu optimieren und die Einhaltung globaler Standards zu gew\u00e4hrleisten.<\/p>\n<p data-start=\"5146\" data-end=\"5338\">F\u00fcr Hersteller von Verpackungen, medizinischen Ger\u00e4ten, Pharmazeutika und Lebensmitteln ist die Integration der ASTM F2338-Pr\u00fcfung nicht nur eine bew\u00e4hrte Praxis, sondern auch ein wichtiger Schritt zur Sicherung der Qualit\u00e4t und des Vertrauens der Verbraucher.<\/p>\n<h2 data-start=\"155\" data-end=\"192\">H\u00e4ufig gestellte Fragen (FAQ)<\/h2>\n<p data-start=\"194\" data-end=\"455\"><strong data-start=\"194\" data-end=\"229\">1. Wof\u00fcr wird die ASTM F2338 verwendet?<\/strong><br data-start=\"229\" data-end=\"232\" \/>ASTM F2338 ist eine zerst\u00f6rungsfreie Pr\u00fcfmethode, mit der undichte Stellen in Verpackungen aufgesp\u00fcrt werden k\u00f6nnen. Sie wird h\u00e4ufig in der Pharma-, Medizinprodukte-, Lebensmittel- und Elektronikindustrie angewandt, um die Produktintegrit\u00e4t und die Einhaltung von Vorschriften zu gew\u00e4hrleisten.<\/p>\n<p data-start=\"457\" data-end=\"703\"><strong data-start=\"457\" data-end=\"502\">2. Wie funktioniert die Methode des Vakuumzerfalls?<\/strong><br data-start=\"502\" data-end=\"505\" \/>Bei der Vakuumzerfallsmethode wird eine Verpackung in eine versiegelte Pr\u00fcfkammer gelegt, ein Vakuum angelegt und dann der Kammerdruck \u00fcberwacht. Jeder Druckanstieg deutet darauf hin, dass Gas aus der Verpackung durch ein Leck entweicht.<\/p>\n<p data-start=\"705\" data-end=\"934\"><strong data-start=\"705\" data-end=\"760\">3. Kann ASTM F2338 Lecks in por\u00f6sen Verpackungen erkennen?<\/strong><br data-start=\"760\" data-end=\"763\" \/>Ja, ASTM F2338 kann por\u00f6se Barriereverpackungen testen, aber die por\u00f6se Oberfl\u00e4che muss maskiert oder blockiert werden, um falsche Signale zu vermeiden, die durch Gasmigration durch das Material verursacht werden.<\/p>\n<p data-start=\"936\" data-end=\"1222\"><strong data-start=\"936\" data-end=\"1013\">4. Warum wird das Cell Instruments MLT-01 f\u00fcr ASTM F2338-Tests empfohlen?<\/strong><br data-start=\"1013\" data-end=\"1016\" \/>Der MLT-01 bietet eine hohe Empfindlichkeit (bis zu 1-3 \u03bcm), ma\u00dfgeschneiderte Kammern und einen pr\u00e4zisen, SPS-gesteuerten Betrieb, wodurch er selbst kleinste Lecks zuverl\u00e4ssig aufsp\u00fcrt und die ASTM F2338-Normen erf\u00fcllt.<\/p>","protected":false},"excerpt":{"rendered":"<p>ASTM F2338 Vacuum Decay Method Packaging integrity is critical in industries such as pharmaceuticals, medical devices, and food. Even the smallest leak can compromise sterility, reduce shelf life, or lead to product failure. ASTM F2338 is the globally recognized standard that provides a nondestructive method for detecting leaks in various packaging systems. What Is ASTM &hellip;<\/p>\n<p class=\"read-more\"> <a class=\"\" href=\"https:\/\/www.qualitester.com\/de\/standards\/astm-f2338\/\"> <span class=\"screen-reader-text\">ASTM F2338<\/span> Weiterlesen \"<\/a><\/p>","protected":false},"author":4,"featured_media":0,"parent":4948,"menu_order":0,"comment_status":"closed","ping_status":"closed","template":"","meta":{"site-sidebar-layout":"default","site-content-layout":"default","ast-global-header-display":"","ast-main-header-display":"","ast-hfb-above-header-display":"","ast-hfb-below-header-display":"","ast-hfb-mobile-header-display":"","site-post-title":"disabled","ast-breadcrumbs-content":"","ast-featured-img":"","footer-sml-layout":"","theme-transparent-header-meta":"default","adv-header-id-meta":"","stick-header-meta":"","header-above-stick-meta":"","header-main-stick-meta":"","header-below-stick-meta":"","footnotes":""},"class_list":["post-7471","page","type-page","status-publish","hentry"],"_links":{"self":[{"href":"https:\/\/www.qualitester.com\/de\/wp-json\/wp\/v2\/pages\/7471","targetHints":{"allow":["GET"]}}],"collection":[{"href":"https:\/\/www.qualitester.com\/de\/wp-json\/wp\/v2\/pages"}],"about":[{"href":"https:\/\/www.qualitester.com\/de\/wp-json\/wp\/v2\/types\/page"}],"author":[{"embeddable":true,"href":"https:\/\/www.qualitester.com\/de\/wp-json\/wp\/v2\/users\/4"}],"replies":[{"embeddable":true,"href":"https:\/\/www.qualitester.com\/de\/wp-json\/wp\/v2\/comments?post=7471"}],"version-history":[{"count":0,"href":"https:\/\/www.qualitester.com\/de\/wp-json\/wp\/v2\/pages\/7471\/revisions"}],"up":[{"embeddable":true,"href":"https:\/\/www.qualitester.com\/de\/wp-json\/wp\/v2\/pages\/4948"}],"wp:attachment":[{"href":"https:\/\/www.qualitester.com\/de\/wp-json\/wp\/v2\/media?parent=7471"}],"curies":[{"name":"wp","href":"https:\/\/api.w.org\/{rel}","templated":true}]}}