{"id":7464,"date":"2025-09-17T09:01:57","date_gmt":"2025-09-17T01:01:57","guid":{"rendered":"https:\/\/www.qualitester.com\/?page_id=7464"},"modified":"2025-09-17T09:02:08","modified_gmt":"2025-09-17T01:02:08","slug":"hardness-tester-pharmaceutical","status":"publish","type":"page","link":"https:\/\/www.qualitester.com\/de\/applications\/hardness-tester-pharmaceutical\/","title":{"rendered":"H\u00e4rtetester f\u00fcr die pharmazeutische Industrie zur Qualit\u00e4tskontrolle von Arzneimitteln"},"content":{"rendered":"<p data-start=\"369\" data-end=\"808\"><a href=\"https:\/\/www.qualitester.com\/de\/?s=CHT-01\"><img fetchpriority=\"high\" decoding=\"async\" class=\"alignleft wp-image-7468 size-medium\" src=\"https:\/\/www.qualitester.com\/wp-content\/uploads\/2025\/09\/CHT-01-Capsule-and-Softgel-Hardness-Tester-2_\u526f\u672c-300x300.webp\" alt=\"H\u00e4rtepr\u00fcfger\u00e4t pharmazeutisch\" width=\"300\" height=\"300\" srcset=\"\" sizes=\"(max-width: 300px) 100vw, 300px\" data-srcset=\"\" \/><\/a>In der pharmazeutischen und nutrazeutischen Industrie, <strong data-start=\"421\" data-end=\"456\">Produktqualit\u00e4t und -konsistenz<\/strong> sind nicht verhandelbar. A <strong data-start=\"479\" data-end=\"513\">H\u00e4rtepr\u00fcfger\u00e4t pharmazeutisch<\/strong> ist ein wichtiges Instrument, um sicherzustellen, dass Tabletten, Kapseln und Softgels die mechanischen Festigkeitsspezifikationen erf\u00fcllen. Eine ordnungsgem\u00e4\u00dfe H\u00e4rtepr\u00fcfung garantiert, dass die Darreichungsformen w\u00e4hrend der Verpackung, des Transports und der Lagerung unversehrt bleiben und gleichzeitig eine ordnungsgem\u00e4\u00dfe Aufl\u00f6sung f\u00fcr eine effektive Absorption durch den Patienten gew\u00e4hrleistet ist.<\/p>\n<p data-start=\"810\" data-end=\"979\">Die H\u00e4rtepr\u00fcfung spielt eine entscheidende Rolle bei <strong data-start=\"851\" data-end=\"876\">Einhaltung von Rechtsvorschriften<\/strong> und Qualit\u00e4tssicherung, was sich direkt auf die Zuverl\u00e4ssigkeit der Produkte, die Sicherheit der Patienten und den Ruf der Marke auswirkt.<\/p>\n<hr \/>\n<h2 data-start=\"810\" data-end=\"979\">Bedeutung der H\u00e4rtepr\u00fcfung in der Pharmazie<\/h2>\n<p data-start=\"1037\" data-end=\"1360\">Die mechanische Festigkeit von pharmazeutischen Produkten ist ein <strong data-start=\"1093\" data-end=\"1129\">kritisches Qualit\u00e4tsmerkmal (CQA)<\/strong>. Zu weiche Kapseln und Tabletten k\u00f6nnen bei der Handhabung zerbrechen und zu Produktverlusten oder Verunreinigungen f\u00fchren. Umgekehrt k\u00f6nnen zu harte Produkte die Aufl\u00f6sung verz\u00f6gern, was die Bioverf\u00fcgbarkeit verringert und die therapeutische Wirksamkeit beeintr\u00e4chtigt.<\/p>\n<p data-start=\"1362\" data-end=\"1632\">Pharmakop\u00f6e-Normen wie <strong data-start=\"1393\" data-end=\"1429\">USP  Bruchkraft der Tablette<\/strong> Und <strong data-start=\"1434\" data-end=\"1480\">EP 2.9.8 Widerstandsf\u00e4higkeit gegen das Zerdr\u00fccken von Tabletten<\/strong> die Notwendigkeit von H\u00e4rtetests f\u00fcr Kapseln und Softgels zu betonen. Die Einf\u00fchrung einer <strong data-start=\"1567\" data-end=\"1601\">H\u00e4rtepr\u00fcfger\u00e4t pharmazeutisch<\/strong> hilft den Herstellern zu erreichen:<\/p>\n<ul data-start=\"1634\" data-end=\"1944\">\n<li data-start=\"1634\" data-end=\"1732\">\n<p data-start=\"1636\" data-end=\"1732\"><strong data-start=\"1636\" data-end=\"1666\">Konsistenz von Charge zu Charge<\/strong> - Gew\u00e4hrleistet eine einheitliche mechanische Festigkeit f\u00fcr jedes Produktionslos.<\/p>\n<\/li>\n<li data-start=\"1733\" data-end=\"1798\">\n<p data-start=\"1735\" data-end=\"1798\"><strong data-start=\"1735\" data-end=\"1760\">Einhaltung von Vorschriften<\/strong> - Erf\u00fcllt die USP-, EP- und GMP-Normen.<\/p>\n<\/li>\n<li data-start=\"1799\" data-end=\"1873\">\n<p data-start=\"1801\" data-end=\"1873\"><strong data-start=\"1801\" data-end=\"1830\">Verringerung des Produktionsrisikos<\/strong> - Entdeckt M\u00e4ngel vor der Marktfreigabe.<\/p>\n<\/li>\n<li data-start=\"1874\" data-end=\"1944\">\n<p data-start=\"1876\" data-end=\"1944\"><strong data-start=\"1876\" data-end=\"1905\">Vertrauen und Sicherheit der Verbraucher<\/strong> - Garantiert eine zuverl\u00e4ssige Medikamentenabgabe.<\/p>\n<\/li>\n<\/ul>\n<p data-start=\"1946\" data-end=\"2047\">Durch den Einsatz zuverl\u00e4ssiger H\u00e4rtetests k\u00f6nnen Hersteller R\u00fcckrufe minimieren und die Zuverl\u00e4ssigkeit ihrer Produkte verbessern.<\/p>\n<hr \/>\n<h2 data-start=\"1946\" data-end=\"2047\">Weichkapsel-H\u00e4rtetester und Gelatinekapsel-Tester<\/h2>\n<p data-start=\"2106\" data-end=\"2340\">Softgel-Kapseln und Gelatinekapseln haben einzigartige Eigenschaften, die spezielle Testl\u00f6sungen erfordern. <strong data-start=\"2216\" data-end=\"2243\">Weichkapsel-H\u00e4rtetester<\/strong> Und <strong data-start=\"2248\" data-end=\"2274\">Gelatinekapsel-Tester<\/strong> bieten fortschrittliche Funktionen, um diese Unterschiede auszugleichen:<\/p>\n<ul data-start=\"2342\" data-end=\"2679\">\n<li data-start=\"2342\" data-end=\"2535\">\n<p data-start=\"2344\" data-end=\"2535\"><strong data-start=\"2344\" data-end=\"2371\">Weichkapsel-H\u00e4rtetester<\/strong> - Mit einstellbarem Druck und pr\u00e4zisen Greifsystemen, die eine Verformung der Schale verhindern und eine genaue Kraftmessung f\u00fcr \u00f6lgef\u00fcllte oder zerbrechliche Softgels gew\u00e4hrleisten.<\/p>\n<\/li>\n<li data-start=\"2536\" data-end=\"2679\">\n<p data-start=\"2538\" data-end=\"2679\"><strong data-start=\"2538\" data-end=\"2564\">Gelatinekapsel-Tester<\/strong> - Es wurde f\u00fcr starre Gelatineh\u00fcllen entwickelt und bewertet die Wandst\u00e4rke unter Beibehaltung der richtigen Aufl\u00f6sungseigenschaften.<\/p>\n<\/li>\n<\/ul>\n<p data-start=\"2681\" data-end=\"2848\">Diese Instrumente unterst\u00fctzen die Einhaltung von <strong data-start=\"2723\" data-end=\"2730\">GMP<\/strong>, <strong data-start=\"2732\" data-end=\"2743\">ICH Q6A<\/strong>und Pharmakop\u00f6e-Leitlinien, die ein wesentlicher Bestandteil jedes pharmazeutischen Qualit\u00e4tskontrollprogramms sind.<\/p>\n<hr \/>\n<h2 data-start=\"2681\" data-end=\"2848\">Automatisierte H\u00e4rtepr\u00fcfung f\u00fcr mehr Effizienz<\/h2>\n<p data-start=\"2898\" data-end=\"3048\">Mit steigenden Produktionsanforderungen wird die Automatisierung der H\u00e4rtepr\u00fcfung zum Standard. Automatisiert <strong data-start=\"2997\" data-end=\"3031\">H\u00e4rtepr\u00fcfger\u00e4t pharmazeutisch<\/strong> Systeme anbieten:<\/p>\n<ul data-start=\"3050\" data-end=\"3382\">\n<li data-start=\"3050\" data-end=\"3125\">\n<p data-start=\"3052\" data-end=\"3125\"><strong data-start=\"3052\" data-end=\"3073\">Digitale Pr\u00e4zision<\/strong> - Genaue Messungen mit minimalen menschlichen Fehlern.<\/p>\n<\/li>\n<li data-start=\"3126\" data-end=\"3211\">\n<p data-start=\"3128\" data-end=\"3211\"><strong data-start=\"3128\" data-end=\"3147\">Hoher Durchsatz<\/strong> - Testen Sie schnell mehrere Proben, um Produktionslinien zu unterst\u00fctzen.<\/p>\n<\/li>\n<li data-start=\"3212\" data-end=\"3293\">\n<p data-start=\"3214\" data-end=\"3293\"><strong data-start=\"3214\" data-end=\"3234\">Integration von Daten<\/strong> - Sichere Lagerung, R\u00fcckverfolgbarkeit und revisionssichere Aufzeichnungen.<\/p>\n<\/li>\n<li data-start=\"3294\" data-end=\"3382\">\n<p data-start=\"3296\" data-end=\"3382\"><strong data-start=\"3296\" data-end=\"3311\">Vielseitigkeit<\/strong> - Kompatibel mit verschiedenen Kapselgr\u00f6\u00dfen, -formen und -formulierungen.<\/p>\n<\/li>\n<\/ul>\n<p data-start=\"3384\" data-end=\"3540\">Automatisierung verbessert nicht nur die Effizienz, sondern auch die Einhaltung von Vorschriften und unterst\u00fctzt <strong data-start=\"3476\" data-end=\"3498\">FDA 21 CFR Teil 11<\/strong> Anforderungen an die elektronische Buchf\u00fchrung.<\/p>\n<hr \/>\n<h2 data-start=\"3384\" data-end=\"3540\">Einhaltung von Normen und Vorschriften<\/h2>\n<p data-start=\"3584\" data-end=\"3680\">Die H\u00e4rtepr\u00fcfung ist eine <strong data-start=\"3606\" data-end=\"3638\">obligatorische Qualit\u00e4tsbewertung<\/strong> nach mehreren internationalen Normen:<\/p>\n<ul data-start=\"3682\" data-end=\"3983\">\n<li data-start=\"3682\" data-end=\"3786\">\n<p data-start=\"3684\" data-end=\"3786\"><strong data-start=\"3684\" data-end=\"3720\">USP  Bruchkraft der Tablette<\/strong> - Enth\u00e4lt Standardverfahren zur Messung der Bruchfestigkeit.<\/p>\n<\/li>\n<li data-start=\"3787\" data-end=\"3879\">\n<p data-start=\"3789\" data-end=\"3879\"><strong data-start=\"3789\" data-end=\"3835\">EP 2.9.8 Widerstandsf\u00e4higkeit gegen das Zerdr\u00fccken von Tabletten<\/strong> - Gew\u00e4hrleistet eine gleichbleibende mechanische Festigkeit.<\/p>\n<\/li>\n<li data-start=\"3880\" data-end=\"3983\">\n<p data-start=\"3882\" data-end=\"3983\"><strong data-start=\"3882\" data-end=\"3893\">ICH Q6A<\/strong> - Betont die H\u00e4rte als kritisches Qualit\u00e4tsmerkmal bei der Entwicklung von Spezifikationen.<\/p>\n<\/li>\n<\/ul>\n<p data-start=\"3985\" data-end=\"4148\">Die Einhaltung dieser Normen erm\u00f6glicht es den Arzneimittelherstellern, die Erwartungen der nationalen und internationalen Beh\u00f6rden zu erf\u00fcllen und so die Marktakzeptanz sicherzustellen.<\/p>\n<hr \/>\n<h2 data-start=\"3985\" data-end=\"4148\">Warum Cell Instruments H\u00e4rtepr\u00fcfger\u00e4te w\u00e4hlen?<\/h2>\n<p data-start=\"4201\" data-end=\"4391\">Cell Instruments bietet eine umfassende Palette von <strong data-start=\"4250\" data-end=\"4327\">Kapselh\u00e4rtetester, Weichgelh\u00e4rtetester und automatisierte Systeme<\/strong> entwickelt f\u00fcr pharmazeutische Anwendungen. Die Vorteile umfassen:<\/p>\n<ul data-start=\"4393\" data-end=\"4852\">\n<li data-start=\"4393\" data-end=\"4472\">\n<p data-start=\"4395\" data-end=\"4472\"><strong data-start=\"4395\" data-end=\"4421\">Hochpr\u00e4zise Sensoren<\/strong> - Genaue und wiederholbare H\u00e4rtemessungen.<\/p>\n<\/li>\n<li data-start=\"4473\" data-end=\"4572\">\n<p data-start=\"4475\" data-end=\"4572\"><strong data-start=\"4475\" data-end=\"4502\">Benutzerfreundliche Schnittstelle<\/strong> - Vereinfacht den Betrieb in Labors und Produktionsumgebungen.<\/p>\n<\/li>\n<li data-start=\"4573\" data-end=\"4664\">\n<p data-start=\"4575\" data-end=\"4664\"><strong data-start=\"4575\" data-end=\"4596\">Datenkonnektivit\u00e4t<\/strong> - Unterst\u00fctzt die LIMS- und ERP-Integration f\u00fcr eine sichere Datenverwaltung.<\/p>\n<\/li>\n<li data-start=\"4665\" data-end=\"4757\">\n<p data-start=\"4667\" data-end=\"4757\"><strong data-start=\"4667\" data-end=\"4691\">Anpassbare Optionen<\/strong> - Anpassungsf\u00e4hig f\u00fcr spezifische Kapseltypen oder Softgel-Formulierungen.<\/p>\n<\/li>\n<li data-start=\"4758\" data-end=\"4852\">\n<p data-start=\"4760\" data-end=\"4852\"><strong data-start=\"4760\" data-end=\"4790\">Zuverl\u00e4ssige technische Unterst\u00fctzung<\/strong> - Unterst\u00fctzung bei Schulung, Wartung und Anpassung.<\/p>\n<\/li>\n<\/ul>\n<p data-start=\"4854\" data-end=\"4983\">Der Einsatz der L\u00f6sungen von Cell Instruments stellt sicher, dass Pharmaunternehmen die Effizienz, die Einhaltung von Vorschriften und die Produktqualit\u00e4t aufrechterhalten.<\/p>\n<hr \/>\n<h2 data-start=\"4854\" data-end=\"4983\">Anwendungen in der gesamten pharmazeutischen Industrie<\/h2>\n<p data-start=\"5035\" data-end=\"5097\">Der <strong data-start=\"5039\" data-end=\"5073\">H\u00e4rtepr\u00fcfger\u00e4t pharmazeutisch<\/strong> ist weit verbreitet in:<\/p>\n<ul data-start=\"5099\" data-end=\"5454\">\n<li data-start=\"5099\" data-end=\"5186\">\n<p data-start=\"5101\" data-end=\"5186\"><strong data-start=\"5101\" data-end=\"5133\">Pharmazeutische Herstellung<\/strong> - Qualit\u00e4tskontrolle von Tabletten, Kapseln und Softgels.<\/p>\n<\/li>\n<li data-start=\"5187\" data-end=\"5277\">\n<p data-start=\"5189\" data-end=\"5277\"><strong data-start=\"5189\" data-end=\"5230\">Nahrungserg\u00e4nzungsmittel und di\u00e4tetische Pr\u00e4parate<\/strong> - Sicherung der Konsistenz von Weichkapseln und Kapseln.<\/p>\n<\/li>\n<li data-start=\"5278\" data-end=\"5362\">\n<p data-start=\"5280\" data-end=\"5362\"><strong data-start=\"5280\" data-end=\"5321\">Labors f\u00fcr Forschung und Entwicklung<\/strong> - Unterst\u00fctzung der Formulierungsoptimierung.<\/p>\n<\/li>\n<li data-start=\"5363\" data-end=\"5454\">\n<p data-start=\"5365\" data-end=\"5454\"><strong data-start=\"5365\" data-end=\"5396\">Abteilungen f\u00fcr Qualit\u00e4tskontrolle<\/strong> - Sicherstellung der Produktintegrit\u00e4t vor der Markteinf\u00fchrung.<\/p>\n<\/li>\n<\/ul>\n<p data-start=\"5456\" data-end=\"5592\">Zuverl\u00e4ssige H\u00e4rtepr\u00fcfungen verbessern die Entscheidungsfindung, reduzieren den Ausschuss und gew\u00e4hrleisten die Sicherheit der Verbraucher in der Produktion und in der Forschung und Entwicklung.<\/p>\n<hr \/>\n<h2 data-start=\"5456\" data-end=\"5592\">Abschluss<\/h2>\n<p data-start=\"5611\" data-end=\"5858\">A <strong data-start=\"5613\" data-end=\"5647\">H\u00e4rtepr\u00fcfger\u00e4t pharmazeutisch<\/strong> ist unverzichtbar f\u00fcr die Aufrechterhaltung der Arzneimittelqualit\u00e4t, -sicherheit und -konformit\u00e4t. Ganz gleich, ob Tabletten, Gelatinekapseln oder Softgels getestet werden, diese Ger\u00e4te liefern genaue, wiederholbare und den Vorschriften entsprechende Ergebnisse.<\/p>\n<p data-start=\"5860\" data-end=\"6012\">Mit L\u00f6sungen wie dem <strong data-start=\"5884\" data-end=\"5911\">Weichkapsel-H\u00e4rtetester<\/strong> Und <a href=\"https:\/\/www.qualitester.com\/de\/?s=CHT-01\"><strong data-start=\"5916\" data-end=\"5942\">Gelatinekapsel-Tester<\/strong><\/a>Cell Instruments erm\u00f6glicht es Pharmaherstellern, ihre Ziele zu erreichen:<\/p>\n<ul data-start=\"6014\" data-end=\"6155\">\n<li data-start=\"6014\" data-end=\"6044\">\n<p data-start=\"6016\" data-end=\"6044\">Gleichbleibende Produktqualit\u00e4t<\/p>\n<\/li>\n<li data-start=\"6045\" data-end=\"6072\">\n<p data-start=\"6047\" data-end=\"6072\">Erh\u00f6hte Patientensicherheit<\/p>\n<\/li>\n<li data-start=\"6073\" data-end=\"6119\">\n<p data-start=\"6075\" data-end=\"6119\">Einhaltung der USP-, EP- und GMP-Normen<\/p>\n<\/li>\n<li data-start=\"6120\" data-end=\"6155\">\n<p data-start=\"6122\" data-end=\"6155\">Verbesserte betriebliche Effizienz<\/p>\n<\/li>\n<\/ul>\n<p data-start=\"6157\" data-end=\"6349\">Die Investition in ein hochwertiges H\u00e4rtepr\u00fcfger\u00e4t ist eine strategische Entscheidung f\u00fcr Unternehmen, die die <strong data-start=\"6256\" data-end=\"6276\">Markenreputation<\/strong> und liefern <strong data-start=\"6289\" data-end=\"6332\">sichere und wirksame pharmazeutische Produkte<\/strong> auf den Markt zu bringen.<\/p>","protected":false},"excerpt":{"rendered":"<p>In the pharmaceutical and nutraceutical industries, product quality and consistency are non-negotiable. A hardness tester pharmaceutical is a key instrument for ensuring that tablets, capsules, and softgels meet mechanical strength specifications. Proper hardness testing guarantees that dosage forms remain intact during packaging, transport, and storage, while also ensuring proper dissolution for effective patient absorption. Hardness &hellip;<\/p>\n<p class=\"read-more\"> <a class=\"\" href=\"https:\/\/www.qualitester.com\/de\/applications\/hardness-tester-pharmaceutical\/\"> <span class=\"screen-reader-text\">H\u00e4rtetester f\u00fcr die pharmazeutische Industrie zur Qualit\u00e4tskontrolle von Arzneimitteln<\/span> Weiterlesen \"<\/a><\/p>","protected":false},"author":3,"featured_media":0,"parent":6794,"menu_order":0,"comment_status":"closed","ping_status":"closed","template":"","meta":{"site-sidebar-layout":"default","site-content-layout":"default","ast-global-header-display":"","ast-main-header-display":"","ast-hfb-above-header-display":"","ast-hfb-below-header-display":"","ast-hfb-mobile-header-display":"","site-post-title":"","ast-breadcrumbs-content":"","ast-featured-img":"","footer-sml-layout":"","theme-transparent-header-meta":"default","adv-header-id-meta":"","stick-header-meta":"","header-above-stick-meta":"","header-main-stick-meta":"","header-below-stick-meta":"","footnotes":""},"class_list":["post-7464","page","type-page","status-publish","hentry"],"_links":{"self":[{"href":"https:\/\/www.qualitester.com\/de\/wp-json\/wp\/v2\/pages\/7464","targetHints":{"allow":["GET"]}}],"collection":[{"href":"https:\/\/www.qualitester.com\/de\/wp-json\/wp\/v2\/pages"}],"about":[{"href":"https:\/\/www.qualitester.com\/de\/wp-json\/wp\/v2\/types\/page"}],"author":[{"embeddable":true,"href":"https:\/\/www.qualitester.com\/de\/wp-json\/wp\/v2\/users\/3"}],"replies":[{"embeddable":true,"href":"https:\/\/www.qualitester.com\/de\/wp-json\/wp\/v2\/comments?post=7464"}],"version-history":[{"count":0,"href":"https:\/\/www.qualitester.com\/de\/wp-json\/wp\/v2\/pages\/7464\/revisions"}],"up":[{"embeddable":true,"href":"https:\/\/www.qualitester.com\/de\/wp-json\/wp\/v2\/pages\/6794"}],"wp:attachment":[{"href":"https:\/\/www.qualitester.com\/de\/wp-json\/wp\/v2\/media?parent=7464"}],"curies":[{"name":"wp","href":"https:\/\/api.w.org\/{rel}","templated":true}]}}