{"id":6719,"date":"2025-06-30T16:52:31","date_gmt":"2025-06-30T08:52:31","guid":{"rendered":"https:\/\/www.qualitester.com\/?page_id=6719"},"modified":"2025-07-15T15:52:10","modified_gmt":"2025-07-15T07:52:10","slug":"astm-d3420","status":"publish","type":"page","link":"https:\/\/www.qualitester.com\/de\/standards\/astm-d3420\/","title":{"rendered":"PSTC 16"},"content":{"rendered":"<h1 style=\"text-align: center;\" data-start=\"381\" data-end=\"855\">PSTC 16<br \/>\nPr\u00fcfung der Schleifenhaftung von druckempfindlichen B\u00e4ndern und Folien<\/h1>\n<p data-start=\"539\" data-end=\"981\">Der <a href=\"https:\/\/www.qualitester.com\/de\/standards\/astm-d3420\/\" target=\"_blank\" rel=\"noopener\"><strong data-start=\"543\" data-end=\"554\">PSTC 16<\/strong><\/a> Norm spielt eine wichtige Rolle bei der Qualit\u00e4tskontrolle von Klebeprodukten wie Haftklebeb\u00e4ndern, Folien, medizinischen Verb\u00e4nden und industriellen Etiketten. Zu den vielen Parametern, die bei der Bewertung der Klebstoffleistung ber\u00fccksichtigt werden, geh\u00f6ren, <strong data-start=\"767\" data-end=\"780\">Klettverschluss<\/strong>-oder das anf\u00e4ngliche \u201cKleben\u201d bei Kontakt- ist eine der wichtigsten Eigenschaften. Diese Eigenschaft bestimmt, wie gut sich ein Material bei der ersten Ber\u00fchrung verbindet, was sich auf alles auswirkt, vom Benutzererlebnis bis zur Funktionssicherheit.<\/p>\n<p data-start=\"983\" data-end=\"1235\">In diesem Artikel werden wir uns mit den Grundlagen der <strong data-start=\"1036\" data-end=\"1047\">PSTC 16<\/strong>, wie die <strong data-start=\"1057\" data-end=\"1099\">Haftklebeband Schleifenhaftungstest<\/strong> funktioniert, und wie Cell Instruments\u2019 <strong data-start=\"1133\" data-end=\"1153\">Loop Tack Tester<\/strong> bietet genaue, effiziente und gesetzeskonforme L\u00f6sungen f\u00fcr Fachleute in der Branche.<\/p>\n<h2 data-start=\"1095\" data-end=\"1451\">Verst\u00e4ndnis der Schleifenhaftung und ihrer Rolle bei der Klebstoffleistung<\/h2>\n<p data-start=\"1308\" data-end=\"1611\">Die Schlaufennaht ist die <strong data-start=\"1325\" data-end=\"1390\">Spitzenkraft, die zum Trennen eines Haftklebstoffs erforderlich ist<\/strong> (PSA) von einer Testoberfl\u00e4che nach kurzem Kontakt unter minimalem Druck. Im Gegensatz zur Sch\u00e4lhaftung, bei der eine anhaltende Kraft \u00fcber eine bestimmte Distanz gemessen wird, <strong data-start=\"1529\" data-end=\"1542\">Klettverschluss<\/strong> quantifiziert die Soforthaftung. Dies macht es besonders wichtig f\u00fcr:<\/p>\n<ul data-start=\"1613\" data-end=\"1967\">\n<li data-start=\"1613\" data-end=\"1688\">\n<p data-start=\"1615\" data-end=\"1688\"><strong data-start=\"1615\" data-end=\"1638\">Etiketten und Aufkleber<\/strong> Anwendung in automatisierten oder Hochgeschwindigkeitsumgebungen<\/p>\n<\/li>\n<li data-start=\"1689\" data-end=\"1790\">\n<p data-start=\"1691\" data-end=\"1790\"><strong data-start=\"1691\" data-end=\"1712\">Medizinische Klebstoffe<\/strong> wie Wundauflagen und Elektrodenpflaster, bei denen ein zuverl\u00e4ssiger Kontakt unerl\u00e4sslich ist<\/p>\n<\/li>\n<li data-start=\"1791\" data-end=\"1872\">\n<p data-start=\"1793\" data-end=\"1872\"><strong data-start=\"1793\" data-end=\"1825\">Schutz- und Abdeckklebeb\u00e4nder<\/strong> die schnell auf verschiedenen Oberfl\u00e4chen haften m\u00fcssen<\/p>\n<\/li>\n<li data-start=\"1873\" data-end=\"1967\">\n<p data-start=\"1875\" data-end=\"1967\"><strong data-start=\"1875\" data-end=\"1898\">Verpackungsmaterialien<\/strong> die eine feste Anfangshaftung bei minimalem Anpressdruck erfordern<\/p>\n<\/li>\n<\/ul>\n<p data-start=\"1969\" data-end=\"2145\">Durch die Beurteilung der Schleifenhaftigkeit mit <strong data-start=\"1998\" data-end=\"2009\">PSTC 16<\/strong>, erhalten Hersteller klare, quantitative Einblicke in die Reaktionsf\u00e4higkeit von Klebstoffen - eine wichtige Voraussetzung f\u00fcr die Optimierung von Rezepturen und Prozesseinstellungen.<\/p>\n<h2 data-start=\"2075\" data-end=\"2354\">Schleifenhaftung, Schleifenhaftungstest f\u00fcr druckempfindliches Klebeband und PSTC 16<\/h2>\n<p data-start=\"2220\" data-end=\"2378\">Der <strong data-start=\"2224\" data-end=\"2266\">Haftklebeband Schleifenhaftungstest<\/strong> definiert in <strong data-start=\"2278\" data-end=\"2289\">PSTC 16<\/strong> bietet ein wiederholbares, kontrolliertes Verfahren zur Bewertung der Klebrigkeit. Das Verfahren umfasst:<\/p>\n<ol data-start=\"2380\" data-end=\"2933\">\n<li data-start=\"2380\" data-end=\"2524\">\n<p data-start=\"2383\" data-end=\"2524\"><strong data-start=\"2383\" data-end=\"2405\">Probenvorbereitung<\/strong>: Ein Klebebandstreifen (typischerweise 25 mm \u00d7 175 mm oder 125 mm) wird mit dem Kleber nach au\u00dfen zu einer Schlaufe geformt.<\/p>\n<\/li>\n<li data-start=\"2525\" data-end=\"2656\">\n<p data-start=\"2528\" data-end=\"2656\"><strong data-start=\"2528\" data-end=\"2545\">Kontakt Phase<\/strong>: Die Schleife wird allein durch die Schwerkraft vorsichtig auf eine genormte Pr\u00fcfplatte (in der Regel poliertes Floatglas) abgesenkt.<\/p>\n<\/li>\n<li data-start=\"2657\" data-end=\"2761\">\n<p data-start=\"2660\" data-end=\"2761\"><strong data-start=\"2660\" data-end=\"2680\">Trennungsphase<\/strong>: Die Platte oder Schleife wird mit kontrollierter Geschwindigkeit (z. B. 300 mm\/min) vertikal bewegt.<\/p>\n<\/li>\n<li data-start=\"2762\" data-end=\"2933\">\n<p data-start=\"2765\" data-end=\"2933\"><strong data-start=\"2765\" data-end=\"2780\">Messung<\/strong>: Der Pr\u00fcfer erfasst die <strong data-start=\"2805\" data-end=\"2834\">maximale Kraft (Spitzenlast)<\/strong> um die Trennung einzuleiten. Dies ist die <strong data-start=\"2878\" data-end=\"2897\">Schleifenheftwert<\/strong>, in der Regel in Newton (N) angegeben.<\/p>\n<\/li>\n<\/ol>\n<p data-start=\"2935\" data-end=\"3058\">Diese Methode simuliert die realen Anwendungsbedingungen und stellt sicher, dass die Klebstoffe die Erwartungen der Kunden und der Beh\u00f6rden erf\u00fcllen.<\/p>\n<h2 data-start=\"2539\" data-end=\"2603\">Einhaltung der Normen: PSTC 16, ASTM D6195 und FINAT FTM 9<img fetchpriority=\"high\" decoding=\"async\" class=\"alignright wp-image-6974 size-medium\" src=\"https:\/\/www.qualitester.com\/wp-content\/uploads\/2025\/07\/4.LTT-01-Loop-Tack-Tester-3_11zon-300x300.webp\" alt=\"Der Loop Tack Tester von Cell Instruments liefert genaue und wiederholbare Tests in voller \u00dcbereinstimmung mit PSTC 16 und verwandten Methoden\" width=\"300\" height=\"300\" srcset=\"https:\/\/www.qualitester.com\/wp-content\/uploads\/2025\/07\/4.LTT-01-Loop-Tack-Tester-3_11zon-300x300.webp 300w, https:\/\/www.qualitester.com\/wp-content\/uploads\/2025\/07\/4.LTT-01-Loop-Tack-Tester-3_11zon-1024x1024.webp 1024w, https:\/\/www.qualitester.com\/wp-content\/uploads\/2025\/07\/4.LTT-01-Loop-Tack-Tester-3_11zon-150x150.webp 150w, https:\/\/www.qualitester.com\/wp-content\/uploads\/2025\/07\/4.LTT-01-Loop-Tack-Tester-3_11zon-768x768.webp 768w, https:\/\/www.qualitester.com\/wp-content\/uploads\/2025\/07\/4.LTT-01-Loop-Tack-Tester-3_11zon-12x12.webp 12w, https:\/\/www.qualitester.com\/wp-content\/uploads\/2025\/07\/4.LTT-01-Loop-Tack-Tester-3_11zon-600x600.webp 600w, https:\/\/www.qualitester.com\/wp-content\/uploads\/2025\/07\/4.LTT-01-Loop-Tack-Tester-3_11zon-100x100.webp 100w, https:\/\/www.qualitester.com\/wp-content\/uploads\/2025\/07\/4.LTT-01-Loop-Tack-Tester-3_11zon.webp 1080w\" sizes=\"(max-width: 300px) 100vw, 300px\" \/><\/h2>\n<p data-start=\"3129\" data-end=\"3242\">W\u00e4hrend <strong data-start=\"3135\" data-end=\"3146\">PSTC 16<\/strong> ist in Nordamerika weit verbreitet, bei internationalen Pr\u00fcfungen kann auf verwandte Normen wie z. B. die folgenden verwiesen werden:<\/p>\n<ul data-start=\"3244\" data-end=\"3376\">\n<li data-start=\"3244\" data-end=\"3313\">\n<p data-start=\"3246\" data-end=\"3313\"><strong data-start=\"3246\" data-end=\"3260\">ASTM D6195<\/strong> - Die Pr\u00fcfmethode C entspricht weitgehend den Verfahren des PSTC 16.<\/p>\n<\/li>\n<li data-start=\"3314\" data-end=\"3376\">\n<p data-start=\"3316\" data-end=\"3376\"><strong data-start=\"3316\" data-end=\"3331\">FINAT FTM 9<\/strong> - Ein europ\u00e4isches Pendant f\u00fcr die Tack-Bewertung<\/p>\n<\/li>\n<\/ul>\n<p data-start=\"3378\" data-end=\"3672\">Unabh\u00e4ngig von der Norm bleibt das Grundprinzip gleich: <strong data-start=\"3445\" data-end=\"3521\">die sofortige Haftfestigkeit von Haftklebstoffen zu quantifizieren<\/strong> unter definierten Bedingungen. F\u00fcr die Hersteller gew\u00e4hrleistet die Pr\u00fcfung nach diesen Methoden die Kompatibilit\u00e4t mit globalen Kunden und Aufsichtsbeh\u00f6rden.<\/p>\n<div class=\"ast-oembed-container\" style=\"height: 100%;\"><iframe title=\"Schleifenhaftungstest gem\u00e4\u00df ASTM D6195, PSTC-16, FINAT Nr. 9.\" width=\"500\" height=\"281\" src=\"https:\/\/www.youtube.com\/embed\/L1HbDnq-LxQ?feature=oembed\" frameborder=\"0\" allow=\"accelerometer; autoplay; clipboard-write; encrypted-media; gyroscope; picture-in-picture; web-share\" referrerpolicy=\"strict-origin-when-cross-origin\" allowfullscreen><\/iframe><\/div>\n<h2 data-start=\"3720\" data-end=\"3976\">Cell Instruments\u2019 Schleifen-Tack-Tester: Pr\u00e4zision trifft auf Einfachheit<\/h2>\n<p data-start=\"3747\" data-end=\"3917\">Der <strong data-start=\"3751\" data-end=\"3771\">Loop Tack Tester<\/strong> von <strong data-start=\"3777\" data-end=\"3797\">Zellinstrumente<\/strong> liefert genaue und wiederholbare Tests in voller \u00dcbereinstimmung mit <strong data-start=\"3863\" data-end=\"3874\">PSTC 16<\/strong> und verwandte Methoden. Die wichtigsten Merkmale sind:<\/p>\n<ul data-start=\"3919\" data-end=\"4427\">\n<li data-start=\"3919\" data-end=\"4003\">\n<p data-start=\"3921\" data-end=\"4003\"><strong data-start=\"3921\" data-end=\"3977\">PLC-Steuerung in Industriequalit\u00e4t mit 7-Zoll-Touchscreen<\/strong> f\u00fcr intuitive Bedienung<\/p>\n<\/li>\n<li data-start=\"4004\" data-end=\"4093\">\n<p data-start=\"4006\" data-end=\"4093\"><strong data-start=\"4006\" data-end=\"4059\">Anpassbare Geschwindigkeit, Verweilzeit und Hubl\u00e4nge<\/strong> f\u00fcr volle verfahrenstechnische Flexibilit\u00e4t<\/p>\n<\/li>\n<li data-start=\"4094\" data-end=\"4188\">\n<p data-start=\"4096\" data-end=\"4188\"><strong data-start=\"4096\" data-end=\"4128\">Hochaufl\u00f6sende Lastsensoren<\/strong> die in der Lage sind, geringf\u00fcgige Schwankungen der Schleifenhaftkraft zu erkennen<\/p>\n<\/li>\n<li data-start=\"4189\" data-end=\"4266\">\n<p data-start=\"4191\" data-end=\"4266\"><strong data-start=\"4191\" data-end=\"4230\">Standardisierte Floatglas-Testplatte<\/strong> f\u00fcr wiederholbare Kontaktbedingungen<\/p>\n<\/li>\n<li data-start=\"4267\" data-end=\"4348\">\n<p data-start=\"4269\" data-end=\"4348\"><strong data-start=\"4269\" data-end=\"4305\">Mikrodrucker und RS232-Datenanschluss<\/strong> f\u00fcr sofortige Pr\u00fcfberichte und Datenexport<\/p>\n<\/li>\n<li data-start=\"4349\" data-end=\"4427\">\n<p data-start=\"4351\" data-end=\"4427\"><strong data-start=\"4351\" data-end=\"4379\">Kraftanzeige mit mehreren Einheiten<\/strong> (N, gf, kgf, lbf) zur Erf\u00fcllung regionaler Anforderungen<\/p>\n<\/li>\n<\/ul>\n<p data-start=\"4429\" data-end=\"4596\">Ob die Pr\u00fcfung <strong data-start=\"4445\" data-end=\"4458\">PSA-B\u00e4nder<\/strong>, <strong data-start=\"4460\" data-end=\"4481\">medizinische Klebstoffe<\/strong>, oder <strong data-start=\"4486\" data-end=\"4508\">Beschriftungsmaterialien<\/strong>, Das System von Cell Instruments unterst\u00fctzt m\u00fchelos Auswertungen auf F&amp;E-, QC- und Produktionsebene.<\/p>\n<h2 data-start=\"4238\" data-end=\"4279\">Abschluss<\/h2>\n<p data-start=\"4619\" data-end=\"4961\">Pr\u00fcfung auf <a href=\"https:\/\/www.qualitester.com\/de\/standards\/astm-d3420\/\" target=\"_blank\" rel=\"noopener\"><strong data-start=\"4630\" data-end=\"4641\">PSTC 16<\/strong> <\/a>Normen ist eine wesentliche Voraussetzung f\u00fcr die Validierung der <strong data-start=\"4684\" data-end=\"4697\">Klettverschluss<\/strong> von druckempfindlichen Klebstoffen, die in Klebeb\u00e4ndern, Etiketten, medizinischen Verb\u00e4nden und industriellen Laminaten verwendet werden. Die Website <strong data-start=\"4802\" data-end=\"4844\">Haftklebeband Schleifenhaftungstest<\/strong> liefert wichtige Daten \u00fcber die anf\u00e4ngliche Haftfestigkeit und unterst\u00fctzt damit sowohl die Leistungsoptimierung als auch die Einhaltung von Vorschriften.<\/p>\n<p data-start=\"4963\" data-end=\"5153\">F\u00fcr Labore und Produktionsumgebungen, die Genauigkeit, Effizienz und Wiederholbarkeit suchen, bietet Cell Instruments\u2019 <strong data-start=\"5075\" data-end=\"5095\">Loop Tack Tester<\/strong> bietet eine fortschrittliche L\u00f6sung, die auf die Bed\u00fcrfnisse der Praxis zugeschnitten ist.<\/p>\n<p data-start=\"4770\" data-end=\"5262\">Verstehen und anwenden <strong data-start=\"4814\" data-end=\"4828\">ASTM D3420<\/strong> stellt sicher, dass Ihre Verpackungs- und Folienmaterialien die Leistungserwartungen bei dynamischer Beanspruchung erf\u00fcllen. Durch die Verwendung eines <strong data-start=\"4939\" data-end=\"4970\">Folienpendelschlagwerk<\/strong>-besonders eine wie die <strong data-start=\"4995\" data-end=\"5022\">Zelle Instrumente PIT-01<\/strong>-k\u00f6nnen Sie die Qualit\u00e4tskontrolle standardisieren, die Fehlerquote bei Produkten verringern und internationale Spezifikationen einhalten. Ganz gleich, ob Sie neue Folien entwickeln oder Chargenpr\u00fcfungen durchf\u00fchren, die ASTM D3420 bleibt ein unverzichtbares Werkzeug in Ihrem Pr\u00fcfarsenal.<\/p>\n<h2 data-start=\"5269\" data-end=\"5318\">FAQs<\/h2>\n<p data-start=\"5170\" data-end=\"5333\"><strong data-start=\"5170\" data-end=\"5193\">1. Was ist PSTC 16?<\/strong><br data-start=\"5193\" data-end=\"5196\" \/>PSTC 16 ist eine Standardmethode zur Messung der Anfangsklebrigkeit oder Haftfestigkeit von Haftklebstoffen mit Hilfe eines Loop-Tack-Tests.<\/p>\n<p data-start=\"5335\" data-end=\"5539\"><strong data-start=\"5335\" data-end=\"5369\">2. Warum ist die Schleifenbildung wichtig?<\/strong><br data-start=\"5369\" data-end=\"5372\" \/>Die Schlaufenklebrigkeit spiegelt die F\u00e4higkeit des Klebstoffs wider, bei Kontakt sofort zu kleben, was f\u00fcr die Leistung bei schnelllebigen Anwendungen wie Etikettierung und medizinisches Taping entscheidend ist.<\/p>\n<p data-start=\"5541\" data-end=\"5695\"><strong data-start=\"5541\" data-end=\"5601\">3. Welche Materialien k\u00f6nnen mit einem Schlaufenhaftungspr\u00fcfger\u00e4t gepr\u00fcft werden?<\/strong><br data-start=\"5601\" data-end=\"5604\" \/>Selbstklebende B\u00e4nder, Etiketten, Folien, medizinische Klebstoffe, Schutzlaminate und mehr.<\/p>\n<p data-start=\"5697\" data-end=\"5900\"><strong data-start=\"5697\" data-end=\"5769\">4. Wie gew\u00e4hrleistet der Cell Instruments Loop Tack Tester die Einhaltung der Vorschriften?<\/strong><br data-start=\"5769\" data-end=\"5772\" \/>Es verwendet standardisierte Oberfl\u00e4chen, einstellbare Parameter und pr\u00e4zise Sensoren, die alle mit den PSTC 16-, ASTM- und FINAT-Normen \u00fcbereinstimmen.<\/p>\n<p data-start=\"5902\" data-end=\"6074\"><strong data-start=\"5902\" data-end=\"5965\">5. Kann dieses Pr\u00fcfger\u00e4t sowohl in F&amp;E- als auch in QC-Umgebungen eingesetzt werden?<\/strong><br data-start=\"5965\" data-end=\"5968\" \/>Ja, es ist f\u00fcr vielseitige Anwendungen konzipiert, von der Rezepturentwicklung bis zur Qualit\u00e4tskontrolle in der Produktion.<\/p>","protected":false},"excerpt":{"rendered":"<p>PSTC 16 Loop Tack Testing of Pressure Sensitive Tapes and Films The PSTC 16 standard plays a vital role in quality control for adhesive products such as pressure-sensitive tapes, films, medical dressings, and industrial labels. Among the many parameters assessed in adhesive performance, loop tack\u2014or the initial \u201cstick\u201d upon contact\u2014is one of the most critical. &hellip;<\/p>\n<p class=\"read-more\"> <a class=\"\" href=\"https:\/\/www.qualitester.com\/de\/standards\/astm-d3420\/\"> <span class=\"screen-reader-text\">PSTC 16<\/span> Weiterlesen \"<\/a><\/p>","protected":false},"author":4,"featured_media":6974,"parent":4948,"menu_order":0,"comment_status":"closed","ping_status":"closed","template":"","meta":{"site-sidebar-layout":"default","site-content-layout":"default","ast-global-header-display":"","ast-main-header-display":"","ast-hfb-above-header-display":"","ast-hfb-below-header-display":"","ast-hfb-mobile-header-display":"","site-post-title":"disabled","ast-breadcrumbs-content":"","ast-featured-img":"disabled","footer-sml-layout":"","theme-transparent-header-meta":"default","adv-header-id-meta":"","stick-header-meta":"","header-above-stick-meta":"","header-main-stick-meta":"","header-below-stick-meta":"","footnotes":""},"class_list":["post-6719","page","type-page","status-publish","has-post-thumbnail","hentry"],"_links":{"self":[{"href":"https:\/\/www.qualitester.com\/de\/wp-json\/wp\/v2\/pages\/6719","targetHints":{"allow":["GET"]}}],"collection":[{"href":"https:\/\/www.qualitester.com\/de\/wp-json\/wp\/v2\/pages"}],"about":[{"href":"https:\/\/www.qualitester.com\/de\/wp-json\/wp\/v2\/types\/page"}],"author":[{"embeddable":true,"href":"https:\/\/www.qualitester.com\/de\/wp-json\/wp\/v2\/users\/4"}],"replies":[{"embeddable":true,"href":"https:\/\/www.qualitester.com\/de\/wp-json\/wp\/v2\/comments?post=6719"}],"version-history":[{"count":0,"href":"https:\/\/www.qualitester.com\/de\/wp-json\/wp\/v2\/pages\/6719\/revisions"}],"up":[{"embeddable":true,"href":"https:\/\/www.qualitester.com\/de\/wp-json\/wp\/v2\/pages\/4948"}],"wp:featuredmedia":[{"embeddable":true,"href":"https:\/\/www.qualitester.com\/de\/wp-json\/wp\/v2\/media\/6974"}],"wp:attachment":[{"href":"https:\/\/www.qualitester.com\/de\/wp-json\/wp\/v2\/media?parent=6719"}],"curies":[{"name":"wp","href":"https:\/\/api.w.org\/{rel}","templated":true}]}}