{"id":6648,"date":"2025-05-09T11:42:03","date_gmt":"2025-05-09T03:42:03","guid":{"rendered":"https:\/\/www.qualitester.com\/?page_id=6648"},"modified":"2025-11-13T09:38:29","modified_gmt":"2025-11-13T01:38:29","slug":"iso-7886-1","status":"publish","type":"page","link":"https:\/\/www.qualitester.com\/de\/standards\/iso-7886-1\/","title":{"rendered":"ISO 7886-1"},"content":{"rendered":"<h1 style=\"text-align: center;\" data-start=\"370\" data-end=\"882\"><small>ISO 7886-1<\/small><\/h1>\n<h1 style=\"text-align: center;\" data-start=\"370\" data-end=\"882\"><small>Test mit subkutaner Spritze<\/small><\/h1>\n<p class=\"\" data-start=\"370\" data-end=\"882\">Der <strong data-start=\"349\" data-end=\"363\">ISO 7886-1<\/strong> Norm definiert die Leistungs- und Sicherheitsanforderungen f\u00fcr <em data-start=\"425\" data-end=\"446\">Injektionsspritzen<\/em> die f\u00fcr den einmaligen Gebrauch bestimmt sind, mit Schwerpunkt auf Aspekten wie <em data-start=\"497\" data-end=\"514\">Auslaufsicherheit<\/em>, <em data-start=\"516\" data-end=\"528\">ungenutzter Raum<\/em>, Und <em data-start=\"534\" data-end=\"547\">Gleitkraft<\/em>. Hersteller und Qualit\u00e4tssicherungs-Teams m\u00fcssen die in der ISO 7886-1 beschriebenen Pr\u00fcfverfahren verstehen, um die Konformit\u00e4t der Produkte und die Sicherheit der Patienten zu gew\u00e4hrleisten.<\/p>\n<p class=\"\" data-start=\"1369\" data-end=\"1391\">ISO 7886-1 gilt f\u00fcr:<\/p>\n<ul data-start=\"1393\" data-end=\"1559\">\n<li class=\"\" data-start=\"1393\" data-end=\"1438\">\n<p class=\"\" data-start=\"1395\" data-end=\"1438\">Sterile Spritzen aus Kunststoffmaterialien.<\/p>\n<\/li>\n<li class=\"\" data-start=\"1439\" data-end=\"1523\">\n<p class=\"\" data-start=\"1441\" data-end=\"1523\">Spritzen, die mit Injektionsnadeln f\u00fcr die subkutane oder intramuskul\u00e4re Injektion verwendet werden.<\/p>\n<\/li>\n<li class=\"\" data-start=\"1524\" data-end=\"1559\">\n<p class=\"\" data-start=\"1526\" data-end=\"1559\">Spritzen f\u00fcr den einmaligen Gebrauch.<\/p>\n<\/li>\n<\/ul>\n<p class=\"\" data-start=\"1561\" data-end=\"1706\">Diese Norm enth\u00e4lt <strong data-start=\"1580\" data-end=\"1593\">nicht zutreffend<\/strong> f\u00fcr Spritzen f\u00fcr Insulin (nach ISO 8537), f\u00fcr zahn\u00e4rztliche Zwecke (nach ISO 7885) oder f\u00fcr Spritzen f\u00fcr Infusionspumpen.<\/p>\n<hr class=\"\" data-start=\"884\" data-end=\"887\" \/>\n<h2 class=\"\" data-start=\"912\" data-end=\"952\">ISO 7886 Pr\u00fcfungen und ihre Bedeutung<\/h2>\n<p class=\"\" data-start=\"954\" data-end=\"1117\"><strong data-start=\"954\" data-end=\"968\">ISO 7886-1<\/strong> konzentriert sich auf Leistungsanforderungen und Pr\u00fcfverfahren f\u00fcr <em data-start=\"1026\" data-end=\"1047\">Injektionsspritzen<\/em>, insbesondere solche, die mit oder ohne Nadeln verwendet werden. Diese Tests gew\u00e4hrleisten:<\/p>\n<h3 class=\"\" data-start=\"1861\" data-end=\"1895\">1. <strong data-start=\"1868\" data-end=\"1895\">Entwurf und Konstruktion<\/strong><\/h3>\n<ul data-start=\"1896\" data-end=\"2054\">\n<li class=\"\" data-start=\"1896\" data-end=\"1951\">\n<p class=\"\" data-start=\"1898\" data-end=\"1951\">Transparentes Fass zur visuellen Kontrolle des Inhalts.<\/p>\n<\/li>\n<li class=\"\" data-start=\"1952\" data-end=\"1997\">\n<p class=\"\" data-start=\"1954\" data-end=\"1997\">Skala mit permanenter Tinte aufgedruckt.<\/p>\n<\/li>\n<li class=\"\" data-start=\"1998\" data-end=\"2054\">\n<p class=\"\" data-start=\"2000\" data-end=\"2054\">Sicherer Sitz des Kolbens, um ein Auslaufen oder Verrutschen zu verhindern.<\/p>\n<\/li>\n<\/ul>\n<h3 class=\"\" data-start=\"2056\" data-end=\"2082\">2. <strong data-start=\"2063\" data-end=\"2082\">Volumen-Genauigkeit<\/strong><\/h3>\n<ul data-start=\"2083\" data-end=\"2260\">\n<li class=\"\" data-start=\"2083\" data-end=\"2192\">\n<p class=\"\" data-start=\"2085\" data-end=\"2192\">Das tats\u00e4chlich gelieferte Volumen muss mit dem auf dem Fass angegebenen Nennvolumen innerhalb der angegebenen Toleranzen \u00fcbereinstimmen.<\/p>\n<\/li>\n<li class=\"\" data-start=\"2193\" data-end=\"2260\">\n<p class=\"\" data-start=\"2195\" data-end=\"2260\">Die Genauigkeit wird bei 10%, 50% und 100% der Nennkapazit\u00e4t getestet.<\/p>\n<\/li>\n<\/ul>\n<h3 class=\"\" data-start=\"2262\" data-end=\"2286\">3. <strong data-start=\"2269\" data-end=\"2286\">Leckage-Tests<\/strong><\/h3>\n<ul data-start=\"2287\" data-end=\"2457\">\n<li class=\"\" data-start=\"2287\" data-end=\"2384\">\n<p class=\"\" data-start=\"2289\" data-end=\"2384\"><strong data-start=\"2289\" data-end=\"2304\">Luftaustritt<\/strong> Und <strong data-start=\"2309\" data-end=\"2327\">Fl\u00fcssigkeitsaustritt<\/strong> werden unter definierten Druck- und Volumenbedingungen getestet.<\/p>\n<\/li>\n<li class=\"\" data-start=\"2385\" data-end=\"2457\">\n<p class=\"\" data-start=\"2387\" data-end=\"2457\">Es darf keine sichtbare Leckage aus dem Fass oder zwischen den Komponenten auftreten.<\/p>\n<\/li>\n<\/ul>\n<h3 class=\"\" data-start=\"2459\" data-end=\"2480\">4. <strong data-start=\"2466\" data-end=\"2480\">Toter Raum<\/strong><\/h3>\n<ul data-start=\"2481\" data-end=\"2614\">\n<li class=\"\" data-start=\"2481\" data-end=\"2614\">\n<p class=\"\" data-start=\"2483\" data-end=\"2614\">Das nach vollst\u00e4ndigem Niederdr\u00fccken des Kolbens in der Spritze verbleibende Volumen darf den angegebenen H\u00f6chstwert nicht \u00fcberschreiten (in der Regel \u2264 0,07 mL).<\/p>\n<\/li>\n<\/ul>\n<h3 class=\"\" data-start=\"2616\" data-end=\"2643\">5. <strong data-start=\"2623\" data-end=\"2643\">St\u00f6\u00dfel Funktion<\/strong><\/h3>\n<ul data-start=\"2644\" data-end=\"2782\">\n<li class=\"\" data-start=\"2644\" data-end=\"2708\">\n<p class=\"\" data-start=\"2646\" data-end=\"2708\">Der Kolben sollte sich leichtg\u00e4ngig bewegen, ohne zu kleben oder zu rutschen.<\/p>\n<\/li>\n<li class=\"\" data-start=\"2709\" data-end=\"2782\">\n<p class=\"\" data-start=\"2711\" data-end=\"2782\">Unter normalem Betriebsdruck darf es keine Leckagen oder Abl\u00f6sungen geben.<\/p>\n<\/li>\n<\/ul>\n<h3 class=\"\" data-start=\"2784\" data-end=\"2827\">6. <strong data-start=\"2791\" data-end=\"2827\">Bruchkraft und Trennungskraft<\/strong><\/h3>\n<ul data-start=\"2828\" data-end=\"2945\">\n<li class=\"\" data-start=\"2828\" data-end=\"2945\">\n<p class=\"\" data-start=\"2830\" data-end=\"2945\">Die maximale Kraft, die erforderlich ist, um den St\u00f6\u00dfel zu brechen oder die Komponenten zu trennen, sollte die Sicherheitsschwellen nicht unterschreiten.<\/p>\n<\/li>\n<\/ul>\n<h3 class=\"\" data-start=\"2947\" data-end=\"2974\">7. <strong data-start=\"2954\" data-end=\"2974\">Biokompatibilit\u00e4t<\/strong><\/h3>\n<ul data-start=\"2975\" data-end=\"3080\">\n<li class=\"\" data-start=\"2975\" data-end=\"3080\">\n<p class=\"\" data-start=\"2977\" data-end=\"3080\">Materialien, die mit dem Arzneimittel oder der Injektionsstelle in Ber\u00fchrung kommen, m\u00fcssen die Biokompatibilit\u00e4tstests der ISO 10993-Serie bestehen.<\/p>\n<\/li>\n<\/ul>\n<p class=\"\" data-start=\"1313\" data-end=\"1462\">Mit jedem Test l\u00e4sst sich feststellen, ob eine Spritze sicher, zuverl\u00e4ssig und leistungsf\u00e4hig ist.<\/p>\n<hr class=\"\" data-start=\"1766\" data-end=\"1769\" \/>\n<h2 class=\"\" data-start=\"1568\" data-end=\"1616\">Pr\u00fcfverfahren f\u00fcr Injektionsspritzen in ISO 7886-1<\/h2>\n<h3 class=\"\" data-start=\"1618\" data-end=\"1673\">1. Dichtheitspr\u00fcfung von Injektionsspritzen unter Vakuum (Anhang B)<img fetchpriority=\"high\" decoding=\"async\" class=\"wp-image-6651 alignright\" src=\"https:\/\/www.qualitester.com\/wp-content\/uploads\/2025\/05\/ISO-7886-1-Annex-B.webp\" alt=\"ISO 7886-1 Anhang B\" width=\"398\" height=\"327\" srcset=\"https:\/\/www.qualitester.com\/wp-content\/uploads\/2025\/05\/ISO-7886-1-Annex-B.webp 694w, https:\/\/www.qualitester.com\/wp-content\/uploads\/2025\/05\/ISO-7886-1-Annex-B-300x246.webp 300w, https:\/\/www.qualitester.com\/wp-content\/uploads\/2025\/05\/ISO-7886-1-Annex-B-15x12.webp 15w, https:\/\/www.qualitester.com\/wp-content\/uploads\/2025\/05\/ISO-7886-1-Annex-B-600x493.webp 600w\" sizes=\"(max-width: 398px) 100vw, 398px\" \/><\/h3>\n<p class=\"\" data-start=\"1675\" data-end=\"1866\">Um Verunreinigungen oder das Eindringen von Luft zu vermeiden, muss die Leckage am Kolbenstopfen unter Unterdruck gepr\u00fcft werden. Diese <strong data-start=\"1793\" data-end=\"1825\">Dichtheitspr\u00fcfung von Injektionsspritzen<\/strong> ist f\u00fcr die \u00dcberpr\u00fcfung der Luftdichtheit unerl\u00e4sslich.<\/p>\n<ul data-start=\"1868\" data-end=\"2062\">\n<li class=\"\" data-start=\"1868\" data-end=\"1979\">\n<p class=\"\" data-start=\"1870\" data-end=\"1979\"><strong data-start=\"1870\" data-end=\"1881\">Methode:<\/strong> F\u00fcllen Sie die Spritze mit Wasser (mindestens 25% Fassungsverm\u00f6gen), klemmen Sie den Kolben fest und legen Sie ein Vakuum von -88 kPa an.<\/p>\n<\/li>\n<li class=\"\" data-start=\"1980\" data-end=\"2062\">\n<p class=\"\" data-start=\"1982\" data-end=\"2062\"><strong data-start=\"1982\" data-end=\"1998\">Beobachtung:<\/strong> Pr\u00fcfen Sie, ob Luftlecks vorhanden sind oder sich der Kolbenstopfen gel\u00f6st hat.<\/p>\n<\/li>\n<\/ul>\n<p class=\"\" data-start=\"2064\" data-end=\"2229\"><strong data-start=\"2064\" data-end=\"2090\">Empfohlene Ausr\u00fcstung:<\/strong><br data-start=\"2090\" data-end=\"2093\" \/>Zellinstrumente <strong data-start=\"2111\" data-end=\"2141\">SLT-02 <a href=\"https:\/\/www.qualitester.com\/de\/produkt-2\/syringe-air-leakage-tester-iso-7886-1\/\">Spritzen-Leck-Tester<\/a><\/strong> bietet eine pr\u00e4zise Vakuumkontrolle und automatische Ablesungen, die die Einhaltung von Anhang B gew\u00e4hrleisten.<\/p>\n<hr class=\"\" data-start=\"2231\" data-end=\"2234\" \/>\n<h3 class=\"\" data-start=\"2236\" data-end=\"2303\">2. Pr\u00fcfung der Fl\u00fcssigkeitsleckage von Injektionsspritzen unter Druck (Anhang D)<\/h3>\n<p class=\"\" data-start=\"2305\" data-end=\"2418\">Der <strong data-start=\"2309\" data-end=\"2348\">Fl\u00fcssigkeitslecktest f\u00fcr Injektionsspritzen<\/strong> pr\u00fcft die Integrit\u00e4t der Spritze bei axialer und lateraler mechanischer Belastung.<\/p>\n<ul data-start=\"2420\" data-end=\"2647\">\n<li class=\"\" data-start=\"2420\" data-end=\"2565\">\n<p class=\"\" data-start=\"2422\" data-end=\"2565\"><strong data-start=\"2422\" data-end=\"2433\">Methode:<\/strong> Nach dem Verschlie\u00dfen der D\u00fcse wird eine seitliche Kraft ausge\u00fcbt, um den Kolben auszulenken, gefolgt von einer axialen Kompression, um die Bedienung durch den Benutzer zu simulieren.<\/p>\n<\/li>\n<li class=\"\" data-start=\"2566\" data-end=\"2647\">\n<p class=\"\" data-start=\"2568\" data-end=\"2647\"><strong data-start=\"2568\" data-end=\"2584\">Beobachtung:<\/strong> \u00dcberwachen Sie bei einem Druck von 200 kPa und 300 kPa auf Fl\u00fcssigkeitsleckagen.<\/p>\n<\/li>\n<\/ul>\n<p class=\"\" data-start=\"2649\" data-end=\"2835\"><strong data-start=\"2649\" data-end=\"2675\">Empfohlene Ausr\u00fcstung:<\/strong><br data-start=\"2675\" data-end=\"2678\" \/>Verwenden Sie <strong data-start=\"2682\" data-end=\"2728\">SPPT-01 <a href=\"https:\/\/www.qualitester.com\/de\/produkt-2\/syringe-liquid-leakage-tester\/\">Spritzen-\u00dcberdruck-Dichtheitspr\u00fcfger\u00e4t<\/a><\/strong>\u00a0von Cell Instruments zur Anwendung kontrollierter mechanischer Kr\u00e4fte und zur \u00dcberwachung der Unversehrtheit der Dichtung.<\/p>\n<hr class=\"\" data-start=\"2837\" data-end=\"2840\" \/>\n<h3 data-start=\"2842\" data-end=\"2907\">3. Spritzen-Totraum-Test: Minimierung von Medikamentenabf\u00e4llen (Anhang C)<\/h3>\n<p class=\"\" data-start=\"2909\" data-end=\"3067\">Als Totraum bezeichnet man das Fl\u00fcssigkeitsvolumen, das nach dem vollst\u00e4ndigen Aussto\u00dfen in der Spritze verbleibt. Ein hoher Totraum kann zu Arzneimittelverschwendung und ungenauer Dosierung f\u00fchren.<\/p>\n<ul data-start=\"3069\" data-end=\"3238\">\n<li class=\"\" data-start=\"3069\" data-end=\"3162\">\n<p class=\"\" data-start=\"3071\" data-end=\"3162\"><strong data-start=\"3071\" data-end=\"3082\">Methode:<\/strong> Wiegen Sie die leere Spritze und dann die gef\u00fcllte und entleerte Spritze.<\/p>\n<\/li>\n<li class=\"\" data-start=\"3163\" data-end=\"3238\">\n<p class=\"\" data-start=\"3165\" data-end=\"3238\"><strong data-start=\"3165\" data-end=\"3181\">Berechnung:<\/strong> Der Gewichtsunterschied zeigt an <strong data-start=\"3217\" data-end=\"3231\">ungenutzter Raum<\/strong> in mL.<\/p>\n<\/li>\n<\/ul>\n<hr class=\"\" data-start=\"3437\" data-end=\"3440\" \/>\n<h3 data-start=\"3442\" data-end=\"3490\">4. Gleitkraftpr\u00fcfung f\u00fcr Spritzenkolben (Anhang E)<img decoding=\"async\" class=\"wp-image-6652 alignright\" src=\"https:\/\/www.qualitester.com\/wp-content\/uploads\/2025\/05\/ISO-7886-1-Annex-E.webp\" alt=\"ISO 7886-1 Anhang E\" width=\"272\" height=\"358\" srcset=\"https:\/\/www.qualitester.com\/wp-content\/uploads\/2025\/05\/ISO-7886-1-Annex-E.webp 546w, https:\/\/www.qualitester.com\/wp-content\/uploads\/2025\/05\/ISO-7886-1-Annex-E-228x300.webp 228w, https:\/\/www.qualitester.com\/wp-content\/uploads\/2025\/05\/ISO-7886-1-Annex-E-9x12.webp 9w\" sizes=\"(max-width: 272px) 100vw, 272px\" \/><\/h3>\n<p class=\"\" data-start=\"3492\" data-end=\"3683\">Eine reibungslose Kolbenbewegung ist entscheidend f\u00fcr den Benutzerkomfort und eine pr\u00e4zise Dosierungskontrolle. Die <strong data-start=\"3576\" data-end=\"3596\">Gleitkrafttest<\/strong> misst die Kraft, die erforderlich ist, um den Kolben gleichm\u00e4\u00dfig \u00fcber den gesamten Hub zu bewegen.<\/p>\n<ul data-start=\"3685\" data-end=\"3873\">\n<li class=\"\" data-start=\"3685\" data-end=\"3798\">\n<p class=\"\" data-start=\"3687\" data-end=\"3798\"><strong data-start=\"3687\" data-end=\"3698\">Methode:<\/strong> Eine mechanische Pr\u00fcfmaschine dr\u00fcckt den Kolben mit einer festen Geschwindigkeit ein und zeichnet den Widerstand in Echtzeit auf.<\/p>\n<\/li>\n<li class=\"\" data-start=\"3799\" data-end=\"3873\">\n<p class=\"\" data-start=\"3801\" data-end=\"3873\"><strong data-start=\"3801\" data-end=\"3813\">Zweck:<\/strong> \u00dcberpr\u00fcft die Verwendbarkeit und die Konsistenz der Spritzen \u00fcber alle Chargen hinweg.<\/p>\n<\/li>\n<\/ul>\n<p class=\"\" data-start=\"3875\" data-end=\"4084\"><strong data-start=\"3875\" data-end=\"3901\">Empfohlene Ausr\u00fcstung:<\/strong><br data-start=\"3901\" data-end=\"3904\" \/><strong data-start=\"3904\" data-end=\"3958\">Zelle Instrumente MST-01 <a href=\"https:\/\/www.qualitester.com\/de\/produkt-2\/sale-syringe-plunger-glide-force-tester\/\">Medizinischer Spritzentester<\/a><\/strong>\u00a0ist ideal f\u00fcr <strong data-start=\"3972\" data-end=\"3992\">Gleitkrafttest<\/strong> Anwendungen. Es zeichnet Kraftprofile auf und entspricht den Genauigkeitsanforderungen der ISO 7886-1.<\/p>\n<hr class=\"\" data-start=\"4086\" data-end=\"4089\" \/>\n<h2 class=\"\" data-start=\"4091\" data-end=\"4143\">Warum Cell Instruments f\u00fcr ISO 7886-Pr\u00fcfungen w\u00e4hlen?<\/h2>\n<p class=\"\" data-start=\"4145\" data-end=\"4312\">Cell Instruments bietet ein komplettes Paket von Spritzenpr\u00fcfungsl\u00f6sungen an, um Herstellern zu helfen, die folgenden Anforderungen zu erf\u00fcllen und zu \u00fcbertreffen <strong data-start=\"4253\" data-end=\"4267\">ISO 7886-1<\/strong> Anforderungen. Unsere Ger\u00e4te sind konzipiert f\u00fcr:<\/p>\n<ul data-start=\"4313\" data-end=\"4476\">\n<li class=\"\" data-start=\"4313\" data-end=\"4344\">\n<p class=\"\" data-start=\"4315\" data-end=\"4344\">Hohe Pr\u00e4zision und Automatisierung<\/p>\n<\/li>\n<li class=\"\" data-start=\"4345\" data-end=\"4386\">\n<p class=\"\" data-start=\"4347\" data-end=\"4386\">Einhaltung der internationalen Normen<\/p>\n<\/li>\n<li class=\"\" data-start=\"4387\" data-end=\"4422\">\n<p class=\"\" data-start=\"4389\" data-end=\"4422\">Einfache Bedienung und Datenaufzeichnung<\/p>\n<\/li>\n<li class=\"\" data-start=\"4423\" data-end=\"4476\">\n<p class=\"\" data-start=\"4425\" data-end=\"4476\">Flexible Anpassung an spezifische Testaufbauten<\/p>\n<\/li>\n<\/ul>\n<p class=\"\" data-start=\"4478\" data-end=\"4682\">Ganz gleich, ob Sie das Produktdesign validieren oder Batch-Release-Tests verwalten, <strong data-start=\"4554\" data-end=\"4564\">SLT-01<\/strong>, <strong data-start=\"4566\" data-end=\"4577\">SPPT-01<\/strong>, Und <strong data-start=\"4583\" data-end=\"4593\">MST-01<\/strong> liefern zuverl\u00e4ssige und wiederholbare Ergebnisse, die auf die Bed\u00fcrfnisse der Medizinprodukteindustrie zugeschnitten sind.<\/p>\n<hr class=\"\" data-start=\"4684\" data-end=\"4687\" \/>\n<p class=\"\" data-start=\"4704\" data-end=\"5183\">Die Einhaltung von <a href=\"https:\/\/www.iso.org\/standard\/64790.html\" target=\"_blank\" rel=\"noopener nofollow\"><strong data-start=\"4730\" data-end=\"4744\">ISO 7886-1<\/strong><\/a> ist nicht nur eine regulatorische H\u00fcrde, sondern auch eine Verpflichtung zu Qualit\u00e4t und Patientensicherheit. Durch das Verst\u00e4ndnis und die Durchf\u00fchrung wichtiger Tests wie dem <strong data-start=\"4885\" data-end=\"4912\">Test mit Injektionsspritze<\/strong>, <strong data-start=\"4914\" data-end=\"4927\">Dichtheitspr\u00fcfung<\/strong>, <strong data-start=\"4929\" data-end=\"4956\">Spritzen-Totraum-Test<\/strong>, Und <strong data-start=\"4962\" data-end=\"4982\">Gleitkrafttest<\/strong>, k\u00f6nnen Hersteller ihre Produkte mit Zuversicht auf den Markt bringen. R\u00fcsten Sie Ihr Labor mit den fortschrittlichen Testger\u00e4ten von Cell Instruments aus, um die Tests zu rationalisieren und die Genauigkeit in allen Phasen der Spritzenproduktion zu gew\u00e4hrleisten.<\/p>\n<p class=\"\" data-start=\"5185\" data-end=\"5296\"><strong data-start=\"5185\" data-end=\"5296\">F\u00fcr technische Beratung, Ger\u00e4teauswahl oder kundenspezifische L\u00f6sungen wenden Sie sich bitte noch heute an Cell Instruments.<\/strong><\/p>","protected":false},"excerpt":{"rendered":"<p>ISO 7886-1 Hypodermic Syringe Test The ISO 7886-1 standard defines the performance and safety requirements for hypodermic syringes intended for single use, emphasizing aspects like leak resistance, dead space, and glide force. Manufacturers and quality assurance teams must understand the testing procedures outlined in ISO 7886-1 to ensure product compliance and patient safety. ISO 7886-1 &hellip;<\/p>\n<p class=\"read-more\"> <a class=\"\" href=\"https:\/\/www.qualitester.com\/de\/standards\/iso-7886-1\/\"> <span class=\"screen-reader-text\">ISO 7886-1<\/span> Weiterlesen \"<\/a><\/p>","protected":false},"author":4,"featured_media":0,"parent":4948,"menu_order":0,"comment_status":"closed","ping_status":"closed","template":"","meta":{"site-sidebar-layout":"default","site-content-layout":"default","ast-global-header-display":"","ast-main-header-display":"","ast-hfb-above-header-display":"","ast-hfb-below-header-display":"","ast-hfb-mobile-header-display":"","site-post-title":"disabled","ast-breadcrumbs-content":"","ast-featured-img":"disabled","footer-sml-layout":"","theme-transparent-header-meta":"default","adv-header-id-meta":"","stick-header-meta":"","header-above-stick-meta":"","header-main-stick-meta":"","header-below-stick-meta":"","footnotes":""},"class_list":["post-6648","page","type-page","status-publish","hentry"],"_links":{"self":[{"href":"https:\/\/www.qualitester.com\/de\/wp-json\/wp\/v2\/pages\/6648","targetHints":{"allow":["GET"]}}],"collection":[{"href":"https:\/\/www.qualitester.com\/de\/wp-json\/wp\/v2\/pages"}],"about":[{"href":"https:\/\/www.qualitester.com\/de\/wp-json\/wp\/v2\/types\/page"}],"author":[{"embeddable":true,"href":"https:\/\/www.qualitester.com\/de\/wp-json\/wp\/v2\/users\/4"}],"replies":[{"embeddable":true,"href":"https:\/\/www.qualitester.com\/de\/wp-json\/wp\/v2\/comments?post=6648"}],"version-history":[{"count":0,"href":"https:\/\/www.qualitester.com\/de\/wp-json\/wp\/v2\/pages\/6648\/revisions"}],"up":[{"embeddable":true,"href":"https:\/\/www.qualitester.com\/de\/wp-json\/wp\/v2\/pages\/4948"}],"wp:attachment":[{"href":"https:\/\/www.qualitester.com\/de\/wp-json\/wp\/v2\/media?parent=6648"}],"curies":[{"name":"wp","href":"https:\/\/api.w.org\/{rel}","templated":true}]}}